{"id":9820,"date":"2025-03-27T15:45:15","date_gmt":"2025-03-27T14:45:15","guid":{"rendered":"https:\/\/www.acetaiamarchi.com\/prodotto\/duetto-huile-dolive-extra-vierge-100-italienne-250ml-vinaigre-balsamique-de-modene-igp-platinum-seal-250ml\/"},"modified":"2026-01-13T18:27:38","modified_gmt":"2026-01-13T17:27:38","slug":"coffret-duetto-huile-dolive-extra-vierge-et-vinaigre-balsamique-de-modene-igp-sceau-platine","status":"publish","type":"product","link":"https:\/\/www.acetaiamarchi.com\/fr\/produit\/coffret-duetto-huile-dolive-extra-vierge-et-vinaigre-balsamique-de-modene-igp-sceau-platine\/","title":{"rendered":"Coffret \u00ab\u00a0Duetto\u00a0\u00bb &#8211; Huile d&rsquo;Olive Extra Vierge et Vinaigre Balsamique de Mod\u00e8ne IGP Sceau Platine"},"content":{"rendered":"<p>L\u2019Huile d\u2019Olive Extra Vierge que nous proposons est r\u00e9alis\u00e9e avec des olives 100 % italiennes, elle est tr\u00e8s parfum\u00e9e et poss\u00e8de une saveur intense et enveloppante. En anticipant la r\u00e9colte des olives, on peut obtenir une huile caract\u00e9ris\u00e9e par des notes d\u2019amande et de fruits rouges, des touches d\u2019herbe fra\u00eechement coup\u00e9e et de feuilles d\u2019olivier. L\u2019amertume et le piquant sont les nuances de saveur les plus prononc\u00e9es de ce produit. Cependant, elles sont en parfait \u00e9quilibre entre elles et offrent ainsi une Huile d\u2019Olive Extra Vierge capable de conqu\u00e9rir tous les palais.<\/p>\n<p>Au go\u00fbt rond et structurellement complexe, notre Vinaigre Balsamique de Mod\u00e8ne IGP Sigillo Platino pr\u00e9sente des notes tanniques tr\u00e8s persistantes. Il a une couleur noire intense et brillante, un parfum marqu\u00e9, d\u00e9licat et d\u00e9finitivement appr\u00e9ciable. Il se r\u00e9v\u00e8le un ingr\u00e9dient indispensable en cuisine, justement parce qu\u2019il se pr\u00eate parfaitement aussi \u00e0 la r\u00e9alisation de recettes plus raffin\u00e9es et complexes.<br \/>\nLes parfums persistants et les saveurs prononc\u00e9es qui caract\u00e9risent ce Vinaigre Balsamique de Mod\u00e8ne IGP naissent du vieillissement prolong\u00e9 en f\u00fbts de ch\u00eane. Nos f\u00fbts en bois pr\u00e9cieux ne sont jamais compl\u00e8tement vid\u00e9s : cela nous permet de cr\u00e9er un cercle continu d\u2019ar\u00f4mes et de valoriser nos produits avec des caract\u00e9ristiques extraordinaires.<\/p>\n","protected":false},"excerpt":{"rendered":"<p>Coffret cadeau contenant :<\/p>\n<ul>\n<li>Huile d&rsquo;olive extra vierge 100 % italienne<\/li>\n<li>Vinaigre balsamique de Mod\u00e8ne IGP Sceau Platine<\/li>\n<\/ul>\n","protected":false},"featured_media":2537,"template":"","meta":[],"product_brand":[],"product_cat":[512],"product_tag":[],"class_list":{"0":"post-9820","1":"product","2":"type-product","3":"status-publish","4":"has-post-thumbnail","6":"product_cat-coffrets-cadeaux","8":"first","9":"instock","10":"featured","11":"shipping-taxable","12":"purchasable","13":"product-type-simple"},"yoast_head":"<!-- This site is optimized with the Yoast SEO plugin v27.3 - https:\/\/yoast.com\/product\/yoast-seo-wordpress\/ -->\n<title>Confezione Olio Extravergine e Aceto Balsamico di Modena IGP<\/title>\n<meta name=\"description\" content=\"Elegante confezione regalo contenente Olio extravergine d&#039;Oliva 100% Italiano e Aceto Balsmaico di Modena IGP sigillo platino\" \/>\n<meta name=\"robots\" content=\"index, follow, max-snippet:-1, max-image-preview:large, max-video-preview:-1\" \/>\n<link rel=\"canonical\" href=\"https:\/\/www.acetaiamarchi.com\/fr\/produit\/coffret-duetto-huile-dolive-extra-vierge-et-vinaigre-balsamique-de-modene-igp-sceau-platine\/\" \/>\n<meta property=\"og:locale\" content=\"fr_FR\" \/>\n<meta property=\"og:type\" content=\"article\" \/>\n<meta property=\"og:title\" content=\"Confezione Olio Extravergine e Aceto Balsamico di Modena IGP\" \/>\n<meta property=\"og:description\" content=\"Elegante confezione regalo contenente Olio extravergine d&#039;Oliva 100% Italiano e Aceto Balsmaico di Modena IGP sigillo platino\" \/>\n<meta property=\"og:url\" content=\"https:\/\/www.acetaiamarchi.com\/fr\/produit\/coffret-duetto-huile-dolive-extra-vierge-et-vinaigre-balsamique-de-modene-igp-sceau-platine\/\" \/>\n<meta property=\"og:site_name\" content=\"Acetaia Marchi\" \/>\n<meta property=\"article:modified_time\" content=\"2026-01-13T17:27:38+00:00\" \/>\n<meta property=\"og:image\" content=\"https:\/\/www.acetaiamarchi.com\/wp-content\/uploads\/2025\/03\/Confezione-regalo-Duetto-Olio-Extravergine-acetoo-Balsamico-IGP-Platino.jpg\" \/>\n\t<meta property=\"og:image:width\" content=\"1600\" \/>\n\t<meta property=\"og:image:height\" content=\"1600\" \/>\n\t<meta property=\"og:image:type\" content=\"image\/jpeg\" \/>\n<meta name=\"twitter:card\" content=\"summary_large_image\" \/>\n<meta name=\"twitter:label1\" content=\"Dur\u00e9e de lecture estim\u00e9e\" \/>\n\t<meta name=\"twitter:data1\" content=\"1 minute\" \/>\n<script type=\"application\/ld+json\" class=\"yoast-schema-graph\">{\"@context\":\"https:\\\/\\\/schema.org\",\"@graph\":[{\"@type\":\"WebPage\",\"@id\":\"https:\\\/\\\/www.acetaiamarchi.com\\\/fr\\\/produit\\\/coffret-duetto-huile-dolive-extra-vierge-et-vinaigre-balsamique-de-modene-igp-sceau-platine\\\/\",\"url\":\"https:\\\/\\\/www.acetaiamarchi.com\\\/fr\\\/produit\\\/coffret-duetto-huile-dolive-extra-vierge-et-vinaigre-balsamique-de-modene-igp-sceau-platine\\\/\",\"name\":\"Confezione Olio Extravergine e Aceto Balsamico di Modena IGP\",\"isPartOf\":{\"@id\":\"https:\\\/\\\/www.acetaiamarchi.com\\\/fr\\\/#website\"},\"primaryImageOfPage\":{\"@id\":\"https:\\\/\\\/www.acetaiamarchi.com\\\/fr\\\/produit\\\/coffret-duetto-huile-dolive-extra-vierge-et-vinaigre-balsamique-de-modene-igp-sceau-platine\\\/#primaryimage\"},\"image\":{\"@id\":\"https:\\\/\\\/www.acetaiamarchi.com\\\/fr\\\/produit\\\/coffret-duetto-huile-dolive-extra-vierge-et-vinaigre-balsamique-de-modene-igp-sceau-platine\\\/#primaryimage\"},\"thumbnailUrl\":\"https:\\\/\\\/www.acetaiamarchi.com\\\/wp-content\\\/uploads\\\/2025\\\/03\\\/Confezione-regalo-Duetto-Olio-Extravergine-acetoo-Balsamico-IGP-Platino.jpg\",\"datePublished\":\"2025-03-27T14:45:15+00:00\",\"dateModified\":\"2026-01-13T17:27:38+00:00\",\"description\":\"Elegante confezione regalo contenente Olio extravergine d'Oliva 100% Italiano e Aceto Balsmaico di Modena IGP sigillo platino\",\"breadcrumb\":{\"@id\":\"https:\\\/\\\/www.acetaiamarchi.com\\\/fr\\\/produit\\\/coffret-duetto-huile-dolive-extra-vierge-et-vinaigre-balsamique-de-modene-igp-sceau-platine\\\/#breadcrumb\"},\"inLanguage\":\"fr-FR\",\"potentialAction\":[{\"@type\":\"ReadAction\",\"target\":[\"https:\\\/\\\/www.acetaiamarchi.com\\\/fr\\\/produit\\\/coffret-duetto-huile-dolive-extra-vierge-et-vinaigre-balsamique-de-modene-igp-sceau-platine\\\/\"]}]},{\"@type\":\"ImageObject\",\"inLanguage\":\"fr-FR\",\"@id\":\"https:\\\/\\\/www.acetaiamarchi.com\\\/fr\\\/produit\\\/coffret-duetto-huile-dolive-extra-vierge-et-vinaigre-balsamique-de-modene-igp-sceau-platine\\\/#primaryimage\",\"url\":\"https:\\\/\\\/www.acetaiamarchi.com\\\/wp-content\\\/uploads\\\/2025\\\/03\\\/Confezione-regalo-Duetto-Olio-Extravergine-acetoo-Balsamico-IGP-Platino.jpg\",\"contentUrl\":\"https:\\\/\\\/www.acetaiamarchi.com\\\/wp-content\\\/uploads\\\/2025\\\/03\\\/Confezione-regalo-Duetto-Olio-Extravergine-acetoo-Balsamico-IGP-Platino.jpg\",\"width\":1600,\"height\":1600,\"caption\":\"Confezione regalo \\\"Duetto\\\" Olio Extravergine di Oliva 100% Italiano, 250ml + Aceto Balsamico di Modena IGP Sigillo Platino, 250ml\"},{\"@type\":\"BreadcrumbList\",\"@id\":\"https:\\\/\\\/www.acetaiamarchi.com\\\/fr\\\/produit\\\/coffret-duetto-huile-dolive-extra-vierge-et-vinaigre-balsamique-de-modene-igp-sceau-platine\\\/#breadcrumb\",\"itemListElement\":[{\"@type\":\"ListItem\",\"position\":1,\"name\":\"Home\",\"item\":\"https:\\\/\\\/www.acetaiamarchi.com\\\/fr\\\/\"},{\"@type\":\"ListItem\",\"position\":2,\"name\":\"Produits\",\"item\":\"https:\\\/\\\/www.acetaiamarchi.com\\\/fr\\\/shop\\\/\"},{\"@type\":\"ListItem\",\"position\":3,\"name\":\"Coffret &#8220;Duetto&#8221; &#8211; Huile d&#8217;Olive Extra Vierge et Vinaigre Balsamique de Mod\u00e8ne IGP Sceau Platine\"}]},{\"@type\":\"WebSite\",\"@id\":\"https:\\\/\\\/www.acetaiamarchi.com\\\/fr\\\/#website\",\"url\":\"https:\\\/\\\/www.acetaiamarchi.com\\\/fr\\\/\",\"name\":\"Acetaia Marchi Srl\",\"description\":\"\",\"publisher\":{\"@id\":\"https:\\\/\\\/www.acetaiamarchi.com\\\/fr\\\/#organization\"},\"potentialAction\":[{\"@type\":\"SearchAction\",\"target\":{\"@type\":\"EntryPoint\",\"urlTemplate\":\"https:\\\/\\\/www.acetaiamarchi.com\\\/fr\\\/?s={search_term_string}\"},\"query-input\":{\"@type\":\"PropertyValueSpecification\",\"valueRequired\":true,\"valueName\":\"search_term_string\"}}],\"inLanguage\":\"fr-FR\"},{\"@type\":\"Organization\",\"@id\":\"https:\\\/\\\/www.acetaiamarchi.com\\\/fr\\\/#organization\",\"name\":\"Acetaia Marchi Srl\",\"url\":\"https:\\\/\\\/www.acetaiamarchi.com\\\/fr\\\/\",\"logo\":{\"@type\":\"ImageObject\",\"inLanguage\":\"fr-FR\",\"@id\":\"https:\\\/\\\/www.acetaiamarchi.com\\\/fr\\\/#\\\/schema\\\/logo\\\/image\\\/\",\"url\":\"https:\\\/\\\/acetaiamarchi.com\\\/wp-content\\\/uploads\\\/2025\\\/03\\\/Acetaia-Marchi-Srl-Logo.png\",\"contentUrl\":\"https:\\\/\\\/acetaiamarchi.com\\\/wp-content\\\/uploads\\\/2025\\\/03\\\/Acetaia-Marchi-Srl-Logo.png\",\"width\":2000,\"height\":2000,\"caption\":\"Acetaia Marchi Srl\"},\"image\":{\"@id\":\"https:\\\/\\\/www.acetaiamarchi.com\\\/fr\\\/#\\\/schema\\\/logo\\\/image\\\/\"}}]}<\/script>\n<!-- \/ Yoast SEO plugin. -->","yoast_head_json":{"title":"Confezione Olio Extravergine e Aceto Balsamico di Modena IGP","description":"Elegante confezione regalo contenente Olio extravergine d'Oliva 100% Italiano e Aceto Balsmaico di Modena IGP sigillo platino","robots":{"index":"index","follow":"follow","max-snippet":"max-snippet:-1","max-image-preview":"max-image-preview:large","max-video-preview":"max-video-preview:-1"},"canonical":"https:\/\/www.acetaiamarchi.com\/fr\/produit\/coffret-duetto-huile-dolive-extra-vierge-et-vinaigre-balsamique-de-modene-igp-sceau-platine\/","og_locale":"fr_FR","og_type":"article","og_title":"Confezione Olio Extravergine e Aceto Balsamico di Modena IGP","og_description":"Elegante confezione regalo contenente Olio extravergine d'Oliva 100% Italiano e Aceto Balsmaico di Modena IGP sigillo platino","og_url":"https:\/\/www.acetaiamarchi.com\/fr\/produit\/coffret-duetto-huile-dolive-extra-vierge-et-vinaigre-balsamique-de-modene-igp-sceau-platine\/","og_site_name":"Acetaia Marchi","article_modified_time":"2026-01-13T17:27:38+00:00","og_image":[{"width":1600,"height":1600,"url":"https:\/\/www.acetaiamarchi.com\/wp-content\/uploads\/2025\/03\/Confezione-regalo-Duetto-Olio-Extravergine-acetoo-Balsamico-IGP-Platino.jpg","type":"image\/jpeg"}],"twitter_card":"summary_large_image","twitter_misc":{"Dur\u00e9e de lecture estim\u00e9e":"1 minute"},"schema":{"@context":"https:\/\/schema.org","@graph":[{"@type":"WebPage","@id":"https:\/\/www.acetaiamarchi.com\/fr\/produit\/coffret-duetto-huile-dolive-extra-vierge-et-vinaigre-balsamique-de-modene-igp-sceau-platine\/","url":"https:\/\/www.acetaiamarchi.com\/fr\/produit\/coffret-duetto-huile-dolive-extra-vierge-et-vinaigre-balsamique-de-modene-igp-sceau-platine\/","name":"Confezione Olio Extravergine e Aceto Balsamico di Modena IGP","isPartOf":{"@id":"https:\/\/www.acetaiamarchi.com\/fr\/#website"},"primaryImageOfPage":{"@id":"https:\/\/www.acetaiamarchi.com\/fr\/produit\/coffret-duetto-huile-dolive-extra-vierge-et-vinaigre-balsamique-de-modene-igp-sceau-platine\/#primaryimage"},"image":{"@id":"https:\/\/www.acetaiamarchi.com\/fr\/produit\/coffret-duetto-huile-dolive-extra-vierge-et-vinaigre-balsamique-de-modene-igp-sceau-platine\/#primaryimage"},"thumbnailUrl":"https:\/\/www.acetaiamarchi.com\/wp-content\/uploads\/2025\/03\/Confezione-regalo-Duetto-Olio-Extravergine-acetoo-Balsamico-IGP-Platino.jpg","datePublished":"2025-03-27T14:45:15+00:00","dateModified":"2026-01-13T17:27:38+00:00","description":"Elegante confezione regalo contenente Olio extravergine d'Oliva 100% Italiano e Aceto Balsmaico di Modena IGP sigillo platino","breadcrumb":{"@id":"https:\/\/www.acetaiamarchi.com\/fr\/produit\/coffret-duetto-huile-dolive-extra-vierge-et-vinaigre-balsamique-de-modene-igp-sceau-platine\/#breadcrumb"},"inLanguage":"fr-FR","potentialAction":[{"@type":"ReadAction","target":["https:\/\/www.acetaiamarchi.com\/fr\/produit\/coffret-duetto-huile-dolive-extra-vierge-et-vinaigre-balsamique-de-modene-igp-sceau-platine\/"]}]},{"@type":"ImageObject","inLanguage":"fr-FR","@id":"https:\/\/www.acetaiamarchi.com\/fr\/produit\/coffret-duetto-huile-dolive-extra-vierge-et-vinaigre-balsamique-de-modene-igp-sceau-platine\/#primaryimage","url":"https:\/\/www.acetaiamarchi.com\/wp-content\/uploads\/2025\/03\/Confezione-regalo-Duetto-Olio-Extravergine-acetoo-Balsamico-IGP-Platino.jpg","contentUrl":"https:\/\/www.acetaiamarchi.com\/wp-content\/uploads\/2025\/03\/Confezione-regalo-Duetto-Olio-Extravergine-acetoo-Balsamico-IGP-Platino.jpg","width":1600,"height":1600,"caption":"Confezione regalo \"Duetto\" Olio Extravergine di Oliva 100% Italiano, 250ml + Aceto Balsamico di Modena IGP Sigillo Platino, 250ml"},{"@type":"BreadcrumbList","@id":"https:\/\/www.acetaiamarchi.com\/fr\/produit\/coffret-duetto-huile-dolive-extra-vierge-et-vinaigre-balsamique-de-modene-igp-sceau-platine\/#breadcrumb","itemListElement":[{"@type":"ListItem","position":1,"name":"Home","item":"https:\/\/www.acetaiamarchi.com\/fr\/"},{"@type":"ListItem","position":2,"name":"Produits","item":"https:\/\/www.acetaiamarchi.com\/fr\/shop\/"},{"@type":"ListItem","position":3,"name":"Coffret &#8220;Duetto&#8221; &#8211; Huile d&#8217;Olive Extra Vierge et Vinaigre Balsamique de Mod\u00e8ne IGP Sceau Platine"}]},{"@type":"WebSite","@id":"https:\/\/www.acetaiamarchi.com\/fr\/#website","url":"https:\/\/www.acetaiamarchi.com\/fr\/","name":"Acetaia Marchi Srl","description":"","publisher":{"@id":"https:\/\/www.acetaiamarchi.com\/fr\/#organization"},"potentialAction":[{"@type":"SearchAction","target":{"@type":"EntryPoint","urlTemplate":"https:\/\/www.acetaiamarchi.com\/fr\/?s={search_term_string}"},"query-input":{"@type":"PropertyValueSpecification","valueRequired":true,"valueName":"search_term_string"}}],"inLanguage":"fr-FR"},{"@type":"Organization","@id":"https:\/\/www.acetaiamarchi.com\/fr\/#organization","name":"Acetaia Marchi Srl","url":"https:\/\/www.acetaiamarchi.com\/fr\/","logo":{"@type":"ImageObject","inLanguage":"fr-FR","@id":"https:\/\/www.acetaiamarchi.com\/fr\/#\/schema\/logo\/image\/","url":"https:\/\/acetaiamarchi.com\/wp-content\/uploads\/2025\/03\/Acetaia-Marchi-Srl-Logo.png","contentUrl":"https:\/\/acetaiamarchi.com\/wp-content\/uploads\/2025\/03\/Acetaia-Marchi-Srl-Logo.png","width":2000,"height":2000,"caption":"Acetaia Marchi Srl"},"image":{"@id":"https:\/\/www.acetaiamarchi.com\/fr\/#\/schema\/logo\/image\/"}}]}},"_links":{"self":[{"href":"https:\/\/www.acetaiamarchi.com\/fr\/wp-json\/wp\/v2\/product\/9820","targetHints":{"allow":["GET"]}}],"collection":[{"href":"https:\/\/www.acetaiamarchi.com\/fr\/wp-json\/wp\/v2\/product"}],"about":[{"href":"https:\/\/www.acetaiamarchi.com\/fr\/wp-json\/wp\/v2\/types\/product"}],"version-history":[{"count":4,"href":"https:\/\/www.acetaiamarchi.com\/fr\/wp-json\/wp\/v2\/product\/9820\/revisions"}],"predecessor-version":[{"id":11490,"href":"https:\/\/www.acetaiamarchi.com\/fr\/wp-json\/wp\/v2\/product\/9820\/revisions\/11490"}],"wp:featuredmedia":[{"embeddable":true,"href":"https:\/\/www.acetaiamarchi.com\/fr\/wp-json\/wp\/v2\/media\/2537"}],"wp:attachment":[{"href":"https:\/\/www.acetaiamarchi.com\/fr\/wp-json\/wp\/v2\/media?parent=9820"}],"wp:term":[{"taxonomy":"product_brand","embeddable":true,"href":"https:\/\/www.acetaiamarchi.com\/fr\/wp-json\/wp\/v2\/product_brand?post=9820"},{"taxonomy":"product_cat","embeddable":true,"href":"https:\/\/www.acetaiamarchi.com\/fr\/wp-json\/wp\/v2\/product_cat?post=9820"},{"taxonomy":"product_tag","embeddable":true,"href":"https:\/\/www.acetaiamarchi.com\/fr\/wp-json\/wp\/v2\/product_tag?post=9820"}],"curies":[{"name":"wp","href":"https:\/\/api.w.org\/{rel}","templated":true}]}}