{"id":9664,"date":"2025-03-20T16:43:00","date_gmt":"2025-03-20T15:43:00","guid":{"rendered":"https:\/\/www.acetaiamarchi.com\/prodotto\/vinaigre-balsamique-traditionnel-de-modene-aop-extravecchio-francesco-emballage-en-bois\/"},"modified":"2026-01-13T18:58:30","modified_gmt":"2026-01-13T17:58:30","slug":"vinaigre-balsamique-traditionnel-de-modene-aop-extravecchio-emballage-bois","status":"publish","type":"product","link":"https:\/\/www.acetaiamarchi.com\/fr\/produit\/vinaigre-balsamique-traditionnel-de-modene-aop-extravecchio-emballage-bois\/","title":{"rendered":"Extravecchio Vinaigre Balsamique Traditionnel de Mod\u00e8ne A.O.P &#8211; Emballage en bois"},"content":{"rendered":"<p>poss\u00e8de une saveur unique gr\u00e2ce \u00e0 sa p\u00e9riode de vieillissement minimum certifi\u00e9e de <strong>25 ans<\/strong>. Il a \u00e9t\u00e9 \u00e9labor\u00e9 \u00e0 partir de raisins indig\u00e8nes de Mod\u00e8ne, Lambrusco et Trebbiano, cultiv\u00e9s dans les vignobles familiaux, et laiss\u00e9s \u00e0 vieillir en batterie dans des f\u00fbts de bois fins, comme par exemple : Ch\u00eane, ch\u00e2taignier, acacia, cerisier, rubinia, fr\u00eane et m\u00fbrier.<\/p>\n<p>Il est pr\u00e9sent\u00e9 de mani\u00e8re noble, avec un <strong>prestigieux \u00e9tui en bois<\/strong> qui rappelle les origines de notre produit, con\u00e7u pour le rendre encore plus pr\u00e9cieux et adapt\u00e9 au cadeau le plus recherch\u00e9.<\/p>\n<p>\u00c0 l&rsquo;int\u00e9rieur, vous trouverez la bouteille <strong>typique<\/strong>, de forme sph\u00e9rique avec une base rectangulaire en verre massif, exclusivement con\u00e7ue par Giugiaro.<br \/>\nL&rsquo;utilisation de ce type de bouteille pour le Vinaigre Balsamique Traditionnel de Mod\u00e8ne A.O.P. est obligatoire pour tous les producteurs, car elle est requise par le R\u00e8glement de production.<\/p>\n<p>Le flacon est <strong>scell\u00e9<\/strong> avec la marque num\u00e9rot\u00e9e par l&rsquo;organisme certificateur.<br \/>\nL&#8217;emballage contient le <strong>Livret du Consortium<\/strong> en plusieurs langues.<\/p>\n","protected":false},"excerpt":{"rendered":"<p>Ce Vinaigre Balsamique Traditionnel de Mod\u00e8ne A.O.P a une <strong>p\u00e9riode minimale de vieillissement certifi\u00e9e de 25 ans<\/strong>.<\/p>\n<p>Une bouteille typique, de forme sph\u00e9rique avec une base rectangulaire en verre massif, con\u00e7ue exclusivement par le designer Giugiaro, qui est obligatoire pour tous les producteurs, comme le stipule le r\u00e8glement de production.<\/p>\n<p>L&#8217;emballage contient la brochure du Consortium en plusieurs langues.<\/p>\n","protected":false},"featured_media":14064,"template":"","meta":[],"product_brand":[],"product_cat":[481],"product_tag":[303,304],"class_list":{"0":"post-9664","1":"product","2":"type-product","3":"status-publish","4":"has-post-thumbnail","6":"product_cat-les-traditionnels","7":"product_tag-extravecchio-vinaigre-balsamique-traditionnel-de-modene-a-o-p","8":"product_tag-vinaigre-balsamique-traditionnel-de-modene-a-o-p","10":"first","11":"instock","12":"shipping-taxable","13":"purchasable","14":"product-type-simple"},"yoast_head":"<!-- This site is optimized with the Yoast SEO plugin v27.4 - https:\/\/yoast.com\/product\/yoast-seo-wordpress\/ -->\n<title>Extravecchio Vinaigre Balsamique Traditionnel de Mod\u00e8ne A.O.P<\/title>\n<meta name=\"description\" content=\"Vinaigre balsamique traditionnel de Mod\u00e8ne A.O.P Extravecchio affin\u00e9 au moins 25 ans avec bo\u00eete en bois et bouteille sph\u00e9rique\" \/>\n<meta name=\"robots\" content=\"index, follow, max-snippet:-1, max-image-preview:large, max-video-preview:-1\" \/>\n<link rel=\"canonical\" href=\"https:\/\/www.acetaiamarchi.com\/fr\/produit\/vinaigre-balsamique-traditionnel-de-modene-aop-extravecchio-emballage-bois\/\" \/>\n<meta property=\"og:locale\" content=\"fr_FR\" \/>\n<meta property=\"og:type\" content=\"article\" \/>\n<meta property=\"og:title\" content=\"Extravecchio Vinaigre Balsamique Traditionnel de Mod\u00e8ne A.O.P\" \/>\n<meta property=\"og:description\" content=\"Vinaigre balsamique traditionnel de Mod\u00e8ne A.O.P Extravecchio affin\u00e9 au moins 25 ans avec bo\u00eete en bois et bouteille sph\u00e9rique\" \/>\n<meta property=\"og:url\" content=\"https:\/\/www.acetaiamarchi.com\/fr\/produit\/vinaigre-balsamique-traditionnel-de-modene-aop-extravecchio-emballage-bois\/\" \/>\n<meta property=\"og:site_name\" content=\"Acetaia Marchi\" \/>\n<meta property=\"article:modified_time\" content=\"2026-01-13T17:58:30+00:00\" \/>\n<meta property=\"og:image\" content=\"https:\/\/www.acetaiamarchi.com\/wp-content\/uploads\/2025\/03\/INTERNO-EXTRAVECCHIO-1024x1024.jpg\" \/>\n\t<meta property=\"og:image:width\" content=\"1024\" \/>\n\t<meta property=\"og:image:height\" content=\"1024\" \/>\n\t<meta property=\"og:image:type\" content=\"image\/jpeg\" \/>\n<meta name=\"twitter:card\" content=\"summary_large_image\" \/>\n<meta name=\"twitter:label1\" content=\"Dur\u00e9e de lecture estim\u00e9e\" \/>\n\t<meta name=\"twitter:data1\" content=\"2 minutes\" \/>\n<script type=\"application\/ld+json\" class=\"yoast-schema-graph\">{\"@context\":\"https:\\\/\\\/schema.org\",\"@graph\":[{\"@type\":\"WebPage\",\"@id\":\"https:\\\/\\\/www.acetaiamarchi.com\\\/fr\\\/produit\\\/vinaigre-balsamique-traditionnel-de-modene-aop-extravecchio-emballage-bois\\\/\",\"url\":\"https:\\\/\\\/www.acetaiamarchi.com\\\/fr\\\/produit\\\/vinaigre-balsamique-traditionnel-de-modene-aop-extravecchio-emballage-bois\\\/\",\"name\":\"Extravecchio Vinaigre Balsamique Traditionnel de Mod\u00e8ne A.O.P\",\"isPartOf\":{\"@id\":\"https:\\\/\\\/www.acetaiamarchi.com\\\/fr\\\/#website\"},\"primaryImageOfPage\":{\"@id\":\"https:\\\/\\\/www.acetaiamarchi.com\\\/fr\\\/produit\\\/vinaigre-balsamique-traditionnel-de-modene-aop-extravecchio-emballage-bois\\\/#primaryimage\"},\"image\":{\"@id\":\"https:\\\/\\\/www.acetaiamarchi.com\\\/fr\\\/produit\\\/vinaigre-balsamique-traditionnel-de-modene-aop-extravecchio-emballage-bois\\\/#primaryimage\"},\"thumbnailUrl\":\"https:\\\/\\\/www.acetaiamarchi.com\\\/wp-content\\\/uploads\\\/2025\\\/03\\\/INTERNO-EXTRAVECCHIO.jpg\",\"datePublished\":\"2025-03-20T15:43:00+00:00\",\"dateModified\":\"2026-01-13T17:58:30+00:00\",\"description\":\"Vinaigre balsamique traditionnel de Mod\u00e8ne A.O.P Extravecchio affin\u00e9 au moins 25 ans avec bo\u00eete en bois et bouteille sph\u00e9rique\",\"breadcrumb\":{\"@id\":\"https:\\\/\\\/www.acetaiamarchi.com\\\/fr\\\/produit\\\/vinaigre-balsamique-traditionnel-de-modene-aop-extravecchio-emballage-bois\\\/#breadcrumb\"},\"inLanguage\":\"fr-FR\",\"potentialAction\":[{\"@type\":\"ReadAction\",\"target\":[\"https:\\\/\\\/www.acetaiamarchi.com\\\/fr\\\/produit\\\/vinaigre-balsamique-traditionnel-de-modene-aop-extravecchio-emballage-bois\\\/\"]}]},{\"@type\":\"ImageObject\",\"inLanguage\":\"fr-FR\",\"@id\":\"https:\\\/\\\/www.acetaiamarchi.com\\\/fr\\\/produit\\\/vinaigre-balsamique-traditionnel-de-modene-aop-extravecchio-emballage-bois\\\/#primaryimage\",\"url\":\"https:\\\/\\\/www.acetaiamarchi.com\\\/wp-content\\\/uploads\\\/2025\\\/03\\\/INTERNO-EXTRAVECCHIO.jpg\",\"contentUrl\":\"https:\\\/\\\/www.acetaiamarchi.com\\\/wp-content\\\/uploads\\\/2025\\\/03\\\/INTERNO-EXTRAVECCHIO.jpg\",\"width\":2000,\"height\":2000},{\"@type\":\"BreadcrumbList\",\"@id\":\"https:\\\/\\\/www.acetaiamarchi.com\\\/fr\\\/produit\\\/vinaigre-balsamique-traditionnel-de-modene-aop-extravecchio-emballage-bois\\\/#breadcrumb\",\"itemListElement\":[{\"@type\":\"ListItem\",\"position\":1,\"name\":\"Home\",\"item\":\"https:\\\/\\\/www.acetaiamarchi.com\\\/fr\\\/\"},{\"@type\":\"ListItem\",\"position\":2,\"name\":\"Produits\",\"item\":\"https:\\\/\\\/www.acetaiamarchi.com\\\/fr\\\/shop\\\/\"},{\"@type\":\"ListItem\",\"position\":3,\"name\":\"Extravecchio Vinaigre Balsamique Traditionnel de Mod\u00e8ne A.O.P &#8211; Emballage en bois\"}]},{\"@type\":\"WebSite\",\"@id\":\"https:\\\/\\\/www.acetaiamarchi.com\\\/fr\\\/#website\",\"url\":\"https:\\\/\\\/www.acetaiamarchi.com\\\/fr\\\/\",\"name\":\"Acetaia Marchi Srl\",\"description\":\"\",\"publisher\":{\"@id\":\"https:\\\/\\\/www.acetaiamarchi.com\\\/fr\\\/#organization\"},\"potentialAction\":[{\"@type\":\"SearchAction\",\"target\":{\"@type\":\"EntryPoint\",\"urlTemplate\":\"https:\\\/\\\/www.acetaiamarchi.com\\\/fr\\\/?s={search_term_string}\"},\"query-input\":{\"@type\":\"PropertyValueSpecification\",\"valueRequired\":true,\"valueName\":\"search_term_string\"}}],\"inLanguage\":\"fr-FR\"},{\"@type\":\"Organization\",\"@id\":\"https:\\\/\\\/www.acetaiamarchi.com\\\/fr\\\/#organization\",\"name\":\"Acetaia Marchi Srl\",\"url\":\"https:\\\/\\\/www.acetaiamarchi.com\\\/fr\\\/\",\"logo\":{\"@type\":\"ImageObject\",\"inLanguage\":\"fr-FR\",\"@id\":\"https:\\\/\\\/www.acetaiamarchi.com\\\/fr\\\/#\\\/schema\\\/logo\\\/image\\\/\",\"url\":\"https:\\\/\\\/acetaiamarchi.com\\\/wp-content\\\/uploads\\\/2025\\\/03\\\/Acetaia-Marchi-Srl-Logo.png\",\"contentUrl\":\"https:\\\/\\\/acetaiamarchi.com\\\/wp-content\\\/uploads\\\/2025\\\/03\\\/Acetaia-Marchi-Srl-Logo.png\",\"width\":2000,\"height\":2000,\"caption\":\"Acetaia Marchi Srl\"},\"image\":{\"@id\":\"https:\\\/\\\/www.acetaiamarchi.com\\\/fr\\\/#\\\/schema\\\/logo\\\/image\\\/\"}}]}<\/script>\n<!-- \/ Yoast SEO plugin. -->","yoast_head_json":{"title":"Extravecchio Vinaigre Balsamique Traditionnel de Mod\u00e8ne A.O.P","description":"Vinaigre balsamique traditionnel de Mod\u00e8ne A.O.P Extravecchio affin\u00e9 au moins 25 ans avec bo\u00eete en bois et bouteille sph\u00e9rique","robots":{"index":"index","follow":"follow","max-snippet":"max-snippet:-1","max-image-preview":"max-image-preview:large","max-video-preview":"max-video-preview:-1"},"canonical":"https:\/\/www.acetaiamarchi.com\/fr\/produit\/vinaigre-balsamique-traditionnel-de-modene-aop-extravecchio-emballage-bois\/","og_locale":"fr_FR","og_type":"article","og_title":"Extravecchio Vinaigre Balsamique Traditionnel de Mod\u00e8ne A.O.P","og_description":"Vinaigre balsamique traditionnel de Mod\u00e8ne A.O.P Extravecchio affin\u00e9 au moins 25 ans avec bo\u00eete en bois et bouteille sph\u00e9rique","og_url":"https:\/\/www.acetaiamarchi.com\/fr\/produit\/vinaigre-balsamique-traditionnel-de-modene-aop-extravecchio-emballage-bois\/","og_site_name":"Acetaia Marchi","article_modified_time":"2026-01-13T17:58:30+00:00","og_image":[{"width":1024,"height":1024,"url":"https:\/\/www.acetaiamarchi.com\/wp-content\/uploads\/2025\/03\/INTERNO-EXTRAVECCHIO-1024x1024.jpg","type":"image\/jpeg"}],"twitter_card":"summary_large_image","twitter_misc":{"Dur\u00e9e de lecture estim\u00e9e":"2 minutes"},"schema":{"@context":"https:\/\/schema.org","@graph":[{"@type":"WebPage","@id":"https:\/\/www.acetaiamarchi.com\/fr\/produit\/vinaigre-balsamique-traditionnel-de-modene-aop-extravecchio-emballage-bois\/","url":"https:\/\/www.acetaiamarchi.com\/fr\/produit\/vinaigre-balsamique-traditionnel-de-modene-aop-extravecchio-emballage-bois\/","name":"Extravecchio Vinaigre Balsamique Traditionnel de Mod\u00e8ne A.O.P","isPartOf":{"@id":"https:\/\/www.acetaiamarchi.com\/fr\/#website"},"primaryImageOfPage":{"@id":"https:\/\/www.acetaiamarchi.com\/fr\/produit\/vinaigre-balsamique-traditionnel-de-modene-aop-extravecchio-emballage-bois\/#primaryimage"},"image":{"@id":"https:\/\/www.acetaiamarchi.com\/fr\/produit\/vinaigre-balsamique-traditionnel-de-modene-aop-extravecchio-emballage-bois\/#primaryimage"},"thumbnailUrl":"https:\/\/www.acetaiamarchi.com\/wp-content\/uploads\/2025\/03\/INTERNO-EXTRAVECCHIO.jpg","datePublished":"2025-03-20T15:43:00+00:00","dateModified":"2026-01-13T17:58:30+00:00","description":"Vinaigre balsamique traditionnel de Mod\u00e8ne A.O.P Extravecchio affin\u00e9 au moins 25 ans avec bo\u00eete en bois et bouteille sph\u00e9rique","breadcrumb":{"@id":"https:\/\/www.acetaiamarchi.com\/fr\/produit\/vinaigre-balsamique-traditionnel-de-modene-aop-extravecchio-emballage-bois\/#breadcrumb"},"inLanguage":"fr-FR","potentialAction":[{"@type":"ReadAction","target":["https:\/\/www.acetaiamarchi.com\/fr\/produit\/vinaigre-balsamique-traditionnel-de-modene-aop-extravecchio-emballage-bois\/"]}]},{"@type":"ImageObject","inLanguage":"fr-FR","@id":"https:\/\/www.acetaiamarchi.com\/fr\/produit\/vinaigre-balsamique-traditionnel-de-modene-aop-extravecchio-emballage-bois\/#primaryimage","url":"https:\/\/www.acetaiamarchi.com\/wp-content\/uploads\/2025\/03\/INTERNO-EXTRAVECCHIO.jpg","contentUrl":"https:\/\/www.acetaiamarchi.com\/wp-content\/uploads\/2025\/03\/INTERNO-EXTRAVECCHIO.jpg","width":2000,"height":2000},{"@type":"BreadcrumbList","@id":"https:\/\/www.acetaiamarchi.com\/fr\/produit\/vinaigre-balsamique-traditionnel-de-modene-aop-extravecchio-emballage-bois\/#breadcrumb","itemListElement":[{"@type":"ListItem","position":1,"name":"Home","item":"https:\/\/www.acetaiamarchi.com\/fr\/"},{"@type":"ListItem","position":2,"name":"Produits","item":"https:\/\/www.acetaiamarchi.com\/fr\/shop\/"},{"@type":"ListItem","position":3,"name":"Extravecchio Vinaigre Balsamique Traditionnel de Mod\u00e8ne A.O.P &#8211; Emballage en bois"}]},{"@type":"WebSite","@id":"https:\/\/www.acetaiamarchi.com\/fr\/#website","url":"https:\/\/www.acetaiamarchi.com\/fr\/","name":"Acetaia Marchi Srl","description":"","publisher":{"@id":"https:\/\/www.acetaiamarchi.com\/fr\/#organization"},"potentialAction":[{"@type":"SearchAction","target":{"@type":"EntryPoint","urlTemplate":"https:\/\/www.acetaiamarchi.com\/fr\/?s={search_term_string}"},"query-input":{"@type":"PropertyValueSpecification","valueRequired":true,"valueName":"search_term_string"}}],"inLanguage":"fr-FR"},{"@type":"Organization","@id":"https:\/\/www.acetaiamarchi.com\/fr\/#organization","name":"Acetaia Marchi Srl","url":"https:\/\/www.acetaiamarchi.com\/fr\/","logo":{"@type":"ImageObject","inLanguage":"fr-FR","@id":"https:\/\/www.acetaiamarchi.com\/fr\/#\/schema\/logo\/image\/","url":"https:\/\/acetaiamarchi.com\/wp-content\/uploads\/2025\/03\/Acetaia-Marchi-Srl-Logo.png","contentUrl":"https:\/\/acetaiamarchi.com\/wp-content\/uploads\/2025\/03\/Acetaia-Marchi-Srl-Logo.png","width":2000,"height":2000,"caption":"Acetaia Marchi Srl"},"image":{"@id":"https:\/\/www.acetaiamarchi.com\/fr\/#\/schema\/logo\/image\/"}}]}},"_links":{"self":[{"href":"https:\/\/www.acetaiamarchi.com\/fr\/wp-json\/wp\/v2\/product\/9664","targetHints":{"allow":["GET"]}}],"collection":[{"href":"https:\/\/www.acetaiamarchi.com\/fr\/wp-json\/wp\/v2\/product"}],"about":[{"href":"https:\/\/www.acetaiamarchi.com\/fr\/wp-json\/wp\/v2\/types\/product"}],"version-history":[{"count":16,"href":"https:\/\/www.acetaiamarchi.com\/fr\/wp-json\/wp\/v2\/product\/9664\/revisions"}],"predecessor-version":[{"id":14105,"href":"https:\/\/www.acetaiamarchi.com\/fr\/wp-json\/wp\/v2\/product\/9664\/revisions\/14105"}],"wp:featuredmedia":[{"embeddable":true,"href":"https:\/\/www.acetaiamarchi.com\/fr\/wp-json\/wp\/v2\/media\/14064"}],"wp:attachment":[{"href":"https:\/\/www.acetaiamarchi.com\/fr\/wp-json\/wp\/v2\/media?parent=9664"}],"wp:term":[{"taxonomy":"product_brand","embeddable":true,"href":"https:\/\/www.acetaiamarchi.com\/fr\/wp-json\/wp\/v2\/product_brand?post=9664"},{"taxonomy":"product_cat","embeddable":true,"href":"https:\/\/www.acetaiamarchi.com\/fr\/wp-json\/wp\/v2\/product_cat?post=9664"},{"taxonomy":"product_tag","embeddable":true,"href":"https:\/\/www.acetaiamarchi.com\/fr\/wp-json\/wp\/v2\/product_tag?post=9664"}],"curies":[{"name":"wp","href":"https:\/\/api.w.org\/{rel}","templated":true}]}}