{"id":9338,"date":"2025-03-20T16:36:10","date_gmt":"2025-03-20T15:36:10","guid":{"rendered":"https:\/\/www.acetaiamarchi.com\/fr\/?post_type=product&#038;p=9338"},"modified":"2025-11-20T12:26:23","modified_gmt":"2025-11-20T11:26:23","slug":"aceto-balsamique-traditionnel-de-modene-dop-affine-coffret-beige","status":"publish","type":"product","link":"https:\/\/www.acetaiamarchi.com\/fr\/produit\/aceto-balsamique-traditionnel-de-modene-dop-affine-coffret-beige\/","title":{"rendered":"Aceto Balsamique Traditionnel de Mod\u00e8ne DOP Affin\u00e9 &#8211; Coffret Beige"},"content":{"rendered":"<p>L\u2019<strong>Vinaigre Balsamique Traditionnel de Mod\u00e8ne DOP Affin\u00e9<\/strong> a subi un affinage minimum certifi\u00e9 de <strong>12 ans<\/strong>, ce qui lui conf\u00e8re une saveur unique et inconfondable.<\/p>\n<p>Il se pr\u00e9sente de mani\u00e8re \u00e9l\u00e9gante, avec un <strong>emballage prestigieux<\/strong>, con\u00e7u pour rendre notre produit encore plus pr\u00e9cieux et adapt\u00e9 aux cadeaux les plus raffin\u00e9s.<\/p>\n<p>\u00c0 l\u2019int\u00e9rieur, vous trouverez la bouteille typique, en forme sph\u00e9rique avec une base rectangulaire en verre massif, dessin\u00e9e en exclusivit\u00e9 par le <strong>designer Giugiaro<\/strong>.<br \/>\nL\u2019utilisation de ce type de bouteille pour le Vinaigre Balsamique Traditionnel de Mod\u00e8ne D.O.P. est obligatoire pour tous les producteurs, conform\u00e9ment aux <strong>Normes du Cahier des Charges de Production<\/strong>.<\/p>\n<p>La bouteille est scell\u00e9e avec le <strong>sceau num\u00e9rot\u00e9 de l\u2019organisme certificateur<\/strong>.<br \/>\nL\u2019emballage contient le <strong>livret du Consortium<\/strong> en plusieurs langues, le bouchon verseur et la pr\u00e9cieuse cuill\u00e8re en c\u00e9ramique.<\/p>\n<p><em><strong>En cuisine :<\/strong><\/em> Ce pr\u00e9cieux et intense Vinaigre Balsamique Traditionnel de Mod\u00e8ne D.O.P. Affin\u00e9 est id\u00e9al pour des d\u00e9gustations goutte \u00e0 goutte. Il est \u00e9galement particuli\u00e8rement recommand\u00e9 pour accompagner le Parmigiano Reggiano, les fraises ou la glace artisanale.<\/p>\n","protected":false},"excerpt":{"rendered":"<p>Cet Aceto Balsamico Tradizionale de Mod\u00e8ne D.O.P. b\u00e9n\u00e9ficie d&rsquo;un <strong>affinage minimum certifi\u00e9 de 12 ans<\/strong>.<\/p>\n<p>La bouteille typique, de forme sph\u00e9rique avec une base rectangulaire en verre massif, dessin\u00e9e en exclusivit\u00e9 par le <strong>designer Giugiaro<\/strong>, est obligatoire pour tous les producteurs, comme pr\u00e9vu par les <strong>Normes du Cahier des Charges<\/strong>, et est scell\u00e9e par un contre-sceau num\u00e9rot\u00e9.<br \/>\nLe coffret contient le <strong>livret du Consortium<\/strong> en plusieurs langues. Le bouchon verseur et la pr\u00e9cieuse cuill\u00e8re en c\u00e9ramique.<\/p>\n","protected":false},"featured_media":777,"template":"","meta":[],"product_brand":[],"product_cat":[512,481],"product_tag":[],"class_list":{"0":"post-9338","1":"product","2":"type-product","3":"status-publish","4":"has-post-thumbnail","6":"product_cat-coffrets-cadeaux","7":"product_cat-les-traditionnels","9":"first","10":"instock","11":"featured","12":"shipping-taxable","13":"purchasable","14":"product-type-simple"},"yoast_head":"<!-- This site is optimized with the Yoast SEO plugin v27.4 - https:\/\/yoast.com\/product\/yoast-seo-wordpress\/ -->\n<title>Vinaigre balsamique traditionnel de Mod\u00e8ne AOP Vieilli 12 ans<\/title>\n<meta name=\"description\" content=\"Acetaia Marchi : production et vente de vinaigre balsamique traditionnel de Mod\u00e8ne AOP Affinato avec un vieillissement minimum certifi\u00e9 de 12 ans.\" \/>\n<meta name=\"robots\" content=\"index, follow, max-snippet:-1, max-image-preview:large, max-video-preview:-1\" \/>\n<link rel=\"canonical\" href=\"https:\/\/www.acetaiamarchi.com\/fr\/produit\/aceto-balsamique-traditionnel-de-modene-dop-affine-coffret-beige\/\" \/>\n<meta property=\"og:locale\" content=\"fr_FR\" \/>\n<meta property=\"og:type\" content=\"article\" \/>\n<meta property=\"og:title\" content=\"Vinaigre balsamique traditionnel de Mod\u00e8ne AOP Vieilli 12 ans\" \/>\n<meta property=\"og:description\" content=\"Acetaia Marchi : production et vente de vinaigre balsamique traditionnel de Mod\u00e8ne AOP Affinato avec un vieillissement minimum certifi\u00e9 de 12 ans.\" \/>\n<meta property=\"og:url\" content=\"https:\/\/www.acetaiamarchi.com\/fr\/produit\/aceto-balsamique-traditionnel-de-modene-dop-affine-coffret-beige\/\" \/>\n<meta property=\"og:site_name\" content=\"Acetaia Marchi\" \/>\n<meta property=\"article:modified_time\" content=\"2025-11-20T11:26:23+00:00\" \/>\n<meta property=\"og:image\" content=\"https:\/\/www.acetaiamarchi.com\/wp-content\/uploads\/2025\/03\/Aceto-Balsamico-Tradizionale-di-Modena-DOP-Affinato.jpg\" \/>\n\t<meta property=\"og:image:width\" content=\"1600\" \/>\n\t<meta property=\"og:image:height\" content=\"1600\" \/>\n\t<meta property=\"og:image:type\" content=\"image\/jpeg\" \/>\n<meta name=\"twitter:card\" content=\"summary_large_image\" \/>\n<meta name=\"twitter:label1\" content=\"Dur\u00e9e de lecture estim\u00e9e\" \/>\n\t<meta name=\"twitter:data1\" content=\"2 minutes\" \/>\n<script type=\"application\/ld+json\" class=\"yoast-schema-graph\">{\"@context\":\"https:\\\/\\\/schema.org\",\"@graph\":[{\"@type\":\"WebPage\",\"@id\":\"https:\\\/\\\/www.acetaiamarchi.com\\\/fr\\\/produit\\\/aceto-balsamique-traditionnel-de-modene-dop-affine-coffret-beige\\\/\",\"url\":\"https:\\\/\\\/www.acetaiamarchi.com\\\/fr\\\/produit\\\/aceto-balsamique-traditionnel-de-modene-dop-affine-coffret-beige\\\/\",\"name\":\"Vinaigre balsamique traditionnel de Mod\u00e8ne AOP Vieilli 12 ans\",\"isPartOf\":{\"@id\":\"https:\\\/\\\/www.acetaiamarchi.com\\\/fr\\\/#website\"},\"primaryImageOfPage\":{\"@id\":\"https:\\\/\\\/www.acetaiamarchi.com\\\/fr\\\/produit\\\/aceto-balsamique-traditionnel-de-modene-dop-affine-coffret-beige\\\/#primaryimage\"},\"image\":{\"@id\":\"https:\\\/\\\/www.acetaiamarchi.com\\\/fr\\\/produit\\\/aceto-balsamique-traditionnel-de-modene-dop-affine-coffret-beige\\\/#primaryimage\"},\"thumbnailUrl\":\"https:\\\/\\\/www.acetaiamarchi.com\\\/wp-content\\\/uploads\\\/2025\\\/03\\\/Aceto-Balsamico-Tradizionale-di-Modena-DOP-Affinato.jpg\",\"datePublished\":\"2025-03-20T15:36:10+00:00\",\"dateModified\":\"2025-11-20T11:26:23+00:00\",\"description\":\"Acetaia Marchi : production et vente de vinaigre balsamique traditionnel de Mod\u00e8ne AOP Affinato avec un vieillissement minimum certifi\u00e9 de 12 ans.\",\"breadcrumb\":{\"@id\":\"https:\\\/\\\/www.acetaiamarchi.com\\\/fr\\\/produit\\\/aceto-balsamique-traditionnel-de-modene-dop-affine-coffret-beige\\\/#breadcrumb\"},\"inLanguage\":\"fr-FR\",\"potentialAction\":[{\"@type\":\"ReadAction\",\"target\":[\"https:\\\/\\\/www.acetaiamarchi.com\\\/fr\\\/produit\\\/aceto-balsamique-traditionnel-de-modene-dop-affine-coffret-beige\\\/\"]}]},{\"@type\":\"ImageObject\",\"inLanguage\":\"fr-FR\",\"@id\":\"https:\\\/\\\/www.acetaiamarchi.com\\\/fr\\\/produit\\\/aceto-balsamique-traditionnel-de-modene-dop-affine-coffret-beige\\\/#primaryimage\",\"url\":\"https:\\\/\\\/www.acetaiamarchi.com\\\/wp-content\\\/uploads\\\/2025\\\/03\\\/Aceto-Balsamico-Tradizionale-di-Modena-DOP-Affinato.jpg\",\"contentUrl\":\"https:\\\/\\\/www.acetaiamarchi.com\\\/wp-content\\\/uploads\\\/2025\\\/03\\\/Aceto-Balsamico-Tradizionale-di-Modena-DOP-Affinato.jpg\",\"width\":1600,\"height\":1600,\"caption\":\"Aceto Balsamico Tradizionale di MOdena DOP Affinato\"},{\"@type\":\"BreadcrumbList\",\"@id\":\"https:\\\/\\\/www.acetaiamarchi.com\\\/fr\\\/produit\\\/aceto-balsamique-traditionnel-de-modene-dop-affine-coffret-beige\\\/#breadcrumb\",\"itemListElement\":[{\"@type\":\"ListItem\",\"position\":1,\"name\":\"Home\",\"item\":\"https:\\\/\\\/www.acetaiamarchi.com\\\/fr\\\/\"},{\"@type\":\"ListItem\",\"position\":2,\"name\":\"Produits\",\"item\":\"https:\\\/\\\/www.acetaiamarchi.com\\\/fr\\\/shop\\\/\"},{\"@type\":\"ListItem\",\"position\":3,\"name\":\"Aceto Balsamique Traditionnel de Mod\u00e8ne DOP Affin\u00e9 &#8211; Coffret Beige\"}]},{\"@type\":\"WebSite\",\"@id\":\"https:\\\/\\\/www.acetaiamarchi.com\\\/fr\\\/#website\",\"url\":\"https:\\\/\\\/www.acetaiamarchi.com\\\/fr\\\/\",\"name\":\"Acetaia Marchi Srl\",\"description\":\"\",\"publisher\":{\"@id\":\"https:\\\/\\\/www.acetaiamarchi.com\\\/fr\\\/#organization\"},\"potentialAction\":[{\"@type\":\"SearchAction\",\"target\":{\"@type\":\"EntryPoint\",\"urlTemplate\":\"https:\\\/\\\/www.acetaiamarchi.com\\\/fr\\\/?s={search_term_string}\"},\"query-input\":{\"@type\":\"PropertyValueSpecification\",\"valueRequired\":true,\"valueName\":\"search_term_string\"}}],\"inLanguage\":\"fr-FR\"},{\"@type\":\"Organization\",\"@id\":\"https:\\\/\\\/www.acetaiamarchi.com\\\/fr\\\/#organization\",\"name\":\"Acetaia Marchi Srl\",\"url\":\"https:\\\/\\\/www.acetaiamarchi.com\\\/fr\\\/\",\"logo\":{\"@type\":\"ImageObject\",\"inLanguage\":\"fr-FR\",\"@id\":\"https:\\\/\\\/www.acetaiamarchi.com\\\/fr\\\/#\\\/schema\\\/logo\\\/image\\\/\",\"url\":\"https:\\\/\\\/acetaiamarchi.com\\\/wp-content\\\/uploads\\\/2025\\\/03\\\/Acetaia-Marchi-Srl-Logo.png\",\"contentUrl\":\"https:\\\/\\\/acetaiamarchi.com\\\/wp-content\\\/uploads\\\/2025\\\/03\\\/Acetaia-Marchi-Srl-Logo.png\",\"width\":2000,\"height\":2000,\"caption\":\"Acetaia Marchi Srl\"},\"image\":{\"@id\":\"https:\\\/\\\/www.acetaiamarchi.com\\\/fr\\\/#\\\/schema\\\/logo\\\/image\\\/\"}}]}<\/script>\n<!-- \/ Yoast SEO plugin. -->","yoast_head_json":{"title":"Vinaigre balsamique traditionnel de Mod\u00e8ne AOP Vieilli 12 ans","description":"Acetaia Marchi : production et vente de vinaigre balsamique traditionnel de Mod\u00e8ne AOP Affinato avec un vieillissement minimum certifi\u00e9 de 12 ans.","robots":{"index":"index","follow":"follow","max-snippet":"max-snippet:-1","max-image-preview":"max-image-preview:large","max-video-preview":"max-video-preview:-1"},"canonical":"https:\/\/www.acetaiamarchi.com\/fr\/produit\/aceto-balsamique-traditionnel-de-modene-dop-affine-coffret-beige\/","og_locale":"fr_FR","og_type":"article","og_title":"Vinaigre balsamique traditionnel de Mod\u00e8ne AOP Vieilli 12 ans","og_description":"Acetaia Marchi : production et vente de vinaigre balsamique traditionnel de Mod\u00e8ne AOP Affinato avec un vieillissement minimum certifi\u00e9 de 12 ans.","og_url":"https:\/\/www.acetaiamarchi.com\/fr\/produit\/aceto-balsamique-traditionnel-de-modene-dop-affine-coffret-beige\/","og_site_name":"Acetaia Marchi","article_modified_time":"2025-11-20T11:26:23+00:00","og_image":[{"width":1600,"height":1600,"url":"https:\/\/www.acetaiamarchi.com\/wp-content\/uploads\/2025\/03\/Aceto-Balsamico-Tradizionale-di-Modena-DOP-Affinato.jpg","type":"image\/jpeg"}],"twitter_card":"summary_large_image","twitter_misc":{"Dur\u00e9e de lecture estim\u00e9e":"2 minutes"},"schema":{"@context":"https:\/\/schema.org","@graph":[{"@type":"WebPage","@id":"https:\/\/www.acetaiamarchi.com\/fr\/produit\/aceto-balsamique-traditionnel-de-modene-dop-affine-coffret-beige\/","url":"https:\/\/www.acetaiamarchi.com\/fr\/produit\/aceto-balsamique-traditionnel-de-modene-dop-affine-coffret-beige\/","name":"Vinaigre balsamique traditionnel de Mod\u00e8ne AOP Vieilli 12 ans","isPartOf":{"@id":"https:\/\/www.acetaiamarchi.com\/fr\/#website"},"primaryImageOfPage":{"@id":"https:\/\/www.acetaiamarchi.com\/fr\/produit\/aceto-balsamique-traditionnel-de-modene-dop-affine-coffret-beige\/#primaryimage"},"image":{"@id":"https:\/\/www.acetaiamarchi.com\/fr\/produit\/aceto-balsamique-traditionnel-de-modene-dop-affine-coffret-beige\/#primaryimage"},"thumbnailUrl":"https:\/\/www.acetaiamarchi.com\/wp-content\/uploads\/2025\/03\/Aceto-Balsamico-Tradizionale-di-Modena-DOP-Affinato.jpg","datePublished":"2025-03-20T15:36:10+00:00","dateModified":"2025-11-20T11:26:23+00:00","description":"Acetaia Marchi : production et vente de vinaigre balsamique traditionnel de Mod\u00e8ne AOP Affinato avec un vieillissement minimum certifi\u00e9 de 12 ans.","breadcrumb":{"@id":"https:\/\/www.acetaiamarchi.com\/fr\/produit\/aceto-balsamique-traditionnel-de-modene-dop-affine-coffret-beige\/#breadcrumb"},"inLanguage":"fr-FR","potentialAction":[{"@type":"ReadAction","target":["https:\/\/www.acetaiamarchi.com\/fr\/produit\/aceto-balsamique-traditionnel-de-modene-dop-affine-coffret-beige\/"]}]},{"@type":"ImageObject","inLanguage":"fr-FR","@id":"https:\/\/www.acetaiamarchi.com\/fr\/produit\/aceto-balsamique-traditionnel-de-modene-dop-affine-coffret-beige\/#primaryimage","url":"https:\/\/www.acetaiamarchi.com\/wp-content\/uploads\/2025\/03\/Aceto-Balsamico-Tradizionale-di-Modena-DOP-Affinato.jpg","contentUrl":"https:\/\/www.acetaiamarchi.com\/wp-content\/uploads\/2025\/03\/Aceto-Balsamico-Tradizionale-di-Modena-DOP-Affinato.jpg","width":1600,"height":1600,"caption":"Aceto Balsamico Tradizionale di MOdena DOP Affinato"},{"@type":"BreadcrumbList","@id":"https:\/\/www.acetaiamarchi.com\/fr\/produit\/aceto-balsamique-traditionnel-de-modene-dop-affine-coffret-beige\/#breadcrumb","itemListElement":[{"@type":"ListItem","position":1,"name":"Home","item":"https:\/\/www.acetaiamarchi.com\/fr\/"},{"@type":"ListItem","position":2,"name":"Produits","item":"https:\/\/www.acetaiamarchi.com\/fr\/shop\/"},{"@type":"ListItem","position":3,"name":"Aceto Balsamique Traditionnel de Mod\u00e8ne DOP Affin\u00e9 &#8211; Coffret Beige"}]},{"@type":"WebSite","@id":"https:\/\/www.acetaiamarchi.com\/fr\/#website","url":"https:\/\/www.acetaiamarchi.com\/fr\/","name":"Acetaia Marchi Srl","description":"","publisher":{"@id":"https:\/\/www.acetaiamarchi.com\/fr\/#organization"},"potentialAction":[{"@type":"SearchAction","target":{"@type":"EntryPoint","urlTemplate":"https:\/\/www.acetaiamarchi.com\/fr\/?s={search_term_string}"},"query-input":{"@type":"PropertyValueSpecification","valueRequired":true,"valueName":"search_term_string"}}],"inLanguage":"fr-FR"},{"@type":"Organization","@id":"https:\/\/www.acetaiamarchi.com\/fr\/#organization","name":"Acetaia Marchi Srl","url":"https:\/\/www.acetaiamarchi.com\/fr\/","logo":{"@type":"ImageObject","inLanguage":"fr-FR","@id":"https:\/\/www.acetaiamarchi.com\/fr\/#\/schema\/logo\/image\/","url":"https:\/\/acetaiamarchi.com\/wp-content\/uploads\/2025\/03\/Acetaia-Marchi-Srl-Logo.png","contentUrl":"https:\/\/acetaiamarchi.com\/wp-content\/uploads\/2025\/03\/Acetaia-Marchi-Srl-Logo.png","width":2000,"height":2000,"caption":"Acetaia Marchi Srl"},"image":{"@id":"https:\/\/www.acetaiamarchi.com\/fr\/#\/schema\/logo\/image\/"}}]}},"_links":{"self":[{"href":"https:\/\/www.acetaiamarchi.com\/fr\/wp-json\/wp\/v2\/product\/9338","targetHints":{"allow":["GET"]}}],"collection":[{"href":"https:\/\/www.acetaiamarchi.com\/fr\/wp-json\/wp\/v2\/product"}],"about":[{"href":"https:\/\/www.acetaiamarchi.com\/fr\/wp-json\/wp\/v2\/types\/product"}],"version-history":[{"count":5,"href":"https:\/\/www.acetaiamarchi.com\/fr\/wp-json\/wp\/v2\/product\/9338\/revisions"}],"predecessor-version":[{"id":11720,"href":"https:\/\/www.acetaiamarchi.com\/fr\/wp-json\/wp\/v2\/product\/9338\/revisions\/11720"}],"wp:featuredmedia":[{"embeddable":true,"href":"https:\/\/www.acetaiamarchi.com\/fr\/wp-json\/wp\/v2\/media\/777"}],"wp:attachment":[{"href":"https:\/\/www.acetaiamarchi.com\/fr\/wp-json\/wp\/v2\/media?parent=9338"}],"wp:term":[{"taxonomy":"product_brand","embeddable":true,"href":"https:\/\/www.acetaiamarchi.com\/fr\/wp-json\/wp\/v2\/product_brand?post=9338"},{"taxonomy":"product_cat","embeddable":true,"href":"https:\/\/www.acetaiamarchi.com\/fr\/wp-json\/wp\/v2\/product_cat?post=9338"},{"taxonomy":"product_tag","embeddable":true,"href":"https:\/\/www.acetaiamarchi.com\/fr\/wp-json\/wp\/v2\/product_tag?post=9338"}],"curies":[{"name":"wp","href":"https:\/\/api.w.org\/{rel}","templated":true}]}}