{"id":9033,"date":"2025-03-21T17:38:06","date_gmt":"2025-03-21T16:38:06","guid":{"rendered":"https:\/\/www.acetaiamarchi.com\/fr\/?post_type=product&#038;p=9033"},"modified":"2025-11-19T17:22:22","modified_gmt":"2025-11-19T16:22:22","slug":"assaisonnement-rose","status":"publish","type":"product","link":"https:\/\/www.acetaiamarchi.com\/fr\/produit\/assaisonnement-rose\/","title":{"rendered":"Assaisonnement Ros\u00e9"},"content":{"rendered":"<p>D\u00e9couvrez un condiment unique, fruit d\u2019un art ancien qui combine la douceur du mo\u00fbt concentr\u00e9 de raisins avec l\u2019\u00e9l\u00e9gance du vinaigre de vin. Ce <strong>produit de haute qualit\u00e9<\/strong> doit sa teinte vibrante au mo\u00fbt d\u2019Ancellotta, une vari\u00e9t\u00e9 de raisin rare et pr\u00e9cieuse cultiv\u00e9e dans nos vignobles, connue pour sa capacit\u00e9 \u00e0 conf\u00e9rer de la couleur non seulement par la peau, mais aussi par la pulpe, offrant ainsi un colorant totalement naturel.<\/p>\n<p>Contrairement aux m\u00e9thodes traditionnelles qui pr\u00e9voient la cuisson, nous utilisons un proc\u00e9d\u00e9 d\u2019<strong>\u00e9vaporation sous vide<\/strong>, qui pr\u00e9serve la couleur claire et les d\u00e9licates notes fruit\u00e9es du mo\u00fbt. Cette approche innovante permet de maintenir intactes les caract\u00e9ristiques organoleptiques, garantissant un produit final qui s\u2019enrichit de nuances avec le temps.<br \/>\nNotre condiment m\u00fbrit dans des f\u00fbts neufs en ch\u00eane, pour une p\u00e9riode \u00e9tudi\u00e9e afin d\u2019\u00e9viter l\u2019oxydation et le changement de couleur vers des tons orang\u00e9s. Pendant ce processus, le bois conf\u00e8re au condiment des notes \u00e9pic\u00e9es et une complexit\u00e9 aromatique qui se fond harmonieusement avec la fra\u00eecheur du mo\u00fbt.<\/p>\n<p><em><strong>En cuisine<\/strong><\/em> : Parfait pour sublimer salades, viandes et fromages, ce condiment n\u2019est pas seulement un ingr\u00e9dient, mais une exp\u00e9rience sensorielle qui invite \u00e0 d\u00e9couvrir de nouvelles associations et \u00e0 red\u00e9couvrir les saveurs authentiques de la tradition. Ce condiment trouve \u00e9galement sa place dans les cocktails, cr\u00e9ant des accords surprenants et uniques. Ajoutez une touche de raffinement \u00e0 vos plats avec un produit qui raconte l\u2019histoire de nos vignobles et la passion pour l\u2019excellence.<\/p>\n","protected":false},"excerpt":{"rendered":"<p>Assaisonnement qui combine la douceur du mo\u00fbt concentr\u00e9 de raisins avec l&rsquo;\u00e9l\u00e9gance du vinaigre de vin.<br \/>\nPour sa production, un proc\u00e9d\u00e9 d&rsquo;\u00e9vaporation sous vide est utilis\u00e9 afin de pr\u00e9server la couleur claire et les d\u00e9licates notes fruit\u00e9es du mo\u00fbt.<\/p>\n<p>&nbsp;<\/p>\n","protected":false},"featured_media":1213,"template":"","meta":[],"product_brand":[],"product_cat":[496],"product_tag":[],"class_list":{"0":"post-9033","1":"product","2":"type-product","3":"status-publish","4":"has-post-thumbnail","6":"product_cat-condiments-aigres-doux","8":"first","9":"instock","10":"featured","11":"shipping-taxable","12":"purchasable","13":"product-type-simple"},"yoast_head":"<!-- This site is optimized with the Yoast SEO plugin v27.4 - https:\/\/yoast.com\/product\/yoast-seo-wordpress\/ -->\n<title>Assaisonnement Ros\u00e9 | Acetaia Marchi<\/title>\n<meta name=\"description\" content=\"Condimento di alta qualit\u00e0 dal mosto di Ancellotta, variet\u00e0 d\u2019uva rara e pregiata coltivata nei nostri vigneti. Per esaltare insalate, carni e formaggi.\" \/>\n<meta name=\"robots\" content=\"index, follow, max-snippet:-1, max-image-preview:large, max-video-preview:-1\" \/>\n<link rel=\"canonical\" href=\"https:\/\/www.acetaiamarchi.com\/fr\/produit\/assaisonnement-rose\/\" \/>\n<meta property=\"og:locale\" content=\"fr_FR\" \/>\n<meta property=\"og:type\" content=\"article\" \/>\n<meta property=\"og:title\" content=\"Assaisonnement Ros\u00e9 | Acetaia Marchi\" \/>\n<meta property=\"og:description\" content=\"Condimento di alta qualit\u00e0 dal mosto di Ancellotta, variet\u00e0 d\u2019uva rara e pregiata coltivata nei nostri vigneti. Per esaltare insalate, carni e formaggi.\" \/>\n<meta property=\"og:url\" content=\"https:\/\/www.acetaiamarchi.com\/fr\/produit\/assaisonnement-rose\/\" \/>\n<meta property=\"og:site_name\" content=\"Acetaia Marchi\" \/>\n<meta property=\"article:modified_time\" content=\"2025-11-19T16:22:22+00:00\" \/>\n<meta property=\"og:image\" content=\"https:\/\/www.acetaiamarchi.com\/wp-content\/uploads\/2025\/03\/Condimento-Rose-250ml.jpg\" \/>\n\t<meta property=\"og:image:width\" content=\"1600\" \/>\n\t<meta property=\"og:image:height\" content=\"1600\" \/>\n\t<meta property=\"og:image:type\" content=\"image\/jpeg\" \/>\n<meta name=\"twitter:card\" content=\"summary_large_image\" \/>\n<meta name=\"twitter:label1\" content=\"Dur\u00e9e de lecture estim\u00e9e\" \/>\n\t<meta name=\"twitter:data1\" content=\"2 minutes\" \/>\n<script type=\"application\/ld+json\" class=\"yoast-schema-graph\">{\"@context\":\"https:\\\/\\\/schema.org\",\"@graph\":[{\"@type\":\"WebPage\",\"@id\":\"https:\\\/\\\/www.acetaiamarchi.com\\\/fr\\\/produit\\\/assaisonnement-rose\\\/\",\"url\":\"https:\\\/\\\/www.acetaiamarchi.com\\\/fr\\\/produit\\\/assaisonnement-rose\\\/\",\"name\":\"Assaisonnement Ros\u00e9 | Acetaia Marchi\",\"isPartOf\":{\"@id\":\"https:\\\/\\\/www.acetaiamarchi.com\\\/fr\\\/#website\"},\"primaryImageOfPage\":{\"@id\":\"https:\\\/\\\/www.acetaiamarchi.com\\\/fr\\\/produit\\\/assaisonnement-rose\\\/#primaryimage\"},\"image\":{\"@id\":\"https:\\\/\\\/www.acetaiamarchi.com\\\/fr\\\/produit\\\/assaisonnement-rose\\\/#primaryimage\"},\"thumbnailUrl\":\"https:\\\/\\\/www.acetaiamarchi.com\\\/wp-content\\\/uploads\\\/2025\\\/03\\\/Condimento-Rose-250ml.jpg\",\"datePublished\":\"2025-03-21T16:38:06+00:00\",\"dateModified\":\"2025-11-19T16:22:22+00:00\",\"description\":\"Condimento di alta qualit\u00e0 dal mosto di Ancellotta, variet\u00e0 d\u2019uva rara e pregiata coltivata nei nostri vigneti. Per esaltare insalate, carni e formaggi.\",\"breadcrumb\":{\"@id\":\"https:\\\/\\\/www.acetaiamarchi.com\\\/fr\\\/produit\\\/assaisonnement-rose\\\/#breadcrumb\"},\"inLanguage\":\"fr-FR\",\"potentialAction\":[{\"@type\":\"ReadAction\",\"target\":[\"https:\\\/\\\/www.acetaiamarchi.com\\\/fr\\\/produit\\\/assaisonnement-rose\\\/\"]}]},{\"@type\":\"ImageObject\",\"inLanguage\":\"fr-FR\",\"@id\":\"https:\\\/\\\/www.acetaiamarchi.com\\\/fr\\\/produit\\\/assaisonnement-rose\\\/#primaryimage\",\"url\":\"https:\\\/\\\/www.acetaiamarchi.com\\\/wp-content\\\/uploads\\\/2025\\\/03\\\/Condimento-Rose-250ml.jpg\",\"contentUrl\":\"https:\\\/\\\/www.acetaiamarchi.com\\\/wp-content\\\/uploads\\\/2025\\\/03\\\/Condimento-Rose-250ml.jpg\",\"width\":1600,\"height\":1600,\"caption\":\"Condimento Ros\u00e8\"},{\"@type\":\"BreadcrumbList\",\"@id\":\"https:\\\/\\\/www.acetaiamarchi.com\\\/fr\\\/produit\\\/assaisonnement-rose\\\/#breadcrumb\",\"itemListElement\":[{\"@type\":\"ListItem\",\"position\":1,\"name\":\"Home\",\"item\":\"https:\\\/\\\/www.acetaiamarchi.com\\\/fr\\\/\"},{\"@type\":\"ListItem\",\"position\":2,\"name\":\"Produits\",\"item\":\"https:\\\/\\\/www.acetaiamarchi.com\\\/fr\\\/shop\\\/\"},{\"@type\":\"ListItem\",\"position\":3,\"name\":\"Assaisonnement Ros\u00e9\"}]},{\"@type\":\"WebSite\",\"@id\":\"https:\\\/\\\/www.acetaiamarchi.com\\\/fr\\\/#website\",\"url\":\"https:\\\/\\\/www.acetaiamarchi.com\\\/fr\\\/\",\"name\":\"Acetaia Marchi Srl\",\"description\":\"\",\"publisher\":{\"@id\":\"https:\\\/\\\/www.acetaiamarchi.com\\\/fr\\\/#organization\"},\"potentialAction\":[{\"@type\":\"SearchAction\",\"target\":{\"@type\":\"EntryPoint\",\"urlTemplate\":\"https:\\\/\\\/www.acetaiamarchi.com\\\/fr\\\/?s={search_term_string}\"},\"query-input\":{\"@type\":\"PropertyValueSpecification\",\"valueRequired\":true,\"valueName\":\"search_term_string\"}}],\"inLanguage\":\"fr-FR\"},{\"@type\":\"Organization\",\"@id\":\"https:\\\/\\\/www.acetaiamarchi.com\\\/fr\\\/#organization\",\"name\":\"Acetaia Marchi Srl\",\"url\":\"https:\\\/\\\/www.acetaiamarchi.com\\\/fr\\\/\",\"logo\":{\"@type\":\"ImageObject\",\"inLanguage\":\"fr-FR\",\"@id\":\"https:\\\/\\\/www.acetaiamarchi.com\\\/fr\\\/#\\\/schema\\\/logo\\\/image\\\/\",\"url\":\"https:\\\/\\\/acetaiamarchi.com\\\/wp-content\\\/uploads\\\/2025\\\/03\\\/Acetaia-Marchi-Srl-Logo.png\",\"contentUrl\":\"https:\\\/\\\/acetaiamarchi.com\\\/wp-content\\\/uploads\\\/2025\\\/03\\\/Acetaia-Marchi-Srl-Logo.png\",\"width\":2000,\"height\":2000,\"caption\":\"Acetaia Marchi Srl\"},\"image\":{\"@id\":\"https:\\\/\\\/www.acetaiamarchi.com\\\/fr\\\/#\\\/schema\\\/logo\\\/image\\\/\"}}]}<\/script>\n<!-- \/ Yoast SEO plugin. -->","yoast_head_json":{"title":"Assaisonnement Ros\u00e9 | Acetaia Marchi","description":"Condimento di alta qualit\u00e0 dal mosto di Ancellotta, variet\u00e0 d\u2019uva rara e pregiata coltivata nei nostri vigneti. Per esaltare insalate, carni e formaggi.","robots":{"index":"index","follow":"follow","max-snippet":"max-snippet:-1","max-image-preview":"max-image-preview:large","max-video-preview":"max-video-preview:-1"},"canonical":"https:\/\/www.acetaiamarchi.com\/fr\/produit\/assaisonnement-rose\/","og_locale":"fr_FR","og_type":"article","og_title":"Assaisonnement Ros\u00e9 | Acetaia Marchi","og_description":"Condimento di alta qualit\u00e0 dal mosto di Ancellotta, variet\u00e0 d\u2019uva rara e pregiata coltivata nei nostri vigneti. Per esaltare insalate, carni e formaggi.","og_url":"https:\/\/www.acetaiamarchi.com\/fr\/produit\/assaisonnement-rose\/","og_site_name":"Acetaia Marchi","article_modified_time":"2025-11-19T16:22:22+00:00","og_image":[{"width":1600,"height":1600,"url":"https:\/\/www.acetaiamarchi.com\/wp-content\/uploads\/2025\/03\/Condimento-Rose-250ml.jpg","type":"image\/jpeg"}],"twitter_card":"summary_large_image","twitter_misc":{"Dur\u00e9e de lecture estim\u00e9e":"2 minutes"},"schema":{"@context":"https:\/\/schema.org","@graph":[{"@type":"WebPage","@id":"https:\/\/www.acetaiamarchi.com\/fr\/produit\/assaisonnement-rose\/","url":"https:\/\/www.acetaiamarchi.com\/fr\/produit\/assaisonnement-rose\/","name":"Assaisonnement Ros\u00e9 | Acetaia Marchi","isPartOf":{"@id":"https:\/\/www.acetaiamarchi.com\/fr\/#website"},"primaryImageOfPage":{"@id":"https:\/\/www.acetaiamarchi.com\/fr\/produit\/assaisonnement-rose\/#primaryimage"},"image":{"@id":"https:\/\/www.acetaiamarchi.com\/fr\/produit\/assaisonnement-rose\/#primaryimage"},"thumbnailUrl":"https:\/\/www.acetaiamarchi.com\/wp-content\/uploads\/2025\/03\/Condimento-Rose-250ml.jpg","datePublished":"2025-03-21T16:38:06+00:00","dateModified":"2025-11-19T16:22:22+00:00","description":"Condimento di alta qualit\u00e0 dal mosto di Ancellotta, variet\u00e0 d\u2019uva rara e pregiata coltivata nei nostri vigneti. Per esaltare insalate, carni e formaggi.","breadcrumb":{"@id":"https:\/\/www.acetaiamarchi.com\/fr\/produit\/assaisonnement-rose\/#breadcrumb"},"inLanguage":"fr-FR","potentialAction":[{"@type":"ReadAction","target":["https:\/\/www.acetaiamarchi.com\/fr\/produit\/assaisonnement-rose\/"]}]},{"@type":"ImageObject","inLanguage":"fr-FR","@id":"https:\/\/www.acetaiamarchi.com\/fr\/produit\/assaisonnement-rose\/#primaryimage","url":"https:\/\/www.acetaiamarchi.com\/wp-content\/uploads\/2025\/03\/Condimento-Rose-250ml.jpg","contentUrl":"https:\/\/www.acetaiamarchi.com\/wp-content\/uploads\/2025\/03\/Condimento-Rose-250ml.jpg","width":1600,"height":1600,"caption":"Condimento Ros\u00e8"},{"@type":"BreadcrumbList","@id":"https:\/\/www.acetaiamarchi.com\/fr\/produit\/assaisonnement-rose\/#breadcrumb","itemListElement":[{"@type":"ListItem","position":1,"name":"Home","item":"https:\/\/www.acetaiamarchi.com\/fr\/"},{"@type":"ListItem","position":2,"name":"Produits","item":"https:\/\/www.acetaiamarchi.com\/fr\/shop\/"},{"@type":"ListItem","position":3,"name":"Assaisonnement Ros\u00e9"}]},{"@type":"WebSite","@id":"https:\/\/www.acetaiamarchi.com\/fr\/#website","url":"https:\/\/www.acetaiamarchi.com\/fr\/","name":"Acetaia Marchi Srl","description":"","publisher":{"@id":"https:\/\/www.acetaiamarchi.com\/fr\/#organization"},"potentialAction":[{"@type":"SearchAction","target":{"@type":"EntryPoint","urlTemplate":"https:\/\/www.acetaiamarchi.com\/fr\/?s={search_term_string}"},"query-input":{"@type":"PropertyValueSpecification","valueRequired":true,"valueName":"search_term_string"}}],"inLanguage":"fr-FR"},{"@type":"Organization","@id":"https:\/\/www.acetaiamarchi.com\/fr\/#organization","name":"Acetaia Marchi Srl","url":"https:\/\/www.acetaiamarchi.com\/fr\/","logo":{"@type":"ImageObject","inLanguage":"fr-FR","@id":"https:\/\/www.acetaiamarchi.com\/fr\/#\/schema\/logo\/image\/","url":"https:\/\/acetaiamarchi.com\/wp-content\/uploads\/2025\/03\/Acetaia-Marchi-Srl-Logo.png","contentUrl":"https:\/\/acetaiamarchi.com\/wp-content\/uploads\/2025\/03\/Acetaia-Marchi-Srl-Logo.png","width":2000,"height":2000,"caption":"Acetaia Marchi Srl"},"image":{"@id":"https:\/\/www.acetaiamarchi.com\/fr\/#\/schema\/logo\/image\/"}}]}},"_links":{"self":[{"href":"https:\/\/www.acetaiamarchi.com\/fr\/wp-json\/wp\/v2\/product\/9033","targetHints":{"allow":["GET"]}}],"collection":[{"href":"https:\/\/www.acetaiamarchi.com\/fr\/wp-json\/wp\/v2\/product"}],"about":[{"href":"https:\/\/www.acetaiamarchi.com\/fr\/wp-json\/wp\/v2\/types\/product"}],"version-history":[{"count":3,"href":"https:\/\/www.acetaiamarchi.com\/fr\/wp-json\/wp\/v2\/product\/9033\/revisions"}],"predecessor-version":[{"id":11559,"href":"https:\/\/www.acetaiamarchi.com\/fr\/wp-json\/wp\/v2\/product\/9033\/revisions\/11559"}],"wp:featuredmedia":[{"embeddable":true,"href":"https:\/\/www.acetaiamarchi.com\/fr\/wp-json\/wp\/v2\/media\/1213"}],"wp:attachment":[{"href":"https:\/\/www.acetaiamarchi.com\/fr\/wp-json\/wp\/v2\/media?parent=9033"}],"wp:term":[{"taxonomy":"product_brand","embeddable":true,"href":"https:\/\/www.acetaiamarchi.com\/fr\/wp-json\/wp\/v2\/product_brand?post=9033"},{"taxonomy":"product_cat","embeddable":true,"href":"https:\/\/www.acetaiamarchi.com\/fr\/wp-json\/wp\/v2\/product_cat?post=9033"},{"taxonomy":"product_tag","embeddable":true,"href":"https:\/\/www.acetaiamarchi.com\/fr\/wp-json\/wp\/v2\/product_tag?post=9033"}],"curies":[{"name":"wp","href":"https:\/\/api.w.org\/{rel}","templated":true}]}}