{"id":9009,"date":"2025-03-20T17:05:50","date_gmt":"2025-03-20T16:05:50","guid":{"rendered":"https:\/\/www.acetaiamarchi.com\/fr\/?post_type=product&#038;p=9009"},"modified":"2025-11-19T18:44:29","modified_gmt":"2025-11-19T17:44:29","slug":"assaisonnement-blanc-delicat","status":"publish","type":"product","link":"https:\/\/www.acetaiamarchi.com\/fr\/produit\/assaisonnement-blanc-delicat\/","title":{"rendered":"Assaisonnement Blanc D\u00e9licat"},"content":{"rendered":"<p>D\u00e9couvrez l&rsquo;\u00e9l\u00e9gance dans une bouteille avec notre pr\u00e9cieux condiment \u00e0 base de mo\u00fbt concentr\u00e9 de raisins Trebbiano et de vinaigre de vin blanc.<\/p>\n<p>Ce produit unique na\u00eet de l&rsquo;art du m\u00e9lange, alliant la douceur naturelle du mo\u00fbt concentr\u00e9 \u2014 obtenu gr\u00e2ce \u00e0 un d\u00e9licat proc\u00e9d\u00e9 d&rsquo;\u00e9vaporation sous vide qui pr\u00e9serve sa couleur claire lumineuse et ses notes fruit\u00e9es fra\u00eeches \u2014 \u00e0 l&rsquo;acidit\u00e9 vive du vinaigre de vin blanc.<br \/>\nNotre condiment affine son caract\u00e8re distinctif dans des f\u00fbts neufs en ch\u00eane pendant une p\u00e9riode soigneusement calibr\u00e9e pour \u00e9viter l&rsquo;oxydation et maintenir intacts les tons brillants du liquide. Pendant cet affinage, les parfums enveloppants du bois s&rsquo;entrelacent avec la fra\u00eecheur du mo\u00fbt, offrant une exp\u00e9rience sensorielle sans pareille.<\/p>\n<p><em><strong>En cuisine<\/strong><\/em> : Polyvalent et raffin\u00e9, ce condiment se pr\u00eate \u00e0 enrichir les salades, les plats \u00e0 base de poisson et les viandes blanches, apportant \u00e0 chaque pr\u00e9paration une touche de classe et un \u00e9quilibre de saveurs qui enchante le palais.<br \/>\nLaissez-vous s\u00e9duire par sa l\u00e9g\u00e8ret\u00e9 et sa complexit\u00e9 : un v\u00e9ritable hommage \u00e0 la tradition gastronomique italienne.<\/p>\n<p>&nbsp;<\/p>\n","protected":false},"excerpt":{"rendered":"<p>D\u00e9couvrez l&rsquo;\u00e9l\u00e9gance en bouteille avec notre pr\u00e9cieux condiment \u00e0 base de mo\u00fbt concentr\u00e9 de raisins Trebbiano et de vinaigre de vin blanc.<\/p>\n","protected":false},"featured_media":1205,"template":"","meta":[],"product_brand":[],"product_cat":[496],"product_tag":[],"class_list":{"0":"post-9009","1":"product","2":"type-product","3":"status-publish","4":"has-post-thumbnail","6":"product_cat-condiments-aigres-doux","8":"first","9":"instock","10":"featured","11":"shipping-taxable","12":"purchasable","13":"product-type-simple"},"yoast_head":"<!-- This site is optimized with the Yoast SEO plugin v27.4 - https:\/\/yoast.com\/product\/yoast-seo-wordpress\/ -->\n<title>Assaisonnement Blanc D\u00e9licat | Acetaia Marchi<\/title>\n<meta name=\"description\" content=\"Pregiato condimento a base di mosto concentrato di uve Trebbiano e aceto di vino bianco. Ideale per arricchire insalate, piatti di pesce e carni bianche.\" \/>\n<meta name=\"robots\" content=\"index, follow, max-snippet:-1, max-image-preview:large, max-video-preview:-1\" \/>\n<link rel=\"canonical\" href=\"https:\/\/www.acetaiamarchi.com\/fr\/produit\/assaisonnement-blanc-delicat\/\" \/>\n<meta property=\"og:locale\" content=\"fr_FR\" \/>\n<meta property=\"og:type\" content=\"article\" \/>\n<meta property=\"og:title\" content=\"Assaisonnement Blanc D\u00e9licat | Acetaia Marchi\" \/>\n<meta property=\"og:description\" content=\"Pregiato condimento a base di mosto concentrato di uve Trebbiano e aceto di vino bianco. Ideale per arricchire insalate, piatti di pesce e carni bianche.\" \/>\n<meta property=\"og:url\" content=\"https:\/\/www.acetaiamarchi.com\/fr\/produit\/assaisonnement-blanc-delicat\/\" \/>\n<meta property=\"og:site_name\" content=\"Acetaia Marchi\" \/>\n<meta property=\"article:modified_time\" content=\"2025-11-19T17:44:29+00:00\" \/>\n<meta property=\"og:image\" content=\"https:\/\/www.acetaiamarchi.com\/wp-content\/uploads\/2025\/03\/Condimento-Delicato-250ml.jpg\" \/>\n\t<meta property=\"og:image:width\" content=\"1600\" \/>\n\t<meta property=\"og:image:height\" content=\"1600\" \/>\n\t<meta property=\"og:image:type\" content=\"image\/jpeg\" \/>\n<meta name=\"twitter:card\" content=\"summary_large_image\" \/>\n<meta name=\"twitter:label1\" content=\"Dur\u00e9e de lecture estim\u00e9e\" \/>\n\t<meta name=\"twitter:data1\" content=\"2 minutes\" \/>\n<script type=\"application\/ld+json\" class=\"yoast-schema-graph\">{\"@context\":\"https:\\\/\\\/schema.org\",\"@graph\":[{\"@type\":\"WebPage\",\"@id\":\"https:\\\/\\\/www.acetaiamarchi.com\\\/fr\\\/produit\\\/assaisonnement-blanc-delicat\\\/\",\"url\":\"https:\\\/\\\/www.acetaiamarchi.com\\\/fr\\\/produit\\\/assaisonnement-blanc-delicat\\\/\",\"name\":\"Assaisonnement Blanc D\u00e9licat | Acetaia Marchi\",\"isPartOf\":{\"@id\":\"https:\\\/\\\/www.acetaiamarchi.com\\\/fr\\\/#website\"},\"primaryImageOfPage\":{\"@id\":\"https:\\\/\\\/www.acetaiamarchi.com\\\/fr\\\/produit\\\/assaisonnement-blanc-delicat\\\/#primaryimage\"},\"image\":{\"@id\":\"https:\\\/\\\/www.acetaiamarchi.com\\\/fr\\\/produit\\\/assaisonnement-blanc-delicat\\\/#primaryimage\"},\"thumbnailUrl\":\"https:\\\/\\\/www.acetaiamarchi.com\\\/wp-content\\\/uploads\\\/2025\\\/03\\\/Condimento-Delicato-250ml.jpg\",\"datePublished\":\"2025-03-20T16:05:50+00:00\",\"dateModified\":\"2025-11-19T17:44:29+00:00\",\"description\":\"Pregiato condimento a base di mosto concentrato di uve Trebbiano e aceto di vino bianco. Ideale per arricchire insalate, piatti di pesce e carni bianche.\",\"breadcrumb\":{\"@id\":\"https:\\\/\\\/www.acetaiamarchi.com\\\/fr\\\/produit\\\/assaisonnement-blanc-delicat\\\/#breadcrumb\"},\"inLanguage\":\"fr-FR\",\"potentialAction\":[{\"@type\":\"ReadAction\",\"target\":[\"https:\\\/\\\/www.acetaiamarchi.com\\\/fr\\\/produit\\\/assaisonnement-blanc-delicat\\\/\"]}]},{\"@type\":\"ImageObject\",\"inLanguage\":\"fr-FR\",\"@id\":\"https:\\\/\\\/www.acetaiamarchi.com\\\/fr\\\/produit\\\/assaisonnement-blanc-delicat\\\/#primaryimage\",\"url\":\"https:\\\/\\\/www.acetaiamarchi.com\\\/wp-content\\\/uploads\\\/2025\\\/03\\\/Condimento-Delicato-250ml.jpg\",\"contentUrl\":\"https:\\\/\\\/www.acetaiamarchi.com\\\/wp-content\\\/uploads\\\/2025\\\/03\\\/Condimento-Delicato-250ml.jpg\",\"width\":1600,\"height\":1600,\"caption\":\"Condimento Bianco Delicato\"},{\"@type\":\"BreadcrumbList\",\"@id\":\"https:\\\/\\\/www.acetaiamarchi.com\\\/fr\\\/produit\\\/assaisonnement-blanc-delicat\\\/#breadcrumb\",\"itemListElement\":[{\"@type\":\"ListItem\",\"position\":1,\"name\":\"Home\",\"item\":\"https:\\\/\\\/www.acetaiamarchi.com\\\/fr\\\/\"},{\"@type\":\"ListItem\",\"position\":2,\"name\":\"Produits\",\"item\":\"https:\\\/\\\/www.acetaiamarchi.com\\\/fr\\\/shop\\\/\"},{\"@type\":\"ListItem\",\"position\":3,\"name\":\"Assaisonnement Blanc D\u00e9licat\"}]},{\"@type\":\"WebSite\",\"@id\":\"https:\\\/\\\/www.acetaiamarchi.com\\\/fr\\\/#website\",\"url\":\"https:\\\/\\\/www.acetaiamarchi.com\\\/fr\\\/\",\"name\":\"Acetaia Marchi Srl\",\"description\":\"\",\"publisher\":{\"@id\":\"https:\\\/\\\/www.acetaiamarchi.com\\\/fr\\\/#organization\"},\"potentialAction\":[{\"@type\":\"SearchAction\",\"target\":{\"@type\":\"EntryPoint\",\"urlTemplate\":\"https:\\\/\\\/www.acetaiamarchi.com\\\/fr\\\/?s={search_term_string}\"},\"query-input\":{\"@type\":\"PropertyValueSpecification\",\"valueRequired\":true,\"valueName\":\"search_term_string\"}}],\"inLanguage\":\"fr-FR\"},{\"@type\":\"Organization\",\"@id\":\"https:\\\/\\\/www.acetaiamarchi.com\\\/fr\\\/#organization\",\"name\":\"Acetaia Marchi Srl\",\"url\":\"https:\\\/\\\/www.acetaiamarchi.com\\\/fr\\\/\",\"logo\":{\"@type\":\"ImageObject\",\"inLanguage\":\"fr-FR\",\"@id\":\"https:\\\/\\\/www.acetaiamarchi.com\\\/fr\\\/#\\\/schema\\\/logo\\\/image\\\/\",\"url\":\"https:\\\/\\\/acetaiamarchi.com\\\/wp-content\\\/uploads\\\/2025\\\/03\\\/Acetaia-Marchi-Srl-Logo.png\",\"contentUrl\":\"https:\\\/\\\/acetaiamarchi.com\\\/wp-content\\\/uploads\\\/2025\\\/03\\\/Acetaia-Marchi-Srl-Logo.png\",\"width\":2000,\"height\":2000,\"caption\":\"Acetaia Marchi Srl\"},\"image\":{\"@id\":\"https:\\\/\\\/www.acetaiamarchi.com\\\/fr\\\/#\\\/schema\\\/logo\\\/image\\\/\"}}]}<\/script>\n<!-- \/ Yoast SEO plugin. -->","yoast_head_json":{"title":"Assaisonnement Blanc D\u00e9licat | Acetaia Marchi","description":"Pregiato condimento a base di mosto concentrato di uve Trebbiano e aceto di vino bianco. Ideale per arricchire insalate, piatti di pesce e carni bianche.","robots":{"index":"index","follow":"follow","max-snippet":"max-snippet:-1","max-image-preview":"max-image-preview:large","max-video-preview":"max-video-preview:-1"},"canonical":"https:\/\/www.acetaiamarchi.com\/fr\/produit\/assaisonnement-blanc-delicat\/","og_locale":"fr_FR","og_type":"article","og_title":"Assaisonnement Blanc D\u00e9licat | Acetaia Marchi","og_description":"Pregiato condimento a base di mosto concentrato di uve Trebbiano e aceto di vino bianco. Ideale per arricchire insalate, piatti di pesce e carni bianche.","og_url":"https:\/\/www.acetaiamarchi.com\/fr\/produit\/assaisonnement-blanc-delicat\/","og_site_name":"Acetaia Marchi","article_modified_time":"2025-11-19T17:44:29+00:00","og_image":[{"width":1600,"height":1600,"url":"https:\/\/www.acetaiamarchi.com\/wp-content\/uploads\/2025\/03\/Condimento-Delicato-250ml.jpg","type":"image\/jpeg"}],"twitter_card":"summary_large_image","twitter_misc":{"Dur\u00e9e de lecture estim\u00e9e":"2 minutes"},"schema":{"@context":"https:\/\/schema.org","@graph":[{"@type":"WebPage","@id":"https:\/\/www.acetaiamarchi.com\/fr\/produit\/assaisonnement-blanc-delicat\/","url":"https:\/\/www.acetaiamarchi.com\/fr\/produit\/assaisonnement-blanc-delicat\/","name":"Assaisonnement Blanc D\u00e9licat | Acetaia Marchi","isPartOf":{"@id":"https:\/\/www.acetaiamarchi.com\/fr\/#website"},"primaryImageOfPage":{"@id":"https:\/\/www.acetaiamarchi.com\/fr\/produit\/assaisonnement-blanc-delicat\/#primaryimage"},"image":{"@id":"https:\/\/www.acetaiamarchi.com\/fr\/produit\/assaisonnement-blanc-delicat\/#primaryimage"},"thumbnailUrl":"https:\/\/www.acetaiamarchi.com\/wp-content\/uploads\/2025\/03\/Condimento-Delicato-250ml.jpg","datePublished":"2025-03-20T16:05:50+00:00","dateModified":"2025-11-19T17:44:29+00:00","description":"Pregiato condimento a base di mosto concentrato di uve Trebbiano e aceto di vino bianco. Ideale per arricchire insalate, piatti di pesce e carni bianche.","breadcrumb":{"@id":"https:\/\/www.acetaiamarchi.com\/fr\/produit\/assaisonnement-blanc-delicat\/#breadcrumb"},"inLanguage":"fr-FR","potentialAction":[{"@type":"ReadAction","target":["https:\/\/www.acetaiamarchi.com\/fr\/produit\/assaisonnement-blanc-delicat\/"]}]},{"@type":"ImageObject","inLanguage":"fr-FR","@id":"https:\/\/www.acetaiamarchi.com\/fr\/produit\/assaisonnement-blanc-delicat\/#primaryimage","url":"https:\/\/www.acetaiamarchi.com\/wp-content\/uploads\/2025\/03\/Condimento-Delicato-250ml.jpg","contentUrl":"https:\/\/www.acetaiamarchi.com\/wp-content\/uploads\/2025\/03\/Condimento-Delicato-250ml.jpg","width":1600,"height":1600,"caption":"Condimento Bianco Delicato"},{"@type":"BreadcrumbList","@id":"https:\/\/www.acetaiamarchi.com\/fr\/produit\/assaisonnement-blanc-delicat\/#breadcrumb","itemListElement":[{"@type":"ListItem","position":1,"name":"Home","item":"https:\/\/www.acetaiamarchi.com\/fr\/"},{"@type":"ListItem","position":2,"name":"Produits","item":"https:\/\/www.acetaiamarchi.com\/fr\/shop\/"},{"@type":"ListItem","position":3,"name":"Assaisonnement Blanc D\u00e9licat"}]},{"@type":"WebSite","@id":"https:\/\/www.acetaiamarchi.com\/fr\/#website","url":"https:\/\/www.acetaiamarchi.com\/fr\/","name":"Acetaia Marchi Srl","description":"","publisher":{"@id":"https:\/\/www.acetaiamarchi.com\/fr\/#organization"},"potentialAction":[{"@type":"SearchAction","target":{"@type":"EntryPoint","urlTemplate":"https:\/\/www.acetaiamarchi.com\/fr\/?s={search_term_string}"},"query-input":{"@type":"PropertyValueSpecification","valueRequired":true,"valueName":"search_term_string"}}],"inLanguage":"fr-FR"},{"@type":"Organization","@id":"https:\/\/www.acetaiamarchi.com\/fr\/#organization","name":"Acetaia Marchi Srl","url":"https:\/\/www.acetaiamarchi.com\/fr\/","logo":{"@type":"ImageObject","inLanguage":"fr-FR","@id":"https:\/\/www.acetaiamarchi.com\/fr\/#\/schema\/logo\/image\/","url":"https:\/\/acetaiamarchi.com\/wp-content\/uploads\/2025\/03\/Acetaia-Marchi-Srl-Logo.png","contentUrl":"https:\/\/acetaiamarchi.com\/wp-content\/uploads\/2025\/03\/Acetaia-Marchi-Srl-Logo.png","width":2000,"height":2000,"caption":"Acetaia Marchi Srl"},"image":{"@id":"https:\/\/www.acetaiamarchi.com\/fr\/#\/schema\/logo\/image\/"}}]}},"_links":{"self":[{"href":"https:\/\/www.acetaiamarchi.com\/fr\/wp-json\/wp\/v2\/product\/9009","targetHints":{"allow":["GET"]}}],"collection":[{"href":"https:\/\/www.acetaiamarchi.com\/fr\/wp-json\/wp\/v2\/product"}],"about":[{"href":"https:\/\/www.acetaiamarchi.com\/fr\/wp-json\/wp\/v2\/types\/product"}],"version-history":[{"count":3,"href":"https:\/\/www.acetaiamarchi.com\/fr\/wp-json\/wp\/v2\/product\/9009\/revisions"}],"predecessor-version":[{"id":11569,"href":"https:\/\/www.acetaiamarchi.com\/fr\/wp-json\/wp\/v2\/product\/9009\/revisions\/11569"}],"wp:featuredmedia":[{"embeddable":true,"href":"https:\/\/www.acetaiamarchi.com\/fr\/wp-json\/wp\/v2\/media\/1205"}],"wp:attachment":[{"href":"https:\/\/www.acetaiamarchi.com\/fr\/wp-json\/wp\/v2\/media?parent=9009"}],"wp:term":[{"taxonomy":"product_brand","embeddable":true,"href":"https:\/\/www.acetaiamarchi.com\/fr\/wp-json\/wp\/v2\/product_brand?post=9009"},{"taxonomy":"product_cat","embeddable":true,"href":"https:\/\/www.acetaiamarchi.com\/fr\/wp-json\/wp\/v2\/product_cat?post=9009"},{"taxonomy":"product_tag","embeddable":true,"href":"https:\/\/www.acetaiamarchi.com\/fr\/wp-json\/wp\/v2\/product_tag?post=9009"}],"curies":[{"name":"wp","href":"https:\/\/api.w.org\/{rel}","templated":true}]}}