{"id":8955,"date":"2025-03-25T14:18:08","date_gmt":"2025-03-25T13:18:08","guid":{"rendered":"https:\/\/www.acetaiamarchi.com\/fr\/?post_type=product&#038;p=8955"},"modified":"2025-12-18T10:17:09","modified_gmt":"2025-12-18T09:17:09","slug":"aceto-balsamique-de-modene-igp-classique-20","status":"publish","type":"product","link":"https:\/\/www.acetaiamarchi.com\/fr\/produit\/aceto-balsamique-de-modene-igp-classique-20\/","title":{"rendered":"Aceto Balsamique de Mod\u00e8ne IGP &#8211; Classique 20"},"content":{"rendered":"<p class=\"\" data-start=\"1126\" data-end=\"1507\">Du c\u0153ur de l&rsquo;\u00c9milie, le Vinaigre Balsamique de Mod\u00e8ne IGP s\u00e9duit par son <strong>go\u00fbt aigre-doux<\/strong> et sa <strong>brillante teinte sombre<\/strong>.<br data-start=\"1255\" data-end=\"1258\" \/>Produit gr\u00e2ce \u00e0 une union raffin\u00e9e de mo\u00fbts cuits issus de raisins s\u00e9lectionn\u00e9s et \u00e0 une addition soigneuse de Vinaigre de Vin, ce condiment est vieilli en f\u00fbts de ch\u00eane qui en exaltent les qualit\u00e9s organoleptiques et le lien avec la tradition.<\/p>\n<p class=\"\" data-start=\"1509\" data-end=\"1751\"><strong data-start=\"1509\" data-end=\"1598\">Le parfum, riche et enveloppant, r\u00e9v\u00e8le un \u00e9quilibre parfait entre acidit\u00e9 et douceur.<\/strong><br data-start=\"1598\" data-end=\"1601\" \/>Ses notes aromatiques le rendent parfait pour sublimer viandes, l\u00e9gumes et fromages, offrant une exp\u00e9rience gustative alliant \u00e9l\u00e9gance et authenticit\u00e9.<\/p>\n","protected":false},"excerpt":{"rendered":"<p>Aceto balsamique de Mod\u00e8ne IGP produit \u00e0 partir de mo\u00fbt cuit de raisin Trebbiano et Lambruschi et de vinaigre de vin, vieilli en bois.<\/p>\n","protected":false},"featured_media":1055,"template":"","meta":[],"product_brand":[],"product_cat":[490],"product_tag":[],"class_list":{"0":"post-8955","1":"product","2":"type-product","3":"status-publish","4":"has-post-thumbnail","6":"product_cat-les-classiques","8":"first","9":"instock","10":"shipping-taxable","11":"product-type-simple"},"yoast_head":"<!-- This site is optimized with the Yoast SEO plugin v27.4 - https:\/\/yoast.com\/product\/yoast-seo-wordpress\/ -->\n<title>Aceto Balsamique de Mod\u00e8ne IGP - Classique 20 | Acetaia Marchi<\/title>\n<meta name=\"description\" content=\"Produzione e vendita di Aceto balsamico di Modena IGP prodotto con une autoctone di Trebbiano e Lambruschi. Invecchiato in botti in legno.\" \/>\n<meta name=\"robots\" content=\"index, follow, max-snippet:-1, max-image-preview:large, max-video-preview:-1\" \/>\n<link rel=\"canonical\" href=\"https:\/\/www.acetaiamarchi.com\/fr\/produit\/aceto-balsamique-de-modene-igp-classique-20\/\" \/>\n<meta property=\"og:locale\" content=\"fr_FR\" \/>\n<meta property=\"og:type\" content=\"article\" \/>\n<meta property=\"og:title\" content=\"Aceto Balsamique de Mod\u00e8ne IGP - Classique 20 | Acetaia Marchi\" \/>\n<meta property=\"og:description\" content=\"Produzione e vendita di Aceto balsamico di Modena IGP prodotto con une autoctone di Trebbiano e Lambruschi. Invecchiato in botti in legno.\" \/>\n<meta property=\"og:url\" content=\"https:\/\/www.acetaiamarchi.com\/fr\/produit\/aceto-balsamique-de-modene-igp-classique-20\/\" \/>\n<meta property=\"og:site_name\" content=\"Acetaia Marchi\" \/>\n<meta property=\"article:modified_time\" content=\"2025-12-18T09:17:09+00:00\" \/>\n<meta property=\"og:image\" content=\"https:\/\/www.acetaiamarchi.com\/wp-content\/uploads\/2025\/03\/Aceto-Balsamico-di-Modena-IGP-Classico-20.jpg\" \/>\n\t<meta property=\"og:image:width\" content=\"1600\" \/>\n\t<meta property=\"og:image:height\" content=\"1600\" \/>\n\t<meta property=\"og:image:type\" content=\"image\/jpeg\" \/>\n<meta name=\"twitter:card\" content=\"summary_large_image\" \/>\n<meta name=\"twitter:label1\" content=\"Dur\u00e9e de lecture estim\u00e9e\" \/>\n\t<meta name=\"twitter:data1\" content=\"1 minute\" \/>\n<script type=\"application\/ld+json\" class=\"yoast-schema-graph\">{\"@context\":\"https:\\\/\\\/schema.org\",\"@graph\":[{\"@type\":\"WebPage\",\"@id\":\"https:\\\/\\\/www.acetaiamarchi.com\\\/fr\\\/produit\\\/aceto-balsamique-de-modene-igp-classique-20\\\/\",\"url\":\"https:\\\/\\\/www.acetaiamarchi.com\\\/fr\\\/produit\\\/aceto-balsamique-de-modene-igp-classique-20\\\/\",\"name\":\"Aceto Balsamique de Mod\u00e8ne IGP - Classique 20 | Acetaia Marchi\",\"isPartOf\":{\"@id\":\"https:\\\/\\\/www.acetaiamarchi.com\\\/fr\\\/#website\"},\"primaryImageOfPage\":{\"@id\":\"https:\\\/\\\/www.acetaiamarchi.com\\\/fr\\\/produit\\\/aceto-balsamique-de-modene-igp-classique-20\\\/#primaryimage\"},\"image\":{\"@id\":\"https:\\\/\\\/www.acetaiamarchi.com\\\/fr\\\/produit\\\/aceto-balsamique-de-modene-igp-classique-20\\\/#primaryimage\"},\"thumbnailUrl\":\"https:\\\/\\\/www.acetaiamarchi.com\\\/wp-content\\\/uploads\\\/2025\\\/03\\\/Aceto-Balsamico-di-Modena-IGP-Classico-20.jpg\",\"datePublished\":\"2025-03-25T13:18:08+00:00\",\"dateModified\":\"2025-12-18T09:17:09+00:00\",\"description\":\"Produzione e vendita di Aceto balsamico di Modena IGP prodotto con une autoctone di Trebbiano e Lambruschi. Invecchiato in botti in legno.\",\"breadcrumb\":{\"@id\":\"https:\\\/\\\/www.acetaiamarchi.com\\\/fr\\\/produit\\\/aceto-balsamique-de-modene-igp-classique-20\\\/#breadcrumb\"},\"inLanguage\":\"fr-FR\",\"potentialAction\":[{\"@type\":\"ReadAction\",\"target\":[\"https:\\\/\\\/www.acetaiamarchi.com\\\/fr\\\/produit\\\/aceto-balsamique-de-modene-igp-classique-20\\\/\"]}]},{\"@type\":\"ImageObject\",\"inLanguage\":\"fr-FR\",\"@id\":\"https:\\\/\\\/www.acetaiamarchi.com\\\/fr\\\/produit\\\/aceto-balsamique-de-modene-igp-classique-20\\\/#primaryimage\",\"url\":\"https:\\\/\\\/www.acetaiamarchi.com\\\/wp-content\\\/uploads\\\/2025\\\/03\\\/Aceto-Balsamico-di-Modena-IGP-Classico-20.jpg\",\"contentUrl\":\"https:\\\/\\\/www.acetaiamarchi.com\\\/wp-content\\\/uploads\\\/2025\\\/03\\\/Aceto-Balsamico-di-Modena-IGP-Classico-20.jpg\",\"width\":1600,\"height\":1600,\"caption\":\"Aceto Balsamico di Modena IGP - Classico 20\"},{\"@type\":\"BreadcrumbList\",\"@id\":\"https:\\\/\\\/www.acetaiamarchi.com\\\/fr\\\/produit\\\/aceto-balsamique-de-modene-igp-classique-20\\\/#breadcrumb\",\"itemListElement\":[{\"@type\":\"ListItem\",\"position\":1,\"name\":\"Home\",\"item\":\"https:\\\/\\\/www.acetaiamarchi.com\\\/fr\\\/\"},{\"@type\":\"ListItem\",\"position\":2,\"name\":\"Produits\",\"item\":\"https:\\\/\\\/www.acetaiamarchi.com\\\/fr\\\/shop\\\/\"},{\"@type\":\"ListItem\",\"position\":3,\"name\":\"Aceto Balsamique de Mod\u00e8ne IGP &#8211; Classique 20\"}]},{\"@type\":\"WebSite\",\"@id\":\"https:\\\/\\\/www.acetaiamarchi.com\\\/fr\\\/#website\",\"url\":\"https:\\\/\\\/www.acetaiamarchi.com\\\/fr\\\/\",\"name\":\"Acetaia Marchi Srl\",\"description\":\"\",\"publisher\":{\"@id\":\"https:\\\/\\\/www.acetaiamarchi.com\\\/fr\\\/#organization\"},\"potentialAction\":[{\"@type\":\"SearchAction\",\"target\":{\"@type\":\"EntryPoint\",\"urlTemplate\":\"https:\\\/\\\/www.acetaiamarchi.com\\\/fr\\\/?s={search_term_string}\"},\"query-input\":{\"@type\":\"PropertyValueSpecification\",\"valueRequired\":true,\"valueName\":\"search_term_string\"}}],\"inLanguage\":\"fr-FR\"},{\"@type\":\"Organization\",\"@id\":\"https:\\\/\\\/www.acetaiamarchi.com\\\/fr\\\/#organization\",\"name\":\"Acetaia Marchi Srl\",\"url\":\"https:\\\/\\\/www.acetaiamarchi.com\\\/fr\\\/\",\"logo\":{\"@type\":\"ImageObject\",\"inLanguage\":\"fr-FR\",\"@id\":\"https:\\\/\\\/www.acetaiamarchi.com\\\/fr\\\/#\\\/schema\\\/logo\\\/image\\\/\",\"url\":\"https:\\\/\\\/acetaiamarchi.com\\\/wp-content\\\/uploads\\\/2025\\\/03\\\/Acetaia-Marchi-Srl-Logo.png\",\"contentUrl\":\"https:\\\/\\\/acetaiamarchi.com\\\/wp-content\\\/uploads\\\/2025\\\/03\\\/Acetaia-Marchi-Srl-Logo.png\",\"width\":2000,\"height\":2000,\"caption\":\"Acetaia Marchi Srl\"},\"image\":{\"@id\":\"https:\\\/\\\/www.acetaiamarchi.com\\\/fr\\\/#\\\/schema\\\/logo\\\/image\\\/\"}}]}<\/script>\n<!-- \/ Yoast SEO plugin. -->","yoast_head_json":{"title":"Aceto Balsamique de Mod\u00e8ne IGP - Classique 20 | Acetaia Marchi","description":"Produzione e vendita di Aceto balsamico di Modena IGP prodotto con une autoctone di Trebbiano e Lambruschi. Invecchiato in botti in legno.","robots":{"index":"index","follow":"follow","max-snippet":"max-snippet:-1","max-image-preview":"max-image-preview:large","max-video-preview":"max-video-preview:-1"},"canonical":"https:\/\/www.acetaiamarchi.com\/fr\/produit\/aceto-balsamique-de-modene-igp-classique-20\/","og_locale":"fr_FR","og_type":"article","og_title":"Aceto Balsamique de Mod\u00e8ne IGP - Classique 20 | Acetaia Marchi","og_description":"Produzione e vendita di Aceto balsamico di Modena IGP prodotto con une autoctone di Trebbiano e Lambruschi. Invecchiato in botti in legno.","og_url":"https:\/\/www.acetaiamarchi.com\/fr\/produit\/aceto-balsamique-de-modene-igp-classique-20\/","og_site_name":"Acetaia Marchi","article_modified_time":"2025-12-18T09:17:09+00:00","og_image":[{"width":1600,"height":1600,"url":"https:\/\/www.acetaiamarchi.com\/wp-content\/uploads\/2025\/03\/Aceto-Balsamico-di-Modena-IGP-Classico-20.jpg","type":"image\/jpeg"}],"twitter_card":"summary_large_image","twitter_misc":{"Dur\u00e9e de lecture estim\u00e9e":"1 minute"},"schema":{"@context":"https:\/\/schema.org","@graph":[{"@type":"WebPage","@id":"https:\/\/www.acetaiamarchi.com\/fr\/produit\/aceto-balsamique-de-modene-igp-classique-20\/","url":"https:\/\/www.acetaiamarchi.com\/fr\/produit\/aceto-balsamique-de-modene-igp-classique-20\/","name":"Aceto Balsamique de Mod\u00e8ne IGP - Classique 20 | Acetaia Marchi","isPartOf":{"@id":"https:\/\/www.acetaiamarchi.com\/fr\/#website"},"primaryImageOfPage":{"@id":"https:\/\/www.acetaiamarchi.com\/fr\/produit\/aceto-balsamique-de-modene-igp-classique-20\/#primaryimage"},"image":{"@id":"https:\/\/www.acetaiamarchi.com\/fr\/produit\/aceto-balsamique-de-modene-igp-classique-20\/#primaryimage"},"thumbnailUrl":"https:\/\/www.acetaiamarchi.com\/wp-content\/uploads\/2025\/03\/Aceto-Balsamico-di-Modena-IGP-Classico-20.jpg","datePublished":"2025-03-25T13:18:08+00:00","dateModified":"2025-12-18T09:17:09+00:00","description":"Produzione e vendita di Aceto balsamico di Modena IGP prodotto con une autoctone di Trebbiano e Lambruschi. Invecchiato in botti in legno.","breadcrumb":{"@id":"https:\/\/www.acetaiamarchi.com\/fr\/produit\/aceto-balsamique-de-modene-igp-classique-20\/#breadcrumb"},"inLanguage":"fr-FR","potentialAction":[{"@type":"ReadAction","target":["https:\/\/www.acetaiamarchi.com\/fr\/produit\/aceto-balsamique-de-modene-igp-classique-20\/"]}]},{"@type":"ImageObject","inLanguage":"fr-FR","@id":"https:\/\/www.acetaiamarchi.com\/fr\/produit\/aceto-balsamique-de-modene-igp-classique-20\/#primaryimage","url":"https:\/\/www.acetaiamarchi.com\/wp-content\/uploads\/2025\/03\/Aceto-Balsamico-di-Modena-IGP-Classico-20.jpg","contentUrl":"https:\/\/www.acetaiamarchi.com\/wp-content\/uploads\/2025\/03\/Aceto-Balsamico-di-Modena-IGP-Classico-20.jpg","width":1600,"height":1600,"caption":"Aceto Balsamico di Modena IGP - Classico 20"},{"@type":"BreadcrumbList","@id":"https:\/\/www.acetaiamarchi.com\/fr\/produit\/aceto-balsamique-de-modene-igp-classique-20\/#breadcrumb","itemListElement":[{"@type":"ListItem","position":1,"name":"Home","item":"https:\/\/www.acetaiamarchi.com\/fr\/"},{"@type":"ListItem","position":2,"name":"Produits","item":"https:\/\/www.acetaiamarchi.com\/fr\/shop\/"},{"@type":"ListItem","position":3,"name":"Aceto Balsamique de Mod\u00e8ne IGP &#8211; Classique 20"}]},{"@type":"WebSite","@id":"https:\/\/www.acetaiamarchi.com\/fr\/#website","url":"https:\/\/www.acetaiamarchi.com\/fr\/","name":"Acetaia Marchi Srl","description":"","publisher":{"@id":"https:\/\/www.acetaiamarchi.com\/fr\/#organization"},"potentialAction":[{"@type":"SearchAction","target":{"@type":"EntryPoint","urlTemplate":"https:\/\/www.acetaiamarchi.com\/fr\/?s={search_term_string}"},"query-input":{"@type":"PropertyValueSpecification","valueRequired":true,"valueName":"search_term_string"}}],"inLanguage":"fr-FR"},{"@type":"Organization","@id":"https:\/\/www.acetaiamarchi.com\/fr\/#organization","name":"Acetaia Marchi Srl","url":"https:\/\/www.acetaiamarchi.com\/fr\/","logo":{"@type":"ImageObject","inLanguage":"fr-FR","@id":"https:\/\/www.acetaiamarchi.com\/fr\/#\/schema\/logo\/image\/","url":"https:\/\/acetaiamarchi.com\/wp-content\/uploads\/2025\/03\/Acetaia-Marchi-Srl-Logo.png","contentUrl":"https:\/\/acetaiamarchi.com\/wp-content\/uploads\/2025\/03\/Acetaia-Marchi-Srl-Logo.png","width":2000,"height":2000,"caption":"Acetaia Marchi Srl"},"image":{"@id":"https:\/\/www.acetaiamarchi.com\/fr\/#\/schema\/logo\/image\/"}}]}},"_links":{"self":[{"href":"https:\/\/www.acetaiamarchi.com\/fr\/wp-json\/wp\/v2\/product\/8955","targetHints":{"allow":["GET"]}}],"collection":[{"href":"https:\/\/www.acetaiamarchi.com\/fr\/wp-json\/wp\/v2\/product"}],"about":[{"href":"https:\/\/www.acetaiamarchi.com\/fr\/wp-json\/wp\/v2\/types\/product"}],"version-history":[{"count":3,"href":"https:\/\/www.acetaiamarchi.com\/fr\/wp-json\/wp\/v2\/product\/8955\/revisions"}],"predecessor-version":[{"id":11625,"href":"https:\/\/www.acetaiamarchi.com\/fr\/wp-json\/wp\/v2\/product\/8955\/revisions\/11625"}],"wp:featuredmedia":[{"embeddable":true,"href":"https:\/\/www.acetaiamarchi.com\/fr\/wp-json\/wp\/v2\/media\/1055"}],"wp:attachment":[{"href":"https:\/\/www.acetaiamarchi.com\/fr\/wp-json\/wp\/v2\/media?parent=8955"}],"wp:term":[{"taxonomy":"product_brand","embeddable":true,"href":"https:\/\/www.acetaiamarchi.com\/fr\/wp-json\/wp\/v2\/product_brand?post=8955"},{"taxonomy":"product_cat","embeddable":true,"href":"https:\/\/www.acetaiamarchi.com\/fr\/wp-json\/wp\/v2\/product_cat?post=8955"},{"taxonomy":"product_tag","embeddable":true,"href":"https:\/\/www.acetaiamarchi.com\/fr\/wp-json\/wp\/v2\/product_tag?post=8955"}],"curies":[{"name":"wp","href":"https:\/\/api.w.org\/{rel}","templated":true}]}}