{"id":8931,"date":"2025-03-25T10:42:55","date_gmt":"2025-03-25T09:42:55","guid":{"rendered":"https:\/\/www.acetaiamarchi.com\/fr\/?post_type=product&#038;p=8931"},"modified":"2026-01-13T18:57:19","modified_gmt":"2026-01-13T17:57:19","slug":"vinaigre-balsamique-de-modene-igp-vieilli-or","status":"publish","type":"product","link":"https:\/\/www.acetaiamarchi.com\/fr\/produit\/vinaigre-balsamique-de-modene-igp-vieilli-or\/","title":{"rendered":"Vinaigre Balsamique de Mod\u00e8ne IGP &#8211; Vieilli Or"},"content":{"rendered":"<p>Le Vinaigre Balsamique de Mod\u00e8ne IGP Vieilli Or <strong>est le produit le plus prestigieux de notre collection<\/strong>.<\/p>\n<p>Ce Vinaigre Balsamique de Mod\u00e8ne I.G.P Vieilli sp\u00e9cial pr\u00e9sente une couleur noire intense tout en \u00e9tant limpide et brillante. Il offre un <strong>go\u00fbt \u00e9quilibr\u00e9 et harmonieux<\/strong>, intense et structurellement complexe, accompagn\u00e9 de notes tanniques tr\u00e8s marqu\u00e9es.<br \/>\nIl s&rsquo;agit d&rsquo;un produit de tr\u00e8s haute qualit\u00e9, prestigieux et id\u00e9al pour les occasions sp\u00e9ciales.<\/p>\n<p>Le Vinaigre Balsamique de Mod\u00e8ne IGP Vieilli Or est disponible dans une bouteille raffin\u00e9e de 250 ml avec bouchon verseur et il est possible de choisir entre la version avec ou sans bo\u00eete.<\/p>\n<p><em><strong>En cuisine<\/strong><\/em> : Ce Vinaigre Balsamique de Mod\u00e8ne IGP Vieilli est recommand\u00e9 <strong>pour accompagner les fromages affin\u00e9s et les entr\u00e9es fra\u00eeches<\/strong>, et peut \u00eatre utilis\u00e9 dans la pr\u00e9paration des desserts.<\/p>\n","protected":false},"excerpt":{"rendered":"<p>L\u2019Aceto Balsamique de Mod\u00e8ne IGP Vieilli Or <strong>est le produit le plus prestigieux de notre collection<\/strong>, avec son go\u00fbt harmonieux et \u00e9quilibr\u00e9.<br \/>\nIl est disponible dans une bouteille raffin\u00e9e de 250 ml avec bouchon verseur et il est possible de choisir entre la version avec ou sans bo\u00eete.<\/p>\n","protected":false},"featured_media":14841,"template":"","meta":[],"product_brand":[],"product_cat":[487],"product_tag":[],"class_list":{"0":"post-8931","1":"product","2":"type-product","3":"status-publish","4":"has-post-thumbnail","6":"product_cat-les-sceaux","8":"first","9":"instock","10":"featured","11":"shipping-taxable","12":"purchasable","13":"product-type-simple"},"yoast_head":"<!-- This site is optimized with the Yoast SEO plugin v27.4 - https:\/\/yoast.com\/product\/yoast-seo-wordpress\/ -->\n<title>Vinaigre Balsamique de Mod\u00e8ne IGP - Vieilli Or | Acetaia Marchi<\/title>\n<meta name=\"description\" content=\"Aceto Balsamico di Modena IGP Invecchiato dal gusto equilibrato, armonico e intenso; \u00e8 il prodotto pi\u00f9 prestigioso della nostra collezione.\" \/>\n<meta name=\"robots\" content=\"index, follow, max-snippet:-1, max-image-preview:large, max-video-preview:-1\" \/>\n<link rel=\"canonical\" href=\"https:\/\/www.acetaiamarchi.com\/fr\/produit\/vinaigre-balsamique-de-modene-igp-vieilli-or\/\" \/>\n<meta property=\"og:locale\" content=\"fr_FR\" \/>\n<meta property=\"og:type\" content=\"article\" \/>\n<meta property=\"og:title\" content=\"Vinaigre Balsamique de Mod\u00e8ne IGP - Vieilli Or | Acetaia Marchi\" \/>\n<meta property=\"og:description\" content=\"Aceto Balsamico di Modena IGP Invecchiato dal gusto equilibrato, armonico e intenso; \u00e8 il prodotto pi\u00f9 prestigioso della nostra collezione.\" \/>\n<meta property=\"og:url\" content=\"https:\/\/www.acetaiamarchi.com\/fr\/produit\/vinaigre-balsamique-de-modene-igp-vieilli-or\/\" \/>\n<meta property=\"og:site_name\" content=\"Acetaia Marchi\" \/>\n<meta property=\"article:modified_time\" content=\"2026-01-13T17:57:19+00:00\" \/>\n<meta property=\"og:image\" content=\"https:\/\/www.acetaiamarchi.com\/wp-content\/uploads\/2025\/03\/Aceto-Balsamico-di-Modena-IGP-Invecchiato-Oro.jpg\" \/>\n\t<meta property=\"og:image:width\" content=\"1600\" \/>\n\t<meta property=\"og:image:height\" content=\"1600\" \/>\n\t<meta property=\"og:image:type\" content=\"image\/jpeg\" \/>\n<meta name=\"twitter:card\" content=\"summary_large_image\" \/>\n<meta name=\"twitter:label1\" content=\"Dur\u00e9e de lecture estim\u00e9e\" \/>\n\t<meta name=\"twitter:data1\" content=\"1 minute\" \/>\n<script type=\"application\/ld+json\" class=\"yoast-schema-graph\">{\"@context\":\"https:\\\/\\\/schema.org\",\"@graph\":[{\"@type\":\"WebPage\",\"@id\":\"https:\\\/\\\/www.acetaiamarchi.com\\\/fr\\\/produit\\\/vinaigre-balsamique-de-modene-igp-vieilli-or\\\/\",\"url\":\"https:\\\/\\\/www.acetaiamarchi.com\\\/fr\\\/produit\\\/vinaigre-balsamique-de-modene-igp-vieilli-or\\\/\",\"name\":\"Vinaigre Balsamique de Mod\u00e8ne IGP - Vieilli Or | Acetaia Marchi\",\"isPartOf\":{\"@id\":\"https:\\\/\\\/www.acetaiamarchi.com\\\/fr\\\/#website\"},\"primaryImageOfPage\":{\"@id\":\"https:\\\/\\\/www.acetaiamarchi.com\\\/fr\\\/produit\\\/vinaigre-balsamique-de-modene-igp-vieilli-or\\\/#primaryimage\"},\"image\":{\"@id\":\"https:\\\/\\\/www.acetaiamarchi.com\\\/fr\\\/produit\\\/vinaigre-balsamique-de-modene-igp-vieilli-or\\\/#primaryimage\"},\"thumbnailUrl\":\"https:\\\/\\\/www.acetaiamarchi.com\\\/wp-content\\\/uploads\\\/2025\\\/03\\\/Invecchiato-oro-OK-002.png\",\"datePublished\":\"2025-03-25T09:42:55+00:00\",\"dateModified\":\"2026-01-13T17:57:19+00:00\",\"description\":\"Aceto Balsamico di Modena IGP Invecchiato dal gusto equilibrato, armonico e intenso; \u00e8 il prodotto pi\u00f9 prestigioso della nostra collezione.\",\"breadcrumb\":{\"@id\":\"https:\\\/\\\/www.acetaiamarchi.com\\\/fr\\\/produit\\\/vinaigre-balsamique-de-modene-igp-vieilli-or\\\/#breadcrumb\"},\"inLanguage\":\"fr-FR\",\"potentialAction\":[{\"@type\":\"ReadAction\",\"target\":[\"https:\\\/\\\/www.acetaiamarchi.com\\\/fr\\\/produit\\\/vinaigre-balsamique-de-modene-igp-vieilli-or\\\/\"]}]},{\"@type\":\"ImageObject\",\"inLanguage\":\"fr-FR\",\"@id\":\"https:\\\/\\\/www.acetaiamarchi.com\\\/fr\\\/produit\\\/vinaigre-balsamique-de-modene-igp-vieilli-or\\\/#primaryimage\",\"url\":\"https:\\\/\\\/www.acetaiamarchi.com\\\/wp-content\\\/uploads\\\/2025\\\/03\\\/Invecchiato-oro-OK-002.png\",\"contentUrl\":\"https:\\\/\\\/www.acetaiamarchi.com\\\/wp-content\\\/uploads\\\/2025\\\/03\\\/Invecchiato-oro-OK-002.png\",\"width\":778,\"height\":778},{\"@type\":\"BreadcrumbList\",\"@id\":\"https:\\\/\\\/www.acetaiamarchi.com\\\/fr\\\/produit\\\/vinaigre-balsamique-de-modene-igp-vieilli-or\\\/#breadcrumb\",\"itemListElement\":[{\"@type\":\"ListItem\",\"position\":1,\"name\":\"Home\",\"item\":\"https:\\\/\\\/www.acetaiamarchi.com\\\/fr\\\/\"},{\"@type\":\"ListItem\",\"position\":2,\"name\":\"Produits\",\"item\":\"https:\\\/\\\/www.acetaiamarchi.com\\\/fr\\\/shop\\\/\"},{\"@type\":\"ListItem\",\"position\":3,\"name\":\"Vinaigre Balsamique de Mod\u00e8ne IGP &#8211; Vieilli Or\"}]},{\"@type\":\"WebSite\",\"@id\":\"https:\\\/\\\/www.acetaiamarchi.com\\\/fr\\\/#website\",\"url\":\"https:\\\/\\\/www.acetaiamarchi.com\\\/fr\\\/\",\"name\":\"Acetaia Marchi Srl\",\"description\":\"\",\"publisher\":{\"@id\":\"https:\\\/\\\/www.acetaiamarchi.com\\\/fr\\\/#organization\"},\"potentialAction\":[{\"@type\":\"SearchAction\",\"target\":{\"@type\":\"EntryPoint\",\"urlTemplate\":\"https:\\\/\\\/www.acetaiamarchi.com\\\/fr\\\/?s={search_term_string}\"},\"query-input\":{\"@type\":\"PropertyValueSpecification\",\"valueRequired\":true,\"valueName\":\"search_term_string\"}}],\"inLanguage\":\"fr-FR\"},{\"@type\":\"Organization\",\"@id\":\"https:\\\/\\\/www.acetaiamarchi.com\\\/fr\\\/#organization\",\"name\":\"Acetaia Marchi Srl\",\"url\":\"https:\\\/\\\/www.acetaiamarchi.com\\\/fr\\\/\",\"logo\":{\"@type\":\"ImageObject\",\"inLanguage\":\"fr-FR\",\"@id\":\"https:\\\/\\\/www.acetaiamarchi.com\\\/fr\\\/#\\\/schema\\\/logo\\\/image\\\/\",\"url\":\"https:\\\/\\\/acetaiamarchi.com\\\/wp-content\\\/uploads\\\/2025\\\/03\\\/Acetaia-Marchi-Srl-Logo.png\",\"contentUrl\":\"https:\\\/\\\/acetaiamarchi.com\\\/wp-content\\\/uploads\\\/2025\\\/03\\\/Acetaia-Marchi-Srl-Logo.png\",\"width\":2000,\"height\":2000,\"caption\":\"Acetaia Marchi Srl\"},\"image\":{\"@id\":\"https:\\\/\\\/www.acetaiamarchi.com\\\/fr\\\/#\\\/schema\\\/logo\\\/image\\\/\"}}]}<\/script>\n<!-- \/ Yoast SEO plugin. -->","yoast_head_json":{"title":"Vinaigre Balsamique de Mod\u00e8ne IGP - Vieilli Or | Acetaia Marchi","description":"Aceto Balsamico di Modena IGP Invecchiato dal gusto equilibrato, armonico e intenso; \u00e8 il prodotto pi\u00f9 prestigioso della nostra collezione.","robots":{"index":"index","follow":"follow","max-snippet":"max-snippet:-1","max-image-preview":"max-image-preview:large","max-video-preview":"max-video-preview:-1"},"canonical":"https:\/\/www.acetaiamarchi.com\/fr\/produit\/vinaigre-balsamique-de-modene-igp-vieilli-or\/","og_locale":"fr_FR","og_type":"article","og_title":"Vinaigre Balsamique de Mod\u00e8ne IGP - Vieilli Or | Acetaia Marchi","og_description":"Aceto Balsamico di Modena IGP Invecchiato dal gusto equilibrato, armonico e intenso; \u00e8 il prodotto pi\u00f9 prestigioso della nostra collezione.","og_url":"https:\/\/www.acetaiamarchi.com\/fr\/produit\/vinaigre-balsamique-de-modene-igp-vieilli-or\/","og_site_name":"Acetaia Marchi","article_modified_time":"2026-01-13T17:57:19+00:00","og_image":[{"width":1600,"height":1600,"url":"https:\/\/www.acetaiamarchi.com\/wp-content\/uploads\/2025\/03\/Aceto-Balsamico-di-Modena-IGP-Invecchiato-Oro.jpg","type":"image\/jpeg"}],"twitter_card":"summary_large_image","twitter_misc":{"Dur\u00e9e de lecture estim\u00e9e":"1 minute"},"schema":{"@context":"https:\/\/schema.org","@graph":[{"@type":"WebPage","@id":"https:\/\/www.acetaiamarchi.com\/fr\/produit\/vinaigre-balsamique-de-modene-igp-vieilli-or\/","url":"https:\/\/www.acetaiamarchi.com\/fr\/produit\/vinaigre-balsamique-de-modene-igp-vieilli-or\/","name":"Vinaigre Balsamique de Mod\u00e8ne IGP - Vieilli Or | Acetaia Marchi","isPartOf":{"@id":"https:\/\/www.acetaiamarchi.com\/fr\/#website"},"primaryImageOfPage":{"@id":"https:\/\/www.acetaiamarchi.com\/fr\/produit\/vinaigre-balsamique-de-modene-igp-vieilli-or\/#primaryimage"},"image":{"@id":"https:\/\/www.acetaiamarchi.com\/fr\/produit\/vinaigre-balsamique-de-modene-igp-vieilli-or\/#primaryimage"},"thumbnailUrl":"https:\/\/www.acetaiamarchi.com\/wp-content\/uploads\/2025\/03\/Invecchiato-oro-OK-002.png","datePublished":"2025-03-25T09:42:55+00:00","dateModified":"2026-01-13T17:57:19+00:00","description":"Aceto Balsamico di Modena IGP Invecchiato dal gusto equilibrato, armonico e intenso; \u00e8 il prodotto pi\u00f9 prestigioso della nostra collezione.","breadcrumb":{"@id":"https:\/\/www.acetaiamarchi.com\/fr\/produit\/vinaigre-balsamique-de-modene-igp-vieilli-or\/#breadcrumb"},"inLanguage":"fr-FR","potentialAction":[{"@type":"ReadAction","target":["https:\/\/www.acetaiamarchi.com\/fr\/produit\/vinaigre-balsamique-de-modene-igp-vieilli-or\/"]}]},{"@type":"ImageObject","inLanguage":"fr-FR","@id":"https:\/\/www.acetaiamarchi.com\/fr\/produit\/vinaigre-balsamique-de-modene-igp-vieilli-or\/#primaryimage","url":"https:\/\/www.acetaiamarchi.com\/wp-content\/uploads\/2025\/03\/Invecchiato-oro-OK-002.png","contentUrl":"https:\/\/www.acetaiamarchi.com\/wp-content\/uploads\/2025\/03\/Invecchiato-oro-OK-002.png","width":778,"height":778},{"@type":"BreadcrumbList","@id":"https:\/\/www.acetaiamarchi.com\/fr\/produit\/vinaigre-balsamique-de-modene-igp-vieilli-or\/#breadcrumb","itemListElement":[{"@type":"ListItem","position":1,"name":"Home","item":"https:\/\/www.acetaiamarchi.com\/fr\/"},{"@type":"ListItem","position":2,"name":"Produits","item":"https:\/\/www.acetaiamarchi.com\/fr\/shop\/"},{"@type":"ListItem","position":3,"name":"Vinaigre Balsamique de Mod\u00e8ne IGP &#8211; Vieilli Or"}]},{"@type":"WebSite","@id":"https:\/\/www.acetaiamarchi.com\/fr\/#website","url":"https:\/\/www.acetaiamarchi.com\/fr\/","name":"Acetaia Marchi Srl","description":"","publisher":{"@id":"https:\/\/www.acetaiamarchi.com\/fr\/#organization"},"potentialAction":[{"@type":"SearchAction","target":{"@type":"EntryPoint","urlTemplate":"https:\/\/www.acetaiamarchi.com\/fr\/?s={search_term_string}"},"query-input":{"@type":"PropertyValueSpecification","valueRequired":true,"valueName":"search_term_string"}}],"inLanguage":"fr-FR"},{"@type":"Organization","@id":"https:\/\/www.acetaiamarchi.com\/fr\/#organization","name":"Acetaia Marchi Srl","url":"https:\/\/www.acetaiamarchi.com\/fr\/","logo":{"@type":"ImageObject","inLanguage":"fr-FR","@id":"https:\/\/www.acetaiamarchi.com\/fr\/#\/schema\/logo\/image\/","url":"https:\/\/acetaiamarchi.com\/wp-content\/uploads\/2025\/03\/Acetaia-Marchi-Srl-Logo.png","contentUrl":"https:\/\/acetaiamarchi.com\/wp-content\/uploads\/2025\/03\/Acetaia-Marchi-Srl-Logo.png","width":2000,"height":2000,"caption":"Acetaia Marchi Srl"},"image":{"@id":"https:\/\/www.acetaiamarchi.com\/fr\/#\/schema\/logo\/image\/"}}]}},"_links":{"self":[{"href":"https:\/\/www.acetaiamarchi.com\/fr\/wp-json\/wp\/v2\/product\/8931","targetHints":{"allow":["GET"]}}],"collection":[{"href":"https:\/\/www.acetaiamarchi.com\/fr\/wp-json\/wp\/v2\/product"}],"about":[{"href":"https:\/\/www.acetaiamarchi.com\/fr\/wp-json\/wp\/v2\/types\/product"}],"version-history":[{"count":3,"href":"https:\/\/www.acetaiamarchi.com\/fr\/wp-json\/wp\/v2\/product\/8931\/revisions"}],"predecessor-version":[{"id":11637,"href":"https:\/\/www.acetaiamarchi.com\/fr\/wp-json\/wp\/v2\/product\/8931\/revisions\/11637"}],"wp:featuredmedia":[{"embeddable":true,"href":"https:\/\/www.acetaiamarchi.com\/fr\/wp-json\/wp\/v2\/media\/14841"}],"wp:attachment":[{"href":"https:\/\/www.acetaiamarchi.com\/fr\/wp-json\/wp\/v2\/media?parent=8931"}],"wp:term":[{"taxonomy":"product_brand","embeddable":true,"href":"https:\/\/www.acetaiamarchi.com\/fr\/wp-json\/wp\/v2\/product_brand?post=8931"},{"taxonomy":"product_cat","embeddable":true,"href":"https:\/\/www.acetaiamarchi.com\/fr\/wp-json\/wp\/v2\/product_cat?post=8931"},{"taxonomy":"product_tag","embeddable":true,"href":"https:\/\/www.acetaiamarchi.com\/fr\/wp-json\/wp\/v2\/product_tag?post=8931"}],"curies":[{"name":"wp","href":"https:\/\/api.w.org\/{rel}","templated":true}]}}