{"id":8885,"date":"2025-03-21T10:53:12","date_gmt":"2025-03-21T09:53:12","guid":{"rendered":"https:\/\/www.acetaiamarchi.com\/fr\/?post_type=product&#038;p=8885"},"modified":"2025-11-20T11:54:01","modified_gmt":"2025-11-20T10:54:01","slug":"aceto-balsamique-traditionnel-de-modene-dop-extravecchio-coffret-or","status":"publish","type":"product","link":"https:\/\/www.acetaiamarchi.com\/fr\/produit\/aceto-balsamique-traditionnel-de-modene-dop-extravecchio-coffret-or\/","title":{"rendered":"Aceto Balsamique Traditionnel de Mod\u00e8ne DOP Extravecchio &#8211; Coffret Or"},"content":{"rendered":"<p>L\u2019<strong>Vinaigre Balsamique Traditionnel de Mod\u00e8ne DOP Extravecchio<\/strong> se distingue par une saveur unique gr\u00e2ce \u00e0 son vieillissement minimum certifi\u00e9 de <strong>25 ans<\/strong>. Il est obtenu \u00e0 partir de raisins Lambrusco et Trebbiano autochtones de Mod\u00e8ne cultiv\u00e9s dans les vignobles familiaux, et laiss\u00e9 \u00e0 vieillir dans des batteries de f\u00fbts en bois pr\u00e9cieux tels que : ch\u00eane, ch\u00e2taignier, acacia, cerisier, robinier, fr\u00eane et m\u00fbrier.<\/p>\n<p>Il se pr\u00e9sente de mani\u00e8re \u00e9l\u00e9gante, avec un <strong>emballage prestigieux<\/strong>, con\u00e7u pour rendre notre produit encore plus pr\u00e9cieux et adapt\u00e9 aux cadeaux les plus raffin\u00e9s.<\/p>\n<p>\u00c0 l\u2019int\u00e9rieur, vous trouverez la bouteille typique, de forme sph\u00e9rique avec une base rectangulaire en verre massif, dessin\u00e9e en exclusivit\u00e9 par le designer Giugiaro.<br \/>\nL\u2019utilisation de ce type de bouteille pour le Vinaigre Balsamique Traditionnel de Mod\u00e8ne DOP est obligatoire pour tous les producteurs, conform\u00e9ment aux normes du cahier des charges.<\/p>\n<p>La bouteille est scell\u00e9e avec le <strong>sceau num\u00e9rot\u00e9 de l\u2019organisme certificateur<\/strong>.<br \/>\nL\u2019emballage contient le <strong>livret du Consortium<\/strong> en plusieurs langues, le bouchon verseur et la pr\u00e9cieuse cuill\u00e8re en c\u00e9ramique.<\/p>\n<p><em><strong>En cuisine :<\/strong><\/em> Parfait pour des d\u00e9gustations goutte \u00e0 goutte. En raison de sa grande valeur, c\u2019est un produit particuli\u00e8rement indiqu\u00e9 pour accompagner le Parmigiano Reggiano, les fraises ou la glace artisanale.<\/p>\n","protected":false},"excerpt":{"rendered":"<p>Cet Aceto Balsamico Tradizionale di Modena DOP b\u00e9n\u00e9ficie d&rsquo;un <strong>\u00e2ge minimum certifi\u00e9 de 25 ans.<\/strong><\/p>\n<p>La bouteille typique, de forme sph\u00e9rique avec une base rectangulaire en verre massif, dessin\u00e9e en exclusivit\u00e9 par le designer Giugiaro, est obligatoire pour tous les producteurs, comme pr\u00e9vu par les Normes du Cahier des Charges, et est scell\u00e9e par un sceau num\u00e9rot\u00e9.<br \/>\nLe coffret contient le livret du Consortium en plusieurs langues. Le bouchon verseur et la pr\u00e9cieuse cuill\u00e8re en c\u00e9ramique.<\/p>\n","protected":false},"featured_media":810,"template":"","meta":[],"product_brand":[],"product_cat":[512,481],"product_tag":[],"class_list":{"0":"post-8885","1":"product","2":"type-product","3":"status-publish","4":"has-post-thumbnail","6":"product_cat-coffrets-cadeaux","7":"product_cat-les-traditionnels","9":"first","10":"instock","11":"featured","12":"shipping-taxable","13":"purchasable","14":"product-type-simple"},"yoast_head":"<!-- This site is optimized with the Yoast SEO plugin v27.4 - https:\/\/yoast.com\/product\/yoast-seo-wordpress\/ -->\n<title>Aceto Balsamico Tradizionale di Modena DOP Extravecchio<\/title>\n<meta name=\"description\" content=\"Acetaia MArchi Srl: Produzione e vendita Aceto Balsamico Tradizionale di Modena DOP Extravecchio. Prodotto con invecchiamento minimo certificato di 25 anni.\" \/>\n<meta name=\"robots\" content=\"index, follow, max-snippet:-1, max-image-preview:large, max-video-preview:-1\" \/>\n<link rel=\"canonical\" href=\"https:\/\/www.acetaiamarchi.com\/fr\/produit\/aceto-balsamique-traditionnel-de-modene-dop-extravecchio-coffret-or\/\" \/>\n<meta property=\"og:locale\" content=\"fr_FR\" \/>\n<meta property=\"og:type\" content=\"article\" \/>\n<meta property=\"og:title\" content=\"Aceto Balsamico Tradizionale di Modena DOP Extravecchio\" \/>\n<meta property=\"og:description\" content=\"Acetaia MArchi Srl: Produzione e vendita Aceto Balsamico Tradizionale di Modena DOP Extravecchio. Prodotto con invecchiamento minimo certificato di 25 anni.\" \/>\n<meta property=\"og:url\" content=\"https:\/\/www.acetaiamarchi.com\/fr\/produit\/aceto-balsamique-traditionnel-de-modene-dop-extravecchio-coffret-or\/\" \/>\n<meta property=\"og:site_name\" content=\"Acetaia Marchi\" \/>\n<meta property=\"article:modified_time\" content=\"2025-11-20T10:54:01+00:00\" \/>\n<meta property=\"og:image\" content=\"https:\/\/www.acetaiamarchi.com\/wp-content\/uploads\/2025\/03\/Aceto-Balsamico-Tradizionale-di-Modena-DOP-Extravecchio-scatola-oro.jpg\" \/>\n\t<meta property=\"og:image:width\" content=\"1600\" \/>\n\t<meta property=\"og:image:height\" content=\"1600\" \/>\n\t<meta property=\"og:image:type\" content=\"image\/jpeg\" \/>\n<meta name=\"twitter:card\" content=\"summary_large_image\" \/>\n<meta name=\"twitter:label1\" content=\"Dur\u00e9e de lecture estim\u00e9e\" \/>\n\t<meta name=\"twitter:data1\" content=\"2 minutes\" \/>\n<script type=\"application\/ld+json\" class=\"yoast-schema-graph\">{\"@context\":\"https:\\\/\\\/schema.org\",\"@graph\":[{\"@type\":\"WebPage\",\"@id\":\"https:\\\/\\\/www.acetaiamarchi.com\\\/fr\\\/produit\\\/aceto-balsamique-traditionnel-de-modene-dop-extravecchio-coffret-or\\\/\",\"url\":\"https:\\\/\\\/www.acetaiamarchi.com\\\/fr\\\/produit\\\/aceto-balsamique-traditionnel-de-modene-dop-extravecchio-coffret-or\\\/\",\"name\":\"Aceto Balsamico Tradizionale di Modena DOP Extravecchio\",\"isPartOf\":{\"@id\":\"https:\\\/\\\/www.acetaiamarchi.com\\\/fr\\\/#website\"},\"primaryImageOfPage\":{\"@id\":\"https:\\\/\\\/www.acetaiamarchi.com\\\/fr\\\/produit\\\/aceto-balsamique-traditionnel-de-modene-dop-extravecchio-coffret-or\\\/#primaryimage\"},\"image\":{\"@id\":\"https:\\\/\\\/www.acetaiamarchi.com\\\/fr\\\/produit\\\/aceto-balsamique-traditionnel-de-modene-dop-extravecchio-coffret-or\\\/#primaryimage\"},\"thumbnailUrl\":\"https:\\\/\\\/www.acetaiamarchi.com\\\/wp-content\\\/uploads\\\/2025\\\/03\\\/Aceto-Balsamico-Tradizionale-di-Modena-DOP-Extravecchio-scatola-oro.jpg\",\"datePublished\":\"2025-03-21T09:53:12+00:00\",\"dateModified\":\"2025-11-20T10:54:01+00:00\",\"description\":\"Acetaia MArchi Srl: Produzione e vendita Aceto Balsamico Tradizionale di Modena DOP Extravecchio. Prodotto con invecchiamento minimo certificato di 25 anni.\",\"breadcrumb\":{\"@id\":\"https:\\\/\\\/www.acetaiamarchi.com\\\/fr\\\/produit\\\/aceto-balsamique-traditionnel-de-modene-dop-extravecchio-coffret-or\\\/#breadcrumb\"},\"inLanguage\":\"fr-FR\",\"potentialAction\":[{\"@type\":\"ReadAction\",\"target\":[\"https:\\\/\\\/www.acetaiamarchi.com\\\/fr\\\/produit\\\/aceto-balsamique-traditionnel-de-modene-dop-extravecchio-coffret-or\\\/\"]}]},{\"@type\":\"ImageObject\",\"inLanguage\":\"fr-FR\",\"@id\":\"https:\\\/\\\/www.acetaiamarchi.com\\\/fr\\\/produit\\\/aceto-balsamique-traditionnel-de-modene-dop-extravecchio-coffret-or\\\/#primaryimage\",\"url\":\"https:\\\/\\\/www.acetaiamarchi.com\\\/wp-content\\\/uploads\\\/2025\\\/03\\\/Aceto-Balsamico-Tradizionale-di-Modena-DOP-Extravecchio-scatola-oro.jpg\",\"contentUrl\":\"https:\\\/\\\/www.acetaiamarchi.com\\\/wp-content\\\/uploads\\\/2025\\\/03\\\/Aceto-Balsamico-Tradizionale-di-Modena-DOP-Extravecchio-scatola-oro.jpg\",\"width\":1600,\"height\":1600,\"caption\":\"aceto balsamico tradizionale di modena DOP extravecchio scatola oro\"},{\"@type\":\"BreadcrumbList\",\"@id\":\"https:\\\/\\\/www.acetaiamarchi.com\\\/fr\\\/produit\\\/aceto-balsamique-traditionnel-de-modene-dop-extravecchio-coffret-or\\\/#breadcrumb\",\"itemListElement\":[{\"@type\":\"ListItem\",\"position\":1,\"name\":\"Home\",\"item\":\"https:\\\/\\\/www.acetaiamarchi.com\\\/fr\\\/\"},{\"@type\":\"ListItem\",\"position\":2,\"name\":\"Produits\",\"item\":\"https:\\\/\\\/www.acetaiamarchi.com\\\/fr\\\/shop\\\/\"},{\"@type\":\"ListItem\",\"position\":3,\"name\":\"Aceto Balsamique Traditionnel de Mod\u00e8ne DOP Extravecchio &#8211; Coffret Or\"}]},{\"@type\":\"WebSite\",\"@id\":\"https:\\\/\\\/www.acetaiamarchi.com\\\/fr\\\/#website\",\"url\":\"https:\\\/\\\/www.acetaiamarchi.com\\\/fr\\\/\",\"name\":\"Acetaia Marchi Srl\",\"description\":\"\",\"publisher\":{\"@id\":\"https:\\\/\\\/www.acetaiamarchi.com\\\/fr\\\/#organization\"},\"potentialAction\":[{\"@type\":\"SearchAction\",\"target\":{\"@type\":\"EntryPoint\",\"urlTemplate\":\"https:\\\/\\\/www.acetaiamarchi.com\\\/fr\\\/?s={search_term_string}\"},\"query-input\":{\"@type\":\"PropertyValueSpecification\",\"valueRequired\":true,\"valueName\":\"search_term_string\"}}],\"inLanguage\":\"fr-FR\"},{\"@type\":\"Organization\",\"@id\":\"https:\\\/\\\/www.acetaiamarchi.com\\\/fr\\\/#organization\",\"name\":\"Acetaia Marchi Srl\",\"url\":\"https:\\\/\\\/www.acetaiamarchi.com\\\/fr\\\/\",\"logo\":{\"@type\":\"ImageObject\",\"inLanguage\":\"fr-FR\",\"@id\":\"https:\\\/\\\/www.acetaiamarchi.com\\\/fr\\\/#\\\/schema\\\/logo\\\/image\\\/\",\"url\":\"https:\\\/\\\/acetaiamarchi.com\\\/wp-content\\\/uploads\\\/2025\\\/03\\\/Acetaia-Marchi-Srl-Logo.png\",\"contentUrl\":\"https:\\\/\\\/acetaiamarchi.com\\\/wp-content\\\/uploads\\\/2025\\\/03\\\/Acetaia-Marchi-Srl-Logo.png\",\"width\":2000,\"height\":2000,\"caption\":\"Acetaia Marchi Srl\"},\"image\":{\"@id\":\"https:\\\/\\\/www.acetaiamarchi.com\\\/fr\\\/#\\\/schema\\\/logo\\\/image\\\/\"}}]}<\/script>\n<!-- \/ Yoast SEO plugin. -->","yoast_head_json":{"title":"Aceto Balsamico Tradizionale di Modena DOP Extravecchio","description":"Acetaia MArchi Srl: Produzione e vendita Aceto Balsamico Tradizionale di Modena DOP Extravecchio. Prodotto con invecchiamento minimo certificato di 25 anni.","robots":{"index":"index","follow":"follow","max-snippet":"max-snippet:-1","max-image-preview":"max-image-preview:large","max-video-preview":"max-video-preview:-1"},"canonical":"https:\/\/www.acetaiamarchi.com\/fr\/produit\/aceto-balsamique-traditionnel-de-modene-dop-extravecchio-coffret-or\/","og_locale":"fr_FR","og_type":"article","og_title":"Aceto Balsamico Tradizionale di Modena DOP Extravecchio","og_description":"Acetaia MArchi Srl: Produzione e vendita Aceto Balsamico Tradizionale di Modena DOP Extravecchio. Prodotto con invecchiamento minimo certificato di 25 anni.","og_url":"https:\/\/www.acetaiamarchi.com\/fr\/produit\/aceto-balsamique-traditionnel-de-modene-dop-extravecchio-coffret-or\/","og_site_name":"Acetaia Marchi","article_modified_time":"2025-11-20T10:54:01+00:00","og_image":[{"width":1600,"height":1600,"url":"https:\/\/www.acetaiamarchi.com\/wp-content\/uploads\/2025\/03\/Aceto-Balsamico-Tradizionale-di-Modena-DOP-Extravecchio-scatola-oro.jpg","type":"image\/jpeg"}],"twitter_card":"summary_large_image","twitter_misc":{"Dur\u00e9e de lecture estim\u00e9e":"2 minutes"},"schema":{"@context":"https:\/\/schema.org","@graph":[{"@type":"WebPage","@id":"https:\/\/www.acetaiamarchi.com\/fr\/produit\/aceto-balsamique-traditionnel-de-modene-dop-extravecchio-coffret-or\/","url":"https:\/\/www.acetaiamarchi.com\/fr\/produit\/aceto-balsamique-traditionnel-de-modene-dop-extravecchio-coffret-or\/","name":"Aceto Balsamico Tradizionale di Modena DOP Extravecchio","isPartOf":{"@id":"https:\/\/www.acetaiamarchi.com\/fr\/#website"},"primaryImageOfPage":{"@id":"https:\/\/www.acetaiamarchi.com\/fr\/produit\/aceto-balsamique-traditionnel-de-modene-dop-extravecchio-coffret-or\/#primaryimage"},"image":{"@id":"https:\/\/www.acetaiamarchi.com\/fr\/produit\/aceto-balsamique-traditionnel-de-modene-dop-extravecchio-coffret-or\/#primaryimage"},"thumbnailUrl":"https:\/\/www.acetaiamarchi.com\/wp-content\/uploads\/2025\/03\/Aceto-Balsamico-Tradizionale-di-Modena-DOP-Extravecchio-scatola-oro.jpg","datePublished":"2025-03-21T09:53:12+00:00","dateModified":"2025-11-20T10:54:01+00:00","description":"Acetaia MArchi Srl: Produzione e vendita Aceto Balsamico Tradizionale di Modena DOP Extravecchio. Prodotto con invecchiamento minimo certificato di 25 anni.","breadcrumb":{"@id":"https:\/\/www.acetaiamarchi.com\/fr\/produit\/aceto-balsamique-traditionnel-de-modene-dop-extravecchio-coffret-or\/#breadcrumb"},"inLanguage":"fr-FR","potentialAction":[{"@type":"ReadAction","target":["https:\/\/www.acetaiamarchi.com\/fr\/produit\/aceto-balsamique-traditionnel-de-modene-dop-extravecchio-coffret-or\/"]}]},{"@type":"ImageObject","inLanguage":"fr-FR","@id":"https:\/\/www.acetaiamarchi.com\/fr\/produit\/aceto-balsamique-traditionnel-de-modene-dop-extravecchio-coffret-or\/#primaryimage","url":"https:\/\/www.acetaiamarchi.com\/wp-content\/uploads\/2025\/03\/Aceto-Balsamico-Tradizionale-di-Modena-DOP-Extravecchio-scatola-oro.jpg","contentUrl":"https:\/\/www.acetaiamarchi.com\/wp-content\/uploads\/2025\/03\/Aceto-Balsamico-Tradizionale-di-Modena-DOP-Extravecchio-scatola-oro.jpg","width":1600,"height":1600,"caption":"aceto balsamico tradizionale di modena DOP extravecchio scatola oro"},{"@type":"BreadcrumbList","@id":"https:\/\/www.acetaiamarchi.com\/fr\/produit\/aceto-balsamique-traditionnel-de-modene-dop-extravecchio-coffret-or\/#breadcrumb","itemListElement":[{"@type":"ListItem","position":1,"name":"Home","item":"https:\/\/www.acetaiamarchi.com\/fr\/"},{"@type":"ListItem","position":2,"name":"Produits","item":"https:\/\/www.acetaiamarchi.com\/fr\/shop\/"},{"@type":"ListItem","position":3,"name":"Aceto Balsamique Traditionnel de Mod\u00e8ne DOP Extravecchio &#8211; Coffret Or"}]},{"@type":"WebSite","@id":"https:\/\/www.acetaiamarchi.com\/fr\/#website","url":"https:\/\/www.acetaiamarchi.com\/fr\/","name":"Acetaia Marchi Srl","description":"","publisher":{"@id":"https:\/\/www.acetaiamarchi.com\/fr\/#organization"},"potentialAction":[{"@type":"SearchAction","target":{"@type":"EntryPoint","urlTemplate":"https:\/\/www.acetaiamarchi.com\/fr\/?s={search_term_string}"},"query-input":{"@type":"PropertyValueSpecification","valueRequired":true,"valueName":"search_term_string"}}],"inLanguage":"fr-FR"},{"@type":"Organization","@id":"https:\/\/www.acetaiamarchi.com\/fr\/#organization","name":"Acetaia Marchi Srl","url":"https:\/\/www.acetaiamarchi.com\/fr\/","logo":{"@type":"ImageObject","inLanguage":"fr-FR","@id":"https:\/\/www.acetaiamarchi.com\/fr\/#\/schema\/logo\/image\/","url":"https:\/\/acetaiamarchi.com\/wp-content\/uploads\/2025\/03\/Acetaia-Marchi-Srl-Logo.png","contentUrl":"https:\/\/acetaiamarchi.com\/wp-content\/uploads\/2025\/03\/Acetaia-Marchi-Srl-Logo.png","width":2000,"height":2000,"caption":"Acetaia Marchi Srl"},"image":{"@id":"https:\/\/www.acetaiamarchi.com\/fr\/#\/schema\/logo\/image\/"}}]}},"_links":{"self":[{"href":"https:\/\/www.acetaiamarchi.com\/fr\/wp-json\/wp\/v2\/product\/8885","targetHints":{"allow":["GET"]}}],"collection":[{"href":"https:\/\/www.acetaiamarchi.com\/fr\/wp-json\/wp\/v2\/product"}],"about":[{"href":"https:\/\/www.acetaiamarchi.com\/fr\/wp-json\/wp\/v2\/types\/product"}],"version-history":[{"count":4,"href":"https:\/\/www.acetaiamarchi.com\/fr\/wp-json\/wp\/v2\/product\/8885\/revisions"}],"predecessor-version":[{"id":11704,"href":"https:\/\/www.acetaiamarchi.com\/fr\/wp-json\/wp\/v2\/product\/8885\/revisions\/11704"}],"wp:featuredmedia":[{"embeddable":true,"href":"https:\/\/www.acetaiamarchi.com\/fr\/wp-json\/wp\/v2\/media\/810"}],"wp:attachment":[{"href":"https:\/\/www.acetaiamarchi.com\/fr\/wp-json\/wp\/v2\/media?parent=8885"}],"wp:term":[{"taxonomy":"product_brand","embeddable":true,"href":"https:\/\/www.acetaiamarchi.com\/fr\/wp-json\/wp\/v2\/product_brand?post=8885"},{"taxonomy":"product_cat","embeddable":true,"href":"https:\/\/www.acetaiamarchi.com\/fr\/wp-json\/wp\/v2\/product_cat?post=8885"},{"taxonomy":"product_tag","embeddable":true,"href":"https:\/\/www.acetaiamarchi.com\/fr\/wp-json\/wp\/v2\/product_tag?post=8885"}],"curies":[{"name":"wp","href":"https:\/\/api.w.org\/{rel}","templated":true}]}}