{"id":8864,"date":"2025-03-21T10:23:05","date_gmt":"2025-03-21T09:23:05","guid":{"rendered":"https:\/\/www.acetaiamarchi.com\/fr\/?post_type=product&#038;p=8864"},"modified":"2025-11-20T12:01:03","modified_gmt":"2025-11-20T11:01:03","slug":"aceto-balsamique-traditionnel-de-modene-dop-extravecchio-francesco-emballage-bois","status":"publish","type":"product","link":"https:\/\/www.acetaiamarchi.com\/fr\/produit\/aceto-balsamique-traditionnel-de-modene-dop-extravecchio-francesco-emballage-bois\/","title":{"rendered":"Aceto Balsamique Traditionnel de Mod\u00e8ne DOP Extravecchio &#8211; Francesco &#8211; Emballage Bois"},"content":{"rendered":"<p>L\u2019Aceto Balsamico Tradizionale di Modena DOP Extravecchio poss\u00e8de une saveur unique gr\u00e2ce \u00e0 son <strong>vieillissement minimum certifi\u00e9 de 25 ans<\/strong>. Il est obtenu \u00e0 partir de raisins Lambrusco et Trebbiano autochtones de Mod\u00e8ne cultiv\u00e9s dans les vignobles familiaux, et laiss\u00e9 \u00e0 vieillir dans des batteries de f\u00fbts en bois pr\u00e9cieux tels que : ch\u00eane, ch\u00e2taignier, acacia, cerisier, robinier, fr\u00eane et m\u00fbrier.<\/p>\n<p>L\u2019Or Noir en question est pr\u00e9lev\u00e9 exclusivement des batteries personnelles du fondateur d\u2019Acetaia Marchi, Francesco Marchi, (d\u2019o\u00f9 le nom) ces batteries \u00e9tant les premi\u00e8res utilis\u00e9es pour la maturation de l\u2019Aceto Balsamico Tradizionale di Modena DOP et donc les plus anciennes. Le produit pr\u00e9levable est tr\u00e8s limit\u00e9, mais en m\u00eame temps c\u2019est le meilleur Aceto Balsamico Tradizionale di Modena DOP Extravecchio.<\/p>\n<p>Il se pr\u00e9sente de mani\u00e8re noble, avec un coffret en bois prestigieux rappelant les origines de notre produit, con\u00e7u pour le rendre encore plus pr\u00e9cieux et adapt\u00e9 aux cadeaux les plus recherch\u00e9s.<\/p>\n<p>\u00c0 l\u2019int\u00e9rieur, vous trouverez la bouteille typique, en forme sph\u00e9rique avec une base rectangulaire en verre massif, dessin\u00e9e en exclusivit\u00e9 par le <strong>designer Giugiaro<\/strong>.<br \/>\nL\u2019utilisation de ce type de bouteille pour l\u2019Aceto Balsamico Tradizionale di Modena DOP est obligatoire pour tous les producteurs, car cela est pr\u00e9vu par les Normes du Cahier des Charges. La bouteille est scell\u00e9e avec le sceau num\u00e9rot\u00e9 de l\u2019organisme certificateur.<br \/>\nLe coffret contient le livret du Consortium en plusieurs langues.<\/p>\n<p><em><strong>En cuisine<\/strong><\/em> : L\u2019Aceto Balsamico Tradizionale di Modena D.O.P. Extravecchio Francesco est parfait pour les d\u00e9gustations goutte \u00e0 goutte. Ce produit prestigieux et au go\u00fbt intense est particuli\u00e8rement indiqu\u00e9 pour accompagner le Parmigiano Reggiano, les fraises ou la glace artisanale.<\/p>\n","protected":false},"excerpt":{"rendered":"<p>Cet Aceto Balsamico Tradizionale di Mod\u00e8ne DOP b\u00e9n\u00e9ficie d&rsquo;un <strong>\u00e2ge minimum certifi\u00e9 de 25 ans<\/strong> et est obtenu \u00e0 partir de raisins Lambrusco et Trebbiano. Il est vieilli dans des batteries de diff\u00e9rents bois tels que : ch\u00eane, ch\u00e2taignier, acacia, cerisier, robinier, fr\u00eane et m\u00fbrier.<br \/>\nLa bouteille typique, de forme sph\u00e9rique avec une base rectangulaire en verre massif, dessin\u00e9e en exclusivit\u00e9 par le designer Giugiaro, est obligatoire pour tous les producteurs, comme pr\u00e9vu par les normes du cahier des charges, et est scell\u00e9e par un sceau num\u00e9rot\u00e9.<\/p>\n<p>Le coffret contient le livret du Consortium en plusieurs langues. Le bouchon verseur et la pr\u00e9cieuse cuill\u00e8re en c\u00e9ramique.<\/p>\n","protected":false},"featured_media":801,"template":"","meta":[],"product_brand":[],"product_cat":[512,481],"product_tag":[],"class_list":{"0":"post-8864","1":"product","2":"type-product","3":"status-publish","4":"has-post-thumbnail","6":"product_cat-coffrets-cadeaux","7":"product_cat-les-traditionnels","9":"first","10":"instock","11":"featured","12":"shipping-taxable","13":"purchasable","14":"product-type-simple"},"yoast_head":"<!-- This site is optimized with the Yoast SEO plugin v27.4 - https:\/\/yoast.com\/product\/yoast-seo-wordpress\/ -->\n<title>Aceto Tradizionale di Modena DOP Extravecchio | Acetaia Marchi<\/title>\n<meta name=\"description\" content=\"Aceto Tradizionale di Modena DOP Extravecchio con scatola in legno, tappo dosatore e cucchiaio in ceramica per degustazione. Invecchiamento minimo 25 anni.\" \/>\n<meta name=\"robots\" content=\"index, follow, max-snippet:-1, max-image-preview:large, max-video-preview:-1\" \/>\n<link rel=\"canonical\" href=\"https:\/\/www.acetaiamarchi.com\/fr\/produit\/aceto-balsamique-traditionnel-de-modene-dop-extravecchio-francesco-emballage-bois\/\" \/>\n<meta property=\"og:locale\" content=\"fr_FR\" \/>\n<meta property=\"og:type\" content=\"article\" \/>\n<meta property=\"og:title\" content=\"Aceto Tradizionale di Modena DOP Extravecchio | Acetaia Marchi\" \/>\n<meta property=\"og:description\" content=\"Aceto Tradizionale di Modena DOP Extravecchio con scatola in legno, tappo dosatore e cucchiaio in ceramica per degustazione. Invecchiamento minimo 25 anni.\" \/>\n<meta property=\"og:url\" content=\"https:\/\/www.acetaiamarchi.com\/fr\/produit\/aceto-balsamique-traditionnel-de-modene-dop-extravecchio-francesco-emballage-bois\/\" \/>\n<meta property=\"og:site_name\" content=\"Acetaia Marchi\" \/>\n<meta property=\"article:modified_time\" content=\"2025-11-20T11:01:03+00:00\" \/>\n<meta property=\"og:image\" content=\"https:\/\/www.acetaiamarchi.com\/wp-content\/uploads\/2025\/03\/Aceto-Balsamico-Tradizionale-di-Modena-DOP-Extravecchio-Francesco.jpg\" \/>\n\t<meta property=\"og:image:width\" content=\"1600\" \/>\n\t<meta property=\"og:image:height\" content=\"1600\" \/>\n\t<meta property=\"og:image:type\" content=\"image\/jpeg\" \/>\n<meta name=\"twitter:card\" content=\"summary_large_image\" \/>\n<meta name=\"twitter:label1\" content=\"Dur\u00e9e de lecture estim\u00e9e\" \/>\n\t<meta name=\"twitter:data1\" content=\"2 minutes\" \/>\n<script type=\"application\/ld+json\" class=\"yoast-schema-graph\">{\"@context\":\"https:\\\/\\\/schema.org\",\"@graph\":[{\"@type\":\"WebPage\",\"@id\":\"https:\\\/\\\/www.acetaiamarchi.com\\\/fr\\\/produit\\\/aceto-balsamique-traditionnel-de-modene-dop-extravecchio-francesco-emballage-bois\\\/\",\"url\":\"https:\\\/\\\/www.acetaiamarchi.com\\\/fr\\\/produit\\\/aceto-balsamique-traditionnel-de-modene-dop-extravecchio-francesco-emballage-bois\\\/\",\"name\":\"Aceto Tradizionale di Modena DOP Extravecchio | Acetaia Marchi\",\"isPartOf\":{\"@id\":\"https:\\\/\\\/www.acetaiamarchi.com\\\/fr\\\/#website\"},\"primaryImageOfPage\":{\"@id\":\"https:\\\/\\\/www.acetaiamarchi.com\\\/fr\\\/produit\\\/aceto-balsamique-traditionnel-de-modene-dop-extravecchio-francesco-emballage-bois\\\/#primaryimage\"},\"image\":{\"@id\":\"https:\\\/\\\/www.acetaiamarchi.com\\\/fr\\\/produit\\\/aceto-balsamique-traditionnel-de-modene-dop-extravecchio-francesco-emballage-bois\\\/#primaryimage\"},\"thumbnailUrl\":\"https:\\\/\\\/www.acetaiamarchi.com\\\/wp-content\\\/uploads\\\/2025\\\/03\\\/Aceto-Balsamico-Tradizionale-di-Modena-DOP-Extravecchio-Francesco.jpg\",\"datePublished\":\"2025-03-21T09:23:05+00:00\",\"dateModified\":\"2025-11-20T11:01:03+00:00\",\"description\":\"Aceto Tradizionale di Modena DOP Extravecchio con scatola in legno, tappo dosatore e cucchiaio in ceramica per degustazione. Invecchiamento minimo 25 anni.\",\"breadcrumb\":{\"@id\":\"https:\\\/\\\/www.acetaiamarchi.com\\\/fr\\\/produit\\\/aceto-balsamique-traditionnel-de-modene-dop-extravecchio-francesco-emballage-bois\\\/#breadcrumb\"},\"inLanguage\":\"fr-FR\",\"potentialAction\":[{\"@type\":\"ReadAction\",\"target\":[\"https:\\\/\\\/www.acetaiamarchi.com\\\/fr\\\/produit\\\/aceto-balsamique-traditionnel-de-modene-dop-extravecchio-francesco-emballage-bois\\\/\"]}]},{\"@type\":\"ImageObject\",\"inLanguage\":\"fr-FR\",\"@id\":\"https:\\\/\\\/www.acetaiamarchi.com\\\/fr\\\/produit\\\/aceto-balsamique-traditionnel-de-modene-dop-extravecchio-francesco-emballage-bois\\\/#primaryimage\",\"url\":\"https:\\\/\\\/www.acetaiamarchi.com\\\/wp-content\\\/uploads\\\/2025\\\/03\\\/Aceto-Balsamico-Tradizionale-di-Modena-DOP-Extravecchio-Francesco.jpg\",\"contentUrl\":\"https:\\\/\\\/www.acetaiamarchi.com\\\/wp-content\\\/uploads\\\/2025\\\/03\\\/Aceto-Balsamico-Tradizionale-di-Modena-DOP-Extravecchio-Francesco.jpg\",\"width\":1600,\"height\":1600,\"caption\":\"aceto balsamico tradizionale di modena dop extravecchio francesco\"},{\"@type\":\"BreadcrumbList\",\"@id\":\"https:\\\/\\\/www.acetaiamarchi.com\\\/fr\\\/produit\\\/aceto-balsamique-traditionnel-de-modene-dop-extravecchio-francesco-emballage-bois\\\/#breadcrumb\",\"itemListElement\":[{\"@type\":\"ListItem\",\"position\":1,\"name\":\"Home\",\"item\":\"https:\\\/\\\/www.acetaiamarchi.com\\\/fr\\\/\"},{\"@type\":\"ListItem\",\"position\":2,\"name\":\"Produits\",\"item\":\"https:\\\/\\\/www.acetaiamarchi.com\\\/fr\\\/shop\\\/\"},{\"@type\":\"ListItem\",\"position\":3,\"name\":\"Aceto Balsamique Traditionnel de Mod\u00e8ne DOP Extravecchio &#8211; Francesco &#8211; Emballage Bois\"}]},{\"@type\":\"WebSite\",\"@id\":\"https:\\\/\\\/www.acetaiamarchi.com\\\/fr\\\/#website\",\"url\":\"https:\\\/\\\/www.acetaiamarchi.com\\\/fr\\\/\",\"name\":\"Acetaia Marchi Srl\",\"description\":\"\",\"publisher\":{\"@id\":\"https:\\\/\\\/www.acetaiamarchi.com\\\/fr\\\/#organization\"},\"potentialAction\":[{\"@type\":\"SearchAction\",\"target\":{\"@type\":\"EntryPoint\",\"urlTemplate\":\"https:\\\/\\\/www.acetaiamarchi.com\\\/fr\\\/?s={search_term_string}\"},\"query-input\":{\"@type\":\"PropertyValueSpecification\",\"valueRequired\":true,\"valueName\":\"search_term_string\"}}],\"inLanguage\":\"fr-FR\"},{\"@type\":\"Organization\",\"@id\":\"https:\\\/\\\/www.acetaiamarchi.com\\\/fr\\\/#organization\",\"name\":\"Acetaia Marchi Srl\",\"url\":\"https:\\\/\\\/www.acetaiamarchi.com\\\/fr\\\/\",\"logo\":{\"@type\":\"ImageObject\",\"inLanguage\":\"fr-FR\",\"@id\":\"https:\\\/\\\/www.acetaiamarchi.com\\\/fr\\\/#\\\/schema\\\/logo\\\/image\\\/\",\"url\":\"https:\\\/\\\/acetaiamarchi.com\\\/wp-content\\\/uploads\\\/2025\\\/03\\\/Acetaia-Marchi-Srl-Logo.png\",\"contentUrl\":\"https:\\\/\\\/acetaiamarchi.com\\\/wp-content\\\/uploads\\\/2025\\\/03\\\/Acetaia-Marchi-Srl-Logo.png\",\"width\":2000,\"height\":2000,\"caption\":\"Acetaia Marchi Srl\"},\"image\":{\"@id\":\"https:\\\/\\\/www.acetaiamarchi.com\\\/fr\\\/#\\\/schema\\\/logo\\\/image\\\/\"}}]}<\/script>\n<!-- \/ Yoast SEO plugin. -->","yoast_head_json":{"title":"Aceto Tradizionale di Modena DOP Extravecchio | Acetaia Marchi","description":"Aceto Tradizionale di Modena DOP Extravecchio con scatola in legno, tappo dosatore e cucchiaio in ceramica per degustazione. Invecchiamento minimo 25 anni.","robots":{"index":"index","follow":"follow","max-snippet":"max-snippet:-1","max-image-preview":"max-image-preview:large","max-video-preview":"max-video-preview:-1"},"canonical":"https:\/\/www.acetaiamarchi.com\/fr\/produit\/aceto-balsamique-traditionnel-de-modene-dop-extravecchio-francesco-emballage-bois\/","og_locale":"fr_FR","og_type":"article","og_title":"Aceto Tradizionale di Modena DOP Extravecchio | Acetaia Marchi","og_description":"Aceto Tradizionale di Modena DOP Extravecchio con scatola in legno, tappo dosatore e cucchiaio in ceramica per degustazione. Invecchiamento minimo 25 anni.","og_url":"https:\/\/www.acetaiamarchi.com\/fr\/produit\/aceto-balsamique-traditionnel-de-modene-dop-extravecchio-francesco-emballage-bois\/","og_site_name":"Acetaia Marchi","article_modified_time":"2025-11-20T11:01:03+00:00","og_image":[{"width":1600,"height":1600,"url":"https:\/\/www.acetaiamarchi.com\/wp-content\/uploads\/2025\/03\/Aceto-Balsamico-Tradizionale-di-Modena-DOP-Extravecchio-Francesco.jpg","type":"image\/jpeg"}],"twitter_card":"summary_large_image","twitter_misc":{"Dur\u00e9e de lecture estim\u00e9e":"2 minutes"},"schema":{"@context":"https:\/\/schema.org","@graph":[{"@type":"WebPage","@id":"https:\/\/www.acetaiamarchi.com\/fr\/produit\/aceto-balsamique-traditionnel-de-modene-dop-extravecchio-francesco-emballage-bois\/","url":"https:\/\/www.acetaiamarchi.com\/fr\/produit\/aceto-balsamique-traditionnel-de-modene-dop-extravecchio-francesco-emballage-bois\/","name":"Aceto Tradizionale di Modena DOP Extravecchio | Acetaia Marchi","isPartOf":{"@id":"https:\/\/www.acetaiamarchi.com\/fr\/#website"},"primaryImageOfPage":{"@id":"https:\/\/www.acetaiamarchi.com\/fr\/produit\/aceto-balsamique-traditionnel-de-modene-dop-extravecchio-francesco-emballage-bois\/#primaryimage"},"image":{"@id":"https:\/\/www.acetaiamarchi.com\/fr\/produit\/aceto-balsamique-traditionnel-de-modene-dop-extravecchio-francesco-emballage-bois\/#primaryimage"},"thumbnailUrl":"https:\/\/www.acetaiamarchi.com\/wp-content\/uploads\/2025\/03\/Aceto-Balsamico-Tradizionale-di-Modena-DOP-Extravecchio-Francesco.jpg","datePublished":"2025-03-21T09:23:05+00:00","dateModified":"2025-11-20T11:01:03+00:00","description":"Aceto Tradizionale di Modena DOP Extravecchio con scatola in legno, tappo dosatore e cucchiaio in ceramica per degustazione. Invecchiamento minimo 25 anni.","breadcrumb":{"@id":"https:\/\/www.acetaiamarchi.com\/fr\/produit\/aceto-balsamique-traditionnel-de-modene-dop-extravecchio-francesco-emballage-bois\/#breadcrumb"},"inLanguage":"fr-FR","potentialAction":[{"@type":"ReadAction","target":["https:\/\/www.acetaiamarchi.com\/fr\/produit\/aceto-balsamique-traditionnel-de-modene-dop-extravecchio-francesco-emballage-bois\/"]}]},{"@type":"ImageObject","inLanguage":"fr-FR","@id":"https:\/\/www.acetaiamarchi.com\/fr\/produit\/aceto-balsamique-traditionnel-de-modene-dop-extravecchio-francesco-emballage-bois\/#primaryimage","url":"https:\/\/www.acetaiamarchi.com\/wp-content\/uploads\/2025\/03\/Aceto-Balsamico-Tradizionale-di-Modena-DOP-Extravecchio-Francesco.jpg","contentUrl":"https:\/\/www.acetaiamarchi.com\/wp-content\/uploads\/2025\/03\/Aceto-Balsamico-Tradizionale-di-Modena-DOP-Extravecchio-Francesco.jpg","width":1600,"height":1600,"caption":"aceto balsamico tradizionale di modena dop extravecchio francesco"},{"@type":"BreadcrumbList","@id":"https:\/\/www.acetaiamarchi.com\/fr\/produit\/aceto-balsamique-traditionnel-de-modene-dop-extravecchio-francesco-emballage-bois\/#breadcrumb","itemListElement":[{"@type":"ListItem","position":1,"name":"Home","item":"https:\/\/www.acetaiamarchi.com\/fr\/"},{"@type":"ListItem","position":2,"name":"Produits","item":"https:\/\/www.acetaiamarchi.com\/fr\/shop\/"},{"@type":"ListItem","position":3,"name":"Aceto Balsamique Traditionnel de Mod\u00e8ne DOP Extravecchio &#8211; Francesco &#8211; Emballage Bois"}]},{"@type":"WebSite","@id":"https:\/\/www.acetaiamarchi.com\/fr\/#website","url":"https:\/\/www.acetaiamarchi.com\/fr\/","name":"Acetaia Marchi Srl","description":"","publisher":{"@id":"https:\/\/www.acetaiamarchi.com\/fr\/#organization"},"potentialAction":[{"@type":"SearchAction","target":{"@type":"EntryPoint","urlTemplate":"https:\/\/www.acetaiamarchi.com\/fr\/?s={search_term_string}"},"query-input":{"@type":"PropertyValueSpecification","valueRequired":true,"valueName":"search_term_string"}}],"inLanguage":"fr-FR"},{"@type":"Organization","@id":"https:\/\/www.acetaiamarchi.com\/fr\/#organization","name":"Acetaia Marchi Srl","url":"https:\/\/www.acetaiamarchi.com\/fr\/","logo":{"@type":"ImageObject","inLanguage":"fr-FR","@id":"https:\/\/www.acetaiamarchi.com\/fr\/#\/schema\/logo\/image\/","url":"https:\/\/acetaiamarchi.com\/wp-content\/uploads\/2025\/03\/Acetaia-Marchi-Srl-Logo.png","contentUrl":"https:\/\/acetaiamarchi.com\/wp-content\/uploads\/2025\/03\/Acetaia-Marchi-Srl-Logo.png","width":2000,"height":2000,"caption":"Acetaia Marchi Srl"},"image":{"@id":"https:\/\/www.acetaiamarchi.com\/fr\/#\/schema\/logo\/image\/"}}]}},"_links":{"self":[{"href":"https:\/\/www.acetaiamarchi.com\/fr\/wp-json\/wp\/v2\/product\/8864","targetHints":{"allow":["GET"]}}],"collection":[{"href":"https:\/\/www.acetaiamarchi.com\/fr\/wp-json\/wp\/v2\/product"}],"about":[{"href":"https:\/\/www.acetaiamarchi.com\/fr\/wp-json\/wp\/v2\/types\/product"}],"version-history":[{"count":4,"href":"https:\/\/www.acetaiamarchi.com\/fr\/wp-json\/wp\/v2\/product\/8864\/revisions"}],"predecessor-version":[{"id":11707,"href":"https:\/\/www.acetaiamarchi.com\/fr\/wp-json\/wp\/v2\/product\/8864\/revisions\/11707"}],"wp:featuredmedia":[{"embeddable":true,"href":"https:\/\/www.acetaiamarchi.com\/fr\/wp-json\/wp\/v2\/media\/801"}],"wp:attachment":[{"href":"https:\/\/www.acetaiamarchi.com\/fr\/wp-json\/wp\/v2\/media?parent=8864"}],"wp:term":[{"taxonomy":"product_brand","embeddable":true,"href":"https:\/\/www.acetaiamarchi.com\/fr\/wp-json\/wp\/v2\/product_brand?post=8864"},{"taxonomy":"product_cat","embeddable":true,"href":"https:\/\/www.acetaiamarchi.com\/fr\/wp-json\/wp\/v2\/product_cat?post=8864"},{"taxonomy":"product_tag","embeddable":true,"href":"https:\/\/www.acetaiamarchi.com\/fr\/wp-json\/wp\/v2\/product_tag?post=8864"}],"curies":[{"name":"wp","href":"https:\/\/api.w.org\/{rel}","templated":true}]}}