{"id":14135,"date":"2025-03-25T14:14:40","date_gmt":"2025-03-25T13:14:40","guid":{"rendered":"https:\/\/www.acetaiamarchi.com\/prodotto\/vinaigre-balsamique-de-modene-igp-classic-16\/"},"modified":"2025-03-25T14:14:40","modified_gmt":"2025-03-25T13:14:40","slug":"vinaigre-balsamique-de-modene-igp-classic-16","status":"publish","type":"product","link":"https:\/\/www.acetaiamarchi.com\/fr\/produit\/vinaigre-balsamique-de-modene-igp-classic-16\/","title":{"rendered":"Vinaigre balsamique de Mod\u00e8ne IGP &#8211; Classic 16"},"content":{"rendered":"<p>Le vinaigre balsamique de Mod\u00e8ne IGP est un <strong>produit \u00e0<\/strong> caract\u00e8re <strong>aigre-doux<\/strong>, caract\u00e9ris\u00e9 par une <strong>couleur sombre et claire.<\/strong> Il est le fruit d&rsquo;un savant m\u00e9lange de mo\u00fbts cuits provenant de c\u00e9pages locaux s\u00e9lectionn\u00e9s, enrichis d&rsquo;une faible mais pr\u00e9cieuse quantit\u00e9 de vinaigre de vin. Ce m\u00e9lange extraordinaire est ensuite affin\u00e9 dans de vieux f\u00fbts de ch\u00eane, ce qui donne un produit qui s&rsquo;inscrit dans la tradition.  <\/p>\n<p>L&rsquo;ar\u00f4me du vinaigre balsamique est <strong>intense et harmonieux<\/strong>, un \u00e9quilibre parfait entre fra\u00eecheur et d\u00e9licatesse. La note ac\u00e9tique se fait agr\u00e9ablement sentir, donnant de la profondeur et de la complexit\u00e9 au bouquet aromatique, ce qui le rend <strong>id\u00e9al pour enrichir tous les plats d&rsquo;<\/strong> une touche d&rsquo;\u00e9l\u00e9gance et de saveur. <\/p>\n","protected":false},"excerpt":{"rendered":"<p>Vinaigre balsamique de Mod\u00e8ne IGP produit \u00e0 partir de vinaigre de vin et de mo\u00fbt de raisin cuit des c\u00e9pages Trebbiano et Lambrusco et vieilli dans le bois.<\/p>\n","protected":false},"featured_media":1047,"template":"","meta":[],"product_brand":[],"product_cat":[490],"product_tag":[],"class_list":{"0":"post-14135","1":"product","2":"type-product","3":"status-publish","4":"has-post-thumbnail","6":"product_cat-les-classiques","8":"first","9":"outofstock","10":"shipping-taxable","11":"product-type-simple"},"yoast_head":"<!-- This site is optimized with the Yoast SEO plugin v27.4 - https:\/\/yoast.com\/product\/yoast-seo-wordpress\/ -->\n<title>Vinaigre balsamique de Mod\u00e8ne IGP - Classic 16 - Acetaia Marchi<\/title>\n<meta name=\"description\" content=\"Production de vinaigre balsamique de Mod\u00e8ne IGP \u00e0 partir de vinaigre de vin et de mo\u00fbt de raisin cuit des c\u00e9pages Trebbiano et Lambrusco ; vieillissement en f\u00fbts de bois.\" \/>\n<meta name=\"robots\" content=\"index, follow, max-snippet:-1, max-image-preview:large, max-video-preview:-1\" \/>\n<link rel=\"canonical\" href=\"https:\/\/www.acetaiamarchi.com\/fr\/produit\/vinaigre-balsamique-de-modene-igp-classic-16\/\" \/>\n<meta property=\"og:locale\" content=\"fr_FR\" \/>\n<meta property=\"og:type\" content=\"article\" \/>\n<meta property=\"og:title\" content=\"Vinaigre balsamique de Mod\u00e8ne IGP - Classic 16 - Acetaia Marchi\" \/>\n<meta property=\"og:description\" content=\"Production de vinaigre balsamique de Mod\u00e8ne IGP \u00e0 partir de vinaigre de vin et de mo\u00fbt de raisin cuit des c\u00e9pages Trebbiano et Lambrusco ; vieillissement en f\u00fbts de bois.\" \/>\n<meta property=\"og:url\" content=\"https:\/\/www.acetaiamarchi.com\/fr\/produit\/vinaigre-balsamique-de-modene-igp-classic-16\/\" \/>\n<meta property=\"og:site_name\" content=\"Acetaia Marchi\" \/>\n<meta property=\"og:image\" content=\"https:\/\/www.acetaiamarchi.com\/wp-content\/uploads\/2025\/03\/Aceto-Balsamico-di-Modena-IGP-Classico-16.jpg\" \/>\n\t<meta property=\"og:image:width\" content=\"1600\" \/>\n\t<meta property=\"og:image:height\" content=\"1600\" \/>\n\t<meta property=\"og:image:type\" content=\"image\/jpeg\" \/>\n<meta name=\"twitter:card\" content=\"summary_large_image\" \/>\n<meta name=\"twitter:label1\" content=\"Dur\u00e9e de lecture estim\u00e9e\" \/>\n\t<meta name=\"twitter:data1\" content=\"1 minute\" \/>\n<script type=\"application\/ld+json\" class=\"yoast-schema-graph\">{\"@context\":\"https:\\\/\\\/schema.org\",\"@graph\":[{\"@type\":\"WebPage\",\"@id\":\"https:\\\/\\\/www.acetaiamarchi.com\\\/fr\\\/produit\\\/vinaigre-balsamique-de-modene-igp-classic-16\\\/\",\"url\":\"https:\\\/\\\/www.acetaiamarchi.com\\\/fr\\\/produit\\\/vinaigre-balsamique-de-modene-igp-classic-16\\\/\",\"name\":\"Vinaigre balsamique de Mod\u00e8ne IGP - Classic 16 - Acetaia Marchi\",\"isPartOf\":{\"@id\":\"https:\\\/\\\/www.acetaiamarchi.com\\\/fr\\\/#website\"},\"primaryImageOfPage\":{\"@id\":\"https:\\\/\\\/www.acetaiamarchi.com\\\/fr\\\/produit\\\/vinaigre-balsamique-de-modene-igp-classic-16\\\/#primaryimage\"},\"image\":{\"@id\":\"https:\\\/\\\/www.acetaiamarchi.com\\\/fr\\\/produit\\\/vinaigre-balsamique-de-modene-igp-classic-16\\\/#primaryimage\"},\"thumbnailUrl\":\"https:\\\/\\\/www.acetaiamarchi.com\\\/wp-content\\\/uploads\\\/2025\\\/03\\\/Aceto-Balsamico-di-Modena-IGP-Classico-16.jpg\",\"datePublished\":\"2025-03-25T13:14:40+00:00\",\"description\":\"Production de vinaigre balsamique de Mod\u00e8ne IGP \u00e0 partir de vinaigre de vin et de mo\u00fbt de raisin cuit des c\u00e9pages Trebbiano et Lambrusco ; vieillissement en f\u00fbts de bois.\",\"breadcrumb\":{\"@id\":\"https:\\\/\\\/www.acetaiamarchi.com\\\/fr\\\/produit\\\/vinaigre-balsamique-de-modene-igp-classic-16\\\/#breadcrumb\"},\"inLanguage\":\"fr-FR\",\"potentialAction\":[{\"@type\":\"ReadAction\",\"target\":[\"https:\\\/\\\/www.acetaiamarchi.com\\\/fr\\\/produit\\\/vinaigre-balsamique-de-modene-igp-classic-16\\\/\"]}]},{\"@type\":\"ImageObject\",\"inLanguage\":\"fr-FR\",\"@id\":\"https:\\\/\\\/www.acetaiamarchi.com\\\/fr\\\/produit\\\/vinaigre-balsamique-de-modene-igp-classic-16\\\/#primaryimage\",\"url\":\"https:\\\/\\\/www.acetaiamarchi.com\\\/wp-content\\\/uploads\\\/2025\\\/03\\\/Aceto-Balsamico-di-Modena-IGP-Classico-16.jpg\",\"contentUrl\":\"https:\\\/\\\/www.acetaiamarchi.com\\\/wp-content\\\/uploads\\\/2025\\\/03\\\/Aceto-Balsamico-di-Modena-IGP-Classico-16.jpg\",\"width\":1600,\"height\":1600,\"caption\":\"Aceto Balsamico di Modena IGP - Classico 16\"},{\"@type\":\"BreadcrumbList\",\"@id\":\"https:\\\/\\\/www.acetaiamarchi.com\\\/fr\\\/produit\\\/vinaigre-balsamique-de-modene-igp-classic-16\\\/#breadcrumb\",\"itemListElement\":[{\"@type\":\"ListItem\",\"position\":1,\"name\":\"Home\",\"item\":\"https:\\\/\\\/www.acetaiamarchi.com\\\/fr\\\/\"},{\"@type\":\"ListItem\",\"position\":2,\"name\":\"Produits\",\"item\":\"https:\\\/\\\/www.acetaiamarchi.com\\\/fr\\\/shop\\\/\"},{\"@type\":\"ListItem\",\"position\":3,\"name\":\"Vinaigre balsamique de Mod\u00e8ne IGP &#8211; Classic 16\"}]},{\"@type\":\"WebSite\",\"@id\":\"https:\\\/\\\/www.acetaiamarchi.com\\\/fr\\\/#website\",\"url\":\"https:\\\/\\\/www.acetaiamarchi.com\\\/fr\\\/\",\"name\":\"Acetaia Marchi Srl\",\"description\":\"\",\"publisher\":{\"@id\":\"https:\\\/\\\/www.acetaiamarchi.com\\\/fr\\\/#organization\"},\"potentialAction\":[{\"@type\":\"SearchAction\",\"target\":{\"@type\":\"EntryPoint\",\"urlTemplate\":\"https:\\\/\\\/www.acetaiamarchi.com\\\/fr\\\/?s={search_term_string}\"},\"query-input\":{\"@type\":\"PropertyValueSpecification\",\"valueRequired\":true,\"valueName\":\"search_term_string\"}}],\"inLanguage\":\"fr-FR\"},{\"@type\":\"Organization\",\"@id\":\"https:\\\/\\\/www.acetaiamarchi.com\\\/fr\\\/#organization\",\"name\":\"Acetaia Marchi Srl\",\"url\":\"https:\\\/\\\/www.acetaiamarchi.com\\\/fr\\\/\",\"logo\":{\"@type\":\"ImageObject\",\"inLanguage\":\"fr-FR\",\"@id\":\"https:\\\/\\\/www.acetaiamarchi.com\\\/fr\\\/#\\\/schema\\\/logo\\\/image\\\/\",\"url\":\"https:\\\/\\\/acetaiamarchi.com\\\/wp-content\\\/uploads\\\/2025\\\/03\\\/Acetaia-Marchi-Srl-Logo.png\",\"contentUrl\":\"https:\\\/\\\/acetaiamarchi.com\\\/wp-content\\\/uploads\\\/2025\\\/03\\\/Acetaia-Marchi-Srl-Logo.png\",\"width\":2000,\"height\":2000,\"caption\":\"Acetaia Marchi Srl\"},\"image\":{\"@id\":\"https:\\\/\\\/www.acetaiamarchi.com\\\/fr\\\/#\\\/schema\\\/logo\\\/image\\\/\"}}]}<\/script>\n<!-- \/ Yoast SEO plugin. -->","yoast_head_json":{"title":"Vinaigre balsamique de Mod\u00e8ne IGP - Classic 16 - Acetaia Marchi","description":"Production de vinaigre balsamique de Mod\u00e8ne IGP \u00e0 partir de vinaigre de vin et de mo\u00fbt de raisin cuit des c\u00e9pages Trebbiano et Lambrusco ; vieillissement en f\u00fbts de bois.","robots":{"index":"index","follow":"follow","max-snippet":"max-snippet:-1","max-image-preview":"max-image-preview:large","max-video-preview":"max-video-preview:-1"},"canonical":"https:\/\/www.acetaiamarchi.com\/fr\/produit\/vinaigre-balsamique-de-modene-igp-classic-16\/","og_locale":"fr_FR","og_type":"article","og_title":"Vinaigre balsamique de Mod\u00e8ne IGP - Classic 16 - Acetaia Marchi","og_description":"Production de vinaigre balsamique de Mod\u00e8ne IGP \u00e0 partir de vinaigre de vin et de mo\u00fbt de raisin cuit des c\u00e9pages Trebbiano et Lambrusco ; vieillissement en f\u00fbts de bois.","og_url":"https:\/\/www.acetaiamarchi.com\/fr\/produit\/vinaigre-balsamique-de-modene-igp-classic-16\/","og_site_name":"Acetaia Marchi","og_image":[{"width":1600,"height":1600,"url":"https:\/\/www.acetaiamarchi.com\/wp-content\/uploads\/2025\/03\/Aceto-Balsamico-di-Modena-IGP-Classico-16.jpg","type":"image\/jpeg"}],"twitter_card":"summary_large_image","twitter_misc":{"Dur\u00e9e de lecture estim\u00e9e":"1 minute"},"schema":{"@context":"https:\/\/schema.org","@graph":[{"@type":"WebPage","@id":"https:\/\/www.acetaiamarchi.com\/fr\/produit\/vinaigre-balsamique-de-modene-igp-classic-16\/","url":"https:\/\/www.acetaiamarchi.com\/fr\/produit\/vinaigre-balsamique-de-modene-igp-classic-16\/","name":"Vinaigre balsamique de Mod\u00e8ne IGP - Classic 16 - Acetaia Marchi","isPartOf":{"@id":"https:\/\/www.acetaiamarchi.com\/fr\/#website"},"primaryImageOfPage":{"@id":"https:\/\/www.acetaiamarchi.com\/fr\/produit\/vinaigre-balsamique-de-modene-igp-classic-16\/#primaryimage"},"image":{"@id":"https:\/\/www.acetaiamarchi.com\/fr\/produit\/vinaigre-balsamique-de-modene-igp-classic-16\/#primaryimage"},"thumbnailUrl":"https:\/\/www.acetaiamarchi.com\/wp-content\/uploads\/2025\/03\/Aceto-Balsamico-di-Modena-IGP-Classico-16.jpg","datePublished":"2025-03-25T13:14:40+00:00","description":"Production de vinaigre balsamique de Mod\u00e8ne IGP \u00e0 partir de vinaigre de vin et de mo\u00fbt de raisin cuit des c\u00e9pages Trebbiano et Lambrusco ; vieillissement en f\u00fbts de bois.","breadcrumb":{"@id":"https:\/\/www.acetaiamarchi.com\/fr\/produit\/vinaigre-balsamique-de-modene-igp-classic-16\/#breadcrumb"},"inLanguage":"fr-FR","potentialAction":[{"@type":"ReadAction","target":["https:\/\/www.acetaiamarchi.com\/fr\/produit\/vinaigre-balsamique-de-modene-igp-classic-16\/"]}]},{"@type":"ImageObject","inLanguage":"fr-FR","@id":"https:\/\/www.acetaiamarchi.com\/fr\/produit\/vinaigre-balsamique-de-modene-igp-classic-16\/#primaryimage","url":"https:\/\/www.acetaiamarchi.com\/wp-content\/uploads\/2025\/03\/Aceto-Balsamico-di-Modena-IGP-Classico-16.jpg","contentUrl":"https:\/\/www.acetaiamarchi.com\/wp-content\/uploads\/2025\/03\/Aceto-Balsamico-di-Modena-IGP-Classico-16.jpg","width":1600,"height":1600,"caption":"Aceto Balsamico di Modena IGP - Classico 16"},{"@type":"BreadcrumbList","@id":"https:\/\/www.acetaiamarchi.com\/fr\/produit\/vinaigre-balsamique-de-modene-igp-classic-16\/#breadcrumb","itemListElement":[{"@type":"ListItem","position":1,"name":"Home","item":"https:\/\/www.acetaiamarchi.com\/fr\/"},{"@type":"ListItem","position":2,"name":"Produits","item":"https:\/\/www.acetaiamarchi.com\/fr\/shop\/"},{"@type":"ListItem","position":3,"name":"Vinaigre balsamique de Mod\u00e8ne IGP &#8211; Classic 16"}]},{"@type":"WebSite","@id":"https:\/\/www.acetaiamarchi.com\/fr\/#website","url":"https:\/\/www.acetaiamarchi.com\/fr\/","name":"Acetaia Marchi Srl","description":"","publisher":{"@id":"https:\/\/www.acetaiamarchi.com\/fr\/#organization"},"potentialAction":[{"@type":"SearchAction","target":{"@type":"EntryPoint","urlTemplate":"https:\/\/www.acetaiamarchi.com\/fr\/?s={search_term_string}"},"query-input":{"@type":"PropertyValueSpecification","valueRequired":true,"valueName":"search_term_string"}}],"inLanguage":"fr-FR"},{"@type":"Organization","@id":"https:\/\/www.acetaiamarchi.com\/fr\/#organization","name":"Acetaia Marchi Srl","url":"https:\/\/www.acetaiamarchi.com\/fr\/","logo":{"@type":"ImageObject","inLanguage":"fr-FR","@id":"https:\/\/www.acetaiamarchi.com\/fr\/#\/schema\/logo\/image\/","url":"https:\/\/acetaiamarchi.com\/wp-content\/uploads\/2025\/03\/Acetaia-Marchi-Srl-Logo.png","contentUrl":"https:\/\/acetaiamarchi.com\/wp-content\/uploads\/2025\/03\/Acetaia-Marchi-Srl-Logo.png","width":2000,"height":2000,"caption":"Acetaia Marchi Srl"},"image":{"@id":"https:\/\/www.acetaiamarchi.com\/fr\/#\/schema\/logo\/image\/"}}]}},"_links":{"self":[{"href":"https:\/\/www.acetaiamarchi.com\/fr\/wp-json\/wp\/v2\/product\/14135","targetHints":{"allow":["GET"]}}],"collection":[{"href":"https:\/\/www.acetaiamarchi.com\/fr\/wp-json\/wp\/v2\/product"}],"about":[{"href":"https:\/\/www.acetaiamarchi.com\/fr\/wp-json\/wp\/v2\/types\/product"}],"version-history":[{"count":0,"href":"https:\/\/www.acetaiamarchi.com\/fr\/wp-json\/wp\/v2\/product\/14135\/revisions"}],"wp:featuredmedia":[{"embeddable":true,"href":"https:\/\/www.acetaiamarchi.com\/fr\/wp-json\/wp\/v2\/media\/1047"}],"wp:attachment":[{"href":"https:\/\/www.acetaiamarchi.com\/fr\/wp-json\/wp\/v2\/media?parent=14135"}],"wp:term":[{"taxonomy":"product_brand","embeddable":true,"href":"https:\/\/www.acetaiamarchi.com\/fr\/wp-json\/wp\/v2\/product_brand?post=14135"},{"taxonomy":"product_cat","embeddable":true,"href":"https:\/\/www.acetaiamarchi.com\/fr\/wp-json\/wp\/v2\/product_cat?post=14135"},{"taxonomy":"product_tag","embeddable":true,"href":"https:\/\/www.acetaiamarchi.com\/fr\/wp-json\/wp\/v2\/product_tag?post=14135"}],"curies":[{"name":"wp","href":"https:\/\/api.w.org\/{rel}","templated":true}]}}