{"id":14059,"date":"2025-03-27T11:49:58","date_gmt":"2025-03-27T10:49:58","guid":{"rendered":"https:\/\/www.acetaiamarchi.com\/prodotto\/sauce-blanche-creme\/"},"modified":"2025-03-27T11:49:58","modified_gmt":"2025-03-27T10:49:58","slug":"sauce-blanche-creme","status":"publish","type":"product","link":"https:\/\/www.acetaiamarchi.com\/fr\/produit\/sauce-blanche-creme\/","title":{"rendered":"Sauce blanche Cr\u00e8me"},"content":{"rendered":"<p class=\"\" data-start=\"4355\" data-end=\"4727\">La <strong data-start=\"4358\" data-end=\"4388\">cr\u00e8me pour vinaigrette blanche<\/strong> est une variante d\u00e9licate et raffin\u00e9e, parfaite pour ceux qui recherchent une saveur plus l\u00e9g\u00e8re mais toujours riche en caract\u00e8re. \u00c9labor\u00e9e \u00e0 partir de vinaigre de vin blanc, de mo\u00fbt de raisin et d&rsquo;amidon de haute qualit\u00e9, cette cr\u00e8me se caract\u00e9rise par sa consistance velout\u00e9e et sa couleur claire, id\u00e9ale pour ceux qui souhaitent une vinaigrette \u00e9l\u00e9gante mais visuellement neutre. <\/p>\n<p class=\"\" data-start=\"4729\" data-end=\"5009\"><strong><em>En cuisine<\/em><\/strong>La cr\u00e8me : Gr\u00e2ce \u00e0 l&rsquo;utilisation d&rsquo;ingr\u00e9dients naturels, la cr\u00e8me offre un go\u00fbt aigre-doux plus doux que les versions \u00e0 base de vinaigre balsamique traditionnel. Elle est parfaite avec les plats de poisson, les l\u00e9gumes, les salades fra\u00eeches, les viandes et les pr\u00e9parations de desserts. <\/p>\n","protected":false},"excerpt":{"rendered":"<p>Une alternative polyvalente et moderne, con\u00e7ue pour rehausser les saveurs sans les dominer, dans le respect de la philosophie artisanale et de la qualit\u00e9 qui ont toujours distingu\u00e9 Acetaia Marchi.<\/p>\n<p>Disponible en 250 ml et 150 ml.<\/p>\n","protected":false},"featured_media":2415,"template":"","meta":[],"product_brand":[],"product_cat":[505],"product_tag":[],"class_list":{"0":"post-14059","1":"product","2":"type-product","3":"status-publish","4":"has-post-thumbnail","6":"product_cat-cremes","8":"first","9":"instock","10":"shipping-taxable","11":"product-type-simple"},"yoast_head":"<!-- This site is optimized with the Yoast SEO plugin v27.3 - https:\/\/yoast.com\/product\/yoast-seo-wordpress\/ -->\n<title>Sauce blanche Cr\u00e8me | Acetaia Marchi<\/title>\n<meta name=\"description\" content=\"La White Dressing Cream est une variante d\u00e9licate et raffin\u00e9e pour les plats de poisson, les l\u00e9gumes, les salades fra\u00eeches, les pr\u00e9parations de viande et de dessert.\" \/>\n<meta name=\"robots\" content=\"index, follow, max-snippet:-1, max-image-preview:large, max-video-preview:-1\" \/>\n<link rel=\"canonical\" href=\"https:\/\/www.acetaiamarchi.com\/fr\/produit\/sauce-blanche-creme\/\" \/>\n<meta property=\"og:locale\" content=\"fr_FR\" \/>\n<meta property=\"og:type\" content=\"article\" \/>\n<meta property=\"og:title\" content=\"Sauce blanche Cr\u00e8me | Acetaia Marchi\" \/>\n<meta property=\"og:description\" content=\"La White Dressing Cream est une variante d\u00e9licate et raffin\u00e9e pour les plats de poisson, les l\u00e9gumes, les salades fra\u00eeches, les pr\u00e9parations de viande et de dessert.\" \/>\n<meta property=\"og:url\" content=\"https:\/\/www.acetaiamarchi.com\/fr\/produit\/sauce-blanche-creme\/\" \/>\n<meta property=\"og:site_name\" content=\"Acetaia Marchi\" \/>\n<meta property=\"og:image\" content=\"https:\/\/www.acetaiamarchi.com\/wp-content\/uploads\/2025\/03\/Crema-Aceto-Balsamico-di-Modena-IGP-condimento-bianco-250ml.jpg\" \/>\n\t<meta property=\"og:image:width\" content=\"1600\" \/>\n\t<meta property=\"og:image:height\" content=\"1600\" \/>\n\t<meta property=\"og:image:type\" content=\"image\/jpeg\" \/>\n<meta name=\"twitter:card\" content=\"summary_large_image\" \/>\n<meta name=\"twitter:label1\" content=\"Dur\u00e9e de lecture estim\u00e9e\" \/>\n\t<meta name=\"twitter:data1\" content=\"1 minute\" \/>\n<script type=\"application\/ld+json\" class=\"yoast-schema-graph\">{\"@context\":\"https:\\\/\\\/schema.org\",\"@graph\":[{\"@type\":\"WebPage\",\"@id\":\"https:\\\/\\\/www.acetaiamarchi.com\\\/fr\\\/produit\\\/sauce-blanche-creme\\\/\",\"url\":\"https:\\\/\\\/www.acetaiamarchi.com\\\/fr\\\/produit\\\/sauce-blanche-creme\\\/\",\"name\":\"Sauce blanche Cr\u00e8me | Acetaia Marchi\",\"isPartOf\":{\"@id\":\"https:\\\/\\\/www.acetaiamarchi.com\\\/fr\\\/#website\"},\"primaryImageOfPage\":{\"@id\":\"https:\\\/\\\/www.acetaiamarchi.com\\\/fr\\\/produit\\\/sauce-blanche-creme\\\/#primaryimage\"},\"image\":{\"@id\":\"https:\\\/\\\/www.acetaiamarchi.com\\\/fr\\\/produit\\\/sauce-blanche-creme\\\/#primaryimage\"},\"thumbnailUrl\":\"https:\\\/\\\/www.acetaiamarchi.com\\\/wp-content\\\/uploads\\\/2025\\\/03\\\/Crema-Aceto-Balsamico-di-Modena-IGP-condimento-bianco-250ml.jpg\",\"datePublished\":\"2025-03-27T10:49:58+00:00\",\"description\":\"La White Dressing Cream est une variante d\u00e9licate et raffin\u00e9e pour les plats de poisson, les l\u00e9gumes, les salades fra\u00eeches, les pr\u00e9parations de viande et de dessert.\",\"breadcrumb\":{\"@id\":\"https:\\\/\\\/www.acetaiamarchi.com\\\/fr\\\/produit\\\/sauce-blanche-creme\\\/#breadcrumb\"},\"inLanguage\":\"fr-FR\",\"potentialAction\":[{\"@type\":\"ReadAction\",\"target\":[\"https:\\\/\\\/www.acetaiamarchi.com\\\/fr\\\/produit\\\/sauce-blanche-creme\\\/\"]}]},{\"@type\":\"ImageObject\",\"inLanguage\":\"fr-FR\",\"@id\":\"https:\\\/\\\/www.acetaiamarchi.com\\\/fr\\\/produit\\\/sauce-blanche-creme\\\/#primaryimage\",\"url\":\"https:\\\/\\\/www.acetaiamarchi.com\\\/wp-content\\\/uploads\\\/2025\\\/03\\\/Crema-Aceto-Balsamico-di-Modena-IGP-condimento-bianco-250ml.jpg\",\"contentUrl\":\"https:\\\/\\\/www.acetaiamarchi.com\\\/wp-content\\\/uploads\\\/2025\\\/03\\\/Crema-Aceto-Balsamico-di-Modena-IGP-condimento-bianco-250ml.jpg\",\"width\":1600,\"height\":1600,\"caption\":\"Crema al Condimento Bianco\"},{\"@type\":\"BreadcrumbList\",\"@id\":\"https:\\\/\\\/www.acetaiamarchi.com\\\/fr\\\/produit\\\/sauce-blanche-creme\\\/#breadcrumb\",\"itemListElement\":[{\"@type\":\"ListItem\",\"position\":1,\"name\":\"Home\",\"item\":\"https:\\\/\\\/www.acetaiamarchi.com\\\/fr\\\/\"},{\"@type\":\"ListItem\",\"position\":2,\"name\":\"Produits\",\"item\":\"https:\\\/\\\/www.acetaiamarchi.com\\\/fr\\\/shop\\\/\"},{\"@type\":\"ListItem\",\"position\":3,\"name\":\"Sauce blanche Cr\u00e8me\"}]},{\"@type\":\"WebSite\",\"@id\":\"https:\\\/\\\/www.acetaiamarchi.com\\\/fr\\\/#website\",\"url\":\"https:\\\/\\\/www.acetaiamarchi.com\\\/fr\\\/\",\"name\":\"Acetaia Marchi Srl\",\"description\":\"\",\"publisher\":{\"@id\":\"https:\\\/\\\/www.acetaiamarchi.com\\\/fr\\\/#organization\"},\"potentialAction\":[{\"@type\":\"SearchAction\",\"target\":{\"@type\":\"EntryPoint\",\"urlTemplate\":\"https:\\\/\\\/www.acetaiamarchi.com\\\/fr\\\/?s={search_term_string}\"},\"query-input\":{\"@type\":\"PropertyValueSpecification\",\"valueRequired\":true,\"valueName\":\"search_term_string\"}}],\"inLanguage\":\"fr-FR\"},{\"@type\":\"Organization\",\"@id\":\"https:\\\/\\\/www.acetaiamarchi.com\\\/fr\\\/#organization\",\"name\":\"Acetaia Marchi Srl\",\"url\":\"https:\\\/\\\/www.acetaiamarchi.com\\\/fr\\\/\",\"logo\":{\"@type\":\"ImageObject\",\"inLanguage\":\"fr-FR\",\"@id\":\"https:\\\/\\\/www.acetaiamarchi.com\\\/fr\\\/#\\\/schema\\\/logo\\\/image\\\/\",\"url\":\"https:\\\/\\\/acetaiamarchi.com\\\/wp-content\\\/uploads\\\/2025\\\/03\\\/Acetaia-Marchi-Srl-Logo.png\",\"contentUrl\":\"https:\\\/\\\/acetaiamarchi.com\\\/wp-content\\\/uploads\\\/2025\\\/03\\\/Acetaia-Marchi-Srl-Logo.png\",\"width\":2000,\"height\":2000,\"caption\":\"Acetaia Marchi Srl\"},\"image\":{\"@id\":\"https:\\\/\\\/www.acetaiamarchi.com\\\/fr\\\/#\\\/schema\\\/logo\\\/image\\\/\"}}]}<\/script>\n<!-- \/ Yoast SEO plugin. -->","yoast_head_json":{"title":"Sauce blanche Cr\u00e8me | Acetaia Marchi","description":"La White Dressing Cream est une variante d\u00e9licate et raffin\u00e9e pour les plats de poisson, les l\u00e9gumes, les salades fra\u00eeches, les pr\u00e9parations de viande et de dessert.","robots":{"index":"index","follow":"follow","max-snippet":"max-snippet:-1","max-image-preview":"max-image-preview:large","max-video-preview":"max-video-preview:-1"},"canonical":"https:\/\/www.acetaiamarchi.com\/fr\/produit\/sauce-blanche-creme\/","og_locale":"fr_FR","og_type":"article","og_title":"Sauce blanche Cr\u00e8me | Acetaia Marchi","og_description":"La White Dressing Cream est une variante d\u00e9licate et raffin\u00e9e pour les plats de poisson, les l\u00e9gumes, les salades fra\u00eeches, les pr\u00e9parations de viande et de dessert.","og_url":"https:\/\/www.acetaiamarchi.com\/fr\/produit\/sauce-blanche-creme\/","og_site_name":"Acetaia Marchi","og_image":[{"width":1600,"height":1600,"url":"https:\/\/www.acetaiamarchi.com\/wp-content\/uploads\/2025\/03\/Crema-Aceto-Balsamico-di-Modena-IGP-condimento-bianco-250ml.jpg","type":"image\/jpeg"}],"twitter_card":"summary_large_image","twitter_misc":{"Dur\u00e9e de lecture estim\u00e9e":"1 minute"},"schema":{"@context":"https:\/\/schema.org","@graph":[{"@type":"WebPage","@id":"https:\/\/www.acetaiamarchi.com\/fr\/produit\/sauce-blanche-creme\/","url":"https:\/\/www.acetaiamarchi.com\/fr\/produit\/sauce-blanche-creme\/","name":"Sauce blanche Cr\u00e8me | Acetaia Marchi","isPartOf":{"@id":"https:\/\/www.acetaiamarchi.com\/fr\/#website"},"primaryImageOfPage":{"@id":"https:\/\/www.acetaiamarchi.com\/fr\/produit\/sauce-blanche-creme\/#primaryimage"},"image":{"@id":"https:\/\/www.acetaiamarchi.com\/fr\/produit\/sauce-blanche-creme\/#primaryimage"},"thumbnailUrl":"https:\/\/www.acetaiamarchi.com\/wp-content\/uploads\/2025\/03\/Crema-Aceto-Balsamico-di-Modena-IGP-condimento-bianco-250ml.jpg","datePublished":"2025-03-27T10:49:58+00:00","description":"La White Dressing Cream est une variante d\u00e9licate et raffin\u00e9e pour les plats de poisson, les l\u00e9gumes, les salades fra\u00eeches, les pr\u00e9parations de viande et de dessert.","breadcrumb":{"@id":"https:\/\/www.acetaiamarchi.com\/fr\/produit\/sauce-blanche-creme\/#breadcrumb"},"inLanguage":"fr-FR","potentialAction":[{"@type":"ReadAction","target":["https:\/\/www.acetaiamarchi.com\/fr\/produit\/sauce-blanche-creme\/"]}]},{"@type":"ImageObject","inLanguage":"fr-FR","@id":"https:\/\/www.acetaiamarchi.com\/fr\/produit\/sauce-blanche-creme\/#primaryimage","url":"https:\/\/www.acetaiamarchi.com\/wp-content\/uploads\/2025\/03\/Crema-Aceto-Balsamico-di-Modena-IGP-condimento-bianco-250ml.jpg","contentUrl":"https:\/\/www.acetaiamarchi.com\/wp-content\/uploads\/2025\/03\/Crema-Aceto-Balsamico-di-Modena-IGP-condimento-bianco-250ml.jpg","width":1600,"height":1600,"caption":"Crema al Condimento Bianco"},{"@type":"BreadcrumbList","@id":"https:\/\/www.acetaiamarchi.com\/fr\/produit\/sauce-blanche-creme\/#breadcrumb","itemListElement":[{"@type":"ListItem","position":1,"name":"Home","item":"https:\/\/www.acetaiamarchi.com\/fr\/"},{"@type":"ListItem","position":2,"name":"Produits","item":"https:\/\/www.acetaiamarchi.com\/fr\/shop\/"},{"@type":"ListItem","position":3,"name":"Sauce blanche Cr\u00e8me"}]},{"@type":"WebSite","@id":"https:\/\/www.acetaiamarchi.com\/fr\/#website","url":"https:\/\/www.acetaiamarchi.com\/fr\/","name":"Acetaia Marchi Srl","description":"","publisher":{"@id":"https:\/\/www.acetaiamarchi.com\/fr\/#organization"},"potentialAction":[{"@type":"SearchAction","target":{"@type":"EntryPoint","urlTemplate":"https:\/\/www.acetaiamarchi.com\/fr\/?s={search_term_string}"},"query-input":{"@type":"PropertyValueSpecification","valueRequired":true,"valueName":"search_term_string"}}],"inLanguage":"fr-FR"},{"@type":"Organization","@id":"https:\/\/www.acetaiamarchi.com\/fr\/#organization","name":"Acetaia Marchi Srl","url":"https:\/\/www.acetaiamarchi.com\/fr\/","logo":{"@type":"ImageObject","inLanguage":"fr-FR","@id":"https:\/\/www.acetaiamarchi.com\/fr\/#\/schema\/logo\/image\/","url":"https:\/\/acetaiamarchi.com\/wp-content\/uploads\/2025\/03\/Acetaia-Marchi-Srl-Logo.png","contentUrl":"https:\/\/acetaiamarchi.com\/wp-content\/uploads\/2025\/03\/Acetaia-Marchi-Srl-Logo.png","width":2000,"height":2000,"caption":"Acetaia Marchi Srl"},"image":{"@id":"https:\/\/www.acetaiamarchi.com\/fr\/#\/schema\/logo\/image\/"}}]}},"_links":{"self":[{"href":"https:\/\/www.acetaiamarchi.com\/fr\/wp-json\/wp\/v2\/product\/14059","targetHints":{"allow":["GET"]}}],"collection":[{"href":"https:\/\/www.acetaiamarchi.com\/fr\/wp-json\/wp\/v2\/product"}],"about":[{"href":"https:\/\/www.acetaiamarchi.com\/fr\/wp-json\/wp\/v2\/types\/product"}],"version-history":[{"count":0,"href":"https:\/\/www.acetaiamarchi.com\/fr\/wp-json\/wp\/v2\/product\/14059\/revisions"}],"wp:featuredmedia":[{"embeddable":true,"href":"https:\/\/www.acetaiamarchi.com\/fr\/wp-json\/wp\/v2\/media\/2415"}],"wp:attachment":[{"href":"https:\/\/www.acetaiamarchi.com\/fr\/wp-json\/wp\/v2\/media?parent=14059"}],"wp:term":[{"taxonomy":"product_brand","embeddable":true,"href":"https:\/\/www.acetaiamarchi.com\/fr\/wp-json\/wp\/v2\/product_brand?post=14059"},{"taxonomy":"product_cat","embeddable":true,"href":"https:\/\/www.acetaiamarchi.com\/fr\/wp-json\/wp\/v2\/product_cat?post=14059"},{"taxonomy":"product_tag","embeddable":true,"href":"https:\/\/www.acetaiamarchi.com\/fr\/wp-json\/wp\/v2\/product_tag?post=14059"}],"curies":[{"name":"wp","href":"https:\/\/api.w.org\/{rel}","templated":true}]}}