{"id":13943,"date":"2025-03-27T11:15:08","date_gmt":"2025-03-27T10:15:08","guid":{"rendered":"https:\/\/www.acetaiamarchi.com\/prodotto\/vinaigre-balsamique-creme-de-modene-igp\/"},"modified":"2025-03-27T11:15:08","modified_gmt":"2025-03-27T10:15:08","slug":"vinaigre-balsamique-creme-de-modene-igp","status":"publish","type":"product","link":"https:\/\/www.acetaiamarchi.com\/fr\/produit\/vinaigre-balsamique-creme-de-modene-igp\/","title":{"rendered":"Vinaigre balsamique cr\u00e8me de Mod\u00e8ne IGP"},"content":{"rendered":"<p class=\"\" data-start=\"2478\" data-end=\"2840\">La <strong data-start=\"2481\" data-end=\"2524\">cr\u00e8me de vinaigre balsamique<\/strong> classique <strong data-start=\"2481\" data-end=\"2524\">de Mod\u00e8ne IGP<\/strong> est un condiment polyvalent et artisanal qui incarne toute l&rsquo;authenticit\u00e9 et la tradition de la production mod\u00e9naise. \u00c9labor\u00e9e avec du mo\u00fbt de raisin, du vinaigre de vin et jusqu&rsquo;\u00e0 35 % de vinaigre balsamique de Mod\u00e8ne IGP, cette cr\u00e8me se distingue par sa consistance douce et velout\u00e9e, obtenue gr\u00e2ce \u00e0 l&rsquo;ajout d&rsquo;amidon. <\/p>\n<p class=\"\" data-start=\"2842\" data-end=\"3191\"><em><strong>En cuisine<\/strong><\/em>L&rsquo;huile d&rsquo;olive : Sa texture dense et homog\u00e8ne lui permet de rehausser tous les plats, des plus simples aux plus \u00e9labor\u00e9s. Il est parfait pour enrichir les salades, les fromages, les viandes, les poissons et les desserts. Son go\u00fbt refl\u00e8te l&rsquo;intensit\u00e9 et la complexit\u00e9 de son ingr\u00e9dient principal ; intense mais \u00e9quilibr\u00e9, il permet de rehausser les saveurs sans les couvrir, apportant ainsi une touche d&rsquo;\u00e9l\u00e9gance et de raffinement.  <\/p>\n","protected":false},"excerpt":{"rendered":"<p>La cr\u00e8me classique est un alli\u00e9 indispensable dans la cuisine : polyvalente, raffin\u00e9e et fabriqu\u00e9e avec des ingr\u00e9dients de haute qualit\u00e9, dans la tradition d&rsquo;Acetaia Marchi.<\/p>\n<p>Disponible en 250 ml et 150 ml.<\/p>\n","protected":false},"featured_media":2409,"template":"","meta":[],"product_brand":[],"product_cat":[505],"product_tag":[],"class_list":{"0":"post-13943","1":"product","2":"type-product","3":"status-publish","4":"has-post-thumbnail","6":"product_cat-cremes","8":"first","9":"instock","10":"shipping-taxable","11":"product-type-simple"},"yoast_head":"<!-- This site is optimized with the Yoast SEO plugin v27.3 - https:\/\/yoast.com\/product\/yoast-seo-wordpress\/ -->\n<title>Vinaigre balsamique cr\u00e8me de Mod\u00e8ne IGP | Acetaia Marchi<\/title>\n<meta name=\"description\" content=\"Parfait pour enrichir les salades, les fromages, les viandes, les poissons et les desserts, la cr\u00e8me de vinaigre balsamique de Mod\u00e8ne IGP peut rehausser tous vos plats.\" \/>\n<meta name=\"robots\" content=\"index, follow, max-snippet:-1, max-image-preview:large, max-video-preview:-1\" \/>\n<link rel=\"canonical\" href=\"https:\/\/www.acetaiamarchi.com\/fr\/produit\/vinaigre-balsamique-creme-de-modene-igp\/\" \/>\n<meta property=\"og:locale\" content=\"fr_FR\" \/>\n<meta property=\"og:type\" content=\"article\" \/>\n<meta property=\"og:title\" content=\"Vinaigre balsamique cr\u00e8me de Mod\u00e8ne IGP | Acetaia Marchi\" \/>\n<meta property=\"og:description\" content=\"Parfait pour enrichir les salades, les fromages, les viandes, les poissons et les desserts, la cr\u00e8me de vinaigre balsamique de Mod\u00e8ne IGP peut rehausser tous vos plats.\" \/>\n<meta property=\"og:url\" content=\"https:\/\/www.acetaiamarchi.com\/fr\/produit\/vinaigre-balsamique-creme-de-modene-igp\/\" \/>\n<meta property=\"og:site_name\" content=\"Acetaia Marchi\" \/>\n<meta name=\"twitter:card\" content=\"summary_large_image\" \/>\n<meta name=\"twitter:label1\" content=\"Dur\u00e9e de lecture estim\u00e9e\" \/>\n\t<meta name=\"twitter:data1\" content=\"1 minute\" \/>\n<script type=\"application\/ld+json\" class=\"yoast-schema-graph\">{\"@context\":\"https:\\\/\\\/schema.org\",\"@graph\":[{\"@type\":\"WebPage\",\"@id\":\"https:\\\/\\\/www.acetaiamarchi.com\\\/fr\\\/produit\\\/vinaigre-balsamique-creme-de-modene-igp\\\/\",\"url\":\"https:\\\/\\\/www.acetaiamarchi.com\\\/fr\\\/produit\\\/vinaigre-balsamique-creme-de-modene-igp\\\/\",\"name\":\"Vinaigre balsamique cr\u00e8me de Mod\u00e8ne IGP | Acetaia Marchi\",\"isPartOf\":{\"@id\":\"https:\\\/\\\/www.acetaiamarchi.com\\\/fr\\\/#website\"},\"primaryImageOfPage\":{\"@id\":\"https:\\\/\\\/www.acetaiamarchi.com\\\/fr\\\/produit\\\/vinaigre-balsamique-creme-de-modene-igp\\\/#primaryimage\"},\"image\":{\"@id\":\"https:\\\/\\\/www.acetaiamarchi.com\\\/fr\\\/produit\\\/vinaigre-balsamique-creme-de-modene-igp\\\/#primaryimage\"},\"thumbnailUrl\":\"https:\\\/\\\/www.acetaiamarchi.com\\\/wp-content\\\/uploads\\\/2025\\\/03\\\/Crema-Aceto-Balsamico-di-Modena-IGP-250ml.jpg\",\"datePublished\":\"2025-03-27T10:15:08+00:00\",\"description\":\"Parfait pour enrichir les salades, les fromages, les viandes, les poissons et les desserts, la cr\u00e8me de vinaigre balsamique de Mod\u00e8ne IGP peut rehausser tous vos plats.\",\"breadcrumb\":{\"@id\":\"https:\\\/\\\/www.acetaiamarchi.com\\\/fr\\\/produit\\\/vinaigre-balsamique-creme-de-modene-igp\\\/#breadcrumb\"},\"inLanguage\":\"fr-FR\",\"potentialAction\":[{\"@type\":\"ReadAction\",\"target\":[\"https:\\\/\\\/www.acetaiamarchi.com\\\/fr\\\/produit\\\/vinaigre-balsamique-creme-de-modene-igp\\\/\"]}]},{\"@type\":\"ImageObject\",\"inLanguage\":\"fr-FR\",\"@id\":\"https:\\\/\\\/www.acetaiamarchi.com\\\/fr\\\/produit\\\/vinaigre-balsamique-creme-de-modene-igp\\\/#primaryimage\",\"url\":\"https:\\\/\\\/www.acetaiamarchi.com\\\/wp-content\\\/uploads\\\/2025\\\/03\\\/Crema-Aceto-Balsamico-di-Modena-IGP-250ml.jpg\",\"contentUrl\":\"https:\\\/\\\/www.acetaiamarchi.com\\\/wp-content\\\/uploads\\\/2025\\\/03\\\/Crema-Aceto-Balsamico-di-Modena-IGP-250ml.jpg\",\"width\":1600,\"height\":1600,\"caption\":\"Crema all'Aceto Balsamico di Modena IGP\"},{\"@type\":\"BreadcrumbList\",\"@id\":\"https:\\\/\\\/www.acetaiamarchi.com\\\/fr\\\/produit\\\/vinaigre-balsamique-creme-de-modene-igp\\\/#breadcrumb\",\"itemListElement\":[{\"@type\":\"ListItem\",\"position\":1,\"name\":\"Home\",\"item\":\"https:\\\/\\\/www.acetaiamarchi.com\\\/fr\\\/\"},{\"@type\":\"ListItem\",\"position\":2,\"name\":\"Produits\",\"item\":\"https:\\\/\\\/www.acetaiamarchi.com\\\/fr\\\/shop\\\/\"},{\"@type\":\"ListItem\",\"position\":3,\"name\":\"Vinaigre balsamique cr\u00e8me de Mod\u00e8ne IGP\"}]},{\"@type\":\"WebSite\",\"@id\":\"https:\\\/\\\/www.acetaiamarchi.com\\\/fr\\\/#website\",\"url\":\"https:\\\/\\\/www.acetaiamarchi.com\\\/fr\\\/\",\"name\":\"Acetaia Marchi Srl\",\"description\":\"\",\"publisher\":{\"@id\":\"https:\\\/\\\/www.acetaiamarchi.com\\\/fr\\\/#organization\"},\"potentialAction\":[{\"@type\":\"SearchAction\",\"target\":{\"@type\":\"EntryPoint\",\"urlTemplate\":\"https:\\\/\\\/www.acetaiamarchi.com\\\/fr\\\/?s={search_term_string}\"},\"query-input\":{\"@type\":\"PropertyValueSpecification\",\"valueRequired\":true,\"valueName\":\"search_term_string\"}}],\"inLanguage\":\"fr-FR\"},{\"@type\":\"Organization\",\"@id\":\"https:\\\/\\\/www.acetaiamarchi.com\\\/fr\\\/#organization\",\"name\":\"Acetaia Marchi Srl\",\"url\":\"https:\\\/\\\/www.acetaiamarchi.com\\\/fr\\\/\",\"logo\":{\"@type\":\"ImageObject\",\"inLanguage\":\"fr-FR\",\"@id\":\"https:\\\/\\\/www.acetaiamarchi.com\\\/fr\\\/#\\\/schema\\\/logo\\\/image\\\/\",\"url\":\"https:\\\/\\\/acetaiamarchi.com\\\/wp-content\\\/uploads\\\/2025\\\/03\\\/Acetaia-Marchi-Srl-Logo.png\",\"contentUrl\":\"https:\\\/\\\/acetaiamarchi.com\\\/wp-content\\\/uploads\\\/2025\\\/03\\\/Acetaia-Marchi-Srl-Logo.png\",\"width\":2000,\"height\":2000,\"caption\":\"Acetaia Marchi Srl\"},\"image\":{\"@id\":\"https:\\\/\\\/www.acetaiamarchi.com\\\/fr\\\/#\\\/schema\\\/logo\\\/image\\\/\"}}]}<\/script>\n<!-- \/ Yoast SEO plugin. -->","yoast_head_json":{"title":"Vinaigre balsamique cr\u00e8me de Mod\u00e8ne IGP | Acetaia Marchi","description":"Parfait pour enrichir les salades, les fromages, les viandes, les poissons et les desserts, la cr\u00e8me de vinaigre balsamique de Mod\u00e8ne IGP peut rehausser tous vos plats.","robots":{"index":"index","follow":"follow","max-snippet":"max-snippet:-1","max-image-preview":"max-image-preview:large","max-video-preview":"max-video-preview:-1"},"canonical":"https:\/\/www.acetaiamarchi.com\/fr\/produit\/vinaigre-balsamique-creme-de-modene-igp\/","og_locale":"fr_FR","og_type":"article","og_title":"Vinaigre balsamique cr\u00e8me de Mod\u00e8ne IGP | Acetaia Marchi","og_description":"Parfait pour enrichir les salades, les fromages, les viandes, les poissons et les desserts, la cr\u00e8me de vinaigre balsamique de Mod\u00e8ne IGP peut rehausser tous vos plats.","og_url":"https:\/\/www.acetaiamarchi.com\/fr\/produit\/vinaigre-balsamique-creme-de-modene-igp\/","og_site_name":"Acetaia Marchi","twitter_card":"summary_large_image","twitter_misc":{"Dur\u00e9e de lecture estim\u00e9e":"1 minute"},"schema":{"@context":"https:\/\/schema.org","@graph":[{"@type":"WebPage","@id":"https:\/\/www.acetaiamarchi.com\/fr\/produit\/vinaigre-balsamique-creme-de-modene-igp\/","url":"https:\/\/www.acetaiamarchi.com\/fr\/produit\/vinaigre-balsamique-creme-de-modene-igp\/","name":"Vinaigre balsamique cr\u00e8me de Mod\u00e8ne IGP | Acetaia Marchi","isPartOf":{"@id":"https:\/\/www.acetaiamarchi.com\/fr\/#website"},"primaryImageOfPage":{"@id":"https:\/\/www.acetaiamarchi.com\/fr\/produit\/vinaigre-balsamique-creme-de-modene-igp\/#primaryimage"},"image":{"@id":"https:\/\/www.acetaiamarchi.com\/fr\/produit\/vinaigre-balsamique-creme-de-modene-igp\/#primaryimage"},"thumbnailUrl":"https:\/\/www.acetaiamarchi.com\/wp-content\/uploads\/2025\/03\/Crema-Aceto-Balsamico-di-Modena-IGP-250ml.jpg","datePublished":"2025-03-27T10:15:08+00:00","description":"Parfait pour enrichir les salades, les fromages, les viandes, les poissons et les desserts, la cr\u00e8me de vinaigre balsamique de Mod\u00e8ne IGP peut rehausser tous vos plats.","breadcrumb":{"@id":"https:\/\/www.acetaiamarchi.com\/fr\/produit\/vinaigre-balsamique-creme-de-modene-igp\/#breadcrumb"},"inLanguage":"fr-FR","potentialAction":[{"@type":"ReadAction","target":["https:\/\/www.acetaiamarchi.com\/fr\/produit\/vinaigre-balsamique-creme-de-modene-igp\/"]}]},{"@type":"ImageObject","inLanguage":"fr-FR","@id":"https:\/\/www.acetaiamarchi.com\/fr\/produit\/vinaigre-balsamique-creme-de-modene-igp\/#primaryimage","url":"https:\/\/www.acetaiamarchi.com\/wp-content\/uploads\/2025\/03\/Crema-Aceto-Balsamico-di-Modena-IGP-250ml.jpg","contentUrl":"https:\/\/www.acetaiamarchi.com\/wp-content\/uploads\/2025\/03\/Crema-Aceto-Balsamico-di-Modena-IGP-250ml.jpg","width":1600,"height":1600,"caption":"Crema all'Aceto Balsamico di Modena IGP"},{"@type":"BreadcrumbList","@id":"https:\/\/www.acetaiamarchi.com\/fr\/produit\/vinaigre-balsamique-creme-de-modene-igp\/#breadcrumb","itemListElement":[{"@type":"ListItem","position":1,"name":"Home","item":"https:\/\/www.acetaiamarchi.com\/fr\/"},{"@type":"ListItem","position":2,"name":"Produits","item":"https:\/\/www.acetaiamarchi.com\/fr\/shop\/"},{"@type":"ListItem","position":3,"name":"Vinaigre balsamique cr\u00e8me de Mod\u00e8ne IGP"}]},{"@type":"WebSite","@id":"https:\/\/www.acetaiamarchi.com\/fr\/#website","url":"https:\/\/www.acetaiamarchi.com\/fr\/","name":"Acetaia Marchi Srl","description":"","publisher":{"@id":"https:\/\/www.acetaiamarchi.com\/fr\/#organization"},"potentialAction":[{"@type":"SearchAction","target":{"@type":"EntryPoint","urlTemplate":"https:\/\/www.acetaiamarchi.com\/fr\/?s={search_term_string}"},"query-input":{"@type":"PropertyValueSpecification","valueRequired":true,"valueName":"search_term_string"}}],"inLanguage":"fr-FR"},{"@type":"Organization","@id":"https:\/\/www.acetaiamarchi.com\/fr\/#organization","name":"Acetaia Marchi Srl","url":"https:\/\/www.acetaiamarchi.com\/fr\/","logo":{"@type":"ImageObject","inLanguage":"fr-FR","@id":"https:\/\/www.acetaiamarchi.com\/fr\/#\/schema\/logo\/image\/","url":"https:\/\/acetaiamarchi.com\/wp-content\/uploads\/2025\/03\/Acetaia-Marchi-Srl-Logo.png","contentUrl":"https:\/\/acetaiamarchi.com\/wp-content\/uploads\/2025\/03\/Acetaia-Marchi-Srl-Logo.png","width":2000,"height":2000,"caption":"Acetaia Marchi Srl"},"image":{"@id":"https:\/\/www.acetaiamarchi.com\/fr\/#\/schema\/logo\/image\/"}}]}},"_links":{"self":[{"href":"https:\/\/www.acetaiamarchi.com\/fr\/wp-json\/wp\/v2\/product\/13943","targetHints":{"allow":["GET"]}}],"collection":[{"href":"https:\/\/www.acetaiamarchi.com\/fr\/wp-json\/wp\/v2\/product"}],"about":[{"href":"https:\/\/www.acetaiamarchi.com\/fr\/wp-json\/wp\/v2\/types\/product"}],"version-history":[{"count":0,"href":"https:\/\/www.acetaiamarchi.com\/fr\/wp-json\/wp\/v2\/product\/13943\/revisions"}],"wp:featuredmedia":[{"embeddable":true,"href":"https:\/\/www.acetaiamarchi.com\/fr\/wp-json\/wp\/v2\/media\/2409"}],"wp:attachment":[{"href":"https:\/\/www.acetaiamarchi.com\/fr\/wp-json\/wp\/v2\/media?parent=13943"}],"wp:term":[{"taxonomy":"product_brand","embeddable":true,"href":"https:\/\/www.acetaiamarchi.com\/fr\/wp-json\/wp\/v2\/product_brand?post=13943"},{"taxonomy":"product_cat","embeddable":true,"href":"https:\/\/www.acetaiamarchi.com\/fr\/wp-json\/wp\/v2\/product_cat?post=13943"},{"taxonomy":"product_tag","embeddable":true,"href":"https:\/\/www.acetaiamarchi.com\/fr\/wp-json\/wp\/v2\/product_tag?post=13943"}],"curies":[{"name":"wp","href":"https:\/\/api.w.org\/{rel}","templated":true}]}}