{"id":13936,"date":"2025-03-22T17:24:10","date_gmt":"2025-03-22T16:24:10","guid":{"rendered":"https:\/\/www.acetaiamarchi.com\/prodotto\/assaisonnement-a-la-cerise\/"},"modified":"2026-01-13T18:29:34","modified_gmt":"2026-01-13T17:29:34","slug":"assaisonnement-a-la-cerise","status":"publish","type":"product","link":"https:\/\/www.acetaiamarchi.com\/fr\/produit\/assaisonnement-a-la-cerise\/","title":{"rendered":"Assaisonnement \u00e0 la cerise"},"content":{"rendered":"<p>D\u00e9couvrez un condiment extraordinaire, fruit d&rsquo;un art culinaire raffin\u00e9, qui allie l&rsquo;\u00e9l\u00e9gance d&rsquo;un condiment balsamique \u00e0 la douceur intense d&rsquo;un jus de cerise concentr\u00e9. Ce produit exclusif est le fruit d&rsquo;un long processus de maturation, qui exalte ses ar\u00f4mes et assure une parfaite harmonie entre ses ingr\u00e9dients. <\/p>\n<p><em><strong>En cuisine<\/strong><\/em>Le condiment : Imaginez ce condiment sur une planche de fromages et de charcuteries, o\u00f9 sa complexit\u00e9 se marie parfaitement avec les notes savoureuses des produits s\u00e9lectionn\u00e9s. Ou encore pour donner vie \u00e0 des entr\u00e9es o\u00f9 douceur et acidit\u00e9 se rencontrent dans un jeu de contrastes qui surprend le palais \u00e0 chaque bouch\u00e9e. \u00c9galement parfait pour enrichir les plats de viande, ce condiment rehausse les saveurs, transformant chaque plat en une exp\u00e9rience gastronomique inoubliable.<br \/>\nEt pour les plus audacieux, ce condiment trouve \u00e9galement sa dimension dans les cocktails, cr\u00e9ant des combinaisons surprenantes et uniques.  <\/p>\n","protected":false},"excerpt":{"rendered":"<p>D\u00e9couvrez un condiment extraordinaire, fruit d&rsquo;un art culinaire raffin\u00e9, qui allie l&rsquo;\u00e9l\u00e9gance d&rsquo;un condiment balsamique \u00e0 la douceur intense d&rsquo;un jus de cerise concentr\u00e9.<\/p>\n","protected":false},"featured_media":1217,"template":"","meta":[],"product_brand":[],"product_cat":[496],"product_tag":[],"class_list":{"0":"post-13936","1":"product","2":"type-product","3":"status-publish","4":"has-post-thumbnail","6":"product_cat-condiments-aigres-doux","8":"first","9":"instock","10":"featured","11":"shipping-taxable","12":"purchasable","13":"product-type-simple"},"yoast_head":"<!-- This site is optimized with the Yoast SEO plugin v27.3 - https:\/\/yoast.com\/product\/yoast-seo-wordpress\/ -->\n<title>Assaisonnement \u00e0 la cerise | Acetaia Marchi<\/title>\n<meta name=\"description\" content=\"Condiment de 24 ans d&#039;\u00e2ge aromatis\u00e9 \u00e0 la cerise. Id\u00e9al pour enrichir les plateaux de fromages, les viandes et, pour les plus audacieux, pour cr\u00e9er des cocktails uniques.\" \/>\n<meta name=\"robots\" content=\"index, follow, max-snippet:-1, max-image-preview:large, max-video-preview:-1\" \/>\n<link rel=\"canonical\" href=\"https:\/\/www.acetaiamarchi.com\/fr\/produit\/assaisonnement-a-la-cerise\/\" \/>\n<meta property=\"og:locale\" content=\"fr_FR\" \/>\n<meta property=\"og:type\" content=\"article\" \/>\n<meta property=\"og:title\" content=\"Assaisonnement \u00e0 la cerise | Acetaia Marchi\" \/>\n<meta property=\"og:description\" content=\"Condiment de 24 ans d&#039;\u00e2ge aromatis\u00e9 \u00e0 la cerise. Id\u00e9al pour enrichir les plateaux de fromages, les viandes et, pour les plus audacieux, pour cr\u00e9er des cocktails uniques.\" \/>\n<meta property=\"og:url\" content=\"https:\/\/www.acetaiamarchi.com\/fr\/produit\/assaisonnement-a-la-cerise\/\" \/>\n<meta property=\"og:site_name\" content=\"Acetaia Marchi\" \/>\n<meta property=\"article:modified_time\" content=\"2026-01-13T17:29:34+00:00\" \/>\n<meta property=\"og:image\" content=\"https:\/\/www.acetaiamarchi.com\/wp-content\/uploads\/2025\/03\/Condimento-Ciliegia-250ml.jpg\" \/>\n\t<meta property=\"og:image:width\" content=\"1600\" \/>\n\t<meta property=\"og:image:height\" content=\"1600\" \/>\n\t<meta property=\"og:image:type\" content=\"image\/jpeg\" \/>\n<meta name=\"twitter:card\" content=\"summary_large_image\" \/>\n<meta name=\"twitter:label1\" content=\"Dur\u00e9e de lecture estim\u00e9e\" \/>\n\t<meta name=\"twitter:data1\" content=\"1 minute\" \/>\n<script type=\"application\/ld+json\" class=\"yoast-schema-graph\">{\"@context\":\"https:\\\/\\\/schema.org\",\"@graph\":[{\"@type\":\"WebPage\",\"@id\":\"https:\\\/\\\/www.acetaiamarchi.com\\\/fr\\\/produit\\\/assaisonnement-a-la-cerise\\\/\",\"url\":\"https:\\\/\\\/www.acetaiamarchi.com\\\/fr\\\/produit\\\/assaisonnement-a-la-cerise\\\/\",\"name\":\"Assaisonnement \u00e0 la cerise | Acetaia Marchi\",\"isPartOf\":{\"@id\":\"https:\\\/\\\/www.acetaiamarchi.com\\\/fr\\\/#website\"},\"primaryImageOfPage\":{\"@id\":\"https:\\\/\\\/www.acetaiamarchi.com\\\/fr\\\/produit\\\/assaisonnement-a-la-cerise\\\/#primaryimage\"},\"image\":{\"@id\":\"https:\\\/\\\/www.acetaiamarchi.com\\\/fr\\\/produit\\\/assaisonnement-a-la-cerise\\\/#primaryimage\"},\"thumbnailUrl\":\"https:\\\/\\\/www.acetaiamarchi.com\\\/wp-content\\\/uploads\\\/2025\\\/03\\\/Condimento-Ciliegia-250ml.jpg\",\"datePublished\":\"2025-03-22T16:24:10+00:00\",\"dateModified\":\"2026-01-13T17:29:34+00:00\",\"description\":\"Condiment de 24 ans d'\u00e2ge aromatis\u00e9 \u00e0 la cerise. Id\u00e9al pour enrichir les plateaux de fromages, les viandes et, pour les plus audacieux, pour cr\u00e9er des cocktails uniques.\",\"breadcrumb\":{\"@id\":\"https:\\\/\\\/www.acetaiamarchi.com\\\/fr\\\/produit\\\/assaisonnement-a-la-cerise\\\/#breadcrumb\"},\"inLanguage\":\"fr-FR\",\"potentialAction\":[{\"@type\":\"ReadAction\",\"target\":[\"https:\\\/\\\/www.acetaiamarchi.com\\\/fr\\\/produit\\\/assaisonnement-a-la-cerise\\\/\"]}]},{\"@type\":\"ImageObject\",\"inLanguage\":\"fr-FR\",\"@id\":\"https:\\\/\\\/www.acetaiamarchi.com\\\/fr\\\/produit\\\/assaisonnement-a-la-cerise\\\/#primaryimage\",\"url\":\"https:\\\/\\\/www.acetaiamarchi.com\\\/wp-content\\\/uploads\\\/2025\\\/03\\\/Condimento-Ciliegia-250ml.jpg\",\"contentUrl\":\"https:\\\/\\\/www.acetaiamarchi.com\\\/wp-content\\\/uploads\\\/2025\\\/03\\\/Condimento-Ciliegia-250ml.jpg\",\"width\":1600,\"height\":1600,\"caption\":\"Condimento Ciliegia\"},{\"@type\":\"BreadcrumbList\",\"@id\":\"https:\\\/\\\/www.acetaiamarchi.com\\\/fr\\\/produit\\\/assaisonnement-a-la-cerise\\\/#breadcrumb\",\"itemListElement\":[{\"@type\":\"ListItem\",\"position\":1,\"name\":\"Home\",\"item\":\"https:\\\/\\\/www.acetaiamarchi.com\\\/fr\\\/\"},{\"@type\":\"ListItem\",\"position\":2,\"name\":\"Produits\",\"item\":\"https:\\\/\\\/www.acetaiamarchi.com\\\/fr\\\/shop\\\/\"},{\"@type\":\"ListItem\",\"position\":3,\"name\":\"Assaisonnement \u00e0 la cerise\"}]},{\"@type\":\"WebSite\",\"@id\":\"https:\\\/\\\/www.acetaiamarchi.com\\\/fr\\\/#website\",\"url\":\"https:\\\/\\\/www.acetaiamarchi.com\\\/fr\\\/\",\"name\":\"Acetaia Marchi Srl\",\"description\":\"\",\"publisher\":{\"@id\":\"https:\\\/\\\/www.acetaiamarchi.com\\\/fr\\\/#organization\"},\"potentialAction\":[{\"@type\":\"SearchAction\",\"target\":{\"@type\":\"EntryPoint\",\"urlTemplate\":\"https:\\\/\\\/www.acetaiamarchi.com\\\/fr\\\/?s={search_term_string}\"},\"query-input\":{\"@type\":\"PropertyValueSpecification\",\"valueRequired\":true,\"valueName\":\"search_term_string\"}}],\"inLanguage\":\"fr-FR\"},{\"@type\":\"Organization\",\"@id\":\"https:\\\/\\\/www.acetaiamarchi.com\\\/fr\\\/#organization\",\"name\":\"Acetaia Marchi Srl\",\"url\":\"https:\\\/\\\/www.acetaiamarchi.com\\\/fr\\\/\",\"logo\":{\"@type\":\"ImageObject\",\"inLanguage\":\"fr-FR\",\"@id\":\"https:\\\/\\\/www.acetaiamarchi.com\\\/fr\\\/#\\\/schema\\\/logo\\\/image\\\/\",\"url\":\"https:\\\/\\\/acetaiamarchi.com\\\/wp-content\\\/uploads\\\/2025\\\/03\\\/Acetaia-Marchi-Srl-Logo.png\",\"contentUrl\":\"https:\\\/\\\/acetaiamarchi.com\\\/wp-content\\\/uploads\\\/2025\\\/03\\\/Acetaia-Marchi-Srl-Logo.png\",\"width\":2000,\"height\":2000,\"caption\":\"Acetaia Marchi Srl\"},\"image\":{\"@id\":\"https:\\\/\\\/www.acetaiamarchi.com\\\/fr\\\/#\\\/schema\\\/logo\\\/image\\\/\"}}]}<\/script>\n<!-- \/ Yoast SEO plugin. -->","yoast_head_json":{"title":"Assaisonnement \u00e0 la cerise | Acetaia Marchi","description":"Condiment de 24 ans d'\u00e2ge aromatis\u00e9 \u00e0 la cerise. Id\u00e9al pour enrichir les plateaux de fromages, les viandes et, pour les plus audacieux, pour cr\u00e9er des cocktails uniques.","robots":{"index":"index","follow":"follow","max-snippet":"max-snippet:-1","max-image-preview":"max-image-preview:large","max-video-preview":"max-video-preview:-1"},"canonical":"https:\/\/www.acetaiamarchi.com\/fr\/produit\/assaisonnement-a-la-cerise\/","og_locale":"fr_FR","og_type":"article","og_title":"Assaisonnement \u00e0 la cerise | Acetaia Marchi","og_description":"Condiment de 24 ans d'\u00e2ge aromatis\u00e9 \u00e0 la cerise. Id\u00e9al pour enrichir les plateaux de fromages, les viandes et, pour les plus audacieux, pour cr\u00e9er des cocktails uniques.","og_url":"https:\/\/www.acetaiamarchi.com\/fr\/produit\/assaisonnement-a-la-cerise\/","og_site_name":"Acetaia Marchi","article_modified_time":"2026-01-13T17:29:34+00:00","og_image":[{"width":1600,"height":1600,"url":"https:\/\/www.acetaiamarchi.com\/wp-content\/uploads\/2025\/03\/Condimento-Ciliegia-250ml.jpg","type":"image\/jpeg"}],"twitter_card":"summary_large_image","twitter_misc":{"Dur\u00e9e de lecture estim\u00e9e":"1 minute"},"schema":{"@context":"https:\/\/schema.org","@graph":[{"@type":"WebPage","@id":"https:\/\/www.acetaiamarchi.com\/fr\/produit\/assaisonnement-a-la-cerise\/","url":"https:\/\/www.acetaiamarchi.com\/fr\/produit\/assaisonnement-a-la-cerise\/","name":"Assaisonnement \u00e0 la cerise | Acetaia Marchi","isPartOf":{"@id":"https:\/\/www.acetaiamarchi.com\/fr\/#website"},"primaryImageOfPage":{"@id":"https:\/\/www.acetaiamarchi.com\/fr\/produit\/assaisonnement-a-la-cerise\/#primaryimage"},"image":{"@id":"https:\/\/www.acetaiamarchi.com\/fr\/produit\/assaisonnement-a-la-cerise\/#primaryimage"},"thumbnailUrl":"https:\/\/www.acetaiamarchi.com\/wp-content\/uploads\/2025\/03\/Condimento-Ciliegia-250ml.jpg","datePublished":"2025-03-22T16:24:10+00:00","dateModified":"2026-01-13T17:29:34+00:00","description":"Condiment de 24 ans d'\u00e2ge aromatis\u00e9 \u00e0 la cerise. Id\u00e9al pour enrichir les plateaux de fromages, les viandes et, pour les plus audacieux, pour cr\u00e9er des cocktails uniques.","breadcrumb":{"@id":"https:\/\/www.acetaiamarchi.com\/fr\/produit\/assaisonnement-a-la-cerise\/#breadcrumb"},"inLanguage":"fr-FR","potentialAction":[{"@type":"ReadAction","target":["https:\/\/www.acetaiamarchi.com\/fr\/produit\/assaisonnement-a-la-cerise\/"]}]},{"@type":"ImageObject","inLanguage":"fr-FR","@id":"https:\/\/www.acetaiamarchi.com\/fr\/produit\/assaisonnement-a-la-cerise\/#primaryimage","url":"https:\/\/www.acetaiamarchi.com\/wp-content\/uploads\/2025\/03\/Condimento-Ciliegia-250ml.jpg","contentUrl":"https:\/\/www.acetaiamarchi.com\/wp-content\/uploads\/2025\/03\/Condimento-Ciliegia-250ml.jpg","width":1600,"height":1600,"caption":"Condimento Ciliegia"},{"@type":"BreadcrumbList","@id":"https:\/\/www.acetaiamarchi.com\/fr\/produit\/assaisonnement-a-la-cerise\/#breadcrumb","itemListElement":[{"@type":"ListItem","position":1,"name":"Home","item":"https:\/\/www.acetaiamarchi.com\/fr\/"},{"@type":"ListItem","position":2,"name":"Produits","item":"https:\/\/www.acetaiamarchi.com\/fr\/shop\/"},{"@type":"ListItem","position":3,"name":"Assaisonnement \u00e0 la cerise"}]},{"@type":"WebSite","@id":"https:\/\/www.acetaiamarchi.com\/fr\/#website","url":"https:\/\/www.acetaiamarchi.com\/fr\/","name":"Acetaia Marchi Srl","description":"","publisher":{"@id":"https:\/\/www.acetaiamarchi.com\/fr\/#organization"},"potentialAction":[{"@type":"SearchAction","target":{"@type":"EntryPoint","urlTemplate":"https:\/\/www.acetaiamarchi.com\/fr\/?s={search_term_string}"},"query-input":{"@type":"PropertyValueSpecification","valueRequired":true,"valueName":"search_term_string"}}],"inLanguage":"fr-FR"},{"@type":"Organization","@id":"https:\/\/www.acetaiamarchi.com\/fr\/#organization","name":"Acetaia Marchi Srl","url":"https:\/\/www.acetaiamarchi.com\/fr\/","logo":{"@type":"ImageObject","inLanguage":"fr-FR","@id":"https:\/\/www.acetaiamarchi.com\/fr\/#\/schema\/logo\/image\/","url":"https:\/\/acetaiamarchi.com\/wp-content\/uploads\/2025\/03\/Acetaia-Marchi-Srl-Logo.png","contentUrl":"https:\/\/acetaiamarchi.com\/wp-content\/uploads\/2025\/03\/Acetaia-Marchi-Srl-Logo.png","width":2000,"height":2000,"caption":"Acetaia Marchi Srl"},"image":{"@id":"https:\/\/www.acetaiamarchi.com\/fr\/#\/schema\/logo\/image\/"}}]}},"_links":{"self":[{"href":"https:\/\/www.acetaiamarchi.com\/fr\/wp-json\/wp\/v2\/product\/13936","targetHints":{"allow":["GET"]}}],"collection":[{"href":"https:\/\/www.acetaiamarchi.com\/fr\/wp-json\/wp\/v2\/product"}],"about":[{"href":"https:\/\/www.acetaiamarchi.com\/fr\/wp-json\/wp\/v2\/types\/product"}],"version-history":[{"count":1,"href":"https:\/\/www.acetaiamarchi.com\/fr\/wp-json\/wp\/v2\/product\/13936\/revisions"}],"predecessor-version":[{"id":14097,"href":"https:\/\/www.acetaiamarchi.com\/fr\/wp-json\/wp\/v2\/product\/13936\/revisions\/14097"}],"wp:featuredmedia":[{"embeddable":true,"href":"https:\/\/www.acetaiamarchi.com\/fr\/wp-json\/wp\/v2\/media\/1217"}],"wp:attachment":[{"href":"https:\/\/www.acetaiamarchi.com\/fr\/wp-json\/wp\/v2\/media?parent=13936"}],"wp:term":[{"taxonomy":"product_brand","embeddable":true,"href":"https:\/\/www.acetaiamarchi.com\/fr\/wp-json\/wp\/v2\/product_brand?post=13936"},{"taxonomy":"product_cat","embeddable":true,"href":"https:\/\/www.acetaiamarchi.com\/fr\/wp-json\/wp\/v2\/product_cat?post=13936"},{"taxonomy":"product_tag","embeddable":true,"href":"https:\/\/www.acetaiamarchi.com\/fr\/wp-json\/wp\/v2\/product_tag?post=13936"}],"curies":[{"name":"wp","href":"https:\/\/api.w.org\/{rel}","templated":true}]}}