{"id":11713,"date":"2025-03-20T16:43:00","date_gmt":"2025-03-20T15:43:00","guid":{"rendered":"https:\/\/www.acetaiamarchi.com\/prodotto\/aceto-balsamico-tradizionale-di-modena-dop-affinato-holzverpackung\/"},"modified":"2026-01-13T19:01:58","modified_gmt":"2026-01-13T18:01:58","slug":"aceto-balsamico-tradizionale-di-modena-dop-affinato-holzverpackung","status":"publish","type":"product","link":"https:\/\/www.acetaiamarchi.com\/fr\/produit\/aceto-balsamico-tradizionale-di-modena-dop-affinato-holzverpackung\/","title":{"rendered":"Aceto Balsamico Tradizionale di Modena DOP Affinato &#8211; Emballage en bois"},"content":{"rendered":"<p>L&rsquo;<strong>Aceto Balsamico Tradizionale di Modena DOP Affinato<\/strong> a \u00e9t\u00e9 soumis \u00e0 une maturation minimale certifi\u00e9e de <strong>12 ans<\/strong>, ce qui lui conf\u00e8re un go\u00fbt unique et inimitable.<br \/>\nIl se pr\u00e9sente de mani\u00e8re noble, dans un <strong>\u00e9crin en bois de grande qualit\u00e9<\/strong> qui refl\u00e8te les origines de notre produit, pens\u00e9 pour le rendre encore plus pr\u00e9cieux et adapt\u00e9 aux cadeaux les plus exigeants.<\/p>\n<p>l&rsquo;int\u00e9rieur, vous trouverez la bouteille typique, de forme sph\u00e9rique avec un fond rectangulaire en verre massif, dessin\u00e9e exclusivement par le designer Giugiaro.<br \/>\nL&rsquo;utilisation de cette bouteille pour l&rsquo;Aceto Balsamico Tradizionale di Modena DOP est obligatoire pour tous les producteurs, car elle est pr\u00e9vue dans le cahier des charges de production. La bouteille est scell\u00e9e par le sceau num\u00e9rot\u00e9 de l&rsquo;organisme de certification.L&#8217;emballage contient le manuel du Consortium en plusieurs langues. Le bec verseur et la pr\u00e9cieuse cuill\u00e8re en c\u00e9ramique.<\/p>\n<p><em><strong>Dans la cuisine :<\/strong><\/em> L&rsquo;Aceto Balsamico Tradizionale di Modena D.O.P. Affinato est parfait pour ceux qui aiment d\u00e9guster goutte \u00e0 goutte. C&rsquo;est un produit qui se marie particuli\u00e8rement bien avec le parmigiano reggiano, les fraises ou les glaces artisanales.<\/p>\n","protected":false},"excerpt":{"rendered":"<p>Ce vinaigre balsamique traditionnel de Mod\u00e8ne AOP a une <strong>maturation minimale certifi\u00e9e de 12 ans<\/strong>.<\/p>\n<p>L&#8217;emballage contient le livret du consortium en diff\u00e9rentes langues. Le bec verseur et la pr\u00e9cieuse cuill\u00e8re en c\u00e9ramique.<\/p>\n","protected":false},"featured_media":787,"template":"","meta":[],"product_brand":[],"product_cat":[512,481],"product_tag":[],"class_list":{"0":"post-11713","1":"product","2":"type-product","3":"status-publish","4":"has-post-thumbnail","6":"product_cat-coffrets-cadeaux","7":"product_cat-les-traditionnels","9":"first","10":"instock","11":"featured","12":"shipping-taxable","13":"purchasable","14":"product-type-simple"},"yoast_head":"<!-- This site is optimized with the Yoast SEO plugin v27.4 - https:\/\/yoast.com\/product\/yoast-seo-wordpress\/ -->\n<title>Aceto Balsamico Tradizionale di Modena DOP Affinato - Emballage en bois - Acetaia Marchi<\/title>\n<meta name=\"robots\" content=\"index, follow, max-snippet:-1, max-image-preview:large, max-video-preview:-1\" \/>\n<link rel=\"canonical\" href=\"https:\/\/www.acetaiamarchi.com\/fr\/produit\/aceto-balsamico-tradizionale-di-modena-dop-affinato-holzverpackung\/\" \/>\n<meta property=\"og:locale\" content=\"fr_FR\" \/>\n<meta property=\"og:type\" content=\"article\" \/>\n<meta property=\"og:title\" content=\"Aceto Balsamico Tradizionale di Modena DOP Affinato - Emballage en bois - Acetaia Marchi\" \/>\n<meta property=\"og:description\" content=\"Ce vinaigre balsamique traditionnel de Mod\u00e8ne AOP a une maturation minimale certifi\u00e9e de 12 ans.  L&#039;emballage contient le livret du consortium en diff\u00e9rentes langues. Le bec verseur et la pr\u00e9cieuse cuill\u00e8re en c\u00e9ramique.\" \/>\n<meta property=\"og:url\" content=\"https:\/\/www.acetaiamarchi.com\/fr\/produit\/aceto-balsamico-tradizionale-di-modena-dop-affinato-holzverpackung\/\" \/>\n<meta property=\"og:site_name\" content=\"Acetaia Marchi\" \/>\n<meta property=\"article:modified_time\" content=\"2026-01-13T18:01:58+00:00\" \/>\n<meta property=\"og:image\" content=\"https:\/\/www.acetaiamarchi.com\/wp-content\/uploads\/2025\/03\/Aceto-Balsamico-Tradizionale-di-Modena-DOP-Affinato-scatola-legno.jpg\" \/>\n\t<meta property=\"og:image:width\" content=\"1600\" \/>\n\t<meta property=\"og:image:height\" content=\"1600\" \/>\n\t<meta property=\"og:image:type\" content=\"image\/jpeg\" \/>\n<meta name=\"twitter:card\" content=\"summary_large_image\" \/>\n<meta name=\"twitter:label1\" content=\"Dur\u00e9e de lecture estim\u00e9e\" \/>\n\t<meta name=\"twitter:data1\" content=\"2 minutes\" \/>\n<script type=\"application\/ld+json\" class=\"yoast-schema-graph\">{\"@context\":\"https:\\\/\\\/schema.org\",\"@graph\":[{\"@type\":\"WebPage\",\"@id\":\"https:\\\/\\\/www.acetaiamarchi.com\\\/fr\\\/produit\\\/aceto-balsamico-tradizionale-di-modena-dop-affinato-holzverpackung\\\/\",\"url\":\"https:\\\/\\\/www.acetaiamarchi.com\\\/fr\\\/produit\\\/aceto-balsamico-tradizionale-di-modena-dop-affinato-holzverpackung\\\/\",\"name\":\"Aceto Balsamico Tradizionale di Modena DOP Affinato - Emballage en bois - Acetaia Marchi\",\"isPartOf\":{\"@id\":\"https:\\\/\\\/www.acetaiamarchi.com\\\/fr\\\/#website\"},\"primaryImageOfPage\":{\"@id\":\"https:\\\/\\\/www.acetaiamarchi.com\\\/fr\\\/produit\\\/aceto-balsamico-tradizionale-di-modena-dop-affinato-holzverpackung\\\/#primaryimage\"},\"image\":{\"@id\":\"https:\\\/\\\/www.acetaiamarchi.com\\\/fr\\\/produit\\\/aceto-balsamico-tradizionale-di-modena-dop-affinato-holzverpackung\\\/#primaryimage\"},\"thumbnailUrl\":\"https:\\\/\\\/www.acetaiamarchi.com\\\/wp-content\\\/uploads\\\/2025\\\/03\\\/Aceto-Balsamico-Tradizionale-di-Modena-DOP-Affinato-scatola-legno.jpg\",\"datePublished\":\"2025-03-20T15:43:00+00:00\",\"dateModified\":\"2026-01-13T18:01:58+00:00\",\"breadcrumb\":{\"@id\":\"https:\\\/\\\/www.acetaiamarchi.com\\\/fr\\\/produit\\\/aceto-balsamico-tradizionale-di-modena-dop-affinato-holzverpackung\\\/#breadcrumb\"},\"inLanguage\":\"fr-FR\",\"potentialAction\":[{\"@type\":\"ReadAction\",\"target\":[\"https:\\\/\\\/www.acetaiamarchi.com\\\/fr\\\/produit\\\/aceto-balsamico-tradizionale-di-modena-dop-affinato-holzverpackung\\\/\"]}]},{\"@type\":\"ImageObject\",\"inLanguage\":\"fr-FR\",\"@id\":\"https:\\\/\\\/www.acetaiamarchi.com\\\/fr\\\/produit\\\/aceto-balsamico-tradizionale-di-modena-dop-affinato-holzverpackung\\\/#primaryimage\",\"url\":\"https:\\\/\\\/www.acetaiamarchi.com\\\/wp-content\\\/uploads\\\/2025\\\/03\\\/Aceto-Balsamico-Tradizionale-di-Modena-DOP-Affinato-scatola-legno.jpg\",\"contentUrl\":\"https:\\\/\\\/www.acetaiamarchi.com\\\/wp-content\\\/uploads\\\/2025\\\/03\\\/Aceto-Balsamico-Tradizionale-di-Modena-DOP-Affinato-scatola-legno.jpg\",\"width\":1600,\"height\":1600,\"caption\":\"aceto balsamico tradizionale di modena DOP affinato scatola di legno\"},{\"@type\":\"BreadcrumbList\",\"@id\":\"https:\\\/\\\/www.acetaiamarchi.com\\\/fr\\\/produit\\\/aceto-balsamico-tradizionale-di-modena-dop-affinato-holzverpackung\\\/#breadcrumb\",\"itemListElement\":[{\"@type\":\"ListItem\",\"position\":1,\"name\":\"Home\",\"item\":\"https:\\\/\\\/www.acetaiamarchi.com\\\/fr\\\/\"},{\"@type\":\"ListItem\",\"position\":2,\"name\":\"Produits\",\"item\":\"https:\\\/\\\/www.acetaiamarchi.com\\\/fr\\\/shop\\\/\"},{\"@type\":\"ListItem\",\"position\":3,\"name\":\"Aceto Balsamico Tradizionale di Modena DOP Affinato &#8211; Emballage en bois\"}]},{\"@type\":\"WebSite\",\"@id\":\"https:\\\/\\\/www.acetaiamarchi.com\\\/fr\\\/#website\",\"url\":\"https:\\\/\\\/www.acetaiamarchi.com\\\/fr\\\/\",\"name\":\"Acetaia Marchi Srl\",\"description\":\"\",\"publisher\":{\"@id\":\"https:\\\/\\\/www.acetaiamarchi.com\\\/fr\\\/#organization\"},\"potentialAction\":[{\"@type\":\"SearchAction\",\"target\":{\"@type\":\"EntryPoint\",\"urlTemplate\":\"https:\\\/\\\/www.acetaiamarchi.com\\\/fr\\\/?s={search_term_string}\"},\"query-input\":{\"@type\":\"PropertyValueSpecification\",\"valueRequired\":true,\"valueName\":\"search_term_string\"}}],\"inLanguage\":\"fr-FR\"},{\"@type\":\"Organization\",\"@id\":\"https:\\\/\\\/www.acetaiamarchi.com\\\/fr\\\/#organization\",\"name\":\"Acetaia Marchi Srl\",\"url\":\"https:\\\/\\\/www.acetaiamarchi.com\\\/fr\\\/\",\"logo\":{\"@type\":\"ImageObject\",\"inLanguage\":\"fr-FR\",\"@id\":\"https:\\\/\\\/www.acetaiamarchi.com\\\/fr\\\/#\\\/schema\\\/logo\\\/image\\\/\",\"url\":\"https:\\\/\\\/acetaiamarchi.com\\\/wp-content\\\/uploads\\\/2025\\\/03\\\/Acetaia-Marchi-Srl-Logo.png\",\"contentUrl\":\"https:\\\/\\\/acetaiamarchi.com\\\/wp-content\\\/uploads\\\/2025\\\/03\\\/Acetaia-Marchi-Srl-Logo.png\",\"width\":2000,\"height\":2000,\"caption\":\"Acetaia Marchi Srl\"},\"image\":{\"@id\":\"https:\\\/\\\/www.acetaiamarchi.com\\\/fr\\\/#\\\/schema\\\/logo\\\/image\\\/\"}}]}<\/script>\n<!-- \/ Yoast SEO plugin. -->","yoast_head_json":{"title":"Aceto Balsamico Tradizionale di Modena DOP Affinato - Emballage en bois - Acetaia Marchi","robots":{"index":"index","follow":"follow","max-snippet":"max-snippet:-1","max-image-preview":"max-image-preview:large","max-video-preview":"max-video-preview:-1"},"canonical":"https:\/\/www.acetaiamarchi.com\/fr\/produit\/aceto-balsamico-tradizionale-di-modena-dop-affinato-holzverpackung\/","og_locale":"fr_FR","og_type":"article","og_title":"Aceto Balsamico Tradizionale di Modena DOP Affinato - Emballage en bois - Acetaia Marchi","og_description":"Ce vinaigre balsamique traditionnel de Mod\u00e8ne AOP a une maturation minimale certifi\u00e9e de 12 ans.  L'emballage contient le livret du consortium en diff\u00e9rentes langues. Le bec verseur et la pr\u00e9cieuse cuill\u00e8re en c\u00e9ramique.","og_url":"https:\/\/www.acetaiamarchi.com\/fr\/produit\/aceto-balsamico-tradizionale-di-modena-dop-affinato-holzverpackung\/","og_site_name":"Acetaia Marchi","article_modified_time":"2026-01-13T18:01:58+00:00","og_image":[{"width":1600,"height":1600,"url":"https:\/\/www.acetaiamarchi.com\/wp-content\/uploads\/2025\/03\/Aceto-Balsamico-Tradizionale-di-Modena-DOP-Affinato-scatola-legno.jpg","type":"image\/jpeg"}],"twitter_card":"summary_large_image","twitter_misc":{"Dur\u00e9e de lecture estim\u00e9e":"2 minutes"},"schema":{"@context":"https:\/\/schema.org","@graph":[{"@type":"WebPage","@id":"https:\/\/www.acetaiamarchi.com\/fr\/produit\/aceto-balsamico-tradizionale-di-modena-dop-affinato-holzverpackung\/","url":"https:\/\/www.acetaiamarchi.com\/fr\/produit\/aceto-balsamico-tradizionale-di-modena-dop-affinato-holzverpackung\/","name":"Aceto Balsamico Tradizionale di Modena DOP Affinato - Emballage en bois - Acetaia Marchi","isPartOf":{"@id":"https:\/\/www.acetaiamarchi.com\/fr\/#website"},"primaryImageOfPage":{"@id":"https:\/\/www.acetaiamarchi.com\/fr\/produit\/aceto-balsamico-tradizionale-di-modena-dop-affinato-holzverpackung\/#primaryimage"},"image":{"@id":"https:\/\/www.acetaiamarchi.com\/fr\/produit\/aceto-balsamico-tradizionale-di-modena-dop-affinato-holzverpackung\/#primaryimage"},"thumbnailUrl":"https:\/\/www.acetaiamarchi.com\/wp-content\/uploads\/2025\/03\/Aceto-Balsamico-Tradizionale-di-Modena-DOP-Affinato-scatola-legno.jpg","datePublished":"2025-03-20T15:43:00+00:00","dateModified":"2026-01-13T18:01:58+00:00","breadcrumb":{"@id":"https:\/\/www.acetaiamarchi.com\/fr\/produit\/aceto-balsamico-tradizionale-di-modena-dop-affinato-holzverpackung\/#breadcrumb"},"inLanguage":"fr-FR","potentialAction":[{"@type":"ReadAction","target":["https:\/\/www.acetaiamarchi.com\/fr\/produit\/aceto-balsamico-tradizionale-di-modena-dop-affinato-holzverpackung\/"]}]},{"@type":"ImageObject","inLanguage":"fr-FR","@id":"https:\/\/www.acetaiamarchi.com\/fr\/produit\/aceto-balsamico-tradizionale-di-modena-dop-affinato-holzverpackung\/#primaryimage","url":"https:\/\/www.acetaiamarchi.com\/wp-content\/uploads\/2025\/03\/Aceto-Balsamico-Tradizionale-di-Modena-DOP-Affinato-scatola-legno.jpg","contentUrl":"https:\/\/www.acetaiamarchi.com\/wp-content\/uploads\/2025\/03\/Aceto-Balsamico-Tradizionale-di-Modena-DOP-Affinato-scatola-legno.jpg","width":1600,"height":1600,"caption":"aceto balsamico tradizionale di modena DOP affinato scatola di legno"},{"@type":"BreadcrumbList","@id":"https:\/\/www.acetaiamarchi.com\/fr\/produit\/aceto-balsamico-tradizionale-di-modena-dop-affinato-holzverpackung\/#breadcrumb","itemListElement":[{"@type":"ListItem","position":1,"name":"Home","item":"https:\/\/www.acetaiamarchi.com\/fr\/"},{"@type":"ListItem","position":2,"name":"Produits","item":"https:\/\/www.acetaiamarchi.com\/fr\/shop\/"},{"@type":"ListItem","position":3,"name":"Aceto Balsamico Tradizionale di Modena DOP Affinato &#8211; Emballage en bois"}]},{"@type":"WebSite","@id":"https:\/\/www.acetaiamarchi.com\/fr\/#website","url":"https:\/\/www.acetaiamarchi.com\/fr\/","name":"Acetaia Marchi Srl","description":"","publisher":{"@id":"https:\/\/www.acetaiamarchi.com\/fr\/#organization"},"potentialAction":[{"@type":"SearchAction","target":{"@type":"EntryPoint","urlTemplate":"https:\/\/www.acetaiamarchi.com\/fr\/?s={search_term_string}"},"query-input":{"@type":"PropertyValueSpecification","valueRequired":true,"valueName":"search_term_string"}}],"inLanguage":"fr-FR"},{"@type":"Organization","@id":"https:\/\/www.acetaiamarchi.com\/fr\/#organization","name":"Acetaia Marchi Srl","url":"https:\/\/www.acetaiamarchi.com\/fr\/","logo":{"@type":"ImageObject","inLanguage":"fr-FR","@id":"https:\/\/www.acetaiamarchi.com\/fr\/#\/schema\/logo\/image\/","url":"https:\/\/acetaiamarchi.com\/wp-content\/uploads\/2025\/03\/Acetaia-Marchi-Srl-Logo.png","contentUrl":"https:\/\/acetaiamarchi.com\/wp-content\/uploads\/2025\/03\/Acetaia-Marchi-Srl-Logo.png","width":2000,"height":2000,"caption":"Acetaia Marchi Srl"},"image":{"@id":"https:\/\/www.acetaiamarchi.com\/fr\/#\/schema\/logo\/image\/"}}]}},"_links":{"self":[{"href":"https:\/\/www.acetaiamarchi.com\/fr\/wp-json\/wp\/v2\/product\/11713","targetHints":{"allow":["GET"]}}],"collection":[{"href":"https:\/\/www.acetaiamarchi.com\/fr\/wp-json\/wp\/v2\/product"}],"about":[{"href":"https:\/\/www.acetaiamarchi.com\/fr\/wp-json\/wp\/v2\/types\/product"}],"version-history":[{"count":2,"href":"https:\/\/www.acetaiamarchi.com\/fr\/wp-json\/wp\/v2\/product\/11713\/revisions"}],"predecessor-version":[{"id":14106,"href":"https:\/\/www.acetaiamarchi.com\/fr\/wp-json\/wp\/v2\/product\/11713\/revisions\/14106"}],"wp:featuredmedia":[{"embeddable":true,"href":"https:\/\/www.acetaiamarchi.com\/fr\/wp-json\/wp\/v2\/media\/787"}],"wp:attachment":[{"href":"https:\/\/www.acetaiamarchi.com\/fr\/wp-json\/wp\/v2\/media?parent=11713"}],"wp:term":[{"taxonomy":"product_brand","embeddable":true,"href":"https:\/\/www.acetaiamarchi.com\/fr\/wp-json\/wp\/v2\/product_brand?post=11713"},{"taxonomy":"product_cat","embeddable":true,"href":"https:\/\/www.acetaiamarchi.com\/fr\/wp-json\/wp\/v2\/product_cat?post=11713"},{"taxonomy":"product_tag","embeddable":true,"href":"https:\/\/www.acetaiamarchi.com\/fr\/wp-json\/wp\/v2\/product_tag?post=11713"}],"curies":[{"name":"wp","href":"https:\/\/api.w.org\/{rel}","templated":true}]}}