{"id":11648,"date":"2025-03-25T10:13:41","date_gmt":"2025-03-25T09:13:41","guid":{"rendered":"https:\/\/www.acetaiamarchi.com\/prodotto\/aceto-balsamico-di-modena-igp-sigillo-oro-4\/"},"modified":"2025-11-20T10:05:59","modified_gmt":"2025-11-20T09:05:59","slug":"vinaigre-balsamique-de-modene-igp-sceau-dor","status":"publish","type":"product","link":"https:\/\/www.acetaiamarchi.com\/fr\/produit\/vinaigre-balsamique-de-modene-igp-sceau-dor\/","title":{"rendered":"Vinaigre Balsamique de Mod\u00e8ne IGP &#8211; Sceau d&rsquo;Or"},"content":{"rendered":"<p>Le Vinaigre Balsamique de Mod\u00e8ne IGP Sigillo Oro est un produit caract\u00e9ris\u00e9 par une saveur \u00e9quilibr\u00e9e, douce, enveloppante et pleine. Il se distingue des autres produits par sa couleur noire intense, brillante et limpide \u00e0 la fois. Ce <strong>Vinaigre Balsamique de Mod\u00e8ne IGP<\/strong> poss\u00e8de un parfum \u00e9l\u00e9gant et harmonieux qui s\u00e9duit et conquiert, sublimant chaque plat.<\/p>\n<p>Les ar\u00f4mes persistants et les saveurs marqu\u00e9es, qui caract\u00e9risent ce produit, proviennent du long affinage en f\u00fbts de ch\u00eane. Ces derniers ne sont jamais compl\u00e8tement vid\u00e9s, ce qui garantit un cycle continu d&rsquo;ar\u00f4mes et de caract\u00e9ristiques extraordinaires.<\/p>\n<p>Disponible dans l&rsquo;\u00e9l\u00e9gante bouteille cubique de 250 ml avec bouchon verseur.<\/p>\n<p><em><strong>En cuisine<\/strong><strong> :<\/strong><\/em> Ce vinaigre Balsamique de Mod\u00e8ne IGP est \u00e0 essayer avec des omelettes, des risottos et du fromage affin\u00e9.<\/p>\n","protected":false},"excerpt":{"rendered":"<div class=\"woocommerce-product-details__short-description\">\n<p>Disponible dans l&rsquo;\u00e9l\u00e9gante bouteille cubique de 250 ml avec bouchon verseur.<\/p>\n<\/div>\n","protected":false},"featured_media":949,"template":"","meta":[],"product_brand":[],"product_cat":[487],"product_tag":[],"class_list":{"0":"post-11648","1":"product","2":"type-product","3":"status-publish","4":"has-post-thumbnail","6":"product_cat-les-sceaux","8":"first","9":"instock","10":"featured","11":"shipping-taxable","12":"purchasable","13":"product-type-simple"},"yoast_head":"<!-- This site is optimized with the Yoast SEO plugin v27.3 - https:\/\/yoast.com\/product\/yoast-seo-wordpress\/ -->\n<title>Vinaigre Balsamique de Mod\u00e8ne IGP - Sceau d&#039;Or | Acetaia Marchi<\/title>\n<meta name=\"description\" content=\"Produzione e vendita Aceto Balsamico di Modena IGP sigillo Oro 250ml con tappo dosatore. Sapore morbido, avvolgente, pieno ed equilibrato.\" \/>\n<meta name=\"robots\" content=\"index, follow, max-snippet:-1, max-image-preview:large, max-video-preview:-1\" \/>\n<link rel=\"canonical\" href=\"https:\/\/www.acetaiamarchi.com\/fr\/produit\/vinaigre-balsamique-de-modene-igp-sceau-dor\/\" \/>\n<meta property=\"og:locale\" content=\"fr_FR\" \/>\n<meta property=\"og:type\" content=\"article\" \/>\n<meta property=\"og:title\" content=\"Vinaigre Balsamique de Mod\u00e8ne IGP - Sceau d&#039;Or | Acetaia Marchi\" \/>\n<meta property=\"og:description\" content=\"Produzione e vendita Aceto Balsamico di Modena IGP sigillo Oro 250ml con tappo dosatore. Sapore morbido, avvolgente, pieno ed equilibrato.\" \/>\n<meta property=\"og:url\" content=\"https:\/\/www.acetaiamarchi.com\/fr\/produit\/vinaigre-balsamique-de-modene-igp-sceau-dor\/\" \/>\n<meta property=\"og:site_name\" content=\"Acetaia Marchi\" \/>\n<meta property=\"article:modified_time\" content=\"2025-11-20T09:05:59+00:00\" \/>\n<meta property=\"og:image\" content=\"https:\/\/www.acetaiamarchi.com\/wp-content\/uploads\/2025\/03\/Aceto-Balsamico-di-Modena-IGP-Sigillo-Oro.jpg\" \/>\n\t<meta property=\"og:image:width\" content=\"1600\" \/>\n\t<meta property=\"og:image:height\" content=\"1600\" \/>\n\t<meta property=\"og:image:type\" content=\"image\/jpeg\" \/>\n<meta name=\"twitter:card\" content=\"summary_large_image\" \/>\n<meta name=\"twitter:label1\" content=\"Dur\u00e9e de lecture estim\u00e9e\" \/>\n\t<meta name=\"twitter:data1\" content=\"1 minute\" \/>\n<script type=\"application\/ld+json\" class=\"yoast-schema-graph\">{\"@context\":\"https:\\\/\\\/schema.org\",\"@graph\":[{\"@type\":\"WebPage\",\"@id\":\"https:\\\/\\\/www.acetaiamarchi.com\\\/fr\\\/produit\\\/vinaigre-balsamique-de-modene-igp-sceau-dor\\\/\",\"url\":\"https:\\\/\\\/www.acetaiamarchi.com\\\/fr\\\/produit\\\/vinaigre-balsamique-de-modene-igp-sceau-dor\\\/\",\"name\":\"Vinaigre Balsamique de Mod\u00e8ne IGP - Sceau d'Or | Acetaia Marchi\",\"isPartOf\":{\"@id\":\"https:\\\/\\\/www.acetaiamarchi.com\\\/fr\\\/#website\"},\"primaryImageOfPage\":{\"@id\":\"https:\\\/\\\/www.acetaiamarchi.com\\\/fr\\\/produit\\\/vinaigre-balsamique-de-modene-igp-sceau-dor\\\/#primaryimage\"},\"image\":{\"@id\":\"https:\\\/\\\/www.acetaiamarchi.com\\\/fr\\\/produit\\\/vinaigre-balsamique-de-modene-igp-sceau-dor\\\/#primaryimage\"},\"thumbnailUrl\":\"https:\\\/\\\/www.acetaiamarchi.com\\\/wp-content\\\/uploads\\\/2025\\\/03\\\/Aceto-Balsamico-di-Modena-IGP-Sigillo-Oro.jpg\",\"datePublished\":\"2025-03-25T09:13:41+00:00\",\"dateModified\":\"2025-11-20T09:05:59+00:00\",\"description\":\"Produzione e vendita Aceto Balsamico di Modena IGP sigillo Oro 250ml con tappo dosatore. Sapore morbido, avvolgente, pieno ed equilibrato.\",\"breadcrumb\":{\"@id\":\"https:\\\/\\\/www.acetaiamarchi.com\\\/fr\\\/produit\\\/vinaigre-balsamique-de-modene-igp-sceau-dor\\\/#breadcrumb\"},\"inLanguage\":\"fr-FR\",\"potentialAction\":[{\"@type\":\"ReadAction\",\"target\":[\"https:\\\/\\\/www.acetaiamarchi.com\\\/fr\\\/produit\\\/vinaigre-balsamique-de-modene-igp-sceau-dor\\\/\"]}]},{\"@type\":\"ImageObject\",\"inLanguage\":\"fr-FR\",\"@id\":\"https:\\\/\\\/www.acetaiamarchi.com\\\/fr\\\/produit\\\/vinaigre-balsamique-de-modene-igp-sceau-dor\\\/#primaryimage\",\"url\":\"https:\\\/\\\/www.acetaiamarchi.com\\\/wp-content\\\/uploads\\\/2025\\\/03\\\/Aceto-Balsamico-di-Modena-IGP-Sigillo-Oro.jpg\",\"contentUrl\":\"https:\\\/\\\/www.acetaiamarchi.com\\\/wp-content\\\/uploads\\\/2025\\\/03\\\/Aceto-Balsamico-di-Modena-IGP-Sigillo-Oro.jpg\",\"width\":1600,\"height\":1600,\"caption\":\"Aceto Balsamico di Modena IGP Sigillo Oro\"},{\"@type\":\"BreadcrumbList\",\"@id\":\"https:\\\/\\\/www.acetaiamarchi.com\\\/fr\\\/produit\\\/vinaigre-balsamique-de-modene-igp-sceau-dor\\\/#breadcrumb\",\"itemListElement\":[{\"@type\":\"ListItem\",\"position\":1,\"name\":\"Home\",\"item\":\"https:\\\/\\\/www.acetaiamarchi.com\\\/fr\\\/\"},{\"@type\":\"ListItem\",\"position\":2,\"name\":\"Produits\",\"item\":\"https:\\\/\\\/www.acetaiamarchi.com\\\/fr\\\/shop\\\/\"},{\"@type\":\"ListItem\",\"position\":3,\"name\":\"Vinaigre Balsamique de Mod\u00e8ne IGP &#8211; Sceau d&#8217;Or\"}]},{\"@type\":\"WebSite\",\"@id\":\"https:\\\/\\\/www.acetaiamarchi.com\\\/fr\\\/#website\",\"url\":\"https:\\\/\\\/www.acetaiamarchi.com\\\/fr\\\/\",\"name\":\"Acetaia Marchi Srl\",\"description\":\"\",\"publisher\":{\"@id\":\"https:\\\/\\\/www.acetaiamarchi.com\\\/fr\\\/#organization\"},\"potentialAction\":[{\"@type\":\"SearchAction\",\"target\":{\"@type\":\"EntryPoint\",\"urlTemplate\":\"https:\\\/\\\/www.acetaiamarchi.com\\\/fr\\\/?s={search_term_string}\"},\"query-input\":{\"@type\":\"PropertyValueSpecification\",\"valueRequired\":true,\"valueName\":\"search_term_string\"}}],\"inLanguage\":\"fr-FR\"},{\"@type\":\"Organization\",\"@id\":\"https:\\\/\\\/www.acetaiamarchi.com\\\/fr\\\/#organization\",\"name\":\"Acetaia Marchi Srl\",\"url\":\"https:\\\/\\\/www.acetaiamarchi.com\\\/fr\\\/\",\"logo\":{\"@type\":\"ImageObject\",\"inLanguage\":\"fr-FR\",\"@id\":\"https:\\\/\\\/www.acetaiamarchi.com\\\/fr\\\/#\\\/schema\\\/logo\\\/image\\\/\",\"url\":\"https:\\\/\\\/acetaiamarchi.com\\\/wp-content\\\/uploads\\\/2025\\\/03\\\/Acetaia-Marchi-Srl-Logo.png\",\"contentUrl\":\"https:\\\/\\\/acetaiamarchi.com\\\/wp-content\\\/uploads\\\/2025\\\/03\\\/Acetaia-Marchi-Srl-Logo.png\",\"width\":2000,\"height\":2000,\"caption\":\"Acetaia Marchi Srl\"},\"image\":{\"@id\":\"https:\\\/\\\/www.acetaiamarchi.com\\\/fr\\\/#\\\/schema\\\/logo\\\/image\\\/\"}}]}<\/script>\n<!-- \/ Yoast SEO plugin. -->","yoast_head_json":{"title":"Vinaigre Balsamique de Mod\u00e8ne IGP - Sceau d'Or | Acetaia Marchi","description":"Produzione e vendita Aceto Balsamico di Modena IGP sigillo Oro 250ml con tappo dosatore. Sapore morbido, avvolgente, pieno ed equilibrato.","robots":{"index":"index","follow":"follow","max-snippet":"max-snippet:-1","max-image-preview":"max-image-preview:large","max-video-preview":"max-video-preview:-1"},"canonical":"https:\/\/www.acetaiamarchi.com\/fr\/produit\/vinaigre-balsamique-de-modene-igp-sceau-dor\/","og_locale":"fr_FR","og_type":"article","og_title":"Vinaigre Balsamique de Mod\u00e8ne IGP - Sceau d'Or | Acetaia Marchi","og_description":"Produzione e vendita Aceto Balsamico di Modena IGP sigillo Oro 250ml con tappo dosatore. Sapore morbido, avvolgente, pieno ed equilibrato.","og_url":"https:\/\/www.acetaiamarchi.com\/fr\/produit\/vinaigre-balsamique-de-modene-igp-sceau-dor\/","og_site_name":"Acetaia Marchi","article_modified_time":"2025-11-20T09:05:59+00:00","og_image":[{"width":1600,"height":1600,"url":"https:\/\/www.acetaiamarchi.com\/wp-content\/uploads\/2025\/03\/Aceto-Balsamico-di-Modena-IGP-Sigillo-Oro.jpg","type":"image\/jpeg"}],"twitter_card":"summary_large_image","twitter_misc":{"Dur\u00e9e de lecture estim\u00e9e":"1 minute"},"schema":{"@context":"https:\/\/schema.org","@graph":[{"@type":"WebPage","@id":"https:\/\/www.acetaiamarchi.com\/fr\/produit\/vinaigre-balsamique-de-modene-igp-sceau-dor\/","url":"https:\/\/www.acetaiamarchi.com\/fr\/produit\/vinaigre-balsamique-de-modene-igp-sceau-dor\/","name":"Vinaigre Balsamique de Mod\u00e8ne IGP - Sceau d'Or | Acetaia Marchi","isPartOf":{"@id":"https:\/\/www.acetaiamarchi.com\/fr\/#website"},"primaryImageOfPage":{"@id":"https:\/\/www.acetaiamarchi.com\/fr\/produit\/vinaigre-balsamique-de-modene-igp-sceau-dor\/#primaryimage"},"image":{"@id":"https:\/\/www.acetaiamarchi.com\/fr\/produit\/vinaigre-balsamique-de-modene-igp-sceau-dor\/#primaryimage"},"thumbnailUrl":"https:\/\/www.acetaiamarchi.com\/wp-content\/uploads\/2025\/03\/Aceto-Balsamico-di-Modena-IGP-Sigillo-Oro.jpg","datePublished":"2025-03-25T09:13:41+00:00","dateModified":"2025-11-20T09:05:59+00:00","description":"Produzione e vendita Aceto Balsamico di Modena IGP sigillo Oro 250ml con tappo dosatore. Sapore morbido, avvolgente, pieno ed equilibrato.","breadcrumb":{"@id":"https:\/\/www.acetaiamarchi.com\/fr\/produit\/vinaigre-balsamique-de-modene-igp-sceau-dor\/#breadcrumb"},"inLanguage":"fr-FR","potentialAction":[{"@type":"ReadAction","target":["https:\/\/www.acetaiamarchi.com\/fr\/produit\/vinaigre-balsamique-de-modene-igp-sceau-dor\/"]}]},{"@type":"ImageObject","inLanguage":"fr-FR","@id":"https:\/\/www.acetaiamarchi.com\/fr\/produit\/vinaigre-balsamique-de-modene-igp-sceau-dor\/#primaryimage","url":"https:\/\/www.acetaiamarchi.com\/wp-content\/uploads\/2025\/03\/Aceto-Balsamico-di-Modena-IGP-Sigillo-Oro.jpg","contentUrl":"https:\/\/www.acetaiamarchi.com\/wp-content\/uploads\/2025\/03\/Aceto-Balsamico-di-Modena-IGP-Sigillo-Oro.jpg","width":1600,"height":1600,"caption":"Aceto Balsamico di Modena IGP Sigillo Oro"},{"@type":"BreadcrumbList","@id":"https:\/\/www.acetaiamarchi.com\/fr\/produit\/vinaigre-balsamique-de-modene-igp-sceau-dor\/#breadcrumb","itemListElement":[{"@type":"ListItem","position":1,"name":"Home","item":"https:\/\/www.acetaiamarchi.com\/fr\/"},{"@type":"ListItem","position":2,"name":"Produits","item":"https:\/\/www.acetaiamarchi.com\/fr\/shop\/"},{"@type":"ListItem","position":3,"name":"Vinaigre Balsamique de Mod\u00e8ne IGP &#8211; Sceau d&#8217;Or"}]},{"@type":"WebSite","@id":"https:\/\/www.acetaiamarchi.com\/fr\/#website","url":"https:\/\/www.acetaiamarchi.com\/fr\/","name":"Acetaia Marchi Srl","description":"","publisher":{"@id":"https:\/\/www.acetaiamarchi.com\/fr\/#organization"},"potentialAction":[{"@type":"SearchAction","target":{"@type":"EntryPoint","urlTemplate":"https:\/\/www.acetaiamarchi.com\/fr\/?s={search_term_string}"},"query-input":{"@type":"PropertyValueSpecification","valueRequired":true,"valueName":"search_term_string"}}],"inLanguage":"fr-FR"},{"@type":"Organization","@id":"https:\/\/www.acetaiamarchi.com\/fr\/#organization","name":"Acetaia Marchi Srl","url":"https:\/\/www.acetaiamarchi.com\/fr\/","logo":{"@type":"ImageObject","inLanguage":"fr-FR","@id":"https:\/\/www.acetaiamarchi.com\/fr\/#\/schema\/logo\/image\/","url":"https:\/\/acetaiamarchi.com\/wp-content\/uploads\/2025\/03\/Acetaia-Marchi-Srl-Logo.png","contentUrl":"https:\/\/acetaiamarchi.com\/wp-content\/uploads\/2025\/03\/Acetaia-Marchi-Srl-Logo.png","width":2000,"height":2000,"caption":"Acetaia Marchi Srl"},"image":{"@id":"https:\/\/www.acetaiamarchi.com\/fr\/#\/schema\/logo\/image\/"}}]}},"_links":{"self":[{"href":"https:\/\/www.acetaiamarchi.com\/fr\/wp-json\/wp\/v2\/product\/11648","targetHints":{"allow":["GET"]}}],"collection":[{"href":"https:\/\/www.acetaiamarchi.com\/fr\/wp-json\/wp\/v2\/product"}],"about":[{"href":"https:\/\/www.acetaiamarchi.com\/fr\/wp-json\/wp\/v2\/types\/product"}],"version-history":[{"count":1,"href":"https:\/\/www.acetaiamarchi.com\/fr\/wp-json\/wp\/v2\/product\/11648\/revisions"}],"predecessor-version":[{"id":11649,"href":"https:\/\/www.acetaiamarchi.com\/fr\/wp-json\/wp\/v2\/product\/11648\/revisions\/11649"}],"wp:featuredmedia":[{"embeddable":true,"href":"https:\/\/www.acetaiamarchi.com\/fr\/wp-json\/wp\/v2\/media\/949"}],"wp:attachment":[{"href":"https:\/\/www.acetaiamarchi.com\/fr\/wp-json\/wp\/v2\/media?parent=11648"}],"wp:term":[{"taxonomy":"product_brand","embeddable":true,"href":"https:\/\/www.acetaiamarchi.com\/fr\/wp-json\/wp\/v2\/product_brand?post=11648"},{"taxonomy":"product_cat","embeddable":true,"href":"https:\/\/www.acetaiamarchi.com\/fr\/wp-json\/wp\/v2\/product_cat?post=11648"},{"taxonomy":"product_tag","embeddable":true,"href":"https:\/\/www.acetaiamarchi.com\/fr\/wp-json\/wp\/v2\/product_tag?post=11648"}],"curies":[{"name":"wp","href":"https:\/\/api.w.org\/{rel}","templated":true}]}}