{"id":11616,"date":"2025-03-25T14:49:12","date_gmt":"2025-03-25T13:49:12","guid":{"rendered":"https:\/\/www.acetaiamarchi.com\/prodotto\/condimento-balsamico-leggendario-26-3\/"},"modified":"2025-11-20T09:29:52","modified_gmt":"2025-11-20T08:29:52","slug":"condiment-balsamique-legendaire-26","status":"publish","type":"product","link":"https:\/\/www.acetaiamarchi.com\/fr\/produit\/condiment-balsamique-legendaire-26\/","title":{"rendered":"Condiment Balsamique \u00ab\u00a0L\u00e9gendaire 26\u00a0\u00bb"},"content":{"rendered":"<p>M\u00fbri dans des f\u00fbts en diff\u00e9rents bois pr\u00e9cieux, notre Condiment Balsamique \u00ab L\u00e9gendaire 26 \u00bb est harmonieux, \u00e9quilibr\u00e9, rond, plein, intense et enveloppant en bouche. Son go\u00fbt structurellement complexe est renforc\u00e9 par des notes tanniques persistantes. Il est produit dans le calme de notre Acetaia \u00e0 Mod\u00e8ne, gr\u00e2ce \u00e0 la combinaison de Mo\u00fbt Cuit des <strong>raisins autochtones cultiv\u00e9s sur les terres familiales<\/strong> et de Vinaigre de Vin de qualit\u00e9.<\/p>\n<p>Ces ingr\u00e9dients, soigneusement s\u00e9lectionn\u00e9s, sont m\u00e9lang\u00e9s et laiss\u00e9s \u00e0 reposer pendant une tr\u00e8s longue p\u00e9riode. Cette phase de production permet au Condiment Balsamique de pr\u00e9senter des caract\u00e9ristiques organoleptiques uniques, d\u00e8s la premi\u00e8re d\u00e9gustation.<br \/>\nCe que propose le \u00ab L\u00e9gendaire 26 \u00bb est une symphonie de saveurs \u00e0 savourer, enferm\u00e9e dans l&rsquo;ancien Encrier de 100 ml.<\/p>\n<p><em><strong>En cuisine<\/strong><\/em> : Ce Condiment Balsamique se pr\u00e9sente comme un choix d\u00e9licieux pour valoriser la saveur des fromages \u00e0 maturation moyenne, des flans et des fraises.<\/p>\n","protected":false},"excerpt":{"rendered":"<p>\u00ab Leggendario 26 \u00bb est une symphonie de saveurs \u00e0 d\u00e9guster, renferm\u00e9e dans l&rsquo;ancien Calamaire de 100 ml.<\/p>\n","protected":false},"featured_media":1076,"template":"","meta":[],"product_brand":[],"product_cat":[492],"product_tag":[],"class_list":{"0":"post-11616","1":"product","2":"type-product","3":"status-publish","4":"has-post-thumbnail","6":"product_cat-condiments-balsamiques-fr","8":"first","9":"instock","10":"featured","11":"shipping-taxable","12":"purchasable","13":"product-type-simple"},"yoast_head":"<!-- This site is optimized with the Yoast SEO plugin v27.4 - https:\/\/yoast.com\/product\/yoast-seo-wordpress\/ -->\n<title>Condiment Balsamique &quot;L\u00e9gendaire 26&quot; | Acetaia Marchi<\/title>\n<meta name=\"description\" content=\"Produzione e vendita condimenti balsamici a base di Mosto Cotto delle uve autoctone coltivate nei terreni della famiglia e Aceto di Vino di qualit\u00e0.\" \/>\n<meta name=\"robots\" content=\"index, follow, max-snippet:-1, max-image-preview:large, max-video-preview:-1\" \/>\n<link rel=\"canonical\" href=\"https:\/\/www.acetaiamarchi.com\/fr\/produit\/condiment-balsamique-legendaire-26\/\" \/>\n<meta property=\"og:locale\" content=\"fr_FR\" \/>\n<meta property=\"og:type\" content=\"article\" \/>\n<meta property=\"og:title\" content=\"Condiment Balsamique &quot;L\u00e9gendaire 26&quot; | Acetaia Marchi\" \/>\n<meta property=\"og:description\" content=\"Produzione e vendita condimenti balsamici a base di Mosto Cotto delle uve autoctone coltivate nei terreni della famiglia e Aceto di Vino di qualit\u00e0.\" \/>\n<meta property=\"og:url\" content=\"https:\/\/www.acetaiamarchi.com\/fr\/produit\/condiment-balsamique-legendaire-26\/\" \/>\n<meta property=\"og:site_name\" content=\"Acetaia Marchi\" \/>\n<meta property=\"article:modified_time\" content=\"2025-11-20T08:29:52+00:00\" \/>\n<meta property=\"og:image\" content=\"https:\/\/www.acetaiamarchi.com\/wp-content\/uploads\/2025\/03\/Condimento-Balsamico-Leggendario-26-100ml-scatola.jpg\" \/>\n\t<meta property=\"og:image:width\" content=\"1600\" \/>\n\t<meta property=\"og:image:height\" content=\"1600\" \/>\n\t<meta property=\"og:image:type\" content=\"image\/jpeg\" \/>\n<meta name=\"twitter:card\" content=\"summary_large_image\" \/>\n<meta name=\"twitter:label1\" content=\"Dur\u00e9e de lecture estim\u00e9e\" \/>\n\t<meta name=\"twitter:data1\" content=\"1 minute\" \/>\n<script type=\"application\/ld+json\" class=\"yoast-schema-graph\">{\"@context\":\"https:\\\/\\\/schema.org\",\"@graph\":[{\"@type\":\"WebPage\",\"@id\":\"https:\\\/\\\/www.acetaiamarchi.com\\\/fr\\\/produit\\\/condiment-balsamique-legendaire-26\\\/\",\"url\":\"https:\\\/\\\/www.acetaiamarchi.com\\\/fr\\\/produit\\\/condiment-balsamique-legendaire-26\\\/\",\"name\":\"Condiment Balsamique \\\"L\u00e9gendaire 26\\\" | Acetaia Marchi\",\"isPartOf\":{\"@id\":\"https:\\\/\\\/www.acetaiamarchi.com\\\/fr\\\/#website\"},\"primaryImageOfPage\":{\"@id\":\"https:\\\/\\\/www.acetaiamarchi.com\\\/fr\\\/produit\\\/condiment-balsamique-legendaire-26\\\/#primaryimage\"},\"image\":{\"@id\":\"https:\\\/\\\/www.acetaiamarchi.com\\\/fr\\\/produit\\\/condiment-balsamique-legendaire-26\\\/#primaryimage\"},\"thumbnailUrl\":\"https:\\\/\\\/www.acetaiamarchi.com\\\/wp-content\\\/uploads\\\/2025\\\/03\\\/Condimento-Balsamico-Leggendario-26-100ml-scatola.jpg\",\"datePublished\":\"2025-03-25T13:49:12+00:00\",\"dateModified\":\"2025-11-20T08:29:52+00:00\",\"description\":\"Produzione e vendita condimenti balsamici a base di Mosto Cotto delle uve autoctone coltivate nei terreni della famiglia e Aceto di Vino di qualit\u00e0.\",\"breadcrumb\":{\"@id\":\"https:\\\/\\\/www.acetaiamarchi.com\\\/fr\\\/produit\\\/condiment-balsamique-legendaire-26\\\/#breadcrumb\"},\"inLanguage\":\"fr-FR\",\"potentialAction\":[{\"@type\":\"ReadAction\",\"target\":[\"https:\\\/\\\/www.acetaiamarchi.com\\\/fr\\\/produit\\\/condiment-balsamique-legendaire-26\\\/\"]}]},{\"@type\":\"ImageObject\",\"inLanguage\":\"fr-FR\",\"@id\":\"https:\\\/\\\/www.acetaiamarchi.com\\\/fr\\\/produit\\\/condiment-balsamique-legendaire-26\\\/#primaryimage\",\"url\":\"https:\\\/\\\/www.acetaiamarchi.com\\\/wp-content\\\/uploads\\\/2025\\\/03\\\/Condimento-Balsamico-Leggendario-26-100ml-scatola.jpg\",\"contentUrl\":\"https:\\\/\\\/www.acetaiamarchi.com\\\/wp-content\\\/uploads\\\/2025\\\/03\\\/Condimento-Balsamico-Leggendario-26-100ml-scatola.jpg\",\"width\":1600,\"height\":1600,\"caption\":\"Condimento Balsamico \u201cLeggendario 26\u201d\"},{\"@type\":\"BreadcrumbList\",\"@id\":\"https:\\\/\\\/www.acetaiamarchi.com\\\/fr\\\/produit\\\/condiment-balsamique-legendaire-26\\\/#breadcrumb\",\"itemListElement\":[{\"@type\":\"ListItem\",\"position\":1,\"name\":\"Home\",\"item\":\"https:\\\/\\\/www.acetaiamarchi.com\\\/fr\\\/\"},{\"@type\":\"ListItem\",\"position\":2,\"name\":\"Produits\",\"item\":\"https:\\\/\\\/www.acetaiamarchi.com\\\/fr\\\/shop\\\/\"},{\"@type\":\"ListItem\",\"position\":3,\"name\":\"Condiment Balsamique &#8220;L\u00e9gendaire 26&#8221;\"}]},{\"@type\":\"WebSite\",\"@id\":\"https:\\\/\\\/www.acetaiamarchi.com\\\/fr\\\/#website\",\"url\":\"https:\\\/\\\/www.acetaiamarchi.com\\\/fr\\\/\",\"name\":\"Acetaia Marchi Srl\",\"description\":\"\",\"publisher\":{\"@id\":\"https:\\\/\\\/www.acetaiamarchi.com\\\/fr\\\/#organization\"},\"potentialAction\":[{\"@type\":\"SearchAction\",\"target\":{\"@type\":\"EntryPoint\",\"urlTemplate\":\"https:\\\/\\\/www.acetaiamarchi.com\\\/fr\\\/?s={search_term_string}\"},\"query-input\":{\"@type\":\"PropertyValueSpecification\",\"valueRequired\":true,\"valueName\":\"search_term_string\"}}],\"inLanguage\":\"fr-FR\"},{\"@type\":\"Organization\",\"@id\":\"https:\\\/\\\/www.acetaiamarchi.com\\\/fr\\\/#organization\",\"name\":\"Acetaia Marchi Srl\",\"url\":\"https:\\\/\\\/www.acetaiamarchi.com\\\/fr\\\/\",\"logo\":{\"@type\":\"ImageObject\",\"inLanguage\":\"fr-FR\",\"@id\":\"https:\\\/\\\/www.acetaiamarchi.com\\\/fr\\\/#\\\/schema\\\/logo\\\/image\\\/\",\"url\":\"https:\\\/\\\/acetaiamarchi.com\\\/wp-content\\\/uploads\\\/2025\\\/03\\\/Acetaia-Marchi-Srl-Logo.png\",\"contentUrl\":\"https:\\\/\\\/acetaiamarchi.com\\\/wp-content\\\/uploads\\\/2025\\\/03\\\/Acetaia-Marchi-Srl-Logo.png\",\"width\":2000,\"height\":2000,\"caption\":\"Acetaia Marchi Srl\"},\"image\":{\"@id\":\"https:\\\/\\\/www.acetaiamarchi.com\\\/fr\\\/#\\\/schema\\\/logo\\\/image\\\/\"}}]}<\/script>\n<!-- \/ Yoast SEO plugin. -->","yoast_head_json":{"title":"Condiment Balsamique \"L\u00e9gendaire 26\" | Acetaia Marchi","description":"Produzione e vendita condimenti balsamici a base di Mosto Cotto delle uve autoctone coltivate nei terreni della famiglia e Aceto di Vino di qualit\u00e0.","robots":{"index":"index","follow":"follow","max-snippet":"max-snippet:-1","max-image-preview":"max-image-preview:large","max-video-preview":"max-video-preview:-1"},"canonical":"https:\/\/www.acetaiamarchi.com\/fr\/produit\/condiment-balsamique-legendaire-26\/","og_locale":"fr_FR","og_type":"article","og_title":"Condiment Balsamique \"L\u00e9gendaire 26\" | Acetaia Marchi","og_description":"Produzione e vendita condimenti balsamici a base di Mosto Cotto delle uve autoctone coltivate nei terreni della famiglia e Aceto di Vino di qualit\u00e0.","og_url":"https:\/\/www.acetaiamarchi.com\/fr\/produit\/condiment-balsamique-legendaire-26\/","og_site_name":"Acetaia Marchi","article_modified_time":"2025-11-20T08:29:52+00:00","og_image":[{"width":1600,"height":1600,"url":"https:\/\/www.acetaiamarchi.com\/wp-content\/uploads\/2025\/03\/Condimento-Balsamico-Leggendario-26-100ml-scatola.jpg","type":"image\/jpeg"}],"twitter_card":"summary_large_image","twitter_misc":{"Dur\u00e9e de lecture estim\u00e9e":"1 minute"},"schema":{"@context":"https:\/\/schema.org","@graph":[{"@type":"WebPage","@id":"https:\/\/www.acetaiamarchi.com\/fr\/produit\/condiment-balsamique-legendaire-26\/","url":"https:\/\/www.acetaiamarchi.com\/fr\/produit\/condiment-balsamique-legendaire-26\/","name":"Condiment Balsamique \"L\u00e9gendaire 26\" | Acetaia Marchi","isPartOf":{"@id":"https:\/\/www.acetaiamarchi.com\/fr\/#website"},"primaryImageOfPage":{"@id":"https:\/\/www.acetaiamarchi.com\/fr\/produit\/condiment-balsamique-legendaire-26\/#primaryimage"},"image":{"@id":"https:\/\/www.acetaiamarchi.com\/fr\/produit\/condiment-balsamique-legendaire-26\/#primaryimage"},"thumbnailUrl":"https:\/\/www.acetaiamarchi.com\/wp-content\/uploads\/2025\/03\/Condimento-Balsamico-Leggendario-26-100ml-scatola.jpg","datePublished":"2025-03-25T13:49:12+00:00","dateModified":"2025-11-20T08:29:52+00:00","description":"Produzione e vendita condimenti balsamici a base di Mosto Cotto delle uve autoctone coltivate nei terreni della famiglia e Aceto di Vino di qualit\u00e0.","breadcrumb":{"@id":"https:\/\/www.acetaiamarchi.com\/fr\/produit\/condiment-balsamique-legendaire-26\/#breadcrumb"},"inLanguage":"fr-FR","potentialAction":[{"@type":"ReadAction","target":["https:\/\/www.acetaiamarchi.com\/fr\/produit\/condiment-balsamique-legendaire-26\/"]}]},{"@type":"ImageObject","inLanguage":"fr-FR","@id":"https:\/\/www.acetaiamarchi.com\/fr\/produit\/condiment-balsamique-legendaire-26\/#primaryimage","url":"https:\/\/www.acetaiamarchi.com\/wp-content\/uploads\/2025\/03\/Condimento-Balsamico-Leggendario-26-100ml-scatola.jpg","contentUrl":"https:\/\/www.acetaiamarchi.com\/wp-content\/uploads\/2025\/03\/Condimento-Balsamico-Leggendario-26-100ml-scatola.jpg","width":1600,"height":1600,"caption":"Condimento Balsamico \u201cLeggendario 26\u201d"},{"@type":"BreadcrumbList","@id":"https:\/\/www.acetaiamarchi.com\/fr\/produit\/condiment-balsamique-legendaire-26\/#breadcrumb","itemListElement":[{"@type":"ListItem","position":1,"name":"Home","item":"https:\/\/www.acetaiamarchi.com\/fr\/"},{"@type":"ListItem","position":2,"name":"Produits","item":"https:\/\/www.acetaiamarchi.com\/fr\/shop\/"},{"@type":"ListItem","position":3,"name":"Condiment Balsamique &#8220;L\u00e9gendaire 26&#8221;"}]},{"@type":"WebSite","@id":"https:\/\/www.acetaiamarchi.com\/fr\/#website","url":"https:\/\/www.acetaiamarchi.com\/fr\/","name":"Acetaia Marchi Srl","description":"","publisher":{"@id":"https:\/\/www.acetaiamarchi.com\/fr\/#organization"},"potentialAction":[{"@type":"SearchAction","target":{"@type":"EntryPoint","urlTemplate":"https:\/\/www.acetaiamarchi.com\/fr\/?s={search_term_string}"},"query-input":{"@type":"PropertyValueSpecification","valueRequired":true,"valueName":"search_term_string"}}],"inLanguage":"fr-FR"},{"@type":"Organization","@id":"https:\/\/www.acetaiamarchi.com\/fr\/#organization","name":"Acetaia Marchi Srl","url":"https:\/\/www.acetaiamarchi.com\/fr\/","logo":{"@type":"ImageObject","inLanguage":"fr-FR","@id":"https:\/\/www.acetaiamarchi.com\/fr\/#\/schema\/logo\/image\/","url":"https:\/\/acetaiamarchi.com\/wp-content\/uploads\/2025\/03\/Acetaia-Marchi-Srl-Logo.png","contentUrl":"https:\/\/acetaiamarchi.com\/wp-content\/uploads\/2025\/03\/Acetaia-Marchi-Srl-Logo.png","width":2000,"height":2000,"caption":"Acetaia Marchi Srl"},"image":{"@id":"https:\/\/www.acetaiamarchi.com\/fr\/#\/schema\/logo\/image\/"}}]}},"_links":{"self":[{"href":"https:\/\/www.acetaiamarchi.com\/fr\/wp-json\/wp\/v2\/product\/11616","targetHints":{"allow":["GET"]}}],"collection":[{"href":"https:\/\/www.acetaiamarchi.com\/fr\/wp-json\/wp\/v2\/product"}],"about":[{"href":"https:\/\/www.acetaiamarchi.com\/fr\/wp-json\/wp\/v2\/types\/product"}],"version-history":[{"count":2,"href":"https:\/\/www.acetaiamarchi.com\/fr\/wp-json\/wp\/v2\/product\/11616\/revisions"}],"predecessor-version":[{"id":11665,"href":"https:\/\/www.acetaiamarchi.com\/fr\/wp-json\/wp\/v2\/product\/11616\/revisions\/11665"}],"wp:featuredmedia":[{"embeddable":true,"href":"https:\/\/www.acetaiamarchi.com\/fr\/wp-json\/wp\/v2\/media\/1076"}],"wp:attachment":[{"href":"https:\/\/www.acetaiamarchi.com\/fr\/wp-json\/wp\/v2\/media?parent=11616"}],"wp:term":[{"taxonomy":"product_brand","embeddable":true,"href":"https:\/\/www.acetaiamarchi.com\/fr\/wp-json\/wp\/v2\/product_brand?post=11616"},{"taxonomy":"product_cat","embeddable":true,"href":"https:\/\/www.acetaiamarchi.com\/fr\/wp-json\/wp\/v2\/product_cat?post=11616"},{"taxonomy":"product_tag","embeddable":true,"href":"https:\/\/www.acetaiamarchi.com\/fr\/wp-json\/wp\/v2\/product_tag?post=11616"}],"curies":[{"name":"wp","href":"https:\/\/api.w.org\/{rel}","templated":true}]}}