{"id":11607,"date":"2025-03-25T15:15:24","date_gmt":"2025-03-25T14:15:24","guid":{"rendered":"https:\/\/www.acetaiamarchi.com\/prodotto\/condimento-balsamico-il-pregiato-18-3\/"},"modified":"2025-11-20T09:16:53","modified_gmt":"2025-11-20T08:16:53","slug":"condiment-balsamique-il-pregiato-18","status":"publish","type":"product","link":"https:\/\/www.acetaiamarchi.com\/fr\/produit\/condiment-balsamique-il-pregiato-18\/","title":{"rendered":"Condiment Balsamique \u00ab Il Pregiato 18 \u00bb"},"content":{"rendered":"<p>Le Condiment Balsamique \u00ab Il Pregiato 18 \u00bb se pr\u00e9sente avec sa couleur noire brillante et sa consistance nettement sirupeuse. Il est produit gr\u00e2ce \u00e0 la transformation des meilleurs raisins <strong>autochtones cultiv\u00e9s sur les terres de la famille<\/strong> et passe une grande partie de sa vie dans des f\u00fbts de ch\u00eane et des petits f\u00fbts d\u2019acacia. Ces f\u00fbts aident le produit \u00e0 lib\u00e9rer lentement ses caract\u00e9ristiques organoleptiques inconfondables.<br \/>\nCe Condiment Balsamique s\u00e9duit par son go\u00fbt rond et plein, intense et enveloppant. Cette saveur structurellement complexe, renforc\u00e9e par des notes fruit\u00e9es et fra\u00eeches, se combine parfaitement avec le parfum prononc\u00e9 et enivrant typique de ce produit.<\/p>\n<p>Le Condiment Balsamique \u00ab Il Pregiato 18 \u00bb est propos\u00e9 dans l\u2019\u00e9l\u00e9gante bouteille Quadrotta de 100 ml.<\/p>\n<p><em><strong>En cuisine<\/strong><\/em> : Ce Condiment Balsamique est particuli\u00e8rement recommand\u00e9 pour la pr\u00e9paration d\u2019omelettes et de tranches de viande. Il est \u00e9galement parfait avec le chocolat noir.<\/p>\n","protected":false},"excerpt":{"rendered":"<div class=\"woocommerce-product-details__short-description\">\n<p>Disponible dans l&rsquo;\u00e9l\u00e9gante bouteille Quadrotta de 100 ml.<\/p>\n<\/div>\n","protected":false},"featured_media":14156,"template":"","meta":[],"product_brand":[],"product_cat":[492],"product_tag":[],"class_list":{"0":"post-11607","1":"product","2":"type-product","3":"status-publish","4":"has-post-thumbnail","6":"product_cat-condiments-balsamiques-fr","8":"first","9":"instock","10":"featured","11":"shipping-taxable","12":"purchasable","13":"product-type-simple"},"yoast_head":"<!-- This site is optimized with the Yoast SEO plugin v27.4 - https:\/\/yoast.com\/product\/yoast-seo-wordpress\/ -->\n<title>Condiment Balsamique \u00ab Il Pregiato 18 \u00bb | Acetaia Marchi<\/title>\n<meta name=\"description\" content=\"Produzione Condimento Balsamico consigliato per la preparazione di frittate e tagliate di carne. \u00c8 perfetto anche con il cioccolato fondente.\" \/>\n<meta name=\"robots\" content=\"index, follow, max-snippet:-1, max-image-preview:large, max-video-preview:-1\" \/>\n<link rel=\"canonical\" href=\"https:\/\/www.acetaiamarchi.com\/fr\/produit\/condiment-balsamique-il-pregiato-18\/\" \/>\n<meta property=\"og:locale\" content=\"fr_FR\" \/>\n<meta property=\"og:type\" content=\"article\" \/>\n<meta property=\"og:title\" content=\"Condiment Balsamique \u00ab Il Pregiato 18 \u00bb | Acetaia Marchi\" \/>\n<meta property=\"og:description\" content=\"Produzione Condimento Balsamico consigliato per la preparazione di frittate e tagliate di carne. \u00c8 perfetto anche con il cioccolato fondente.\" \/>\n<meta property=\"og:url\" content=\"https:\/\/www.acetaiamarchi.com\/fr\/produit\/condiment-balsamique-il-pregiato-18\/\" \/>\n<meta property=\"og:site_name\" content=\"Acetaia Marchi\" \/>\n<meta property=\"article:modified_time\" content=\"2025-11-20T08:16:53+00:00\" \/>\n<meta property=\"og:image\" content=\"https:\/\/www.acetaiamarchi.com\/wp-content\/uploads\/2025\/03\/Condimento-Balsamico-Il-Pregiato-18-100ml.jpg\" \/>\n\t<meta property=\"og:image:width\" content=\"1600\" \/>\n\t<meta property=\"og:image:height\" content=\"1600\" \/>\n\t<meta property=\"og:image:type\" content=\"image\/jpeg\" \/>\n<meta name=\"twitter:card\" content=\"summary_large_image\" \/>\n<meta name=\"twitter:label1\" content=\"Dur\u00e9e de lecture estim\u00e9e\" \/>\n\t<meta name=\"twitter:data1\" content=\"1 minute\" \/>\n<script type=\"application\/ld+json\" class=\"yoast-schema-graph\">{\"@context\":\"https:\\\/\\\/schema.org\",\"@graph\":[{\"@type\":\"WebPage\",\"@id\":\"https:\\\/\\\/www.acetaiamarchi.com\\\/fr\\\/produit\\\/condiment-balsamique-il-pregiato-18\\\/\",\"url\":\"https:\\\/\\\/www.acetaiamarchi.com\\\/fr\\\/produit\\\/condiment-balsamique-il-pregiato-18\\\/\",\"name\":\"Condiment Balsamique \u00ab Il Pregiato 18 \u00bb | Acetaia Marchi\",\"isPartOf\":{\"@id\":\"https:\\\/\\\/www.acetaiamarchi.com\\\/fr\\\/#website\"},\"primaryImageOfPage\":{\"@id\":\"https:\\\/\\\/www.acetaiamarchi.com\\\/fr\\\/produit\\\/condiment-balsamique-il-pregiato-18\\\/#primaryimage\"},\"image\":{\"@id\":\"https:\\\/\\\/www.acetaiamarchi.com\\\/fr\\\/produit\\\/condiment-balsamique-il-pregiato-18\\\/#primaryimage\"},\"thumbnailUrl\":\"https:\\\/\\\/www.acetaiamarchi.com\\\/wp-content\\\/uploads\\\/2025\\\/03\\\/SCATOLA-e-ACETO.jpg\",\"datePublished\":\"2025-03-25T14:15:24+00:00\",\"dateModified\":\"2025-11-20T08:16:53+00:00\",\"description\":\"Produzione Condimento Balsamico consigliato per la preparazione di frittate e tagliate di carne. \u00c8 perfetto anche con il cioccolato fondente.\",\"breadcrumb\":{\"@id\":\"https:\\\/\\\/www.acetaiamarchi.com\\\/fr\\\/produit\\\/condiment-balsamique-il-pregiato-18\\\/#breadcrumb\"},\"inLanguage\":\"fr-FR\",\"potentialAction\":[{\"@type\":\"ReadAction\",\"target\":[\"https:\\\/\\\/www.acetaiamarchi.com\\\/fr\\\/produit\\\/condiment-balsamique-il-pregiato-18\\\/\"]}]},{\"@type\":\"ImageObject\",\"inLanguage\":\"fr-FR\",\"@id\":\"https:\\\/\\\/www.acetaiamarchi.com\\\/fr\\\/produit\\\/condiment-balsamique-il-pregiato-18\\\/#primaryimage\",\"url\":\"https:\\\/\\\/www.acetaiamarchi.com\\\/wp-content\\\/uploads\\\/2025\\\/03\\\/SCATOLA-e-ACETO.jpg\",\"contentUrl\":\"https:\\\/\\\/www.acetaiamarchi.com\\\/wp-content\\\/uploads\\\/2025\\\/03\\\/SCATOLA-e-ACETO.jpg\",\"width\":2000,\"height\":2000,\"caption\":\"Il Pregiato 18\"},{\"@type\":\"BreadcrumbList\",\"@id\":\"https:\\\/\\\/www.acetaiamarchi.com\\\/fr\\\/produit\\\/condiment-balsamique-il-pregiato-18\\\/#breadcrumb\",\"itemListElement\":[{\"@type\":\"ListItem\",\"position\":1,\"name\":\"Home\",\"item\":\"https:\\\/\\\/www.acetaiamarchi.com\\\/fr\\\/\"},{\"@type\":\"ListItem\",\"position\":2,\"name\":\"Produits\",\"item\":\"https:\\\/\\\/www.acetaiamarchi.com\\\/fr\\\/shop\\\/\"},{\"@type\":\"ListItem\",\"position\":3,\"name\":\"Condiment Balsamique \u00ab Il Pregiato 18 \u00bb\"}]},{\"@type\":\"WebSite\",\"@id\":\"https:\\\/\\\/www.acetaiamarchi.com\\\/fr\\\/#website\",\"url\":\"https:\\\/\\\/www.acetaiamarchi.com\\\/fr\\\/\",\"name\":\"Acetaia Marchi Srl\",\"description\":\"\",\"publisher\":{\"@id\":\"https:\\\/\\\/www.acetaiamarchi.com\\\/fr\\\/#organization\"},\"potentialAction\":[{\"@type\":\"SearchAction\",\"target\":{\"@type\":\"EntryPoint\",\"urlTemplate\":\"https:\\\/\\\/www.acetaiamarchi.com\\\/fr\\\/?s={search_term_string}\"},\"query-input\":{\"@type\":\"PropertyValueSpecification\",\"valueRequired\":true,\"valueName\":\"search_term_string\"}}],\"inLanguage\":\"fr-FR\"},{\"@type\":\"Organization\",\"@id\":\"https:\\\/\\\/www.acetaiamarchi.com\\\/fr\\\/#organization\",\"name\":\"Acetaia Marchi Srl\",\"url\":\"https:\\\/\\\/www.acetaiamarchi.com\\\/fr\\\/\",\"logo\":{\"@type\":\"ImageObject\",\"inLanguage\":\"fr-FR\",\"@id\":\"https:\\\/\\\/www.acetaiamarchi.com\\\/fr\\\/#\\\/schema\\\/logo\\\/image\\\/\",\"url\":\"https:\\\/\\\/acetaiamarchi.com\\\/wp-content\\\/uploads\\\/2025\\\/03\\\/Acetaia-Marchi-Srl-Logo.png\",\"contentUrl\":\"https:\\\/\\\/acetaiamarchi.com\\\/wp-content\\\/uploads\\\/2025\\\/03\\\/Acetaia-Marchi-Srl-Logo.png\",\"width\":2000,\"height\":2000,\"caption\":\"Acetaia Marchi Srl\"},\"image\":{\"@id\":\"https:\\\/\\\/www.acetaiamarchi.com\\\/fr\\\/#\\\/schema\\\/logo\\\/image\\\/\"}}]}<\/script>\n<!-- \/ Yoast SEO plugin. -->","yoast_head_json":{"title":"Condiment Balsamique \u00ab Il Pregiato 18 \u00bb | Acetaia Marchi","description":"Produzione Condimento Balsamico consigliato per la preparazione di frittate e tagliate di carne. \u00c8 perfetto anche con il cioccolato fondente.","robots":{"index":"index","follow":"follow","max-snippet":"max-snippet:-1","max-image-preview":"max-image-preview:large","max-video-preview":"max-video-preview:-1"},"canonical":"https:\/\/www.acetaiamarchi.com\/fr\/produit\/condiment-balsamique-il-pregiato-18\/","og_locale":"fr_FR","og_type":"article","og_title":"Condiment Balsamique \u00ab Il Pregiato 18 \u00bb | Acetaia Marchi","og_description":"Produzione Condimento Balsamico consigliato per la preparazione di frittate e tagliate di carne. \u00c8 perfetto anche con il cioccolato fondente.","og_url":"https:\/\/www.acetaiamarchi.com\/fr\/produit\/condiment-balsamique-il-pregiato-18\/","og_site_name":"Acetaia Marchi","article_modified_time":"2025-11-20T08:16:53+00:00","og_image":[{"width":1600,"height":1600,"url":"https:\/\/www.acetaiamarchi.com\/wp-content\/uploads\/2025\/03\/Condimento-Balsamico-Il-Pregiato-18-100ml.jpg","type":"image\/jpeg"}],"twitter_card":"summary_large_image","twitter_misc":{"Dur\u00e9e de lecture estim\u00e9e":"1 minute"},"schema":{"@context":"https:\/\/schema.org","@graph":[{"@type":"WebPage","@id":"https:\/\/www.acetaiamarchi.com\/fr\/produit\/condiment-balsamique-il-pregiato-18\/","url":"https:\/\/www.acetaiamarchi.com\/fr\/produit\/condiment-balsamique-il-pregiato-18\/","name":"Condiment Balsamique \u00ab Il Pregiato 18 \u00bb | Acetaia Marchi","isPartOf":{"@id":"https:\/\/www.acetaiamarchi.com\/fr\/#website"},"primaryImageOfPage":{"@id":"https:\/\/www.acetaiamarchi.com\/fr\/produit\/condiment-balsamique-il-pregiato-18\/#primaryimage"},"image":{"@id":"https:\/\/www.acetaiamarchi.com\/fr\/produit\/condiment-balsamique-il-pregiato-18\/#primaryimage"},"thumbnailUrl":"https:\/\/www.acetaiamarchi.com\/wp-content\/uploads\/2025\/03\/SCATOLA-e-ACETO.jpg","datePublished":"2025-03-25T14:15:24+00:00","dateModified":"2025-11-20T08:16:53+00:00","description":"Produzione Condimento Balsamico consigliato per la preparazione di frittate e tagliate di carne. \u00c8 perfetto anche con il cioccolato fondente.","breadcrumb":{"@id":"https:\/\/www.acetaiamarchi.com\/fr\/produit\/condiment-balsamique-il-pregiato-18\/#breadcrumb"},"inLanguage":"fr-FR","potentialAction":[{"@type":"ReadAction","target":["https:\/\/www.acetaiamarchi.com\/fr\/produit\/condiment-balsamique-il-pregiato-18\/"]}]},{"@type":"ImageObject","inLanguage":"fr-FR","@id":"https:\/\/www.acetaiamarchi.com\/fr\/produit\/condiment-balsamique-il-pregiato-18\/#primaryimage","url":"https:\/\/www.acetaiamarchi.com\/wp-content\/uploads\/2025\/03\/SCATOLA-e-ACETO.jpg","contentUrl":"https:\/\/www.acetaiamarchi.com\/wp-content\/uploads\/2025\/03\/SCATOLA-e-ACETO.jpg","width":2000,"height":2000,"caption":"Il Pregiato 18"},{"@type":"BreadcrumbList","@id":"https:\/\/www.acetaiamarchi.com\/fr\/produit\/condiment-balsamique-il-pregiato-18\/#breadcrumb","itemListElement":[{"@type":"ListItem","position":1,"name":"Home","item":"https:\/\/www.acetaiamarchi.com\/fr\/"},{"@type":"ListItem","position":2,"name":"Produits","item":"https:\/\/www.acetaiamarchi.com\/fr\/shop\/"},{"@type":"ListItem","position":3,"name":"Condiment Balsamique \u00ab Il Pregiato 18 \u00bb"}]},{"@type":"WebSite","@id":"https:\/\/www.acetaiamarchi.com\/fr\/#website","url":"https:\/\/www.acetaiamarchi.com\/fr\/","name":"Acetaia Marchi Srl","description":"","publisher":{"@id":"https:\/\/www.acetaiamarchi.com\/fr\/#organization"},"potentialAction":[{"@type":"SearchAction","target":{"@type":"EntryPoint","urlTemplate":"https:\/\/www.acetaiamarchi.com\/fr\/?s={search_term_string}"},"query-input":{"@type":"PropertyValueSpecification","valueRequired":true,"valueName":"search_term_string"}}],"inLanguage":"fr-FR"},{"@type":"Organization","@id":"https:\/\/www.acetaiamarchi.com\/fr\/#organization","name":"Acetaia Marchi Srl","url":"https:\/\/www.acetaiamarchi.com\/fr\/","logo":{"@type":"ImageObject","inLanguage":"fr-FR","@id":"https:\/\/www.acetaiamarchi.com\/fr\/#\/schema\/logo\/image\/","url":"https:\/\/acetaiamarchi.com\/wp-content\/uploads\/2025\/03\/Acetaia-Marchi-Srl-Logo.png","contentUrl":"https:\/\/acetaiamarchi.com\/wp-content\/uploads\/2025\/03\/Acetaia-Marchi-Srl-Logo.png","width":2000,"height":2000,"caption":"Acetaia Marchi Srl"},"image":{"@id":"https:\/\/www.acetaiamarchi.com\/fr\/#\/schema\/logo\/image\/"}}]}},"_links":{"self":[{"href":"https:\/\/www.acetaiamarchi.com\/fr\/wp-json\/wp\/v2\/product\/11607","targetHints":{"allow":["GET"]}}],"collection":[{"href":"https:\/\/www.acetaiamarchi.com\/fr\/wp-json\/wp\/v2\/product"}],"about":[{"href":"https:\/\/www.acetaiamarchi.com\/fr\/wp-json\/wp\/v2\/types\/product"}],"version-history":[{"count":2,"href":"https:\/\/www.acetaiamarchi.com\/fr\/wp-json\/wp\/v2\/product\/11607\/revisions"}],"predecessor-version":[{"id":11660,"href":"https:\/\/www.acetaiamarchi.com\/fr\/wp-json\/wp\/v2\/product\/11607\/revisions\/11660"}],"wp:featuredmedia":[{"embeddable":true,"href":"https:\/\/www.acetaiamarchi.com\/fr\/wp-json\/wp\/v2\/media\/14156"}],"wp:attachment":[{"href":"https:\/\/www.acetaiamarchi.com\/fr\/wp-json\/wp\/v2\/media?parent=11607"}],"wp:term":[{"taxonomy":"product_brand","embeddable":true,"href":"https:\/\/www.acetaiamarchi.com\/fr\/wp-json\/wp\/v2\/product_brand?post=11607"},{"taxonomy":"product_cat","embeddable":true,"href":"https:\/\/www.acetaiamarchi.com\/fr\/wp-json\/wp\/v2\/product_cat?post=11607"},{"taxonomy":"product_tag","embeddable":true,"href":"https:\/\/www.acetaiamarchi.com\/fr\/wp-json\/wp\/v2\/product_tag?post=11607"}],"curies":[{"name":"wp","href":"https:\/\/api.w.org\/{rel}","templated":true}]}}