{"id":11595,"date":"2025-03-25T16:04:10","date_gmt":"2025-03-25T15:04:10","guid":{"rendered":"https:\/\/www.acetaiamarchi.com\/prodotto\/condimento-balsamico-la-riserva-11-3\/"},"modified":"2025-11-20T09:09:19","modified_gmt":"2025-11-20T08:09:19","slug":"condiment-balsamique-la-reserve-11","status":"publish","type":"product","link":"https:\/\/www.acetaiamarchi.com\/fr\/produit\/condiment-balsamique-la-reserve-11\/","title":{"rendered":"Condiment Balsamique \u00ab La r\u00e9serve 11 \u00bb"},"content":{"rendered":"<p>Le Condiment Balsamique \u00ab La Riserva 11 \u00bb est un produit unique en son genre, issu de la s\u00e9lection parfaite et du m\u00e9lange de Mo\u00fbt Cuit des raisins autochtones cultiv\u00e9s sur les terres familiales et de Vinaigre de Vin. Dans notre Acetaia \u00e0 Mod\u00e8ne, nous unissons habilement ces pr\u00e9cieux ingr\u00e9dients et les laissons m\u00fbrir dans de petits f\u00fbts en diff\u00e9rents bois nobles.<\/p>\n<p>Nos m\u00e9thodes de production nous permettent de r\u00e9aliser des Condiments Balsamiques d&rsquo;une couleur noire brillante et d&rsquo;un go\u00fbt \u00e9quilibr\u00e9, plein, d\u00e9cid\u00e9 et enveloppant. Avec son parfum \u00e9l\u00e9gant et harmonieux, le Condiment Balsamique \u00ab La Riserva 11 \u00bb est propos\u00e9 dans l&rsquo;\u00e9l\u00e9gante bouteille Esmeralda de 100 ml.<\/p>\n<p><strong><em>En cuisine<\/em><\/strong> : Ce Condiment Balsamique est parfait pour rehausser la saveur des viandes bouillies et des omelettes, ainsi que pour la pr\u00e9paration de d\u00e9licieuses cr\u00e8mes au Parmesan.<\/p>\n","protected":false},"excerpt":{"rendered":"<p>N\u00e9s de la parfaite s\u00e9lection et de la fusion de Mo\u00fbt Cuit et de Vinaigre de Vin issus des meilleurs raisins du terroir, ces pr\u00e9cieux Condiments Balsamiques m\u00fbrissent dans de petits f\u00fbts en diff\u00e9rents bois nobles, dont ils absorbent leur note caract\u00e9ristique \u00e9quilibr\u00e9e, pleine, affirm\u00e9e et enveloppante, avec une couleur noire, limpide et brillante et un parfum \u00e9l\u00e9gant et harmonieux.<\/p>\n","protected":false},"featured_media":1117,"template":"","meta":[],"product_brand":[],"product_cat":[492],"product_tag":[],"class_list":{"0":"post-11595","1":"product","2":"type-product","3":"status-publish","4":"has-post-thumbnail","6":"product_cat-condiments-balsamiques-fr","8":"first","9":"instock","10":"featured","11":"shipping-taxable","12":"purchasable","13":"product-type-simple"},"yoast_head":"<!-- This site is optimized with the Yoast SEO plugin v27.4 - https:\/\/yoast.com\/product\/yoast-seo-wordpress\/ -->\n<title>Condiment Balsamique \u00ab La r\u00e9serve 11 \u00bb | Acetaia Marchi<\/title>\n<meta name=\"description\" content=\"Produzione e vendita di condimenti balsamici a base di mosto cotto e aceto di vino provenienti dalle migliori uve del territorio.\" \/>\n<meta name=\"robots\" content=\"index, follow, max-snippet:-1, max-image-preview:large, max-video-preview:-1\" \/>\n<link rel=\"canonical\" href=\"https:\/\/www.acetaiamarchi.com\/fr\/produit\/condiment-balsamique-la-reserve-11\/\" \/>\n<meta property=\"og:locale\" content=\"fr_FR\" \/>\n<meta property=\"og:type\" content=\"article\" \/>\n<meta property=\"og:title\" content=\"Condiment Balsamique \u00ab La r\u00e9serve 11 \u00bb | Acetaia Marchi\" \/>\n<meta property=\"og:description\" content=\"Produzione e vendita di condimenti balsamici a base di mosto cotto e aceto di vino provenienti dalle migliori uve del territorio.\" \/>\n<meta property=\"og:url\" content=\"https:\/\/www.acetaiamarchi.com\/fr\/produit\/condiment-balsamique-la-reserve-11\/\" \/>\n<meta property=\"og:site_name\" content=\"Acetaia Marchi\" \/>\n<meta property=\"article:modified_time\" content=\"2025-11-20T08:09:19+00:00\" \/>\n<meta property=\"og:image\" content=\"https:\/\/www.acetaiamarchi.com\/wp-content\/uploads\/2025\/03\/Condimento-Balsamico-Acetaia-Marchi-La-Riserva-11-100ml.jpg\" \/>\n\t<meta property=\"og:image:width\" content=\"1600\" \/>\n\t<meta property=\"og:image:height\" content=\"1600\" \/>\n\t<meta property=\"og:image:type\" content=\"image\/jpeg\" \/>\n<meta name=\"twitter:card\" content=\"summary_large_image\" \/>\n<meta name=\"twitter:label1\" content=\"Dur\u00e9e de lecture estim\u00e9e\" \/>\n\t<meta name=\"twitter:data1\" content=\"1 minute\" \/>\n<script type=\"application\/ld+json\" class=\"yoast-schema-graph\">{\"@context\":\"https:\\\/\\\/schema.org\",\"@graph\":[{\"@type\":\"WebPage\",\"@id\":\"https:\\\/\\\/www.acetaiamarchi.com\\\/fr\\\/produit\\\/condiment-balsamique-la-reserve-11\\\/\",\"url\":\"https:\\\/\\\/www.acetaiamarchi.com\\\/fr\\\/produit\\\/condiment-balsamique-la-reserve-11\\\/\",\"name\":\"Condiment Balsamique \u00ab La r\u00e9serve 11 \u00bb | Acetaia Marchi\",\"isPartOf\":{\"@id\":\"https:\\\/\\\/www.acetaiamarchi.com\\\/fr\\\/#website\"},\"primaryImageOfPage\":{\"@id\":\"https:\\\/\\\/www.acetaiamarchi.com\\\/fr\\\/produit\\\/condiment-balsamique-la-reserve-11\\\/#primaryimage\"},\"image\":{\"@id\":\"https:\\\/\\\/www.acetaiamarchi.com\\\/fr\\\/produit\\\/condiment-balsamique-la-reserve-11\\\/#primaryimage\"},\"thumbnailUrl\":\"https:\\\/\\\/www.acetaiamarchi.com\\\/wp-content\\\/uploads\\\/2025\\\/03\\\/Condimento-Balsamico-Acetaia-Marchi-La-Riserva-11-100ml.jpg\",\"datePublished\":\"2025-03-25T15:04:10+00:00\",\"dateModified\":\"2025-11-20T08:09:19+00:00\",\"description\":\"Produzione e vendita di condimenti balsamici a base di mosto cotto e aceto di vino provenienti dalle migliori uve del territorio.\",\"breadcrumb\":{\"@id\":\"https:\\\/\\\/www.acetaiamarchi.com\\\/fr\\\/produit\\\/condiment-balsamique-la-reserve-11\\\/#breadcrumb\"},\"inLanguage\":\"fr-FR\",\"potentialAction\":[{\"@type\":\"ReadAction\",\"target\":[\"https:\\\/\\\/www.acetaiamarchi.com\\\/fr\\\/produit\\\/condiment-balsamique-la-reserve-11\\\/\"]}]},{\"@type\":\"ImageObject\",\"inLanguage\":\"fr-FR\",\"@id\":\"https:\\\/\\\/www.acetaiamarchi.com\\\/fr\\\/produit\\\/condiment-balsamique-la-reserve-11\\\/#primaryimage\",\"url\":\"https:\\\/\\\/www.acetaiamarchi.com\\\/wp-content\\\/uploads\\\/2025\\\/03\\\/Condimento-Balsamico-Acetaia-Marchi-La-Riserva-11-100ml.jpg\",\"contentUrl\":\"https:\\\/\\\/www.acetaiamarchi.com\\\/wp-content\\\/uploads\\\/2025\\\/03\\\/Condimento-Balsamico-Acetaia-Marchi-La-Riserva-11-100ml.jpg\",\"width\":1600,\"height\":1600,\"caption\":\"La Riserva 11\"},{\"@type\":\"BreadcrumbList\",\"@id\":\"https:\\\/\\\/www.acetaiamarchi.com\\\/fr\\\/produit\\\/condiment-balsamique-la-reserve-11\\\/#breadcrumb\",\"itemListElement\":[{\"@type\":\"ListItem\",\"position\":1,\"name\":\"Home\",\"item\":\"https:\\\/\\\/www.acetaiamarchi.com\\\/fr\\\/\"},{\"@type\":\"ListItem\",\"position\":2,\"name\":\"Produits\",\"item\":\"https:\\\/\\\/www.acetaiamarchi.com\\\/fr\\\/shop\\\/\"},{\"@type\":\"ListItem\",\"position\":3,\"name\":\"Condiment Balsamique \u00ab La r\u00e9serve 11 \u00bb\"}]},{\"@type\":\"WebSite\",\"@id\":\"https:\\\/\\\/www.acetaiamarchi.com\\\/fr\\\/#website\",\"url\":\"https:\\\/\\\/www.acetaiamarchi.com\\\/fr\\\/\",\"name\":\"Acetaia Marchi Srl\",\"description\":\"\",\"publisher\":{\"@id\":\"https:\\\/\\\/www.acetaiamarchi.com\\\/fr\\\/#organization\"},\"potentialAction\":[{\"@type\":\"SearchAction\",\"target\":{\"@type\":\"EntryPoint\",\"urlTemplate\":\"https:\\\/\\\/www.acetaiamarchi.com\\\/fr\\\/?s={search_term_string}\"},\"query-input\":{\"@type\":\"PropertyValueSpecification\",\"valueRequired\":true,\"valueName\":\"search_term_string\"}}],\"inLanguage\":\"fr-FR\"},{\"@type\":\"Organization\",\"@id\":\"https:\\\/\\\/www.acetaiamarchi.com\\\/fr\\\/#organization\",\"name\":\"Acetaia Marchi Srl\",\"url\":\"https:\\\/\\\/www.acetaiamarchi.com\\\/fr\\\/\",\"logo\":{\"@type\":\"ImageObject\",\"inLanguage\":\"fr-FR\",\"@id\":\"https:\\\/\\\/www.acetaiamarchi.com\\\/fr\\\/#\\\/schema\\\/logo\\\/image\\\/\",\"url\":\"https:\\\/\\\/acetaiamarchi.com\\\/wp-content\\\/uploads\\\/2025\\\/03\\\/Acetaia-Marchi-Srl-Logo.png\",\"contentUrl\":\"https:\\\/\\\/acetaiamarchi.com\\\/wp-content\\\/uploads\\\/2025\\\/03\\\/Acetaia-Marchi-Srl-Logo.png\",\"width\":2000,\"height\":2000,\"caption\":\"Acetaia Marchi Srl\"},\"image\":{\"@id\":\"https:\\\/\\\/www.acetaiamarchi.com\\\/fr\\\/#\\\/schema\\\/logo\\\/image\\\/\"}}]}<\/script>\n<!-- \/ Yoast SEO plugin. -->","yoast_head_json":{"title":"Condiment Balsamique \u00ab La r\u00e9serve 11 \u00bb | Acetaia Marchi","description":"Produzione e vendita di condimenti balsamici a base di mosto cotto e aceto di vino provenienti dalle migliori uve del territorio.","robots":{"index":"index","follow":"follow","max-snippet":"max-snippet:-1","max-image-preview":"max-image-preview:large","max-video-preview":"max-video-preview:-1"},"canonical":"https:\/\/www.acetaiamarchi.com\/fr\/produit\/condiment-balsamique-la-reserve-11\/","og_locale":"fr_FR","og_type":"article","og_title":"Condiment Balsamique \u00ab La r\u00e9serve 11 \u00bb | Acetaia Marchi","og_description":"Produzione e vendita di condimenti balsamici a base di mosto cotto e aceto di vino provenienti dalle migliori uve del territorio.","og_url":"https:\/\/www.acetaiamarchi.com\/fr\/produit\/condiment-balsamique-la-reserve-11\/","og_site_name":"Acetaia Marchi","article_modified_time":"2025-11-20T08:09:19+00:00","og_image":[{"width":1600,"height":1600,"url":"https:\/\/www.acetaiamarchi.com\/wp-content\/uploads\/2025\/03\/Condimento-Balsamico-Acetaia-Marchi-La-Riserva-11-100ml.jpg","type":"image\/jpeg"}],"twitter_card":"summary_large_image","twitter_misc":{"Dur\u00e9e de lecture estim\u00e9e":"1 minute"},"schema":{"@context":"https:\/\/schema.org","@graph":[{"@type":"WebPage","@id":"https:\/\/www.acetaiamarchi.com\/fr\/produit\/condiment-balsamique-la-reserve-11\/","url":"https:\/\/www.acetaiamarchi.com\/fr\/produit\/condiment-balsamique-la-reserve-11\/","name":"Condiment Balsamique \u00ab La r\u00e9serve 11 \u00bb | Acetaia Marchi","isPartOf":{"@id":"https:\/\/www.acetaiamarchi.com\/fr\/#website"},"primaryImageOfPage":{"@id":"https:\/\/www.acetaiamarchi.com\/fr\/produit\/condiment-balsamique-la-reserve-11\/#primaryimage"},"image":{"@id":"https:\/\/www.acetaiamarchi.com\/fr\/produit\/condiment-balsamique-la-reserve-11\/#primaryimage"},"thumbnailUrl":"https:\/\/www.acetaiamarchi.com\/wp-content\/uploads\/2025\/03\/Condimento-Balsamico-Acetaia-Marchi-La-Riserva-11-100ml.jpg","datePublished":"2025-03-25T15:04:10+00:00","dateModified":"2025-11-20T08:09:19+00:00","description":"Produzione e vendita di condimenti balsamici a base di mosto cotto e aceto di vino provenienti dalle migliori uve del territorio.","breadcrumb":{"@id":"https:\/\/www.acetaiamarchi.com\/fr\/produit\/condiment-balsamique-la-reserve-11\/#breadcrumb"},"inLanguage":"fr-FR","potentialAction":[{"@type":"ReadAction","target":["https:\/\/www.acetaiamarchi.com\/fr\/produit\/condiment-balsamique-la-reserve-11\/"]}]},{"@type":"ImageObject","inLanguage":"fr-FR","@id":"https:\/\/www.acetaiamarchi.com\/fr\/produit\/condiment-balsamique-la-reserve-11\/#primaryimage","url":"https:\/\/www.acetaiamarchi.com\/wp-content\/uploads\/2025\/03\/Condimento-Balsamico-Acetaia-Marchi-La-Riserva-11-100ml.jpg","contentUrl":"https:\/\/www.acetaiamarchi.com\/wp-content\/uploads\/2025\/03\/Condimento-Balsamico-Acetaia-Marchi-La-Riserva-11-100ml.jpg","width":1600,"height":1600,"caption":"La Riserva 11"},{"@type":"BreadcrumbList","@id":"https:\/\/www.acetaiamarchi.com\/fr\/produit\/condiment-balsamique-la-reserve-11\/#breadcrumb","itemListElement":[{"@type":"ListItem","position":1,"name":"Home","item":"https:\/\/www.acetaiamarchi.com\/fr\/"},{"@type":"ListItem","position":2,"name":"Produits","item":"https:\/\/www.acetaiamarchi.com\/fr\/shop\/"},{"@type":"ListItem","position":3,"name":"Condiment Balsamique \u00ab La r\u00e9serve 11 \u00bb"}]},{"@type":"WebSite","@id":"https:\/\/www.acetaiamarchi.com\/fr\/#website","url":"https:\/\/www.acetaiamarchi.com\/fr\/","name":"Acetaia Marchi Srl","description":"","publisher":{"@id":"https:\/\/www.acetaiamarchi.com\/fr\/#organization"},"potentialAction":[{"@type":"SearchAction","target":{"@type":"EntryPoint","urlTemplate":"https:\/\/www.acetaiamarchi.com\/fr\/?s={search_term_string}"},"query-input":{"@type":"PropertyValueSpecification","valueRequired":true,"valueName":"search_term_string"}}],"inLanguage":"fr-FR"},{"@type":"Organization","@id":"https:\/\/www.acetaiamarchi.com\/fr\/#organization","name":"Acetaia Marchi Srl","url":"https:\/\/www.acetaiamarchi.com\/fr\/","logo":{"@type":"ImageObject","inLanguage":"fr-FR","@id":"https:\/\/www.acetaiamarchi.com\/fr\/#\/schema\/logo\/image\/","url":"https:\/\/acetaiamarchi.com\/wp-content\/uploads\/2025\/03\/Acetaia-Marchi-Srl-Logo.png","contentUrl":"https:\/\/acetaiamarchi.com\/wp-content\/uploads\/2025\/03\/Acetaia-Marchi-Srl-Logo.png","width":2000,"height":2000,"caption":"Acetaia Marchi Srl"},"image":{"@id":"https:\/\/www.acetaiamarchi.com\/fr\/#\/schema\/logo\/image\/"}}]}},"_links":{"self":[{"href":"https:\/\/www.acetaiamarchi.com\/fr\/wp-json\/wp\/v2\/product\/11595","targetHints":{"allow":["GET"]}}],"collection":[{"href":"https:\/\/www.acetaiamarchi.com\/fr\/wp-json\/wp\/v2\/product"}],"about":[{"href":"https:\/\/www.acetaiamarchi.com\/fr\/wp-json\/wp\/v2\/types\/product"}],"version-history":[{"count":2,"href":"https:\/\/www.acetaiamarchi.com\/fr\/wp-json\/wp\/v2\/product\/11595\/revisions"}],"predecessor-version":[{"id":11655,"href":"https:\/\/www.acetaiamarchi.com\/fr\/wp-json\/wp\/v2\/product\/11595\/revisions\/11655"}],"wp:featuredmedia":[{"embeddable":true,"href":"https:\/\/www.acetaiamarchi.com\/fr\/wp-json\/wp\/v2\/media\/1117"}],"wp:attachment":[{"href":"https:\/\/www.acetaiamarchi.com\/fr\/wp-json\/wp\/v2\/media?parent=11595"}],"wp:term":[{"taxonomy":"product_brand","embeddable":true,"href":"https:\/\/www.acetaiamarchi.com\/fr\/wp-json\/wp\/v2\/product_brand?post=11595"},{"taxonomy":"product_cat","embeddable":true,"href":"https:\/\/www.acetaiamarchi.com\/fr\/wp-json\/wp\/v2\/product_cat?post=11595"},{"taxonomy":"product_tag","embeddable":true,"href":"https:\/\/www.acetaiamarchi.com\/fr\/wp-json\/wp\/v2\/product_tag?post=11595"}],"curies":[{"name":"wp","href":"https:\/\/api.w.org\/{rel}","templated":true}]}}