{"id":11589,"date":"2025-03-25T16:09:11","date_gmt":"2025-03-25T15:09:11","guid":{"rendered":"https:\/\/www.acetaiamarchi.com\/prodotto\/condimento-balsamico-superiore-16-3\/"},"modified":"2025-11-19T23:55:50","modified_gmt":"2025-11-19T22:55:50","slug":"condiment-balsamique-superieur-16","status":"publish","type":"product","link":"https:\/\/www.acetaiamarchi.com\/fr\/produit\/condiment-balsamique-superieur-16\/","title":{"rendered":"Condiment Balsamique \u00ab\u00a0Sup\u00e9rieur 16\u00a0\u00bb"},"content":{"rendered":"<p>Le Condiment Balsamique \u00ab Superiore 16 \u00bb se caract\u00e9rise par une couleur noire brillante et par un <strong>go\u00fbt rond, doux et enveloppant<\/strong>. Sa saveur structurellement complexe, enrichie de notes fruit\u00e9es fra\u00eeches, s\u00e9duit tout comme le parfum prononc\u00e9 et enivrant de ce produit. Ce Condiment Balsamique est le fruit du savoir-faire, de la tradition et de la passion transmises au fil des si\u00e8cles par la famille Marchi.<\/p>\n<p>Pour sa production, on associe le Mo\u00fbt Cuit des raisins autochtones cultiv\u00e9s sur les terres familiales et le Vinaigre de Vin soigneusement s\u00e9lectionn\u00e9. Apr\u00e8s une lente maturation dans des f\u00fbts pr\u00e9cieux, on parvient \u00e0 cr\u00e9er un <strong>Condiment Balsamique de tr\u00e8s haute qualit\u00e9<\/strong>, qui se pr\u00e9sente comme une v\u00e9ritable excellence \u0153nogastronomique.<\/p>\n<p>Le Condiment Balsamique \u00ab Superiore 16 \u00bb poss\u00e8de des caract\u00e9ristiques uniques et inconfondables, ce qui le rend recherch\u00e9 et savoureux. Il est propos\u00e9 dans l\u2019\u00e9l\u00e9gante bouteille Gardenia de 100 ml.<\/p>\n<p><em><strong>En cuisine<\/strong><\/em> : Ce Condiment Balsamique est recommand\u00e9 pour sublimer la saveur des viandes blanches et des fruits frais. Il est excellent pour caram\u00e9liser.<\/p>\n","protected":false},"excerpt":{"rendered":"<p>Le Condiment Balsamique \u00ab Superiore 16 \u00bb poss\u00e8de des caract\u00e9ristiques uniques et inconfondables, ce qui le rend recherch\u00e9 et savoureux. Il est propos\u00e9 dans l&rsquo;\u00e9l\u00e9gante bouteille Gardenia de 100 ml.<\/p>\n","protected":false},"featured_media":4168,"template":"","meta":[],"product_brand":[],"product_cat":[492],"product_tag":[],"class_list":{"0":"post-11589","1":"product","2":"type-product","3":"status-publish","4":"has-post-thumbnail","6":"product_cat-condiments-balsamiques-fr","8":"first","9":"instock","10":"featured","11":"shipping-taxable","12":"purchasable","13":"product-type-simple"},"yoast_head":"<!-- This site is optimized with the Yoast SEO plugin v27.4 - https:\/\/yoast.com\/product\/yoast-seo-wordpress\/ -->\n<title>Condiment Balsamique \u00ab\u00a0Sup\u00e9rieur 16\u00a0\u00bb | Acetaia Marchi<\/title>\n<meta name=\"description\" content=\"Condimento Balsamico di Modena consigliato per valorizzare il sapore di carni bianche e frutta fresca. \u00c8 ottimo per caramellare.\" \/>\n<meta name=\"robots\" content=\"index, follow, max-snippet:-1, max-image-preview:large, max-video-preview:-1\" \/>\n<link rel=\"canonical\" href=\"https:\/\/www.acetaiamarchi.com\/fr\/produit\/condiment-balsamique-superieur-16\/\" \/>\n<meta property=\"og:locale\" content=\"fr_FR\" \/>\n<meta property=\"og:type\" content=\"article\" \/>\n<meta property=\"og:title\" content=\"Condiment Balsamique \u00ab\u00a0Sup\u00e9rieur 16\u00a0\u00bb | Acetaia Marchi\" \/>\n<meta property=\"og:description\" content=\"Condimento Balsamico di Modena consigliato per valorizzare il sapore di carni bianche e frutta fresca. \u00c8 ottimo per caramellare.\" \/>\n<meta property=\"og:url\" content=\"https:\/\/www.acetaiamarchi.com\/fr\/produit\/condiment-balsamique-superieur-16\/\" \/>\n<meta property=\"og:site_name\" content=\"Acetaia Marchi\" \/>\n<meta property=\"article:modified_time\" content=\"2025-11-19T22:55:50+00:00\" \/>\n<meta property=\"og:image\" content=\"https:\/\/www.acetaiamarchi.com\/wp-content\/uploads\/2025\/03\/condimento-balsamico-superiore-16.jpg\" \/>\n\t<meta property=\"og:image:width\" content=\"1600\" \/>\n\t<meta property=\"og:image:height\" content=\"1600\" \/>\n\t<meta property=\"og:image:type\" content=\"image\/jpeg\" \/>\n<meta name=\"twitter:card\" content=\"summary_large_image\" \/>\n<meta name=\"twitter:label1\" content=\"Dur\u00e9e de lecture estim\u00e9e\" \/>\n\t<meta name=\"twitter:data1\" content=\"2 minutes\" \/>\n<script type=\"application\/ld+json\" class=\"yoast-schema-graph\">{\"@context\":\"https:\\\/\\\/schema.org\",\"@graph\":[{\"@type\":\"WebPage\",\"@id\":\"https:\\\/\\\/www.acetaiamarchi.com\\\/fr\\\/produit\\\/condiment-balsamique-superieur-16\\\/\",\"url\":\"https:\\\/\\\/www.acetaiamarchi.com\\\/fr\\\/produit\\\/condiment-balsamique-superieur-16\\\/\",\"name\":\"Condiment Balsamique \u00ab\u00a0Sup\u00e9rieur 16\u00a0\u00bb | Acetaia Marchi\",\"isPartOf\":{\"@id\":\"https:\\\/\\\/www.acetaiamarchi.com\\\/fr\\\/#website\"},\"primaryImageOfPage\":{\"@id\":\"https:\\\/\\\/www.acetaiamarchi.com\\\/fr\\\/produit\\\/condiment-balsamique-superieur-16\\\/#primaryimage\"},\"image\":{\"@id\":\"https:\\\/\\\/www.acetaiamarchi.com\\\/fr\\\/produit\\\/condiment-balsamique-superieur-16\\\/#primaryimage\"},\"thumbnailUrl\":\"https:\\\/\\\/www.acetaiamarchi.com\\\/wp-content\\\/uploads\\\/2025\\\/03\\\/condimento-balsamico-superiore-16.jpg\",\"datePublished\":\"2025-03-25T15:09:11+00:00\",\"dateModified\":\"2025-11-19T22:55:50+00:00\",\"description\":\"Condimento Balsamico di Modena consigliato per valorizzare il sapore di carni bianche e frutta fresca. \u00c8 ottimo per caramellare.\",\"breadcrumb\":{\"@id\":\"https:\\\/\\\/www.acetaiamarchi.com\\\/fr\\\/produit\\\/condiment-balsamique-superieur-16\\\/#breadcrumb\"},\"inLanguage\":\"fr-FR\",\"potentialAction\":[{\"@type\":\"ReadAction\",\"target\":[\"https:\\\/\\\/www.acetaiamarchi.com\\\/fr\\\/produit\\\/condiment-balsamique-superieur-16\\\/\"]}]},{\"@type\":\"ImageObject\",\"inLanguage\":\"fr-FR\",\"@id\":\"https:\\\/\\\/www.acetaiamarchi.com\\\/fr\\\/produit\\\/condiment-balsamique-superieur-16\\\/#primaryimage\",\"url\":\"https:\\\/\\\/www.acetaiamarchi.com\\\/wp-content\\\/uploads\\\/2025\\\/03\\\/condimento-balsamico-superiore-16.jpg\",\"contentUrl\":\"https:\\\/\\\/www.acetaiamarchi.com\\\/wp-content\\\/uploads\\\/2025\\\/03\\\/condimento-balsamico-superiore-16.jpg\",\"width\":1600,\"height\":1600,\"caption\":\"Superiore 16\"},{\"@type\":\"BreadcrumbList\",\"@id\":\"https:\\\/\\\/www.acetaiamarchi.com\\\/fr\\\/produit\\\/condiment-balsamique-superieur-16\\\/#breadcrumb\",\"itemListElement\":[{\"@type\":\"ListItem\",\"position\":1,\"name\":\"Home\",\"item\":\"https:\\\/\\\/www.acetaiamarchi.com\\\/fr\\\/\"},{\"@type\":\"ListItem\",\"position\":2,\"name\":\"Produits\",\"item\":\"https:\\\/\\\/www.acetaiamarchi.com\\\/fr\\\/shop\\\/\"},{\"@type\":\"ListItem\",\"position\":3,\"name\":\"Condiment Balsamique \u00ab\u00a0Sup\u00e9rieur 16\u00a0\u00bb\"}]},{\"@type\":\"WebSite\",\"@id\":\"https:\\\/\\\/www.acetaiamarchi.com\\\/fr\\\/#website\",\"url\":\"https:\\\/\\\/www.acetaiamarchi.com\\\/fr\\\/\",\"name\":\"Acetaia Marchi Srl\",\"description\":\"\",\"publisher\":{\"@id\":\"https:\\\/\\\/www.acetaiamarchi.com\\\/fr\\\/#organization\"},\"potentialAction\":[{\"@type\":\"SearchAction\",\"target\":{\"@type\":\"EntryPoint\",\"urlTemplate\":\"https:\\\/\\\/www.acetaiamarchi.com\\\/fr\\\/?s={search_term_string}\"},\"query-input\":{\"@type\":\"PropertyValueSpecification\",\"valueRequired\":true,\"valueName\":\"search_term_string\"}}],\"inLanguage\":\"fr-FR\"},{\"@type\":\"Organization\",\"@id\":\"https:\\\/\\\/www.acetaiamarchi.com\\\/fr\\\/#organization\",\"name\":\"Acetaia Marchi Srl\",\"url\":\"https:\\\/\\\/www.acetaiamarchi.com\\\/fr\\\/\",\"logo\":{\"@type\":\"ImageObject\",\"inLanguage\":\"fr-FR\",\"@id\":\"https:\\\/\\\/www.acetaiamarchi.com\\\/fr\\\/#\\\/schema\\\/logo\\\/image\\\/\",\"url\":\"https:\\\/\\\/acetaiamarchi.com\\\/wp-content\\\/uploads\\\/2025\\\/03\\\/Acetaia-Marchi-Srl-Logo.png\",\"contentUrl\":\"https:\\\/\\\/acetaiamarchi.com\\\/wp-content\\\/uploads\\\/2025\\\/03\\\/Acetaia-Marchi-Srl-Logo.png\",\"width\":2000,\"height\":2000,\"caption\":\"Acetaia Marchi Srl\"},\"image\":{\"@id\":\"https:\\\/\\\/www.acetaiamarchi.com\\\/fr\\\/#\\\/schema\\\/logo\\\/image\\\/\"}}]}<\/script>\n<!-- \/ Yoast SEO plugin. -->","yoast_head_json":{"title":"Condiment Balsamique \u00ab\u00a0Sup\u00e9rieur 16\u00a0\u00bb | Acetaia Marchi","description":"Condimento Balsamico di Modena consigliato per valorizzare il sapore di carni bianche e frutta fresca. \u00c8 ottimo per caramellare.","robots":{"index":"index","follow":"follow","max-snippet":"max-snippet:-1","max-image-preview":"max-image-preview:large","max-video-preview":"max-video-preview:-1"},"canonical":"https:\/\/www.acetaiamarchi.com\/fr\/produit\/condiment-balsamique-superieur-16\/","og_locale":"fr_FR","og_type":"article","og_title":"Condiment Balsamique \u00ab\u00a0Sup\u00e9rieur 16\u00a0\u00bb | Acetaia Marchi","og_description":"Condimento Balsamico di Modena consigliato per valorizzare il sapore di carni bianche e frutta fresca. \u00c8 ottimo per caramellare.","og_url":"https:\/\/www.acetaiamarchi.com\/fr\/produit\/condiment-balsamique-superieur-16\/","og_site_name":"Acetaia Marchi","article_modified_time":"2025-11-19T22:55:50+00:00","og_image":[{"width":1600,"height":1600,"url":"https:\/\/www.acetaiamarchi.com\/wp-content\/uploads\/2025\/03\/condimento-balsamico-superiore-16.jpg","type":"image\/jpeg"}],"twitter_card":"summary_large_image","twitter_misc":{"Dur\u00e9e de lecture estim\u00e9e":"2 minutes"},"schema":{"@context":"https:\/\/schema.org","@graph":[{"@type":"WebPage","@id":"https:\/\/www.acetaiamarchi.com\/fr\/produit\/condiment-balsamique-superieur-16\/","url":"https:\/\/www.acetaiamarchi.com\/fr\/produit\/condiment-balsamique-superieur-16\/","name":"Condiment Balsamique \u00ab\u00a0Sup\u00e9rieur 16\u00a0\u00bb | Acetaia Marchi","isPartOf":{"@id":"https:\/\/www.acetaiamarchi.com\/fr\/#website"},"primaryImageOfPage":{"@id":"https:\/\/www.acetaiamarchi.com\/fr\/produit\/condiment-balsamique-superieur-16\/#primaryimage"},"image":{"@id":"https:\/\/www.acetaiamarchi.com\/fr\/produit\/condiment-balsamique-superieur-16\/#primaryimage"},"thumbnailUrl":"https:\/\/www.acetaiamarchi.com\/wp-content\/uploads\/2025\/03\/condimento-balsamico-superiore-16.jpg","datePublished":"2025-03-25T15:09:11+00:00","dateModified":"2025-11-19T22:55:50+00:00","description":"Condimento Balsamico di Modena consigliato per valorizzare il sapore di carni bianche e frutta fresca. \u00c8 ottimo per caramellare.","breadcrumb":{"@id":"https:\/\/www.acetaiamarchi.com\/fr\/produit\/condiment-balsamique-superieur-16\/#breadcrumb"},"inLanguage":"fr-FR","potentialAction":[{"@type":"ReadAction","target":["https:\/\/www.acetaiamarchi.com\/fr\/produit\/condiment-balsamique-superieur-16\/"]}]},{"@type":"ImageObject","inLanguage":"fr-FR","@id":"https:\/\/www.acetaiamarchi.com\/fr\/produit\/condiment-balsamique-superieur-16\/#primaryimage","url":"https:\/\/www.acetaiamarchi.com\/wp-content\/uploads\/2025\/03\/condimento-balsamico-superiore-16.jpg","contentUrl":"https:\/\/www.acetaiamarchi.com\/wp-content\/uploads\/2025\/03\/condimento-balsamico-superiore-16.jpg","width":1600,"height":1600,"caption":"Superiore 16"},{"@type":"BreadcrumbList","@id":"https:\/\/www.acetaiamarchi.com\/fr\/produit\/condiment-balsamique-superieur-16\/#breadcrumb","itemListElement":[{"@type":"ListItem","position":1,"name":"Home","item":"https:\/\/www.acetaiamarchi.com\/fr\/"},{"@type":"ListItem","position":2,"name":"Produits","item":"https:\/\/www.acetaiamarchi.com\/fr\/shop\/"},{"@type":"ListItem","position":3,"name":"Condiment Balsamique \u00ab\u00a0Sup\u00e9rieur 16\u00a0\u00bb"}]},{"@type":"WebSite","@id":"https:\/\/www.acetaiamarchi.com\/fr\/#website","url":"https:\/\/www.acetaiamarchi.com\/fr\/","name":"Acetaia Marchi Srl","description":"","publisher":{"@id":"https:\/\/www.acetaiamarchi.com\/fr\/#organization"},"potentialAction":[{"@type":"SearchAction","target":{"@type":"EntryPoint","urlTemplate":"https:\/\/www.acetaiamarchi.com\/fr\/?s={search_term_string}"},"query-input":{"@type":"PropertyValueSpecification","valueRequired":true,"valueName":"search_term_string"}}],"inLanguage":"fr-FR"},{"@type":"Organization","@id":"https:\/\/www.acetaiamarchi.com\/fr\/#organization","name":"Acetaia Marchi Srl","url":"https:\/\/www.acetaiamarchi.com\/fr\/","logo":{"@type":"ImageObject","inLanguage":"fr-FR","@id":"https:\/\/www.acetaiamarchi.com\/fr\/#\/schema\/logo\/image\/","url":"https:\/\/acetaiamarchi.com\/wp-content\/uploads\/2025\/03\/Acetaia-Marchi-Srl-Logo.png","contentUrl":"https:\/\/acetaiamarchi.com\/wp-content\/uploads\/2025\/03\/Acetaia-Marchi-Srl-Logo.png","width":2000,"height":2000,"caption":"Acetaia Marchi Srl"},"image":{"@id":"https:\/\/www.acetaiamarchi.com\/fr\/#\/schema\/logo\/image\/"}}]}},"_links":{"self":[{"href":"https:\/\/www.acetaiamarchi.com\/fr\/wp-json\/wp\/v2\/product\/11589","targetHints":{"allow":["GET"]}}],"collection":[{"href":"https:\/\/www.acetaiamarchi.com\/fr\/wp-json\/wp\/v2\/product"}],"about":[{"href":"https:\/\/www.acetaiamarchi.com\/fr\/wp-json\/wp\/v2\/types\/product"}],"version-history":[{"count":1,"href":"https:\/\/www.acetaiamarchi.com\/fr\/wp-json\/wp\/v2\/product\/11589\/revisions"}],"predecessor-version":[{"id":11590,"href":"https:\/\/www.acetaiamarchi.com\/fr\/wp-json\/wp\/v2\/product\/11589\/revisions\/11590"}],"wp:featuredmedia":[{"embeddable":true,"href":"https:\/\/www.acetaiamarchi.com\/fr\/wp-json\/wp\/v2\/media\/4168"}],"wp:attachment":[{"href":"https:\/\/www.acetaiamarchi.com\/fr\/wp-json\/wp\/v2\/media?parent=11589"}],"wp:term":[{"taxonomy":"product_brand","embeddable":true,"href":"https:\/\/www.acetaiamarchi.com\/fr\/wp-json\/wp\/v2\/product_brand?post=11589"},{"taxonomy":"product_cat","embeddable":true,"href":"https:\/\/www.acetaiamarchi.com\/fr\/wp-json\/wp\/v2\/product_cat?post=11589"},{"taxonomy":"product_tag","embeddable":true,"href":"https:\/\/www.acetaiamarchi.com\/fr\/wp-json\/wp\/v2\/product_tag?post=11589"}],"curies":[{"name":"wp","href":"https:\/\/api.w.org\/{rel}","templated":true}]}}