{"id":11583,"date":"2025-03-25T16:17:19","date_gmt":"2025-03-25T15:17:19","guid":{"rendered":"https:\/\/www.acetaiamarchi.com\/prodotto\/condimento-balsamico-superiore-14-3\/"},"modified":"2025-11-19T23:51:35","modified_gmt":"2025-11-19T22:51:35","slug":"assaisonnement-balsamique-superiore-14","status":"publish","type":"product","link":"https:\/\/www.acetaiamarchi.com\/fr\/produit\/assaisonnement-balsamique-superiore-14\/","title":{"rendered":"Assaisonnement Balsamique \u00ab\u00a0Superiore 14\u00a0\u00bb"},"content":{"rendered":"<p>Le \u00ab Superiore 14 \u00bb est un Assaisonnement Balsamique r\u00e9alis\u00e9 avec du Mo\u00fbt Cuit des <strong>raisins autochtones cultiv\u00e9s sur les terres de la famille<\/strong> et du Vinaigre de Vin de haute qualit\u00e9. Les deux ingr\u00e9dients sont soigneusement s\u00e9lectionn\u00e9s et laiss\u00e9s \u00e0 m\u00fbrir dans des f\u00fbts en bois pr\u00e9cieux. Gr\u00e2ce au savoir-faire, \u00e0 la passion et \u00e0 la tradition transmises au fil des si\u00e8cles par la famille Marchi, ce produit s\u00e9duit par sa couleur noire brillante et par sa saveur ronde, pleine, d\u00e9cid\u00e9e et enveloppante.<\/p>\n<p>\u00c0 l&rsquo;appui de l&rsquo;Assaisonnement Balsamique \u00ab Superiore 14 \u00bb se trouve \u00e9galement un <strong>parfum enivrant et harmonieux<\/strong>. Ce produit de haute qualit\u00e9, aux caract\u00e9ristiques uniques et inconfondables, recherch\u00e9 et savoureux, s&rsquo;av\u00e8re depuis toujours l&rsquo;une des principales excellences \u0153nogastronomiques de notre territoire. Il est propos\u00e9 dans l&rsquo;\u00e9l\u00e9gante bouteille Gardenia de 200 ml.<\/p>\n<p><em><strong>En cuisine<\/strong><\/em> : Cet Assaisonnement Balsamique est particuli\u00e8rement indiqu\u00e9 pour les recettes \u00e0 base de tortelloni, pour la viande grill\u00e9e et pour les mousses sucr\u00e9es et sal\u00e9es.<\/p>\n","protected":false},"excerpt":{"rendered":"<p>Ce produit de haute qualit\u00e9, aux caract\u00e9ristiques uniques et inimitables, recherch\u00e9 et savoureux, s&rsquo;est toujours r\u00e9v\u00e9l\u00e9 comme l&rsquo;une des principales excellences \u0153nogastronomiques de notre territoire. Il est propos\u00e9 dans l&rsquo;\u00e9l\u00e9gante bouteille Gardenia de 200 ml.<\/p>\n","protected":false},"featured_media":4164,"template":"","meta":[],"product_brand":[],"product_cat":[492],"product_tag":[],"class_list":{"0":"post-11583","1":"product","2":"type-product","3":"status-publish","4":"has-post-thumbnail","6":"product_cat-condiments-balsamiques-fr","8":"first","9":"instock","10":"featured","11":"shipping-taxable","12":"purchasable","13":"product-type-simple"},"yoast_head":"<!-- This site is optimized with the Yoast SEO plugin v27.4 - https:\/\/yoast.com\/product\/yoast-seo-wordpress\/ -->\n<title>Assaisonnement Balsamique &quot;Superiore 14&quot; | Acetaia Marchi<\/title>\n<meta name=\"description\" content=\"Condimento Balsamico prodotto da Acetaia Marchi con uve autoctone provenienti da vigneti di famiglia. Indicato per tortelloni e grigliate di carne.\" \/>\n<meta name=\"robots\" content=\"index, follow, max-snippet:-1, max-image-preview:large, max-video-preview:-1\" \/>\n<link rel=\"canonical\" href=\"https:\/\/www.acetaiamarchi.com\/fr\/produit\/assaisonnement-balsamique-superiore-14\/\" \/>\n<meta property=\"og:locale\" content=\"fr_FR\" \/>\n<meta property=\"og:type\" content=\"article\" \/>\n<meta property=\"og:title\" content=\"Assaisonnement Balsamique &quot;Superiore 14&quot; | Acetaia Marchi\" \/>\n<meta property=\"og:description\" content=\"Condimento Balsamico prodotto da Acetaia Marchi con uve autoctone provenienti da vigneti di famiglia. Indicato per tortelloni e grigliate di carne.\" \/>\n<meta property=\"og:url\" content=\"https:\/\/www.acetaiamarchi.com\/fr\/produit\/assaisonnement-balsamique-superiore-14\/\" \/>\n<meta property=\"og:site_name\" content=\"Acetaia Marchi\" \/>\n<meta property=\"article:modified_time\" content=\"2025-11-19T22:51:35+00:00\" \/>\n<meta property=\"og:image\" content=\"https:\/\/www.acetaiamarchi.com\/wp-content\/uploads\/2025\/03\/condimento-balsamico-superiore-14.jpg\" \/>\n\t<meta property=\"og:image:width\" content=\"1600\" \/>\n\t<meta property=\"og:image:height\" content=\"1600\" \/>\n\t<meta property=\"og:image:type\" content=\"image\/jpeg\" \/>\n<meta name=\"twitter:card\" content=\"summary_large_image\" \/>\n<meta name=\"twitter:label1\" content=\"Dur\u00e9e de lecture estim\u00e9e\" \/>\n\t<meta name=\"twitter:data1\" content=\"2 minutes\" \/>\n<script type=\"application\/ld+json\" class=\"yoast-schema-graph\">{\"@context\":\"https:\\\/\\\/schema.org\",\"@graph\":[{\"@type\":\"WebPage\",\"@id\":\"https:\\\/\\\/www.acetaiamarchi.com\\\/fr\\\/produit\\\/assaisonnement-balsamique-superiore-14\\\/\",\"url\":\"https:\\\/\\\/www.acetaiamarchi.com\\\/fr\\\/produit\\\/assaisonnement-balsamique-superiore-14\\\/\",\"name\":\"Assaisonnement Balsamique \\\"Superiore 14\\\" | Acetaia Marchi\",\"isPartOf\":{\"@id\":\"https:\\\/\\\/www.acetaiamarchi.com\\\/fr\\\/#website\"},\"primaryImageOfPage\":{\"@id\":\"https:\\\/\\\/www.acetaiamarchi.com\\\/fr\\\/produit\\\/assaisonnement-balsamique-superiore-14\\\/#primaryimage\"},\"image\":{\"@id\":\"https:\\\/\\\/www.acetaiamarchi.com\\\/fr\\\/produit\\\/assaisonnement-balsamique-superiore-14\\\/#primaryimage\"},\"thumbnailUrl\":\"https:\\\/\\\/www.acetaiamarchi.com\\\/wp-content\\\/uploads\\\/2025\\\/03\\\/condimento-balsamico-superiore-14.jpg\",\"datePublished\":\"2025-03-25T15:17:19+00:00\",\"dateModified\":\"2025-11-19T22:51:35+00:00\",\"description\":\"Condimento Balsamico prodotto da Acetaia Marchi con uve autoctone provenienti da vigneti di famiglia. Indicato per tortelloni e grigliate di carne.\",\"breadcrumb\":{\"@id\":\"https:\\\/\\\/www.acetaiamarchi.com\\\/fr\\\/produit\\\/assaisonnement-balsamique-superiore-14\\\/#breadcrumb\"},\"inLanguage\":\"fr-FR\",\"potentialAction\":[{\"@type\":\"ReadAction\",\"target\":[\"https:\\\/\\\/www.acetaiamarchi.com\\\/fr\\\/produit\\\/assaisonnement-balsamique-superiore-14\\\/\"]}]},{\"@type\":\"ImageObject\",\"inLanguage\":\"fr-FR\",\"@id\":\"https:\\\/\\\/www.acetaiamarchi.com\\\/fr\\\/produit\\\/assaisonnement-balsamique-superiore-14\\\/#primaryimage\",\"url\":\"https:\\\/\\\/www.acetaiamarchi.com\\\/wp-content\\\/uploads\\\/2025\\\/03\\\/condimento-balsamico-superiore-14.jpg\",\"contentUrl\":\"https:\\\/\\\/www.acetaiamarchi.com\\\/wp-content\\\/uploads\\\/2025\\\/03\\\/condimento-balsamico-superiore-14.jpg\",\"width\":1600,\"height\":1600,\"caption\":\"Superiore 14\"},{\"@type\":\"BreadcrumbList\",\"@id\":\"https:\\\/\\\/www.acetaiamarchi.com\\\/fr\\\/produit\\\/assaisonnement-balsamique-superiore-14\\\/#breadcrumb\",\"itemListElement\":[{\"@type\":\"ListItem\",\"position\":1,\"name\":\"Home\",\"item\":\"https:\\\/\\\/www.acetaiamarchi.com\\\/fr\\\/\"},{\"@type\":\"ListItem\",\"position\":2,\"name\":\"Produits\",\"item\":\"https:\\\/\\\/www.acetaiamarchi.com\\\/fr\\\/shop\\\/\"},{\"@type\":\"ListItem\",\"position\":3,\"name\":\"Assaisonnement Balsamique &#8220;Superiore 14&#8221;\"}]},{\"@type\":\"WebSite\",\"@id\":\"https:\\\/\\\/www.acetaiamarchi.com\\\/fr\\\/#website\",\"url\":\"https:\\\/\\\/www.acetaiamarchi.com\\\/fr\\\/\",\"name\":\"Acetaia Marchi Srl\",\"description\":\"\",\"publisher\":{\"@id\":\"https:\\\/\\\/www.acetaiamarchi.com\\\/fr\\\/#organization\"},\"potentialAction\":[{\"@type\":\"SearchAction\",\"target\":{\"@type\":\"EntryPoint\",\"urlTemplate\":\"https:\\\/\\\/www.acetaiamarchi.com\\\/fr\\\/?s={search_term_string}\"},\"query-input\":{\"@type\":\"PropertyValueSpecification\",\"valueRequired\":true,\"valueName\":\"search_term_string\"}}],\"inLanguage\":\"fr-FR\"},{\"@type\":\"Organization\",\"@id\":\"https:\\\/\\\/www.acetaiamarchi.com\\\/fr\\\/#organization\",\"name\":\"Acetaia Marchi Srl\",\"url\":\"https:\\\/\\\/www.acetaiamarchi.com\\\/fr\\\/\",\"logo\":{\"@type\":\"ImageObject\",\"inLanguage\":\"fr-FR\",\"@id\":\"https:\\\/\\\/www.acetaiamarchi.com\\\/fr\\\/#\\\/schema\\\/logo\\\/image\\\/\",\"url\":\"https:\\\/\\\/acetaiamarchi.com\\\/wp-content\\\/uploads\\\/2025\\\/03\\\/Acetaia-Marchi-Srl-Logo.png\",\"contentUrl\":\"https:\\\/\\\/acetaiamarchi.com\\\/wp-content\\\/uploads\\\/2025\\\/03\\\/Acetaia-Marchi-Srl-Logo.png\",\"width\":2000,\"height\":2000,\"caption\":\"Acetaia Marchi Srl\"},\"image\":{\"@id\":\"https:\\\/\\\/www.acetaiamarchi.com\\\/fr\\\/#\\\/schema\\\/logo\\\/image\\\/\"}}]}<\/script>\n<!-- \/ Yoast SEO plugin. -->","yoast_head_json":{"title":"Assaisonnement Balsamique \"Superiore 14\" | Acetaia Marchi","description":"Condimento Balsamico prodotto da Acetaia Marchi con uve autoctone provenienti da vigneti di famiglia. Indicato per tortelloni e grigliate di carne.","robots":{"index":"index","follow":"follow","max-snippet":"max-snippet:-1","max-image-preview":"max-image-preview:large","max-video-preview":"max-video-preview:-1"},"canonical":"https:\/\/www.acetaiamarchi.com\/fr\/produit\/assaisonnement-balsamique-superiore-14\/","og_locale":"fr_FR","og_type":"article","og_title":"Assaisonnement Balsamique \"Superiore 14\" | Acetaia Marchi","og_description":"Condimento Balsamico prodotto da Acetaia Marchi con uve autoctone provenienti da vigneti di famiglia. Indicato per tortelloni e grigliate di carne.","og_url":"https:\/\/www.acetaiamarchi.com\/fr\/produit\/assaisonnement-balsamique-superiore-14\/","og_site_name":"Acetaia Marchi","article_modified_time":"2025-11-19T22:51:35+00:00","og_image":[{"width":1600,"height":1600,"url":"https:\/\/www.acetaiamarchi.com\/wp-content\/uploads\/2025\/03\/condimento-balsamico-superiore-14.jpg","type":"image\/jpeg"}],"twitter_card":"summary_large_image","twitter_misc":{"Dur\u00e9e de lecture estim\u00e9e":"2 minutes"},"schema":{"@context":"https:\/\/schema.org","@graph":[{"@type":"WebPage","@id":"https:\/\/www.acetaiamarchi.com\/fr\/produit\/assaisonnement-balsamique-superiore-14\/","url":"https:\/\/www.acetaiamarchi.com\/fr\/produit\/assaisonnement-balsamique-superiore-14\/","name":"Assaisonnement Balsamique \"Superiore 14\" | Acetaia Marchi","isPartOf":{"@id":"https:\/\/www.acetaiamarchi.com\/fr\/#website"},"primaryImageOfPage":{"@id":"https:\/\/www.acetaiamarchi.com\/fr\/produit\/assaisonnement-balsamique-superiore-14\/#primaryimage"},"image":{"@id":"https:\/\/www.acetaiamarchi.com\/fr\/produit\/assaisonnement-balsamique-superiore-14\/#primaryimage"},"thumbnailUrl":"https:\/\/www.acetaiamarchi.com\/wp-content\/uploads\/2025\/03\/condimento-balsamico-superiore-14.jpg","datePublished":"2025-03-25T15:17:19+00:00","dateModified":"2025-11-19T22:51:35+00:00","description":"Condimento Balsamico prodotto da Acetaia Marchi con uve autoctone provenienti da vigneti di famiglia. Indicato per tortelloni e grigliate di carne.","breadcrumb":{"@id":"https:\/\/www.acetaiamarchi.com\/fr\/produit\/assaisonnement-balsamique-superiore-14\/#breadcrumb"},"inLanguage":"fr-FR","potentialAction":[{"@type":"ReadAction","target":["https:\/\/www.acetaiamarchi.com\/fr\/produit\/assaisonnement-balsamique-superiore-14\/"]}]},{"@type":"ImageObject","inLanguage":"fr-FR","@id":"https:\/\/www.acetaiamarchi.com\/fr\/produit\/assaisonnement-balsamique-superiore-14\/#primaryimage","url":"https:\/\/www.acetaiamarchi.com\/wp-content\/uploads\/2025\/03\/condimento-balsamico-superiore-14.jpg","contentUrl":"https:\/\/www.acetaiamarchi.com\/wp-content\/uploads\/2025\/03\/condimento-balsamico-superiore-14.jpg","width":1600,"height":1600,"caption":"Superiore 14"},{"@type":"BreadcrumbList","@id":"https:\/\/www.acetaiamarchi.com\/fr\/produit\/assaisonnement-balsamique-superiore-14\/#breadcrumb","itemListElement":[{"@type":"ListItem","position":1,"name":"Home","item":"https:\/\/www.acetaiamarchi.com\/fr\/"},{"@type":"ListItem","position":2,"name":"Produits","item":"https:\/\/www.acetaiamarchi.com\/fr\/shop\/"},{"@type":"ListItem","position":3,"name":"Assaisonnement Balsamique &#8220;Superiore 14&#8221;"}]},{"@type":"WebSite","@id":"https:\/\/www.acetaiamarchi.com\/fr\/#website","url":"https:\/\/www.acetaiamarchi.com\/fr\/","name":"Acetaia Marchi Srl","description":"","publisher":{"@id":"https:\/\/www.acetaiamarchi.com\/fr\/#organization"},"potentialAction":[{"@type":"SearchAction","target":{"@type":"EntryPoint","urlTemplate":"https:\/\/www.acetaiamarchi.com\/fr\/?s={search_term_string}"},"query-input":{"@type":"PropertyValueSpecification","valueRequired":true,"valueName":"search_term_string"}}],"inLanguage":"fr-FR"},{"@type":"Organization","@id":"https:\/\/www.acetaiamarchi.com\/fr\/#organization","name":"Acetaia Marchi Srl","url":"https:\/\/www.acetaiamarchi.com\/fr\/","logo":{"@type":"ImageObject","inLanguage":"fr-FR","@id":"https:\/\/www.acetaiamarchi.com\/fr\/#\/schema\/logo\/image\/","url":"https:\/\/acetaiamarchi.com\/wp-content\/uploads\/2025\/03\/Acetaia-Marchi-Srl-Logo.png","contentUrl":"https:\/\/acetaiamarchi.com\/wp-content\/uploads\/2025\/03\/Acetaia-Marchi-Srl-Logo.png","width":2000,"height":2000,"caption":"Acetaia Marchi Srl"},"image":{"@id":"https:\/\/www.acetaiamarchi.com\/fr\/#\/schema\/logo\/image\/"}}]}},"_links":{"self":[{"href":"https:\/\/www.acetaiamarchi.com\/fr\/wp-json\/wp\/v2\/product\/11583","targetHints":{"allow":["GET"]}}],"collection":[{"href":"https:\/\/www.acetaiamarchi.com\/fr\/wp-json\/wp\/v2\/product"}],"about":[{"href":"https:\/\/www.acetaiamarchi.com\/fr\/wp-json\/wp\/v2\/types\/product"}],"version-history":[{"count":1,"href":"https:\/\/www.acetaiamarchi.com\/fr\/wp-json\/wp\/v2\/product\/11583\/revisions"}],"predecessor-version":[{"id":11584,"href":"https:\/\/www.acetaiamarchi.com\/fr\/wp-json\/wp\/v2\/product\/11583\/revisions\/11584"}],"wp:featuredmedia":[{"embeddable":true,"href":"https:\/\/www.acetaiamarchi.com\/fr\/wp-json\/wp\/v2\/media\/4164"}],"wp:attachment":[{"href":"https:\/\/www.acetaiamarchi.com\/fr\/wp-json\/wp\/v2\/media?parent=11583"}],"wp:term":[{"taxonomy":"product_brand","embeddable":true,"href":"https:\/\/www.acetaiamarchi.com\/fr\/wp-json\/wp\/v2\/product_brand?post=11583"},{"taxonomy":"product_cat","embeddable":true,"href":"https:\/\/www.acetaiamarchi.com\/fr\/wp-json\/wp\/v2\/product_cat?post=11583"},{"taxonomy":"product_tag","embeddable":true,"href":"https:\/\/www.acetaiamarchi.com\/fr\/wp-json\/wp\/v2\/product_tag?post=11583"}],"curies":[{"name":"wp","href":"https:\/\/api.w.org\/{rel}","templated":true}]}}