{"id":11506,"date":"2025-03-27T15:13:44","date_gmt":"2025-03-27T14:13:44","guid":{"rendered":"https:\/\/www.acetaiamarchi.com\/prodotto\/elegante-confezione-con-condimenti-balsamici-riserva-11-riserva-19\/"},"modified":"2025-11-19T12:02:05","modified_gmt":"2025-11-19T11:02:05","slug":"elegante-boite-avec-condiments-balsamiques-riserva-11-riserva-19","status":"publish","type":"product","link":"https:\/\/www.acetaiamarchi.com\/fr\/produit\/elegante-boite-avec-condiments-balsamiques-riserva-11-riserva-19\/","title":{"rendered":"\u00c9l\u00e9gante bo\u00eete avec Condiments Balsamiques \u00ab\u00a0Riserva 11\u00a0\u00bb &#038; \u00ab\u00a0Riserva 19\u00a0\u00bb"},"content":{"rendered":"<p>Les Condiments Balsamiques \u00ab Riserva 11 \u00bb et \u00ab Riserva 19 \u00bb sont produits en s\u00e9lectionnant et en m\u00e9langeant le Mo\u00fbt Cuit des raisins autochtones cultiv\u00e9s sur les terres familiales et du Vinaigre de Vin. Ces ingr\u00e9dients sont laiss\u00e9s \u00e0 maturer dans des f\u00fbts en bois noble. Gr\u00e2ce \u00e0 ce processus et \u00e0 l\u2019utilisation de mati\u00e8res premi\u00e8res de haute qualit\u00e9, nous pouvons proposer des produits au go\u00fbt unique et inimitable.<\/p>\n<p>Ce coffret cadeau propose des Condiments Balsamiques caract\u00e9ris\u00e9s par une saveur intense et agr\u00e9ablement acidul\u00e9e, une teinte noir intense et brillante, ainsi qu\u2019un parfum accentu\u00e9 et enivrant. Ils sont pr\u00e9sent\u00e9s dans les \u00e9l\u00e9gantes bouteilles Esmeralda de 100 ml.<\/p>\n<p><strong>En cuisine :<\/strong> Ils sont particuli\u00e8rement indiqu\u00e9s pour valoriser la saveur des viandes bouillies, des omelettes et des cr\u00e8mes au Parmesan.<\/p>\n","protected":false},"excerpt":{"rendered":"<p>N\u00e9s de la parfaite s\u00e9lection et de la mise en m\u00e9lange de Mo\u00fbt Cuit et de Vinaigre de Vin provenant des meilleurs raisins du territoire, ces pr\u00e9cieux <strong>Condiments Balsamiques<\/strong> m\u00fbrissent dans de petits f\u00fbts en diff\u00e9rents bois pr\u00e9cieux, dont ils absorbent leur note caract\u00e9ristique \u00e9quilibr\u00e9e, intense et agr\u00e9ablement acidul\u00e9e, avec une couleur brun fonc\u00e9, limpide et brillante et un parfum frais avec des notes balsamiques accentu\u00e9es.<\/p>\n","protected":false},"featured_media":2515,"template":"","meta":[],"product_brand":[],"product_cat":[512],"product_tag":[],"class_list":{"0":"post-11506","1":"product","2":"type-product","3":"status-publish","4":"has-post-thumbnail","6":"product_cat-coffrets-cadeaux","8":"first","9":"instock","10":"featured","11":"shipping-taxable","12":"purchasable","13":"product-type-simple"},"yoast_head":"<!-- This site is optimized with the Yoast SEO plugin v27.4 - https:\/\/yoast.com\/product\/yoast-seo-wordpress\/ -->\n<title>\u00c9l\u00e9gante bo\u00eete avec Condiments Balsamiques \u00ab\u00a0Riserva 11\u00a0\u00bb &amp; \u00ab\u00a0Riserva 19\u00a0\u00bb<\/title>\n<meta name=\"description\" content=\"Preziosi\u00a0Condimenti Balsamici\u00a0maturati in piccole botti di legni pregiati, da cui assorbono la loro caratteristica nota intensa e note balsamiche accentuate\" \/>\n<meta name=\"robots\" content=\"index, follow, max-snippet:-1, max-image-preview:large, max-video-preview:-1\" \/>\n<link rel=\"canonical\" href=\"https:\/\/www.acetaiamarchi.com\/fr\/produit\/elegante-boite-avec-condiments-balsamiques-riserva-11-riserva-19\/\" \/>\n<meta property=\"og:locale\" content=\"fr_FR\" \/>\n<meta property=\"og:type\" content=\"article\" \/>\n<meta property=\"og:title\" content=\"\u00c9l\u00e9gante bo\u00eete avec Condiments Balsamiques \u00ab\u00a0Riserva 11\u00a0\u00bb &amp; \u00ab\u00a0Riserva 19\u00a0\u00bb\" \/>\n<meta property=\"og:description\" content=\"Preziosi\u00a0Condimenti Balsamici\u00a0maturati in piccole botti di legni pregiati, da cui assorbono la loro caratteristica nota intensa e note balsamiche accentuate\" \/>\n<meta property=\"og:url\" content=\"https:\/\/www.acetaiamarchi.com\/fr\/produit\/elegante-boite-avec-condiments-balsamiques-riserva-11-riserva-19\/\" \/>\n<meta property=\"og:site_name\" content=\"Acetaia Marchi\" \/>\n<meta property=\"article:modified_time\" content=\"2025-11-19T11:02:05+00:00\" \/>\n<meta property=\"og:image\" content=\"https:\/\/www.acetaiamarchi.com\/wp-content\/uploads\/2025\/03\/Confezione-regalo-condimenti-balsamici-Riserva-11-e-Riserva-19.jpg\" \/>\n\t<meta property=\"og:image:width\" content=\"1600\" \/>\n\t<meta property=\"og:image:height\" content=\"1600\" \/>\n\t<meta property=\"og:image:type\" content=\"image\/jpeg\" \/>\n<meta name=\"twitter:card\" content=\"summary_large_image\" \/>\n<meta name=\"twitter:label1\" content=\"Dur\u00e9e de lecture estim\u00e9e\" \/>\n\t<meta name=\"twitter:data1\" content=\"1 minute\" \/>\n<script type=\"application\/ld+json\" class=\"yoast-schema-graph\">{\"@context\":\"https:\\\/\\\/schema.org\",\"@graph\":[{\"@type\":\"WebPage\",\"@id\":\"https:\\\/\\\/www.acetaiamarchi.com\\\/fr\\\/produit\\\/elegante-boite-avec-condiments-balsamiques-riserva-11-riserva-19\\\/\",\"url\":\"https:\\\/\\\/www.acetaiamarchi.com\\\/fr\\\/produit\\\/elegante-boite-avec-condiments-balsamiques-riserva-11-riserva-19\\\/\",\"name\":\"\u00c9l\u00e9gante bo\u00eete avec Condiments Balsamiques \u00ab\u00a0Riserva 11\u00a0\u00bb & \u00ab\u00a0Riserva 19\u00a0\u00bb\",\"isPartOf\":{\"@id\":\"https:\\\/\\\/www.acetaiamarchi.com\\\/fr\\\/#website\"},\"primaryImageOfPage\":{\"@id\":\"https:\\\/\\\/www.acetaiamarchi.com\\\/fr\\\/produit\\\/elegante-boite-avec-condiments-balsamiques-riserva-11-riserva-19\\\/#primaryimage\"},\"image\":{\"@id\":\"https:\\\/\\\/www.acetaiamarchi.com\\\/fr\\\/produit\\\/elegante-boite-avec-condiments-balsamiques-riserva-11-riserva-19\\\/#primaryimage\"},\"thumbnailUrl\":\"https:\\\/\\\/www.acetaiamarchi.com\\\/wp-content\\\/uploads\\\/2025\\\/03\\\/Confezione-regalo-condimenti-balsamici-Riserva-11-e-Riserva-19.jpg\",\"datePublished\":\"2025-03-27T14:13:44+00:00\",\"dateModified\":\"2025-11-19T11:02:05+00:00\",\"description\":\"Preziosi\u00a0Condimenti Balsamici\u00a0maturati in piccole botti di legni pregiati, da cui assorbono la loro caratteristica nota intensa e note balsamiche accentuate\",\"breadcrumb\":{\"@id\":\"https:\\\/\\\/www.acetaiamarchi.com\\\/fr\\\/produit\\\/elegante-boite-avec-condiments-balsamiques-riserva-11-riserva-19\\\/#breadcrumb\"},\"inLanguage\":\"fr-FR\",\"potentialAction\":[{\"@type\":\"ReadAction\",\"target\":[\"https:\\\/\\\/www.acetaiamarchi.com\\\/fr\\\/produit\\\/elegante-boite-avec-condiments-balsamiques-riserva-11-riserva-19\\\/\"]}]},{\"@type\":\"ImageObject\",\"inLanguage\":\"fr-FR\",\"@id\":\"https:\\\/\\\/www.acetaiamarchi.com\\\/fr\\\/produit\\\/elegante-boite-avec-condiments-balsamiques-riserva-11-riserva-19\\\/#primaryimage\",\"url\":\"https:\\\/\\\/www.acetaiamarchi.com\\\/wp-content\\\/uploads\\\/2025\\\/03\\\/Confezione-regalo-condimenti-balsamici-Riserva-11-e-Riserva-19.jpg\",\"contentUrl\":\"https:\\\/\\\/www.acetaiamarchi.com\\\/wp-content\\\/uploads\\\/2025\\\/03\\\/Confezione-regalo-condimenti-balsamici-Riserva-11-e-Riserva-19.jpg\",\"width\":1600,\"height\":1600,\"caption\":\"Elegante confezione con Condimenti Balsamici \u201dRiserva 11\u201d & \u201dRiserva 19\u201d\"},{\"@type\":\"BreadcrumbList\",\"@id\":\"https:\\\/\\\/www.acetaiamarchi.com\\\/fr\\\/produit\\\/elegante-boite-avec-condiments-balsamiques-riserva-11-riserva-19\\\/#breadcrumb\",\"itemListElement\":[{\"@type\":\"ListItem\",\"position\":1,\"name\":\"Home\",\"item\":\"https:\\\/\\\/www.acetaiamarchi.com\\\/fr\\\/\"},{\"@type\":\"ListItem\",\"position\":2,\"name\":\"Produits\",\"item\":\"https:\\\/\\\/www.acetaiamarchi.com\\\/fr\\\/shop\\\/\"},{\"@type\":\"ListItem\",\"position\":3,\"name\":\"\u00c9l\u00e9gante bo\u00eete avec Condiments Balsamiques \u00ab\u00a0Riserva 11\u00a0\u00bb &#038; \u00ab\u00a0Riserva 19\u00a0\u00bb\"}]},{\"@type\":\"WebSite\",\"@id\":\"https:\\\/\\\/www.acetaiamarchi.com\\\/fr\\\/#website\",\"url\":\"https:\\\/\\\/www.acetaiamarchi.com\\\/fr\\\/\",\"name\":\"Acetaia Marchi Srl\",\"description\":\"\",\"publisher\":{\"@id\":\"https:\\\/\\\/www.acetaiamarchi.com\\\/fr\\\/#organization\"},\"potentialAction\":[{\"@type\":\"SearchAction\",\"target\":{\"@type\":\"EntryPoint\",\"urlTemplate\":\"https:\\\/\\\/www.acetaiamarchi.com\\\/fr\\\/?s={search_term_string}\"},\"query-input\":{\"@type\":\"PropertyValueSpecification\",\"valueRequired\":true,\"valueName\":\"search_term_string\"}}],\"inLanguage\":\"fr-FR\"},{\"@type\":\"Organization\",\"@id\":\"https:\\\/\\\/www.acetaiamarchi.com\\\/fr\\\/#organization\",\"name\":\"Acetaia Marchi Srl\",\"url\":\"https:\\\/\\\/www.acetaiamarchi.com\\\/fr\\\/\",\"logo\":{\"@type\":\"ImageObject\",\"inLanguage\":\"fr-FR\",\"@id\":\"https:\\\/\\\/www.acetaiamarchi.com\\\/fr\\\/#\\\/schema\\\/logo\\\/image\\\/\",\"url\":\"https:\\\/\\\/acetaiamarchi.com\\\/wp-content\\\/uploads\\\/2025\\\/03\\\/Acetaia-Marchi-Srl-Logo.png\",\"contentUrl\":\"https:\\\/\\\/acetaiamarchi.com\\\/wp-content\\\/uploads\\\/2025\\\/03\\\/Acetaia-Marchi-Srl-Logo.png\",\"width\":2000,\"height\":2000,\"caption\":\"Acetaia Marchi Srl\"},\"image\":{\"@id\":\"https:\\\/\\\/www.acetaiamarchi.com\\\/fr\\\/#\\\/schema\\\/logo\\\/image\\\/\"}}]}<\/script>\n<!-- \/ Yoast SEO plugin. -->","yoast_head_json":{"title":"\u00c9l\u00e9gante bo\u00eete avec Condiments Balsamiques \u00ab\u00a0Riserva 11\u00a0\u00bb & \u00ab\u00a0Riserva 19\u00a0\u00bb","description":"Preziosi\u00a0Condimenti Balsamici\u00a0maturati in piccole botti di legni pregiati, da cui assorbono la loro caratteristica nota intensa e note balsamiche accentuate","robots":{"index":"index","follow":"follow","max-snippet":"max-snippet:-1","max-image-preview":"max-image-preview:large","max-video-preview":"max-video-preview:-1"},"canonical":"https:\/\/www.acetaiamarchi.com\/fr\/produit\/elegante-boite-avec-condiments-balsamiques-riserva-11-riserva-19\/","og_locale":"fr_FR","og_type":"article","og_title":"\u00c9l\u00e9gante bo\u00eete avec Condiments Balsamiques \u00ab\u00a0Riserva 11\u00a0\u00bb & \u00ab\u00a0Riserva 19\u00a0\u00bb","og_description":"Preziosi\u00a0Condimenti Balsamici\u00a0maturati in piccole botti di legni pregiati, da cui assorbono la loro caratteristica nota intensa e note balsamiche accentuate","og_url":"https:\/\/www.acetaiamarchi.com\/fr\/produit\/elegante-boite-avec-condiments-balsamiques-riserva-11-riserva-19\/","og_site_name":"Acetaia Marchi","article_modified_time":"2025-11-19T11:02:05+00:00","og_image":[{"width":1600,"height":1600,"url":"https:\/\/www.acetaiamarchi.com\/wp-content\/uploads\/2025\/03\/Confezione-regalo-condimenti-balsamici-Riserva-11-e-Riserva-19.jpg","type":"image\/jpeg"}],"twitter_card":"summary_large_image","twitter_misc":{"Dur\u00e9e de lecture estim\u00e9e":"1 minute"},"schema":{"@context":"https:\/\/schema.org","@graph":[{"@type":"WebPage","@id":"https:\/\/www.acetaiamarchi.com\/fr\/produit\/elegante-boite-avec-condiments-balsamiques-riserva-11-riserva-19\/","url":"https:\/\/www.acetaiamarchi.com\/fr\/produit\/elegante-boite-avec-condiments-balsamiques-riserva-11-riserva-19\/","name":"\u00c9l\u00e9gante bo\u00eete avec Condiments Balsamiques \u00ab\u00a0Riserva 11\u00a0\u00bb & \u00ab\u00a0Riserva 19\u00a0\u00bb","isPartOf":{"@id":"https:\/\/www.acetaiamarchi.com\/fr\/#website"},"primaryImageOfPage":{"@id":"https:\/\/www.acetaiamarchi.com\/fr\/produit\/elegante-boite-avec-condiments-balsamiques-riserva-11-riserva-19\/#primaryimage"},"image":{"@id":"https:\/\/www.acetaiamarchi.com\/fr\/produit\/elegante-boite-avec-condiments-balsamiques-riserva-11-riserva-19\/#primaryimage"},"thumbnailUrl":"https:\/\/www.acetaiamarchi.com\/wp-content\/uploads\/2025\/03\/Confezione-regalo-condimenti-balsamici-Riserva-11-e-Riserva-19.jpg","datePublished":"2025-03-27T14:13:44+00:00","dateModified":"2025-11-19T11:02:05+00:00","description":"Preziosi\u00a0Condimenti Balsamici\u00a0maturati in piccole botti di legni pregiati, da cui assorbono la loro caratteristica nota intensa e note balsamiche accentuate","breadcrumb":{"@id":"https:\/\/www.acetaiamarchi.com\/fr\/produit\/elegante-boite-avec-condiments-balsamiques-riserva-11-riserva-19\/#breadcrumb"},"inLanguage":"fr-FR","potentialAction":[{"@type":"ReadAction","target":["https:\/\/www.acetaiamarchi.com\/fr\/produit\/elegante-boite-avec-condiments-balsamiques-riserva-11-riserva-19\/"]}]},{"@type":"ImageObject","inLanguage":"fr-FR","@id":"https:\/\/www.acetaiamarchi.com\/fr\/produit\/elegante-boite-avec-condiments-balsamiques-riserva-11-riserva-19\/#primaryimage","url":"https:\/\/www.acetaiamarchi.com\/wp-content\/uploads\/2025\/03\/Confezione-regalo-condimenti-balsamici-Riserva-11-e-Riserva-19.jpg","contentUrl":"https:\/\/www.acetaiamarchi.com\/wp-content\/uploads\/2025\/03\/Confezione-regalo-condimenti-balsamici-Riserva-11-e-Riserva-19.jpg","width":1600,"height":1600,"caption":"Elegante confezione con Condimenti Balsamici \u201dRiserva 11\u201d & \u201dRiserva 19\u201d"},{"@type":"BreadcrumbList","@id":"https:\/\/www.acetaiamarchi.com\/fr\/produit\/elegante-boite-avec-condiments-balsamiques-riserva-11-riserva-19\/#breadcrumb","itemListElement":[{"@type":"ListItem","position":1,"name":"Home","item":"https:\/\/www.acetaiamarchi.com\/fr\/"},{"@type":"ListItem","position":2,"name":"Produits","item":"https:\/\/www.acetaiamarchi.com\/fr\/shop\/"},{"@type":"ListItem","position":3,"name":"\u00c9l\u00e9gante bo\u00eete avec Condiments Balsamiques \u00ab\u00a0Riserva 11\u00a0\u00bb &#038; \u00ab\u00a0Riserva 19\u00a0\u00bb"}]},{"@type":"WebSite","@id":"https:\/\/www.acetaiamarchi.com\/fr\/#website","url":"https:\/\/www.acetaiamarchi.com\/fr\/","name":"Acetaia Marchi Srl","description":"","publisher":{"@id":"https:\/\/www.acetaiamarchi.com\/fr\/#organization"},"potentialAction":[{"@type":"SearchAction","target":{"@type":"EntryPoint","urlTemplate":"https:\/\/www.acetaiamarchi.com\/fr\/?s={search_term_string}"},"query-input":{"@type":"PropertyValueSpecification","valueRequired":true,"valueName":"search_term_string"}}],"inLanguage":"fr-FR"},{"@type":"Organization","@id":"https:\/\/www.acetaiamarchi.com\/fr\/#organization","name":"Acetaia Marchi Srl","url":"https:\/\/www.acetaiamarchi.com\/fr\/","logo":{"@type":"ImageObject","inLanguage":"fr-FR","@id":"https:\/\/www.acetaiamarchi.com\/fr\/#\/schema\/logo\/image\/","url":"https:\/\/acetaiamarchi.com\/wp-content\/uploads\/2025\/03\/Acetaia-Marchi-Srl-Logo.png","contentUrl":"https:\/\/acetaiamarchi.com\/wp-content\/uploads\/2025\/03\/Acetaia-Marchi-Srl-Logo.png","width":2000,"height":2000,"caption":"Acetaia Marchi Srl"},"image":{"@id":"https:\/\/www.acetaiamarchi.com\/fr\/#\/schema\/logo\/image\/"}}]}},"_links":{"self":[{"href":"https:\/\/www.acetaiamarchi.com\/fr\/wp-json\/wp\/v2\/product\/11506","targetHints":{"allow":["GET"]}}],"collection":[{"href":"https:\/\/www.acetaiamarchi.com\/fr\/wp-json\/wp\/v2\/product"}],"about":[{"href":"https:\/\/www.acetaiamarchi.com\/fr\/wp-json\/wp\/v2\/types\/product"}],"version-history":[{"count":3,"href":"https:\/\/www.acetaiamarchi.com\/fr\/wp-json\/wp\/v2\/product\/11506\/revisions"}],"predecessor-version":[{"id":11514,"href":"https:\/\/www.acetaiamarchi.com\/fr\/wp-json\/wp\/v2\/product\/11506\/revisions\/11514"}],"wp:featuredmedia":[{"embeddable":true,"href":"https:\/\/www.acetaiamarchi.com\/fr\/wp-json\/wp\/v2\/media\/2515"}],"wp:attachment":[{"href":"https:\/\/www.acetaiamarchi.com\/fr\/wp-json\/wp\/v2\/media?parent=11506"}],"wp:term":[{"taxonomy":"product_brand","embeddable":true,"href":"https:\/\/www.acetaiamarchi.com\/fr\/wp-json\/wp\/v2\/product_brand?post=11506"},{"taxonomy":"product_cat","embeddable":true,"href":"https:\/\/www.acetaiamarchi.com\/fr\/wp-json\/wp\/v2\/product_cat?post=11506"},{"taxonomy":"product_tag","embeddable":true,"href":"https:\/\/www.acetaiamarchi.com\/fr\/wp-json\/wp\/v2\/product_tag?post=11506"}],"curies":[{"name":"wp","href":"https:\/\/api.w.org\/{rel}","templated":true}]}}