{"id":11223,"date":"2025-03-27T15:32:06","date_gmt":"2025-03-27T14:32:06","guid":{"rendered":"https:\/\/www.acetaiamarchi.com\/?post_type=product&#038;p=11223"},"modified":"2025-11-19T10:43:50","modified_gmt":"2025-11-19T09:43:50","slug":"elegante-boite-avec-condiments-balsamiques-riserva-16-riserva-30","status":"publish","type":"product","link":"https:\/\/www.acetaiamarchi.com\/fr\/produit\/elegante-boite-avec-condiments-balsamiques-riserva-16-riserva-30\/","title":{"rendered":"\u00c9l\u00e9gante bo\u00eete avec Condiments Balsamiques \u00ab\u00a0Riserva 16\u00a0\u00bb &#038; \u00ab\u00a0Riserva 30\u00a0\u00bb"},"content":{"rendered":"<p>Cette \u00e9l\u00e9gante bo\u00eete cadeau contient deux Condiments Balsamiques pr\u00e9cieux : le \u00ab Riserva 16 \u00bb et le \u00ab Riserva 30 \u00bb. Ces produits se distinguent au premier regard par leur couleur noire intense, limpide et brillante. Puis, d\u00e8s la premi\u00e8re d\u00e9gustation, ils s\u00e9duisent par leur saveur \u00e9quilibr\u00e9e et agr\u00e9ablement acidul\u00e9e, accompagn\u00e9e d\u2019un parfum fragrante aux notes balsamiques prononc\u00e9es.<\/p>\n<p>Ce qui rend ces Condiments Balsamiques si appr\u00e9ciables, ce sont certainement les m\u00e9thodes de pr\u00e9paration traditionnelles, transmises au fil des si\u00e8cles par la famille Marchi. Notre production pr\u00e9voit la combinaison de mo\u00fbts de raisin cuits optimaux, pr\u00e9par\u00e9s avec les raisins autochtones de Mod\u00e8ne issus de nos vignobles familiaux, et un excellent vinaigre de vin. Ces ingr\u00e9dients soigneusement s\u00e9lectionn\u00e9s sont m\u00e9lang\u00e9s avec soin et laiss\u00e9s \u00e0 reposer pendant des ann\u00e9es, d\u2019abord en f\u00fbts de ch\u00eane, puis dans d\u2019anciennes barriques en diff\u00e9rents bois pr\u00e9cieux.<\/p>\n<p>Ces m\u00e9thodes de production permettent de donner vie \u00e0 des produits de tr\u00e8s haute qualit\u00e9 et d\u2019une maturit\u00e9 remarquable. Cette bo\u00eete cadeau contient des Condiments Balsamiques qui peuvent \u00eatre consid\u00e9r\u00e9s comme de v\u00e9ritables joyaux d\u2019exposition et de d\u00e9gustation, propos\u00e9s dans les \u00e9l\u00e9gantes bouteilles Esmeralda de 40 ml.<\/p>\n<p><strong><em>En cuisine<\/em> :<\/strong> Excellents pour la pr\u00e9paration de risottos, omelettes et crevettes grill\u00e9es.<\/p>\n","protected":false},"excerpt":{"rendered":"<p>Ces condiments balsamiques pr\u00e9cieux, de couleur brun fonc\u00e9, limpide et brillant, au go\u00fbt \u00e9quilibr\u00e9, intense, agr\u00e9ablement acidul\u00e9 et au parfum fragrante avec des notes balsamiques accentu\u00e9es, sont obtenus gr\u00e2ce au savoir-faire transmis au fil des si\u00e8cles par la famille Marchi.<\/p>\n","protected":false},"featured_media":2515,"template":"","meta":[],"product_brand":[],"product_cat":[512],"product_tag":[319,383],"class_list":{"0":"post-11223","1":"product","2":"type-product","3":"status-publish","4":"has-post-thumbnail","6":"product_cat-coffrets-cadeaux","7":"product_tag-boite-cadeau","8":"product_tag-condiments-fr","10":"first","11":"outofstock","12":"featured","13":"shipping-taxable","14":"purchasable","15":"product-type-simple"},"yoast_head":"<!-- This site is optimized with the Yoast SEO plugin v27.4 - https:\/\/yoast.com\/product\/yoast-seo-wordpress\/ -->\n<title>\u00c9l\u00e9gante bo\u00eete avec Condiments Balsamiques \u00ab\u00a0Riserva 16\u00a0\u00bb &amp; \u00ab\u00a0Riserva 30\u00a0\u00bb - Acetaia Marchi<\/title>\n<meta name=\"description\" content=\"Cet \u00e9l\u00e9gant coffret cadeau contient deux excellents condiments balsamiques : Riserva 16 et Riserva 30.\" \/>\n<meta name=\"robots\" content=\"index, follow, max-snippet:-1, max-image-preview:large, max-video-preview:-1\" \/>\n<link rel=\"canonical\" href=\"https:\/\/www.acetaiamarchi.com\/fr\/produit\/elegante-boite-avec-condiments-balsamiques-riserva-16-riserva-30\/\" \/>\n<meta property=\"og:locale\" content=\"fr_FR\" \/>\n<meta property=\"og:type\" content=\"article\" \/>\n<meta property=\"og:title\" content=\"\u00c9l\u00e9gante bo\u00eete avec Condiments Balsamiques \u00ab\u00a0Riserva 16\u00a0\u00bb &amp; \u00ab\u00a0Riserva 30\u00a0\u00bb - Acetaia Marchi\" \/>\n<meta property=\"og:description\" content=\"Cet \u00e9l\u00e9gant coffret cadeau contient deux excellents condiments balsamiques : Riserva 16 et Riserva 30.\" \/>\n<meta property=\"og:url\" content=\"https:\/\/www.acetaiamarchi.com\/fr\/produit\/elegante-boite-avec-condiments-balsamiques-riserva-16-riserva-30\/\" \/>\n<meta property=\"og:site_name\" content=\"Acetaia Marchi\" \/>\n<meta property=\"article:modified_time\" content=\"2025-11-19T09:43:50+00:00\" \/>\n<meta property=\"og:image\" content=\"https:\/\/www.acetaiamarchi.com\/wp-content\/uploads\/2025\/03\/Confezione-regalo-condimenti-balsamici-Riserva-11-e-Riserva-19.jpg\" \/>\n\t<meta property=\"og:image:width\" content=\"1600\" \/>\n\t<meta property=\"og:image:height\" content=\"1600\" \/>\n\t<meta property=\"og:image:type\" content=\"image\/jpeg\" \/>\n<meta name=\"twitter:card\" content=\"summary_large_image\" \/>\n<meta name=\"twitter:label1\" content=\"Dur\u00e9e de lecture estim\u00e9e\" \/>\n\t<meta name=\"twitter:data1\" content=\"1 minute\" \/>\n<script type=\"application\/ld+json\" class=\"yoast-schema-graph\">{\"@context\":\"https:\\\/\\\/schema.org\",\"@graph\":[{\"@type\":\"WebPage\",\"@id\":\"https:\\\/\\\/www.acetaiamarchi.com\\\/fr\\\/produit\\\/elegante-boite-avec-condiments-balsamiques-riserva-16-riserva-30\\\/\",\"url\":\"https:\\\/\\\/www.acetaiamarchi.com\\\/fr\\\/produit\\\/elegante-boite-avec-condiments-balsamiques-riserva-16-riserva-30\\\/\",\"name\":\"\u00c9l\u00e9gante bo\u00eete avec Condiments Balsamiques \u00ab\u00a0Riserva 16\u00a0\u00bb & \u00ab\u00a0Riserva 30\u00a0\u00bb - Acetaia Marchi\",\"isPartOf\":{\"@id\":\"https:\\\/\\\/www.acetaiamarchi.com\\\/fr\\\/#website\"},\"primaryImageOfPage\":{\"@id\":\"https:\\\/\\\/www.acetaiamarchi.com\\\/fr\\\/produit\\\/elegante-boite-avec-condiments-balsamiques-riserva-16-riserva-30\\\/#primaryimage\"},\"image\":{\"@id\":\"https:\\\/\\\/www.acetaiamarchi.com\\\/fr\\\/produit\\\/elegante-boite-avec-condiments-balsamiques-riserva-16-riserva-30\\\/#primaryimage\"},\"thumbnailUrl\":\"https:\\\/\\\/www.acetaiamarchi.com\\\/wp-content\\\/uploads\\\/2025\\\/03\\\/Confezione-regalo-condimenti-balsamici-Riserva-11-e-Riserva-19.jpg\",\"datePublished\":\"2025-03-27T14:32:06+00:00\",\"dateModified\":\"2025-11-19T09:43:50+00:00\",\"description\":\"Cet \u00e9l\u00e9gant coffret cadeau contient deux excellents condiments balsamiques : Riserva 16 et Riserva 30.\",\"breadcrumb\":{\"@id\":\"https:\\\/\\\/www.acetaiamarchi.com\\\/fr\\\/produit\\\/elegante-boite-avec-condiments-balsamiques-riserva-16-riserva-30\\\/#breadcrumb\"},\"inLanguage\":\"fr-FR\",\"potentialAction\":[{\"@type\":\"ReadAction\",\"target\":[\"https:\\\/\\\/www.acetaiamarchi.com\\\/fr\\\/produit\\\/elegante-boite-avec-condiments-balsamiques-riserva-16-riserva-30\\\/\"]}]},{\"@type\":\"ImageObject\",\"inLanguage\":\"fr-FR\",\"@id\":\"https:\\\/\\\/www.acetaiamarchi.com\\\/fr\\\/produit\\\/elegante-boite-avec-condiments-balsamiques-riserva-16-riserva-30\\\/#primaryimage\",\"url\":\"https:\\\/\\\/www.acetaiamarchi.com\\\/wp-content\\\/uploads\\\/2025\\\/03\\\/Confezione-regalo-condimenti-balsamici-Riserva-11-e-Riserva-19.jpg\",\"contentUrl\":\"https:\\\/\\\/www.acetaiamarchi.com\\\/wp-content\\\/uploads\\\/2025\\\/03\\\/Confezione-regalo-condimenti-balsamici-Riserva-11-e-Riserva-19.jpg\",\"width\":1600,\"height\":1600,\"caption\":\"Elegante confezione con Condimenti Balsamici Riserva 11 & Riserva 19\"},{\"@type\":\"BreadcrumbList\",\"@id\":\"https:\\\/\\\/www.acetaiamarchi.com\\\/fr\\\/produit\\\/elegante-boite-avec-condiments-balsamiques-riserva-16-riserva-30\\\/#breadcrumb\",\"itemListElement\":[{\"@type\":\"ListItem\",\"position\":1,\"name\":\"Home\",\"item\":\"https:\\\/\\\/www.acetaiamarchi.com\\\/fr\\\/\"},{\"@type\":\"ListItem\",\"position\":2,\"name\":\"Produits\",\"item\":\"https:\\\/\\\/www.acetaiamarchi.com\\\/fr\\\/shop\\\/\"},{\"@type\":\"ListItem\",\"position\":3,\"name\":\"\u00c9l\u00e9gante bo\u00eete avec Condiments Balsamiques \u00ab\u00a0Riserva 16\u00a0\u00bb &#038; \u00ab\u00a0Riserva 30\u00a0\u00bb\"}]},{\"@type\":\"WebSite\",\"@id\":\"https:\\\/\\\/www.acetaiamarchi.com\\\/fr\\\/#website\",\"url\":\"https:\\\/\\\/www.acetaiamarchi.com\\\/fr\\\/\",\"name\":\"Acetaia Marchi Srl\",\"description\":\"\",\"publisher\":{\"@id\":\"https:\\\/\\\/www.acetaiamarchi.com\\\/fr\\\/#organization\"},\"potentialAction\":[{\"@type\":\"SearchAction\",\"target\":{\"@type\":\"EntryPoint\",\"urlTemplate\":\"https:\\\/\\\/www.acetaiamarchi.com\\\/fr\\\/?s={search_term_string}\"},\"query-input\":{\"@type\":\"PropertyValueSpecification\",\"valueRequired\":true,\"valueName\":\"search_term_string\"}}],\"inLanguage\":\"fr-FR\"},{\"@type\":\"Organization\",\"@id\":\"https:\\\/\\\/www.acetaiamarchi.com\\\/fr\\\/#organization\",\"name\":\"Acetaia Marchi Srl\",\"url\":\"https:\\\/\\\/www.acetaiamarchi.com\\\/fr\\\/\",\"logo\":{\"@type\":\"ImageObject\",\"inLanguage\":\"fr-FR\",\"@id\":\"https:\\\/\\\/www.acetaiamarchi.com\\\/fr\\\/#\\\/schema\\\/logo\\\/image\\\/\",\"url\":\"https:\\\/\\\/acetaiamarchi.com\\\/wp-content\\\/uploads\\\/2025\\\/03\\\/Acetaia-Marchi-Srl-Logo.png\",\"contentUrl\":\"https:\\\/\\\/acetaiamarchi.com\\\/wp-content\\\/uploads\\\/2025\\\/03\\\/Acetaia-Marchi-Srl-Logo.png\",\"width\":2000,\"height\":2000,\"caption\":\"Acetaia Marchi Srl\"},\"image\":{\"@id\":\"https:\\\/\\\/www.acetaiamarchi.com\\\/fr\\\/#\\\/schema\\\/logo\\\/image\\\/\"}}]}<\/script>\n<!-- \/ Yoast SEO plugin. -->","yoast_head_json":{"title":"\u00c9l\u00e9gante bo\u00eete avec Condiments Balsamiques \u00ab\u00a0Riserva 16\u00a0\u00bb & \u00ab\u00a0Riserva 30\u00a0\u00bb - Acetaia Marchi","description":"Cet \u00e9l\u00e9gant coffret cadeau contient deux excellents condiments balsamiques : Riserva 16 et Riserva 30.","robots":{"index":"index","follow":"follow","max-snippet":"max-snippet:-1","max-image-preview":"max-image-preview:large","max-video-preview":"max-video-preview:-1"},"canonical":"https:\/\/www.acetaiamarchi.com\/fr\/produit\/elegante-boite-avec-condiments-balsamiques-riserva-16-riserva-30\/","og_locale":"fr_FR","og_type":"article","og_title":"\u00c9l\u00e9gante bo\u00eete avec Condiments Balsamiques \u00ab\u00a0Riserva 16\u00a0\u00bb & \u00ab\u00a0Riserva 30\u00a0\u00bb - Acetaia Marchi","og_description":"Cet \u00e9l\u00e9gant coffret cadeau contient deux excellents condiments balsamiques : Riserva 16 et Riserva 30.","og_url":"https:\/\/www.acetaiamarchi.com\/fr\/produit\/elegante-boite-avec-condiments-balsamiques-riserva-16-riserva-30\/","og_site_name":"Acetaia Marchi","article_modified_time":"2025-11-19T09:43:50+00:00","og_image":[{"width":1600,"height":1600,"url":"https:\/\/www.acetaiamarchi.com\/wp-content\/uploads\/2025\/03\/Confezione-regalo-condimenti-balsamici-Riserva-11-e-Riserva-19.jpg","type":"image\/jpeg"}],"twitter_card":"summary_large_image","twitter_misc":{"Dur\u00e9e de lecture estim\u00e9e":"1 minute"},"schema":{"@context":"https:\/\/schema.org","@graph":[{"@type":"WebPage","@id":"https:\/\/www.acetaiamarchi.com\/fr\/produit\/elegante-boite-avec-condiments-balsamiques-riserva-16-riserva-30\/","url":"https:\/\/www.acetaiamarchi.com\/fr\/produit\/elegante-boite-avec-condiments-balsamiques-riserva-16-riserva-30\/","name":"\u00c9l\u00e9gante bo\u00eete avec Condiments Balsamiques \u00ab\u00a0Riserva 16\u00a0\u00bb & \u00ab\u00a0Riserva 30\u00a0\u00bb - Acetaia Marchi","isPartOf":{"@id":"https:\/\/www.acetaiamarchi.com\/fr\/#website"},"primaryImageOfPage":{"@id":"https:\/\/www.acetaiamarchi.com\/fr\/produit\/elegante-boite-avec-condiments-balsamiques-riserva-16-riserva-30\/#primaryimage"},"image":{"@id":"https:\/\/www.acetaiamarchi.com\/fr\/produit\/elegante-boite-avec-condiments-balsamiques-riserva-16-riserva-30\/#primaryimage"},"thumbnailUrl":"https:\/\/www.acetaiamarchi.com\/wp-content\/uploads\/2025\/03\/Confezione-regalo-condimenti-balsamici-Riserva-11-e-Riserva-19.jpg","datePublished":"2025-03-27T14:32:06+00:00","dateModified":"2025-11-19T09:43:50+00:00","description":"Cet \u00e9l\u00e9gant coffret cadeau contient deux excellents condiments balsamiques : Riserva 16 et Riserva 30.","breadcrumb":{"@id":"https:\/\/www.acetaiamarchi.com\/fr\/produit\/elegante-boite-avec-condiments-balsamiques-riserva-16-riserva-30\/#breadcrumb"},"inLanguage":"fr-FR","potentialAction":[{"@type":"ReadAction","target":["https:\/\/www.acetaiamarchi.com\/fr\/produit\/elegante-boite-avec-condiments-balsamiques-riserva-16-riserva-30\/"]}]},{"@type":"ImageObject","inLanguage":"fr-FR","@id":"https:\/\/www.acetaiamarchi.com\/fr\/produit\/elegante-boite-avec-condiments-balsamiques-riserva-16-riserva-30\/#primaryimage","url":"https:\/\/www.acetaiamarchi.com\/wp-content\/uploads\/2025\/03\/Confezione-regalo-condimenti-balsamici-Riserva-11-e-Riserva-19.jpg","contentUrl":"https:\/\/www.acetaiamarchi.com\/wp-content\/uploads\/2025\/03\/Confezione-regalo-condimenti-balsamici-Riserva-11-e-Riserva-19.jpg","width":1600,"height":1600,"caption":"Elegante confezione con Condimenti Balsamici Riserva 11 & Riserva 19"},{"@type":"BreadcrumbList","@id":"https:\/\/www.acetaiamarchi.com\/fr\/produit\/elegante-boite-avec-condiments-balsamiques-riserva-16-riserva-30\/#breadcrumb","itemListElement":[{"@type":"ListItem","position":1,"name":"Home","item":"https:\/\/www.acetaiamarchi.com\/fr\/"},{"@type":"ListItem","position":2,"name":"Produits","item":"https:\/\/www.acetaiamarchi.com\/fr\/shop\/"},{"@type":"ListItem","position":3,"name":"\u00c9l\u00e9gante bo\u00eete avec Condiments Balsamiques \u00ab\u00a0Riserva 16\u00a0\u00bb &#038; \u00ab\u00a0Riserva 30\u00a0\u00bb"}]},{"@type":"WebSite","@id":"https:\/\/www.acetaiamarchi.com\/fr\/#website","url":"https:\/\/www.acetaiamarchi.com\/fr\/","name":"Acetaia Marchi Srl","description":"","publisher":{"@id":"https:\/\/www.acetaiamarchi.com\/fr\/#organization"},"potentialAction":[{"@type":"SearchAction","target":{"@type":"EntryPoint","urlTemplate":"https:\/\/www.acetaiamarchi.com\/fr\/?s={search_term_string}"},"query-input":{"@type":"PropertyValueSpecification","valueRequired":true,"valueName":"search_term_string"}}],"inLanguage":"fr-FR"},{"@type":"Organization","@id":"https:\/\/www.acetaiamarchi.com\/fr\/#organization","name":"Acetaia Marchi Srl","url":"https:\/\/www.acetaiamarchi.com\/fr\/","logo":{"@type":"ImageObject","inLanguage":"fr-FR","@id":"https:\/\/www.acetaiamarchi.com\/fr\/#\/schema\/logo\/image\/","url":"https:\/\/acetaiamarchi.com\/wp-content\/uploads\/2025\/03\/Acetaia-Marchi-Srl-Logo.png","contentUrl":"https:\/\/acetaiamarchi.com\/wp-content\/uploads\/2025\/03\/Acetaia-Marchi-Srl-Logo.png","width":2000,"height":2000,"caption":"Acetaia Marchi Srl"},"image":{"@id":"https:\/\/www.acetaiamarchi.com\/fr\/#\/schema\/logo\/image\/"}}]}},"_links":{"self":[{"href":"https:\/\/www.acetaiamarchi.com\/fr\/wp-json\/wp\/v2\/product\/11223","targetHints":{"allow":["GET"]}}],"collection":[{"href":"https:\/\/www.acetaiamarchi.com\/fr\/wp-json\/wp\/v2\/product"}],"about":[{"href":"https:\/\/www.acetaiamarchi.com\/fr\/wp-json\/wp\/v2\/types\/product"}],"version-history":[{"count":6,"href":"https:\/\/www.acetaiamarchi.com\/fr\/wp-json\/wp\/v2\/product\/11223\/revisions"}],"predecessor-version":[{"id":11493,"href":"https:\/\/www.acetaiamarchi.com\/fr\/wp-json\/wp\/v2\/product\/11223\/revisions\/11493"}],"wp:featuredmedia":[{"embeddable":true,"href":"https:\/\/www.acetaiamarchi.com\/fr\/wp-json\/wp\/v2\/media\/2515"}],"wp:attachment":[{"href":"https:\/\/www.acetaiamarchi.com\/fr\/wp-json\/wp\/v2\/media?parent=11223"}],"wp:term":[{"taxonomy":"product_brand","embeddable":true,"href":"https:\/\/www.acetaiamarchi.com\/fr\/wp-json\/wp\/v2\/product_brand?post=11223"},{"taxonomy":"product_cat","embeddable":true,"href":"https:\/\/www.acetaiamarchi.com\/fr\/wp-json\/wp\/v2\/product_cat?post=11223"},{"taxonomy":"product_tag","embeddable":true,"href":"https:\/\/www.acetaiamarchi.com\/fr\/wp-json\/wp\/v2\/product_tag?post=11223"}],"curies":[{"name":"wp","href":"https:\/\/api.w.org\/{rel}","templated":true}]}}