{"id":11157,"date":"2025-03-25T16:30:23","date_gmt":"2025-03-25T15:30:23","guid":{"rendered":"https:\/\/www.acetaiamarchi.com\/?post_type=product&#038;p=11157"},"modified":"2026-01-13T18:24:10","modified_gmt":"2026-01-13T17:24:10","slug":"condiment-balsamique-la-riserva-30","status":"publish","type":"product","link":"https:\/\/www.acetaiamarchi.com\/fr\/produit\/condiment-balsamique-la-riserva-30\/","title":{"rendered":"Condiment Balsamique \u00ab La Riserva 30 \u00bb"},"content":{"rendered":"<p>Le Condiment Balsamique \u00ab La Riserva 30 \u00bb se pr\u00e9sente comme un <strong>produit \u0153nogastronomique de grande qualit\u00e9<\/strong> d\u2019une couleur noire intense. Il capte le regard gr\u00e2ce \u00e0 ses tons brillants et r\u00e9jouit les palais avec sa <strong>saveur harmonieuse, \u00e9quilibr\u00e9e, ronde, pleine, douce, enveloppante<\/strong> et structurellement complexe. Il peut sublimer chaque plat avec des notes tanniques marqu\u00e9es et un parfum franc et persistant.<\/p>\n<p>Le Condiment Balsamique est obtenu gr\u00e2ce au savoir-faire transmis au fil des si\u00e8cles par la famille Marchi. Pour sa production, on combine du Mo\u00fbt Cuit issu des raisins autochtones cultiv\u00e9s sur les terres familiales et du Vinaigre de Vin, qui sont laiss\u00e9s \u00e0 m\u00fbrir d\u2019abord dans des f\u00fbts de ch\u00eane, puis dans d\u2019anciennes barriques en diff\u00e9rents bois pr\u00e9cieux. Ces deux ingr\u00e9dients s\u2019unissent pour donner naissance \u00e0 un produit d\u2019une qualit\u00e9 tr\u00e8s \u00e9lev\u00e9e et d\u2019une maturit\u00e9 remarquable.<\/p>\n<p>Le Condiment Balsamique \u00ab La Riserva 30 \u00bb se pr\u00e9sente comme l\u2019un de nos \u00e9l\u00e9gants joyaux d\u2019exposition et de d\u00e9gustation, propos\u00e9 dans l\u2019\u00e9l\u00e9gante bouteille Esmeralda de 40 ml.<\/p>\n<div class=\"row-container\">\n<div class=\"row row-parent style- no-top-padding no-h-padding no-bottom-padding\">\n<div class=\"tab-container wootabs\">\n<div class=\"tab-content\">\n<div id=\"tab-ingredienti-822\" class=\"tab-pane fade single-h-padding half-internal-gutter single-block-padding active in\">\n<p><strong><em>En cuisine<\/em> :<\/strong> Ce Condiment Balsamique est particuli\u00e8rement adapt\u00e9 \u00e0 la pr\u00e9paration de risottos, omelettes et crevettes grill\u00e9es.<\/p>\n<\/div>\n<\/div>\n<\/div>\n<\/div>\n<\/div>\n<div class=\"row-container row-related\">\n<div class=\"row row-parent style- no-top-padding\">\n<div class=\"related products\"><\/div>\n<\/div>\n<\/div>\n","protected":false},"excerpt":{"rendered":"<p>Ce condiment balsamique tr\u00e8s pr\u00e9cieux, de couleur noire intense, limpide et brillante, au go\u00fbt harmonieux, \u00e9quilibr\u00e9, rond, plein, doux, enveloppant et structurellement complexe avec des notes tanniques marqu\u00e9es, un parfum franc, fin et persistant, est obtenu gr\u00e2ce au savoir-faire transmis au fil des si\u00e8cles par la famille Marchi.<\/p>\n","protected":false},"featured_media":14091,"template":"","meta":[],"product_brand":[],"product_cat":[492],"product_tag":[541],"class_list":{"0":"post-11157","1":"product","2":"type-product","3":"status-publish","4":"has-post-thumbnail","6":"product_cat-condiments-balsamiques-fr","7":"product_tag-condiments-fr-2","9":"first","10":"instock","11":"featured","12":"shipping-taxable","13":"purchasable","14":"product-type-simple"},"yoast_head":"<!-- This site is optimized with the Yoast SEO plugin v27.4 - https:\/\/yoast.com\/product\/yoast-seo-wordpress\/ -->\n<title>Condiment Balsamique \u00ab La Riserva 30 \u00bb | Acetaia Marchi<\/title>\n<meta name=\"description\" content=\"Le condiment balsamique &quot;La Riserva 30&quot; se pr\u00e9sente comme un produit alimentaire et vinicole pr\u00e9cieux, d&#039;une couleur noire intense.\" \/>\n<meta name=\"robots\" content=\"index, follow, max-snippet:-1, max-image-preview:large, max-video-preview:-1\" \/>\n<link rel=\"canonical\" href=\"https:\/\/www.acetaiamarchi.com\/fr\/produit\/condiment-balsamique-la-riserva-30\/\" \/>\n<meta property=\"og:locale\" content=\"fr_FR\" \/>\n<meta property=\"og:type\" content=\"article\" \/>\n<meta property=\"og:title\" content=\"Condiment Balsamique \u00ab La Riserva 30 \u00bb | Acetaia Marchi\" \/>\n<meta property=\"og:description\" content=\"Le condiment balsamique &quot;La Riserva 30&quot; se pr\u00e9sente comme un produit alimentaire et vinicole pr\u00e9cieux, d&#039;une couleur noire intense.\" \/>\n<meta property=\"og:url\" content=\"https:\/\/www.acetaiamarchi.com\/fr\/produit\/condiment-balsamique-la-riserva-30\/\" \/>\n<meta property=\"og:site_name\" content=\"Acetaia Marchi\" \/>\n<meta property=\"article:modified_time\" content=\"2026-01-13T17:24:10+00:00\" \/>\n<meta property=\"og:image\" content=\"https:\/\/www.acetaiamarchi.com\/wp-content\/uploads\/2025\/03\/acetai-la-riserva-30-40ml.jpg\" \/>\n\t<meta property=\"og:image:width\" content=\"2000\" \/>\n\t<meta property=\"og:image:height\" content=\"2000\" \/>\n\t<meta property=\"og:image:type\" content=\"image\/jpeg\" \/>\n<meta name=\"twitter:card\" content=\"summary_large_image\" \/>\n<meta name=\"twitter:label1\" content=\"Dur\u00e9e de lecture estim\u00e9e\" \/>\n\t<meta name=\"twitter:data1\" content=\"2 minutes\" \/>\n<script type=\"application\/ld+json\" class=\"yoast-schema-graph\">{\"@context\":\"https:\\\/\\\/schema.org\",\"@graph\":[{\"@type\":\"WebPage\",\"@id\":\"https:\\\/\\\/www.acetaiamarchi.com\\\/fr\\\/produit\\\/condiment-balsamique-la-riserva-30\\\/\",\"url\":\"https:\\\/\\\/www.acetaiamarchi.com\\\/fr\\\/produit\\\/condiment-balsamique-la-riserva-30\\\/\",\"name\":\"Condiment Balsamique \u00ab La Riserva 30 \u00bb | Acetaia Marchi\",\"isPartOf\":{\"@id\":\"https:\\\/\\\/www.acetaiamarchi.com\\\/fr\\\/#website\"},\"primaryImageOfPage\":{\"@id\":\"https:\\\/\\\/www.acetaiamarchi.com\\\/fr\\\/produit\\\/condiment-balsamique-la-riserva-30\\\/#primaryimage\"},\"image\":{\"@id\":\"https:\\\/\\\/www.acetaiamarchi.com\\\/fr\\\/produit\\\/condiment-balsamique-la-riserva-30\\\/#primaryimage\"},\"thumbnailUrl\":\"https:\\\/\\\/www.acetaiamarchi.com\\\/wp-content\\\/uploads\\\/2025\\\/03\\\/acetai-la-riserva-30-40ml.jpg\",\"datePublished\":\"2025-03-25T15:30:23+00:00\",\"dateModified\":\"2026-01-13T17:24:10+00:00\",\"description\":\"Le condiment balsamique \\\"La Riserva 30\\\" se pr\u00e9sente comme un produit alimentaire et vinicole pr\u00e9cieux, d'une couleur noire intense.\",\"breadcrumb\":{\"@id\":\"https:\\\/\\\/www.acetaiamarchi.com\\\/fr\\\/produit\\\/condiment-balsamique-la-riserva-30\\\/#breadcrumb\"},\"inLanguage\":\"fr-FR\",\"potentialAction\":[{\"@type\":\"ReadAction\",\"target\":[\"https:\\\/\\\/www.acetaiamarchi.com\\\/fr\\\/produit\\\/condiment-balsamique-la-riserva-30\\\/\"]}]},{\"@type\":\"ImageObject\",\"inLanguage\":\"fr-FR\",\"@id\":\"https:\\\/\\\/www.acetaiamarchi.com\\\/fr\\\/produit\\\/condiment-balsamique-la-riserva-30\\\/#primaryimage\",\"url\":\"https:\\\/\\\/www.acetaiamarchi.com\\\/wp-content\\\/uploads\\\/2025\\\/03\\\/acetai-la-riserva-30-40ml.jpg\",\"contentUrl\":\"https:\\\/\\\/www.acetaiamarchi.com\\\/wp-content\\\/uploads\\\/2025\\\/03\\\/acetai-la-riserva-30-40ml.jpg\",\"width\":2000,\"height\":2000},{\"@type\":\"BreadcrumbList\",\"@id\":\"https:\\\/\\\/www.acetaiamarchi.com\\\/fr\\\/produit\\\/condiment-balsamique-la-riserva-30\\\/#breadcrumb\",\"itemListElement\":[{\"@type\":\"ListItem\",\"position\":1,\"name\":\"Home\",\"item\":\"https:\\\/\\\/www.acetaiamarchi.com\\\/fr\\\/\"},{\"@type\":\"ListItem\",\"position\":2,\"name\":\"Produits\",\"item\":\"https:\\\/\\\/www.acetaiamarchi.com\\\/fr\\\/shop\\\/\"},{\"@type\":\"ListItem\",\"position\":3,\"name\":\"Condiment Balsamique \u00ab La Riserva 30 \u00bb\"}]},{\"@type\":\"WebSite\",\"@id\":\"https:\\\/\\\/www.acetaiamarchi.com\\\/fr\\\/#website\",\"url\":\"https:\\\/\\\/www.acetaiamarchi.com\\\/fr\\\/\",\"name\":\"Acetaia Marchi Srl\",\"description\":\"\",\"publisher\":{\"@id\":\"https:\\\/\\\/www.acetaiamarchi.com\\\/fr\\\/#organization\"},\"potentialAction\":[{\"@type\":\"SearchAction\",\"target\":{\"@type\":\"EntryPoint\",\"urlTemplate\":\"https:\\\/\\\/www.acetaiamarchi.com\\\/fr\\\/?s={search_term_string}\"},\"query-input\":{\"@type\":\"PropertyValueSpecification\",\"valueRequired\":true,\"valueName\":\"search_term_string\"}}],\"inLanguage\":\"fr-FR\"},{\"@type\":\"Organization\",\"@id\":\"https:\\\/\\\/www.acetaiamarchi.com\\\/fr\\\/#organization\",\"name\":\"Acetaia Marchi Srl\",\"url\":\"https:\\\/\\\/www.acetaiamarchi.com\\\/fr\\\/\",\"logo\":{\"@type\":\"ImageObject\",\"inLanguage\":\"fr-FR\",\"@id\":\"https:\\\/\\\/www.acetaiamarchi.com\\\/fr\\\/#\\\/schema\\\/logo\\\/image\\\/\",\"url\":\"https:\\\/\\\/acetaiamarchi.com\\\/wp-content\\\/uploads\\\/2025\\\/03\\\/Acetaia-Marchi-Srl-Logo.png\",\"contentUrl\":\"https:\\\/\\\/acetaiamarchi.com\\\/wp-content\\\/uploads\\\/2025\\\/03\\\/Acetaia-Marchi-Srl-Logo.png\",\"width\":2000,\"height\":2000,\"caption\":\"Acetaia Marchi Srl\"},\"image\":{\"@id\":\"https:\\\/\\\/www.acetaiamarchi.com\\\/fr\\\/#\\\/schema\\\/logo\\\/image\\\/\"}}]}<\/script>\n<!-- \/ Yoast SEO plugin. -->","yoast_head_json":{"title":"Condiment Balsamique \u00ab La Riserva 30 \u00bb | Acetaia Marchi","description":"Le condiment balsamique \"La Riserva 30\" se pr\u00e9sente comme un produit alimentaire et vinicole pr\u00e9cieux, d'une couleur noire intense.","robots":{"index":"index","follow":"follow","max-snippet":"max-snippet:-1","max-image-preview":"max-image-preview:large","max-video-preview":"max-video-preview:-1"},"canonical":"https:\/\/www.acetaiamarchi.com\/fr\/produit\/condiment-balsamique-la-riserva-30\/","og_locale":"fr_FR","og_type":"article","og_title":"Condiment Balsamique \u00ab La Riserva 30 \u00bb | Acetaia Marchi","og_description":"Le condiment balsamique \"La Riserva 30\" se pr\u00e9sente comme un produit alimentaire et vinicole pr\u00e9cieux, d'une couleur noire intense.","og_url":"https:\/\/www.acetaiamarchi.com\/fr\/produit\/condiment-balsamique-la-riserva-30\/","og_site_name":"Acetaia Marchi","article_modified_time":"2026-01-13T17:24:10+00:00","og_image":[{"width":2000,"height":2000,"url":"https:\/\/www.acetaiamarchi.com\/wp-content\/uploads\/2025\/03\/acetai-la-riserva-30-40ml.jpg","type":"image\/jpeg"}],"twitter_card":"summary_large_image","twitter_misc":{"Dur\u00e9e de lecture estim\u00e9e":"2 minutes"},"schema":{"@context":"https:\/\/schema.org","@graph":[{"@type":"WebPage","@id":"https:\/\/www.acetaiamarchi.com\/fr\/produit\/condiment-balsamique-la-riserva-30\/","url":"https:\/\/www.acetaiamarchi.com\/fr\/produit\/condiment-balsamique-la-riserva-30\/","name":"Condiment Balsamique \u00ab La Riserva 30 \u00bb | Acetaia Marchi","isPartOf":{"@id":"https:\/\/www.acetaiamarchi.com\/fr\/#website"},"primaryImageOfPage":{"@id":"https:\/\/www.acetaiamarchi.com\/fr\/produit\/condiment-balsamique-la-riserva-30\/#primaryimage"},"image":{"@id":"https:\/\/www.acetaiamarchi.com\/fr\/produit\/condiment-balsamique-la-riserva-30\/#primaryimage"},"thumbnailUrl":"https:\/\/www.acetaiamarchi.com\/wp-content\/uploads\/2025\/03\/acetai-la-riserva-30-40ml.jpg","datePublished":"2025-03-25T15:30:23+00:00","dateModified":"2026-01-13T17:24:10+00:00","description":"Le condiment balsamique \"La Riserva 30\" se pr\u00e9sente comme un produit alimentaire et vinicole pr\u00e9cieux, d'une couleur noire intense.","breadcrumb":{"@id":"https:\/\/www.acetaiamarchi.com\/fr\/produit\/condiment-balsamique-la-riserva-30\/#breadcrumb"},"inLanguage":"fr-FR","potentialAction":[{"@type":"ReadAction","target":["https:\/\/www.acetaiamarchi.com\/fr\/produit\/condiment-balsamique-la-riserva-30\/"]}]},{"@type":"ImageObject","inLanguage":"fr-FR","@id":"https:\/\/www.acetaiamarchi.com\/fr\/produit\/condiment-balsamique-la-riserva-30\/#primaryimage","url":"https:\/\/www.acetaiamarchi.com\/wp-content\/uploads\/2025\/03\/acetai-la-riserva-30-40ml.jpg","contentUrl":"https:\/\/www.acetaiamarchi.com\/wp-content\/uploads\/2025\/03\/acetai-la-riserva-30-40ml.jpg","width":2000,"height":2000},{"@type":"BreadcrumbList","@id":"https:\/\/www.acetaiamarchi.com\/fr\/produit\/condiment-balsamique-la-riserva-30\/#breadcrumb","itemListElement":[{"@type":"ListItem","position":1,"name":"Home","item":"https:\/\/www.acetaiamarchi.com\/fr\/"},{"@type":"ListItem","position":2,"name":"Produits","item":"https:\/\/www.acetaiamarchi.com\/fr\/shop\/"},{"@type":"ListItem","position":3,"name":"Condiment Balsamique \u00ab La Riserva 30 \u00bb"}]},{"@type":"WebSite","@id":"https:\/\/www.acetaiamarchi.com\/fr\/#website","url":"https:\/\/www.acetaiamarchi.com\/fr\/","name":"Acetaia Marchi Srl","description":"","publisher":{"@id":"https:\/\/www.acetaiamarchi.com\/fr\/#organization"},"potentialAction":[{"@type":"SearchAction","target":{"@type":"EntryPoint","urlTemplate":"https:\/\/www.acetaiamarchi.com\/fr\/?s={search_term_string}"},"query-input":{"@type":"PropertyValueSpecification","valueRequired":true,"valueName":"search_term_string"}}],"inLanguage":"fr-FR"},{"@type":"Organization","@id":"https:\/\/www.acetaiamarchi.com\/fr\/#organization","name":"Acetaia Marchi Srl","url":"https:\/\/www.acetaiamarchi.com\/fr\/","logo":{"@type":"ImageObject","inLanguage":"fr-FR","@id":"https:\/\/www.acetaiamarchi.com\/fr\/#\/schema\/logo\/image\/","url":"https:\/\/acetaiamarchi.com\/wp-content\/uploads\/2025\/03\/Acetaia-Marchi-Srl-Logo.png","contentUrl":"https:\/\/acetaiamarchi.com\/wp-content\/uploads\/2025\/03\/Acetaia-Marchi-Srl-Logo.png","width":2000,"height":2000,"caption":"Acetaia Marchi Srl"},"image":{"@id":"https:\/\/www.acetaiamarchi.com\/fr\/#\/schema\/logo\/image\/"}}]}},"_links":{"self":[{"href":"https:\/\/www.acetaiamarchi.com\/fr\/wp-json\/wp\/v2\/product\/11157","targetHints":{"allow":["GET"]}}],"collection":[{"href":"https:\/\/www.acetaiamarchi.com\/fr\/wp-json\/wp\/v2\/product"}],"about":[{"href":"https:\/\/www.acetaiamarchi.com\/fr\/wp-json\/wp\/v2\/types\/product"}],"version-history":[{"count":14,"href":"https:\/\/www.acetaiamarchi.com\/fr\/wp-json\/wp\/v2\/product\/11157\/revisions"}],"predecessor-version":[{"id":11572,"href":"https:\/\/www.acetaiamarchi.com\/fr\/wp-json\/wp\/v2\/product\/11157\/revisions\/11572"}],"wp:featuredmedia":[{"embeddable":true,"href":"https:\/\/www.acetaiamarchi.com\/fr\/wp-json\/wp\/v2\/media\/14091"}],"wp:attachment":[{"href":"https:\/\/www.acetaiamarchi.com\/fr\/wp-json\/wp\/v2\/media?parent=11157"}],"wp:term":[{"taxonomy":"product_brand","embeddable":true,"href":"https:\/\/www.acetaiamarchi.com\/fr\/wp-json\/wp\/v2\/product_brand?post=11157"},{"taxonomy":"product_cat","embeddable":true,"href":"https:\/\/www.acetaiamarchi.com\/fr\/wp-json\/wp\/v2\/product_cat?post=11157"},{"taxonomy":"product_tag","embeddable":true,"href":"https:\/\/www.acetaiamarchi.com\/fr\/wp-json\/wp\/v2\/product_tag?post=11157"}],"curies":[{"name":"wp","href":"https:\/\/api.w.org\/{rel}","templated":true}]}}