{"id":11151,"date":"2025-03-26T11:31:28","date_gmt":"2025-03-26T10:31:28","guid":{"rendered":"https:\/\/www.acetaiamarchi.com\/prodotto\/condiment-blanc-biologique\/"},"modified":"2025-11-19T17:07:51","modified_gmt":"2025-11-19T16:07:51","slug":"assaisonnement-biologique-blanc","status":"publish","type":"product","link":"https:\/\/www.acetaiamarchi.com\/fr\/produit\/assaisonnement-biologique-blanc\/","title":{"rendered":"Assaisonnement Biologique Blanc"},"content":{"rendered":"<p>Le Condiment Biologique Blanc est un produit obtenu par le m\u00e9lange de Mo\u00fbt de raisin cuit Trebbiano et de Vinaigre de Vin.<br \/>\nLe m\u00e9lange est travaill\u00e9 jusqu&rsquo;\u00e0 obtenir un produit d&rsquo;une densit\u00e9 appr\u00e9ciable et dot\u00e9 d&rsquo;un go\u00fbt d\u00e9licat. Pour la pr\u00e9paration de ce Condiment Biologique, seules des grappes blanches de Trebbiano du territoire, cultiv\u00e9es selon la m\u00e9thode biologique et avec un grand respect pour la nature, sont choisies.<\/p>\n<p>Avec sa teinte jaune paille, ce produit s\u00e9duit tous les connaisseurs et s&rsquo;av\u00e8re parfait pour ceux qui souhaitent aromatiser leurs cr\u00e9ations sans en alt\u00e9rer la couleur.<\/p>\n<p><em><strong>En cuisine<\/strong><\/em> : Ce Condiment Biologique est id\u00e9al pour un usage quotidien afin de relever vos plats et peut \u00eatre utilis\u00e9 en remplacement du Vinaigre de Vin.<\/p>\n","protected":false},"excerpt":{"rendered":"<p>Le Condiment Biologique Blanc est un produit obtenu par le m\u00e9lange de Mo\u00fbt de raisin cuit Trebbiano et de Vinaigre de vin.<br \/>\nCe produit s\u00e9duit tous les connaisseurs et se r\u00e9v\u00e8le parfait pour ceux qui souhaitent aromatiser leurs cr\u00e9ations sans en alt\u00e9rer la couleur.<\/p>\n","protected":false},"featured_media":1261,"template":"","meta":[],"product_brand":[],"product_cat":[498],"product_tag":[541,382],"class_list":{"0":"post-11151","1":"product","2":"type-product","3":"status-publish","4":"has-post-thumbnail","6":"product_cat-condiment-bio","7":"product_tag-condiments-fr-2","8":"product_tag-organique","10":"first","11":"instock","12":"featured","13":"shipping-taxable","14":"purchasable","15":"product-type-simple"},"yoast_head":"<!-- This site is optimized with the Yoast SEO plugin v27.4 - https:\/\/yoast.com\/product\/yoast-seo-wordpress\/ -->\n<title>Assaisonnement Biologique Blanc | Acetaia Marchi<\/title>\n<meta name=\"description\" content=\"Le Condiment Blanc Biologique est un produit obtenu par le m\u00e9lange de mo\u00fbt de raisin cuit Trebbiano et de vinaigre de vin.\" \/>\n<meta name=\"robots\" content=\"index, follow, max-snippet:-1, max-image-preview:large, max-video-preview:-1\" \/>\n<link rel=\"canonical\" href=\"https:\/\/www.acetaiamarchi.com\/fr\/produit\/assaisonnement-biologique-blanc\/\" \/>\n<meta property=\"og:locale\" content=\"fr_FR\" \/>\n<meta property=\"og:type\" content=\"article\" \/>\n<meta property=\"og:title\" content=\"Assaisonnement Biologique Blanc | Acetaia Marchi\" \/>\n<meta property=\"og:description\" content=\"Le Condiment Blanc Biologique est un produit obtenu par le m\u00e9lange de mo\u00fbt de raisin cuit Trebbiano et de vinaigre de vin.\" \/>\n<meta property=\"og:url\" content=\"https:\/\/www.acetaiamarchi.com\/fr\/produit\/assaisonnement-biologique-blanc\/\" \/>\n<meta property=\"og:site_name\" content=\"Acetaia Marchi\" \/>\n<meta property=\"article:modified_time\" content=\"2025-11-19T16:07:51+00:00\" \/>\n<meta property=\"og:image\" content=\"https:\/\/www.acetaiamarchi.com\/wp-content\/uploads\/2025\/03\/Condimento-Bianco-Biologico-250ml.jpg\" \/>\n\t<meta property=\"og:image:width\" content=\"1600\" \/>\n\t<meta property=\"og:image:height\" content=\"1600\" \/>\n\t<meta property=\"og:image:type\" content=\"image\/jpeg\" \/>\n<meta name=\"twitter:card\" content=\"summary_large_image\" \/>\n<meta name=\"twitter:label1\" content=\"Dur\u00e9e de lecture estim\u00e9e\" \/>\n\t<meta name=\"twitter:data1\" content=\"1 minute\" \/>\n<script type=\"application\/ld+json\" class=\"yoast-schema-graph\">{\"@context\":\"https:\\\/\\\/schema.org\",\"@graph\":[{\"@type\":\"WebPage\",\"@id\":\"https:\\\/\\\/www.acetaiamarchi.com\\\/fr\\\/produit\\\/assaisonnement-biologique-blanc\\\/\",\"url\":\"https:\\\/\\\/www.acetaiamarchi.com\\\/fr\\\/produit\\\/assaisonnement-biologique-blanc\\\/\",\"name\":\"Assaisonnement Biologique Blanc | Acetaia Marchi\",\"isPartOf\":{\"@id\":\"https:\\\/\\\/www.acetaiamarchi.com\\\/fr\\\/#website\"},\"primaryImageOfPage\":{\"@id\":\"https:\\\/\\\/www.acetaiamarchi.com\\\/fr\\\/produit\\\/assaisonnement-biologique-blanc\\\/#primaryimage\"},\"image\":{\"@id\":\"https:\\\/\\\/www.acetaiamarchi.com\\\/fr\\\/produit\\\/assaisonnement-biologique-blanc\\\/#primaryimage\"},\"thumbnailUrl\":\"https:\\\/\\\/www.acetaiamarchi.com\\\/wp-content\\\/uploads\\\/2025\\\/03\\\/Condimento-Bianco-Biologico-250ml.jpg\",\"datePublished\":\"2025-03-26T10:31:28+00:00\",\"dateModified\":\"2025-11-19T16:07:51+00:00\",\"description\":\"Le Condiment Blanc Biologique est un produit obtenu par le m\u00e9lange de mo\u00fbt de raisin cuit Trebbiano et de vinaigre de vin.\",\"breadcrumb\":{\"@id\":\"https:\\\/\\\/www.acetaiamarchi.com\\\/fr\\\/produit\\\/assaisonnement-biologique-blanc\\\/#breadcrumb\"},\"inLanguage\":\"fr-FR\",\"potentialAction\":[{\"@type\":\"ReadAction\",\"target\":[\"https:\\\/\\\/www.acetaiamarchi.com\\\/fr\\\/produit\\\/assaisonnement-biologique-blanc\\\/\"]}]},{\"@type\":\"ImageObject\",\"inLanguage\":\"fr-FR\",\"@id\":\"https:\\\/\\\/www.acetaiamarchi.com\\\/fr\\\/produit\\\/assaisonnement-biologique-blanc\\\/#primaryimage\",\"url\":\"https:\\\/\\\/www.acetaiamarchi.com\\\/wp-content\\\/uploads\\\/2025\\\/03\\\/Condimento-Bianco-Biologico-250ml.jpg\",\"contentUrl\":\"https:\\\/\\\/www.acetaiamarchi.com\\\/wp-content\\\/uploads\\\/2025\\\/03\\\/Condimento-Bianco-Biologico-250ml.jpg\",\"width\":1600,\"height\":1600,\"caption\":\"Condimento Biologico Bianco - miscela di mosto cotto di trebbiano e aceto di vino\"},{\"@type\":\"BreadcrumbList\",\"@id\":\"https:\\\/\\\/www.acetaiamarchi.com\\\/fr\\\/produit\\\/assaisonnement-biologique-blanc\\\/#breadcrumb\",\"itemListElement\":[{\"@type\":\"ListItem\",\"position\":1,\"name\":\"Home\",\"item\":\"https:\\\/\\\/www.acetaiamarchi.com\\\/fr\\\/\"},{\"@type\":\"ListItem\",\"position\":2,\"name\":\"Produits\",\"item\":\"https:\\\/\\\/www.acetaiamarchi.com\\\/fr\\\/shop\\\/\"},{\"@type\":\"ListItem\",\"position\":3,\"name\":\"Assaisonnement Biologique Blanc\"}]},{\"@type\":\"WebSite\",\"@id\":\"https:\\\/\\\/www.acetaiamarchi.com\\\/fr\\\/#website\",\"url\":\"https:\\\/\\\/www.acetaiamarchi.com\\\/fr\\\/\",\"name\":\"Acetaia Marchi Srl\",\"description\":\"\",\"publisher\":{\"@id\":\"https:\\\/\\\/www.acetaiamarchi.com\\\/fr\\\/#organization\"},\"potentialAction\":[{\"@type\":\"SearchAction\",\"target\":{\"@type\":\"EntryPoint\",\"urlTemplate\":\"https:\\\/\\\/www.acetaiamarchi.com\\\/fr\\\/?s={search_term_string}\"},\"query-input\":{\"@type\":\"PropertyValueSpecification\",\"valueRequired\":true,\"valueName\":\"search_term_string\"}}],\"inLanguage\":\"fr-FR\"},{\"@type\":\"Organization\",\"@id\":\"https:\\\/\\\/www.acetaiamarchi.com\\\/fr\\\/#organization\",\"name\":\"Acetaia Marchi Srl\",\"url\":\"https:\\\/\\\/www.acetaiamarchi.com\\\/fr\\\/\",\"logo\":{\"@type\":\"ImageObject\",\"inLanguage\":\"fr-FR\",\"@id\":\"https:\\\/\\\/www.acetaiamarchi.com\\\/fr\\\/#\\\/schema\\\/logo\\\/image\\\/\",\"url\":\"https:\\\/\\\/acetaiamarchi.com\\\/wp-content\\\/uploads\\\/2025\\\/03\\\/Acetaia-Marchi-Srl-Logo.png\",\"contentUrl\":\"https:\\\/\\\/acetaiamarchi.com\\\/wp-content\\\/uploads\\\/2025\\\/03\\\/Acetaia-Marchi-Srl-Logo.png\",\"width\":2000,\"height\":2000,\"caption\":\"Acetaia Marchi Srl\"},\"image\":{\"@id\":\"https:\\\/\\\/www.acetaiamarchi.com\\\/fr\\\/#\\\/schema\\\/logo\\\/image\\\/\"}}]}<\/script>\n<!-- \/ Yoast SEO plugin. -->","yoast_head_json":{"title":"Assaisonnement Biologique Blanc | Acetaia Marchi","description":"Le Condiment Blanc Biologique est un produit obtenu par le m\u00e9lange de mo\u00fbt de raisin cuit Trebbiano et de vinaigre de vin.","robots":{"index":"index","follow":"follow","max-snippet":"max-snippet:-1","max-image-preview":"max-image-preview:large","max-video-preview":"max-video-preview:-1"},"canonical":"https:\/\/www.acetaiamarchi.com\/fr\/produit\/assaisonnement-biologique-blanc\/","og_locale":"fr_FR","og_type":"article","og_title":"Assaisonnement Biologique Blanc | Acetaia Marchi","og_description":"Le Condiment Blanc Biologique est un produit obtenu par le m\u00e9lange de mo\u00fbt de raisin cuit Trebbiano et de vinaigre de vin.","og_url":"https:\/\/www.acetaiamarchi.com\/fr\/produit\/assaisonnement-biologique-blanc\/","og_site_name":"Acetaia Marchi","article_modified_time":"2025-11-19T16:07:51+00:00","og_image":[{"width":1600,"height":1600,"url":"https:\/\/www.acetaiamarchi.com\/wp-content\/uploads\/2025\/03\/Condimento-Bianco-Biologico-250ml.jpg","type":"image\/jpeg"}],"twitter_card":"summary_large_image","twitter_misc":{"Dur\u00e9e de lecture estim\u00e9e":"1 minute"},"schema":{"@context":"https:\/\/schema.org","@graph":[{"@type":"WebPage","@id":"https:\/\/www.acetaiamarchi.com\/fr\/produit\/assaisonnement-biologique-blanc\/","url":"https:\/\/www.acetaiamarchi.com\/fr\/produit\/assaisonnement-biologique-blanc\/","name":"Assaisonnement Biologique Blanc | Acetaia Marchi","isPartOf":{"@id":"https:\/\/www.acetaiamarchi.com\/fr\/#website"},"primaryImageOfPage":{"@id":"https:\/\/www.acetaiamarchi.com\/fr\/produit\/assaisonnement-biologique-blanc\/#primaryimage"},"image":{"@id":"https:\/\/www.acetaiamarchi.com\/fr\/produit\/assaisonnement-biologique-blanc\/#primaryimage"},"thumbnailUrl":"https:\/\/www.acetaiamarchi.com\/wp-content\/uploads\/2025\/03\/Condimento-Bianco-Biologico-250ml.jpg","datePublished":"2025-03-26T10:31:28+00:00","dateModified":"2025-11-19T16:07:51+00:00","description":"Le Condiment Blanc Biologique est un produit obtenu par le m\u00e9lange de mo\u00fbt de raisin cuit Trebbiano et de vinaigre de vin.","breadcrumb":{"@id":"https:\/\/www.acetaiamarchi.com\/fr\/produit\/assaisonnement-biologique-blanc\/#breadcrumb"},"inLanguage":"fr-FR","potentialAction":[{"@type":"ReadAction","target":["https:\/\/www.acetaiamarchi.com\/fr\/produit\/assaisonnement-biologique-blanc\/"]}]},{"@type":"ImageObject","inLanguage":"fr-FR","@id":"https:\/\/www.acetaiamarchi.com\/fr\/produit\/assaisonnement-biologique-blanc\/#primaryimage","url":"https:\/\/www.acetaiamarchi.com\/wp-content\/uploads\/2025\/03\/Condimento-Bianco-Biologico-250ml.jpg","contentUrl":"https:\/\/www.acetaiamarchi.com\/wp-content\/uploads\/2025\/03\/Condimento-Bianco-Biologico-250ml.jpg","width":1600,"height":1600,"caption":"Condimento Biologico Bianco - miscela di mosto cotto di trebbiano e aceto di vino"},{"@type":"BreadcrumbList","@id":"https:\/\/www.acetaiamarchi.com\/fr\/produit\/assaisonnement-biologique-blanc\/#breadcrumb","itemListElement":[{"@type":"ListItem","position":1,"name":"Home","item":"https:\/\/www.acetaiamarchi.com\/fr\/"},{"@type":"ListItem","position":2,"name":"Produits","item":"https:\/\/www.acetaiamarchi.com\/fr\/shop\/"},{"@type":"ListItem","position":3,"name":"Assaisonnement Biologique Blanc"}]},{"@type":"WebSite","@id":"https:\/\/www.acetaiamarchi.com\/fr\/#website","url":"https:\/\/www.acetaiamarchi.com\/fr\/","name":"Acetaia Marchi Srl","description":"","publisher":{"@id":"https:\/\/www.acetaiamarchi.com\/fr\/#organization"},"potentialAction":[{"@type":"SearchAction","target":{"@type":"EntryPoint","urlTemplate":"https:\/\/www.acetaiamarchi.com\/fr\/?s={search_term_string}"},"query-input":{"@type":"PropertyValueSpecification","valueRequired":true,"valueName":"search_term_string"}}],"inLanguage":"fr-FR"},{"@type":"Organization","@id":"https:\/\/www.acetaiamarchi.com\/fr\/#organization","name":"Acetaia Marchi Srl","url":"https:\/\/www.acetaiamarchi.com\/fr\/","logo":{"@type":"ImageObject","inLanguage":"fr-FR","@id":"https:\/\/www.acetaiamarchi.com\/fr\/#\/schema\/logo\/image\/","url":"https:\/\/acetaiamarchi.com\/wp-content\/uploads\/2025\/03\/Acetaia-Marchi-Srl-Logo.png","contentUrl":"https:\/\/acetaiamarchi.com\/wp-content\/uploads\/2025\/03\/Acetaia-Marchi-Srl-Logo.png","width":2000,"height":2000,"caption":"Acetaia Marchi Srl"},"image":{"@id":"https:\/\/www.acetaiamarchi.com\/fr\/#\/schema\/logo\/image\/"}}]}},"_links":{"self":[{"href":"https:\/\/www.acetaiamarchi.com\/fr\/wp-json\/wp\/v2\/product\/11151","targetHints":{"allow":["GET"]}}],"collection":[{"href":"https:\/\/www.acetaiamarchi.com\/fr\/wp-json\/wp\/v2\/product"}],"about":[{"href":"https:\/\/www.acetaiamarchi.com\/fr\/wp-json\/wp\/v2\/types\/product"}],"version-history":[{"count":2,"href":"https:\/\/www.acetaiamarchi.com\/fr\/wp-json\/wp\/v2\/product\/11151\/revisions"}],"predecessor-version":[{"id":11553,"href":"https:\/\/www.acetaiamarchi.com\/fr\/wp-json\/wp\/v2\/product\/11151\/revisions\/11553"}],"wp:featuredmedia":[{"embeddable":true,"href":"https:\/\/www.acetaiamarchi.com\/fr\/wp-json\/wp\/v2\/media\/1261"}],"wp:attachment":[{"href":"https:\/\/www.acetaiamarchi.com\/fr\/wp-json\/wp\/v2\/media?parent=11151"}],"wp:term":[{"taxonomy":"product_brand","embeddable":true,"href":"https:\/\/www.acetaiamarchi.com\/fr\/wp-json\/wp\/v2\/product_brand?post=11151"},{"taxonomy":"product_cat","embeddable":true,"href":"https:\/\/www.acetaiamarchi.com\/fr\/wp-json\/wp\/v2\/product_cat?post=11151"},{"taxonomy":"product_tag","embeddable":true,"href":"https:\/\/www.acetaiamarchi.com\/fr\/wp-json\/wp\/v2\/product_tag?post=11151"}],"curies":[{"name":"wp","href":"https:\/\/api.w.org\/{rel}","templated":true}]}}