{"id":11107,"date":"2025-03-26T11:18:43","date_gmt":"2025-03-26T10:18:43","guid":{"rendered":"https:\/\/www.acetaiamarchi.com\/prodotto\/vinaigre-balsamique-biologique-de-modene-i-g-p-bronze\/"},"modified":"2026-01-13T18:22:11","modified_gmt":"2026-01-13T17:22:11","slug":"vinaigre-balsamique-de-modene-igp-biologique-126","status":"publish","type":"product","link":"https:\/\/www.acetaiamarchi.com\/fr\/produit\/vinaigre-balsamique-de-modene-igp-biologique-126\/","title":{"rendered":"Vinaigre Balsamique de Mod\u00e8ne IGP Biologique &#8211; 1,26"},"content":{"rendered":"<p>Le vinaigre balsamique de Mod\u00e8ne IGP Biologique est un produit de haute qualit\u00e9, soigneusement vieilli en f\u00fbt de bois et issu d&rsquo;un m\u00e9lange de mo\u00fbt de raisin concentr\u00e9 de Trebbiano, Lambruschi et de vinaigre de vin. Caract\u00e9ris\u00e9 par une couleur brun fonc\u00e9, claire et brillante, ce <strong>vinaigre balsamique biologique<\/strong> pr\u00e9sente un ar\u00f4me intense et un <strong>go\u00fbt harmonieux, doux et vineux<\/strong>.<\/p>\n<p>Sa saveur fruit\u00e9e et fra\u00eeche en fait un choix id\u00e9al pour ceux qui recherchent une exp\u00e9rience gustative raffin\u00e9e. Obtenu exclusivement \u00e0 partir de raisins cultiv\u00e9s selon des m\u00e9thodes biologiques, le vinaigre balsamique de Mod\u00e8ne IGP Biologique est parfait pour une client\u00e8le toujours plus exigeante et attentive, d\u00e9sireuse d&rsquo;un produit unique et authentique.<\/p>\n","protected":false},"excerpt":{"rendered":"<p>Le vinaigre balsamique de Mod\u00e8ne IGP Bio est le r\u00e9sultat d&rsquo;un vieillissement en bois \u00e0 partir d&rsquo;un m\u00e9lange de mo\u00fbt de raisin concentr\u00e9 de Trebbiano, Lambruschi et de vinaigre de vin. Un produit d&rsquo;exception issu de raisins cultiv\u00e9s biologiquement.<\/p>\n","protected":false},"featured_media":1253,"template":"","meta":[],"product_brand":[],"product_cat":[],"product_tag":[382,394,334],"class_list":{"0":"post-11107","1":"product","2":"type-product","3":"status-publish","4":"has-post-thumbnail","6":"product_tag-organique","7":"product_tag-vinaigre-balsamique-biologique-de-modene-i-g-p-platine","8":"product_tag-vinaigre-balsamique-de-modene-i-g-p","10":"first","11":"instock","12":"shipping-taxable","13":"product-type-simple"},"yoast_head":"<!-- This site is optimized with the Yoast SEO plugin v27.4 - https:\/\/yoast.com\/product\/yoast-seo-wordpress\/ -->\n<title>Vinaigre Balsamique de Mod\u00e8ne IGP Biologique - 1,26<\/title>\n<meta name=\"description\" content=\"Le vinaigre balsamique biologique Platino de Mod\u00e8ne I.G.P. a un go\u00fbt harmonieux, doux et ac\u00e9tique et une couleur noire intense et brillante.\" \/>\n<meta name=\"robots\" content=\"index, follow, max-snippet:-1, max-image-preview:large, max-video-preview:-1\" \/>\n<link rel=\"canonical\" href=\"https:\/\/www.acetaiamarchi.com\/fr\/produit\/vinaigre-balsamique-de-modene-igp-biologique-126\/\" \/>\n<meta property=\"og:locale\" content=\"fr_FR\" \/>\n<meta property=\"og:type\" content=\"article\" \/>\n<meta property=\"og:title\" content=\"Vinaigre Balsamique de Mod\u00e8ne IGP Biologique - 1,26\" \/>\n<meta property=\"og:description\" content=\"Le vinaigre balsamique biologique Platino de Mod\u00e8ne I.G.P. a un go\u00fbt harmonieux, doux et ac\u00e9tique et une couleur noire intense et brillante.\" \/>\n<meta property=\"og:url\" content=\"https:\/\/www.acetaiamarchi.com\/fr\/produit\/vinaigre-balsamique-de-modene-igp-biologique-126\/\" \/>\n<meta property=\"og:site_name\" content=\"Acetaia Marchi\" \/>\n<meta property=\"article:modified_time\" content=\"2026-01-13T17:22:11+00:00\" \/>\n<meta property=\"og:image\" content=\"https:\/\/www.acetaiamarchi.com\/wp-content\/uploads\/2025\/03\/Aceto-Balsamico-di-Modena-IGP-Biologico-Bronzo.jpg\" \/>\n\t<meta property=\"og:image:width\" content=\"1600\" \/>\n\t<meta property=\"og:image:height\" content=\"1600\" \/>\n\t<meta property=\"og:image:type\" content=\"image\/jpeg\" \/>\n<meta name=\"twitter:card\" content=\"summary_large_image\" \/>\n<meta name=\"twitter:label1\" content=\"Dur\u00e9e de lecture estim\u00e9e\" \/>\n\t<meta name=\"twitter:data1\" content=\"1 minute\" \/>\n<script type=\"application\/ld+json\" class=\"yoast-schema-graph\">{\"@context\":\"https:\\\/\\\/schema.org\",\"@graph\":[{\"@type\":\"WebPage\",\"@id\":\"https:\\\/\\\/www.acetaiamarchi.com\\\/fr\\\/produit\\\/vinaigre-balsamique-de-modene-igp-biologique-126\\\/\",\"url\":\"https:\\\/\\\/www.acetaiamarchi.com\\\/fr\\\/produit\\\/vinaigre-balsamique-de-modene-igp-biologique-126\\\/\",\"name\":\"Vinaigre Balsamique de Mod\u00e8ne IGP Biologique - 1,26\",\"isPartOf\":{\"@id\":\"https:\\\/\\\/www.acetaiamarchi.com\\\/fr\\\/#website\"},\"primaryImageOfPage\":{\"@id\":\"https:\\\/\\\/www.acetaiamarchi.com\\\/fr\\\/produit\\\/vinaigre-balsamique-de-modene-igp-biologique-126\\\/#primaryimage\"},\"image\":{\"@id\":\"https:\\\/\\\/www.acetaiamarchi.com\\\/fr\\\/produit\\\/vinaigre-balsamique-de-modene-igp-biologique-126\\\/#primaryimage\"},\"thumbnailUrl\":\"https:\\\/\\\/www.acetaiamarchi.com\\\/wp-content\\\/uploads\\\/2025\\\/03\\\/Aceto-Balsamico-di-Modena-IGP-Biologico-Bronzo.jpg\",\"datePublished\":\"2025-03-26T10:18:43+00:00\",\"dateModified\":\"2026-01-13T17:22:11+00:00\",\"description\":\"Le vinaigre balsamique biologique Platino de Mod\u00e8ne I.G.P. a un go\u00fbt harmonieux, doux et ac\u00e9tique et une couleur noire intense et brillante.\",\"breadcrumb\":{\"@id\":\"https:\\\/\\\/www.acetaiamarchi.com\\\/fr\\\/produit\\\/vinaigre-balsamique-de-modene-igp-biologique-126\\\/#breadcrumb\"},\"inLanguage\":\"fr-FR\",\"potentialAction\":[{\"@type\":\"ReadAction\",\"target\":[\"https:\\\/\\\/www.acetaiamarchi.com\\\/fr\\\/produit\\\/vinaigre-balsamique-de-modene-igp-biologique-126\\\/\"]}]},{\"@type\":\"ImageObject\",\"inLanguage\":\"fr-FR\",\"@id\":\"https:\\\/\\\/www.acetaiamarchi.com\\\/fr\\\/produit\\\/vinaigre-balsamique-de-modene-igp-biologique-126\\\/#primaryimage\",\"url\":\"https:\\\/\\\/www.acetaiamarchi.com\\\/wp-content\\\/uploads\\\/2025\\\/03\\\/Aceto-Balsamico-di-Modena-IGP-Biologico-Bronzo.jpg\",\"contentUrl\":\"https:\\\/\\\/www.acetaiamarchi.com\\\/wp-content\\\/uploads\\\/2025\\\/03\\\/Aceto-Balsamico-di-Modena-IGP-Biologico-Bronzo.jpg\",\"width\":1600,\"height\":1600,\"caption\":\"Vendita e produzione Aceto Balsamico di Modena IGP Biologico\"},{\"@type\":\"BreadcrumbList\",\"@id\":\"https:\\\/\\\/www.acetaiamarchi.com\\\/fr\\\/produit\\\/vinaigre-balsamique-de-modene-igp-biologique-126\\\/#breadcrumb\",\"itemListElement\":[{\"@type\":\"ListItem\",\"position\":1,\"name\":\"Home\",\"item\":\"https:\\\/\\\/www.acetaiamarchi.com\\\/fr\\\/\"},{\"@type\":\"ListItem\",\"position\":2,\"name\":\"Produits\",\"item\":\"https:\\\/\\\/www.acetaiamarchi.com\\\/fr\\\/shop\\\/\"},{\"@type\":\"ListItem\",\"position\":3,\"name\":\"Vinaigre Balsamique de Mod\u00e8ne IGP Biologique &#8211; 1,26\"}]},{\"@type\":\"WebSite\",\"@id\":\"https:\\\/\\\/www.acetaiamarchi.com\\\/fr\\\/#website\",\"url\":\"https:\\\/\\\/www.acetaiamarchi.com\\\/fr\\\/\",\"name\":\"Acetaia Marchi Srl\",\"description\":\"\",\"publisher\":{\"@id\":\"https:\\\/\\\/www.acetaiamarchi.com\\\/fr\\\/#organization\"},\"potentialAction\":[{\"@type\":\"SearchAction\",\"target\":{\"@type\":\"EntryPoint\",\"urlTemplate\":\"https:\\\/\\\/www.acetaiamarchi.com\\\/fr\\\/?s={search_term_string}\"},\"query-input\":{\"@type\":\"PropertyValueSpecification\",\"valueRequired\":true,\"valueName\":\"search_term_string\"}}],\"inLanguage\":\"fr-FR\"},{\"@type\":\"Organization\",\"@id\":\"https:\\\/\\\/www.acetaiamarchi.com\\\/fr\\\/#organization\",\"name\":\"Acetaia Marchi Srl\",\"url\":\"https:\\\/\\\/www.acetaiamarchi.com\\\/fr\\\/\",\"logo\":{\"@type\":\"ImageObject\",\"inLanguage\":\"fr-FR\",\"@id\":\"https:\\\/\\\/www.acetaiamarchi.com\\\/fr\\\/#\\\/schema\\\/logo\\\/image\\\/\",\"url\":\"https:\\\/\\\/acetaiamarchi.com\\\/wp-content\\\/uploads\\\/2025\\\/03\\\/Acetaia-Marchi-Srl-Logo.png\",\"contentUrl\":\"https:\\\/\\\/acetaiamarchi.com\\\/wp-content\\\/uploads\\\/2025\\\/03\\\/Acetaia-Marchi-Srl-Logo.png\",\"width\":2000,\"height\":2000,\"caption\":\"Acetaia Marchi Srl\"},\"image\":{\"@id\":\"https:\\\/\\\/www.acetaiamarchi.com\\\/fr\\\/#\\\/schema\\\/logo\\\/image\\\/\"}}]}<\/script>\n<!-- \/ Yoast SEO plugin. -->","yoast_head_json":{"title":"Vinaigre Balsamique de Mod\u00e8ne IGP Biologique - 1,26","description":"Le vinaigre balsamique biologique Platino de Mod\u00e8ne I.G.P. a un go\u00fbt harmonieux, doux et ac\u00e9tique et une couleur noire intense et brillante.","robots":{"index":"index","follow":"follow","max-snippet":"max-snippet:-1","max-image-preview":"max-image-preview:large","max-video-preview":"max-video-preview:-1"},"canonical":"https:\/\/www.acetaiamarchi.com\/fr\/produit\/vinaigre-balsamique-de-modene-igp-biologique-126\/","og_locale":"fr_FR","og_type":"article","og_title":"Vinaigre Balsamique de Mod\u00e8ne IGP Biologique - 1,26","og_description":"Le vinaigre balsamique biologique Platino de Mod\u00e8ne I.G.P. a un go\u00fbt harmonieux, doux et ac\u00e9tique et une couleur noire intense et brillante.","og_url":"https:\/\/www.acetaiamarchi.com\/fr\/produit\/vinaigre-balsamique-de-modene-igp-biologique-126\/","og_site_name":"Acetaia Marchi","article_modified_time":"2026-01-13T17:22:11+00:00","og_image":[{"width":1600,"height":1600,"url":"https:\/\/www.acetaiamarchi.com\/wp-content\/uploads\/2025\/03\/Aceto-Balsamico-di-Modena-IGP-Biologico-Bronzo.jpg","type":"image\/jpeg"}],"twitter_card":"summary_large_image","twitter_misc":{"Dur\u00e9e de lecture estim\u00e9e":"1 minute"},"schema":{"@context":"https:\/\/schema.org","@graph":[{"@type":"WebPage","@id":"https:\/\/www.acetaiamarchi.com\/fr\/produit\/vinaigre-balsamique-de-modene-igp-biologique-126\/","url":"https:\/\/www.acetaiamarchi.com\/fr\/produit\/vinaigre-balsamique-de-modene-igp-biologique-126\/","name":"Vinaigre Balsamique de Mod\u00e8ne IGP Biologique - 1,26","isPartOf":{"@id":"https:\/\/www.acetaiamarchi.com\/fr\/#website"},"primaryImageOfPage":{"@id":"https:\/\/www.acetaiamarchi.com\/fr\/produit\/vinaigre-balsamique-de-modene-igp-biologique-126\/#primaryimage"},"image":{"@id":"https:\/\/www.acetaiamarchi.com\/fr\/produit\/vinaigre-balsamique-de-modene-igp-biologique-126\/#primaryimage"},"thumbnailUrl":"https:\/\/www.acetaiamarchi.com\/wp-content\/uploads\/2025\/03\/Aceto-Balsamico-di-Modena-IGP-Biologico-Bronzo.jpg","datePublished":"2025-03-26T10:18:43+00:00","dateModified":"2026-01-13T17:22:11+00:00","description":"Le vinaigre balsamique biologique Platino de Mod\u00e8ne I.G.P. a un go\u00fbt harmonieux, doux et ac\u00e9tique et une couleur noire intense et brillante.","breadcrumb":{"@id":"https:\/\/www.acetaiamarchi.com\/fr\/produit\/vinaigre-balsamique-de-modene-igp-biologique-126\/#breadcrumb"},"inLanguage":"fr-FR","potentialAction":[{"@type":"ReadAction","target":["https:\/\/www.acetaiamarchi.com\/fr\/produit\/vinaigre-balsamique-de-modene-igp-biologique-126\/"]}]},{"@type":"ImageObject","inLanguage":"fr-FR","@id":"https:\/\/www.acetaiamarchi.com\/fr\/produit\/vinaigre-balsamique-de-modene-igp-biologique-126\/#primaryimage","url":"https:\/\/www.acetaiamarchi.com\/wp-content\/uploads\/2025\/03\/Aceto-Balsamico-di-Modena-IGP-Biologico-Bronzo.jpg","contentUrl":"https:\/\/www.acetaiamarchi.com\/wp-content\/uploads\/2025\/03\/Aceto-Balsamico-di-Modena-IGP-Biologico-Bronzo.jpg","width":1600,"height":1600,"caption":"Vendita e produzione Aceto Balsamico di Modena IGP Biologico"},{"@type":"BreadcrumbList","@id":"https:\/\/www.acetaiamarchi.com\/fr\/produit\/vinaigre-balsamique-de-modene-igp-biologique-126\/#breadcrumb","itemListElement":[{"@type":"ListItem","position":1,"name":"Home","item":"https:\/\/www.acetaiamarchi.com\/fr\/"},{"@type":"ListItem","position":2,"name":"Produits","item":"https:\/\/www.acetaiamarchi.com\/fr\/shop\/"},{"@type":"ListItem","position":3,"name":"Vinaigre Balsamique de Mod\u00e8ne IGP Biologique &#8211; 1,26"}]},{"@type":"WebSite","@id":"https:\/\/www.acetaiamarchi.com\/fr\/#website","url":"https:\/\/www.acetaiamarchi.com\/fr\/","name":"Acetaia Marchi Srl","description":"","publisher":{"@id":"https:\/\/www.acetaiamarchi.com\/fr\/#organization"},"potentialAction":[{"@type":"SearchAction","target":{"@type":"EntryPoint","urlTemplate":"https:\/\/www.acetaiamarchi.com\/fr\/?s={search_term_string}"},"query-input":{"@type":"PropertyValueSpecification","valueRequired":true,"valueName":"search_term_string"}}],"inLanguage":"fr-FR"},{"@type":"Organization","@id":"https:\/\/www.acetaiamarchi.com\/fr\/#organization","name":"Acetaia Marchi Srl","url":"https:\/\/www.acetaiamarchi.com\/fr\/","logo":{"@type":"ImageObject","inLanguage":"fr-FR","@id":"https:\/\/www.acetaiamarchi.com\/fr\/#\/schema\/logo\/image\/","url":"https:\/\/acetaiamarchi.com\/wp-content\/uploads\/2025\/03\/Acetaia-Marchi-Srl-Logo.png","contentUrl":"https:\/\/acetaiamarchi.com\/wp-content\/uploads\/2025\/03\/Acetaia-Marchi-Srl-Logo.png","width":2000,"height":2000,"caption":"Acetaia Marchi Srl"},"image":{"@id":"https:\/\/www.acetaiamarchi.com\/fr\/#\/schema\/logo\/image\/"}}]}},"_links":{"self":[{"href":"https:\/\/www.acetaiamarchi.com\/fr\/wp-json\/wp\/v2\/product\/11107","targetHints":{"allow":["GET"]}}],"collection":[{"href":"https:\/\/www.acetaiamarchi.com\/fr\/wp-json\/wp\/v2\/product"}],"about":[{"href":"https:\/\/www.acetaiamarchi.com\/fr\/wp-json\/wp\/v2\/types\/product"}],"version-history":[{"count":8,"href":"https:\/\/www.acetaiamarchi.com\/fr\/wp-json\/wp\/v2\/product\/11107\/revisions"}],"predecessor-version":[{"id":11552,"href":"https:\/\/www.acetaiamarchi.com\/fr\/wp-json\/wp\/v2\/product\/11107\/revisions\/11552"}],"wp:featuredmedia":[{"embeddable":true,"href":"https:\/\/www.acetaiamarchi.com\/fr\/wp-json\/wp\/v2\/media\/1253"}],"wp:attachment":[{"href":"https:\/\/www.acetaiamarchi.com\/fr\/wp-json\/wp\/v2\/media?parent=11107"}],"wp:term":[{"taxonomy":"product_brand","embeddable":true,"href":"https:\/\/www.acetaiamarchi.com\/fr\/wp-json\/wp\/v2\/product_brand?post=11107"},{"taxonomy":"product_cat","embeddable":true,"href":"https:\/\/www.acetaiamarchi.com\/fr\/wp-json\/wp\/v2\/product_cat?post=11107"},{"taxonomy":"product_tag","embeddable":true,"href":"https:\/\/www.acetaiamarchi.com\/fr\/wp-json\/wp\/v2\/product_tag?post=11107"}],"curies":[{"name":"wp","href":"https:\/\/api.w.org\/{rel}","templated":true}]}}