{"id":10233,"date":"2025-03-26T17:24:09","date_gmt":"2025-03-26T16:24:09","guid":{"rendered":"https:\/\/www.acetaiamarchi.com\/fr\/?post_type=product&#038;p=10233"},"modified":"2025-11-19T12:33:36","modified_gmt":"2025-11-19T11:33:36","slug":"sauce-aigre-douce-biologique-abricots-vinaigre-balsamique-de-modene-igp-biologique","status":"publish","type":"product","link":"https:\/\/www.acetaiamarchi.com\/fr\/produit\/sauce-aigre-douce-biologique-abricots-vinaigre-balsamique-de-modene-igp-biologique\/","title":{"rendered":"Sauce Aigre-Douce Biologique Abricots &#038; Vinaigre Balsamique de Mod\u00e8ne IGP Biologique"},"content":{"rendered":"<p>La qualit\u00e9 de notre <strong>Sauce Aigre-Douce Biologique Abricots &amp; Vinaigre Balsamique de Mod\u00e8ne IGP Biologique<\/strong> est garantie par la puret\u00e9 des mati\u00e8res premi\u00e8res utilis\u00e9es. Ces derni\u00e8res sont choisies avec soin. Les fruits biologiques sont soumis aux processus de cuisson les plus lents et traditionnels : ils sont plac\u00e9s dans des chaudi\u00e8res ouvertes \u00e0 feu direct et cuits d\u00e9licatement. En suivant la m\u00e9thode artisanale, les fruits conservent intact leur saveur et nous permettent de r\u00e9aliser des sauces encore meilleures.<\/p>\n<p>Nous privil\u00e9gions les recettes les plus simples, pr\u00e9par\u00e9es selon la tradition. Nos sauces aigres-douces deviennent sp\u00e9ciales justement parce que nous les pr\u00e9parons en utilisant notre meilleur Vinaigre Balsamique de Mod\u00e8ne IGP Biologique. Ce faisant, nous pouvons garantir un contraste vraiment unique entre l\u2019acidit\u00e9 et la douceur des fruits.<\/p>\n<p><em><strong>En cuisine<\/strong><\/em> : Notre Sauce Aigre-Douce Biologique Abricots &amp; Vinaigre Balsamique de Mod\u00e8ne IGP Biologique s\u2019accorde parfaitement avec le Parmesan et le pecorino affin\u00e9. Elle est excellente sur des crostinis de polenta et recommand\u00e9e pour la pr\u00e9paration des viandes (en particulier le gibier) et pour relever la d\u00e9licate ricotta.<\/p>\n<p>&nbsp;<\/p>\n","protected":false},"excerpt":{"rendered":"<p>Nous privil\u00e9gions les recettes les plus simples, pr\u00e9par\u00e9es selon la tradition, garantissant la qualit\u00e9 authentique des mati\u00e8res premi\u00e8res utilis\u00e9es.<br \/>\nFormat du produit individuel : 120 g.<\/p>\n","protected":false},"featured_media":4110,"template":"","meta":[],"product_brand":[],"product_cat":[502],"product_tag":[],"class_list":{"0":"post-10233","1":"product","2":"type-product","3":"status-publish","4":"has-post-thumbnail","6":"product_cat-confitures-aigre-douces","8":"first","9":"instock","10":"featured","11":"shipping-taxable","12":"purchasable","13":"product-type-simple"},"yoast_head":"<!-- This site is optimized with the Yoast SEO plugin v27.4 - https:\/\/yoast.com\/product\/yoast-seo-wordpress\/ -->\n<title>Salsa agrodolce Biologica Albicocche &amp; Aceto Balsamico di Modena IGP<\/title>\n<meta name=\"description\" content=\"La Salsa Agrodolce Biologica Albicocche &amp; Aceto Balsamico di Modena IGP Biologico si sposa perfettamente con il Parmigiano e con il pecorino stagionato\" \/>\n<meta name=\"robots\" content=\"index, follow, max-snippet:-1, max-image-preview:large, max-video-preview:-1\" \/>\n<link rel=\"canonical\" href=\"https:\/\/www.acetaiamarchi.com\/fr\/produit\/sauce-aigre-douce-biologique-abricots-vinaigre-balsamique-de-modene-igp-biologique\/\" \/>\n<meta property=\"og:locale\" content=\"fr_FR\" \/>\n<meta property=\"og:type\" content=\"article\" \/>\n<meta property=\"og:title\" content=\"Salsa agrodolce Biologica Albicocche &amp; Aceto Balsamico di Modena IGP\" \/>\n<meta property=\"og:description\" content=\"La Salsa Agrodolce Biologica Albicocche &amp; Aceto Balsamico di Modena IGP Biologico si sposa perfettamente con il Parmigiano e con il pecorino stagionato\" \/>\n<meta property=\"og:url\" content=\"https:\/\/www.acetaiamarchi.com\/fr\/produit\/sauce-aigre-douce-biologique-abricots-vinaigre-balsamique-de-modene-igp-biologique\/\" \/>\n<meta property=\"og:site_name\" content=\"Acetaia Marchi\" \/>\n<meta property=\"article:modified_time\" content=\"2025-11-19T11:33:36+00:00\" \/>\n<meta property=\"og:image\" content=\"https:\/\/www.acetaiamarchi.com\/wp-content\/uploads\/2025\/03\/Salsa-agrodolce-albicocche-e-aceto-biologica.jpg\" \/>\n\t<meta property=\"og:image:width\" content=\"1600\" \/>\n\t<meta property=\"og:image:height\" content=\"1600\" \/>\n\t<meta property=\"og:image:type\" content=\"image\/jpeg\" \/>\n<meta name=\"twitter:card\" content=\"summary_large_image\" \/>\n<meta name=\"twitter:label1\" content=\"Dur\u00e9e de lecture estim\u00e9e\" \/>\n\t<meta name=\"twitter:data1\" content=\"2 minutes\" \/>\n<script type=\"application\/ld+json\" class=\"yoast-schema-graph\">{\"@context\":\"https:\\\/\\\/schema.org\",\"@graph\":[{\"@type\":\"WebPage\",\"@id\":\"https:\\\/\\\/www.acetaiamarchi.com\\\/fr\\\/produit\\\/sauce-aigre-douce-biologique-abricots-vinaigre-balsamique-de-modene-igp-biologique\\\/\",\"url\":\"https:\\\/\\\/www.acetaiamarchi.com\\\/fr\\\/produit\\\/sauce-aigre-douce-biologique-abricots-vinaigre-balsamique-de-modene-igp-biologique\\\/\",\"name\":\"Salsa agrodolce Biologica Albicocche & Aceto Balsamico di Modena IGP\",\"isPartOf\":{\"@id\":\"https:\\\/\\\/www.acetaiamarchi.com\\\/fr\\\/#website\"},\"primaryImageOfPage\":{\"@id\":\"https:\\\/\\\/www.acetaiamarchi.com\\\/fr\\\/produit\\\/sauce-aigre-douce-biologique-abricots-vinaigre-balsamique-de-modene-igp-biologique\\\/#primaryimage\"},\"image\":{\"@id\":\"https:\\\/\\\/www.acetaiamarchi.com\\\/fr\\\/produit\\\/sauce-aigre-douce-biologique-abricots-vinaigre-balsamique-de-modene-igp-biologique\\\/#primaryimage\"},\"thumbnailUrl\":\"https:\\\/\\\/www.acetaiamarchi.com\\\/wp-content\\\/uploads\\\/2025\\\/03\\\/Salsa-agrodolce-albicocche-e-aceto-biologica.jpg\",\"datePublished\":\"2025-03-26T16:24:09+00:00\",\"dateModified\":\"2025-11-19T11:33:36+00:00\",\"description\":\"La Salsa Agrodolce Biologica Albicocche & Aceto Balsamico di Modena IGP Biologico si sposa perfettamente con il Parmigiano e con il pecorino stagionato\",\"breadcrumb\":{\"@id\":\"https:\\\/\\\/www.acetaiamarchi.com\\\/fr\\\/produit\\\/sauce-aigre-douce-biologique-abricots-vinaigre-balsamique-de-modene-igp-biologique\\\/#breadcrumb\"},\"inLanguage\":\"fr-FR\",\"potentialAction\":[{\"@type\":\"ReadAction\",\"target\":[\"https:\\\/\\\/www.acetaiamarchi.com\\\/fr\\\/produit\\\/sauce-aigre-douce-biologique-abricots-vinaigre-balsamique-de-modene-igp-biologique\\\/\"]}]},{\"@type\":\"ImageObject\",\"inLanguage\":\"fr-FR\",\"@id\":\"https:\\\/\\\/www.acetaiamarchi.com\\\/fr\\\/produit\\\/sauce-aigre-douce-biologique-abricots-vinaigre-balsamique-de-modene-igp-biologique\\\/#primaryimage\",\"url\":\"https:\\\/\\\/www.acetaiamarchi.com\\\/wp-content\\\/uploads\\\/2025\\\/03\\\/Salsa-agrodolce-albicocche-e-aceto-biologica.jpg\",\"contentUrl\":\"https:\\\/\\\/www.acetaiamarchi.com\\\/wp-content\\\/uploads\\\/2025\\\/03\\\/Salsa-agrodolce-albicocche-e-aceto-biologica.jpg\",\"width\":1600,\"height\":1600,\"caption\":\"Salsa agrodolce albicocche e aceto biologica\"},{\"@type\":\"BreadcrumbList\",\"@id\":\"https:\\\/\\\/www.acetaiamarchi.com\\\/fr\\\/produit\\\/sauce-aigre-douce-biologique-abricots-vinaigre-balsamique-de-modene-igp-biologique\\\/#breadcrumb\",\"itemListElement\":[{\"@type\":\"ListItem\",\"position\":1,\"name\":\"Home\",\"item\":\"https:\\\/\\\/www.acetaiamarchi.com\\\/fr\\\/\"},{\"@type\":\"ListItem\",\"position\":2,\"name\":\"Produits\",\"item\":\"https:\\\/\\\/www.acetaiamarchi.com\\\/fr\\\/shop\\\/\"},{\"@type\":\"ListItem\",\"position\":3,\"name\":\"Sauce Aigre-Douce Biologique Abricots &#038; Vinaigre Balsamique de Mod\u00e8ne IGP Biologique\"}]},{\"@type\":\"WebSite\",\"@id\":\"https:\\\/\\\/www.acetaiamarchi.com\\\/fr\\\/#website\",\"url\":\"https:\\\/\\\/www.acetaiamarchi.com\\\/fr\\\/\",\"name\":\"Acetaia Marchi Srl\",\"description\":\"\",\"publisher\":{\"@id\":\"https:\\\/\\\/www.acetaiamarchi.com\\\/fr\\\/#organization\"},\"potentialAction\":[{\"@type\":\"SearchAction\",\"target\":{\"@type\":\"EntryPoint\",\"urlTemplate\":\"https:\\\/\\\/www.acetaiamarchi.com\\\/fr\\\/?s={search_term_string}\"},\"query-input\":{\"@type\":\"PropertyValueSpecification\",\"valueRequired\":true,\"valueName\":\"search_term_string\"}}],\"inLanguage\":\"fr-FR\"},{\"@type\":\"Organization\",\"@id\":\"https:\\\/\\\/www.acetaiamarchi.com\\\/fr\\\/#organization\",\"name\":\"Acetaia Marchi Srl\",\"url\":\"https:\\\/\\\/www.acetaiamarchi.com\\\/fr\\\/\",\"logo\":{\"@type\":\"ImageObject\",\"inLanguage\":\"fr-FR\",\"@id\":\"https:\\\/\\\/www.acetaiamarchi.com\\\/fr\\\/#\\\/schema\\\/logo\\\/image\\\/\",\"url\":\"https:\\\/\\\/acetaiamarchi.com\\\/wp-content\\\/uploads\\\/2025\\\/03\\\/Acetaia-Marchi-Srl-Logo.png\",\"contentUrl\":\"https:\\\/\\\/acetaiamarchi.com\\\/wp-content\\\/uploads\\\/2025\\\/03\\\/Acetaia-Marchi-Srl-Logo.png\",\"width\":2000,\"height\":2000,\"caption\":\"Acetaia Marchi Srl\"},\"image\":{\"@id\":\"https:\\\/\\\/www.acetaiamarchi.com\\\/fr\\\/#\\\/schema\\\/logo\\\/image\\\/\"}}]}<\/script>\n<!-- \/ Yoast SEO plugin. -->","yoast_head_json":{"title":"Salsa agrodolce Biologica Albicocche & Aceto Balsamico di Modena IGP","description":"La Salsa Agrodolce Biologica Albicocche & Aceto Balsamico di Modena IGP Biologico si sposa perfettamente con il Parmigiano e con il pecorino stagionato","robots":{"index":"index","follow":"follow","max-snippet":"max-snippet:-1","max-image-preview":"max-image-preview:large","max-video-preview":"max-video-preview:-1"},"canonical":"https:\/\/www.acetaiamarchi.com\/fr\/produit\/sauce-aigre-douce-biologique-abricots-vinaigre-balsamique-de-modene-igp-biologique\/","og_locale":"fr_FR","og_type":"article","og_title":"Salsa agrodolce Biologica Albicocche & Aceto Balsamico di Modena IGP","og_description":"La Salsa Agrodolce Biologica Albicocche & Aceto Balsamico di Modena IGP Biologico si sposa perfettamente con il Parmigiano e con il pecorino stagionato","og_url":"https:\/\/www.acetaiamarchi.com\/fr\/produit\/sauce-aigre-douce-biologique-abricots-vinaigre-balsamique-de-modene-igp-biologique\/","og_site_name":"Acetaia Marchi","article_modified_time":"2025-11-19T11:33:36+00:00","og_image":[{"width":1600,"height":1600,"url":"https:\/\/www.acetaiamarchi.com\/wp-content\/uploads\/2025\/03\/Salsa-agrodolce-albicocche-e-aceto-biologica.jpg","type":"image\/jpeg"}],"twitter_card":"summary_large_image","twitter_misc":{"Dur\u00e9e de lecture estim\u00e9e":"2 minutes"},"schema":{"@context":"https:\/\/schema.org","@graph":[{"@type":"WebPage","@id":"https:\/\/www.acetaiamarchi.com\/fr\/produit\/sauce-aigre-douce-biologique-abricots-vinaigre-balsamique-de-modene-igp-biologique\/","url":"https:\/\/www.acetaiamarchi.com\/fr\/produit\/sauce-aigre-douce-biologique-abricots-vinaigre-balsamique-de-modene-igp-biologique\/","name":"Salsa agrodolce Biologica Albicocche & Aceto Balsamico di Modena IGP","isPartOf":{"@id":"https:\/\/www.acetaiamarchi.com\/fr\/#website"},"primaryImageOfPage":{"@id":"https:\/\/www.acetaiamarchi.com\/fr\/produit\/sauce-aigre-douce-biologique-abricots-vinaigre-balsamique-de-modene-igp-biologique\/#primaryimage"},"image":{"@id":"https:\/\/www.acetaiamarchi.com\/fr\/produit\/sauce-aigre-douce-biologique-abricots-vinaigre-balsamique-de-modene-igp-biologique\/#primaryimage"},"thumbnailUrl":"https:\/\/www.acetaiamarchi.com\/wp-content\/uploads\/2025\/03\/Salsa-agrodolce-albicocche-e-aceto-biologica.jpg","datePublished":"2025-03-26T16:24:09+00:00","dateModified":"2025-11-19T11:33:36+00:00","description":"La Salsa Agrodolce Biologica Albicocche & Aceto Balsamico di Modena IGP Biologico si sposa perfettamente con il Parmigiano e con il pecorino stagionato","breadcrumb":{"@id":"https:\/\/www.acetaiamarchi.com\/fr\/produit\/sauce-aigre-douce-biologique-abricots-vinaigre-balsamique-de-modene-igp-biologique\/#breadcrumb"},"inLanguage":"fr-FR","potentialAction":[{"@type":"ReadAction","target":["https:\/\/www.acetaiamarchi.com\/fr\/produit\/sauce-aigre-douce-biologique-abricots-vinaigre-balsamique-de-modene-igp-biologique\/"]}]},{"@type":"ImageObject","inLanguage":"fr-FR","@id":"https:\/\/www.acetaiamarchi.com\/fr\/produit\/sauce-aigre-douce-biologique-abricots-vinaigre-balsamique-de-modene-igp-biologique\/#primaryimage","url":"https:\/\/www.acetaiamarchi.com\/wp-content\/uploads\/2025\/03\/Salsa-agrodolce-albicocche-e-aceto-biologica.jpg","contentUrl":"https:\/\/www.acetaiamarchi.com\/wp-content\/uploads\/2025\/03\/Salsa-agrodolce-albicocche-e-aceto-biologica.jpg","width":1600,"height":1600,"caption":"Salsa agrodolce albicocche e aceto biologica"},{"@type":"BreadcrumbList","@id":"https:\/\/www.acetaiamarchi.com\/fr\/produit\/sauce-aigre-douce-biologique-abricots-vinaigre-balsamique-de-modene-igp-biologique\/#breadcrumb","itemListElement":[{"@type":"ListItem","position":1,"name":"Home","item":"https:\/\/www.acetaiamarchi.com\/fr\/"},{"@type":"ListItem","position":2,"name":"Produits","item":"https:\/\/www.acetaiamarchi.com\/fr\/shop\/"},{"@type":"ListItem","position":3,"name":"Sauce Aigre-Douce Biologique Abricots &#038; Vinaigre Balsamique de Mod\u00e8ne IGP Biologique"}]},{"@type":"WebSite","@id":"https:\/\/www.acetaiamarchi.com\/fr\/#website","url":"https:\/\/www.acetaiamarchi.com\/fr\/","name":"Acetaia Marchi Srl","description":"","publisher":{"@id":"https:\/\/www.acetaiamarchi.com\/fr\/#organization"},"potentialAction":[{"@type":"SearchAction","target":{"@type":"EntryPoint","urlTemplate":"https:\/\/www.acetaiamarchi.com\/fr\/?s={search_term_string}"},"query-input":{"@type":"PropertyValueSpecification","valueRequired":true,"valueName":"search_term_string"}}],"inLanguage":"fr-FR"},{"@type":"Organization","@id":"https:\/\/www.acetaiamarchi.com\/fr\/#organization","name":"Acetaia Marchi Srl","url":"https:\/\/www.acetaiamarchi.com\/fr\/","logo":{"@type":"ImageObject","inLanguage":"fr-FR","@id":"https:\/\/www.acetaiamarchi.com\/fr\/#\/schema\/logo\/image\/","url":"https:\/\/acetaiamarchi.com\/wp-content\/uploads\/2025\/03\/Acetaia-Marchi-Srl-Logo.png","contentUrl":"https:\/\/acetaiamarchi.com\/wp-content\/uploads\/2025\/03\/Acetaia-Marchi-Srl-Logo.png","width":2000,"height":2000,"caption":"Acetaia Marchi Srl"},"image":{"@id":"https:\/\/www.acetaiamarchi.com\/fr\/#\/schema\/logo\/image\/"}}]}},"_links":{"self":[{"href":"https:\/\/www.acetaiamarchi.com\/fr\/wp-json\/wp\/v2\/product\/10233","targetHints":{"allow":["GET"]}}],"collection":[{"href":"https:\/\/www.acetaiamarchi.com\/fr\/wp-json\/wp\/v2\/product"}],"about":[{"href":"https:\/\/www.acetaiamarchi.com\/fr\/wp-json\/wp\/v2\/types\/product"}],"version-history":[{"count":3,"href":"https:\/\/www.acetaiamarchi.com\/fr\/wp-json\/wp\/v2\/product\/10233\/revisions"}],"predecessor-version":[{"id":11526,"href":"https:\/\/www.acetaiamarchi.com\/fr\/wp-json\/wp\/v2\/product\/10233\/revisions\/11526"}],"wp:featuredmedia":[{"embeddable":true,"href":"https:\/\/www.acetaiamarchi.com\/fr\/wp-json\/wp\/v2\/media\/4110"}],"wp:attachment":[{"href":"https:\/\/www.acetaiamarchi.com\/fr\/wp-json\/wp\/v2\/media?parent=10233"}],"wp:term":[{"taxonomy":"product_brand","embeddable":true,"href":"https:\/\/www.acetaiamarchi.com\/fr\/wp-json\/wp\/v2\/product_brand?post=10233"},{"taxonomy":"product_cat","embeddable":true,"href":"https:\/\/www.acetaiamarchi.com\/fr\/wp-json\/wp\/v2\/product_cat?post=10233"},{"taxonomy":"product_tag","embeddable":true,"href":"https:\/\/www.acetaiamarchi.com\/fr\/wp-json\/wp\/v2\/product_tag?post=10233"}],"curies":[{"name":"wp","href":"https:\/\/api.w.org\/{rel}","templated":true}]}}