{"id":10227,"date":"2025-03-26T16:55:47","date_gmt":"2025-03-26T15:55:47","guid":{"rendered":"https:\/\/www.acetaiamarchi.com\/fr\/?post_type=product&#038;p=10227"},"modified":"2025-11-19T12:39:30","modified_gmt":"2025-11-19T11:39:30","slug":"sauce-aigre-douce-biologique-myrtilles-vinaigre-balsamique-de-modene-igp-biologique","status":"publish","type":"product","link":"https:\/\/www.acetaiamarchi.com\/fr\/produit\/sauce-aigre-douce-biologique-myrtilles-vinaigre-balsamique-de-modene-igp-biologique\/","title":{"rendered":"Sauce Aigre-Douce Biologique Myrtilles &#038; Vinaigre Balsamique de Mod\u00e8ne IGP Biologique"},"content":{"rendered":"<p>Associer les fruits au Vinaigre Balsamique de Mod\u00e8ne IGP a toujours \u00e9t\u00e9 une solution savoureuse. Cela vaut \u00e9galement pour notre <strong>Sauce Aigre-Douce Biologique aux Myrtilles &amp; Vinaigre Balsamique de Mod\u00e8ne IGP Biologique<\/strong>, pr\u00e9par\u00e9e avec des mati\u00e8res premi\u00e8res authentiques et de haute qualit\u00e9. Les fruits que nous utilisons proviennent de cultures biologiques. Ils sont r\u00e9colt\u00e9s et soigneusement s\u00e9lectionn\u00e9s, puis soumis \u00e0 des processus de cuisson lents, reproduisant les m\u00e9thodes traditionnelles paysannes. En suivant la m\u00e9thode artisanale, les fruits conservent intact leur saveur.<\/p>\n<p>Pour rendre nos sauces encore plus uniques, nous utilisons notre meilleur Vinaigre Balsamique de Mod\u00e8ne IGP Biologique. Ainsi, nous parvenons \u00e0 proposer un excellent contraste entre l&rsquo;acidit\u00e9 et la douceur des fruits. Nous garantissons \u00e0 nos clients des saveurs et des ar\u00f4mes particuliers ainsi qu&rsquo;une texture enveloppante capable de satisfaire m\u00eame les palais les plus exigeants.<\/p>\n<p><em><strong>En cuisine<\/strong><\/em> : Notre Sauce Aigre-Douce Biologique aux Myrtilles &amp; Vinaigre Balsamique de Mod\u00e8ne IGP Biologique est parfaite avec le Parmesan et le pecorino affin\u00e9. Elle est excellente sur des cro\u00fbtons de polenta et particuli\u00e8rement indiqu\u00e9e pour l&rsquo;association avec la viande (surtout le gibier) et la ricotta.<\/p>\n","protected":false},"excerpt":{"rendered":"<p>Associer les fruits au Vinaigre Balsamique de Mod\u00e8ne IGP s&rsquo;est toujours r\u00e9v\u00e9l\u00e9 \u00eatre une solution savoureuse. Cela vaut \u00e9galement pour notre <strong>Sauce Aigre-Douce Biologique aux Myrtilles &amp; Vinaigre Balsamique de Mod\u00e8ne IGP Biologique<\/strong>, qui est pr\u00e9par\u00e9e avec des mati\u00e8res premi\u00e8res authentiques et de haute qualit\u00e9.<\/p>\n<p>Format du produit individuel : 120 gr.<\/p>\n","protected":false},"featured_media":1279,"template":"","meta":[],"product_brand":[],"product_cat":[502],"product_tag":[],"class_list":{"0":"post-10227","1":"product","2":"type-product","3":"status-publish","4":"has-post-thumbnail","6":"product_cat-confitures-aigre-douces","8":"first","9":"instock","10":"featured","11":"shipping-taxable","12":"purchasable","13":"product-type-simple"},"yoast_head":"<!-- This site is optimized with the Yoast SEO plugin v27.4 - https:\/\/yoast.com\/product\/yoast-seo-wordpress\/ -->\n<title>Salsa Agrodolce Biologica Mirtilli &amp; Aceto Balsamico di Modena IGP<\/title>\n<meta name=\"description\" content=\"Salsa Agrodolce Biologica di Mirtilli &amp; Aceto Balsamico di Modena IGP Biologico: preparata con frutta proveniente da coltivazioni Biologiche del territorio\" \/>\n<meta name=\"robots\" content=\"index, follow, max-snippet:-1, max-image-preview:large, max-video-preview:-1\" \/>\n<link rel=\"canonical\" href=\"https:\/\/www.acetaiamarchi.com\/fr\/produit\/sauce-aigre-douce-biologique-myrtilles-vinaigre-balsamique-de-modene-igp-biologique\/\" \/>\n<meta property=\"og:locale\" content=\"fr_FR\" \/>\n<meta property=\"og:type\" content=\"article\" \/>\n<meta property=\"og:title\" content=\"Salsa Agrodolce Biologica Mirtilli &amp; Aceto Balsamico di Modena IGP\" \/>\n<meta property=\"og:description\" content=\"Salsa Agrodolce Biologica di Mirtilli &amp; Aceto Balsamico di Modena IGP Biologico: preparata con frutta proveniente da coltivazioni Biologiche del territorio\" \/>\n<meta property=\"og:url\" content=\"https:\/\/www.acetaiamarchi.com\/fr\/produit\/sauce-aigre-douce-biologique-myrtilles-vinaigre-balsamique-de-modene-igp-biologique\/\" \/>\n<meta property=\"og:site_name\" content=\"Acetaia Marchi\" \/>\n<meta property=\"article:modified_time\" content=\"2025-11-19T11:39:30+00:00\" \/>\n<meta property=\"og:image\" content=\"https:\/\/www.acetaiamarchi.com\/wp-content\/uploads\/2025\/03\/salsa-mirtilli-e-aceto-.jpg\" \/>\n\t<meta property=\"og:image:width\" content=\"1600\" \/>\n\t<meta property=\"og:image:height\" content=\"1600\" \/>\n\t<meta property=\"og:image:type\" content=\"image\/jpeg\" \/>\n<meta name=\"twitter:card\" content=\"summary_large_image\" \/>\n<meta name=\"twitter:label1\" content=\"Dur\u00e9e de lecture estim\u00e9e\" \/>\n\t<meta name=\"twitter:data1\" content=\"2 minutes\" \/>\n<script type=\"application\/ld+json\" class=\"yoast-schema-graph\">{\"@context\":\"https:\\\/\\\/schema.org\",\"@graph\":[{\"@type\":\"WebPage\",\"@id\":\"https:\\\/\\\/www.acetaiamarchi.com\\\/fr\\\/produit\\\/sauce-aigre-douce-biologique-myrtilles-vinaigre-balsamique-de-modene-igp-biologique\\\/\",\"url\":\"https:\\\/\\\/www.acetaiamarchi.com\\\/fr\\\/produit\\\/sauce-aigre-douce-biologique-myrtilles-vinaigre-balsamique-de-modene-igp-biologique\\\/\",\"name\":\"Salsa Agrodolce Biologica Mirtilli & Aceto Balsamico di Modena IGP\",\"isPartOf\":{\"@id\":\"https:\\\/\\\/www.acetaiamarchi.com\\\/fr\\\/#website\"},\"primaryImageOfPage\":{\"@id\":\"https:\\\/\\\/www.acetaiamarchi.com\\\/fr\\\/produit\\\/sauce-aigre-douce-biologique-myrtilles-vinaigre-balsamique-de-modene-igp-biologique\\\/#primaryimage\"},\"image\":{\"@id\":\"https:\\\/\\\/www.acetaiamarchi.com\\\/fr\\\/produit\\\/sauce-aigre-douce-biologique-myrtilles-vinaigre-balsamique-de-modene-igp-biologique\\\/#primaryimage\"},\"thumbnailUrl\":\"https:\\\/\\\/www.acetaiamarchi.com\\\/wp-content\\\/uploads\\\/2025\\\/03\\\/salsa-mirtilli-e-aceto-.jpg\",\"datePublished\":\"2025-03-26T15:55:47+00:00\",\"dateModified\":\"2025-11-19T11:39:30+00:00\",\"description\":\"Salsa Agrodolce Biologica di Mirtilli & Aceto Balsamico di Modena IGP Biologico: preparata con frutta proveniente da coltivazioni Biologiche del territorio\",\"breadcrumb\":{\"@id\":\"https:\\\/\\\/www.acetaiamarchi.com\\\/fr\\\/produit\\\/sauce-aigre-douce-biologique-myrtilles-vinaigre-balsamique-de-modene-igp-biologique\\\/#breadcrumb\"},\"inLanguage\":\"fr-FR\",\"potentialAction\":[{\"@type\":\"ReadAction\",\"target\":[\"https:\\\/\\\/www.acetaiamarchi.com\\\/fr\\\/produit\\\/sauce-aigre-douce-biologique-myrtilles-vinaigre-balsamique-de-modene-igp-biologique\\\/\"]}]},{\"@type\":\"ImageObject\",\"inLanguage\":\"fr-FR\",\"@id\":\"https:\\\/\\\/www.acetaiamarchi.com\\\/fr\\\/produit\\\/sauce-aigre-douce-biologique-myrtilles-vinaigre-balsamique-de-modene-igp-biologique\\\/#primaryimage\",\"url\":\"https:\\\/\\\/www.acetaiamarchi.com\\\/wp-content\\\/uploads\\\/2025\\\/03\\\/salsa-mirtilli-e-aceto-.jpg\",\"contentUrl\":\"https:\\\/\\\/www.acetaiamarchi.com\\\/wp-content\\\/uploads\\\/2025\\\/03\\\/salsa-mirtilli-e-aceto-.jpg\",\"width\":1600,\"height\":1600,\"caption\":\"Salsa Agrodolce Biologica di Mirtilli & Aceto Balsamico di Modena IGP Biologico\"},{\"@type\":\"BreadcrumbList\",\"@id\":\"https:\\\/\\\/www.acetaiamarchi.com\\\/fr\\\/produit\\\/sauce-aigre-douce-biologique-myrtilles-vinaigre-balsamique-de-modene-igp-biologique\\\/#breadcrumb\",\"itemListElement\":[{\"@type\":\"ListItem\",\"position\":1,\"name\":\"Home\",\"item\":\"https:\\\/\\\/www.acetaiamarchi.com\\\/fr\\\/\"},{\"@type\":\"ListItem\",\"position\":2,\"name\":\"Produits\",\"item\":\"https:\\\/\\\/www.acetaiamarchi.com\\\/fr\\\/shop\\\/\"},{\"@type\":\"ListItem\",\"position\":3,\"name\":\"Sauce Aigre-Douce Biologique Myrtilles &#038; Vinaigre Balsamique de Mod\u00e8ne IGP Biologique\"}]},{\"@type\":\"WebSite\",\"@id\":\"https:\\\/\\\/www.acetaiamarchi.com\\\/fr\\\/#website\",\"url\":\"https:\\\/\\\/www.acetaiamarchi.com\\\/fr\\\/\",\"name\":\"Acetaia Marchi Srl\",\"description\":\"\",\"publisher\":{\"@id\":\"https:\\\/\\\/www.acetaiamarchi.com\\\/fr\\\/#organization\"},\"potentialAction\":[{\"@type\":\"SearchAction\",\"target\":{\"@type\":\"EntryPoint\",\"urlTemplate\":\"https:\\\/\\\/www.acetaiamarchi.com\\\/fr\\\/?s={search_term_string}\"},\"query-input\":{\"@type\":\"PropertyValueSpecification\",\"valueRequired\":true,\"valueName\":\"search_term_string\"}}],\"inLanguage\":\"fr-FR\"},{\"@type\":\"Organization\",\"@id\":\"https:\\\/\\\/www.acetaiamarchi.com\\\/fr\\\/#organization\",\"name\":\"Acetaia Marchi Srl\",\"url\":\"https:\\\/\\\/www.acetaiamarchi.com\\\/fr\\\/\",\"logo\":{\"@type\":\"ImageObject\",\"inLanguage\":\"fr-FR\",\"@id\":\"https:\\\/\\\/www.acetaiamarchi.com\\\/fr\\\/#\\\/schema\\\/logo\\\/image\\\/\",\"url\":\"https:\\\/\\\/acetaiamarchi.com\\\/wp-content\\\/uploads\\\/2025\\\/03\\\/Acetaia-Marchi-Srl-Logo.png\",\"contentUrl\":\"https:\\\/\\\/acetaiamarchi.com\\\/wp-content\\\/uploads\\\/2025\\\/03\\\/Acetaia-Marchi-Srl-Logo.png\",\"width\":2000,\"height\":2000,\"caption\":\"Acetaia Marchi Srl\"},\"image\":{\"@id\":\"https:\\\/\\\/www.acetaiamarchi.com\\\/fr\\\/#\\\/schema\\\/logo\\\/image\\\/\"}}]}<\/script>\n<!-- \/ Yoast SEO plugin. -->","yoast_head_json":{"title":"Salsa Agrodolce Biologica Mirtilli & Aceto Balsamico di Modena IGP","description":"Salsa Agrodolce Biologica di Mirtilli & Aceto Balsamico di Modena IGP Biologico: preparata con frutta proveniente da coltivazioni Biologiche del territorio","robots":{"index":"index","follow":"follow","max-snippet":"max-snippet:-1","max-image-preview":"max-image-preview:large","max-video-preview":"max-video-preview:-1"},"canonical":"https:\/\/www.acetaiamarchi.com\/fr\/produit\/sauce-aigre-douce-biologique-myrtilles-vinaigre-balsamique-de-modene-igp-biologique\/","og_locale":"fr_FR","og_type":"article","og_title":"Salsa Agrodolce Biologica Mirtilli & Aceto Balsamico di Modena IGP","og_description":"Salsa Agrodolce Biologica di Mirtilli & Aceto Balsamico di Modena IGP Biologico: preparata con frutta proveniente da coltivazioni Biologiche del territorio","og_url":"https:\/\/www.acetaiamarchi.com\/fr\/produit\/sauce-aigre-douce-biologique-myrtilles-vinaigre-balsamique-de-modene-igp-biologique\/","og_site_name":"Acetaia Marchi","article_modified_time":"2025-11-19T11:39:30+00:00","og_image":[{"width":1600,"height":1600,"url":"https:\/\/www.acetaiamarchi.com\/wp-content\/uploads\/2025\/03\/salsa-mirtilli-e-aceto-.jpg","type":"image\/jpeg"}],"twitter_card":"summary_large_image","twitter_misc":{"Dur\u00e9e de lecture estim\u00e9e":"2 minutes"},"schema":{"@context":"https:\/\/schema.org","@graph":[{"@type":"WebPage","@id":"https:\/\/www.acetaiamarchi.com\/fr\/produit\/sauce-aigre-douce-biologique-myrtilles-vinaigre-balsamique-de-modene-igp-biologique\/","url":"https:\/\/www.acetaiamarchi.com\/fr\/produit\/sauce-aigre-douce-biologique-myrtilles-vinaigre-balsamique-de-modene-igp-biologique\/","name":"Salsa Agrodolce Biologica Mirtilli & Aceto Balsamico di Modena IGP","isPartOf":{"@id":"https:\/\/www.acetaiamarchi.com\/fr\/#website"},"primaryImageOfPage":{"@id":"https:\/\/www.acetaiamarchi.com\/fr\/produit\/sauce-aigre-douce-biologique-myrtilles-vinaigre-balsamique-de-modene-igp-biologique\/#primaryimage"},"image":{"@id":"https:\/\/www.acetaiamarchi.com\/fr\/produit\/sauce-aigre-douce-biologique-myrtilles-vinaigre-balsamique-de-modene-igp-biologique\/#primaryimage"},"thumbnailUrl":"https:\/\/www.acetaiamarchi.com\/wp-content\/uploads\/2025\/03\/salsa-mirtilli-e-aceto-.jpg","datePublished":"2025-03-26T15:55:47+00:00","dateModified":"2025-11-19T11:39:30+00:00","description":"Salsa Agrodolce Biologica di Mirtilli & Aceto Balsamico di Modena IGP Biologico: preparata con frutta proveniente da coltivazioni Biologiche del territorio","breadcrumb":{"@id":"https:\/\/www.acetaiamarchi.com\/fr\/produit\/sauce-aigre-douce-biologique-myrtilles-vinaigre-balsamique-de-modene-igp-biologique\/#breadcrumb"},"inLanguage":"fr-FR","potentialAction":[{"@type":"ReadAction","target":["https:\/\/www.acetaiamarchi.com\/fr\/produit\/sauce-aigre-douce-biologique-myrtilles-vinaigre-balsamique-de-modene-igp-biologique\/"]}]},{"@type":"ImageObject","inLanguage":"fr-FR","@id":"https:\/\/www.acetaiamarchi.com\/fr\/produit\/sauce-aigre-douce-biologique-myrtilles-vinaigre-balsamique-de-modene-igp-biologique\/#primaryimage","url":"https:\/\/www.acetaiamarchi.com\/wp-content\/uploads\/2025\/03\/salsa-mirtilli-e-aceto-.jpg","contentUrl":"https:\/\/www.acetaiamarchi.com\/wp-content\/uploads\/2025\/03\/salsa-mirtilli-e-aceto-.jpg","width":1600,"height":1600,"caption":"Salsa Agrodolce Biologica di Mirtilli & Aceto Balsamico di Modena IGP Biologico"},{"@type":"BreadcrumbList","@id":"https:\/\/www.acetaiamarchi.com\/fr\/produit\/sauce-aigre-douce-biologique-myrtilles-vinaigre-balsamique-de-modene-igp-biologique\/#breadcrumb","itemListElement":[{"@type":"ListItem","position":1,"name":"Home","item":"https:\/\/www.acetaiamarchi.com\/fr\/"},{"@type":"ListItem","position":2,"name":"Produits","item":"https:\/\/www.acetaiamarchi.com\/fr\/shop\/"},{"@type":"ListItem","position":3,"name":"Sauce Aigre-Douce Biologique Myrtilles &#038; Vinaigre Balsamique de Mod\u00e8ne IGP Biologique"}]},{"@type":"WebSite","@id":"https:\/\/www.acetaiamarchi.com\/fr\/#website","url":"https:\/\/www.acetaiamarchi.com\/fr\/","name":"Acetaia Marchi Srl","description":"","publisher":{"@id":"https:\/\/www.acetaiamarchi.com\/fr\/#organization"},"potentialAction":[{"@type":"SearchAction","target":{"@type":"EntryPoint","urlTemplate":"https:\/\/www.acetaiamarchi.com\/fr\/?s={search_term_string}"},"query-input":{"@type":"PropertyValueSpecification","valueRequired":true,"valueName":"search_term_string"}}],"inLanguage":"fr-FR"},{"@type":"Organization","@id":"https:\/\/www.acetaiamarchi.com\/fr\/#organization","name":"Acetaia Marchi Srl","url":"https:\/\/www.acetaiamarchi.com\/fr\/","logo":{"@type":"ImageObject","inLanguage":"fr-FR","@id":"https:\/\/www.acetaiamarchi.com\/fr\/#\/schema\/logo\/image\/","url":"https:\/\/acetaiamarchi.com\/wp-content\/uploads\/2025\/03\/Acetaia-Marchi-Srl-Logo.png","contentUrl":"https:\/\/acetaiamarchi.com\/wp-content\/uploads\/2025\/03\/Acetaia-Marchi-Srl-Logo.png","width":2000,"height":2000,"caption":"Acetaia Marchi Srl"},"image":{"@id":"https:\/\/www.acetaiamarchi.com\/fr\/#\/schema\/logo\/image\/"}}]}},"_links":{"self":[{"href":"https:\/\/www.acetaiamarchi.com\/fr\/wp-json\/wp\/v2\/product\/10227","targetHints":{"allow":["GET"]}}],"collection":[{"href":"https:\/\/www.acetaiamarchi.com\/fr\/wp-json\/wp\/v2\/product"}],"about":[{"href":"https:\/\/www.acetaiamarchi.com\/fr\/wp-json\/wp\/v2\/types\/product"}],"version-history":[{"count":2,"href":"https:\/\/www.acetaiamarchi.com\/fr\/wp-json\/wp\/v2\/product\/10227\/revisions"}],"predecessor-version":[{"id":11529,"href":"https:\/\/www.acetaiamarchi.com\/fr\/wp-json\/wp\/v2\/product\/10227\/revisions\/11529"}],"wp:featuredmedia":[{"embeddable":true,"href":"https:\/\/www.acetaiamarchi.com\/fr\/wp-json\/wp\/v2\/media\/1279"}],"wp:attachment":[{"href":"https:\/\/www.acetaiamarchi.com\/fr\/wp-json\/wp\/v2\/media?parent=10227"}],"wp:term":[{"taxonomy":"product_brand","embeddable":true,"href":"https:\/\/www.acetaiamarchi.com\/fr\/wp-json\/wp\/v2\/product_brand?post=10227"},{"taxonomy":"product_cat","embeddable":true,"href":"https:\/\/www.acetaiamarchi.com\/fr\/wp-json\/wp\/v2\/product_cat?post=10227"},{"taxonomy":"product_tag","embeddable":true,"href":"https:\/\/www.acetaiamarchi.com\/fr\/wp-json\/wp\/v2\/product_tag?post=10227"}],"curies":[{"name":"wp","href":"https:\/\/api.w.org\/{rel}","templated":true}]}}