{"id":10221,"date":"2025-03-26T16:47:57","date_gmt":"2025-03-26T15:47:57","guid":{"rendered":"https:\/\/www.acetaiamarchi.com\/fr\/?post_type=product&#038;p=10221"},"modified":"2025-11-19T16:45:09","modified_gmt":"2025-11-19T15:45:09","slug":"sauce-aigre-douce-biologique-fraises-vinaigre-balsamique-de-modene-igp-biologique","status":"publish","type":"product","link":"https:\/\/www.acetaiamarchi.com\/fr\/produit\/sauce-aigre-douce-biologique-fraises-vinaigre-balsamique-de-modene-igp-biologique\/","title":{"rendered":"Sauce Aigre-Douce Biologique Fraises &#038; Vinaigre Balsamique de Mod\u00e8ne IGP Biologique"},"content":{"rendered":"<p>La Sauce Aigre-Douce Biologique Fraises et Vinaigre Balsamique de Mod\u00e8ne IGP Biologique est un produit au <strong>go\u00fbt unique et inimitable<\/strong>. La qualit\u00e9 et la puret\u00e9 des mati\u00e8res premi\u00e8res sont ce qui nous permet de proposer une sauce tr\u00e8s appr\u00e9ci\u00e9e et polyvalente, id\u00e9ale pour les ap\u00e9ritifs et d&rsquo;autres types de pr\u00e9parations.<\/p>\n<p>Les fruits, soigneusement s\u00e9lectionn\u00e9s et r\u00e9colt\u00e9s, sont plac\u00e9s dans des chaudrons ouverts sur feu direct et cuits d\u00e9licatement selon la <strong>m\u00e9thode artisanale<\/strong>. Ainsi, le fruit conserve intact sa saveur.<\/p>\n<p>Notre Sauce Aigre-Douce Biologique Fraises &#038; Vinaigre Balsamique de Mod\u00e8ne IGP Biologique est compos\u00e9e uniquement de <strong>fruits issus de l&rsquo;agriculture biologique<\/strong>. La recette est tr\u00e8s simple et pr\u00e9par\u00e9e selon la tradition. Pour rendre nos sauces encore plus sp\u00e9ciales et inimitables, nous avons ajout\u00e9 notre Vinaigre Balsamique de Mod\u00e8ne IGP Biologique. Ce dernier nous a permis de cr\u00e9er un fort contraste entre l&rsquo;acidit\u00e9 et la douceur du fruit, offrant ainsi des saveurs et des parfums uniques en leur genre.<\/p>\n<p><em><strong>En cuisine<\/strong><\/em> : capable de conqu\u00e9rir m\u00eame les connaisseurs les plus exigeants, elle est excellente avec du pecorino, des fromages de vache affin\u00e9s et de la fontina. Elle s&rsquo;accorde parfaitement aussi avec des viandes bouillies, des cr\u00eapes et des omelettes.<br \/>\nNous recommandons de l&rsquo;essayer avec du chocolat.<\/p>\n","protected":false},"excerpt":{"rendered":"<p>Notre Sauce Aigre-Douce Biologique Fraises &amp; Vinaigre Balsamique de Mod\u00e8ne IGP Biologique est compos\u00e9e uniquement de fruits issus de l&rsquo;agriculture biologique.<br \/>\nFormat du produit individuel : 120 g.<\/p>\n","protected":false},"featured_media":1275,"template":"","meta":[],"product_brand":[],"product_cat":[502],"product_tag":[],"class_list":{"0":"post-10221","1":"product","2":"type-product","3":"status-publish","4":"has-post-thumbnail","6":"product_cat-confitures-aigre-douces","8":"first","9":"instock","10":"featured","11":"shipping-taxable","12":"purchasable","13":"product-type-simple"},"yoast_head":"<!-- This site is optimized with the Yoast SEO plugin v27.3 - https:\/\/yoast.com\/product\/yoast-seo-wordpress\/ -->\n<title>Salsa agrodolce biologica fragole e Aceto Balsamico di Modena IGP<\/title>\n<meta name=\"description\" content=\"Salsa Agrodolce Biologica Fragole e Aceto Balsamico di Modena IGP Biologico: ideale per pecorino, formaggi di mucca stagionati, fontina e carni bollite.\" \/>\n<meta name=\"robots\" content=\"index, follow, max-snippet:-1, max-image-preview:large, max-video-preview:-1\" \/>\n<link rel=\"canonical\" href=\"https:\/\/www.acetaiamarchi.com\/fr\/produit\/sauce-aigre-douce-biologique-fraises-vinaigre-balsamique-de-modene-igp-biologique\/\" \/>\n<meta property=\"og:locale\" content=\"fr_FR\" \/>\n<meta property=\"og:type\" content=\"article\" \/>\n<meta property=\"og:title\" content=\"Salsa agrodolce biologica fragole e Aceto Balsamico di Modena IGP\" \/>\n<meta property=\"og:description\" content=\"Salsa Agrodolce Biologica Fragole e Aceto Balsamico di Modena IGP Biologico: ideale per pecorino, formaggi di mucca stagionati, fontina e carni bollite.\" \/>\n<meta property=\"og:url\" content=\"https:\/\/www.acetaiamarchi.com\/fr\/produit\/sauce-aigre-douce-biologique-fraises-vinaigre-balsamique-de-modene-igp-biologique\/\" \/>\n<meta property=\"og:site_name\" content=\"Acetaia Marchi\" \/>\n<meta property=\"article:modified_time\" content=\"2025-11-19T15:45:09+00:00\" \/>\n<meta property=\"og:image\" content=\"https:\/\/www.acetaiamarchi.com\/wp-content\/uploads\/2025\/03\/salsa-fragole-e-aceto-.jpg\" \/>\n\t<meta property=\"og:image:width\" content=\"1600\" \/>\n\t<meta property=\"og:image:height\" content=\"1600\" \/>\n\t<meta property=\"og:image:type\" content=\"image\/jpeg\" \/>\n<meta name=\"twitter:card\" content=\"summary_large_image\" \/>\n<meta name=\"twitter:label1\" content=\"Dur\u00e9e de lecture estim\u00e9e\" \/>\n\t<meta name=\"twitter:data1\" content=\"2 minutes\" \/>\n<script type=\"application\/ld+json\" class=\"yoast-schema-graph\">{\"@context\":\"https:\\\/\\\/schema.org\",\"@graph\":[{\"@type\":\"WebPage\",\"@id\":\"https:\\\/\\\/www.acetaiamarchi.com\\\/fr\\\/produit\\\/sauce-aigre-douce-biologique-fraises-vinaigre-balsamique-de-modene-igp-biologique\\\/\",\"url\":\"https:\\\/\\\/www.acetaiamarchi.com\\\/fr\\\/produit\\\/sauce-aigre-douce-biologique-fraises-vinaigre-balsamique-de-modene-igp-biologique\\\/\",\"name\":\"Salsa agrodolce biologica fragole e Aceto Balsamico di Modena IGP\",\"isPartOf\":{\"@id\":\"https:\\\/\\\/www.acetaiamarchi.com\\\/fr\\\/#website\"},\"primaryImageOfPage\":{\"@id\":\"https:\\\/\\\/www.acetaiamarchi.com\\\/fr\\\/produit\\\/sauce-aigre-douce-biologique-fraises-vinaigre-balsamique-de-modene-igp-biologique\\\/#primaryimage\"},\"image\":{\"@id\":\"https:\\\/\\\/www.acetaiamarchi.com\\\/fr\\\/produit\\\/sauce-aigre-douce-biologique-fraises-vinaigre-balsamique-de-modene-igp-biologique\\\/#primaryimage\"},\"thumbnailUrl\":\"https:\\\/\\\/www.acetaiamarchi.com\\\/wp-content\\\/uploads\\\/2025\\\/03\\\/salsa-fragole-e-aceto-.jpg\",\"datePublished\":\"2025-03-26T15:47:57+00:00\",\"dateModified\":\"2025-11-19T15:45:09+00:00\",\"description\":\"Salsa Agrodolce Biologica Fragole e Aceto Balsamico di Modena IGP Biologico: ideale per pecorino, formaggi di mucca stagionati, fontina e carni bollite.\",\"breadcrumb\":{\"@id\":\"https:\\\/\\\/www.acetaiamarchi.com\\\/fr\\\/produit\\\/sauce-aigre-douce-biologique-fraises-vinaigre-balsamique-de-modene-igp-biologique\\\/#breadcrumb\"},\"inLanguage\":\"fr-FR\",\"potentialAction\":[{\"@type\":\"ReadAction\",\"target\":[\"https:\\\/\\\/www.acetaiamarchi.com\\\/fr\\\/produit\\\/sauce-aigre-douce-biologique-fraises-vinaigre-balsamique-de-modene-igp-biologique\\\/\"]}]},{\"@type\":\"ImageObject\",\"inLanguage\":\"fr-FR\",\"@id\":\"https:\\\/\\\/www.acetaiamarchi.com\\\/fr\\\/produit\\\/sauce-aigre-douce-biologique-fraises-vinaigre-balsamique-de-modene-igp-biologique\\\/#primaryimage\",\"url\":\"https:\\\/\\\/www.acetaiamarchi.com\\\/wp-content\\\/uploads\\\/2025\\\/03\\\/salsa-fragole-e-aceto-.jpg\",\"contentUrl\":\"https:\\\/\\\/www.acetaiamarchi.com\\\/wp-content\\\/uploads\\\/2025\\\/03\\\/salsa-fragole-e-aceto-.jpg\",\"width\":1600,\"height\":1600,\"caption\":\"Composta di Fragole e Aceto Balsamico di Modena IGP Biologico\"},{\"@type\":\"BreadcrumbList\",\"@id\":\"https:\\\/\\\/www.acetaiamarchi.com\\\/fr\\\/produit\\\/sauce-aigre-douce-biologique-fraises-vinaigre-balsamique-de-modene-igp-biologique\\\/#breadcrumb\",\"itemListElement\":[{\"@type\":\"ListItem\",\"position\":1,\"name\":\"Home\",\"item\":\"https:\\\/\\\/www.acetaiamarchi.com\\\/fr\\\/\"},{\"@type\":\"ListItem\",\"position\":2,\"name\":\"Produits\",\"item\":\"https:\\\/\\\/www.acetaiamarchi.com\\\/fr\\\/shop\\\/\"},{\"@type\":\"ListItem\",\"position\":3,\"name\":\"Sauce Aigre-Douce Biologique Fraises &#038; Vinaigre Balsamique de Mod\u00e8ne IGP Biologique\"}]},{\"@type\":\"WebSite\",\"@id\":\"https:\\\/\\\/www.acetaiamarchi.com\\\/fr\\\/#website\",\"url\":\"https:\\\/\\\/www.acetaiamarchi.com\\\/fr\\\/\",\"name\":\"Acetaia Marchi Srl\",\"description\":\"\",\"publisher\":{\"@id\":\"https:\\\/\\\/www.acetaiamarchi.com\\\/fr\\\/#organization\"},\"potentialAction\":[{\"@type\":\"SearchAction\",\"target\":{\"@type\":\"EntryPoint\",\"urlTemplate\":\"https:\\\/\\\/www.acetaiamarchi.com\\\/fr\\\/?s={search_term_string}\"},\"query-input\":{\"@type\":\"PropertyValueSpecification\",\"valueRequired\":true,\"valueName\":\"search_term_string\"}}],\"inLanguage\":\"fr-FR\"},{\"@type\":\"Organization\",\"@id\":\"https:\\\/\\\/www.acetaiamarchi.com\\\/fr\\\/#organization\",\"name\":\"Acetaia Marchi Srl\",\"url\":\"https:\\\/\\\/www.acetaiamarchi.com\\\/fr\\\/\",\"logo\":{\"@type\":\"ImageObject\",\"inLanguage\":\"fr-FR\",\"@id\":\"https:\\\/\\\/www.acetaiamarchi.com\\\/fr\\\/#\\\/schema\\\/logo\\\/image\\\/\",\"url\":\"https:\\\/\\\/acetaiamarchi.com\\\/wp-content\\\/uploads\\\/2025\\\/03\\\/Acetaia-Marchi-Srl-Logo.png\",\"contentUrl\":\"https:\\\/\\\/acetaiamarchi.com\\\/wp-content\\\/uploads\\\/2025\\\/03\\\/Acetaia-Marchi-Srl-Logo.png\",\"width\":2000,\"height\":2000,\"caption\":\"Acetaia Marchi Srl\"},\"image\":{\"@id\":\"https:\\\/\\\/www.acetaiamarchi.com\\\/fr\\\/#\\\/schema\\\/logo\\\/image\\\/\"}}]}<\/script>\n<!-- \/ Yoast SEO plugin. -->","yoast_head_json":{"title":"Salsa agrodolce biologica fragole e Aceto Balsamico di Modena IGP","description":"Salsa Agrodolce Biologica Fragole e Aceto Balsamico di Modena IGP Biologico: ideale per pecorino, formaggi di mucca stagionati, fontina e carni bollite.","robots":{"index":"index","follow":"follow","max-snippet":"max-snippet:-1","max-image-preview":"max-image-preview:large","max-video-preview":"max-video-preview:-1"},"canonical":"https:\/\/www.acetaiamarchi.com\/fr\/produit\/sauce-aigre-douce-biologique-fraises-vinaigre-balsamique-de-modene-igp-biologique\/","og_locale":"fr_FR","og_type":"article","og_title":"Salsa agrodolce biologica fragole e Aceto Balsamico di Modena IGP","og_description":"Salsa Agrodolce Biologica Fragole e Aceto Balsamico di Modena IGP Biologico: ideale per pecorino, formaggi di mucca stagionati, fontina e carni bollite.","og_url":"https:\/\/www.acetaiamarchi.com\/fr\/produit\/sauce-aigre-douce-biologique-fraises-vinaigre-balsamique-de-modene-igp-biologique\/","og_site_name":"Acetaia Marchi","article_modified_time":"2025-11-19T15:45:09+00:00","og_image":[{"width":1600,"height":1600,"url":"https:\/\/www.acetaiamarchi.com\/wp-content\/uploads\/2025\/03\/salsa-fragole-e-aceto-.jpg","type":"image\/jpeg"}],"twitter_card":"summary_large_image","twitter_misc":{"Dur\u00e9e de lecture estim\u00e9e":"2 minutes"},"schema":{"@context":"https:\/\/schema.org","@graph":[{"@type":"WebPage","@id":"https:\/\/www.acetaiamarchi.com\/fr\/produit\/sauce-aigre-douce-biologique-fraises-vinaigre-balsamique-de-modene-igp-biologique\/","url":"https:\/\/www.acetaiamarchi.com\/fr\/produit\/sauce-aigre-douce-biologique-fraises-vinaigre-balsamique-de-modene-igp-biologique\/","name":"Salsa agrodolce biologica fragole e Aceto Balsamico di Modena IGP","isPartOf":{"@id":"https:\/\/www.acetaiamarchi.com\/fr\/#website"},"primaryImageOfPage":{"@id":"https:\/\/www.acetaiamarchi.com\/fr\/produit\/sauce-aigre-douce-biologique-fraises-vinaigre-balsamique-de-modene-igp-biologique\/#primaryimage"},"image":{"@id":"https:\/\/www.acetaiamarchi.com\/fr\/produit\/sauce-aigre-douce-biologique-fraises-vinaigre-balsamique-de-modene-igp-biologique\/#primaryimage"},"thumbnailUrl":"https:\/\/www.acetaiamarchi.com\/wp-content\/uploads\/2025\/03\/salsa-fragole-e-aceto-.jpg","datePublished":"2025-03-26T15:47:57+00:00","dateModified":"2025-11-19T15:45:09+00:00","description":"Salsa Agrodolce Biologica Fragole e Aceto Balsamico di Modena IGP Biologico: ideale per pecorino, formaggi di mucca stagionati, fontina e carni bollite.","breadcrumb":{"@id":"https:\/\/www.acetaiamarchi.com\/fr\/produit\/sauce-aigre-douce-biologique-fraises-vinaigre-balsamique-de-modene-igp-biologique\/#breadcrumb"},"inLanguage":"fr-FR","potentialAction":[{"@type":"ReadAction","target":["https:\/\/www.acetaiamarchi.com\/fr\/produit\/sauce-aigre-douce-biologique-fraises-vinaigre-balsamique-de-modene-igp-biologique\/"]}]},{"@type":"ImageObject","inLanguage":"fr-FR","@id":"https:\/\/www.acetaiamarchi.com\/fr\/produit\/sauce-aigre-douce-biologique-fraises-vinaigre-balsamique-de-modene-igp-biologique\/#primaryimage","url":"https:\/\/www.acetaiamarchi.com\/wp-content\/uploads\/2025\/03\/salsa-fragole-e-aceto-.jpg","contentUrl":"https:\/\/www.acetaiamarchi.com\/wp-content\/uploads\/2025\/03\/salsa-fragole-e-aceto-.jpg","width":1600,"height":1600,"caption":"Composta di Fragole e Aceto Balsamico di Modena IGP Biologico"},{"@type":"BreadcrumbList","@id":"https:\/\/www.acetaiamarchi.com\/fr\/produit\/sauce-aigre-douce-biologique-fraises-vinaigre-balsamique-de-modene-igp-biologique\/#breadcrumb","itemListElement":[{"@type":"ListItem","position":1,"name":"Home","item":"https:\/\/www.acetaiamarchi.com\/fr\/"},{"@type":"ListItem","position":2,"name":"Produits","item":"https:\/\/www.acetaiamarchi.com\/fr\/shop\/"},{"@type":"ListItem","position":3,"name":"Sauce Aigre-Douce Biologique Fraises &#038; Vinaigre Balsamique de Mod\u00e8ne IGP Biologique"}]},{"@type":"WebSite","@id":"https:\/\/www.acetaiamarchi.com\/fr\/#website","url":"https:\/\/www.acetaiamarchi.com\/fr\/","name":"Acetaia Marchi Srl","description":"","publisher":{"@id":"https:\/\/www.acetaiamarchi.com\/fr\/#organization"},"potentialAction":[{"@type":"SearchAction","target":{"@type":"EntryPoint","urlTemplate":"https:\/\/www.acetaiamarchi.com\/fr\/?s={search_term_string}"},"query-input":{"@type":"PropertyValueSpecification","valueRequired":true,"valueName":"search_term_string"}}],"inLanguage":"fr-FR"},{"@type":"Organization","@id":"https:\/\/www.acetaiamarchi.com\/fr\/#organization","name":"Acetaia Marchi Srl","url":"https:\/\/www.acetaiamarchi.com\/fr\/","logo":{"@type":"ImageObject","inLanguage":"fr-FR","@id":"https:\/\/www.acetaiamarchi.com\/fr\/#\/schema\/logo\/image\/","url":"https:\/\/acetaiamarchi.com\/wp-content\/uploads\/2025\/03\/Acetaia-Marchi-Srl-Logo.png","contentUrl":"https:\/\/acetaiamarchi.com\/wp-content\/uploads\/2025\/03\/Acetaia-Marchi-Srl-Logo.png","width":2000,"height":2000,"caption":"Acetaia Marchi Srl"},"image":{"@id":"https:\/\/www.acetaiamarchi.com\/fr\/#\/schema\/logo\/image\/"}}]}},"_links":{"self":[{"href":"https:\/\/www.acetaiamarchi.com\/fr\/wp-json\/wp\/v2\/product\/10221","targetHints":{"allow":["GET"]}}],"collection":[{"href":"https:\/\/www.acetaiamarchi.com\/fr\/wp-json\/wp\/v2\/product"}],"about":[{"href":"https:\/\/www.acetaiamarchi.com\/fr\/wp-json\/wp\/v2\/types\/product"}],"version-history":[{"count":3,"href":"https:\/\/www.acetaiamarchi.com\/fr\/wp-json\/wp\/v2\/product\/10221\/revisions"}],"predecessor-version":[{"id":11541,"href":"https:\/\/www.acetaiamarchi.com\/fr\/wp-json\/wp\/v2\/product\/10221\/revisions\/11541"}],"wp:featuredmedia":[{"embeddable":true,"href":"https:\/\/www.acetaiamarchi.com\/fr\/wp-json\/wp\/v2\/media\/1275"}],"wp:attachment":[{"href":"https:\/\/www.acetaiamarchi.com\/fr\/wp-json\/wp\/v2\/media?parent=10221"}],"wp:term":[{"taxonomy":"product_brand","embeddable":true,"href":"https:\/\/www.acetaiamarchi.com\/fr\/wp-json\/wp\/v2\/product_brand?post=10221"},{"taxonomy":"product_cat","embeddable":true,"href":"https:\/\/www.acetaiamarchi.com\/fr\/wp-json\/wp\/v2\/product_cat?post=10221"},{"taxonomy":"product_tag","embeddable":true,"href":"https:\/\/www.acetaiamarchi.com\/fr\/wp-json\/wp\/v2\/product_tag?post=10221"}],"curies":[{"name":"wp","href":"https:\/\/api.w.org\/{rel}","templated":true}]}}