{"id":10215,"date":"2025-03-26T15:30:17","date_gmt":"2025-03-26T14:30:17","guid":{"rendered":"https:\/\/www.acetaiamarchi.com\/fr\/?post_type=product&#038;p=10215"},"modified":"2025-11-19T12:40:48","modified_gmt":"2025-11-19T11:40:48","slug":"sauce-aigre-douce-biologique-figue-vinaigre-balsamique-de-modene-igp-biologique","status":"publish","type":"product","link":"https:\/\/www.acetaiamarchi.com\/fr\/produit\/sauce-aigre-douce-biologique-figue-vinaigre-balsamique-de-modene-igp-biologique\/","title":{"rendered":"Sauce Aigre-Douce Biologique Figue &#038; Vinaigre Balsamique de Mod\u00e8ne IGP Biologique"},"content":{"rendered":"<p>Notre <strong>Sauce Aigre-Douce Biologique Figues &amp; Vinaigre Balsamique de Mod\u00e8ne IGP Biologique<\/strong> est pr\u00e9par\u00e9e avec des fruits soigneusement s\u00e9lectionn\u00e9s. Ceux-ci sont plac\u00e9s dans des chaudrons ouverts sur feu direct et cuits d\u00e9licatement selon la m\u00e9thode artisanale. Ce proc\u00e9d\u00e9 permet aux fruits de conserver intact leur saveur.<\/p>\n<p>Nous privil\u00e9gions les recettes les plus simples, sans colorants, conservateurs, \u00e9paississants, antioxydants. Ainsi, nous pouvons proposer des produits avec une teneur en fruits parmi les plus \u00e9lev\u00e9es du march\u00e9.<\/p>\n<p>Pour rendre nos sauces encore plus sp\u00e9ciales et inimitables, nous ajoutons notre Vinaigre Balsamique de Mod\u00e8ne IGP Biologique. Cette combinaison offre un agr\u00e9able contraste entre l\u2019acidit\u00e9 et la douceur des fruits, et propose des saveurs et des ar\u00f4mes uniques en leur genre. Nos sauces, pr\u00e9par\u00e9es uniquement avec des fruits issus de cultures biologiques, nous permettent de garantir une qualit\u00e9 \u00e9lev\u00e9e, des produits authentiques et d\u00e9licieux.<\/p>\n<p>Notre Sauce Aigre-Douce Biologique Figues &amp; Vinaigre Balsamique de Mod\u00e8ne IGP Biologique s\u00e9duit par sa <strong>saveur authentique<\/strong> et sa <strong>texture enveloppante<\/strong>.<\/p>\n<p><em><strong>En cuisine<\/strong><\/em> : Gr\u00e2ce \u00e0 ses innombrables propri\u00e9t\u00e9s organoleptiques, elle se r\u00e9v\u00e8le excellente en association avec le pecorino, et parfaite sur les omelettes et tigelles. Elle s\u2019accorde \u00e9galement bien avec les charcuteries et tranches de viande affin\u00e9es, avec toutes les viandes blanches, avec les beignets sucr\u00e9s et la glace \u00e0 la vanille.<\/p>\n","protected":false},"excerpt":{"rendered":"<p>Sauce Aigre-Douce Biologique Figue &amp; Vinaigre Balsamique de Mod\u00e8ne IGP Biologique pr\u00e9par\u00e9e avec des fruits soigneusement s\u00e9lectionn\u00e9s et cuits d\u00e9licatement selon la m\u00e9thode artisanale. Ce proc\u00e9d\u00e9 permet aux fruits de conserver intact leur saveur.<\/p>\n<p>Format du produit individuel : 120 gr.<\/p>\n<p>&nbsp;<\/p>\n","protected":false},"featured_media":1295,"template":"","meta":[],"product_brand":[],"product_cat":[502],"product_tag":[],"class_list":{"0":"post-10215","1":"product","2":"type-product","3":"status-publish","4":"has-post-thumbnail","6":"product_cat-confitures-aigre-douces","8":"first","9":"instock","10":"featured","11":"shipping-taxable","12":"purchasable","13":"product-type-simple"},"yoast_head":"<!-- This site is optimized with the Yoast SEO plugin v27.4 - https:\/\/yoast.com\/product\/yoast-seo-wordpress\/ -->\n<title>Salsa agrodolce Biologica Fichi &amp; Aceto Balsamico di Modena IGP<\/title>\n<meta name=\"description\" content=\"Salsa Agrodolce Biologica Fichi &amp; Aceto Balsamico di Modena IGP Biologico preparata con frutti scelti e fatti cuocere secondo il metodo artigianale.\" \/>\n<meta name=\"robots\" content=\"index, follow, max-snippet:-1, max-image-preview:large, max-video-preview:-1\" \/>\n<link rel=\"canonical\" href=\"https:\/\/www.acetaiamarchi.com\/fr\/produit\/sauce-aigre-douce-biologique-figue-vinaigre-balsamique-de-modene-igp-biologique\/\" \/>\n<meta property=\"og:locale\" content=\"fr_FR\" \/>\n<meta property=\"og:type\" content=\"article\" \/>\n<meta property=\"og:title\" content=\"Salsa agrodolce Biologica Fichi &amp; Aceto Balsamico di Modena IGP\" \/>\n<meta property=\"og:description\" content=\"Salsa Agrodolce Biologica Fichi &amp; Aceto Balsamico di Modena IGP Biologico preparata con frutti scelti e fatti cuocere secondo il metodo artigianale.\" \/>\n<meta property=\"og:url\" content=\"https:\/\/www.acetaiamarchi.com\/fr\/produit\/sauce-aigre-douce-biologique-figue-vinaigre-balsamique-de-modene-igp-biologique\/\" \/>\n<meta property=\"og:site_name\" content=\"Acetaia Marchi\" \/>\n<meta property=\"article:modified_time\" content=\"2025-11-19T11:40:48+00:00\" \/>\n<meta property=\"og:image\" content=\"https:\/\/www.acetaiamarchi.com\/wp-content\/uploads\/2025\/03\/salsa-fichi-e-aceto.jpg\" \/>\n\t<meta property=\"og:image:width\" content=\"1600\" \/>\n\t<meta property=\"og:image:height\" content=\"1600\" \/>\n\t<meta property=\"og:image:type\" content=\"image\/jpeg\" \/>\n<meta name=\"twitter:card\" content=\"summary_large_image\" \/>\n<meta name=\"twitter:label1\" content=\"Dur\u00e9e de lecture estim\u00e9e\" \/>\n\t<meta name=\"twitter:data1\" content=\"2 minutes\" \/>\n<script type=\"application\/ld+json\" class=\"yoast-schema-graph\">{\"@context\":\"https:\\\/\\\/schema.org\",\"@graph\":[{\"@type\":\"WebPage\",\"@id\":\"https:\\\/\\\/www.acetaiamarchi.com\\\/fr\\\/produit\\\/sauce-aigre-douce-biologique-figue-vinaigre-balsamique-de-modene-igp-biologique\\\/\",\"url\":\"https:\\\/\\\/www.acetaiamarchi.com\\\/fr\\\/produit\\\/sauce-aigre-douce-biologique-figue-vinaigre-balsamique-de-modene-igp-biologique\\\/\",\"name\":\"Salsa agrodolce Biologica Fichi & Aceto Balsamico di Modena IGP\",\"isPartOf\":{\"@id\":\"https:\\\/\\\/www.acetaiamarchi.com\\\/fr\\\/#website\"},\"primaryImageOfPage\":{\"@id\":\"https:\\\/\\\/www.acetaiamarchi.com\\\/fr\\\/produit\\\/sauce-aigre-douce-biologique-figue-vinaigre-balsamique-de-modene-igp-biologique\\\/#primaryimage\"},\"image\":{\"@id\":\"https:\\\/\\\/www.acetaiamarchi.com\\\/fr\\\/produit\\\/sauce-aigre-douce-biologique-figue-vinaigre-balsamique-de-modene-igp-biologique\\\/#primaryimage\"},\"thumbnailUrl\":\"https:\\\/\\\/www.acetaiamarchi.com\\\/wp-content\\\/uploads\\\/2025\\\/03\\\/salsa-fichi-e-aceto.jpg\",\"datePublished\":\"2025-03-26T14:30:17+00:00\",\"dateModified\":\"2025-11-19T11:40:48+00:00\",\"description\":\"Salsa Agrodolce Biologica Fichi & Aceto Balsamico di Modena IGP Biologico preparata con frutti scelti e fatti cuocere secondo il metodo artigianale.\",\"breadcrumb\":{\"@id\":\"https:\\\/\\\/www.acetaiamarchi.com\\\/fr\\\/produit\\\/sauce-aigre-douce-biologique-figue-vinaigre-balsamique-de-modene-igp-biologique\\\/#breadcrumb\"},\"inLanguage\":\"fr-FR\",\"potentialAction\":[{\"@type\":\"ReadAction\",\"target\":[\"https:\\\/\\\/www.acetaiamarchi.com\\\/fr\\\/produit\\\/sauce-aigre-douce-biologique-figue-vinaigre-balsamique-de-modene-igp-biologique\\\/\"]}]},{\"@type\":\"ImageObject\",\"inLanguage\":\"fr-FR\",\"@id\":\"https:\\\/\\\/www.acetaiamarchi.com\\\/fr\\\/produit\\\/sauce-aigre-douce-biologique-figue-vinaigre-balsamique-de-modene-igp-biologique\\\/#primaryimage\",\"url\":\"https:\\\/\\\/www.acetaiamarchi.com\\\/wp-content\\\/uploads\\\/2025\\\/03\\\/salsa-fichi-e-aceto.jpg\",\"contentUrl\":\"https:\\\/\\\/www.acetaiamarchi.com\\\/wp-content\\\/uploads\\\/2025\\\/03\\\/salsa-fichi-e-aceto.jpg\",\"width\":1600,\"height\":1600,\"caption\":\"Salsa agrodolce biologica di Fichi e Aceto Balsamico di Modena IGP\"},{\"@type\":\"BreadcrumbList\",\"@id\":\"https:\\\/\\\/www.acetaiamarchi.com\\\/fr\\\/produit\\\/sauce-aigre-douce-biologique-figue-vinaigre-balsamique-de-modene-igp-biologique\\\/#breadcrumb\",\"itemListElement\":[{\"@type\":\"ListItem\",\"position\":1,\"name\":\"Home\",\"item\":\"https:\\\/\\\/www.acetaiamarchi.com\\\/fr\\\/\"},{\"@type\":\"ListItem\",\"position\":2,\"name\":\"Produits\",\"item\":\"https:\\\/\\\/www.acetaiamarchi.com\\\/fr\\\/shop\\\/\"},{\"@type\":\"ListItem\",\"position\":3,\"name\":\"Sauce Aigre-Douce Biologique Figue &#038; Vinaigre Balsamique de Mod\u00e8ne IGP Biologique\"}]},{\"@type\":\"WebSite\",\"@id\":\"https:\\\/\\\/www.acetaiamarchi.com\\\/fr\\\/#website\",\"url\":\"https:\\\/\\\/www.acetaiamarchi.com\\\/fr\\\/\",\"name\":\"Acetaia Marchi Srl\",\"description\":\"\",\"publisher\":{\"@id\":\"https:\\\/\\\/www.acetaiamarchi.com\\\/fr\\\/#organization\"},\"potentialAction\":[{\"@type\":\"SearchAction\",\"target\":{\"@type\":\"EntryPoint\",\"urlTemplate\":\"https:\\\/\\\/www.acetaiamarchi.com\\\/fr\\\/?s={search_term_string}\"},\"query-input\":{\"@type\":\"PropertyValueSpecification\",\"valueRequired\":true,\"valueName\":\"search_term_string\"}}],\"inLanguage\":\"fr-FR\"},{\"@type\":\"Organization\",\"@id\":\"https:\\\/\\\/www.acetaiamarchi.com\\\/fr\\\/#organization\",\"name\":\"Acetaia Marchi Srl\",\"url\":\"https:\\\/\\\/www.acetaiamarchi.com\\\/fr\\\/\",\"logo\":{\"@type\":\"ImageObject\",\"inLanguage\":\"fr-FR\",\"@id\":\"https:\\\/\\\/www.acetaiamarchi.com\\\/fr\\\/#\\\/schema\\\/logo\\\/image\\\/\",\"url\":\"https:\\\/\\\/acetaiamarchi.com\\\/wp-content\\\/uploads\\\/2025\\\/03\\\/Acetaia-Marchi-Srl-Logo.png\",\"contentUrl\":\"https:\\\/\\\/acetaiamarchi.com\\\/wp-content\\\/uploads\\\/2025\\\/03\\\/Acetaia-Marchi-Srl-Logo.png\",\"width\":2000,\"height\":2000,\"caption\":\"Acetaia Marchi Srl\"},\"image\":{\"@id\":\"https:\\\/\\\/www.acetaiamarchi.com\\\/fr\\\/#\\\/schema\\\/logo\\\/image\\\/\"}}]}<\/script>\n<!-- \/ Yoast SEO plugin. -->","yoast_head_json":{"title":"Salsa agrodolce Biologica Fichi & Aceto Balsamico di Modena IGP","description":"Salsa Agrodolce Biologica Fichi & Aceto Balsamico di Modena IGP Biologico preparata con frutti scelti e fatti cuocere secondo il metodo artigianale.","robots":{"index":"index","follow":"follow","max-snippet":"max-snippet:-1","max-image-preview":"max-image-preview:large","max-video-preview":"max-video-preview:-1"},"canonical":"https:\/\/www.acetaiamarchi.com\/fr\/produit\/sauce-aigre-douce-biologique-figue-vinaigre-balsamique-de-modene-igp-biologique\/","og_locale":"fr_FR","og_type":"article","og_title":"Salsa agrodolce Biologica Fichi & Aceto Balsamico di Modena IGP","og_description":"Salsa Agrodolce Biologica Fichi & Aceto Balsamico di Modena IGP Biologico preparata con frutti scelti e fatti cuocere secondo il metodo artigianale.","og_url":"https:\/\/www.acetaiamarchi.com\/fr\/produit\/sauce-aigre-douce-biologique-figue-vinaigre-balsamique-de-modene-igp-biologique\/","og_site_name":"Acetaia Marchi","article_modified_time":"2025-11-19T11:40:48+00:00","og_image":[{"width":1600,"height":1600,"url":"https:\/\/www.acetaiamarchi.com\/wp-content\/uploads\/2025\/03\/salsa-fichi-e-aceto.jpg","type":"image\/jpeg"}],"twitter_card":"summary_large_image","twitter_misc":{"Dur\u00e9e de lecture estim\u00e9e":"2 minutes"},"schema":{"@context":"https:\/\/schema.org","@graph":[{"@type":"WebPage","@id":"https:\/\/www.acetaiamarchi.com\/fr\/produit\/sauce-aigre-douce-biologique-figue-vinaigre-balsamique-de-modene-igp-biologique\/","url":"https:\/\/www.acetaiamarchi.com\/fr\/produit\/sauce-aigre-douce-biologique-figue-vinaigre-balsamique-de-modene-igp-biologique\/","name":"Salsa agrodolce Biologica Fichi & Aceto Balsamico di Modena IGP","isPartOf":{"@id":"https:\/\/www.acetaiamarchi.com\/fr\/#website"},"primaryImageOfPage":{"@id":"https:\/\/www.acetaiamarchi.com\/fr\/produit\/sauce-aigre-douce-biologique-figue-vinaigre-balsamique-de-modene-igp-biologique\/#primaryimage"},"image":{"@id":"https:\/\/www.acetaiamarchi.com\/fr\/produit\/sauce-aigre-douce-biologique-figue-vinaigre-balsamique-de-modene-igp-biologique\/#primaryimage"},"thumbnailUrl":"https:\/\/www.acetaiamarchi.com\/wp-content\/uploads\/2025\/03\/salsa-fichi-e-aceto.jpg","datePublished":"2025-03-26T14:30:17+00:00","dateModified":"2025-11-19T11:40:48+00:00","description":"Salsa Agrodolce Biologica Fichi & Aceto Balsamico di Modena IGP Biologico preparata con frutti scelti e fatti cuocere secondo il metodo artigianale.","breadcrumb":{"@id":"https:\/\/www.acetaiamarchi.com\/fr\/produit\/sauce-aigre-douce-biologique-figue-vinaigre-balsamique-de-modene-igp-biologique\/#breadcrumb"},"inLanguage":"fr-FR","potentialAction":[{"@type":"ReadAction","target":["https:\/\/www.acetaiamarchi.com\/fr\/produit\/sauce-aigre-douce-biologique-figue-vinaigre-balsamique-de-modene-igp-biologique\/"]}]},{"@type":"ImageObject","inLanguage":"fr-FR","@id":"https:\/\/www.acetaiamarchi.com\/fr\/produit\/sauce-aigre-douce-biologique-figue-vinaigre-balsamique-de-modene-igp-biologique\/#primaryimage","url":"https:\/\/www.acetaiamarchi.com\/wp-content\/uploads\/2025\/03\/salsa-fichi-e-aceto.jpg","contentUrl":"https:\/\/www.acetaiamarchi.com\/wp-content\/uploads\/2025\/03\/salsa-fichi-e-aceto.jpg","width":1600,"height":1600,"caption":"Salsa agrodolce biologica di Fichi e Aceto Balsamico di Modena IGP"},{"@type":"BreadcrumbList","@id":"https:\/\/www.acetaiamarchi.com\/fr\/produit\/sauce-aigre-douce-biologique-figue-vinaigre-balsamique-de-modene-igp-biologique\/#breadcrumb","itemListElement":[{"@type":"ListItem","position":1,"name":"Home","item":"https:\/\/www.acetaiamarchi.com\/fr\/"},{"@type":"ListItem","position":2,"name":"Produits","item":"https:\/\/www.acetaiamarchi.com\/fr\/shop\/"},{"@type":"ListItem","position":3,"name":"Sauce Aigre-Douce Biologique Figue &#038; Vinaigre Balsamique de Mod\u00e8ne IGP Biologique"}]},{"@type":"WebSite","@id":"https:\/\/www.acetaiamarchi.com\/fr\/#website","url":"https:\/\/www.acetaiamarchi.com\/fr\/","name":"Acetaia Marchi Srl","description":"","publisher":{"@id":"https:\/\/www.acetaiamarchi.com\/fr\/#organization"},"potentialAction":[{"@type":"SearchAction","target":{"@type":"EntryPoint","urlTemplate":"https:\/\/www.acetaiamarchi.com\/fr\/?s={search_term_string}"},"query-input":{"@type":"PropertyValueSpecification","valueRequired":true,"valueName":"search_term_string"}}],"inLanguage":"fr-FR"},{"@type":"Organization","@id":"https:\/\/www.acetaiamarchi.com\/fr\/#organization","name":"Acetaia Marchi Srl","url":"https:\/\/www.acetaiamarchi.com\/fr\/","logo":{"@type":"ImageObject","inLanguage":"fr-FR","@id":"https:\/\/www.acetaiamarchi.com\/fr\/#\/schema\/logo\/image\/","url":"https:\/\/acetaiamarchi.com\/wp-content\/uploads\/2025\/03\/Acetaia-Marchi-Srl-Logo.png","contentUrl":"https:\/\/acetaiamarchi.com\/wp-content\/uploads\/2025\/03\/Acetaia-Marchi-Srl-Logo.png","width":2000,"height":2000,"caption":"Acetaia Marchi Srl"},"image":{"@id":"https:\/\/www.acetaiamarchi.com\/fr\/#\/schema\/logo\/image\/"}}]}},"_links":{"self":[{"href":"https:\/\/www.acetaiamarchi.com\/fr\/wp-json\/wp\/v2\/product\/10215","targetHints":{"allow":["GET"]}}],"collection":[{"href":"https:\/\/www.acetaiamarchi.com\/fr\/wp-json\/wp\/v2\/product"}],"about":[{"href":"https:\/\/www.acetaiamarchi.com\/fr\/wp-json\/wp\/v2\/types\/product"}],"version-history":[{"count":2,"href":"https:\/\/www.acetaiamarchi.com\/fr\/wp-json\/wp\/v2\/product\/10215\/revisions"}],"predecessor-version":[{"id":11535,"href":"https:\/\/www.acetaiamarchi.com\/fr\/wp-json\/wp\/v2\/product\/10215\/revisions\/11535"}],"wp:featuredmedia":[{"embeddable":true,"href":"https:\/\/www.acetaiamarchi.com\/fr\/wp-json\/wp\/v2\/media\/1295"}],"wp:attachment":[{"href":"https:\/\/www.acetaiamarchi.com\/fr\/wp-json\/wp\/v2\/media?parent=10215"}],"wp:term":[{"taxonomy":"product_brand","embeddable":true,"href":"https:\/\/www.acetaiamarchi.com\/fr\/wp-json\/wp\/v2\/product_brand?post=10215"},{"taxonomy":"product_cat","embeddable":true,"href":"https:\/\/www.acetaiamarchi.com\/fr\/wp-json\/wp\/v2\/product_cat?post=10215"},{"taxonomy":"product_tag","embeddable":true,"href":"https:\/\/www.acetaiamarchi.com\/fr\/wp-json\/wp\/v2\/product_tag?post=10215"}],"curies":[{"name":"wp","href":"https:\/\/api.w.org\/{rel}","templated":true}]}}