{"id":10209,"date":"2025-03-26T14:52:17","date_gmt":"2025-03-26T13:52:17","guid":{"rendered":"https:\/\/www.acetaiamarchi.com\/fr\/?post_type=product&#038;p=10209"},"modified":"2025-11-19T17:00:33","modified_gmt":"2025-11-19T16:00:33","slug":"sauce-aigre-douce-biologique-aux-griottes-vinaigre-balsamique-de-modene-igp-biologique","status":"publish","type":"product","link":"https:\/\/www.acetaiamarchi.com\/fr\/produit\/sauce-aigre-douce-biologique-aux-griottes-vinaigre-balsamique-de-modene-igp-biologique\/","title":{"rendered":"Sauce Aigre-Douce Biologique aux Griottes &#038; Vinaigre Balsamique de Mod\u00e8ne IGP Biologique"},"content":{"rendered":"<p>M\u00eame lorsqu&rsquo;il s&rsquo;agit de notre <strong>Sauce Aigre-Douce Biologique aux Griottes &amp; Vinaigre Balsamique de Mod\u00e8ne IGP Biologique<\/strong>, la qualit\u00e9 est garantie par la puret\u00e9 des mati\u00e8res premi\u00e8res utilis\u00e9es. Les fruits, issus de cultures biologiques, sont soigneusement s\u00e9lectionn\u00e9s. Ils sont ensuite soumis \u00e0 plusieurs processus de cuisson lents, qui reproduisent les m\u00e9thodes traditionnelles paysannes.<\/p>\n<p>Les fruits sont plac\u00e9s dans des chaudi\u00e8res ouvertes \u00e0 feu direct et cuits d\u00e9licatement selon la <strong>m\u00e9thode artisanale<\/strong>. Ce proc\u00e9d\u00e9 permet aux fruits de conserver intact leur saveur. Nous privil\u00e9gions les recettes les plus simples et valorisons la tradition.<\/p>\n<p>Pour rendre nos sauces encore meilleures, nous utilisons notre Vinaigre Balsamique de Mod\u00e8ne IGP Biologique, gr\u00e2ce auquel nous pouvons cr\u00e9er un magnifique contraste entre l&rsquo;acidit\u00e9 et la douceur des fruits. Cette combinaison nous permet de garantir des produits aux saveurs et aux ar\u00f4mes uniques, qui satisfont pleinement le palais.<\/p>\n<p><em><strong>En cuisine<\/strong><\/em> : Notre Sauce Aigre-Douce Biologique aux Griottes &amp; Vinaigre Balsamique de Mod\u00e8ne IGP Biologique est tr\u00e8s appr\u00e9ci\u00e9e lorsqu&rsquo;elle est servie avec du Parmesan et\/ou du pecorino affin\u00e9. Elle est id\u00e9ale sur des cro\u00fbtons de polenta et convient parfaitement aux viandes (surtout le gibier) ainsi que pour rehausser la saveur d\u00e9licate de la ricotta.<\/p>\n<p>Format du produit individuel : 120 g.<\/p>\n","protected":false},"excerpt":{"rendered":"<p>Pour nos confitures, nous utilisons uniquement des fruits s\u00e9lectionn\u00e9s et issus de cultures biologiques.<br \/>\nLes fruits sont plac\u00e9s dans des chaudrons ouverts \u00e0 feu direct et cuits d\u00e9licatement selon la m\u00e9thode artisanale, en conservant intact leur saveur.<\/p>\n<p><b>Format produit unique :<\/b> 120 gr.<\/p>\n","protected":false},"featured_media":1291,"template":"","meta":[],"product_brand":[],"product_cat":[502],"product_tag":[],"class_list":{"0":"post-10209","1":"product","2":"type-product","3":"status-publish","4":"has-post-thumbnail","6":"product_cat-confitures-aigre-douces","8":"first","9":"instock","10":"featured","11":"shipping-taxable","12":"purchasable","13":"product-type-simple"},"yoast_head":"<!-- This site is optimized with the Yoast SEO plugin v27.4 - https:\/\/yoast.com\/product\/yoast-seo-wordpress\/ -->\n<title>Salsa agrodolce Biologica Amarene &amp; Aceto Balsamico di Modena IGP<\/title>\n<meta name=\"description\" content=\"Salsa agrodolce Biologica Amarene e Aceto Balsamico di Modena IGP Biologico. Preparazione artigianale con i soli zuccheri della frutta Biologica\" \/>\n<meta name=\"robots\" content=\"index, follow, max-snippet:-1, max-image-preview:large, max-video-preview:-1\" \/>\n<link rel=\"canonical\" href=\"https:\/\/www.acetaiamarchi.com\/fr\/produit\/sauce-aigre-douce-biologique-aux-griottes-vinaigre-balsamique-de-modene-igp-biologique\/\" \/>\n<meta property=\"og:locale\" content=\"fr_FR\" \/>\n<meta property=\"og:type\" content=\"article\" \/>\n<meta property=\"og:title\" content=\"Salsa agrodolce Biologica Amarene &amp; Aceto Balsamico di Modena IGP\" \/>\n<meta property=\"og:description\" content=\"Salsa agrodolce Biologica Amarene e Aceto Balsamico di Modena IGP Biologico. Preparazione artigianale con i soli zuccheri della frutta Biologica\" \/>\n<meta property=\"og:url\" content=\"https:\/\/www.acetaiamarchi.com\/fr\/produit\/sauce-aigre-douce-biologique-aux-griottes-vinaigre-balsamique-de-modene-igp-biologique\/\" \/>\n<meta property=\"og:site_name\" content=\"Acetaia Marchi\" \/>\n<meta property=\"article:modified_time\" content=\"2025-11-19T16:00:33+00:00\" \/>\n<meta property=\"og:image\" content=\"https:\/\/www.acetaiamarchi.com\/wp-content\/uploads\/2025\/03\/salsa-amarene-e-aceto-copia.jpg\" \/>\n\t<meta property=\"og:image:width\" content=\"1600\" \/>\n\t<meta property=\"og:image:height\" content=\"1600\" \/>\n\t<meta property=\"og:image:type\" content=\"image\/jpeg\" \/>\n<meta name=\"twitter:card\" content=\"summary_large_image\" \/>\n<meta name=\"twitter:label1\" content=\"Dur\u00e9e de lecture estim\u00e9e\" \/>\n\t<meta name=\"twitter:data1\" content=\"2 minutes\" \/>\n<script type=\"application\/ld+json\" class=\"yoast-schema-graph\">{\"@context\":\"https:\\\/\\\/schema.org\",\"@graph\":[{\"@type\":\"WebPage\",\"@id\":\"https:\\\/\\\/www.acetaiamarchi.com\\\/fr\\\/produit\\\/sauce-aigre-douce-biologique-aux-griottes-vinaigre-balsamique-de-modene-igp-biologique\\\/\",\"url\":\"https:\\\/\\\/www.acetaiamarchi.com\\\/fr\\\/produit\\\/sauce-aigre-douce-biologique-aux-griottes-vinaigre-balsamique-de-modene-igp-biologique\\\/\",\"name\":\"Salsa agrodolce Biologica Amarene & Aceto Balsamico di Modena IGP\",\"isPartOf\":{\"@id\":\"https:\\\/\\\/www.acetaiamarchi.com\\\/fr\\\/#website\"},\"primaryImageOfPage\":{\"@id\":\"https:\\\/\\\/www.acetaiamarchi.com\\\/fr\\\/produit\\\/sauce-aigre-douce-biologique-aux-griottes-vinaigre-balsamique-de-modene-igp-biologique\\\/#primaryimage\"},\"image\":{\"@id\":\"https:\\\/\\\/www.acetaiamarchi.com\\\/fr\\\/produit\\\/sauce-aigre-douce-biologique-aux-griottes-vinaigre-balsamique-de-modene-igp-biologique\\\/#primaryimage\"},\"thumbnailUrl\":\"https:\\\/\\\/www.acetaiamarchi.com\\\/wp-content\\\/uploads\\\/2025\\\/03\\\/salsa-amarene-e-aceto-copia.jpg\",\"datePublished\":\"2025-03-26T13:52:17+00:00\",\"dateModified\":\"2025-11-19T16:00:33+00:00\",\"description\":\"Salsa agrodolce Biologica Amarene e Aceto Balsamico di Modena IGP Biologico. Preparazione artigianale con i soli zuccheri della frutta Biologica\",\"breadcrumb\":{\"@id\":\"https:\\\/\\\/www.acetaiamarchi.com\\\/fr\\\/produit\\\/sauce-aigre-douce-biologique-aux-griottes-vinaigre-balsamique-de-modene-igp-biologique\\\/#breadcrumb\"},\"inLanguage\":\"fr-FR\",\"potentialAction\":[{\"@type\":\"ReadAction\",\"target\":[\"https:\\\/\\\/www.acetaiamarchi.com\\\/fr\\\/produit\\\/sauce-aigre-douce-biologique-aux-griottes-vinaigre-balsamique-de-modene-igp-biologique\\\/\"]}]},{\"@type\":\"ImageObject\",\"inLanguage\":\"fr-FR\",\"@id\":\"https:\\\/\\\/www.acetaiamarchi.com\\\/fr\\\/produit\\\/sauce-aigre-douce-biologique-aux-griottes-vinaigre-balsamique-de-modene-igp-biologique\\\/#primaryimage\",\"url\":\"https:\\\/\\\/www.acetaiamarchi.com\\\/wp-content\\\/uploads\\\/2025\\\/03\\\/salsa-amarene-e-aceto-copia.jpg\",\"contentUrl\":\"https:\\\/\\\/www.acetaiamarchi.com\\\/wp-content\\\/uploads\\\/2025\\\/03\\\/salsa-amarene-e-aceto-copia.jpg\",\"width\":1600,\"height\":1600,\"caption\":\"Amarene & Aceto Balsamico di Modena IGP Biologico\"},{\"@type\":\"BreadcrumbList\",\"@id\":\"https:\\\/\\\/www.acetaiamarchi.com\\\/fr\\\/produit\\\/sauce-aigre-douce-biologique-aux-griottes-vinaigre-balsamique-de-modene-igp-biologique\\\/#breadcrumb\",\"itemListElement\":[{\"@type\":\"ListItem\",\"position\":1,\"name\":\"Home\",\"item\":\"https:\\\/\\\/www.acetaiamarchi.com\\\/fr\\\/\"},{\"@type\":\"ListItem\",\"position\":2,\"name\":\"Produits\",\"item\":\"https:\\\/\\\/www.acetaiamarchi.com\\\/fr\\\/shop\\\/\"},{\"@type\":\"ListItem\",\"position\":3,\"name\":\"Sauce Aigre-Douce Biologique aux Griottes &#038; Vinaigre Balsamique de Mod\u00e8ne IGP Biologique\"}]},{\"@type\":\"WebSite\",\"@id\":\"https:\\\/\\\/www.acetaiamarchi.com\\\/fr\\\/#website\",\"url\":\"https:\\\/\\\/www.acetaiamarchi.com\\\/fr\\\/\",\"name\":\"Acetaia Marchi Srl\",\"description\":\"\",\"publisher\":{\"@id\":\"https:\\\/\\\/www.acetaiamarchi.com\\\/fr\\\/#organization\"},\"potentialAction\":[{\"@type\":\"SearchAction\",\"target\":{\"@type\":\"EntryPoint\",\"urlTemplate\":\"https:\\\/\\\/www.acetaiamarchi.com\\\/fr\\\/?s={search_term_string}\"},\"query-input\":{\"@type\":\"PropertyValueSpecification\",\"valueRequired\":true,\"valueName\":\"search_term_string\"}}],\"inLanguage\":\"fr-FR\"},{\"@type\":\"Organization\",\"@id\":\"https:\\\/\\\/www.acetaiamarchi.com\\\/fr\\\/#organization\",\"name\":\"Acetaia Marchi Srl\",\"url\":\"https:\\\/\\\/www.acetaiamarchi.com\\\/fr\\\/\",\"logo\":{\"@type\":\"ImageObject\",\"inLanguage\":\"fr-FR\",\"@id\":\"https:\\\/\\\/www.acetaiamarchi.com\\\/fr\\\/#\\\/schema\\\/logo\\\/image\\\/\",\"url\":\"https:\\\/\\\/acetaiamarchi.com\\\/wp-content\\\/uploads\\\/2025\\\/03\\\/Acetaia-Marchi-Srl-Logo.png\",\"contentUrl\":\"https:\\\/\\\/acetaiamarchi.com\\\/wp-content\\\/uploads\\\/2025\\\/03\\\/Acetaia-Marchi-Srl-Logo.png\",\"width\":2000,\"height\":2000,\"caption\":\"Acetaia Marchi Srl\"},\"image\":{\"@id\":\"https:\\\/\\\/www.acetaiamarchi.com\\\/fr\\\/#\\\/schema\\\/logo\\\/image\\\/\"}}]}<\/script>\n<!-- \/ Yoast SEO plugin. -->","yoast_head_json":{"title":"Salsa agrodolce Biologica Amarene & Aceto Balsamico di Modena IGP","description":"Salsa agrodolce Biologica Amarene e Aceto Balsamico di Modena IGP Biologico. Preparazione artigianale con i soli zuccheri della frutta Biologica","robots":{"index":"index","follow":"follow","max-snippet":"max-snippet:-1","max-image-preview":"max-image-preview:large","max-video-preview":"max-video-preview:-1"},"canonical":"https:\/\/www.acetaiamarchi.com\/fr\/produit\/sauce-aigre-douce-biologique-aux-griottes-vinaigre-balsamique-de-modene-igp-biologique\/","og_locale":"fr_FR","og_type":"article","og_title":"Salsa agrodolce Biologica Amarene & Aceto Balsamico di Modena IGP","og_description":"Salsa agrodolce Biologica Amarene e Aceto Balsamico di Modena IGP Biologico. Preparazione artigianale con i soli zuccheri della frutta Biologica","og_url":"https:\/\/www.acetaiamarchi.com\/fr\/produit\/sauce-aigre-douce-biologique-aux-griottes-vinaigre-balsamique-de-modene-igp-biologique\/","og_site_name":"Acetaia Marchi","article_modified_time":"2025-11-19T16:00:33+00:00","og_image":[{"width":1600,"height":1600,"url":"https:\/\/www.acetaiamarchi.com\/wp-content\/uploads\/2025\/03\/salsa-amarene-e-aceto-copia.jpg","type":"image\/jpeg"}],"twitter_card":"summary_large_image","twitter_misc":{"Dur\u00e9e de lecture estim\u00e9e":"2 minutes"},"schema":{"@context":"https:\/\/schema.org","@graph":[{"@type":"WebPage","@id":"https:\/\/www.acetaiamarchi.com\/fr\/produit\/sauce-aigre-douce-biologique-aux-griottes-vinaigre-balsamique-de-modene-igp-biologique\/","url":"https:\/\/www.acetaiamarchi.com\/fr\/produit\/sauce-aigre-douce-biologique-aux-griottes-vinaigre-balsamique-de-modene-igp-biologique\/","name":"Salsa agrodolce Biologica Amarene & Aceto Balsamico di Modena IGP","isPartOf":{"@id":"https:\/\/www.acetaiamarchi.com\/fr\/#website"},"primaryImageOfPage":{"@id":"https:\/\/www.acetaiamarchi.com\/fr\/produit\/sauce-aigre-douce-biologique-aux-griottes-vinaigre-balsamique-de-modene-igp-biologique\/#primaryimage"},"image":{"@id":"https:\/\/www.acetaiamarchi.com\/fr\/produit\/sauce-aigre-douce-biologique-aux-griottes-vinaigre-balsamique-de-modene-igp-biologique\/#primaryimage"},"thumbnailUrl":"https:\/\/www.acetaiamarchi.com\/wp-content\/uploads\/2025\/03\/salsa-amarene-e-aceto-copia.jpg","datePublished":"2025-03-26T13:52:17+00:00","dateModified":"2025-11-19T16:00:33+00:00","description":"Salsa agrodolce Biologica Amarene e Aceto Balsamico di Modena IGP Biologico. Preparazione artigianale con i soli zuccheri della frutta Biologica","breadcrumb":{"@id":"https:\/\/www.acetaiamarchi.com\/fr\/produit\/sauce-aigre-douce-biologique-aux-griottes-vinaigre-balsamique-de-modene-igp-biologique\/#breadcrumb"},"inLanguage":"fr-FR","potentialAction":[{"@type":"ReadAction","target":["https:\/\/www.acetaiamarchi.com\/fr\/produit\/sauce-aigre-douce-biologique-aux-griottes-vinaigre-balsamique-de-modene-igp-biologique\/"]}]},{"@type":"ImageObject","inLanguage":"fr-FR","@id":"https:\/\/www.acetaiamarchi.com\/fr\/produit\/sauce-aigre-douce-biologique-aux-griottes-vinaigre-balsamique-de-modene-igp-biologique\/#primaryimage","url":"https:\/\/www.acetaiamarchi.com\/wp-content\/uploads\/2025\/03\/salsa-amarene-e-aceto-copia.jpg","contentUrl":"https:\/\/www.acetaiamarchi.com\/wp-content\/uploads\/2025\/03\/salsa-amarene-e-aceto-copia.jpg","width":1600,"height":1600,"caption":"Amarene & Aceto Balsamico di Modena IGP Biologico"},{"@type":"BreadcrumbList","@id":"https:\/\/www.acetaiamarchi.com\/fr\/produit\/sauce-aigre-douce-biologique-aux-griottes-vinaigre-balsamique-de-modene-igp-biologique\/#breadcrumb","itemListElement":[{"@type":"ListItem","position":1,"name":"Home","item":"https:\/\/www.acetaiamarchi.com\/fr\/"},{"@type":"ListItem","position":2,"name":"Produits","item":"https:\/\/www.acetaiamarchi.com\/fr\/shop\/"},{"@type":"ListItem","position":3,"name":"Sauce Aigre-Douce Biologique aux Griottes &#038; Vinaigre Balsamique de Mod\u00e8ne IGP Biologique"}]},{"@type":"WebSite","@id":"https:\/\/www.acetaiamarchi.com\/fr\/#website","url":"https:\/\/www.acetaiamarchi.com\/fr\/","name":"Acetaia Marchi Srl","description":"","publisher":{"@id":"https:\/\/www.acetaiamarchi.com\/fr\/#organization"},"potentialAction":[{"@type":"SearchAction","target":{"@type":"EntryPoint","urlTemplate":"https:\/\/www.acetaiamarchi.com\/fr\/?s={search_term_string}"},"query-input":{"@type":"PropertyValueSpecification","valueRequired":true,"valueName":"search_term_string"}}],"inLanguage":"fr-FR"},{"@type":"Organization","@id":"https:\/\/www.acetaiamarchi.com\/fr\/#organization","name":"Acetaia Marchi Srl","url":"https:\/\/www.acetaiamarchi.com\/fr\/","logo":{"@type":"ImageObject","inLanguage":"fr-FR","@id":"https:\/\/www.acetaiamarchi.com\/fr\/#\/schema\/logo\/image\/","url":"https:\/\/acetaiamarchi.com\/wp-content\/uploads\/2025\/03\/Acetaia-Marchi-Srl-Logo.png","contentUrl":"https:\/\/acetaiamarchi.com\/wp-content\/uploads\/2025\/03\/Acetaia-Marchi-Srl-Logo.png","width":2000,"height":2000,"caption":"Acetaia Marchi Srl"},"image":{"@id":"https:\/\/www.acetaiamarchi.com\/fr\/#\/schema\/logo\/image\/"}}]}},"_links":{"self":[{"href":"https:\/\/www.acetaiamarchi.com\/fr\/wp-json\/wp\/v2\/product\/10209","targetHints":{"allow":["GET"]}}],"collection":[{"href":"https:\/\/www.acetaiamarchi.com\/fr\/wp-json\/wp\/v2\/product"}],"about":[{"href":"https:\/\/www.acetaiamarchi.com\/fr\/wp-json\/wp\/v2\/types\/product"}],"version-history":[{"count":2,"href":"https:\/\/www.acetaiamarchi.com\/fr\/wp-json\/wp\/v2\/product\/10209\/revisions"}],"predecessor-version":[{"id":11545,"href":"https:\/\/www.acetaiamarchi.com\/fr\/wp-json\/wp\/v2\/product\/10209\/revisions\/11545"}],"wp:featuredmedia":[{"embeddable":true,"href":"https:\/\/www.acetaiamarchi.com\/fr\/wp-json\/wp\/v2\/media\/1291"}],"wp:attachment":[{"href":"https:\/\/www.acetaiamarchi.com\/fr\/wp-json\/wp\/v2\/media?parent=10209"}],"wp:term":[{"taxonomy":"product_brand","embeddable":true,"href":"https:\/\/www.acetaiamarchi.com\/fr\/wp-json\/wp\/v2\/product_brand?post=10209"},{"taxonomy":"product_cat","embeddable":true,"href":"https:\/\/www.acetaiamarchi.com\/fr\/wp-json\/wp\/v2\/product_cat?post=10209"},{"taxonomy":"product_tag","embeddable":true,"href":"https:\/\/www.acetaiamarchi.com\/fr\/wp-json\/wp\/v2\/product_tag?post=10209"}],"curies":[{"name":"wp","href":"https:\/\/api.w.org\/{rel}","templated":true}]}}