{"id":9558,"date":"2025-03-27T14:48:15","date_gmt":"2025-03-27T13:48:15","guid":{"rendered":"https:\/\/www.acetaiamarchi.com\/prodotto\/confezione-aceto-balsamico-di-modena-igp-salse-agrodolci-perle\/"},"modified":"2026-01-03T14:04:30","modified_gmt":"2026-01-03T13:04:30","slug":"confezione-aceto-balsamico-di-modena-igp-salse-agrodolci-perle-2","status":"publish","type":"product","link":"https:\/\/www.acetaiamarchi.com\/de\/produkt\/confezione-aceto-balsamico-di-modena-igp-salse-agrodolci-perle-2\/","title":{"rendered":"Balsamico-Essig aus Modena g.g.A. Packung, s\u00fc\u00df-saure Verbindungen und Perlen"},"content":{"rendered":"<p>Elegante Geschenkbox in zwei Ausf\u00fchrungen erh\u00e4ltlich:<\/p>\n<p><em><strong>Version 1:<\/strong><\/em><\/p>\n<ul>\n<li>Balsamico-Essig aus Modena g.g.A. Gold-Siegel<\/li>\n<li>Perlen mit Balsamico-Essig aus Modena g.g.A.<\/li>\n<li>Zitronenperlen<\/li>\n<li>Bio-Aprikosen-Essig-So\u00dfe s\u00fc\u00df-sauer<\/li>\n<li>Bio-S\u00fc\u00df-Sauer-So\u00dfe &#8218;Amarena &amp; Essig&#8216;<\/li>\n<\/ul>\n<p><em><strong>Version 2:<\/strong><\/em><\/p>\n<ul>\n<li>Balsamico-Essig aus Modena g.g.A. Platin-Siegel<\/li>\n<li>Perlen mit Balsamico-Essig aus Modena g.g.A.<\/li>\n<li>Perlen mit Balsamico-Essig aus Modena g.g.A. und Tr\u00fcffel<\/li>\n<li>Bio Feigen-Essig-Sauce s\u00fc\u00df-sauer<\/li>\n<li>Bio-S\u00fc\u00df-Sauer-So\u00dfe &#8218;Blaubeere-Essig&#8216;<\/li>\n<\/ul>\n<p>Der<strong>Balsamico-Essig aus Modena g.g.A. Sigillo Oro und Platino <\/strong>sind Produkte, die sich durch einen ausgewogenen, weichen, umh\u00fcllenden und vollen Geschmack auszeichnen. Sie unterscheiden sich von anderen Produkten durch ihre intensive schwarze Farbe, die brillant und klar zugleich ist. Diese beiden Arten von Balsamessig aus Modena g.g.A. zeichnen sich durch ein elegantes und harmonisches Aroma aus, das jedes Gericht verf\u00fchrt und veredelt.  <\/p>\n<p>Die Qualit\u00e4t unserer <strong>s\u00fc\u00df-sauren Bio-Saucen<\/strong> wird durch die Echtheit der verwendeten Rohstoffe garantiert. Diese werden sorgf\u00e4ltig ausgew\u00e4hlt.<br \/>\nWir bevorzugen die einfachsten Rezepte, die nach der Tradition zubereitet werden. Keine Farbstoffe, Konservierungsmittel, Verdickungsmittel, Antioxidantien. Unsere s\u00fc\u00df-sauren Saucen werden gerade dadurch besonders, dass wir sie mit unserem Bio-Balsamico-Essig aus Modena g.g.A. zubereiten. Auf diese Weise k\u00f6nnen wir einen wirklich einzigartigen Kontrast zwischen der S\u00e4ure und der S\u00fc\u00dfe der Fr\u00fcchte garantieren.    <\/p>\n<p><strong>Pearls&#8220;<\/strong> sind eine innovative und \u00fcberraschende Erg\u00e4nzung f\u00fcr Ihre K\u00fcche, ideal, um jedes Gericht mit einem einzigartigen sensorischen Erlebnis zu bereichern. Diese kleinen Geleekugeln mit ihrem eleganten und charmanten Design enthalten ein Herz aus intensivem Geschmack, das im Moment des Abbei\u00dfens aus ihrer d\u00fcnnen H\u00fclle hervorbricht und bei jedem Bissen ein frisches und lebendiges Gef\u00fchl vermittelt.<br \/>\nDie Perlen sind in verschiedenen Geschmacksrichtungen erh\u00e4ltlich und k\u00f6nnen sehr vielseitig verwendet werden. Sie eignen sich perfekt f\u00fcr Vorspeisen und Bruschetta, f\u00fcr Vor- und Hauptspeisen, Desserts und sogar zum Dekorieren von Cocktails und Drinks, um Ihrer Mixologie ein \u00fcberraschendes und kreatives Element hinzuzuf\u00fcgen.<br \/>\nMit ihren einzigartigen und vielseitigen Eigenschaften sind die Perlen die perfekte Wahl f\u00fcr alle, die ihre K\u00fcche auf ein neues Niveau heben und jedes Gericht zu einem kulinarischen Kunstwerk machen wollen.  <\/p>\n","protected":false},"excerpt":{"rendered":"<p>Elegante Geschenkbox in zwei Ausf\u00fchrungen erh\u00e4ltlich:<\/p>\n<p><em><strong>Version 1:<\/strong><\/em><\/p>\n<ul>\n<li>Balsamico-Essig aus Modena g.g.A. Gold-Siegel<\/li>\n<li>Perlen mit Balsamico-Essig aus Modena g.g.A.<\/li>\n<li>Zitronenperlen<\/li>\n<li>Bio-Aprikosen-Essig-So\u00dfe s\u00fc\u00df-sauer<\/li>\n<li>Bio-S\u00fc\u00df-Sauer-So\u00dfe &#8218;Amarena &amp; Essig&#8216;<\/li>\n<\/ul>\n<p><em><strong>Version 2:<\/strong><\/em><\/p>\n<ul>\n<li>Balsamico-Essig aus Modena g.g.A. Platin-Siegel<\/li>\n<li>Perlen mit Balsamico-Essig aus Modena g.g.A.<\/li>\n<li>Perlen mit Balsamico-Essig aus Modena g.g.A. und Tr\u00fcffel<\/li>\n<li>Bio Feigen-Essig-Sauce s\u00fc\u00df-sauer<\/li>\n<li>Bio-S\u00fc\u00df-Sauer-So\u00dfe &#8218;Blaubeere-Essig&#8216;<\/li>\n<\/ul>\n","protected":false},"featured_media":2490,"template":"","meta":[],"product_brand":[],"product_cat":[510],"product_tag":[],"class_list":{"0":"post-9558","1":"product","2":"type-product","3":"status-publish","4":"has-post-thumbnail","6":"product_cat-geschenkpackungen","8":"first","9":"instock","10":"featured","11":"shipping-taxable","12":"purchasable","13":"product-type-simple"},"yoast_head":"<!-- This site is optimized with the Yoast SEO plugin v27.3 - https:\/\/yoast.com\/product\/yoast-seo-wordpress\/ -->\n<title>Balsamico-Essig aus Modena g.g.A., s\u00fc\u00df-saure Saucen und Perlen<\/title>\n<meta name=\"description\" content=\"Geschenkpackung mit: Balsamico-Essig aus Modena g.g.A. Goldsiegel, Perlen mit Balsamico-Essig aus Modena g.g.A., biologische s\u00fc\u00df-saure Sauce\" \/>\n<meta name=\"robots\" content=\"index, follow, max-snippet:-1, max-image-preview:large, max-video-preview:-1\" \/>\n<link rel=\"canonical\" href=\"https:\/\/www.acetaiamarchi.com\/de\/produkt\/confezione-aceto-balsamico-di-modena-igp-salse-agrodolci-perle-2\/\" \/>\n<meta property=\"og:locale\" content=\"de_DE\" \/>\n<meta property=\"og:type\" content=\"article\" \/>\n<meta property=\"og:title\" content=\"Balsamico-Essig aus Modena g.g.A., s\u00fc\u00df-saure Saucen und Perlen\" \/>\n<meta property=\"og:description\" content=\"Geschenkpackung mit: Balsamico-Essig aus Modena g.g.A. Goldsiegel, Perlen mit Balsamico-Essig aus Modena g.g.A., biologische s\u00fc\u00df-saure Sauce\" \/>\n<meta property=\"og:url\" content=\"https:\/\/www.acetaiamarchi.com\/de\/produkt\/confezione-aceto-balsamico-di-modena-igp-salse-agrodolci-perle-2\/\" \/>\n<meta property=\"og:site_name\" content=\"Acetaia Marchi\" \/>\n<meta property=\"article:modified_time\" content=\"2026-01-03T13:04:30+00:00\" \/>\n<meta property=\"og:image\" content=\"https:\/\/www.acetaiamarchi.com\/wp-content\/uploads\/2025\/03\/Confezione-regalo-aceto-balsamico-IGP-Perle-salsa-agrodolce.jpg\" \/>\n\t<meta property=\"og:image:width\" content=\"1600\" \/>\n\t<meta property=\"og:image:height\" content=\"1600\" \/>\n\t<meta property=\"og:image:type\" content=\"image\/jpeg\" \/>\n<meta name=\"twitter:card\" content=\"summary_large_image\" \/>\n<meta name=\"twitter:label1\" content=\"Gesch\u00e4tzte Lesezeit\" \/>\n\t<meta name=\"twitter:data1\" content=\"2\u00a0Minuten\" \/>\n<script type=\"application\/ld+json\" class=\"yoast-schema-graph\">{\"@context\":\"https:\\\/\\\/schema.org\",\"@graph\":[{\"@type\":\"WebPage\",\"@id\":\"https:\\\/\\\/www.acetaiamarchi.com\\\/de\\\/produkt\\\/confezione-aceto-balsamico-di-modena-igp-salse-agrodolci-perle-2\\\/\",\"url\":\"https:\\\/\\\/www.acetaiamarchi.com\\\/de\\\/produkt\\\/confezione-aceto-balsamico-di-modena-igp-salse-agrodolci-perle-2\\\/\",\"name\":\"Balsamico-Essig aus Modena g.g.A., s\u00fc\u00df-saure Saucen und Perlen\",\"isPartOf\":{\"@id\":\"https:\\\/\\\/www.acetaiamarchi.com\\\/de\\\/#website\"},\"primaryImageOfPage\":{\"@id\":\"https:\\\/\\\/www.acetaiamarchi.com\\\/de\\\/produkt\\\/confezione-aceto-balsamico-di-modena-igp-salse-agrodolci-perle-2\\\/#primaryimage\"},\"image\":{\"@id\":\"https:\\\/\\\/www.acetaiamarchi.com\\\/de\\\/produkt\\\/confezione-aceto-balsamico-di-modena-igp-salse-agrodolci-perle-2\\\/#primaryimage\"},\"thumbnailUrl\":\"https:\\\/\\\/www.acetaiamarchi.com\\\/wp-content\\\/uploads\\\/2025\\\/03\\\/Confezione-regalo-aceto-balsamico-IGP-Perle-salsa-agrodolce.jpg\",\"datePublished\":\"2025-03-27T13:48:15+00:00\",\"dateModified\":\"2026-01-03T13:04:30+00:00\",\"description\":\"Geschenkpackung mit: Balsamico-Essig aus Modena g.g.A. Goldsiegel, Perlen mit Balsamico-Essig aus Modena g.g.A., biologische s\u00fc\u00df-saure Sauce\",\"breadcrumb\":{\"@id\":\"https:\\\/\\\/www.acetaiamarchi.com\\\/de\\\/produkt\\\/confezione-aceto-balsamico-di-modena-igp-salse-agrodolci-perle-2\\\/#breadcrumb\"},\"inLanguage\":\"de\",\"potentialAction\":[{\"@type\":\"ReadAction\",\"target\":[\"https:\\\/\\\/www.acetaiamarchi.com\\\/de\\\/produkt\\\/confezione-aceto-balsamico-di-modena-igp-salse-agrodolci-perle-2\\\/\"]}]},{\"@type\":\"ImageObject\",\"inLanguage\":\"de\",\"@id\":\"https:\\\/\\\/www.acetaiamarchi.com\\\/de\\\/produkt\\\/confezione-aceto-balsamico-di-modena-igp-salse-agrodolci-perle-2\\\/#primaryimage\",\"url\":\"https:\\\/\\\/www.acetaiamarchi.com\\\/wp-content\\\/uploads\\\/2025\\\/03\\\/Confezione-regalo-aceto-balsamico-IGP-Perle-salsa-agrodolce.jpg\",\"contentUrl\":\"https:\\\/\\\/www.acetaiamarchi.com\\\/wp-content\\\/uploads\\\/2025\\\/03\\\/Confezione-regalo-aceto-balsamico-IGP-Perle-salsa-agrodolce.jpg\",\"width\":1600,\"height\":1600,\"caption\":\"Aceto Balsamico di Modena IGP Sigillo Oro, Perle all\u2019Aceto Balsamico di Modena IGP, Salsa Agrodolce Biologica\"},{\"@type\":\"BreadcrumbList\",\"@id\":\"https:\\\/\\\/www.acetaiamarchi.com\\\/de\\\/produkt\\\/confezione-aceto-balsamico-di-modena-igp-salse-agrodolci-perle-2\\\/#breadcrumb\",\"itemListElement\":[{\"@type\":\"ListItem\",\"position\":1,\"name\":\"Home\",\"item\":\"https:\\\/\\\/www.acetaiamarchi.com\\\/de\\\/\"},{\"@type\":\"ListItem\",\"position\":2,\"name\":\"Produkte\",\"item\":\"https:\\\/\\\/www.acetaiamarchi.com\\\/de\\\/shop\\\/\"},{\"@type\":\"ListItem\",\"position\":3,\"name\":\"Balsamico-Essig aus Modena g.g.A. Packung, s\u00fc\u00df-saure Verbindungen und Perlen\"}]},{\"@type\":\"WebSite\",\"@id\":\"https:\\\/\\\/www.acetaiamarchi.com\\\/de\\\/#website\",\"url\":\"https:\\\/\\\/www.acetaiamarchi.com\\\/de\\\/\",\"name\":\"Acetaia Marchi Srl\",\"description\":\"\",\"publisher\":{\"@id\":\"https:\\\/\\\/www.acetaiamarchi.com\\\/de\\\/#organization\"},\"potentialAction\":[{\"@type\":\"SearchAction\",\"target\":{\"@type\":\"EntryPoint\",\"urlTemplate\":\"https:\\\/\\\/www.acetaiamarchi.com\\\/de\\\/?s={search_term_string}\"},\"query-input\":{\"@type\":\"PropertyValueSpecification\",\"valueRequired\":true,\"valueName\":\"search_term_string\"}}],\"inLanguage\":\"de\"},{\"@type\":\"Organization\",\"@id\":\"https:\\\/\\\/www.acetaiamarchi.com\\\/de\\\/#organization\",\"name\":\"Acetaia Marchi Srl\",\"url\":\"https:\\\/\\\/www.acetaiamarchi.com\\\/de\\\/\",\"logo\":{\"@type\":\"ImageObject\",\"inLanguage\":\"de\",\"@id\":\"https:\\\/\\\/www.acetaiamarchi.com\\\/de\\\/#\\\/schema\\\/logo\\\/image\\\/\",\"url\":\"https:\\\/\\\/acetaiamarchi.com\\\/wp-content\\\/uploads\\\/2025\\\/03\\\/Acetaia-Marchi-Srl-Logo.png\",\"contentUrl\":\"https:\\\/\\\/acetaiamarchi.com\\\/wp-content\\\/uploads\\\/2025\\\/03\\\/Acetaia-Marchi-Srl-Logo.png\",\"width\":2000,\"height\":2000,\"caption\":\"Acetaia Marchi Srl\"},\"image\":{\"@id\":\"https:\\\/\\\/www.acetaiamarchi.com\\\/de\\\/#\\\/schema\\\/logo\\\/image\\\/\"}}]}<\/script>\n<!-- \/ Yoast SEO plugin. -->","yoast_head_json":{"title":"Balsamico-Essig aus Modena g.g.A., s\u00fc\u00df-saure Saucen und Perlen","description":"Geschenkpackung mit: Balsamico-Essig aus Modena g.g.A. Goldsiegel, Perlen mit Balsamico-Essig aus Modena g.g.A., biologische s\u00fc\u00df-saure Sauce","robots":{"index":"index","follow":"follow","max-snippet":"max-snippet:-1","max-image-preview":"max-image-preview:large","max-video-preview":"max-video-preview:-1"},"canonical":"https:\/\/www.acetaiamarchi.com\/de\/produkt\/confezione-aceto-balsamico-di-modena-igp-salse-agrodolci-perle-2\/","og_locale":"de_DE","og_type":"article","og_title":"Balsamico-Essig aus Modena g.g.A., s\u00fc\u00df-saure Saucen und Perlen","og_description":"Geschenkpackung mit: Balsamico-Essig aus Modena g.g.A. Goldsiegel, Perlen mit Balsamico-Essig aus Modena g.g.A., biologische s\u00fc\u00df-saure Sauce","og_url":"https:\/\/www.acetaiamarchi.com\/de\/produkt\/confezione-aceto-balsamico-di-modena-igp-salse-agrodolci-perle-2\/","og_site_name":"Acetaia Marchi","article_modified_time":"2026-01-03T13:04:30+00:00","og_image":[{"width":1600,"height":1600,"url":"https:\/\/www.acetaiamarchi.com\/wp-content\/uploads\/2025\/03\/Confezione-regalo-aceto-balsamico-IGP-Perle-salsa-agrodolce.jpg","type":"image\/jpeg"}],"twitter_card":"summary_large_image","twitter_misc":{"Gesch\u00e4tzte Lesezeit":"2\u00a0Minuten"},"schema":{"@context":"https:\/\/schema.org","@graph":[{"@type":"WebPage","@id":"https:\/\/www.acetaiamarchi.com\/de\/produkt\/confezione-aceto-balsamico-di-modena-igp-salse-agrodolci-perle-2\/","url":"https:\/\/www.acetaiamarchi.com\/de\/produkt\/confezione-aceto-balsamico-di-modena-igp-salse-agrodolci-perle-2\/","name":"Balsamico-Essig aus Modena g.g.A., s\u00fc\u00df-saure Saucen und Perlen","isPartOf":{"@id":"https:\/\/www.acetaiamarchi.com\/de\/#website"},"primaryImageOfPage":{"@id":"https:\/\/www.acetaiamarchi.com\/de\/produkt\/confezione-aceto-balsamico-di-modena-igp-salse-agrodolci-perle-2\/#primaryimage"},"image":{"@id":"https:\/\/www.acetaiamarchi.com\/de\/produkt\/confezione-aceto-balsamico-di-modena-igp-salse-agrodolci-perle-2\/#primaryimage"},"thumbnailUrl":"https:\/\/www.acetaiamarchi.com\/wp-content\/uploads\/2025\/03\/Confezione-regalo-aceto-balsamico-IGP-Perle-salsa-agrodolce.jpg","datePublished":"2025-03-27T13:48:15+00:00","dateModified":"2026-01-03T13:04:30+00:00","description":"Geschenkpackung mit: Balsamico-Essig aus Modena g.g.A. Goldsiegel, Perlen mit Balsamico-Essig aus Modena g.g.A., biologische s\u00fc\u00df-saure Sauce","breadcrumb":{"@id":"https:\/\/www.acetaiamarchi.com\/de\/produkt\/confezione-aceto-balsamico-di-modena-igp-salse-agrodolci-perle-2\/#breadcrumb"},"inLanguage":"de","potentialAction":[{"@type":"ReadAction","target":["https:\/\/www.acetaiamarchi.com\/de\/produkt\/confezione-aceto-balsamico-di-modena-igp-salse-agrodolci-perle-2\/"]}]},{"@type":"ImageObject","inLanguage":"de","@id":"https:\/\/www.acetaiamarchi.com\/de\/produkt\/confezione-aceto-balsamico-di-modena-igp-salse-agrodolci-perle-2\/#primaryimage","url":"https:\/\/www.acetaiamarchi.com\/wp-content\/uploads\/2025\/03\/Confezione-regalo-aceto-balsamico-IGP-Perle-salsa-agrodolce.jpg","contentUrl":"https:\/\/www.acetaiamarchi.com\/wp-content\/uploads\/2025\/03\/Confezione-regalo-aceto-balsamico-IGP-Perle-salsa-agrodolce.jpg","width":1600,"height":1600,"caption":"Aceto Balsamico di Modena IGP Sigillo Oro, Perle all\u2019Aceto Balsamico di Modena IGP, Salsa Agrodolce Biologica"},{"@type":"BreadcrumbList","@id":"https:\/\/www.acetaiamarchi.com\/de\/produkt\/confezione-aceto-balsamico-di-modena-igp-salse-agrodolci-perle-2\/#breadcrumb","itemListElement":[{"@type":"ListItem","position":1,"name":"Home","item":"https:\/\/www.acetaiamarchi.com\/de\/"},{"@type":"ListItem","position":2,"name":"Produkte","item":"https:\/\/www.acetaiamarchi.com\/de\/shop\/"},{"@type":"ListItem","position":3,"name":"Balsamico-Essig aus Modena g.g.A. Packung, s\u00fc\u00df-saure Verbindungen und Perlen"}]},{"@type":"WebSite","@id":"https:\/\/www.acetaiamarchi.com\/de\/#website","url":"https:\/\/www.acetaiamarchi.com\/de\/","name":"Acetaia Marchi Srl","description":"","publisher":{"@id":"https:\/\/www.acetaiamarchi.com\/de\/#organization"},"potentialAction":[{"@type":"SearchAction","target":{"@type":"EntryPoint","urlTemplate":"https:\/\/www.acetaiamarchi.com\/de\/?s={search_term_string}"},"query-input":{"@type":"PropertyValueSpecification","valueRequired":true,"valueName":"search_term_string"}}],"inLanguage":"de"},{"@type":"Organization","@id":"https:\/\/www.acetaiamarchi.com\/de\/#organization","name":"Acetaia Marchi Srl","url":"https:\/\/www.acetaiamarchi.com\/de\/","logo":{"@type":"ImageObject","inLanguage":"de","@id":"https:\/\/www.acetaiamarchi.com\/de\/#\/schema\/logo\/image\/","url":"https:\/\/acetaiamarchi.com\/wp-content\/uploads\/2025\/03\/Acetaia-Marchi-Srl-Logo.png","contentUrl":"https:\/\/acetaiamarchi.com\/wp-content\/uploads\/2025\/03\/Acetaia-Marchi-Srl-Logo.png","width":2000,"height":2000,"caption":"Acetaia Marchi Srl"},"image":{"@id":"https:\/\/www.acetaiamarchi.com\/de\/#\/schema\/logo\/image\/"}}]}},"_links":{"self":[{"href":"https:\/\/www.acetaiamarchi.com\/de\/wp-json\/wp\/v2\/product\/9558","targetHints":{"allow":["GET"]}}],"collection":[{"href":"https:\/\/www.acetaiamarchi.com\/de\/wp-json\/wp\/v2\/product"}],"about":[{"href":"https:\/\/www.acetaiamarchi.com\/de\/wp-json\/wp\/v2\/types\/product"}],"version-history":[{"count":5,"href":"https:\/\/www.acetaiamarchi.com\/de\/wp-json\/wp\/v2\/product\/9558\/revisions"}],"predecessor-version":[{"id":14010,"href":"https:\/\/www.acetaiamarchi.com\/de\/wp-json\/wp\/v2\/product\/9558\/revisions\/14010"}],"wp:featuredmedia":[{"embeddable":true,"href":"https:\/\/www.acetaiamarchi.com\/de\/wp-json\/wp\/v2\/media\/2490"}],"wp:attachment":[{"href":"https:\/\/www.acetaiamarchi.com\/de\/wp-json\/wp\/v2\/media?parent=9558"}],"wp:term":[{"taxonomy":"product_brand","embeddable":true,"href":"https:\/\/www.acetaiamarchi.com\/de\/wp-json\/wp\/v2\/product_brand?post=9558"},{"taxonomy":"product_cat","embeddable":true,"href":"https:\/\/www.acetaiamarchi.com\/de\/wp-json\/wp\/v2\/product_cat?post=9558"},{"taxonomy":"product_tag","embeddable":true,"href":"https:\/\/www.acetaiamarchi.com\/de\/wp-json\/wp\/v2\/product_tag?post=9558"}],"curies":[{"name":"wp","href":"https:\/\/api.w.org\/{rel}","templated":true}]}}