{"id":9034,"date":"2025-03-21T17:38:06","date_gmt":"2025-03-21T16:38:06","guid":{"rendered":"https:\/\/www.acetaiamarchi.com\/prodotto\/condimento-rose\/"},"modified":"2025-11-19T17:21:47","modified_gmt":"2025-11-19T16:21:47","slug":"rose-wurze","status":"publish","type":"product","link":"https:\/\/www.acetaiamarchi.com\/de\/produkt\/rose-wurze\/","title":{"rendered":"Ros\u00e8 W\u00fcrze"},"content":{"rendered":"<p>Entdecken Sie ein einzigartiges W\u00fcrzmittel, das Ergebnis einer alten Kunst, die die S\u00fc\u00dfe des konzentrierten Mosts aus Trauben mit der Eleganz von Weinessig verbindet. Dieses <strong>hochwertige Produkt<\/strong> verdankt seinen lebendigen Farbton dem Most der Ancellotta, einer seltenen und wertvollen Traubensorte, die in unseren Weinbergen angebaut wird und bekannt daf\u00fcr ist, Farbe nicht nur aus der Schale, sondern auch aus dem Fruchtfleisch zu verleihen, wodurch ein v\u00f6llig nat\u00fcrlicher Farbstoff entsteht.<\/p>\n<p>Im Gegensatz zu traditionellen Methoden, die das Kochen vorsehen, verwenden wir ein Verfahren der <strong>Vakuumverdampfung<\/strong>, das die helle Farbe und die zarten fruchtigen Noten des Mosts bewahrt. Dieser innovative Ansatz erm\u00f6glicht es, die organoleptischen Eigenschaften intakt zu halten und garantiert ein Endprodukt, das mit der Zeit an Nuancen gewinnt.<br \/>\nUnser W\u00fcrzmittel reift in neuen Eichenf\u00e4ssern, f\u00fcr eine Zeitspanne, die so gew\u00e4hlt wurde, dass Oxidation und die daraus resultierende Farbver\u00e4nderung zu orangefarbenen T\u00f6nen vermieden werden. W\u00e4hrend dieses Prozesses verleiht das Holz dem W\u00fcrzmittel w\u00fcrzige Noten und eine aromatische Komplexit\u00e4t, die sich harmonisch mit der Frische des Mosts verbindet.<\/p>\n<p><em><strong>In der K\u00fcche<\/strong><\/em>: Perfekt, um Salate, Fleisch und K\u00e4se zu verfeinern, ist dieses W\u00fcrzmittel nicht nur eine Zutat, sondern ein sensorisches Erlebnis, das dazu einl\u00e4dt, neue Kombinationen zu entdecken und die authentischen Aromen der Tradition wiederzuentdecken. Dieses W\u00fcrzmittel findet auch in Cocktails seine Dimension und schafft \u00fcberraschende und einzigartige Kombinationen. Verleihen Sie Ihren Gerichten mit einem Produkt, das die Geschichte unserer Weinberge und die Leidenschaft f\u00fcr Exzellenz erz\u00e4hlt, eine raffinierte Note.<\/p>\n","protected":false},"excerpt":{"rendered":"<p>W\u00fcrze, die die S\u00fc\u00dfe des konzentrierten Traubenmosts mit der Eleganz von Weinessig verbindet.<br \/>\nF\u00fcr die Herstellung wird ein Vakuumverdampfungsverfahren verwendet, um die helle Farbe und die zarten fruchtigen Noten des Mosts zu bewahren.<\/p>\n<p>&nbsp;<\/p>\n","protected":false},"featured_media":1214,"template":"","meta":[],"product_brand":[],"product_cat":[497],"product_tag":[],"class_list":{"0":"post-9034","1":"product","2":"type-product","3":"status-publish","4":"has-post-thumbnail","6":"product_cat-suess-saure-wuerzmittel","8":"first","9":"instock","10":"featured","11":"shipping-taxable","12":"purchasable","13":"product-type-simple"},"yoast_head":"<!-- This site is optimized with the Yoast SEO plugin v27.4 - https:\/\/yoast.com\/product\/yoast-seo-wordpress\/ -->\n<title>Ros\u00e8 W\u00fcrze | Acetaia Marchi<\/title>\n<meta name=\"description\" content=\"Condimento di alta qualit\u00e0 dal mosto di Ancellotta, variet\u00e0 d\u2019uva rara e pregiata coltivata nei nostri vigneti. Per esaltare insalate, carni e formaggi.\" \/>\n<meta name=\"robots\" content=\"index, follow, max-snippet:-1, max-image-preview:large, max-video-preview:-1\" \/>\n<link rel=\"canonical\" href=\"https:\/\/www.acetaiamarchi.com\/de\/produkt\/rose-wurze\/\" \/>\n<meta property=\"og:locale\" content=\"de_DE\" \/>\n<meta property=\"og:type\" content=\"article\" \/>\n<meta property=\"og:title\" content=\"Ros\u00e8 W\u00fcrze | Acetaia Marchi\" \/>\n<meta property=\"og:description\" content=\"Condimento di alta qualit\u00e0 dal mosto di Ancellotta, variet\u00e0 d\u2019uva rara e pregiata coltivata nei nostri vigneti. Per esaltare insalate, carni e formaggi.\" \/>\n<meta property=\"og:url\" content=\"https:\/\/www.acetaiamarchi.com\/de\/produkt\/rose-wurze\/\" \/>\n<meta property=\"og:site_name\" content=\"Acetaia Marchi\" \/>\n<meta property=\"article:modified_time\" content=\"2025-11-19T16:21:47+00:00\" \/>\n<meta property=\"og:image\" content=\"https:\/\/www.acetaiamarchi.com\/wp-content\/uploads\/2025\/03\/Condimento-Rose-250ml.jpg\" \/>\n\t<meta property=\"og:image:width\" content=\"1600\" \/>\n\t<meta property=\"og:image:height\" content=\"1600\" \/>\n\t<meta property=\"og:image:type\" content=\"image\/jpeg\" \/>\n<meta name=\"twitter:card\" content=\"summary_large_image\" \/>\n<meta name=\"twitter:label1\" content=\"Gesch\u00e4tzte Lesezeit\" \/>\n\t<meta name=\"twitter:data1\" content=\"2\u00a0Minuten\" \/>\n<script type=\"application\/ld+json\" class=\"yoast-schema-graph\">{\"@context\":\"https:\\\/\\\/schema.org\",\"@graph\":[{\"@type\":\"WebPage\",\"@id\":\"https:\\\/\\\/www.acetaiamarchi.com\\\/de\\\/produkt\\\/rose-wurze\\\/\",\"url\":\"https:\\\/\\\/www.acetaiamarchi.com\\\/de\\\/produkt\\\/rose-wurze\\\/\",\"name\":\"Ros\u00e8 W\u00fcrze | Acetaia Marchi\",\"isPartOf\":{\"@id\":\"https:\\\/\\\/www.acetaiamarchi.com\\\/de\\\/#website\"},\"primaryImageOfPage\":{\"@id\":\"https:\\\/\\\/www.acetaiamarchi.com\\\/de\\\/produkt\\\/rose-wurze\\\/#primaryimage\"},\"image\":{\"@id\":\"https:\\\/\\\/www.acetaiamarchi.com\\\/de\\\/produkt\\\/rose-wurze\\\/#primaryimage\"},\"thumbnailUrl\":\"https:\\\/\\\/www.acetaiamarchi.com\\\/wp-content\\\/uploads\\\/2025\\\/03\\\/Condimento-Rose-250ml.jpg\",\"datePublished\":\"2025-03-21T16:38:06+00:00\",\"dateModified\":\"2025-11-19T16:21:47+00:00\",\"description\":\"Condimento di alta qualit\u00e0 dal mosto di Ancellotta, variet\u00e0 d\u2019uva rara e pregiata coltivata nei nostri vigneti. Per esaltare insalate, carni e formaggi.\",\"breadcrumb\":{\"@id\":\"https:\\\/\\\/www.acetaiamarchi.com\\\/de\\\/produkt\\\/rose-wurze\\\/#breadcrumb\"},\"inLanguage\":\"de\",\"potentialAction\":[{\"@type\":\"ReadAction\",\"target\":[\"https:\\\/\\\/www.acetaiamarchi.com\\\/de\\\/produkt\\\/rose-wurze\\\/\"]}]},{\"@type\":\"ImageObject\",\"inLanguage\":\"de\",\"@id\":\"https:\\\/\\\/www.acetaiamarchi.com\\\/de\\\/produkt\\\/rose-wurze\\\/#primaryimage\",\"url\":\"https:\\\/\\\/www.acetaiamarchi.com\\\/wp-content\\\/uploads\\\/2025\\\/03\\\/Condimento-Rose-250ml.jpg\",\"contentUrl\":\"https:\\\/\\\/www.acetaiamarchi.com\\\/wp-content\\\/uploads\\\/2025\\\/03\\\/Condimento-Rose-250ml.jpg\",\"width\":1600,\"height\":1600,\"caption\":\"Condimento Ros\u00e8\"},{\"@type\":\"BreadcrumbList\",\"@id\":\"https:\\\/\\\/www.acetaiamarchi.com\\\/de\\\/produkt\\\/rose-wurze\\\/#breadcrumb\",\"itemListElement\":[{\"@type\":\"ListItem\",\"position\":1,\"name\":\"Home\",\"item\":\"https:\\\/\\\/www.acetaiamarchi.com\\\/de\\\/\"},{\"@type\":\"ListItem\",\"position\":2,\"name\":\"Produkte\",\"item\":\"https:\\\/\\\/www.acetaiamarchi.com\\\/de\\\/shop\\\/\"},{\"@type\":\"ListItem\",\"position\":3,\"name\":\"Ros\u00e8 W\u00fcrze\"}]},{\"@type\":\"WebSite\",\"@id\":\"https:\\\/\\\/www.acetaiamarchi.com\\\/de\\\/#website\",\"url\":\"https:\\\/\\\/www.acetaiamarchi.com\\\/de\\\/\",\"name\":\"Acetaia Marchi Srl\",\"description\":\"\",\"publisher\":{\"@id\":\"https:\\\/\\\/www.acetaiamarchi.com\\\/de\\\/#organization\"},\"potentialAction\":[{\"@type\":\"SearchAction\",\"target\":{\"@type\":\"EntryPoint\",\"urlTemplate\":\"https:\\\/\\\/www.acetaiamarchi.com\\\/de\\\/?s={search_term_string}\"},\"query-input\":{\"@type\":\"PropertyValueSpecification\",\"valueRequired\":true,\"valueName\":\"search_term_string\"}}],\"inLanguage\":\"de\"},{\"@type\":\"Organization\",\"@id\":\"https:\\\/\\\/www.acetaiamarchi.com\\\/de\\\/#organization\",\"name\":\"Acetaia Marchi Srl\",\"url\":\"https:\\\/\\\/www.acetaiamarchi.com\\\/de\\\/\",\"logo\":{\"@type\":\"ImageObject\",\"inLanguage\":\"de\",\"@id\":\"https:\\\/\\\/www.acetaiamarchi.com\\\/de\\\/#\\\/schema\\\/logo\\\/image\\\/\",\"url\":\"https:\\\/\\\/acetaiamarchi.com\\\/wp-content\\\/uploads\\\/2025\\\/03\\\/Acetaia-Marchi-Srl-Logo.png\",\"contentUrl\":\"https:\\\/\\\/acetaiamarchi.com\\\/wp-content\\\/uploads\\\/2025\\\/03\\\/Acetaia-Marchi-Srl-Logo.png\",\"width\":2000,\"height\":2000,\"caption\":\"Acetaia Marchi Srl\"},\"image\":{\"@id\":\"https:\\\/\\\/www.acetaiamarchi.com\\\/de\\\/#\\\/schema\\\/logo\\\/image\\\/\"}}]}<\/script>\n<!-- \/ Yoast SEO plugin. -->","yoast_head_json":{"title":"Ros\u00e8 W\u00fcrze | Acetaia Marchi","description":"Condimento di alta qualit\u00e0 dal mosto di Ancellotta, variet\u00e0 d\u2019uva rara e pregiata coltivata nei nostri vigneti. Per esaltare insalate, carni e formaggi.","robots":{"index":"index","follow":"follow","max-snippet":"max-snippet:-1","max-image-preview":"max-image-preview:large","max-video-preview":"max-video-preview:-1"},"canonical":"https:\/\/www.acetaiamarchi.com\/de\/produkt\/rose-wurze\/","og_locale":"de_DE","og_type":"article","og_title":"Ros\u00e8 W\u00fcrze | Acetaia Marchi","og_description":"Condimento di alta qualit\u00e0 dal mosto di Ancellotta, variet\u00e0 d\u2019uva rara e pregiata coltivata nei nostri vigneti. Per esaltare insalate, carni e formaggi.","og_url":"https:\/\/www.acetaiamarchi.com\/de\/produkt\/rose-wurze\/","og_site_name":"Acetaia Marchi","article_modified_time":"2025-11-19T16:21:47+00:00","og_image":[{"width":1600,"height":1600,"url":"https:\/\/www.acetaiamarchi.com\/wp-content\/uploads\/2025\/03\/Condimento-Rose-250ml.jpg","type":"image\/jpeg"}],"twitter_card":"summary_large_image","twitter_misc":{"Gesch\u00e4tzte Lesezeit":"2\u00a0Minuten"},"schema":{"@context":"https:\/\/schema.org","@graph":[{"@type":"WebPage","@id":"https:\/\/www.acetaiamarchi.com\/de\/produkt\/rose-wurze\/","url":"https:\/\/www.acetaiamarchi.com\/de\/produkt\/rose-wurze\/","name":"Ros\u00e8 W\u00fcrze | Acetaia Marchi","isPartOf":{"@id":"https:\/\/www.acetaiamarchi.com\/de\/#website"},"primaryImageOfPage":{"@id":"https:\/\/www.acetaiamarchi.com\/de\/produkt\/rose-wurze\/#primaryimage"},"image":{"@id":"https:\/\/www.acetaiamarchi.com\/de\/produkt\/rose-wurze\/#primaryimage"},"thumbnailUrl":"https:\/\/www.acetaiamarchi.com\/wp-content\/uploads\/2025\/03\/Condimento-Rose-250ml.jpg","datePublished":"2025-03-21T16:38:06+00:00","dateModified":"2025-11-19T16:21:47+00:00","description":"Condimento di alta qualit\u00e0 dal mosto di Ancellotta, variet\u00e0 d\u2019uva rara e pregiata coltivata nei nostri vigneti. Per esaltare insalate, carni e formaggi.","breadcrumb":{"@id":"https:\/\/www.acetaiamarchi.com\/de\/produkt\/rose-wurze\/#breadcrumb"},"inLanguage":"de","potentialAction":[{"@type":"ReadAction","target":["https:\/\/www.acetaiamarchi.com\/de\/produkt\/rose-wurze\/"]}]},{"@type":"ImageObject","inLanguage":"de","@id":"https:\/\/www.acetaiamarchi.com\/de\/produkt\/rose-wurze\/#primaryimage","url":"https:\/\/www.acetaiamarchi.com\/wp-content\/uploads\/2025\/03\/Condimento-Rose-250ml.jpg","contentUrl":"https:\/\/www.acetaiamarchi.com\/wp-content\/uploads\/2025\/03\/Condimento-Rose-250ml.jpg","width":1600,"height":1600,"caption":"Condimento Ros\u00e8"},{"@type":"BreadcrumbList","@id":"https:\/\/www.acetaiamarchi.com\/de\/produkt\/rose-wurze\/#breadcrumb","itemListElement":[{"@type":"ListItem","position":1,"name":"Home","item":"https:\/\/www.acetaiamarchi.com\/de\/"},{"@type":"ListItem","position":2,"name":"Produkte","item":"https:\/\/www.acetaiamarchi.com\/de\/shop\/"},{"@type":"ListItem","position":3,"name":"Ros\u00e8 W\u00fcrze"}]},{"@type":"WebSite","@id":"https:\/\/www.acetaiamarchi.com\/de\/#website","url":"https:\/\/www.acetaiamarchi.com\/de\/","name":"Acetaia Marchi Srl","description":"","publisher":{"@id":"https:\/\/www.acetaiamarchi.com\/de\/#organization"},"potentialAction":[{"@type":"SearchAction","target":{"@type":"EntryPoint","urlTemplate":"https:\/\/www.acetaiamarchi.com\/de\/?s={search_term_string}"},"query-input":{"@type":"PropertyValueSpecification","valueRequired":true,"valueName":"search_term_string"}}],"inLanguage":"de"},{"@type":"Organization","@id":"https:\/\/www.acetaiamarchi.com\/de\/#organization","name":"Acetaia Marchi Srl","url":"https:\/\/www.acetaiamarchi.com\/de\/","logo":{"@type":"ImageObject","inLanguage":"de","@id":"https:\/\/www.acetaiamarchi.com\/de\/#\/schema\/logo\/image\/","url":"https:\/\/acetaiamarchi.com\/wp-content\/uploads\/2025\/03\/Acetaia-Marchi-Srl-Logo.png","contentUrl":"https:\/\/acetaiamarchi.com\/wp-content\/uploads\/2025\/03\/Acetaia-Marchi-Srl-Logo.png","width":2000,"height":2000,"caption":"Acetaia Marchi Srl"},"image":{"@id":"https:\/\/www.acetaiamarchi.com\/de\/#\/schema\/logo\/image\/"}}]}},"_links":{"self":[{"href":"https:\/\/www.acetaiamarchi.com\/de\/wp-json\/wp\/v2\/product\/9034","targetHints":{"allow":["GET"]}}],"collection":[{"href":"https:\/\/www.acetaiamarchi.com\/de\/wp-json\/wp\/v2\/product"}],"about":[{"href":"https:\/\/www.acetaiamarchi.com\/de\/wp-json\/wp\/v2\/types\/product"}],"version-history":[{"count":3,"href":"https:\/\/www.acetaiamarchi.com\/de\/wp-json\/wp\/v2\/product\/9034\/revisions"}],"predecessor-version":[{"id":11557,"href":"https:\/\/www.acetaiamarchi.com\/de\/wp-json\/wp\/v2\/product\/9034\/revisions\/11557"}],"wp:featuredmedia":[{"embeddable":true,"href":"https:\/\/www.acetaiamarchi.com\/de\/wp-json\/wp\/v2\/media\/1214"}],"wp:attachment":[{"href":"https:\/\/www.acetaiamarchi.com\/de\/wp-json\/wp\/v2\/media?parent=9034"}],"wp:term":[{"taxonomy":"product_brand","embeddable":true,"href":"https:\/\/www.acetaiamarchi.com\/de\/wp-json\/wp\/v2\/product_brand?post=9034"},{"taxonomy":"product_cat","embeddable":true,"href":"https:\/\/www.acetaiamarchi.com\/de\/wp-json\/wp\/v2\/product_cat?post=9034"},{"taxonomy":"product_tag","embeddable":true,"href":"https:\/\/www.acetaiamarchi.com\/de\/wp-json\/wp\/v2\/product_tag?post=9034"}],"curies":[{"name":"wp","href":"https:\/\/api.w.org\/{rel}","templated":true}]}}