{"id":9028,"date":"2025-03-24T17:29:01","date_gmt":"2025-03-24T16:29:01","guid":{"rendered":"https:\/\/www.acetaiamarchi.com\/prodotto\/condimento-classico\/"},"modified":"2025-11-19T17:22:44","modified_gmt":"2025-11-19T16:22:44","slug":"klassisches-wurzmittel","status":"publish","type":"product","link":"https:\/\/www.acetaiamarchi.com\/de\/produkt\/klassisches-wurzmittel\/","title":{"rendered":"Klassisches W\u00fcrzmittel"},"content":{"rendered":"<p>Unsere j\u00fcngste W\u00fcrze, eine Explosion von <strong>Frische und Lebendigkeit f\u00fcr deine t\u00e4glichen Gerichte<\/strong>. Gekennzeichnet durch eine ausgepr\u00e4gte S\u00e4urekomponente, ist diese W\u00fcrze perfekt, um den Geschmack von Vorspeisen und Beilagen zu verst\u00e4rken und jede Mahlzeit zu einem einzigartigen Geschmackserlebnis zu machen.<br \/>\nVielseitig und einfach zu verwenden, ist sie die Zutat, die in deiner K\u00fcche nicht fehlen darf. Experimentiere mit neuen Rezepten und \u00fcberrasche deine G\u00e4ste mit ihrem frischen und aromatischen Geschmack. Mach jeden Tag besonders mit unserer jungen W\u00fcrze!<\/p>\n<p><em><strong>In der K\u00fcche<\/strong><\/em>: Ideal zum W\u00fcrzen von gegrilltem Gem\u00fcse, verleiht unsere W\u00fcrze Gerichten mit H\u00e4hnchenfleisch einen besonderen Pfiff und verwandelt jeden Bissen in ein Vergn\u00fcgen f\u00fcr den Gaumen.<\/p>\n","protected":false},"excerpt":{"rendered":"<p>Vielseitig und einfach zu verwenden, ist es die Zutat, die in deiner K\u00fcche nicht fehlen darf. Experimentiere mit neuen Rezepten und \u00fcberrasche deine G\u00e4ste mit seinem frischen und aromatischen Geschmack. Mach jeden Tag besonders mit unserem jungen Dressing!<\/p>\n","protected":false},"featured_media":1202,"template":"","meta":[],"product_brand":[],"product_cat":[497],"product_tag":[],"class_list":{"0":"post-9028","1":"product","2":"type-product","3":"status-publish","4":"has-post-thumbnail","6":"product_cat-suess-saure-wuerzmittel","8":"first","9":"instock","10":"featured","11":"shipping-taxable","12":"purchasable","13":"product-type-simple"},"yoast_head":"<!-- This site is optimized with the Yoast SEO plugin v27.4 - https:\/\/yoast.com\/product\/yoast-seo-wordpress\/ -->\n<title>Klassisches W\u00fcrzmittel - Acetaia Marchi<\/title>\n<meta name=\"description\" content=\"Il nostro condimento pi\u00f9 giovane, un&#039;esplosione di freschezza per i tuoi piatti. Condimento per verdure grigliate e carne di pollo. Gusto aromatico e fresco\" \/>\n<meta name=\"robots\" content=\"index, follow, max-snippet:-1, max-image-preview:large, max-video-preview:-1\" \/>\n<link rel=\"canonical\" href=\"https:\/\/www.acetaiamarchi.com\/de\/produkt\/klassisches-wurzmittel\/\" \/>\n<meta property=\"og:locale\" content=\"de_DE\" \/>\n<meta property=\"og:type\" content=\"article\" \/>\n<meta property=\"og:title\" content=\"Klassisches W\u00fcrzmittel - Acetaia Marchi\" \/>\n<meta property=\"og:description\" content=\"Il nostro condimento pi\u00f9 giovane, un&#039;esplosione di freschezza per i tuoi piatti. Condimento per verdure grigliate e carne di pollo. Gusto aromatico e fresco\" \/>\n<meta property=\"og:url\" content=\"https:\/\/www.acetaiamarchi.com\/de\/produkt\/klassisches-wurzmittel\/\" \/>\n<meta property=\"og:site_name\" content=\"Acetaia Marchi\" \/>\n<meta property=\"article:modified_time\" content=\"2025-11-19T16:22:44+00:00\" \/>\n<meta property=\"og:image\" content=\"https:\/\/www.acetaiamarchi.com\/wp-content\/uploads\/2025\/03\/Condimento-Classico-250ml.jpg\" \/>\n\t<meta property=\"og:image:width\" content=\"1600\" \/>\n\t<meta property=\"og:image:height\" content=\"1600\" \/>\n\t<meta property=\"og:image:type\" content=\"image\/jpeg\" \/>\n<meta name=\"twitter:card\" content=\"summary_large_image\" \/>\n<meta name=\"twitter:label1\" content=\"Gesch\u00e4tzte Lesezeit\" \/>\n\t<meta name=\"twitter:data1\" content=\"1\u00a0Minute\" \/>\n<script type=\"application\/ld+json\" class=\"yoast-schema-graph\">{\"@context\":\"https:\\\/\\\/schema.org\",\"@graph\":[{\"@type\":\"WebPage\",\"@id\":\"https:\\\/\\\/www.acetaiamarchi.com\\\/de\\\/produkt\\\/klassisches-wurzmittel\\\/\",\"url\":\"https:\\\/\\\/www.acetaiamarchi.com\\\/de\\\/produkt\\\/klassisches-wurzmittel\\\/\",\"name\":\"Klassisches W\u00fcrzmittel - Acetaia Marchi\",\"isPartOf\":{\"@id\":\"https:\\\/\\\/www.acetaiamarchi.com\\\/de\\\/#website\"},\"primaryImageOfPage\":{\"@id\":\"https:\\\/\\\/www.acetaiamarchi.com\\\/de\\\/produkt\\\/klassisches-wurzmittel\\\/#primaryimage\"},\"image\":{\"@id\":\"https:\\\/\\\/www.acetaiamarchi.com\\\/de\\\/produkt\\\/klassisches-wurzmittel\\\/#primaryimage\"},\"thumbnailUrl\":\"https:\\\/\\\/www.acetaiamarchi.com\\\/wp-content\\\/uploads\\\/2025\\\/03\\\/Condimento-Classico-250ml.jpg\",\"datePublished\":\"2025-03-24T16:29:01+00:00\",\"dateModified\":\"2025-11-19T16:22:44+00:00\",\"description\":\"Il nostro condimento pi\u00f9 giovane, un'esplosione di freschezza per i tuoi piatti. Condimento per verdure grigliate e carne di pollo. Gusto aromatico e fresco\",\"breadcrumb\":{\"@id\":\"https:\\\/\\\/www.acetaiamarchi.com\\\/de\\\/produkt\\\/klassisches-wurzmittel\\\/#breadcrumb\"},\"inLanguage\":\"de\",\"potentialAction\":[{\"@type\":\"ReadAction\",\"target\":[\"https:\\\/\\\/www.acetaiamarchi.com\\\/de\\\/produkt\\\/klassisches-wurzmittel\\\/\"]}]},{\"@type\":\"ImageObject\",\"inLanguage\":\"de\",\"@id\":\"https:\\\/\\\/www.acetaiamarchi.com\\\/de\\\/produkt\\\/klassisches-wurzmittel\\\/#primaryimage\",\"url\":\"https:\\\/\\\/www.acetaiamarchi.com\\\/wp-content\\\/uploads\\\/2025\\\/03\\\/Condimento-Classico-250ml.jpg\",\"contentUrl\":\"https:\\\/\\\/www.acetaiamarchi.com\\\/wp-content\\\/uploads\\\/2025\\\/03\\\/Condimento-Classico-250ml.jpg\",\"width\":1600,\"height\":1600,\"caption\":\"Condimento Classico\"},{\"@type\":\"BreadcrumbList\",\"@id\":\"https:\\\/\\\/www.acetaiamarchi.com\\\/de\\\/produkt\\\/klassisches-wurzmittel\\\/#breadcrumb\",\"itemListElement\":[{\"@type\":\"ListItem\",\"position\":1,\"name\":\"Home\",\"item\":\"https:\\\/\\\/www.acetaiamarchi.com\\\/de\\\/\"},{\"@type\":\"ListItem\",\"position\":2,\"name\":\"Produkte\",\"item\":\"https:\\\/\\\/www.acetaiamarchi.com\\\/de\\\/shop\\\/\"},{\"@type\":\"ListItem\",\"position\":3,\"name\":\"Klassisches W\u00fcrzmittel\"}]},{\"@type\":\"WebSite\",\"@id\":\"https:\\\/\\\/www.acetaiamarchi.com\\\/de\\\/#website\",\"url\":\"https:\\\/\\\/www.acetaiamarchi.com\\\/de\\\/\",\"name\":\"Acetaia Marchi Srl\",\"description\":\"\",\"publisher\":{\"@id\":\"https:\\\/\\\/www.acetaiamarchi.com\\\/de\\\/#organization\"},\"potentialAction\":[{\"@type\":\"SearchAction\",\"target\":{\"@type\":\"EntryPoint\",\"urlTemplate\":\"https:\\\/\\\/www.acetaiamarchi.com\\\/de\\\/?s={search_term_string}\"},\"query-input\":{\"@type\":\"PropertyValueSpecification\",\"valueRequired\":true,\"valueName\":\"search_term_string\"}}],\"inLanguage\":\"de\"},{\"@type\":\"Organization\",\"@id\":\"https:\\\/\\\/www.acetaiamarchi.com\\\/de\\\/#organization\",\"name\":\"Acetaia Marchi Srl\",\"url\":\"https:\\\/\\\/www.acetaiamarchi.com\\\/de\\\/\",\"logo\":{\"@type\":\"ImageObject\",\"inLanguage\":\"de\",\"@id\":\"https:\\\/\\\/www.acetaiamarchi.com\\\/de\\\/#\\\/schema\\\/logo\\\/image\\\/\",\"url\":\"https:\\\/\\\/acetaiamarchi.com\\\/wp-content\\\/uploads\\\/2025\\\/03\\\/Acetaia-Marchi-Srl-Logo.png\",\"contentUrl\":\"https:\\\/\\\/acetaiamarchi.com\\\/wp-content\\\/uploads\\\/2025\\\/03\\\/Acetaia-Marchi-Srl-Logo.png\",\"width\":2000,\"height\":2000,\"caption\":\"Acetaia Marchi Srl\"},\"image\":{\"@id\":\"https:\\\/\\\/www.acetaiamarchi.com\\\/de\\\/#\\\/schema\\\/logo\\\/image\\\/\"}}]}<\/script>\n<!-- \/ Yoast SEO plugin. -->","yoast_head_json":{"title":"Klassisches W\u00fcrzmittel - Acetaia Marchi","description":"Il nostro condimento pi\u00f9 giovane, un'esplosione di freschezza per i tuoi piatti. Condimento per verdure grigliate e carne di pollo. Gusto aromatico e fresco","robots":{"index":"index","follow":"follow","max-snippet":"max-snippet:-1","max-image-preview":"max-image-preview:large","max-video-preview":"max-video-preview:-1"},"canonical":"https:\/\/www.acetaiamarchi.com\/de\/produkt\/klassisches-wurzmittel\/","og_locale":"de_DE","og_type":"article","og_title":"Klassisches W\u00fcrzmittel - Acetaia Marchi","og_description":"Il nostro condimento pi\u00f9 giovane, un'esplosione di freschezza per i tuoi piatti. Condimento per verdure grigliate e carne di pollo. Gusto aromatico e fresco","og_url":"https:\/\/www.acetaiamarchi.com\/de\/produkt\/klassisches-wurzmittel\/","og_site_name":"Acetaia Marchi","article_modified_time":"2025-11-19T16:22:44+00:00","og_image":[{"width":1600,"height":1600,"url":"https:\/\/www.acetaiamarchi.com\/wp-content\/uploads\/2025\/03\/Condimento-Classico-250ml.jpg","type":"image\/jpeg"}],"twitter_card":"summary_large_image","twitter_misc":{"Gesch\u00e4tzte Lesezeit":"1\u00a0Minute"},"schema":{"@context":"https:\/\/schema.org","@graph":[{"@type":"WebPage","@id":"https:\/\/www.acetaiamarchi.com\/de\/produkt\/klassisches-wurzmittel\/","url":"https:\/\/www.acetaiamarchi.com\/de\/produkt\/klassisches-wurzmittel\/","name":"Klassisches W\u00fcrzmittel - Acetaia Marchi","isPartOf":{"@id":"https:\/\/www.acetaiamarchi.com\/de\/#website"},"primaryImageOfPage":{"@id":"https:\/\/www.acetaiamarchi.com\/de\/produkt\/klassisches-wurzmittel\/#primaryimage"},"image":{"@id":"https:\/\/www.acetaiamarchi.com\/de\/produkt\/klassisches-wurzmittel\/#primaryimage"},"thumbnailUrl":"https:\/\/www.acetaiamarchi.com\/wp-content\/uploads\/2025\/03\/Condimento-Classico-250ml.jpg","datePublished":"2025-03-24T16:29:01+00:00","dateModified":"2025-11-19T16:22:44+00:00","description":"Il nostro condimento pi\u00f9 giovane, un'esplosione di freschezza per i tuoi piatti. Condimento per verdure grigliate e carne di pollo. Gusto aromatico e fresco","breadcrumb":{"@id":"https:\/\/www.acetaiamarchi.com\/de\/produkt\/klassisches-wurzmittel\/#breadcrumb"},"inLanguage":"de","potentialAction":[{"@type":"ReadAction","target":["https:\/\/www.acetaiamarchi.com\/de\/produkt\/klassisches-wurzmittel\/"]}]},{"@type":"ImageObject","inLanguage":"de","@id":"https:\/\/www.acetaiamarchi.com\/de\/produkt\/klassisches-wurzmittel\/#primaryimage","url":"https:\/\/www.acetaiamarchi.com\/wp-content\/uploads\/2025\/03\/Condimento-Classico-250ml.jpg","contentUrl":"https:\/\/www.acetaiamarchi.com\/wp-content\/uploads\/2025\/03\/Condimento-Classico-250ml.jpg","width":1600,"height":1600,"caption":"Condimento Classico"},{"@type":"BreadcrumbList","@id":"https:\/\/www.acetaiamarchi.com\/de\/produkt\/klassisches-wurzmittel\/#breadcrumb","itemListElement":[{"@type":"ListItem","position":1,"name":"Home","item":"https:\/\/www.acetaiamarchi.com\/de\/"},{"@type":"ListItem","position":2,"name":"Produkte","item":"https:\/\/www.acetaiamarchi.com\/de\/shop\/"},{"@type":"ListItem","position":3,"name":"Klassisches W\u00fcrzmittel"}]},{"@type":"WebSite","@id":"https:\/\/www.acetaiamarchi.com\/de\/#website","url":"https:\/\/www.acetaiamarchi.com\/de\/","name":"Acetaia Marchi Srl","description":"","publisher":{"@id":"https:\/\/www.acetaiamarchi.com\/de\/#organization"},"potentialAction":[{"@type":"SearchAction","target":{"@type":"EntryPoint","urlTemplate":"https:\/\/www.acetaiamarchi.com\/de\/?s={search_term_string}"},"query-input":{"@type":"PropertyValueSpecification","valueRequired":true,"valueName":"search_term_string"}}],"inLanguage":"de"},{"@type":"Organization","@id":"https:\/\/www.acetaiamarchi.com\/de\/#organization","name":"Acetaia Marchi Srl","url":"https:\/\/www.acetaiamarchi.com\/de\/","logo":{"@type":"ImageObject","inLanguage":"de","@id":"https:\/\/www.acetaiamarchi.com\/de\/#\/schema\/logo\/image\/","url":"https:\/\/acetaiamarchi.com\/wp-content\/uploads\/2025\/03\/Acetaia-Marchi-Srl-Logo.png","contentUrl":"https:\/\/acetaiamarchi.com\/wp-content\/uploads\/2025\/03\/Acetaia-Marchi-Srl-Logo.png","width":2000,"height":2000,"caption":"Acetaia Marchi Srl"},"image":{"@id":"https:\/\/www.acetaiamarchi.com\/de\/#\/schema\/logo\/image\/"}}]}},"_links":{"self":[{"href":"https:\/\/www.acetaiamarchi.com\/de\/wp-json\/wp\/v2\/product\/9028","targetHints":{"allow":["GET"]}}],"collection":[{"href":"https:\/\/www.acetaiamarchi.com\/de\/wp-json\/wp\/v2\/product"}],"about":[{"href":"https:\/\/www.acetaiamarchi.com\/de\/wp-json\/wp\/v2\/types\/product"}],"version-history":[{"count":3,"href":"https:\/\/www.acetaiamarchi.com\/de\/wp-json\/wp\/v2\/product\/9028\/revisions"}],"predecessor-version":[{"id":11560,"href":"https:\/\/www.acetaiamarchi.com\/de\/wp-json\/wp\/v2\/product\/9028\/revisions\/11560"}],"wp:featuredmedia":[{"embeddable":true,"href":"https:\/\/www.acetaiamarchi.com\/de\/wp-json\/wp\/v2\/media\/1202"}],"wp:attachment":[{"href":"https:\/\/www.acetaiamarchi.com\/de\/wp-json\/wp\/v2\/media?parent=9028"}],"wp:term":[{"taxonomy":"product_brand","embeddable":true,"href":"https:\/\/www.acetaiamarchi.com\/de\/wp-json\/wp\/v2\/product_brand?post=9028"},{"taxonomy":"product_cat","embeddable":true,"href":"https:\/\/www.acetaiamarchi.com\/de\/wp-json\/wp\/v2\/product_cat?post=9028"},{"taxonomy":"product_tag","embeddable":true,"href":"https:\/\/www.acetaiamarchi.com\/de\/wp-json\/wp\/v2\/product_tag?post=9028"}],"curies":[{"name":"wp","href":"https:\/\/api.w.org\/{rel}","templated":true}]}}