{"id":9010,"date":"2025-03-20T17:05:50","date_gmt":"2025-03-20T16:05:50","guid":{"rendered":"https:\/\/www.acetaiamarchi.com\/prodotto\/condimento-bianco-delicato\/"},"modified":"2025-11-19T18:43:53","modified_gmt":"2025-11-19T17:43:53","slug":"delikates-weises-wurzmittel","status":"publish","type":"product","link":"https:\/\/www.acetaiamarchi.com\/de\/produkt\/delikates-weises-wurzmittel\/","title":{"rendered":"Delikates Wei\u00dfes W\u00fcrzmittel"},"content":{"rendered":"<p>Entdecken Sie Eleganz in einer Flasche mit unserem edlen W\u00fcrzmittel aus konzentriertem Most von Trebbiano-Trauben und Wei\u00dfweinessig.<\/p>\n<p>Dieses einzigartige Produkt entsteht aus der Kunst der Mischung, indem die nat\u00fcrliche S\u00fc\u00dfe des konzentrierten Mostes \u2013 gewonnen durch ein schonendes Vakuumverdampfungsverfahren, das seine leuchtend helle Farbe und die frischen Fruchtnoten bewahrt \u2013 mit der lebhaften S\u00e4ure des Wei\u00dfweinessigs vereint wird.<br \/>\nUnser W\u00fcrzmittel entwickelt seinen charakteristischen Geschmack in neuen Eichenf\u00e4ssern \u00fcber einen sorgf\u00e4ltig abgestimmten Zeitraum, um Oxidation zu vermeiden und die brillanten T\u00f6ne der Fl\u00fcssigkeit zu erhalten. W\u00e4hrend dieser Reifung verschmelzen die umh\u00fcllenden D\u00fcfte des Holzes mit der Frische des Mostes und schenken ein unvergleichliches sensorisches Erlebnis.<\/p>\n<p><em><strong>In der K\u00fcche<\/strong><\/em>: Vielseitig und raffiniert eignet sich dieses W\u00fcrzmittel hervorragend zur Verfeinerung von Salaten, Fischgerichten und hellem Fleisch und verleiht jeder Zubereitung eine elegante Note und ein ausgewogenes Geschmackserlebnis, das den Gaumen verzaubert.<br \/>\nLassen Sie sich von seiner Leichtigkeit und Komplexit\u00e4t begeistern: ein wahrer Tribut an die italienische gastronomische Tradition.<\/p>\n<p>&nbsp;<\/p>\n","protected":false},"excerpt":{"rendered":"<p>Entdecken Sie Eleganz in einer Flasche mit unserem edlen W\u00fcrzmittel aus konzentriertem Most von Trebbiano-Trauben und Wei\u00dfweinessig.<\/p>\n","protected":false},"featured_media":1206,"template":"","meta":[],"product_brand":[],"product_cat":[497],"product_tag":[],"class_list":{"0":"post-9010","1":"product","2":"type-product","3":"status-publish","4":"has-post-thumbnail","6":"product_cat-suess-saure-wuerzmittel","8":"first","9":"instock","10":"featured","11":"shipping-taxable","12":"purchasable","13":"product-type-simple"},"yoast_head":"<!-- This site is optimized with the Yoast SEO plugin v27.4 - https:\/\/yoast.com\/product\/yoast-seo-wordpress\/ -->\n<title>Delikates Wei\u00dfes W\u00fcrzmittel | Acetaia Marchi<\/title>\n<meta name=\"description\" content=\"Pregiato condimento a base di mosto concentrato di uve Trebbiano e aceto di vino bianco. Ideale per arricchire insalate, piatti di pesce e carni bianche.\" \/>\n<meta name=\"robots\" content=\"index, follow, max-snippet:-1, max-image-preview:large, max-video-preview:-1\" \/>\n<link rel=\"canonical\" href=\"https:\/\/www.acetaiamarchi.com\/de\/produkt\/delikates-weises-wurzmittel\/\" \/>\n<meta property=\"og:locale\" content=\"de_DE\" \/>\n<meta property=\"og:type\" content=\"article\" \/>\n<meta property=\"og:title\" content=\"Delikates Wei\u00dfes W\u00fcrzmittel | Acetaia Marchi\" \/>\n<meta property=\"og:description\" content=\"Pregiato condimento a base di mosto concentrato di uve Trebbiano e aceto di vino bianco. Ideale per arricchire insalate, piatti di pesce e carni bianche.\" \/>\n<meta property=\"og:url\" content=\"https:\/\/www.acetaiamarchi.com\/de\/produkt\/delikates-weises-wurzmittel\/\" \/>\n<meta property=\"og:site_name\" content=\"Acetaia Marchi\" \/>\n<meta property=\"article:modified_time\" content=\"2025-11-19T17:43:53+00:00\" \/>\n<meta property=\"og:image\" content=\"https:\/\/www.acetaiamarchi.com\/wp-content\/uploads\/2025\/03\/Condimento-Delicato-250ml.jpg\" \/>\n\t<meta property=\"og:image:width\" content=\"1600\" \/>\n\t<meta property=\"og:image:height\" content=\"1600\" \/>\n\t<meta property=\"og:image:type\" content=\"image\/jpeg\" \/>\n<meta name=\"twitter:card\" content=\"summary_large_image\" \/>\n<meta name=\"twitter:label1\" content=\"Gesch\u00e4tzte Lesezeit\" \/>\n\t<meta name=\"twitter:data1\" content=\"2\u00a0Minuten\" \/>\n<script type=\"application\/ld+json\" class=\"yoast-schema-graph\">{\"@context\":\"https:\\\/\\\/schema.org\",\"@graph\":[{\"@type\":\"WebPage\",\"@id\":\"https:\\\/\\\/www.acetaiamarchi.com\\\/de\\\/produkt\\\/delikates-weises-wurzmittel\\\/\",\"url\":\"https:\\\/\\\/www.acetaiamarchi.com\\\/de\\\/produkt\\\/delikates-weises-wurzmittel\\\/\",\"name\":\"Delikates Wei\u00dfes W\u00fcrzmittel | Acetaia Marchi\",\"isPartOf\":{\"@id\":\"https:\\\/\\\/www.acetaiamarchi.com\\\/de\\\/#website\"},\"primaryImageOfPage\":{\"@id\":\"https:\\\/\\\/www.acetaiamarchi.com\\\/de\\\/produkt\\\/delikates-weises-wurzmittel\\\/#primaryimage\"},\"image\":{\"@id\":\"https:\\\/\\\/www.acetaiamarchi.com\\\/de\\\/produkt\\\/delikates-weises-wurzmittel\\\/#primaryimage\"},\"thumbnailUrl\":\"https:\\\/\\\/www.acetaiamarchi.com\\\/wp-content\\\/uploads\\\/2025\\\/03\\\/Condimento-Delicato-250ml.jpg\",\"datePublished\":\"2025-03-20T16:05:50+00:00\",\"dateModified\":\"2025-11-19T17:43:53+00:00\",\"description\":\"Pregiato condimento a base di mosto concentrato di uve Trebbiano e aceto di vino bianco. Ideale per arricchire insalate, piatti di pesce e carni bianche.\",\"breadcrumb\":{\"@id\":\"https:\\\/\\\/www.acetaiamarchi.com\\\/de\\\/produkt\\\/delikates-weises-wurzmittel\\\/#breadcrumb\"},\"inLanguage\":\"de\",\"potentialAction\":[{\"@type\":\"ReadAction\",\"target\":[\"https:\\\/\\\/www.acetaiamarchi.com\\\/de\\\/produkt\\\/delikates-weises-wurzmittel\\\/\"]}]},{\"@type\":\"ImageObject\",\"inLanguage\":\"de\",\"@id\":\"https:\\\/\\\/www.acetaiamarchi.com\\\/de\\\/produkt\\\/delikates-weises-wurzmittel\\\/#primaryimage\",\"url\":\"https:\\\/\\\/www.acetaiamarchi.com\\\/wp-content\\\/uploads\\\/2025\\\/03\\\/Condimento-Delicato-250ml.jpg\",\"contentUrl\":\"https:\\\/\\\/www.acetaiamarchi.com\\\/wp-content\\\/uploads\\\/2025\\\/03\\\/Condimento-Delicato-250ml.jpg\",\"width\":1600,\"height\":1600,\"caption\":\"Condimento Bianco Delicato\"},{\"@type\":\"BreadcrumbList\",\"@id\":\"https:\\\/\\\/www.acetaiamarchi.com\\\/de\\\/produkt\\\/delikates-weises-wurzmittel\\\/#breadcrumb\",\"itemListElement\":[{\"@type\":\"ListItem\",\"position\":1,\"name\":\"Home\",\"item\":\"https:\\\/\\\/www.acetaiamarchi.com\\\/de\\\/\"},{\"@type\":\"ListItem\",\"position\":2,\"name\":\"Produkte\",\"item\":\"https:\\\/\\\/www.acetaiamarchi.com\\\/de\\\/shop\\\/\"},{\"@type\":\"ListItem\",\"position\":3,\"name\":\"Delikates Wei\u00dfes W\u00fcrzmittel\"}]},{\"@type\":\"WebSite\",\"@id\":\"https:\\\/\\\/www.acetaiamarchi.com\\\/de\\\/#website\",\"url\":\"https:\\\/\\\/www.acetaiamarchi.com\\\/de\\\/\",\"name\":\"Acetaia Marchi Srl\",\"description\":\"\",\"publisher\":{\"@id\":\"https:\\\/\\\/www.acetaiamarchi.com\\\/de\\\/#organization\"},\"potentialAction\":[{\"@type\":\"SearchAction\",\"target\":{\"@type\":\"EntryPoint\",\"urlTemplate\":\"https:\\\/\\\/www.acetaiamarchi.com\\\/de\\\/?s={search_term_string}\"},\"query-input\":{\"@type\":\"PropertyValueSpecification\",\"valueRequired\":true,\"valueName\":\"search_term_string\"}}],\"inLanguage\":\"de\"},{\"@type\":\"Organization\",\"@id\":\"https:\\\/\\\/www.acetaiamarchi.com\\\/de\\\/#organization\",\"name\":\"Acetaia Marchi Srl\",\"url\":\"https:\\\/\\\/www.acetaiamarchi.com\\\/de\\\/\",\"logo\":{\"@type\":\"ImageObject\",\"inLanguage\":\"de\",\"@id\":\"https:\\\/\\\/www.acetaiamarchi.com\\\/de\\\/#\\\/schema\\\/logo\\\/image\\\/\",\"url\":\"https:\\\/\\\/acetaiamarchi.com\\\/wp-content\\\/uploads\\\/2025\\\/03\\\/Acetaia-Marchi-Srl-Logo.png\",\"contentUrl\":\"https:\\\/\\\/acetaiamarchi.com\\\/wp-content\\\/uploads\\\/2025\\\/03\\\/Acetaia-Marchi-Srl-Logo.png\",\"width\":2000,\"height\":2000,\"caption\":\"Acetaia Marchi Srl\"},\"image\":{\"@id\":\"https:\\\/\\\/www.acetaiamarchi.com\\\/de\\\/#\\\/schema\\\/logo\\\/image\\\/\"}}]}<\/script>\n<!-- \/ Yoast SEO plugin. -->","yoast_head_json":{"title":"Delikates Wei\u00dfes W\u00fcrzmittel | Acetaia Marchi","description":"Pregiato condimento a base di mosto concentrato di uve Trebbiano e aceto di vino bianco. Ideale per arricchire insalate, piatti di pesce e carni bianche.","robots":{"index":"index","follow":"follow","max-snippet":"max-snippet:-1","max-image-preview":"max-image-preview:large","max-video-preview":"max-video-preview:-1"},"canonical":"https:\/\/www.acetaiamarchi.com\/de\/produkt\/delikates-weises-wurzmittel\/","og_locale":"de_DE","og_type":"article","og_title":"Delikates Wei\u00dfes W\u00fcrzmittel | Acetaia Marchi","og_description":"Pregiato condimento a base di mosto concentrato di uve Trebbiano e aceto di vino bianco. Ideale per arricchire insalate, piatti di pesce e carni bianche.","og_url":"https:\/\/www.acetaiamarchi.com\/de\/produkt\/delikates-weises-wurzmittel\/","og_site_name":"Acetaia Marchi","article_modified_time":"2025-11-19T17:43:53+00:00","og_image":[{"width":1600,"height":1600,"url":"https:\/\/www.acetaiamarchi.com\/wp-content\/uploads\/2025\/03\/Condimento-Delicato-250ml.jpg","type":"image\/jpeg"}],"twitter_card":"summary_large_image","twitter_misc":{"Gesch\u00e4tzte Lesezeit":"2\u00a0Minuten"},"schema":{"@context":"https:\/\/schema.org","@graph":[{"@type":"WebPage","@id":"https:\/\/www.acetaiamarchi.com\/de\/produkt\/delikates-weises-wurzmittel\/","url":"https:\/\/www.acetaiamarchi.com\/de\/produkt\/delikates-weises-wurzmittel\/","name":"Delikates Wei\u00dfes W\u00fcrzmittel | Acetaia Marchi","isPartOf":{"@id":"https:\/\/www.acetaiamarchi.com\/de\/#website"},"primaryImageOfPage":{"@id":"https:\/\/www.acetaiamarchi.com\/de\/produkt\/delikates-weises-wurzmittel\/#primaryimage"},"image":{"@id":"https:\/\/www.acetaiamarchi.com\/de\/produkt\/delikates-weises-wurzmittel\/#primaryimage"},"thumbnailUrl":"https:\/\/www.acetaiamarchi.com\/wp-content\/uploads\/2025\/03\/Condimento-Delicato-250ml.jpg","datePublished":"2025-03-20T16:05:50+00:00","dateModified":"2025-11-19T17:43:53+00:00","description":"Pregiato condimento a base di mosto concentrato di uve Trebbiano e aceto di vino bianco. Ideale per arricchire insalate, piatti di pesce e carni bianche.","breadcrumb":{"@id":"https:\/\/www.acetaiamarchi.com\/de\/produkt\/delikates-weises-wurzmittel\/#breadcrumb"},"inLanguage":"de","potentialAction":[{"@type":"ReadAction","target":["https:\/\/www.acetaiamarchi.com\/de\/produkt\/delikates-weises-wurzmittel\/"]}]},{"@type":"ImageObject","inLanguage":"de","@id":"https:\/\/www.acetaiamarchi.com\/de\/produkt\/delikates-weises-wurzmittel\/#primaryimage","url":"https:\/\/www.acetaiamarchi.com\/wp-content\/uploads\/2025\/03\/Condimento-Delicato-250ml.jpg","contentUrl":"https:\/\/www.acetaiamarchi.com\/wp-content\/uploads\/2025\/03\/Condimento-Delicato-250ml.jpg","width":1600,"height":1600,"caption":"Condimento Bianco Delicato"},{"@type":"BreadcrumbList","@id":"https:\/\/www.acetaiamarchi.com\/de\/produkt\/delikates-weises-wurzmittel\/#breadcrumb","itemListElement":[{"@type":"ListItem","position":1,"name":"Home","item":"https:\/\/www.acetaiamarchi.com\/de\/"},{"@type":"ListItem","position":2,"name":"Produkte","item":"https:\/\/www.acetaiamarchi.com\/de\/shop\/"},{"@type":"ListItem","position":3,"name":"Delikates Wei\u00dfes W\u00fcrzmittel"}]},{"@type":"WebSite","@id":"https:\/\/www.acetaiamarchi.com\/de\/#website","url":"https:\/\/www.acetaiamarchi.com\/de\/","name":"Acetaia Marchi Srl","description":"","publisher":{"@id":"https:\/\/www.acetaiamarchi.com\/de\/#organization"},"potentialAction":[{"@type":"SearchAction","target":{"@type":"EntryPoint","urlTemplate":"https:\/\/www.acetaiamarchi.com\/de\/?s={search_term_string}"},"query-input":{"@type":"PropertyValueSpecification","valueRequired":true,"valueName":"search_term_string"}}],"inLanguage":"de"},{"@type":"Organization","@id":"https:\/\/www.acetaiamarchi.com\/de\/#organization","name":"Acetaia Marchi Srl","url":"https:\/\/www.acetaiamarchi.com\/de\/","logo":{"@type":"ImageObject","inLanguage":"de","@id":"https:\/\/www.acetaiamarchi.com\/de\/#\/schema\/logo\/image\/","url":"https:\/\/acetaiamarchi.com\/wp-content\/uploads\/2025\/03\/Acetaia-Marchi-Srl-Logo.png","contentUrl":"https:\/\/acetaiamarchi.com\/wp-content\/uploads\/2025\/03\/Acetaia-Marchi-Srl-Logo.png","width":2000,"height":2000,"caption":"Acetaia Marchi Srl"},"image":{"@id":"https:\/\/www.acetaiamarchi.com\/de\/#\/schema\/logo\/image\/"}}]}},"_links":{"self":[{"href":"https:\/\/www.acetaiamarchi.com\/de\/wp-json\/wp\/v2\/product\/9010","targetHints":{"allow":["GET"]}}],"collection":[{"href":"https:\/\/www.acetaiamarchi.com\/de\/wp-json\/wp\/v2\/product"}],"about":[{"href":"https:\/\/www.acetaiamarchi.com\/de\/wp-json\/wp\/v2\/types\/product"}],"version-history":[{"count":3,"href":"https:\/\/www.acetaiamarchi.com\/de\/wp-json\/wp\/v2\/product\/9010\/revisions"}],"predecessor-version":[{"id":11567,"href":"https:\/\/www.acetaiamarchi.com\/de\/wp-json\/wp\/v2\/product\/9010\/revisions\/11567"}],"wp:featuredmedia":[{"embeddable":true,"href":"https:\/\/www.acetaiamarchi.com\/de\/wp-json\/wp\/v2\/media\/1206"}],"wp:attachment":[{"href":"https:\/\/www.acetaiamarchi.com\/de\/wp-json\/wp\/v2\/media?parent=9010"}],"wp:term":[{"taxonomy":"product_brand","embeddable":true,"href":"https:\/\/www.acetaiamarchi.com\/de\/wp-json\/wp\/v2\/product_brand?post=9010"},{"taxonomy":"product_cat","embeddable":true,"href":"https:\/\/www.acetaiamarchi.com\/de\/wp-json\/wp\/v2\/product_cat?post=9010"},{"taxonomy":"product_tag","embeddable":true,"href":"https:\/\/www.acetaiamarchi.com\/de\/wp-json\/wp\/v2\/product_tag?post=9010"}],"curies":[{"name":"wp","href":"https:\/\/api.w.org\/{rel}","templated":true}]}}