{"id":8956,"date":"2025-03-25T14:18:08","date_gmt":"2025-03-25T13:18:08","guid":{"rendered":"https:\/\/www.acetaiamarchi.com\/prodotto\/aceto-balsamico-di-modena-igp-classico-20\/"},"modified":"2025-12-18T10:17:09","modified_gmt":"2025-12-18T09:17:09","slug":"balsamico-essig-aus-modena-igp-classico-20","status":"publish","type":"product","link":"https:\/\/www.acetaiamarchi.com\/de\/produkt\/balsamico-essig-aus-modena-igp-classico-20\/","title":{"rendered":"Balsamico-Essig aus Modena IGP &#8211; Classico 20"},"content":{"rendered":"<p class=\"\" data-start=\"1126\" data-end=\"1507\">Aus dem Herzen von Emilia stammt der Balsamico-Essig aus Modena IGP, der mit seinem <strong>s\u00fc\u00df-sauren Geschmack<\/strong> und der <strong>leuchtend dunklen Farbe<\/strong> begeistert.<br data-start=\"1255\" data-end=\"1258\" \/>Hergestellt durch eine raffinierte Verbindung von eingekochtem Most aus ausgew\u00e4hlten Trauben und einer sorgf\u00e4ltigen Zugabe von Weinessig, wird dieses W\u00fcrzmittel in Eichenf\u00e4ssern gereift, die seine organoleptischen Eigenschaften und die Verbindung zur Tradition hervorheben.<\/p>\n<p class=\"\" data-start=\"1509\" data-end=\"1751\"><strong data-start=\"1509\" data-end=\"1598\">Das Aroma, reich und umh\u00fcllend, offenbart ein perfektes Gleichgewicht zwischen S\u00e4ure und S\u00fc\u00dfe.<\/strong><br data-start=\"1598\" data-end=\"1601\" \/>Seine aromatischen Noten machen ihn perfekt, um Fleisch, Gem\u00fcse und K\u00e4se zu verfeinern und ein Geschmackserlebnis zu bieten, das Eleganz und Authentizit\u00e4t vereint.<\/p>\n","protected":false},"excerpt":{"rendered":"<p>Balsamico-Essig aus Modena IGP, hergestellt aus gekochtem Most von Trebbiano- und Lambruschi-Trauben sowie Weinessig und in Holz gereift.<\/p>\n","protected":false},"featured_media":1056,"template":"","meta":[],"product_brand":[],"product_cat":[491],"product_tag":[],"class_list":{"0":"post-8956","1":"product","2":"type-product","3":"status-publish","4":"has-post-thumbnail","6":"product_cat-die-klassichen","8":"first","9":"instock","10":"shipping-taxable","11":"product-type-simple"},"yoast_head":"<!-- This site is optimized with the Yoast SEO plugin v27.4 - https:\/\/yoast.com\/product\/yoast-seo-wordpress\/ -->\n<title>Balsamico-Essig aus Modena IGP - Classico 20 | Acetaia Marchi<\/title>\n<meta name=\"description\" content=\"Produzione e vendita di Aceto balsamico di Modena IGP prodotto con une autoctone di Trebbiano e Lambruschi. Invecchiato in botti in legno.\" \/>\n<meta name=\"robots\" content=\"index, follow, max-snippet:-1, max-image-preview:large, max-video-preview:-1\" \/>\n<link rel=\"canonical\" href=\"https:\/\/www.acetaiamarchi.com\/de\/produkt\/balsamico-essig-aus-modena-igp-classico-20\/\" \/>\n<meta property=\"og:locale\" content=\"de_DE\" \/>\n<meta property=\"og:type\" content=\"article\" \/>\n<meta property=\"og:title\" content=\"Balsamico-Essig aus Modena IGP - Classico 20 | Acetaia Marchi\" \/>\n<meta property=\"og:description\" content=\"Produzione e vendita di Aceto balsamico di Modena IGP prodotto con une autoctone di Trebbiano e Lambruschi. Invecchiato in botti in legno.\" \/>\n<meta property=\"og:url\" content=\"https:\/\/www.acetaiamarchi.com\/de\/produkt\/balsamico-essig-aus-modena-igp-classico-20\/\" \/>\n<meta property=\"og:site_name\" content=\"Acetaia Marchi\" \/>\n<meta property=\"article:modified_time\" content=\"2025-12-18T09:17:09+00:00\" \/>\n<meta property=\"og:image\" content=\"https:\/\/www.acetaiamarchi.com\/wp-content\/uploads\/2025\/03\/Aceto-Balsamico-di-Modena-IGP-Classico-20.jpg\" \/>\n\t<meta property=\"og:image:width\" content=\"1600\" \/>\n\t<meta property=\"og:image:height\" content=\"1600\" \/>\n\t<meta property=\"og:image:type\" content=\"image\/jpeg\" \/>\n<meta name=\"twitter:card\" content=\"summary_large_image\" \/>\n<meta name=\"twitter:label1\" content=\"Gesch\u00e4tzte Lesezeit\" \/>\n\t<meta name=\"twitter:data1\" content=\"1\u00a0Minute\" \/>\n<script type=\"application\/ld+json\" class=\"yoast-schema-graph\">{\"@context\":\"https:\\\/\\\/schema.org\",\"@graph\":[{\"@type\":\"WebPage\",\"@id\":\"https:\\\/\\\/www.acetaiamarchi.com\\\/de\\\/produkt\\\/balsamico-essig-aus-modena-igp-classico-20\\\/\",\"url\":\"https:\\\/\\\/www.acetaiamarchi.com\\\/de\\\/produkt\\\/balsamico-essig-aus-modena-igp-classico-20\\\/\",\"name\":\"Balsamico-Essig aus Modena IGP - Classico 20 | Acetaia Marchi\",\"isPartOf\":{\"@id\":\"https:\\\/\\\/www.acetaiamarchi.com\\\/de\\\/#website\"},\"primaryImageOfPage\":{\"@id\":\"https:\\\/\\\/www.acetaiamarchi.com\\\/de\\\/produkt\\\/balsamico-essig-aus-modena-igp-classico-20\\\/#primaryimage\"},\"image\":{\"@id\":\"https:\\\/\\\/www.acetaiamarchi.com\\\/de\\\/produkt\\\/balsamico-essig-aus-modena-igp-classico-20\\\/#primaryimage\"},\"thumbnailUrl\":\"https:\\\/\\\/www.acetaiamarchi.com\\\/wp-content\\\/uploads\\\/2025\\\/03\\\/Aceto-Balsamico-di-Modena-IGP-Classico-20.jpg\",\"datePublished\":\"2025-03-25T13:18:08+00:00\",\"dateModified\":\"2025-12-18T09:17:09+00:00\",\"description\":\"Produzione e vendita di Aceto balsamico di Modena IGP prodotto con une autoctone di Trebbiano e Lambruschi. Invecchiato in botti in legno.\",\"breadcrumb\":{\"@id\":\"https:\\\/\\\/www.acetaiamarchi.com\\\/de\\\/produkt\\\/balsamico-essig-aus-modena-igp-classico-20\\\/#breadcrumb\"},\"inLanguage\":\"de\",\"potentialAction\":[{\"@type\":\"ReadAction\",\"target\":[\"https:\\\/\\\/www.acetaiamarchi.com\\\/de\\\/produkt\\\/balsamico-essig-aus-modena-igp-classico-20\\\/\"]}]},{\"@type\":\"ImageObject\",\"inLanguage\":\"de\",\"@id\":\"https:\\\/\\\/www.acetaiamarchi.com\\\/de\\\/produkt\\\/balsamico-essig-aus-modena-igp-classico-20\\\/#primaryimage\",\"url\":\"https:\\\/\\\/www.acetaiamarchi.com\\\/wp-content\\\/uploads\\\/2025\\\/03\\\/Aceto-Balsamico-di-Modena-IGP-Classico-20.jpg\",\"contentUrl\":\"https:\\\/\\\/www.acetaiamarchi.com\\\/wp-content\\\/uploads\\\/2025\\\/03\\\/Aceto-Balsamico-di-Modena-IGP-Classico-20.jpg\",\"width\":1600,\"height\":1600,\"caption\":\"Aceto Balsamico di Modena IGP - Classico 20\"},{\"@type\":\"BreadcrumbList\",\"@id\":\"https:\\\/\\\/www.acetaiamarchi.com\\\/de\\\/produkt\\\/balsamico-essig-aus-modena-igp-classico-20\\\/#breadcrumb\",\"itemListElement\":[{\"@type\":\"ListItem\",\"position\":1,\"name\":\"Home\",\"item\":\"https:\\\/\\\/www.acetaiamarchi.com\\\/de\\\/\"},{\"@type\":\"ListItem\",\"position\":2,\"name\":\"Produkte\",\"item\":\"https:\\\/\\\/www.acetaiamarchi.com\\\/de\\\/shop\\\/\"},{\"@type\":\"ListItem\",\"position\":3,\"name\":\"Balsamico-Essig aus Modena IGP &#8211; Classico 20\"}]},{\"@type\":\"WebSite\",\"@id\":\"https:\\\/\\\/www.acetaiamarchi.com\\\/de\\\/#website\",\"url\":\"https:\\\/\\\/www.acetaiamarchi.com\\\/de\\\/\",\"name\":\"Acetaia Marchi Srl\",\"description\":\"\",\"publisher\":{\"@id\":\"https:\\\/\\\/www.acetaiamarchi.com\\\/de\\\/#organization\"},\"potentialAction\":[{\"@type\":\"SearchAction\",\"target\":{\"@type\":\"EntryPoint\",\"urlTemplate\":\"https:\\\/\\\/www.acetaiamarchi.com\\\/de\\\/?s={search_term_string}\"},\"query-input\":{\"@type\":\"PropertyValueSpecification\",\"valueRequired\":true,\"valueName\":\"search_term_string\"}}],\"inLanguage\":\"de\"},{\"@type\":\"Organization\",\"@id\":\"https:\\\/\\\/www.acetaiamarchi.com\\\/de\\\/#organization\",\"name\":\"Acetaia Marchi Srl\",\"url\":\"https:\\\/\\\/www.acetaiamarchi.com\\\/de\\\/\",\"logo\":{\"@type\":\"ImageObject\",\"inLanguage\":\"de\",\"@id\":\"https:\\\/\\\/www.acetaiamarchi.com\\\/de\\\/#\\\/schema\\\/logo\\\/image\\\/\",\"url\":\"https:\\\/\\\/acetaiamarchi.com\\\/wp-content\\\/uploads\\\/2025\\\/03\\\/Acetaia-Marchi-Srl-Logo.png\",\"contentUrl\":\"https:\\\/\\\/acetaiamarchi.com\\\/wp-content\\\/uploads\\\/2025\\\/03\\\/Acetaia-Marchi-Srl-Logo.png\",\"width\":2000,\"height\":2000,\"caption\":\"Acetaia Marchi Srl\"},\"image\":{\"@id\":\"https:\\\/\\\/www.acetaiamarchi.com\\\/de\\\/#\\\/schema\\\/logo\\\/image\\\/\"}}]}<\/script>\n<!-- \/ Yoast SEO plugin. -->","yoast_head_json":{"title":"Balsamico-Essig aus Modena IGP - Classico 20 | Acetaia Marchi","description":"Produzione e vendita di Aceto balsamico di Modena IGP prodotto con une autoctone di Trebbiano e Lambruschi. Invecchiato in botti in legno.","robots":{"index":"index","follow":"follow","max-snippet":"max-snippet:-1","max-image-preview":"max-image-preview:large","max-video-preview":"max-video-preview:-1"},"canonical":"https:\/\/www.acetaiamarchi.com\/de\/produkt\/balsamico-essig-aus-modena-igp-classico-20\/","og_locale":"de_DE","og_type":"article","og_title":"Balsamico-Essig aus Modena IGP - Classico 20 | Acetaia Marchi","og_description":"Produzione e vendita di Aceto balsamico di Modena IGP prodotto con une autoctone di Trebbiano e Lambruschi. Invecchiato in botti in legno.","og_url":"https:\/\/www.acetaiamarchi.com\/de\/produkt\/balsamico-essig-aus-modena-igp-classico-20\/","og_site_name":"Acetaia Marchi","article_modified_time":"2025-12-18T09:17:09+00:00","og_image":[{"width":1600,"height":1600,"url":"https:\/\/www.acetaiamarchi.com\/wp-content\/uploads\/2025\/03\/Aceto-Balsamico-di-Modena-IGP-Classico-20.jpg","type":"image\/jpeg"}],"twitter_card":"summary_large_image","twitter_misc":{"Gesch\u00e4tzte Lesezeit":"1\u00a0Minute"},"schema":{"@context":"https:\/\/schema.org","@graph":[{"@type":"WebPage","@id":"https:\/\/www.acetaiamarchi.com\/de\/produkt\/balsamico-essig-aus-modena-igp-classico-20\/","url":"https:\/\/www.acetaiamarchi.com\/de\/produkt\/balsamico-essig-aus-modena-igp-classico-20\/","name":"Balsamico-Essig aus Modena IGP - Classico 20 | Acetaia Marchi","isPartOf":{"@id":"https:\/\/www.acetaiamarchi.com\/de\/#website"},"primaryImageOfPage":{"@id":"https:\/\/www.acetaiamarchi.com\/de\/produkt\/balsamico-essig-aus-modena-igp-classico-20\/#primaryimage"},"image":{"@id":"https:\/\/www.acetaiamarchi.com\/de\/produkt\/balsamico-essig-aus-modena-igp-classico-20\/#primaryimage"},"thumbnailUrl":"https:\/\/www.acetaiamarchi.com\/wp-content\/uploads\/2025\/03\/Aceto-Balsamico-di-Modena-IGP-Classico-20.jpg","datePublished":"2025-03-25T13:18:08+00:00","dateModified":"2025-12-18T09:17:09+00:00","description":"Produzione e vendita di Aceto balsamico di Modena IGP prodotto con une autoctone di Trebbiano e Lambruschi. Invecchiato in botti in legno.","breadcrumb":{"@id":"https:\/\/www.acetaiamarchi.com\/de\/produkt\/balsamico-essig-aus-modena-igp-classico-20\/#breadcrumb"},"inLanguage":"de","potentialAction":[{"@type":"ReadAction","target":["https:\/\/www.acetaiamarchi.com\/de\/produkt\/balsamico-essig-aus-modena-igp-classico-20\/"]}]},{"@type":"ImageObject","inLanguage":"de","@id":"https:\/\/www.acetaiamarchi.com\/de\/produkt\/balsamico-essig-aus-modena-igp-classico-20\/#primaryimage","url":"https:\/\/www.acetaiamarchi.com\/wp-content\/uploads\/2025\/03\/Aceto-Balsamico-di-Modena-IGP-Classico-20.jpg","contentUrl":"https:\/\/www.acetaiamarchi.com\/wp-content\/uploads\/2025\/03\/Aceto-Balsamico-di-Modena-IGP-Classico-20.jpg","width":1600,"height":1600,"caption":"Aceto Balsamico di Modena IGP - Classico 20"},{"@type":"BreadcrumbList","@id":"https:\/\/www.acetaiamarchi.com\/de\/produkt\/balsamico-essig-aus-modena-igp-classico-20\/#breadcrumb","itemListElement":[{"@type":"ListItem","position":1,"name":"Home","item":"https:\/\/www.acetaiamarchi.com\/de\/"},{"@type":"ListItem","position":2,"name":"Produkte","item":"https:\/\/www.acetaiamarchi.com\/de\/shop\/"},{"@type":"ListItem","position":3,"name":"Balsamico-Essig aus Modena IGP &#8211; Classico 20"}]},{"@type":"WebSite","@id":"https:\/\/www.acetaiamarchi.com\/de\/#website","url":"https:\/\/www.acetaiamarchi.com\/de\/","name":"Acetaia Marchi Srl","description":"","publisher":{"@id":"https:\/\/www.acetaiamarchi.com\/de\/#organization"},"potentialAction":[{"@type":"SearchAction","target":{"@type":"EntryPoint","urlTemplate":"https:\/\/www.acetaiamarchi.com\/de\/?s={search_term_string}"},"query-input":{"@type":"PropertyValueSpecification","valueRequired":true,"valueName":"search_term_string"}}],"inLanguage":"de"},{"@type":"Organization","@id":"https:\/\/www.acetaiamarchi.com\/de\/#organization","name":"Acetaia Marchi Srl","url":"https:\/\/www.acetaiamarchi.com\/de\/","logo":{"@type":"ImageObject","inLanguage":"de","@id":"https:\/\/www.acetaiamarchi.com\/de\/#\/schema\/logo\/image\/","url":"https:\/\/acetaiamarchi.com\/wp-content\/uploads\/2025\/03\/Acetaia-Marchi-Srl-Logo.png","contentUrl":"https:\/\/acetaiamarchi.com\/wp-content\/uploads\/2025\/03\/Acetaia-Marchi-Srl-Logo.png","width":2000,"height":2000,"caption":"Acetaia Marchi Srl"},"image":{"@id":"https:\/\/www.acetaiamarchi.com\/de\/#\/schema\/logo\/image\/"}}]}},"_links":{"self":[{"href":"https:\/\/www.acetaiamarchi.com\/de\/wp-json\/wp\/v2\/product\/8956","targetHints":{"allow":["GET"]}}],"collection":[{"href":"https:\/\/www.acetaiamarchi.com\/de\/wp-json\/wp\/v2\/product"}],"about":[{"href":"https:\/\/www.acetaiamarchi.com\/de\/wp-json\/wp\/v2\/types\/product"}],"version-history":[{"count":5,"href":"https:\/\/www.acetaiamarchi.com\/de\/wp-json\/wp\/v2\/product\/8956\/revisions"}],"predecessor-version":[{"id":11668,"href":"https:\/\/www.acetaiamarchi.com\/de\/wp-json\/wp\/v2\/product\/8956\/revisions\/11668"}],"wp:featuredmedia":[{"embeddable":true,"href":"https:\/\/www.acetaiamarchi.com\/de\/wp-json\/wp\/v2\/media\/1056"}],"wp:attachment":[{"href":"https:\/\/www.acetaiamarchi.com\/de\/wp-json\/wp\/v2\/media?parent=8956"}],"wp:term":[{"taxonomy":"product_brand","embeddable":true,"href":"https:\/\/www.acetaiamarchi.com\/de\/wp-json\/wp\/v2\/product_brand?post=8956"},{"taxonomy":"product_cat","embeddable":true,"href":"https:\/\/www.acetaiamarchi.com\/de\/wp-json\/wp\/v2\/product_cat?post=8956"},{"taxonomy":"product_tag","embeddable":true,"href":"https:\/\/www.acetaiamarchi.com\/de\/wp-json\/wp\/v2\/product_tag?post=8956"}],"curies":[{"name":"wp","href":"https:\/\/api.w.org\/{rel}","templated":true}]}}