{"id":8938,"date":"2025-03-25T11:35:47","date_gmt":"2025-03-25T10:35:47","guid":{"rendered":"https:\/\/www.acetaiamarchi.com\/prodotto\/aceto-balsamico-di-modena-igp-invecchiato-argento\/"},"modified":"2026-01-13T18:39:23","modified_gmt":"2026-01-13T17:39:23","slug":"aceto-balsamico-di-modena-igp-gereift-silber","status":"publish","type":"product","link":"https:\/\/www.acetaiamarchi.com\/de\/produkt\/aceto-balsamico-di-modena-igp-gereift-silber\/","title":{"rendered":"Aceto Balsamico di Modena IGP &#8211; Gereift Silber"},"content":{"rendered":"<p>Der <strong>Aceto Balsamico di Modena IGP Invecchiato Argento<\/strong> pr\u00e4sentiert sich als eines der prestigetr\u00e4chtigsten Produkte unserer Kollektion. Er ist das Ergebnis der <strong>hundertj\u00e4hrigen Erfahrung der Familie Marchi<\/strong> und entsteht durch einen langsamen Reifeprozess, der ihm eine intensive, klare und gl\u00e4nzende schwarze Farbe verleiht. Dieser Aceto Balsamico di Modena IGP Invecchiato schenkt einen <strong>harmonischen und runden Geschmack<\/strong>, begleitet von einer sehr angenehmen Essignote. Es handelt sich um ein Produkt von h\u00f6chster Qualit\u00e4t mit einzigartigen und unverwechselbaren organoleptischen Eigenschaften.<\/p>\n<p>Der Aceto Balsamico di Modena IGP Invecchiato Argento ist in einer eleganten 250-ml-Flasche mit Ausgie\u00dfer erh\u00e4ltlich, sowohl mit als auch ohne Verpackung.<\/p>\n<p>Gekochter Traubenmost, Weinessig. <strong>Enth\u00e4lt<\/strong> <strong>Sulfite<\/strong>. Nat\u00fcrliches Produkt, ohne Farbstoffe, Konservierungsstoffe und Zusatzstoffe.<\/p>\n<p><em><strong>In der K\u00fcche<\/strong><\/em>: Dieser Aceto Balsamico di Modena IGP Invecchiato ist hervorragend in Kombination mit Gem\u00fcse, gegrilltem Fleisch und milden K\u00e4sesorten.<\/p>\n","protected":false},"excerpt":{"rendered":"<p>Der gereifte Aceto Balsamico di Modena IGP Argento, erh\u00e4ltlich in einer eleganten 250-ml-Flasche mit Ausgie\u00dfer und in der Version mit oder ohne Schachtel.<\/p>\n<p>Gekochter Traubenmost, Weinessig. <strong>Enth\u00e4lt<\/strong> <strong>Sulfite<\/strong>. Nat\u00fcrliches Produkt, ohne Farbstoffe, Konservierungsstoffe und Zusatzstoffe.<\/p>\n","protected":false},"featured_media":1008,"template":"","meta":[],"product_brand":[],"product_cat":[488],"product_tag":[],"class_list":{"0":"post-8938","1":"product","2":"type-product","3":"status-publish","4":"has-post-thumbnail","6":"product_cat-die-siegel","8":"first","9":"instock","10":"featured","11":"shipping-taxable","12":"purchasable","13":"product-type-simple"},"yoast_head":"<!-- This site is optimized with the Yoast SEO plugin v27.3 - https:\/\/yoast.com\/product\/yoast-seo-wordpress\/ -->\n<title>Aceto Balsamico di Modena IGP - Gereift Silber | Acetaia Marchi<\/title>\n<meta name=\"description\" content=\"Vendita Aceto Balsamico di Modena IGP Invecchiato sigillo Argento. Ottimo con verdure, carni alla piastra e formaggi a pasta tenera.\" \/>\n<meta name=\"robots\" content=\"index, follow, max-snippet:-1, max-image-preview:large, max-video-preview:-1\" \/>\n<link rel=\"canonical\" href=\"https:\/\/www.acetaiamarchi.com\/de\/produkt\/aceto-balsamico-di-modena-igp-gereift-silber\/\" \/>\n<meta property=\"og:locale\" content=\"de_DE\" \/>\n<meta property=\"og:type\" content=\"article\" \/>\n<meta property=\"og:title\" content=\"Aceto Balsamico di Modena IGP - Gereift Silber | Acetaia Marchi\" \/>\n<meta property=\"og:description\" content=\"Vendita Aceto Balsamico di Modena IGP Invecchiato sigillo Argento. Ottimo con verdure, carni alla piastra e formaggi a pasta tenera.\" \/>\n<meta property=\"og:url\" content=\"https:\/\/www.acetaiamarchi.com\/de\/produkt\/aceto-balsamico-di-modena-igp-gereift-silber\/\" \/>\n<meta property=\"og:site_name\" content=\"Acetaia Marchi\" \/>\n<meta property=\"article:modified_time\" content=\"2026-01-13T17:39:23+00:00\" \/>\n<meta property=\"og:image\" content=\"https:\/\/www.acetaiamarchi.com\/wp-content\/uploads\/2025\/03\/Aceto-Balsamico-di-Modena-IGP-Invecchiato-Argento.jpg\" \/>\n\t<meta property=\"og:image:width\" content=\"1600\" \/>\n\t<meta property=\"og:image:height\" content=\"1600\" \/>\n\t<meta property=\"og:image:type\" content=\"image\/jpeg\" \/>\n<meta name=\"twitter:card\" content=\"summary_large_image\" \/>\n<meta name=\"twitter:label1\" content=\"Gesch\u00e4tzte Lesezeit\" \/>\n\t<meta name=\"twitter:data1\" content=\"1\u00a0Minute\" \/>\n<script type=\"application\/ld+json\" class=\"yoast-schema-graph\">{\"@context\":\"https:\\\/\\\/schema.org\",\"@graph\":[{\"@type\":\"WebPage\",\"@id\":\"https:\\\/\\\/www.acetaiamarchi.com\\\/de\\\/produkt\\\/aceto-balsamico-di-modena-igp-gereift-silber\\\/\",\"url\":\"https:\\\/\\\/www.acetaiamarchi.com\\\/de\\\/produkt\\\/aceto-balsamico-di-modena-igp-gereift-silber\\\/\",\"name\":\"Aceto Balsamico di Modena IGP - Gereift Silber | Acetaia Marchi\",\"isPartOf\":{\"@id\":\"https:\\\/\\\/www.acetaiamarchi.com\\\/de\\\/#website\"},\"primaryImageOfPage\":{\"@id\":\"https:\\\/\\\/www.acetaiamarchi.com\\\/de\\\/produkt\\\/aceto-balsamico-di-modena-igp-gereift-silber\\\/#primaryimage\"},\"image\":{\"@id\":\"https:\\\/\\\/www.acetaiamarchi.com\\\/de\\\/produkt\\\/aceto-balsamico-di-modena-igp-gereift-silber\\\/#primaryimage\"},\"thumbnailUrl\":\"https:\\\/\\\/www.acetaiamarchi.com\\\/wp-content\\\/uploads\\\/2025\\\/03\\\/Aceto-Balsamico-di-Modena-IGP-Invecchiato-Argento.jpg\",\"datePublished\":\"2025-03-25T10:35:47+00:00\",\"dateModified\":\"2026-01-13T17:39:23+00:00\",\"description\":\"Vendita Aceto Balsamico di Modena IGP Invecchiato sigillo Argento. Ottimo con verdure, carni alla piastra e formaggi a pasta tenera.\",\"breadcrumb\":{\"@id\":\"https:\\\/\\\/www.acetaiamarchi.com\\\/de\\\/produkt\\\/aceto-balsamico-di-modena-igp-gereift-silber\\\/#breadcrumb\"},\"inLanguage\":\"de\",\"potentialAction\":[{\"@type\":\"ReadAction\",\"target\":[\"https:\\\/\\\/www.acetaiamarchi.com\\\/de\\\/produkt\\\/aceto-balsamico-di-modena-igp-gereift-silber\\\/\"]}]},{\"@type\":\"ImageObject\",\"inLanguage\":\"de\",\"@id\":\"https:\\\/\\\/www.acetaiamarchi.com\\\/de\\\/produkt\\\/aceto-balsamico-di-modena-igp-gereift-silber\\\/#primaryimage\",\"url\":\"https:\\\/\\\/www.acetaiamarchi.com\\\/wp-content\\\/uploads\\\/2025\\\/03\\\/Aceto-Balsamico-di-Modena-IGP-Invecchiato-Argento.jpg\",\"contentUrl\":\"https:\\\/\\\/www.acetaiamarchi.com\\\/wp-content\\\/uploads\\\/2025\\\/03\\\/Aceto-Balsamico-di-Modena-IGP-Invecchiato-Argento.jpg\",\"width\":1600,\"height\":1600,\"caption\":\"Aceto Balsamico di Modena IGP Invecchiato Argento\"},{\"@type\":\"BreadcrumbList\",\"@id\":\"https:\\\/\\\/www.acetaiamarchi.com\\\/de\\\/produkt\\\/aceto-balsamico-di-modena-igp-gereift-silber\\\/#breadcrumb\",\"itemListElement\":[{\"@type\":\"ListItem\",\"position\":1,\"name\":\"Home\",\"item\":\"https:\\\/\\\/www.acetaiamarchi.com\\\/de\\\/\"},{\"@type\":\"ListItem\",\"position\":2,\"name\":\"Produkte\",\"item\":\"https:\\\/\\\/www.acetaiamarchi.com\\\/de\\\/shop\\\/\"},{\"@type\":\"ListItem\",\"position\":3,\"name\":\"Aceto Balsamico di Modena IGP &#8211; Gereift Silber\"}]},{\"@type\":\"WebSite\",\"@id\":\"https:\\\/\\\/www.acetaiamarchi.com\\\/de\\\/#website\",\"url\":\"https:\\\/\\\/www.acetaiamarchi.com\\\/de\\\/\",\"name\":\"Acetaia Marchi Srl\",\"description\":\"\",\"publisher\":{\"@id\":\"https:\\\/\\\/www.acetaiamarchi.com\\\/de\\\/#organization\"},\"potentialAction\":[{\"@type\":\"SearchAction\",\"target\":{\"@type\":\"EntryPoint\",\"urlTemplate\":\"https:\\\/\\\/www.acetaiamarchi.com\\\/de\\\/?s={search_term_string}\"},\"query-input\":{\"@type\":\"PropertyValueSpecification\",\"valueRequired\":true,\"valueName\":\"search_term_string\"}}],\"inLanguage\":\"de\"},{\"@type\":\"Organization\",\"@id\":\"https:\\\/\\\/www.acetaiamarchi.com\\\/de\\\/#organization\",\"name\":\"Acetaia Marchi Srl\",\"url\":\"https:\\\/\\\/www.acetaiamarchi.com\\\/de\\\/\",\"logo\":{\"@type\":\"ImageObject\",\"inLanguage\":\"de\",\"@id\":\"https:\\\/\\\/www.acetaiamarchi.com\\\/de\\\/#\\\/schema\\\/logo\\\/image\\\/\",\"url\":\"https:\\\/\\\/acetaiamarchi.com\\\/wp-content\\\/uploads\\\/2025\\\/03\\\/Acetaia-Marchi-Srl-Logo.png\",\"contentUrl\":\"https:\\\/\\\/acetaiamarchi.com\\\/wp-content\\\/uploads\\\/2025\\\/03\\\/Acetaia-Marchi-Srl-Logo.png\",\"width\":2000,\"height\":2000,\"caption\":\"Acetaia Marchi Srl\"},\"image\":{\"@id\":\"https:\\\/\\\/www.acetaiamarchi.com\\\/de\\\/#\\\/schema\\\/logo\\\/image\\\/\"}}]}<\/script>\n<!-- \/ Yoast SEO plugin. -->","yoast_head_json":{"title":"Aceto Balsamico di Modena IGP - Gereift Silber | Acetaia Marchi","description":"Vendita Aceto Balsamico di Modena IGP Invecchiato sigillo Argento. Ottimo con verdure, carni alla piastra e formaggi a pasta tenera.","robots":{"index":"index","follow":"follow","max-snippet":"max-snippet:-1","max-image-preview":"max-image-preview:large","max-video-preview":"max-video-preview:-1"},"canonical":"https:\/\/www.acetaiamarchi.com\/de\/produkt\/aceto-balsamico-di-modena-igp-gereift-silber\/","og_locale":"de_DE","og_type":"article","og_title":"Aceto Balsamico di Modena IGP - Gereift Silber | Acetaia Marchi","og_description":"Vendita Aceto Balsamico di Modena IGP Invecchiato sigillo Argento. Ottimo con verdure, carni alla piastra e formaggi a pasta tenera.","og_url":"https:\/\/www.acetaiamarchi.com\/de\/produkt\/aceto-balsamico-di-modena-igp-gereift-silber\/","og_site_name":"Acetaia Marchi","article_modified_time":"2026-01-13T17:39:23+00:00","og_image":[{"width":1600,"height":1600,"url":"https:\/\/www.acetaiamarchi.com\/wp-content\/uploads\/2025\/03\/Aceto-Balsamico-di-Modena-IGP-Invecchiato-Argento.jpg","type":"image\/jpeg"}],"twitter_card":"summary_large_image","twitter_misc":{"Gesch\u00e4tzte Lesezeit":"1\u00a0Minute"},"schema":{"@context":"https:\/\/schema.org","@graph":[{"@type":"WebPage","@id":"https:\/\/www.acetaiamarchi.com\/de\/produkt\/aceto-balsamico-di-modena-igp-gereift-silber\/","url":"https:\/\/www.acetaiamarchi.com\/de\/produkt\/aceto-balsamico-di-modena-igp-gereift-silber\/","name":"Aceto Balsamico di Modena IGP - Gereift Silber | Acetaia Marchi","isPartOf":{"@id":"https:\/\/www.acetaiamarchi.com\/de\/#website"},"primaryImageOfPage":{"@id":"https:\/\/www.acetaiamarchi.com\/de\/produkt\/aceto-balsamico-di-modena-igp-gereift-silber\/#primaryimage"},"image":{"@id":"https:\/\/www.acetaiamarchi.com\/de\/produkt\/aceto-balsamico-di-modena-igp-gereift-silber\/#primaryimage"},"thumbnailUrl":"https:\/\/www.acetaiamarchi.com\/wp-content\/uploads\/2025\/03\/Aceto-Balsamico-di-Modena-IGP-Invecchiato-Argento.jpg","datePublished":"2025-03-25T10:35:47+00:00","dateModified":"2026-01-13T17:39:23+00:00","description":"Vendita Aceto Balsamico di Modena IGP Invecchiato sigillo Argento. Ottimo con verdure, carni alla piastra e formaggi a pasta tenera.","breadcrumb":{"@id":"https:\/\/www.acetaiamarchi.com\/de\/produkt\/aceto-balsamico-di-modena-igp-gereift-silber\/#breadcrumb"},"inLanguage":"de","potentialAction":[{"@type":"ReadAction","target":["https:\/\/www.acetaiamarchi.com\/de\/produkt\/aceto-balsamico-di-modena-igp-gereift-silber\/"]}]},{"@type":"ImageObject","inLanguage":"de","@id":"https:\/\/www.acetaiamarchi.com\/de\/produkt\/aceto-balsamico-di-modena-igp-gereift-silber\/#primaryimage","url":"https:\/\/www.acetaiamarchi.com\/wp-content\/uploads\/2025\/03\/Aceto-Balsamico-di-Modena-IGP-Invecchiato-Argento.jpg","contentUrl":"https:\/\/www.acetaiamarchi.com\/wp-content\/uploads\/2025\/03\/Aceto-Balsamico-di-Modena-IGP-Invecchiato-Argento.jpg","width":1600,"height":1600,"caption":"Aceto Balsamico di Modena IGP Invecchiato Argento"},{"@type":"BreadcrumbList","@id":"https:\/\/www.acetaiamarchi.com\/de\/produkt\/aceto-balsamico-di-modena-igp-gereift-silber\/#breadcrumb","itemListElement":[{"@type":"ListItem","position":1,"name":"Home","item":"https:\/\/www.acetaiamarchi.com\/de\/"},{"@type":"ListItem","position":2,"name":"Produkte","item":"https:\/\/www.acetaiamarchi.com\/de\/shop\/"},{"@type":"ListItem","position":3,"name":"Aceto Balsamico di Modena IGP &#8211; Gereift Silber"}]},{"@type":"WebSite","@id":"https:\/\/www.acetaiamarchi.com\/de\/#website","url":"https:\/\/www.acetaiamarchi.com\/de\/","name":"Acetaia Marchi Srl","description":"","publisher":{"@id":"https:\/\/www.acetaiamarchi.com\/de\/#organization"},"potentialAction":[{"@type":"SearchAction","target":{"@type":"EntryPoint","urlTemplate":"https:\/\/www.acetaiamarchi.com\/de\/?s={search_term_string}"},"query-input":{"@type":"PropertyValueSpecification","valueRequired":true,"valueName":"search_term_string"}}],"inLanguage":"de"},{"@type":"Organization","@id":"https:\/\/www.acetaiamarchi.com\/de\/#organization","name":"Acetaia Marchi Srl","url":"https:\/\/www.acetaiamarchi.com\/de\/","logo":{"@type":"ImageObject","inLanguage":"de","@id":"https:\/\/www.acetaiamarchi.com\/de\/#\/schema\/logo\/image\/","url":"https:\/\/acetaiamarchi.com\/wp-content\/uploads\/2025\/03\/Acetaia-Marchi-Srl-Logo.png","contentUrl":"https:\/\/acetaiamarchi.com\/wp-content\/uploads\/2025\/03\/Acetaia-Marchi-Srl-Logo.png","width":2000,"height":2000,"caption":"Acetaia Marchi Srl"},"image":{"@id":"https:\/\/www.acetaiamarchi.com\/de\/#\/schema\/logo\/image\/"}}]}},"_links":{"self":[{"href":"https:\/\/www.acetaiamarchi.com\/de\/wp-json\/wp\/v2\/product\/8938","targetHints":{"allow":["GET"]}}],"collection":[{"href":"https:\/\/www.acetaiamarchi.com\/de\/wp-json\/wp\/v2\/product"}],"about":[{"href":"https:\/\/www.acetaiamarchi.com\/de\/wp-json\/wp\/v2\/types\/product"}],"version-history":[{"count":3,"href":"https:\/\/www.acetaiamarchi.com\/de\/wp-json\/wp\/v2\/product\/8938\/revisions"}],"predecessor-version":[{"id":11632,"href":"https:\/\/www.acetaiamarchi.com\/de\/wp-json\/wp\/v2\/product\/8938\/revisions\/11632"}],"wp:featuredmedia":[{"embeddable":true,"href":"https:\/\/www.acetaiamarchi.com\/de\/wp-json\/wp\/v2\/media\/1008"}],"wp:attachment":[{"href":"https:\/\/www.acetaiamarchi.com\/de\/wp-json\/wp\/v2\/media?parent=8938"}],"wp:term":[{"taxonomy":"product_brand","embeddable":true,"href":"https:\/\/www.acetaiamarchi.com\/de\/wp-json\/wp\/v2\/product_brand?post=8938"},{"taxonomy":"product_cat","embeddable":true,"href":"https:\/\/www.acetaiamarchi.com\/de\/wp-json\/wp\/v2\/product_cat?post=8938"},{"taxonomy":"product_tag","embeddable":true,"href":"https:\/\/www.acetaiamarchi.com\/de\/wp-json\/wp\/v2\/product_tag?post=8938"}],"curies":[{"name":"wp","href":"https:\/\/api.w.org\/{rel}","templated":true}]}}