{"id":8886,"date":"2025-03-21T10:53:12","date_gmt":"2025-03-21T09:53:12","guid":{"rendered":"https:\/\/www.acetaiamarchi.com\/prodotto\/aceto-balsamico-tradizionale-di-modena-dop-extravecchio-coffanetto-calamita-oro\/"},"modified":"2025-11-20T11:53:35","modified_gmt":"2025-11-20T10:53:35","slug":"traditioneller-balsamicoessig-aus-modena-dop-extravechio-goldgeschenkbox","status":"publish","type":"product","link":"https:\/\/www.acetaiamarchi.com\/de\/produkt\/traditioneller-balsamicoessig-aus-modena-dop-extravechio-goldgeschenkbox\/","title":{"rendered":"Traditioneller Balsamicoessig aus Modena DOP Extravechio &#8211; Goldgeschenkbox"},"content":{"rendered":"<p>Der <strong>Traditionelle Balsamico-Essig aus Modena DOP Extravecchio<\/strong> besticht durch seinen einzigartigen Geschmack, der auf seine zertifizierte Mindestlagerung von <strong>25 Jahren<\/strong> zur\u00fcckzuf\u00fchren ist. Er wurde aus autochthonen Lambrusco- und Trebbiano-Trauben aus den Familienweing\u00fctern gewonnen und in F\u00e4ssern aus edlen H\u00f6lzern wie Eiche, Kastanie, Akazie, Kirsche, Robinie, Esche und Maulbeerbaum gereift.<\/p>\n<p>Er pr\u00e4sentiert sich elegant mit einer <strong>hochwertigen Verpackung<\/strong>, die unser Produkt noch wertvoller macht und es f\u00fcr die exklusivsten Geschenke geeignet macht.<\/p>\n<p>Im Inneren finden Sie die typische Flasche, die kugelf\u00f6rmig mit rechteckigem Boden aus massivem Glas ist und exklusiv vom Designer Giugiaro entworfen wurde.<br \/>\nDie Verwendung dieser Flaschenart f\u00fcr den Traditionellen Balsamico-Essig aus Modena DOP ist f\u00fcr alle Hersteller verpflichtend, da dies in den Produktionsvorschriften festgelegt ist.<\/p>\n<p>Die Flasche ist mit dem <strong>nummerierten Siegel der Zertifizierungsstelle<\/strong> versiegelt.<br \/>\nDie Verpackung enth\u00e4lt das <strong>Consortium-Heft<\/strong> in verschiedenen Sprachen, den Ausgie\u00dfer und den wertvollen Keramikl\u00f6ffel.<\/p>\n<p><em><strong>In der K\u00fcche:<\/strong><\/em> Perfekt f\u00fcr Verkostungen Tropfen f\u00fcr Tropfen. Aufgrund seines hohen Wertes ist dieses Produkt besonders geeignet, um Parmigiano Reggiano, Erdbeeren oder handwerklich hergestelltes Eis zu begleiten.<\/p>\n","protected":false},"excerpt":{"rendered":"<p>Dieser Tradizionelle Balsamico-Essig aus Modena DOP hat eine <strong>zertifizierte Mindestlagerung von 25 Jahren.<\/strong><\/p>\n<p>Die typische Flasche, kugelf\u00f6rmig mit rechteckigem Sockel aus massivem Glas, exklusiv vom Designer Giugiaro entworfen, ist f\u00fcr alle Hersteller verpflichtend, wie in den Produktionsvorschriften festgelegt, und ist mit einem nummerierten Siegel verschlossen.<br \/>\nDie Verpackung enth\u00e4lt das Konsortiumsheft in mehreren Sprachen. Der Ausgie\u00dfer und der wertvolle Keramikl\u00f6ffel sind ebenfalls enthalten.<\/p>\n","protected":false},"featured_media":811,"template":"","meta":[],"product_brand":[],"product_cat":[482,510],"product_tag":[],"class_list":{"0":"post-8886","1":"product","2":"type-product","3":"status-publish","4":"has-post-thumbnail","6":"product_cat-die-traditionellen","7":"product_cat-geschenkpackungen","9":"first","10":"instock","11":"featured","12":"shipping-taxable","13":"purchasable","14":"product-type-simple"},"yoast_head":"<!-- This site is optimized with the Yoast SEO plugin v27.4 - https:\/\/yoast.com\/product\/yoast-seo-wordpress\/ -->\n<title>Aceto Balsamico Tradizionale di Modena DOP Extravecchio<\/title>\n<meta name=\"description\" content=\"Acetaia MArchi Srl: Produzione e vendita Aceto Balsamico Tradizionale di Modena DOP Extravecchio. Prodotto con invecchiamento minimo certificato di 25 anni.\" \/>\n<meta name=\"robots\" content=\"index, follow, max-snippet:-1, max-image-preview:large, max-video-preview:-1\" \/>\n<link rel=\"canonical\" href=\"https:\/\/www.acetaiamarchi.com\/de\/produkt\/traditioneller-balsamicoessig-aus-modena-dop-extravechio-goldgeschenkbox\/\" \/>\n<meta property=\"og:locale\" content=\"de_DE\" \/>\n<meta property=\"og:type\" content=\"article\" \/>\n<meta property=\"og:title\" content=\"Aceto Balsamico Tradizionale di Modena DOP Extravecchio\" \/>\n<meta property=\"og:description\" content=\"Acetaia MArchi Srl: Produzione e vendita Aceto Balsamico Tradizionale di Modena DOP Extravecchio. Prodotto con invecchiamento minimo certificato di 25 anni.\" \/>\n<meta property=\"og:url\" content=\"https:\/\/www.acetaiamarchi.com\/de\/produkt\/traditioneller-balsamicoessig-aus-modena-dop-extravechio-goldgeschenkbox\/\" \/>\n<meta property=\"og:site_name\" content=\"Acetaia Marchi\" \/>\n<meta property=\"article:modified_time\" content=\"2025-11-20T10:53:35+00:00\" \/>\n<meta property=\"og:image\" content=\"https:\/\/www.acetaiamarchi.com\/wp-content\/uploads\/2025\/03\/Aceto-Balsamico-Tradizionale-di-Modena-DOP-Extravecchio-scatola-oro.jpg\" \/>\n\t<meta property=\"og:image:width\" content=\"1600\" \/>\n\t<meta property=\"og:image:height\" content=\"1600\" \/>\n\t<meta property=\"og:image:type\" content=\"image\/jpeg\" \/>\n<meta name=\"twitter:card\" content=\"summary_large_image\" \/>\n<meta name=\"twitter:label1\" content=\"Gesch\u00e4tzte Lesezeit\" \/>\n\t<meta name=\"twitter:data1\" content=\"2\u00a0Minuten\" \/>\n<script type=\"application\/ld+json\" class=\"yoast-schema-graph\">{\"@context\":\"https:\\\/\\\/schema.org\",\"@graph\":[{\"@type\":\"WebPage\",\"@id\":\"https:\\\/\\\/www.acetaiamarchi.com\\\/de\\\/produkt\\\/traditioneller-balsamicoessig-aus-modena-dop-extravechio-goldgeschenkbox\\\/\",\"url\":\"https:\\\/\\\/www.acetaiamarchi.com\\\/de\\\/produkt\\\/traditioneller-balsamicoessig-aus-modena-dop-extravechio-goldgeschenkbox\\\/\",\"name\":\"Aceto Balsamico Tradizionale di Modena DOP Extravecchio\",\"isPartOf\":{\"@id\":\"https:\\\/\\\/www.acetaiamarchi.com\\\/de\\\/#website\"},\"primaryImageOfPage\":{\"@id\":\"https:\\\/\\\/www.acetaiamarchi.com\\\/de\\\/produkt\\\/traditioneller-balsamicoessig-aus-modena-dop-extravechio-goldgeschenkbox\\\/#primaryimage\"},\"image\":{\"@id\":\"https:\\\/\\\/www.acetaiamarchi.com\\\/de\\\/produkt\\\/traditioneller-balsamicoessig-aus-modena-dop-extravechio-goldgeschenkbox\\\/#primaryimage\"},\"thumbnailUrl\":\"https:\\\/\\\/www.acetaiamarchi.com\\\/wp-content\\\/uploads\\\/2025\\\/03\\\/Aceto-Balsamico-Tradizionale-di-Modena-DOP-Extravecchio-scatola-oro.jpg\",\"datePublished\":\"2025-03-21T09:53:12+00:00\",\"dateModified\":\"2025-11-20T10:53:35+00:00\",\"description\":\"Acetaia MArchi Srl: Produzione e vendita Aceto Balsamico Tradizionale di Modena DOP Extravecchio. Prodotto con invecchiamento minimo certificato di 25 anni.\",\"breadcrumb\":{\"@id\":\"https:\\\/\\\/www.acetaiamarchi.com\\\/de\\\/produkt\\\/traditioneller-balsamicoessig-aus-modena-dop-extravechio-goldgeschenkbox\\\/#breadcrumb\"},\"inLanguage\":\"de\",\"potentialAction\":[{\"@type\":\"ReadAction\",\"target\":[\"https:\\\/\\\/www.acetaiamarchi.com\\\/de\\\/produkt\\\/traditioneller-balsamicoessig-aus-modena-dop-extravechio-goldgeschenkbox\\\/\"]}]},{\"@type\":\"ImageObject\",\"inLanguage\":\"de\",\"@id\":\"https:\\\/\\\/www.acetaiamarchi.com\\\/de\\\/produkt\\\/traditioneller-balsamicoessig-aus-modena-dop-extravechio-goldgeschenkbox\\\/#primaryimage\",\"url\":\"https:\\\/\\\/www.acetaiamarchi.com\\\/wp-content\\\/uploads\\\/2025\\\/03\\\/Aceto-Balsamico-Tradizionale-di-Modena-DOP-Extravecchio-scatola-oro.jpg\",\"contentUrl\":\"https:\\\/\\\/www.acetaiamarchi.com\\\/wp-content\\\/uploads\\\/2025\\\/03\\\/Aceto-Balsamico-Tradizionale-di-Modena-DOP-Extravecchio-scatola-oro.jpg\",\"width\":1600,\"height\":1600,\"caption\":\"aceto balsamico tradizionale di modena DOP extravecchio scatola oro\"},{\"@type\":\"BreadcrumbList\",\"@id\":\"https:\\\/\\\/www.acetaiamarchi.com\\\/de\\\/produkt\\\/traditioneller-balsamicoessig-aus-modena-dop-extravechio-goldgeschenkbox\\\/#breadcrumb\",\"itemListElement\":[{\"@type\":\"ListItem\",\"position\":1,\"name\":\"Home\",\"item\":\"https:\\\/\\\/www.acetaiamarchi.com\\\/de\\\/\"},{\"@type\":\"ListItem\",\"position\":2,\"name\":\"Produkte\",\"item\":\"https:\\\/\\\/www.acetaiamarchi.com\\\/de\\\/shop\\\/\"},{\"@type\":\"ListItem\",\"position\":3,\"name\":\"Traditioneller Balsamicoessig aus Modena DOP Extravechio &#8211; Goldgeschenkbox\"}]},{\"@type\":\"WebSite\",\"@id\":\"https:\\\/\\\/www.acetaiamarchi.com\\\/de\\\/#website\",\"url\":\"https:\\\/\\\/www.acetaiamarchi.com\\\/de\\\/\",\"name\":\"Acetaia Marchi Srl\",\"description\":\"\",\"publisher\":{\"@id\":\"https:\\\/\\\/www.acetaiamarchi.com\\\/de\\\/#organization\"},\"potentialAction\":[{\"@type\":\"SearchAction\",\"target\":{\"@type\":\"EntryPoint\",\"urlTemplate\":\"https:\\\/\\\/www.acetaiamarchi.com\\\/de\\\/?s={search_term_string}\"},\"query-input\":{\"@type\":\"PropertyValueSpecification\",\"valueRequired\":true,\"valueName\":\"search_term_string\"}}],\"inLanguage\":\"de\"},{\"@type\":\"Organization\",\"@id\":\"https:\\\/\\\/www.acetaiamarchi.com\\\/de\\\/#organization\",\"name\":\"Acetaia Marchi Srl\",\"url\":\"https:\\\/\\\/www.acetaiamarchi.com\\\/de\\\/\",\"logo\":{\"@type\":\"ImageObject\",\"inLanguage\":\"de\",\"@id\":\"https:\\\/\\\/www.acetaiamarchi.com\\\/de\\\/#\\\/schema\\\/logo\\\/image\\\/\",\"url\":\"https:\\\/\\\/acetaiamarchi.com\\\/wp-content\\\/uploads\\\/2025\\\/03\\\/Acetaia-Marchi-Srl-Logo.png\",\"contentUrl\":\"https:\\\/\\\/acetaiamarchi.com\\\/wp-content\\\/uploads\\\/2025\\\/03\\\/Acetaia-Marchi-Srl-Logo.png\",\"width\":2000,\"height\":2000,\"caption\":\"Acetaia Marchi Srl\"},\"image\":{\"@id\":\"https:\\\/\\\/www.acetaiamarchi.com\\\/de\\\/#\\\/schema\\\/logo\\\/image\\\/\"}}]}<\/script>\n<!-- \/ Yoast SEO plugin. -->","yoast_head_json":{"title":"Aceto Balsamico Tradizionale di Modena DOP Extravecchio","description":"Acetaia MArchi Srl: Produzione e vendita Aceto Balsamico Tradizionale di Modena DOP Extravecchio. Prodotto con invecchiamento minimo certificato di 25 anni.","robots":{"index":"index","follow":"follow","max-snippet":"max-snippet:-1","max-image-preview":"max-image-preview:large","max-video-preview":"max-video-preview:-1"},"canonical":"https:\/\/www.acetaiamarchi.com\/de\/produkt\/traditioneller-balsamicoessig-aus-modena-dop-extravechio-goldgeschenkbox\/","og_locale":"de_DE","og_type":"article","og_title":"Aceto Balsamico Tradizionale di Modena DOP Extravecchio","og_description":"Acetaia MArchi Srl: Produzione e vendita Aceto Balsamico Tradizionale di Modena DOP Extravecchio. Prodotto con invecchiamento minimo certificato di 25 anni.","og_url":"https:\/\/www.acetaiamarchi.com\/de\/produkt\/traditioneller-balsamicoessig-aus-modena-dop-extravechio-goldgeschenkbox\/","og_site_name":"Acetaia Marchi","article_modified_time":"2025-11-20T10:53:35+00:00","og_image":[{"width":1600,"height":1600,"url":"https:\/\/www.acetaiamarchi.com\/wp-content\/uploads\/2025\/03\/Aceto-Balsamico-Tradizionale-di-Modena-DOP-Extravecchio-scatola-oro.jpg","type":"image\/jpeg"}],"twitter_card":"summary_large_image","twitter_misc":{"Gesch\u00e4tzte Lesezeit":"2\u00a0Minuten"},"schema":{"@context":"https:\/\/schema.org","@graph":[{"@type":"WebPage","@id":"https:\/\/www.acetaiamarchi.com\/de\/produkt\/traditioneller-balsamicoessig-aus-modena-dop-extravechio-goldgeschenkbox\/","url":"https:\/\/www.acetaiamarchi.com\/de\/produkt\/traditioneller-balsamicoessig-aus-modena-dop-extravechio-goldgeschenkbox\/","name":"Aceto Balsamico Tradizionale di Modena DOP Extravecchio","isPartOf":{"@id":"https:\/\/www.acetaiamarchi.com\/de\/#website"},"primaryImageOfPage":{"@id":"https:\/\/www.acetaiamarchi.com\/de\/produkt\/traditioneller-balsamicoessig-aus-modena-dop-extravechio-goldgeschenkbox\/#primaryimage"},"image":{"@id":"https:\/\/www.acetaiamarchi.com\/de\/produkt\/traditioneller-balsamicoessig-aus-modena-dop-extravechio-goldgeschenkbox\/#primaryimage"},"thumbnailUrl":"https:\/\/www.acetaiamarchi.com\/wp-content\/uploads\/2025\/03\/Aceto-Balsamico-Tradizionale-di-Modena-DOP-Extravecchio-scatola-oro.jpg","datePublished":"2025-03-21T09:53:12+00:00","dateModified":"2025-11-20T10:53:35+00:00","description":"Acetaia MArchi Srl: Produzione e vendita Aceto Balsamico Tradizionale di Modena DOP Extravecchio. Prodotto con invecchiamento minimo certificato di 25 anni.","breadcrumb":{"@id":"https:\/\/www.acetaiamarchi.com\/de\/produkt\/traditioneller-balsamicoessig-aus-modena-dop-extravechio-goldgeschenkbox\/#breadcrumb"},"inLanguage":"de","potentialAction":[{"@type":"ReadAction","target":["https:\/\/www.acetaiamarchi.com\/de\/produkt\/traditioneller-balsamicoessig-aus-modena-dop-extravechio-goldgeschenkbox\/"]}]},{"@type":"ImageObject","inLanguage":"de","@id":"https:\/\/www.acetaiamarchi.com\/de\/produkt\/traditioneller-balsamicoessig-aus-modena-dop-extravechio-goldgeschenkbox\/#primaryimage","url":"https:\/\/www.acetaiamarchi.com\/wp-content\/uploads\/2025\/03\/Aceto-Balsamico-Tradizionale-di-Modena-DOP-Extravecchio-scatola-oro.jpg","contentUrl":"https:\/\/www.acetaiamarchi.com\/wp-content\/uploads\/2025\/03\/Aceto-Balsamico-Tradizionale-di-Modena-DOP-Extravecchio-scatola-oro.jpg","width":1600,"height":1600,"caption":"aceto balsamico tradizionale di modena DOP extravecchio scatola oro"},{"@type":"BreadcrumbList","@id":"https:\/\/www.acetaiamarchi.com\/de\/produkt\/traditioneller-balsamicoessig-aus-modena-dop-extravechio-goldgeschenkbox\/#breadcrumb","itemListElement":[{"@type":"ListItem","position":1,"name":"Home","item":"https:\/\/www.acetaiamarchi.com\/de\/"},{"@type":"ListItem","position":2,"name":"Produkte","item":"https:\/\/www.acetaiamarchi.com\/de\/shop\/"},{"@type":"ListItem","position":3,"name":"Traditioneller Balsamicoessig aus Modena DOP Extravechio &#8211; Goldgeschenkbox"}]},{"@type":"WebSite","@id":"https:\/\/www.acetaiamarchi.com\/de\/#website","url":"https:\/\/www.acetaiamarchi.com\/de\/","name":"Acetaia Marchi Srl","description":"","publisher":{"@id":"https:\/\/www.acetaiamarchi.com\/de\/#organization"},"potentialAction":[{"@type":"SearchAction","target":{"@type":"EntryPoint","urlTemplate":"https:\/\/www.acetaiamarchi.com\/de\/?s={search_term_string}"},"query-input":{"@type":"PropertyValueSpecification","valueRequired":true,"valueName":"search_term_string"}}],"inLanguage":"de"},{"@type":"Organization","@id":"https:\/\/www.acetaiamarchi.com\/de\/#organization","name":"Acetaia Marchi Srl","url":"https:\/\/www.acetaiamarchi.com\/de\/","logo":{"@type":"ImageObject","inLanguage":"de","@id":"https:\/\/www.acetaiamarchi.com\/de\/#\/schema\/logo\/image\/","url":"https:\/\/acetaiamarchi.com\/wp-content\/uploads\/2025\/03\/Acetaia-Marchi-Srl-Logo.png","contentUrl":"https:\/\/acetaiamarchi.com\/wp-content\/uploads\/2025\/03\/Acetaia-Marchi-Srl-Logo.png","width":2000,"height":2000,"caption":"Acetaia Marchi Srl"},"image":{"@id":"https:\/\/www.acetaiamarchi.com\/de\/#\/schema\/logo\/image\/"}}]}},"_links":{"self":[{"href":"https:\/\/www.acetaiamarchi.com\/de\/wp-json\/wp\/v2\/product\/8886","targetHints":{"allow":["GET"]}}],"collection":[{"href":"https:\/\/www.acetaiamarchi.com\/de\/wp-json\/wp\/v2\/product"}],"about":[{"href":"https:\/\/www.acetaiamarchi.com\/de\/wp-json\/wp\/v2\/types\/product"}],"version-history":[{"count":3,"href":"https:\/\/www.acetaiamarchi.com\/de\/wp-json\/wp\/v2\/product\/8886\/revisions"}],"predecessor-version":[{"id":11701,"href":"https:\/\/www.acetaiamarchi.com\/de\/wp-json\/wp\/v2\/product\/8886\/revisions\/11701"}],"wp:featuredmedia":[{"embeddable":true,"href":"https:\/\/www.acetaiamarchi.com\/de\/wp-json\/wp\/v2\/media\/811"}],"wp:attachment":[{"href":"https:\/\/www.acetaiamarchi.com\/de\/wp-json\/wp\/v2\/media?parent=8886"}],"wp:term":[{"taxonomy":"product_brand","embeddable":true,"href":"https:\/\/www.acetaiamarchi.com\/de\/wp-json\/wp\/v2\/product_brand?post=8886"},{"taxonomy":"product_cat","embeddable":true,"href":"https:\/\/www.acetaiamarchi.com\/de\/wp-json\/wp\/v2\/product_cat?post=8886"},{"taxonomy":"product_tag","embeddable":true,"href":"https:\/\/www.acetaiamarchi.com\/de\/wp-json\/wp\/v2\/product_tag?post=8886"}],"curies":[{"name":"wp","href":"https:\/\/api.w.org\/{rel}","templated":true}]}}