{"id":8865,"date":"2025-03-21T10:23:05","date_gmt":"2025-03-21T09:23:05","guid":{"rendered":"https:\/\/www.acetaiamarchi.com\/prodotto\/aceto-balsamico-tradizionale-di-modena-dop-extravecchio-francesco-confezione-legno\/"},"modified":"2025-11-20T12:00:32","modified_gmt":"2025-11-20T11:00:32","slug":"traditioneller-balsamicoessig-aus-modena-dop-extravecchio-francesco-holzverpackung","status":"publish","type":"product","link":"https:\/\/www.acetaiamarchi.com\/de\/produkt\/traditioneller-balsamicoessig-aus-modena-dop-extravecchio-francesco-holzverpackung\/","title":{"rendered":"Traditioneller Balsamicoessig aus Modena DOP Extravecchio &#8211; Francesco &#8211; Holzverpackung"},"content":{"rendered":"<p>Der Tradizionelle Balsamico-Essig aus Modena DOP Extravecchio zeichnet sich durch seinen einzigartigen Geschmack aus, der gerade durch seine <strong>zertifizierte Mindestlagerung von 25 Jahren<\/strong> entsteht. Er wurde aus autochthonen Lambrusco- und Trebbiano-Trauben aus Modena gewonnen, die in den Familienweing\u00fctern angebaut werden, und in Batterien mit F\u00e4ssern aus edlen H\u00f6lzern wie Eiche, Kastanie, Akazie, Kirsche, Robinie, Esche und Maulbeerbaum gereift.<\/p>\n<p>Das hier genannte Schwarze Gold wird ausschlie\u00dflich aus den pers\u00f6nlichen Batterien des Gr\u00fcnders von Acetaia Marchi, Francesco Marchi, entnommen (daher der Name), da diese Batterien die ersten waren, die f\u00fcr die Reifung des Tradizionellen Balsamico-Essigs aus Modena DOP verwendet wurden und somit die \u00e4ltesten sind. Die entnehmbare Menge ist \u00e4u\u00dferst begrenzt, gleichzeitig handelt es sich jedoch um den besten Tradizionellen Balsamico-Essig aus Modena DOP Extravecchio.<\/p>\n<p>Er pr\u00e4sentiert sich edel in einer prestigetr\u00e4chtigen Holzschatulle, die an die Urspr\u00fcnge unseres Produkts erinnert und dazu gedacht ist, ihn noch wertvoller und geeignet f\u00fcr die anspruchsvollsten Geschenke zu machen.<\/p>\n<p>Im Inneren finden Sie die typische Flasche, kugelf\u00f6rmig mit rechteckigem Sockel aus massivem Glas, exklusiv vom <strong>Designer Giugiaro<\/strong> entworfen.<br \/>\nDie Verwendung dieses Flaschentypus f\u00fcr den Tradizionellen Balsamico-Essig aus Modena DOP ist f\u00fcr alle Hersteller verpflichtend, da dies in den Produktionsvorschriften vorgesehen ist. Die Flasche ist mit einem nummerierten Siegel der Zertifizierungsstelle versiegelt.<br \/>\nDie Verpackung enth\u00e4lt das Konsortiumsb\u00fcchlein in mehreren Sprachen.<\/p>\n<p><em><strong>In der K\u00fcche<\/strong><\/em>: Der Tradizionelle Balsamico-Essig aus Modena D.O.P. Extravecchio Francesco ist perfekt f\u00fcr Verkostungen Tropfen f\u00fcr Tropfen. Dieses prestigetr\u00e4chtige Produkt mit intensivem Geschmack eignet sich besonders gut zum Begleiten von Parmigiano Reggiano, Erdbeeren oder handwerklich hergestelltem Eis.<\/p>\n","protected":false},"excerpt":{"rendered":"<p>Dieser Traditionelle Balsamico-Essig aus Modena DOP hat eine <strong>zertifizierte Mindestlagerung von 25 Jahren<\/strong> und wird aus Lambrusco- und Trebbiano-Trauben gewonnen. Er reift in F\u00e4ssern aus verschiedenen H\u00f6lzern wie: Eiche, Kastanie, Akazie, Kirsche, Robinie, Esche und Maulbeerbaum.<br \/>\nDie typische Flasche, kugelf\u00f6rmig mit rechteckigem Boden aus massivem Glas, exklusiv vom Designer Giugiaro entworfen, ist f\u00fcr alle Hersteller verpflichtend, wie es die Vorschriften des Produktionsdisziplinars vorsehen, und wird mit einem nummerierten Siegel verschlossen.<\/p>\n<p>Die Verpackung enth\u00e4lt das Konsortiums-Heft in mehreren Sprachen. Der Ausgie\u00dfer und der wertvolle Keramikl\u00f6ffel sind ebenfalls enthalten.<\/p>\n","protected":false},"featured_media":802,"template":"","meta":[],"product_brand":[],"product_cat":[482,510],"product_tag":[],"class_list":{"0":"post-8865","1":"product","2":"type-product","3":"status-publish","4":"has-post-thumbnail","6":"product_cat-die-traditionellen","7":"product_cat-geschenkpackungen","9":"first","10":"instock","11":"featured","12":"shipping-taxable","13":"purchasable","14":"product-type-simple"},"yoast_head":"<!-- This site is optimized with the Yoast SEO plugin v27.4 - https:\/\/yoast.com\/product\/yoast-seo-wordpress\/ -->\n<title>Aceto Tradizionale di Modena DOP Extravecchio | Acetaia Marchi<\/title>\n<meta name=\"description\" content=\"Aceto Tradizionale di Modena DOP Extravecchio con scatola in legno, tappo dosatore e cucchiaio in ceramica per degustazione. Invecchiamento minimo 25 anni.\" \/>\n<meta name=\"robots\" content=\"index, follow, max-snippet:-1, max-image-preview:large, max-video-preview:-1\" \/>\n<link rel=\"canonical\" href=\"https:\/\/www.acetaiamarchi.com\/de\/produkt\/traditioneller-balsamicoessig-aus-modena-dop-extravecchio-francesco-holzverpackung\/\" \/>\n<meta property=\"og:locale\" content=\"de_DE\" \/>\n<meta property=\"og:type\" content=\"article\" \/>\n<meta property=\"og:title\" content=\"Aceto Tradizionale di Modena DOP Extravecchio | Acetaia Marchi\" \/>\n<meta property=\"og:description\" content=\"Aceto Tradizionale di Modena DOP Extravecchio con scatola in legno, tappo dosatore e cucchiaio in ceramica per degustazione. Invecchiamento minimo 25 anni.\" \/>\n<meta property=\"og:url\" content=\"https:\/\/www.acetaiamarchi.com\/de\/produkt\/traditioneller-balsamicoessig-aus-modena-dop-extravecchio-francesco-holzverpackung\/\" \/>\n<meta property=\"og:site_name\" content=\"Acetaia Marchi\" \/>\n<meta property=\"article:modified_time\" content=\"2025-11-20T11:00:32+00:00\" \/>\n<meta property=\"og:image\" content=\"https:\/\/www.acetaiamarchi.com\/wp-content\/uploads\/2025\/03\/Aceto-Balsamico-Tradizionale-di-Modena-DOP-Extravecchio-Francesco.jpg\" \/>\n\t<meta property=\"og:image:width\" content=\"1600\" \/>\n\t<meta property=\"og:image:height\" content=\"1600\" \/>\n\t<meta property=\"og:image:type\" content=\"image\/jpeg\" \/>\n<meta name=\"twitter:card\" content=\"summary_large_image\" \/>\n<meta name=\"twitter:label1\" content=\"Gesch\u00e4tzte Lesezeit\" \/>\n\t<meta name=\"twitter:data1\" content=\"2\u00a0Minuten\" \/>\n<script type=\"application\/ld+json\" class=\"yoast-schema-graph\">{\"@context\":\"https:\\\/\\\/schema.org\",\"@graph\":[{\"@type\":\"WebPage\",\"@id\":\"https:\\\/\\\/www.acetaiamarchi.com\\\/de\\\/produkt\\\/traditioneller-balsamicoessig-aus-modena-dop-extravecchio-francesco-holzverpackung\\\/\",\"url\":\"https:\\\/\\\/www.acetaiamarchi.com\\\/de\\\/produkt\\\/traditioneller-balsamicoessig-aus-modena-dop-extravecchio-francesco-holzverpackung\\\/\",\"name\":\"Aceto Tradizionale di Modena DOP Extravecchio | Acetaia Marchi\",\"isPartOf\":{\"@id\":\"https:\\\/\\\/www.acetaiamarchi.com\\\/de\\\/#website\"},\"primaryImageOfPage\":{\"@id\":\"https:\\\/\\\/www.acetaiamarchi.com\\\/de\\\/produkt\\\/traditioneller-balsamicoessig-aus-modena-dop-extravecchio-francesco-holzverpackung\\\/#primaryimage\"},\"image\":{\"@id\":\"https:\\\/\\\/www.acetaiamarchi.com\\\/de\\\/produkt\\\/traditioneller-balsamicoessig-aus-modena-dop-extravecchio-francesco-holzverpackung\\\/#primaryimage\"},\"thumbnailUrl\":\"https:\\\/\\\/www.acetaiamarchi.com\\\/wp-content\\\/uploads\\\/2025\\\/03\\\/Aceto-Balsamico-Tradizionale-di-Modena-DOP-Extravecchio-Francesco.jpg\",\"datePublished\":\"2025-03-21T09:23:05+00:00\",\"dateModified\":\"2025-11-20T11:00:32+00:00\",\"description\":\"Aceto Tradizionale di Modena DOP Extravecchio con scatola in legno, tappo dosatore e cucchiaio in ceramica per degustazione. Invecchiamento minimo 25 anni.\",\"breadcrumb\":{\"@id\":\"https:\\\/\\\/www.acetaiamarchi.com\\\/de\\\/produkt\\\/traditioneller-balsamicoessig-aus-modena-dop-extravecchio-francesco-holzverpackung\\\/#breadcrumb\"},\"inLanguage\":\"de\",\"potentialAction\":[{\"@type\":\"ReadAction\",\"target\":[\"https:\\\/\\\/www.acetaiamarchi.com\\\/de\\\/produkt\\\/traditioneller-balsamicoessig-aus-modena-dop-extravecchio-francesco-holzverpackung\\\/\"]}]},{\"@type\":\"ImageObject\",\"inLanguage\":\"de\",\"@id\":\"https:\\\/\\\/www.acetaiamarchi.com\\\/de\\\/produkt\\\/traditioneller-balsamicoessig-aus-modena-dop-extravecchio-francesco-holzverpackung\\\/#primaryimage\",\"url\":\"https:\\\/\\\/www.acetaiamarchi.com\\\/wp-content\\\/uploads\\\/2025\\\/03\\\/Aceto-Balsamico-Tradizionale-di-Modena-DOP-Extravecchio-Francesco.jpg\",\"contentUrl\":\"https:\\\/\\\/www.acetaiamarchi.com\\\/wp-content\\\/uploads\\\/2025\\\/03\\\/Aceto-Balsamico-Tradizionale-di-Modena-DOP-Extravecchio-Francesco.jpg\",\"width\":1600,\"height\":1600,\"caption\":\"aceto balsamico tradizionale di modena dop extravecchio francesco\"},{\"@type\":\"BreadcrumbList\",\"@id\":\"https:\\\/\\\/www.acetaiamarchi.com\\\/de\\\/produkt\\\/traditioneller-balsamicoessig-aus-modena-dop-extravecchio-francesco-holzverpackung\\\/#breadcrumb\",\"itemListElement\":[{\"@type\":\"ListItem\",\"position\":1,\"name\":\"Home\",\"item\":\"https:\\\/\\\/www.acetaiamarchi.com\\\/de\\\/\"},{\"@type\":\"ListItem\",\"position\":2,\"name\":\"Produkte\",\"item\":\"https:\\\/\\\/www.acetaiamarchi.com\\\/de\\\/shop\\\/\"},{\"@type\":\"ListItem\",\"position\":3,\"name\":\"Traditioneller Balsamicoessig aus Modena DOP Extravecchio &#8211; Francesco &#8211; Holzverpackung\"}]},{\"@type\":\"WebSite\",\"@id\":\"https:\\\/\\\/www.acetaiamarchi.com\\\/de\\\/#website\",\"url\":\"https:\\\/\\\/www.acetaiamarchi.com\\\/de\\\/\",\"name\":\"Acetaia Marchi Srl\",\"description\":\"\",\"publisher\":{\"@id\":\"https:\\\/\\\/www.acetaiamarchi.com\\\/de\\\/#organization\"},\"potentialAction\":[{\"@type\":\"SearchAction\",\"target\":{\"@type\":\"EntryPoint\",\"urlTemplate\":\"https:\\\/\\\/www.acetaiamarchi.com\\\/de\\\/?s={search_term_string}\"},\"query-input\":{\"@type\":\"PropertyValueSpecification\",\"valueRequired\":true,\"valueName\":\"search_term_string\"}}],\"inLanguage\":\"de\"},{\"@type\":\"Organization\",\"@id\":\"https:\\\/\\\/www.acetaiamarchi.com\\\/de\\\/#organization\",\"name\":\"Acetaia Marchi Srl\",\"url\":\"https:\\\/\\\/www.acetaiamarchi.com\\\/de\\\/\",\"logo\":{\"@type\":\"ImageObject\",\"inLanguage\":\"de\",\"@id\":\"https:\\\/\\\/www.acetaiamarchi.com\\\/de\\\/#\\\/schema\\\/logo\\\/image\\\/\",\"url\":\"https:\\\/\\\/acetaiamarchi.com\\\/wp-content\\\/uploads\\\/2025\\\/03\\\/Acetaia-Marchi-Srl-Logo.png\",\"contentUrl\":\"https:\\\/\\\/acetaiamarchi.com\\\/wp-content\\\/uploads\\\/2025\\\/03\\\/Acetaia-Marchi-Srl-Logo.png\",\"width\":2000,\"height\":2000,\"caption\":\"Acetaia Marchi Srl\"},\"image\":{\"@id\":\"https:\\\/\\\/www.acetaiamarchi.com\\\/de\\\/#\\\/schema\\\/logo\\\/image\\\/\"}}]}<\/script>\n<!-- \/ Yoast SEO plugin. -->","yoast_head_json":{"title":"Aceto Tradizionale di Modena DOP Extravecchio | Acetaia Marchi","description":"Aceto Tradizionale di Modena DOP Extravecchio con scatola in legno, tappo dosatore e cucchiaio in ceramica per degustazione. Invecchiamento minimo 25 anni.","robots":{"index":"index","follow":"follow","max-snippet":"max-snippet:-1","max-image-preview":"max-image-preview:large","max-video-preview":"max-video-preview:-1"},"canonical":"https:\/\/www.acetaiamarchi.com\/de\/produkt\/traditioneller-balsamicoessig-aus-modena-dop-extravecchio-francesco-holzverpackung\/","og_locale":"de_DE","og_type":"article","og_title":"Aceto Tradizionale di Modena DOP Extravecchio | Acetaia Marchi","og_description":"Aceto Tradizionale di Modena DOP Extravecchio con scatola in legno, tappo dosatore e cucchiaio in ceramica per degustazione. Invecchiamento minimo 25 anni.","og_url":"https:\/\/www.acetaiamarchi.com\/de\/produkt\/traditioneller-balsamicoessig-aus-modena-dop-extravecchio-francesco-holzverpackung\/","og_site_name":"Acetaia Marchi","article_modified_time":"2025-11-20T11:00:32+00:00","og_image":[{"width":1600,"height":1600,"url":"https:\/\/www.acetaiamarchi.com\/wp-content\/uploads\/2025\/03\/Aceto-Balsamico-Tradizionale-di-Modena-DOP-Extravecchio-Francesco.jpg","type":"image\/jpeg"}],"twitter_card":"summary_large_image","twitter_misc":{"Gesch\u00e4tzte Lesezeit":"2\u00a0Minuten"},"schema":{"@context":"https:\/\/schema.org","@graph":[{"@type":"WebPage","@id":"https:\/\/www.acetaiamarchi.com\/de\/produkt\/traditioneller-balsamicoessig-aus-modena-dop-extravecchio-francesco-holzverpackung\/","url":"https:\/\/www.acetaiamarchi.com\/de\/produkt\/traditioneller-balsamicoessig-aus-modena-dop-extravecchio-francesco-holzverpackung\/","name":"Aceto Tradizionale di Modena DOP Extravecchio | Acetaia Marchi","isPartOf":{"@id":"https:\/\/www.acetaiamarchi.com\/de\/#website"},"primaryImageOfPage":{"@id":"https:\/\/www.acetaiamarchi.com\/de\/produkt\/traditioneller-balsamicoessig-aus-modena-dop-extravecchio-francesco-holzverpackung\/#primaryimage"},"image":{"@id":"https:\/\/www.acetaiamarchi.com\/de\/produkt\/traditioneller-balsamicoessig-aus-modena-dop-extravecchio-francesco-holzverpackung\/#primaryimage"},"thumbnailUrl":"https:\/\/www.acetaiamarchi.com\/wp-content\/uploads\/2025\/03\/Aceto-Balsamico-Tradizionale-di-Modena-DOP-Extravecchio-Francesco.jpg","datePublished":"2025-03-21T09:23:05+00:00","dateModified":"2025-11-20T11:00:32+00:00","description":"Aceto Tradizionale di Modena DOP Extravecchio con scatola in legno, tappo dosatore e cucchiaio in ceramica per degustazione. Invecchiamento minimo 25 anni.","breadcrumb":{"@id":"https:\/\/www.acetaiamarchi.com\/de\/produkt\/traditioneller-balsamicoessig-aus-modena-dop-extravecchio-francesco-holzverpackung\/#breadcrumb"},"inLanguage":"de","potentialAction":[{"@type":"ReadAction","target":["https:\/\/www.acetaiamarchi.com\/de\/produkt\/traditioneller-balsamicoessig-aus-modena-dop-extravecchio-francesco-holzverpackung\/"]}]},{"@type":"ImageObject","inLanguage":"de","@id":"https:\/\/www.acetaiamarchi.com\/de\/produkt\/traditioneller-balsamicoessig-aus-modena-dop-extravecchio-francesco-holzverpackung\/#primaryimage","url":"https:\/\/www.acetaiamarchi.com\/wp-content\/uploads\/2025\/03\/Aceto-Balsamico-Tradizionale-di-Modena-DOP-Extravecchio-Francesco.jpg","contentUrl":"https:\/\/www.acetaiamarchi.com\/wp-content\/uploads\/2025\/03\/Aceto-Balsamico-Tradizionale-di-Modena-DOP-Extravecchio-Francesco.jpg","width":1600,"height":1600,"caption":"aceto balsamico tradizionale di modena dop extravecchio francesco"},{"@type":"BreadcrumbList","@id":"https:\/\/www.acetaiamarchi.com\/de\/produkt\/traditioneller-balsamicoessig-aus-modena-dop-extravecchio-francesco-holzverpackung\/#breadcrumb","itemListElement":[{"@type":"ListItem","position":1,"name":"Home","item":"https:\/\/www.acetaiamarchi.com\/de\/"},{"@type":"ListItem","position":2,"name":"Produkte","item":"https:\/\/www.acetaiamarchi.com\/de\/shop\/"},{"@type":"ListItem","position":3,"name":"Traditioneller Balsamicoessig aus Modena DOP Extravecchio &#8211; Francesco &#8211; Holzverpackung"}]},{"@type":"WebSite","@id":"https:\/\/www.acetaiamarchi.com\/de\/#website","url":"https:\/\/www.acetaiamarchi.com\/de\/","name":"Acetaia Marchi Srl","description":"","publisher":{"@id":"https:\/\/www.acetaiamarchi.com\/de\/#organization"},"potentialAction":[{"@type":"SearchAction","target":{"@type":"EntryPoint","urlTemplate":"https:\/\/www.acetaiamarchi.com\/de\/?s={search_term_string}"},"query-input":{"@type":"PropertyValueSpecification","valueRequired":true,"valueName":"search_term_string"}}],"inLanguage":"de"},{"@type":"Organization","@id":"https:\/\/www.acetaiamarchi.com\/de\/#organization","name":"Acetaia Marchi Srl","url":"https:\/\/www.acetaiamarchi.com\/de\/","logo":{"@type":"ImageObject","inLanguage":"de","@id":"https:\/\/www.acetaiamarchi.com\/de\/#\/schema\/logo\/image\/","url":"https:\/\/acetaiamarchi.com\/wp-content\/uploads\/2025\/03\/Acetaia-Marchi-Srl-Logo.png","contentUrl":"https:\/\/acetaiamarchi.com\/wp-content\/uploads\/2025\/03\/Acetaia-Marchi-Srl-Logo.png","width":2000,"height":2000,"caption":"Acetaia Marchi Srl"},"image":{"@id":"https:\/\/www.acetaiamarchi.com\/de\/#\/schema\/logo\/image\/"}}]}},"_links":{"self":[{"href":"https:\/\/www.acetaiamarchi.com\/de\/wp-json\/wp\/v2\/product\/8865","targetHints":{"allow":["GET"]}}],"collection":[{"href":"https:\/\/www.acetaiamarchi.com\/de\/wp-json\/wp\/v2\/product"}],"about":[{"href":"https:\/\/www.acetaiamarchi.com\/de\/wp-json\/wp\/v2\/types\/product"}],"version-history":[{"count":4,"href":"https:\/\/www.acetaiamarchi.com\/de\/wp-json\/wp\/v2\/product\/8865\/revisions"}],"predecessor-version":[{"id":11705,"href":"https:\/\/www.acetaiamarchi.com\/de\/wp-json\/wp\/v2\/product\/8865\/revisions\/11705"}],"wp:featuredmedia":[{"embeddable":true,"href":"https:\/\/www.acetaiamarchi.com\/de\/wp-json\/wp\/v2\/media\/802"}],"wp:attachment":[{"href":"https:\/\/www.acetaiamarchi.com\/de\/wp-json\/wp\/v2\/media?parent=8865"}],"wp:term":[{"taxonomy":"product_brand","embeddable":true,"href":"https:\/\/www.acetaiamarchi.com\/de\/wp-json\/wp\/v2\/product_brand?post=8865"},{"taxonomy":"product_cat","embeddable":true,"href":"https:\/\/www.acetaiamarchi.com\/de\/wp-json\/wp\/v2\/product_cat?post=8865"},{"taxonomy":"product_tag","embeddable":true,"href":"https:\/\/www.acetaiamarchi.com\/de\/wp-json\/wp\/v2\/product_tag?post=8865"}],"curies":[{"name":"wp","href":"https:\/\/api.w.org\/{rel}","templated":true}]}}