{"id":8659,"date":"2025-05-09T14:37:06","date_gmt":"2025-05-09T12:37:06","guid":{"rendered":"https:\/\/www.acetaiamarchi.com\/prodotto\/bio-erdbeersose-sus-sauer-bio-balsamico-essig-aus-modena-i-g-p\/"},"modified":"2026-01-13T18:35:39","modified_gmt":"2026-01-13T17:35:39","slug":"williams-birnensauce-balsamico-essig-aus-modena-igp","status":"publish","type":"product","link":"https:\/\/www.acetaiamarchi.com\/de\/produkt\/williams-birnensauce-balsamico-essig-aus-modena-igp\/","title":{"rendered":"Williams-Birnensauce &#038; Balsamico-Essig aus Modena IGP"},"content":{"rendered":"\t\t<div data-elementor-type=\"product-post\" data-elementor-id=\"8659\" class=\"elementor elementor-8659\" data-elementor-post-type=\"product\">\n\t\t\t\t<div class=\"elementor-element elementor-element-6e648f9e e-flex e-con-boxed wpr-particle-no wpr-jarallax-no wpr-parallax-no wpr-sticky-section-no wpr-equal-height-no e-con e-parent\" data-id=\"6e648f9e\" data-element_type=\"container\" data-e-type=\"container\">\n\t\t\t\t\t<div class=\"e-con-inner\">\n\t\t\t\t<div class=\"elementor-element elementor-element-4f8dcf3c elementor-widget elementor-widget-text-editor\" data-id=\"4f8dcf3c\" data-element_type=\"widget\" data-e-type=\"widget\" data-widget_type=\"text-editor.default\">\n\t\t\t\t<div class=\"elementor-widget-container\">\n\t\t\t\t\t\t\t\t\t<p data-start=\"135\" data-end=\"732\">Die Williams-Birnensauce mit Balsamico-Essig aus Modena g.g.A. ist eines unserer beliebtesten Produkte und begeistert durch ihren einzigartigen Geschmack. F\u00fcr die Herstellung verwenden wir ausschlie\u00dflich authentische und hochwertige Rohstoffe. Um diese Sauce zu kreieren, setzen wir auf ein einfaches Rezept und langsame Kochprozesse, die die traditionellen Methoden der Landwirte widerspiegeln. Die Fr\u00fcchte werden sorgf\u00e4ltig ausgew\u00e4hlt und geerntet. Anschlie\u00dfend werden sie nach handwerklichen Verfahren verarbeitet, die es uns seit jeher erm\u00f6glichen, intensive und authentische Aromen zu bieten.<\/p><p data-start=\"734\" data-end=\"1253\">In unserer Williams-Birnensauce mit Balsamico-Essig aus Modena g.g.A. f\u00fcgen wir keine Farbstoffe, Konservierungsstoffe, Verdickungsmittel oder Antioxidationsmittel hinzu \u2013 stattdessen garantieren wir einen der h\u00f6chsten Fruchtanteile auf dem Markt. Was unsere Saucen noch spezieller und unverwechselbarer macht, ist unser Balsamico-Essig aus Modena g.g.A. Dieses Produkt schafft einen unverkennbaren Kontrast zwischen der S\u00e4ure und der nat\u00fcrlichen S\u00fc\u00dfe der Fr\u00fcchte und sorgt f\u00fcr ein einzigartiges kulinarisches Erlebnis.<\/p><p data-start=\"1255\" data-end=\"1300\"><strong data-start=\"1255\" data-end=\"1272\">In der K\u00fcche:<\/strong> Ideal zu Risottos und K\u00e4se.<\/p>\t\t\t\t\t\t\t\t<\/div>\n\t\t\t\t<\/div>\n\t\t\t\t\t<\/div>\n\t\t\t\t<\/div>\n\t\t\t\t<\/div>\n\t\t","protected":false},"excerpt":{"rendered":"<p data-start=\"74\" data-end=\"208\">Diese Sauce ist eine s\u00fc\u00df-saure Spezialit\u00e4t, die Risottos und K\u00e4se zu echten K\u00f6stlichkeiten macht.<br data-start=\"171\" data-end=\"174\" \/>Nur in der 4er-Packung erh\u00e4ltlich.<\/p>\n<p data-start=\"210\" data-end=\"230\">Produktgr\u00f6\u00dfe: 120 g.<\/p>\n","protected":false},"featured_media":4144,"template":"","meta":[],"product_brand":[],"product_cat":[501],"product_tag":[],"class_list":{"0":"post-8659","1":"product","2":"type-product","3":"status-publish","4":"has-post-thumbnail","6":"product_cat-suess-saure-konfitueren","8":"first","9":"instock","10":"shipping-taxable","11":"purchasable","12":"product-type-simple"},"yoast_head":"<!-- This site is optimized with the Yoast SEO plugin v27.4 - https:\/\/yoast.com\/product\/yoast-seo-wordpress\/ -->\n<title>Williams-Birnensauce &amp; Balsamico-Essig aus Modena IGP | Acetaia Marchi<\/title>\n<meta name=\"description\" content=\"La Salsa di Pere Williams &amp; Aceto Balsamico di Modena IGP s\u00e9duit par sa saveur unique. Id\u00e9al pour accompagner le risotto et le fromage.\" \/>\n<meta name=\"robots\" content=\"index, follow, max-snippet:-1, max-image-preview:large, max-video-preview:-1\" \/>\n<link rel=\"canonical\" href=\"https:\/\/www.acetaiamarchi.com\/de\/produkt\/williams-birnensauce-balsamico-essig-aus-modena-igp\/\" \/>\n<meta property=\"og:locale\" content=\"de_DE\" \/>\n<meta property=\"og:type\" content=\"article\" \/>\n<meta property=\"og:title\" content=\"Williams-Birnensauce &amp; Balsamico-Essig aus Modena IGP | Acetaia Marchi\" \/>\n<meta property=\"og:description\" content=\"La Salsa di Pere Williams &amp; Aceto Balsamico di Modena IGP s\u00e9duit par sa saveur unique. Id\u00e9al pour accompagner le risotto et le fromage.\" \/>\n<meta property=\"og:url\" content=\"https:\/\/www.acetaiamarchi.com\/de\/produkt\/williams-birnensauce-balsamico-essig-aus-modena-igp\/\" \/>\n<meta property=\"og:site_name\" content=\"Acetaia Marchi\" \/>\n<meta property=\"article:modified_time\" content=\"2026-01-13T17:35:39+00:00\" \/>\n<meta property=\"og:image\" content=\"https:\/\/www.acetaiamarchi.com\/wp-content\/uploads\/2025\/05\/salsa-pere-e-aceto.jpg\" \/>\n\t<meta property=\"og:image:width\" content=\"1600\" \/>\n\t<meta property=\"og:image:height\" content=\"1600\" \/>\n\t<meta property=\"og:image:type\" content=\"image\/jpeg\" \/>\n<meta name=\"twitter:card\" content=\"summary_large_image\" \/>\n<meta name=\"twitter:label1\" content=\"Gesch\u00e4tzte Lesezeit\" \/>\n\t<meta name=\"twitter:data1\" content=\"1\u00a0Minute\" \/>\n<script type=\"application\/ld+json\" class=\"yoast-schema-graph\">{\"@context\":\"https:\\\/\\\/schema.org\",\"@graph\":[{\"@type\":\"WebPage\",\"@id\":\"https:\\\/\\\/www.acetaiamarchi.com\\\/de\\\/produkt\\\/williams-birnensauce-balsamico-essig-aus-modena-igp\\\/\",\"url\":\"https:\\\/\\\/www.acetaiamarchi.com\\\/de\\\/produkt\\\/williams-birnensauce-balsamico-essig-aus-modena-igp\\\/\",\"name\":\"Williams-Birnensauce & Balsamico-Essig aus Modena IGP | Acetaia Marchi\",\"isPartOf\":{\"@id\":\"https:\\\/\\\/www.acetaiamarchi.com\\\/de\\\/#website\"},\"primaryImageOfPage\":{\"@id\":\"https:\\\/\\\/www.acetaiamarchi.com\\\/de\\\/produkt\\\/williams-birnensauce-balsamico-essig-aus-modena-igp\\\/#primaryimage\"},\"image\":{\"@id\":\"https:\\\/\\\/www.acetaiamarchi.com\\\/de\\\/produkt\\\/williams-birnensauce-balsamico-essig-aus-modena-igp\\\/#primaryimage\"},\"thumbnailUrl\":\"https:\\\/\\\/www.acetaiamarchi.com\\\/wp-content\\\/uploads\\\/2025\\\/05\\\/salsa-pere-e-aceto.jpg\",\"datePublished\":\"2025-05-09T12:37:06+00:00\",\"dateModified\":\"2026-01-13T17:35:39+00:00\",\"description\":\"La Salsa di Pere Williams & Aceto Balsamico di Modena IGP s\u00e9duit par sa saveur unique. Id\u00e9al pour accompagner le risotto et le fromage.\",\"breadcrumb\":{\"@id\":\"https:\\\/\\\/www.acetaiamarchi.com\\\/de\\\/produkt\\\/williams-birnensauce-balsamico-essig-aus-modena-igp\\\/#breadcrumb\"},\"inLanguage\":\"de\",\"potentialAction\":[{\"@type\":\"ReadAction\",\"target\":[\"https:\\\/\\\/www.acetaiamarchi.com\\\/de\\\/produkt\\\/williams-birnensauce-balsamico-essig-aus-modena-igp\\\/\"]}]},{\"@type\":\"ImageObject\",\"inLanguage\":\"de\",\"@id\":\"https:\\\/\\\/www.acetaiamarchi.com\\\/de\\\/produkt\\\/williams-birnensauce-balsamico-essig-aus-modena-igp\\\/#primaryimage\",\"url\":\"https:\\\/\\\/www.acetaiamarchi.com\\\/wp-content\\\/uploads\\\/2025\\\/05\\\/salsa-pere-e-aceto.jpg\",\"contentUrl\":\"https:\\\/\\\/www.acetaiamarchi.com\\\/wp-content\\\/uploads\\\/2025\\\/05\\\/salsa-pere-e-aceto.jpg\",\"width\":1600,\"height\":1600,\"caption\":\"salsa pere e aceto\"},{\"@type\":\"BreadcrumbList\",\"@id\":\"https:\\\/\\\/www.acetaiamarchi.com\\\/de\\\/produkt\\\/williams-birnensauce-balsamico-essig-aus-modena-igp\\\/#breadcrumb\",\"itemListElement\":[{\"@type\":\"ListItem\",\"position\":1,\"name\":\"Home\",\"item\":\"https:\\\/\\\/www.acetaiamarchi.com\\\/de\\\/\"},{\"@type\":\"ListItem\",\"position\":2,\"name\":\"Produkte\",\"item\":\"https:\\\/\\\/www.acetaiamarchi.com\\\/de\\\/shop\\\/\"},{\"@type\":\"ListItem\",\"position\":3,\"name\":\"Williams-Birnensauce &#038; Balsamico-Essig aus Modena IGP\"}]},{\"@type\":\"WebSite\",\"@id\":\"https:\\\/\\\/www.acetaiamarchi.com\\\/de\\\/#website\",\"url\":\"https:\\\/\\\/www.acetaiamarchi.com\\\/de\\\/\",\"name\":\"Acetaia Marchi Srl\",\"description\":\"\",\"publisher\":{\"@id\":\"https:\\\/\\\/www.acetaiamarchi.com\\\/de\\\/#organization\"},\"potentialAction\":[{\"@type\":\"SearchAction\",\"target\":{\"@type\":\"EntryPoint\",\"urlTemplate\":\"https:\\\/\\\/www.acetaiamarchi.com\\\/de\\\/?s={search_term_string}\"},\"query-input\":{\"@type\":\"PropertyValueSpecification\",\"valueRequired\":true,\"valueName\":\"search_term_string\"}}],\"inLanguage\":\"de\"},{\"@type\":\"Organization\",\"@id\":\"https:\\\/\\\/www.acetaiamarchi.com\\\/de\\\/#organization\",\"name\":\"Acetaia Marchi Srl\",\"url\":\"https:\\\/\\\/www.acetaiamarchi.com\\\/de\\\/\",\"logo\":{\"@type\":\"ImageObject\",\"inLanguage\":\"de\",\"@id\":\"https:\\\/\\\/www.acetaiamarchi.com\\\/de\\\/#\\\/schema\\\/logo\\\/image\\\/\",\"url\":\"https:\\\/\\\/acetaiamarchi.com\\\/wp-content\\\/uploads\\\/2025\\\/03\\\/Acetaia-Marchi-Srl-Logo.png\",\"contentUrl\":\"https:\\\/\\\/acetaiamarchi.com\\\/wp-content\\\/uploads\\\/2025\\\/03\\\/Acetaia-Marchi-Srl-Logo.png\",\"width\":2000,\"height\":2000,\"caption\":\"Acetaia Marchi Srl\"},\"image\":{\"@id\":\"https:\\\/\\\/www.acetaiamarchi.com\\\/de\\\/#\\\/schema\\\/logo\\\/image\\\/\"}}]}<\/script>\n<!-- \/ Yoast SEO plugin. -->","yoast_head_json":{"title":"Williams-Birnensauce & Balsamico-Essig aus Modena IGP | Acetaia Marchi","description":"La Salsa di Pere Williams & Aceto Balsamico di Modena IGP s\u00e9duit par sa saveur unique. Id\u00e9al pour accompagner le risotto et le fromage.","robots":{"index":"index","follow":"follow","max-snippet":"max-snippet:-1","max-image-preview":"max-image-preview:large","max-video-preview":"max-video-preview:-1"},"canonical":"https:\/\/www.acetaiamarchi.com\/de\/produkt\/williams-birnensauce-balsamico-essig-aus-modena-igp\/","og_locale":"de_DE","og_type":"article","og_title":"Williams-Birnensauce & Balsamico-Essig aus Modena IGP | Acetaia Marchi","og_description":"La Salsa di Pere Williams & Aceto Balsamico di Modena IGP s\u00e9duit par sa saveur unique. Id\u00e9al pour accompagner le risotto et le fromage.","og_url":"https:\/\/www.acetaiamarchi.com\/de\/produkt\/williams-birnensauce-balsamico-essig-aus-modena-igp\/","og_site_name":"Acetaia Marchi","article_modified_time":"2026-01-13T17:35:39+00:00","og_image":[{"width":1600,"height":1600,"url":"https:\/\/www.acetaiamarchi.com\/wp-content\/uploads\/2025\/05\/salsa-pere-e-aceto.jpg","type":"image\/jpeg"}],"twitter_card":"summary_large_image","twitter_misc":{"Gesch\u00e4tzte Lesezeit":"1\u00a0Minute"},"schema":{"@context":"https:\/\/schema.org","@graph":[{"@type":"WebPage","@id":"https:\/\/www.acetaiamarchi.com\/de\/produkt\/williams-birnensauce-balsamico-essig-aus-modena-igp\/","url":"https:\/\/www.acetaiamarchi.com\/de\/produkt\/williams-birnensauce-balsamico-essig-aus-modena-igp\/","name":"Williams-Birnensauce & Balsamico-Essig aus Modena IGP | Acetaia Marchi","isPartOf":{"@id":"https:\/\/www.acetaiamarchi.com\/de\/#website"},"primaryImageOfPage":{"@id":"https:\/\/www.acetaiamarchi.com\/de\/produkt\/williams-birnensauce-balsamico-essig-aus-modena-igp\/#primaryimage"},"image":{"@id":"https:\/\/www.acetaiamarchi.com\/de\/produkt\/williams-birnensauce-balsamico-essig-aus-modena-igp\/#primaryimage"},"thumbnailUrl":"https:\/\/www.acetaiamarchi.com\/wp-content\/uploads\/2025\/05\/salsa-pere-e-aceto.jpg","datePublished":"2025-05-09T12:37:06+00:00","dateModified":"2026-01-13T17:35:39+00:00","description":"La Salsa di Pere Williams & Aceto Balsamico di Modena IGP s\u00e9duit par sa saveur unique. Id\u00e9al pour accompagner le risotto et le fromage.","breadcrumb":{"@id":"https:\/\/www.acetaiamarchi.com\/de\/produkt\/williams-birnensauce-balsamico-essig-aus-modena-igp\/#breadcrumb"},"inLanguage":"de","potentialAction":[{"@type":"ReadAction","target":["https:\/\/www.acetaiamarchi.com\/de\/produkt\/williams-birnensauce-balsamico-essig-aus-modena-igp\/"]}]},{"@type":"ImageObject","inLanguage":"de","@id":"https:\/\/www.acetaiamarchi.com\/de\/produkt\/williams-birnensauce-balsamico-essig-aus-modena-igp\/#primaryimage","url":"https:\/\/www.acetaiamarchi.com\/wp-content\/uploads\/2025\/05\/salsa-pere-e-aceto.jpg","contentUrl":"https:\/\/www.acetaiamarchi.com\/wp-content\/uploads\/2025\/05\/salsa-pere-e-aceto.jpg","width":1600,"height":1600,"caption":"salsa pere e aceto"},{"@type":"BreadcrumbList","@id":"https:\/\/www.acetaiamarchi.com\/de\/produkt\/williams-birnensauce-balsamico-essig-aus-modena-igp\/#breadcrumb","itemListElement":[{"@type":"ListItem","position":1,"name":"Home","item":"https:\/\/www.acetaiamarchi.com\/de\/"},{"@type":"ListItem","position":2,"name":"Produkte","item":"https:\/\/www.acetaiamarchi.com\/de\/shop\/"},{"@type":"ListItem","position":3,"name":"Williams-Birnensauce &#038; Balsamico-Essig aus Modena IGP"}]},{"@type":"WebSite","@id":"https:\/\/www.acetaiamarchi.com\/de\/#website","url":"https:\/\/www.acetaiamarchi.com\/de\/","name":"Acetaia Marchi Srl","description":"","publisher":{"@id":"https:\/\/www.acetaiamarchi.com\/de\/#organization"},"potentialAction":[{"@type":"SearchAction","target":{"@type":"EntryPoint","urlTemplate":"https:\/\/www.acetaiamarchi.com\/de\/?s={search_term_string}"},"query-input":{"@type":"PropertyValueSpecification","valueRequired":true,"valueName":"search_term_string"}}],"inLanguage":"de"},{"@type":"Organization","@id":"https:\/\/www.acetaiamarchi.com\/de\/#organization","name":"Acetaia Marchi Srl","url":"https:\/\/www.acetaiamarchi.com\/de\/","logo":{"@type":"ImageObject","inLanguage":"de","@id":"https:\/\/www.acetaiamarchi.com\/de\/#\/schema\/logo\/image\/","url":"https:\/\/acetaiamarchi.com\/wp-content\/uploads\/2025\/03\/Acetaia-Marchi-Srl-Logo.png","contentUrl":"https:\/\/acetaiamarchi.com\/wp-content\/uploads\/2025\/03\/Acetaia-Marchi-Srl-Logo.png","width":2000,"height":2000,"caption":"Acetaia Marchi Srl"},"image":{"@id":"https:\/\/www.acetaiamarchi.com\/de\/#\/schema\/logo\/image\/"}}]}},"_links":{"self":[{"href":"https:\/\/www.acetaiamarchi.com\/de\/wp-json\/wp\/v2\/product\/8659","targetHints":{"allow":["GET"]}}],"collection":[{"href":"https:\/\/www.acetaiamarchi.com\/de\/wp-json\/wp\/v2\/product"}],"about":[{"href":"https:\/\/www.acetaiamarchi.com\/de\/wp-json\/wp\/v2\/types\/product"}],"version-history":[{"count":14,"href":"https:\/\/www.acetaiamarchi.com\/de\/wp-json\/wp\/v2\/product\/8659\/revisions"}],"predecessor-version":[{"id":14056,"href":"https:\/\/www.acetaiamarchi.com\/de\/wp-json\/wp\/v2\/product\/8659\/revisions\/14056"}],"wp:featuredmedia":[{"embeddable":true,"href":"https:\/\/www.acetaiamarchi.com\/de\/wp-json\/wp\/v2\/media\/4144"}],"wp:attachment":[{"href":"https:\/\/www.acetaiamarchi.com\/de\/wp-json\/wp\/v2\/media?parent=8659"}],"wp:term":[{"taxonomy":"product_brand","embeddable":true,"href":"https:\/\/www.acetaiamarchi.com\/de\/wp-json\/wp\/v2\/product_brand?post=8659"},{"taxonomy":"product_cat","embeddable":true,"href":"https:\/\/www.acetaiamarchi.com\/de\/wp-json\/wp\/v2\/product_cat?post=8659"},{"taxonomy":"product_tag","embeddable":true,"href":"https:\/\/www.acetaiamarchi.com\/de\/wp-json\/wp\/v2\/product_tag?post=8659"}],"curies":[{"name":"wp","href":"https:\/\/api.w.org\/{rel}","templated":true}]}}