{"id":14060,"date":"2025-03-22T17:24:10","date_gmt":"2025-03-22T16:24:10","guid":{"rendered":"https:\/\/www.acetaiamarchi.com\/prodotto\/kirsche-wuerzen\/"},"modified":"2026-01-13T18:40:20","modified_gmt":"2026-01-13T17:40:20","slug":"kirsche-wuerzen","status":"publish","type":"product","link":"https:\/\/www.acetaiamarchi.com\/de\/produkt\/kirsche-wuerzen\/","title":{"rendered":"Kirsche w\u00fcrzen"},"content":{"rendered":"<p>Entdecken Sie ein au\u00dfergew\u00f6hnliches Gew\u00fcrz, das Ergebnis einer raffinierten Kochkunst, die die Eleganz eines Balsamico-Gew\u00fcrzes mit der intensiven S\u00fc\u00dfe von konzentriertem Kirschsaft verbindet. Dieses exklusive Produkt ist das Ergebnis eines langen Reifungsprozesses, der seine Aromen hervorhebt und eine perfekte Harmonie zwischen seinen Zutaten gew\u00e4hrleistet. <\/p>\n<p><em><strong>In der K\u00fcche<\/strong><\/em>Stellen Sie sich vor, dieses Gew\u00fcrz \u00fcber eine K\u00e4se- und Wurstplatte zu gie\u00dfen, wo sich seine Komplexit\u00e4t perfekt mit den pikanten Noten der ausgew\u00e4hlten Produkte verbindet. Oder verwenden Sie es f\u00fcr erste G\u00e4nge, bei denen S\u00fc\u00dfe und S\u00e4ure in einem Spiel der Kontraste aufeinandertreffen und den Gaumen mit jedem Bissen \u00fcberraschen. Auch zum Verfeinern von Fleischgerichten eignet sich diese W\u00fcrze hervorragend, um den Geschmack zu verst\u00e4rken und jeden Gang in ein unvergessliches gastronomisches Erlebnis zu verwandeln.<br \/>\nUnd f\u00fcr die Wagemutigen findet diese W\u00fcrze auch in Cocktails ihre Dimension und schafft \u00fcberraschende und einzigartige Kombinationen.  <\/p>\n","protected":false},"excerpt":{"rendered":"<p>Entdecken Sie ein au\u00dfergew\u00f6hnliches Gew\u00fcrz, das Ergebnis einer raffinierten Kochkunst, die die Eleganz eines Balsamico-Gew\u00fcrzes mit der intensiven S\u00fc\u00dfe von konzentriertem Kirschsaft verbindet.<\/p>\n","protected":false},"featured_media":1218,"template":"","meta":[],"product_brand":[],"product_cat":[497],"product_tag":[],"class_list":{"0":"post-14060","1":"product","2":"type-product","3":"status-publish","4":"has-post-thumbnail","6":"product_cat-suess-saure-wuerzmittel","8":"first","9":"instock","10":"featured","11":"shipping-taxable","12":"purchasable","13":"product-type-simple"},"yoast_head":"<!-- This site is optimized with the Yoast SEO plugin v27.4 - https:\/\/yoast.com\/product\/yoast-seo-wordpress\/ -->\n<title>|<\/title>\n<meta name=\"description\" content=\"24 Jahre altes Gew\u00fcrz mit Kirschgeschmack. Ideal zum Verfeinern von K\u00e4seplatten, Fleisch und, f\u00fcr die ganz Mutigen, zum Kreieren einzigartiger Cocktails.\" \/>\n<meta name=\"robots\" content=\"index, follow, max-snippet:-1, max-image-preview:large, max-video-preview:-1\" \/>\n<link rel=\"canonical\" href=\"https:\/\/www.acetaiamarchi.com\/de\/produkt\/kirsche-wuerzen\/\" \/>\n<meta property=\"og:locale\" content=\"de_DE\" \/>\n<meta property=\"og:type\" content=\"article\" \/>\n<meta property=\"og:title\" content=\"|\" \/>\n<meta property=\"og:description\" content=\"24 Jahre altes Gew\u00fcrz mit Kirschgeschmack. Ideal zum Verfeinern von K\u00e4seplatten, Fleisch und, f\u00fcr die ganz Mutigen, zum Kreieren einzigartiger Cocktails.\" \/>\n<meta property=\"og:url\" content=\"https:\/\/www.acetaiamarchi.com\/de\/produkt\/kirsche-wuerzen\/\" \/>\n<meta property=\"og:site_name\" content=\"Acetaia Marchi\" \/>\n<meta property=\"article:modified_time\" content=\"2026-01-13T17:40:20+00:00\" \/>\n<meta property=\"og:image\" content=\"https:\/\/www.acetaiamarchi.com\/wp-content\/uploads\/2025\/03\/Condimento-Ciliegia-250ml.jpg\" \/>\n\t<meta property=\"og:image:width\" content=\"1600\" \/>\n\t<meta property=\"og:image:height\" content=\"1600\" \/>\n\t<meta property=\"og:image:type\" content=\"image\/jpeg\" \/>\n<meta name=\"twitter:card\" content=\"summary_large_image\" \/>\n<meta name=\"twitter:label1\" content=\"Gesch\u00e4tzte Lesezeit\" \/>\n\t<meta name=\"twitter:data1\" content=\"1\u00a0Minute\" \/>\n<script type=\"application\/ld+json\" class=\"yoast-schema-graph\">{\"@context\":\"https:\\\/\\\/schema.org\",\"@graph\":[{\"@type\":\"WebPage\",\"@id\":\"https:\\\/\\\/www.acetaiamarchi.com\\\/de\\\/produkt\\\/kirsche-wuerzen\\\/\",\"url\":\"https:\\\/\\\/www.acetaiamarchi.com\\\/de\\\/produkt\\\/kirsche-wuerzen\\\/\",\"name\":\"|\",\"isPartOf\":{\"@id\":\"https:\\\/\\\/www.acetaiamarchi.com\\\/de\\\/#website\"},\"primaryImageOfPage\":{\"@id\":\"https:\\\/\\\/www.acetaiamarchi.com\\\/de\\\/produkt\\\/kirsche-wuerzen\\\/#primaryimage\"},\"image\":{\"@id\":\"https:\\\/\\\/www.acetaiamarchi.com\\\/de\\\/produkt\\\/kirsche-wuerzen\\\/#primaryimage\"},\"thumbnailUrl\":\"https:\\\/\\\/www.acetaiamarchi.com\\\/wp-content\\\/uploads\\\/2025\\\/03\\\/Condimento-Ciliegia-250ml.jpg\",\"datePublished\":\"2025-03-22T16:24:10+00:00\",\"dateModified\":\"2026-01-13T17:40:20+00:00\",\"description\":\"24 Jahre altes Gew\u00fcrz mit Kirschgeschmack. Ideal zum Verfeinern von K\u00e4seplatten, Fleisch und, f\u00fcr die ganz Mutigen, zum Kreieren einzigartiger Cocktails.\",\"breadcrumb\":{\"@id\":\"https:\\\/\\\/www.acetaiamarchi.com\\\/de\\\/produkt\\\/kirsche-wuerzen\\\/#breadcrumb\"},\"inLanguage\":\"de\",\"potentialAction\":[{\"@type\":\"ReadAction\",\"target\":[\"https:\\\/\\\/www.acetaiamarchi.com\\\/de\\\/produkt\\\/kirsche-wuerzen\\\/\"]}]},{\"@type\":\"ImageObject\",\"inLanguage\":\"de\",\"@id\":\"https:\\\/\\\/www.acetaiamarchi.com\\\/de\\\/produkt\\\/kirsche-wuerzen\\\/#primaryimage\",\"url\":\"https:\\\/\\\/www.acetaiamarchi.com\\\/wp-content\\\/uploads\\\/2025\\\/03\\\/Condimento-Ciliegia-250ml.jpg\",\"contentUrl\":\"https:\\\/\\\/www.acetaiamarchi.com\\\/wp-content\\\/uploads\\\/2025\\\/03\\\/Condimento-Ciliegia-250ml.jpg\",\"width\":1600,\"height\":1600,\"caption\":\"Condimento Ciliegia\"},{\"@type\":\"BreadcrumbList\",\"@id\":\"https:\\\/\\\/www.acetaiamarchi.com\\\/de\\\/produkt\\\/kirsche-wuerzen\\\/#breadcrumb\",\"itemListElement\":[{\"@type\":\"ListItem\",\"position\":1,\"name\":\"Home\",\"item\":\"https:\\\/\\\/www.acetaiamarchi.com\\\/de\\\/\"},{\"@type\":\"ListItem\",\"position\":2,\"name\":\"Produkte\",\"item\":\"https:\\\/\\\/www.acetaiamarchi.com\\\/de\\\/shop\\\/\"},{\"@type\":\"ListItem\",\"position\":3,\"name\":\"Kirsche w\u00fcrzen\"}]},{\"@type\":\"WebSite\",\"@id\":\"https:\\\/\\\/www.acetaiamarchi.com\\\/de\\\/#website\",\"url\":\"https:\\\/\\\/www.acetaiamarchi.com\\\/de\\\/\",\"name\":\"Acetaia Marchi Srl\",\"description\":\"\",\"publisher\":{\"@id\":\"https:\\\/\\\/www.acetaiamarchi.com\\\/de\\\/#organization\"},\"potentialAction\":[{\"@type\":\"SearchAction\",\"target\":{\"@type\":\"EntryPoint\",\"urlTemplate\":\"https:\\\/\\\/www.acetaiamarchi.com\\\/de\\\/?s={search_term_string}\"},\"query-input\":{\"@type\":\"PropertyValueSpecification\",\"valueRequired\":true,\"valueName\":\"search_term_string\"}}],\"inLanguage\":\"de\"},{\"@type\":\"Organization\",\"@id\":\"https:\\\/\\\/www.acetaiamarchi.com\\\/de\\\/#organization\",\"name\":\"Acetaia Marchi Srl\",\"url\":\"https:\\\/\\\/www.acetaiamarchi.com\\\/de\\\/\",\"logo\":{\"@type\":\"ImageObject\",\"inLanguage\":\"de\",\"@id\":\"https:\\\/\\\/www.acetaiamarchi.com\\\/de\\\/#\\\/schema\\\/logo\\\/image\\\/\",\"url\":\"https:\\\/\\\/acetaiamarchi.com\\\/wp-content\\\/uploads\\\/2025\\\/03\\\/Acetaia-Marchi-Srl-Logo.png\",\"contentUrl\":\"https:\\\/\\\/acetaiamarchi.com\\\/wp-content\\\/uploads\\\/2025\\\/03\\\/Acetaia-Marchi-Srl-Logo.png\",\"width\":2000,\"height\":2000,\"caption\":\"Acetaia Marchi Srl\"},\"image\":{\"@id\":\"https:\\\/\\\/www.acetaiamarchi.com\\\/de\\\/#\\\/schema\\\/logo\\\/image\\\/\"}}]}<\/script>\n<!-- \/ Yoast SEO plugin. -->","yoast_head_json":{"title":"|","description":"24 Jahre altes Gew\u00fcrz mit Kirschgeschmack. Ideal zum Verfeinern von K\u00e4seplatten, Fleisch und, f\u00fcr die ganz Mutigen, zum Kreieren einzigartiger Cocktails.","robots":{"index":"index","follow":"follow","max-snippet":"max-snippet:-1","max-image-preview":"max-image-preview:large","max-video-preview":"max-video-preview:-1"},"canonical":"https:\/\/www.acetaiamarchi.com\/de\/produkt\/kirsche-wuerzen\/","og_locale":"de_DE","og_type":"article","og_title":"|","og_description":"24 Jahre altes Gew\u00fcrz mit Kirschgeschmack. Ideal zum Verfeinern von K\u00e4seplatten, Fleisch und, f\u00fcr die ganz Mutigen, zum Kreieren einzigartiger Cocktails.","og_url":"https:\/\/www.acetaiamarchi.com\/de\/produkt\/kirsche-wuerzen\/","og_site_name":"Acetaia Marchi","article_modified_time":"2026-01-13T17:40:20+00:00","og_image":[{"width":1600,"height":1600,"url":"https:\/\/www.acetaiamarchi.com\/wp-content\/uploads\/2025\/03\/Condimento-Ciliegia-250ml.jpg","type":"image\/jpeg"}],"twitter_card":"summary_large_image","twitter_misc":{"Gesch\u00e4tzte Lesezeit":"1\u00a0Minute"},"schema":{"@context":"https:\/\/schema.org","@graph":[{"@type":"WebPage","@id":"https:\/\/www.acetaiamarchi.com\/de\/produkt\/kirsche-wuerzen\/","url":"https:\/\/www.acetaiamarchi.com\/de\/produkt\/kirsche-wuerzen\/","name":"|","isPartOf":{"@id":"https:\/\/www.acetaiamarchi.com\/de\/#website"},"primaryImageOfPage":{"@id":"https:\/\/www.acetaiamarchi.com\/de\/produkt\/kirsche-wuerzen\/#primaryimage"},"image":{"@id":"https:\/\/www.acetaiamarchi.com\/de\/produkt\/kirsche-wuerzen\/#primaryimage"},"thumbnailUrl":"https:\/\/www.acetaiamarchi.com\/wp-content\/uploads\/2025\/03\/Condimento-Ciliegia-250ml.jpg","datePublished":"2025-03-22T16:24:10+00:00","dateModified":"2026-01-13T17:40:20+00:00","description":"24 Jahre altes Gew\u00fcrz mit Kirschgeschmack. Ideal zum Verfeinern von K\u00e4seplatten, Fleisch und, f\u00fcr die ganz Mutigen, zum Kreieren einzigartiger Cocktails.","breadcrumb":{"@id":"https:\/\/www.acetaiamarchi.com\/de\/produkt\/kirsche-wuerzen\/#breadcrumb"},"inLanguage":"de","potentialAction":[{"@type":"ReadAction","target":["https:\/\/www.acetaiamarchi.com\/de\/produkt\/kirsche-wuerzen\/"]}]},{"@type":"ImageObject","inLanguage":"de","@id":"https:\/\/www.acetaiamarchi.com\/de\/produkt\/kirsche-wuerzen\/#primaryimage","url":"https:\/\/www.acetaiamarchi.com\/wp-content\/uploads\/2025\/03\/Condimento-Ciliegia-250ml.jpg","contentUrl":"https:\/\/www.acetaiamarchi.com\/wp-content\/uploads\/2025\/03\/Condimento-Ciliegia-250ml.jpg","width":1600,"height":1600,"caption":"Condimento Ciliegia"},{"@type":"BreadcrumbList","@id":"https:\/\/www.acetaiamarchi.com\/de\/produkt\/kirsche-wuerzen\/#breadcrumb","itemListElement":[{"@type":"ListItem","position":1,"name":"Home","item":"https:\/\/www.acetaiamarchi.com\/de\/"},{"@type":"ListItem","position":2,"name":"Produkte","item":"https:\/\/www.acetaiamarchi.com\/de\/shop\/"},{"@type":"ListItem","position":3,"name":"Kirsche w\u00fcrzen"}]},{"@type":"WebSite","@id":"https:\/\/www.acetaiamarchi.com\/de\/#website","url":"https:\/\/www.acetaiamarchi.com\/de\/","name":"Acetaia Marchi Srl","description":"","publisher":{"@id":"https:\/\/www.acetaiamarchi.com\/de\/#organization"},"potentialAction":[{"@type":"SearchAction","target":{"@type":"EntryPoint","urlTemplate":"https:\/\/www.acetaiamarchi.com\/de\/?s={search_term_string}"},"query-input":{"@type":"PropertyValueSpecification","valueRequired":true,"valueName":"search_term_string"}}],"inLanguage":"de"},{"@type":"Organization","@id":"https:\/\/www.acetaiamarchi.com\/de\/#organization","name":"Acetaia Marchi Srl","url":"https:\/\/www.acetaiamarchi.com\/de\/","logo":{"@type":"ImageObject","inLanguage":"de","@id":"https:\/\/www.acetaiamarchi.com\/de\/#\/schema\/logo\/image\/","url":"https:\/\/acetaiamarchi.com\/wp-content\/uploads\/2025\/03\/Acetaia-Marchi-Srl-Logo.png","contentUrl":"https:\/\/acetaiamarchi.com\/wp-content\/uploads\/2025\/03\/Acetaia-Marchi-Srl-Logo.png","width":2000,"height":2000,"caption":"Acetaia Marchi Srl"},"image":{"@id":"https:\/\/www.acetaiamarchi.com\/de\/#\/schema\/logo\/image\/"}}]}},"_links":{"self":[{"href":"https:\/\/www.acetaiamarchi.com\/de\/wp-json\/wp\/v2\/product\/14060","targetHints":{"allow":["GET"]}}],"collection":[{"href":"https:\/\/www.acetaiamarchi.com\/de\/wp-json\/wp\/v2\/product"}],"about":[{"href":"https:\/\/www.acetaiamarchi.com\/de\/wp-json\/wp\/v2\/types\/product"}],"version-history":[{"count":1,"href":"https:\/\/www.acetaiamarchi.com\/de\/wp-json\/wp\/v2\/product\/14060\/revisions"}],"predecessor-version":[{"id":14099,"href":"https:\/\/www.acetaiamarchi.com\/de\/wp-json\/wp\/v2\/product\/14060\/revisions\/14099"}],"wp:featuredmedia":[{"embeddable":true,"href":"https:\/\/www.acetaiamarchi.com\/de\/wp-json\/wp\/v2\/media\/1218"}],"wp:attachment":[{"href":"https:\/\/www.acetaiamarchi.com\/de\/wp-json\/wp\/v2\/media?parent=14060"}],"wp:term":[{"taxonomy":"product_brand","embeddable":true,"href":"https:\/\/www.acetaiamarchi.com\/de\/wp-json\/wp\/v2\/product_brand?post=14060"},{"taxonomy":"product_cat","embeddable":true,"href":"https:\/\/www.acetaiamarchi.com\/de\/wp-json\/wp\/v2\/product_cat?post=14060"},{"taxonomy":"product_tag","embeddable":true,"href":"https:\/\/www.acetaiamarchi.com\/de\/wp-json\/wp\/v2\/product_tag?post=14060"}],"curies":[{"name":"wp","href":"https:\/\/api.w.org\/{rel}","templated":true}]}}