{"id":14058,"date":"2025-03-27T11:49:58","date_gmt":"2025-03-27T10:49:58","guid":{"rendered":"https:\/\/www.acetaiamarchi.com\/prodotto\/weisse-sosse-sahne\/"},"modified":"2025-03-27T11:49:58","modified_gmt":"2025-03-27T10:49:58","slug":"weisse-sosse-sahne","status":"publish","type":"product","link":"https:\/\/www.acetaiamarchi.com\/de\/produkt\/weisse-sosse-sahne\/","title":{"rendered":"Wei\u00dfe So\u00dfe Sahne"},"content":{"rendered":"<p class=\"\" data-start=\"4355\" data-end=\"4727\">Die <strong data-start=\"4358\" data-end=\"4388\">White Dressing Cream<\/strong> ist eine delikate und raffinierte Variante, perfekt f\u00fcr alle, die einen leichteren, aber dennoch charaktervollen Geschmack suchen. Hergestellt aus hochwertigem Wei\u00dfweinessig, Traubenmost und St\u00e4rke, zeichnet sich diese Creme durch ihre samtige Konsistenz und helle Farbe aus, ideal f\u00fcr alle, die ein elegantes, aber optisch neutrales Dressing w\u00fcnschen. <\/p>\n<p class=\"\" data-start=\"4729\" data-end=\"5009\"><strong><em>In der K\u00fcche<\/em><\/strong>Dank der Verwendung nat\u00fcrlicher Zutaten bietet die Creme einen sanfteren s\u00fc\u00df-sauren Geschmack als Versionen auf der Basis von traditionellem Balsamico-Essig. Sie passt perfekt zu Fischgerichten, Gem\u00fcse, frischen Salaten, Fleisch und Dessertzubereitungen. <\/p>\n","protected":false},"excerpt":{"rendered":"<p>Eine vielseitige und moderne Alternative, die den Geschmack unterstreicht, ohne ihn zu \u00fcberlagern, ganz im Sinne der handwerklichen Philosophie und der Qualit\u00e4t, die Acetaia Marchi seit jeher auszeichnet.<\/p>\n<p>Erh\u00e4ltlich in den Versionen 250 ml und 150 ml.<\/p>\n","protected":false},"featured_media":2416,"template":"","meta":[],"product_brand":[],"product_cat":[506],"product_tag":[],"class_list":{"0":"post-14058","1":"product","2":"type-product","3":"status-publish","4":"has-post-thumbnail","6":"product_cat-cremes-aus-balsamico","8":"first","9":"instock","10":"shipping-taxable","11":"product-type-simple"},"yoast_head":"<!-- This site is optimized with the Yoast SEO plugin v27.3 - https:\/\/yoast.com\/product\/yoast-seo-wordpress\/ -->\n<title>|<\/title>\n<meta name=\"description\" content=\"Die White Dressing Cream ist eine delikate und raffinierte Variante f\u00fcr Fischgerichte, Gem\u00fcse, frische Salate, Fleisch und Dessertzubereitungen.\" \/>\n<meta name=\"robots\" content=\"index, follow, max-snippet:-1, max-image-preview:large, max-video-preview:-1\" \/>\n<link rel=\"canonical\" href=\"https:\/\/www.acetaiamarchi.com\/de\/produkt\/weisse-sosse-sahne\/\" \/>\n<meta property=\"og:locale\" content=\"de_DE\" \/>\n<meta property=\"og:type\" content=\"article\" \/>\n<meta property=\"og:title\" content=\"|\" \/>\n<meta property=\"og:description\" content=\"Die White Dressing Cream ist eine delikate und raffinierte Variante f\u00fcr Fischgerichte, Gem\u00fcse, frische Salate, Fleisch und Dessertzubereitungen.\" \/>\n<meta property=\"og:url\" content=\"https:\/\/www.acetaiamarchi.com\/de\/produkt\/weisse-sosse-sahne\/\" \/>\n<meta property=\"og:site_name\" content=\"Acetaia Marchi\" \/>\n<meta property=\"og:image\" content=\"https:\/\/www.acetaiamarchi.com\/wp-content\/uploads\/2025\/03\/Crema-Aceto-Balsamico-di-Modena-IGP-condimento-bianco-250ml.jpg\" \/>\n\t<meta property=\"og:image:width\" content=\"1600\" \/>\n\t<meta property=\"og:image:height\" content=\"1600\" \/>\n\t<meta property=\"og:image:type\" content=\"image\/jpeg\" \/>\n<meta name=\"twitter:card\" content=\"summary_large_image\" \/>\n<script type=\"application\/ld+json\" class=\"yoast-schema-graph\">{\"@context\":\"https:\\\/\\\/schema.org\",\"@graph\":[{\"@type\":\"WebPage\",\"@id\":\"https:\\\/\\\/www.acetaiamarchi.com\\\/de\\\/produkt\\\/weisse-sosse-sahne\\\/\",\"url\":\"https:\\\/\\\/www.acetaiamarchi.com\\\/de\\\/produkt\\\/weisse-sosse-sahne\\\/\",\"name\":\"|\",\"isPartOf\":{\"@id\":\"https:\\\/\\\/www.acetaiamarchi.com\\\/de\\\/#website\"},\"primaryImageOfPage\":{\"@id\":\"https:\\\/\\\/www.acetaiamarchi.com\\\/de\\\/produkt\\\/weisse-sosse-sahne\\\/#primaryimage\"},\"image\":{\"@id\":\"https:\\\/\\\/www.acetaiamarchi.com\\\/de\\\/produkt\\\/weisse-sosse-sahne\\\/#primaryimage\"},\"thumbnailUrl\":\"https:\\\/\\\/www.acetaiamarchi.com\\\/wp-content\\\/uploads\\\/2025\\\/03\\\/Crema-Aceto-Balsamico-di-Modena-IGP-condimento-bianco-250ml.jpg\",\"datePublished\":\"2025-03-27T10:49:58+00:00\",\"description\":\"Die White Dressing Cream ist eine delikate und raffinierte Variante f\u00fcr Fischgerichte, Gem\u00fcse, frische Salate, Fleisch und Dessertzubereitungen.\",\"breadcrumb\":{\"@id\":\"https:\\\/\\\/www.acetaiamarchi.com\\\/de\\\/produkt\\\/weisse-sosse-sahne\\\/#breadcrumb\"},\"inLanguage\":\"de\",\"potentialAction\":[{\"@type\":\"ReadAction\",\"target\":[\"https:\\\/\\\/www.acetaiamarchi.com\\\/de\\\/produkt\\\/weisse-sosse-sahne\\\/\"]}]},{\"@type\":\"ImageObject\",\"inLanguage\":\"de\",\"@id\":\"https:\\\/\\\/www.acetaiamarchi.com\\\/de\\\/produkt\\\/weisse-sosse-sahne\\\/#primaryimage\",\"url\":\"https:\\\/\\\/www.acetaiamarchi.com\\\/wp-content\\\/uploads\\\/2025\\\/03\\\/Crema-Aceto-Balsamico-di-Modena-IGP-condimento-bianco-250ml.jpg\",\"contentUrl\":\"https:\\\/\\\/www.acetaiamarchi.com\\\/wp-content\\\/uploads\\\/2025\\\/03\\\/Crema-Aceto-Balsamico-di-Modena-IGP-condimento-bianco-250ml.jpg\",\"width\":1600,\"height\":1600,\"caption\":\"Crema al Condimento Bianco\"},{\"@type\":\"BreadcrumbList\",\"@id\":\"https:\\\/\\\/www.acetaiamarchi.com\\\/de\\\/produkt\\\/weisse-sosse-sahne\\\/#breadcrumb\",\"itemListElement\":[{\"@type\":\"ListItem\",\"position\":1,\"name\":\"Home\",\"item\":\"https:\\\/\\\/www.acetaiamarchi.com\\\/de\\\/\"},{\"@type\":\"ListItem\",\"position\":2,\"name\":\"Produkte\",\"item\":\"https:\\\/\\\/www.acetaiamarchi.com\\\/de\\\/shop\\\/\"},{\"@type\":\"ListItem\",\"position\":3,\"name\":\"Wei\u00dfe So\u00dfe Sahne\"}]},{\"@type\":\"WebSite\",\"@id\":\"https:\\\/\\\/www.acetaiamarchi.com\\\/de\\\/#website\",\"url\":\"https:\\\/\\\/www.acetaiamarchi.com\\\/de\\\/\",\"name\":\"Acetaia Marchi Srl\",\"description\":\"\",\"publisher\":{\"@id\":\"https:\\\/\\\/www.acetaiamarchi.com\\\/de\\\/#organization\"},\"potentialAction\":[{\"@type\":\"SearchAction\",\"target\":{\"@type\":\"EntryPoint\",\"urlTemplate\":\"https:\\\/\\\/www.acetaiamarchi.com\\\/de\\\/?s={search_term_string}\"},\"query-input\":{\"@type\":\"PropertyValueSpecification\",\"valueRequired\":true,\"valueName\":\"search_term_string\"}}],\"inLanguage\":\"de\"},{\"@type\":\"Organization\",\"@id\":\"https:\\\/\\\/www.acetaiamarchi.com\\\/de\\\/#organization\",\"name\":\"Acetaia Marchi Srl\",\"url\":\"https:\\\/\\\/www.acetaiamarchi.com\\\/de\\\/\",\"logo\":{\"@type\":\"ImageObject\",\"inLanguage\":\"de\",\"@id\":\"https:\\\/\\\/www.acetaiamarchi.com\\\/de\\\/#\\\/schema\\\/logo\\\/image\\\/\",\"url\":\"https:\\\/\\\/acetaiamarchi.com\\\/wp-content\\\/uploads\\\/2025\\\/03\\\/Acetaia-Marchi-Srl-Logo.png\",\"contentUrl\":\"https:\\\/\\\/acetaiamarchi.com\\\/wp-content\\\/uploads\\\/2025\\\/03\\\/Acetaia-Marchi-Srl-Logo.png\",\"width\":2000,\"height\":2000,\"caption\":\"Acetaia Marchi Srl\"},\"image\":{\"@id\":\"https:\\\/\\\/www.acetaiamarchi.com\\\/de\\\/#\\\/schema\\\/logo\\\/image\\\/\"}}]}<\/script>\n<!-- \/ Yoast SEO plugin. -->","yoast_head_json":{"title":"|","description":"Die White Dressing Cream ist eine delikate und raffinierte Variante f\u00fcr Fischgerichte, Gem\u00fcse, frische Salate, Fleisch und Dessertzubereitungen.","robots":{"index":"index","follow":"follow","max-snippet":"max-snippet:-1","max-image-preview":"max-image-preview:large","max-video-preview":"max-video-preview:-1"},"canonical":"https:\/\/www.acetaiamarchi.com\/de\/produkt\/weisse-sosse-sahne\/","og_locale":"de_DE","og_type":"article","og_title":"|","og_description":"Die White Dressing Cream ist eine delikate und raffinierte Variante f\u00fcr Fischgerichte, Gem\u00fcse, frische Salate, Fleisch und Dessertzubereitungen.","og_url":"https:\/\/www.acetaiamarchi.com\/de\/produkt\/weisse-sosse-sahne\/","og_site_name":"Acetaia Marchi","og_image":[{"width":1600,"height":1600,"url":"https:\/\/www.acetaiamarchi.com\/wp-content\/uploads\/2025\/03\/Crema-Aceto-Balsamico-di-Modena-IGP-condimento-bianco-250ml.jpg","type":"image\/jpeg"}],"twitter_card":"summary_large_image","schema":{"@context":"https:\/\/schema.org","@graph":[{"@type":"WebPage","@id":"https:\/\/www.acetaiamarchi.com\/de\/produkt\/weisse-sosse-sahne\/","url":"https:\/\/www.acetaiamarchi.com\/de\/produkt\/weisse-sosse-sahne\/","name":"|","isPartOf":{"@id":"https:\/\/www.acetaiamarchi.com\/de\/#website"},"primaryImageOfPage":{"@id":"https:\/\/www.acetaiamarchi.com\/de\/produkt\/weisse-sosse-sahne\/#primaryimage"},"image":{"@id":"https:\/\/www.acetaiamarchi.com\/de\/produkt\/weisse-sosse-sahne\/#primaryimage"},"thumbnailUrl":"https:\/\/www.acetaiamarchi.com\/wp-content\/uploads\/2025\/03\/Crema-Aceto-Balsamico-di-Modena-IGP-condimento-bianco-250ml.jpg","datePublished":"2025-03-27T10:49:58+00:00","description":"Die White Dressing Cream ist eine delikate und raffinierte Variante f\u00fcr Fischgerichte, Gem\u00fcse, frische Salate, Fleisch und Dessertzubereitungen.","breadcrumb":{"@id":"https:\/\/www.acetaiamarchi.com\/de\/produkt\/weisse-sosse-sahne\/#breadcrumb"},"inLanguage":"de","potentialAction":[{"@type":"ReadAction","target":["https:\/\/www.acetaiamarchi.com\/de\/produkt\/weisse-sosse-sahne\/"]}]},{"@type":"ImageObject","inLanguage":"de","@id":"https:\/\/www.acetaiamarchi.com\/de\/produkt\/weisse-sosse-sahne\/#primaryimage","url":"https:\/\/www.acetaiamarchi.com\/wp-content\/uploads\/2025\/03\/Crema-Aceto-Balsamico-di-Modena-IGP-condimento-bianco-250ml.jpg","contentUrl":"https:\/\/www.acetaiamarchi.com\/wp-content\/uploads\/2025\/03\/Crema-Aceto-Balsamico-di-Modena-IGP-condimento-bianco-250ml.jpg","width":1600,"height":1600,"caption":"Crema al Condimento Bianco"},{"@type":"BreadcrumbList","@id":"https:\/\/www.acetaiamarchi.com\/de\/produkt\/weisse-sosse-sahne\/#breadcrumb","itemListElement":[{"@type":"ListItem","position":1,"name":"Home","item":"https:\/\/www.acetaiamarchi.com\/de\/"},{"@type":"ListItem","position":2,"name":"Produkte","item":"https:\/\/www.acetaiamarchi.com\/de\/shop\/"},{"@type":"ListItem","position":3,"name":"Wei\u00dfe So\u00dfe Sahne"}]},{"@type":"WebSite","@id":"https:\/\/www.acetaiamarchi.com\/de\/#website","url":"https:\/\/www.acetaiamarchi.com\/de\/","name":"Acetaia Marchi Srl","description":"","publisher":{"@id":"https:\/\/www.acetaiamarchi.com\/de\/#organization"},"potentialAction":[{"@type":"SearchAction","target":{"@type":"EntryPoint","urlTemplate":"https:\/\/www.acetaiamarchi.com\/de\/?s={search_term_string}"},"query-input":{"@type":"PropertyValueSpecification","valueRequired":true,"valueName":"search_term_string"}}],"inLanguage":"de"},{"@type":"Organization","@id":"https:\/\/www.acetaiamarchi.com\/de\/#organization","name":"Acetaia Marchi Srl","url":"https:\/\/www.acetaiamarchi.com\/de\/","logo":{"@type":"ImageObject","inLanguage":"de","@id":"https:\/\/www.acetaiamarchi.com\/de\/#\/schema\/logo\/image\/","url":"https:\/\/acetaiamarchi.com\/wp-content\/uploads\/2025\/03\/Acetaia-Marchi-Srl-Logo.png","contentUrl":"https:\/\/acetaiamarchi.com\/wp-content\/uploads\/2025\/03\/Acetaia-Marchi-Srl-Logo.png","width":2000,"height":2000,"caption":"Acetaia Marchi Srl"},"image":{"@id":"https:\/\/www.acetaiamarchi.com\/de\/#\/schema\/logo\/image\/"}}]}},"_links":{"self":[{"href":"https:\/\/www.acetaiamarchi.com\/de\/wp-json\/wp\/v2\/product\/14058","targetHints":{"allow":["GET"]}}],"collection":[{"href":"https:\/\/www.acetaiamarchi.com\/de\/wp-json\/wp\/v2\/product"}],"about":[{"href":"https:\/\/www.acetaiamarchi.com\/de\/wp-json\/wp\/v2\/types\/product"}],"version-history":[{"count":0,"href":"https:\/\/www.acetaiamarchi.com\/de\/wp-json\/wp\/v2\/product\/14058\/revisions"}],"wp:featuredmedia":[{"embeddable":true,"href":"https:\/\/www.acetaiamarchi.com\/de\/wp-json\/wp\/v2\/media\/2416"}],"wp:attachment":[{"href":"https:\/\/www.acetaiamarchi.com\/de\/wp-json\/wp\/v2\/media?parent=14058"}],"wp:term":[{"taxonomy":"product_brand","embeddable":true,"href":"https:\/\/www.acetaiamarchi.com\/de\/wp-json\/wp\/v2\/product_brand?post=14058"},{"taxonomy":"product_cat","embeddable":true,"href":"https:\/\/www.acetaiamarchi.com\/de\/wp-json\/wp\/v2\/product_cat?post=14058"},{"taxonomy":"product_tag","embeddable":true,"href":"https:\/\/www.acetaiamarchi.com\/de\/wp-json\/wp\/v2\/product_tag?post=14058"}],"curies":[{"name":"wp","href":"https:\/\/api.w.org\/{rel}","templated":true}]}}