{"id":14019,"date":"2025-03-24T17:09:17","date_gmt":"2025-03-24T16:09:17","guid":{"rendered":"https:\/\/www.acetaiamarchi.com\/prodotto\/balsamico-essig-aus-modena-g-g-a-bronze\/"},"modified":"2026-01-13T17:45:36","modified_gmt":"2026-01-13T16:45:36","slug":"balsamico-essig-aus-modena-g-g-a-bronze","status":"publish","type":"product","link":"https:\/\/www.acetaiamarchi.com\/de\/produkt\/balsamico-essig-aus-modena-g-g-a-bronze\/","title":{"rendered":"Balsamico-Essig aus Modena g.g.A. &#8211; Bronze"},"content":{"rendered":"<p>Aceto Balsamico di Modena IGP Bronzo ist eine echte gastronomische Kostbarkeit, die in <strong>Eichenf\u00e4ssern<\/strong> <strong>gereift ist<\/strong>.<\/p>\n<p>Sein frischer Geschmack zeichnet sich durch eine elegante Holzkomponente aus, die die lebhafte Essigs\u00e4ure perfekt ausbalanciert und ein einzigartiges und umh\u00fcllendes Geschmackserlebnis bietet. Dieser Essig ist das Ergebnis der Verarbeitung von <strong>Trauben aus unseren Familienweinbergen<\/strong>, die in der malerischen Landschaft von Modena liegen. Diese Weinberge werden seit Anfang des 20. Jahrhunderts von den Familien Marchi und Cioni bewirtschaftet und zeugen von einer Leidenschaft und Hingabe, die von Generation zu Generation weitergegeben wurde. Aceto Balsamico di Modena IGP Bronzo ist nicht nur ein Gew\u00fcrz, sondern eine Geschichte von Tradition und Qualit\u00e4t, die jedes Gericht bereichert.   <\/p>\n<p><em><strong>In der K\u00fcche<\/strong><\/em>Hervorragend geeignet zum W\u00fcrzen von schmackhaften Fr\u00fchlingszwiebeln und anderen Vorspeisen, gegrillten Gem\u00fcsebeilagen und Kaninchenfleisch.<\/p>\n","protected":false},"excerpt":{"rendered":"<p>Dieser frische und ausgewogene Balsamico-Essig aus Modena g.g.A. <strong>reift in Eichenf\u00e4ssern<\/strong> und wird aus den Trauben unserer historischen Familienweinberge gewonnen, die seit Anfang des 20. Eine Tradition, die sich in jedem Tropfen wiederfindet.<br \/>\nPerfekt zu Fr\u00fchlingszwiebeln, gegrilltem Gem\u00fcse und Kaninchenfleisch. <\/p>\n","protected":false},"featured_media":920,"template":"","meta":[],"product_brand":[],"product_cat":[485],"product_tag":[],"class_list":{"0":"post-14019","1":"product","2":"type-product","3":"status-publish","4":"has-post-thumbnail","6":"product_cat-4774-von-vater-zu-sohn","8":"first","9":"outofstock","10":"shipping-taxable","11":"product-type-simple"},"yoast_head":"<!-- This site is optimized with the Yoast SEO plugin v27.3 - https:\/\/yoast.com\/product\/yoast-seo-wordpress\/ -->\n<title>Balsamico-Essig aus Modena g.g.A. - 4774 Bronze | Acetaia Marchi<\/title>\n<meta name=\"description\" content=\"Balsamico-Essig aus Modena g.g.A. Bronze: 3 Jahre in Eichenf\u00e4ssern gereift. Die Trauben stammen aus den Weinbergen der Familie in der Umgebung von Modena.\" \/>\n<meta name=\"robots\" content=\"index, follow, max-snippet:-1, max-image-preview:large, max-video-preview:-1\" \/>\n<link rel=\"canonical\" href=\"https:\/\/www.acetaiamarchi.com\/de\/produkt\/balsamico-essig-aus-modena-g-g-a-bronze\/\" \/>\n<meta property=\"og:locale\" content=\"de_DE\" \/>\n<meta property=\"og:type\" content=\"article\" \/>\n<meta property=\"og:title\" content=\"Balsamico-Essig aus Modena g.g.A. - 4774 Bronze | Acetaia Marchi\" \/>\n<meta property=\"og:description\" content=\"Balsamico-Essig aus Modena g.g.A. Bronze: 3 Jahre in Eichenf\u00e4ssern gereift. Die Trauben stammen aus den Weinbergen der Familie in der Umgebung von Modena.\" \/>\n<meta property=\"og:url\" content=\"https:\/\/www.acetaiamarchi.com\/de\/produkt\/balsamico-essig-aus-modena-g-g-a-bronze\/\" \/>\n<meta property=\"og:site_name\" content=\"Acetaia Marchi\" \/>\n<meta property=\"article:modified_time\" content=\"2026-01-13T16:45:36+00:00\" \/>\n<meta property=\"og:image\" content=\"https:\/\/www.acetaiamarchi.com\/wp-content\/uploads\/2025\/03\/Aceto-Balsamico-di-Modena-IGP-collezione-477-Bronzo.jpg\" \/>\n\t<meta property=\"og:image:width\" content=\"1600\" \/>\n\t<meta property=\"og:image:height\" content=\"1600\" \/>\n\t<meta property=\"og:image:type\" content=\"image\/jpeg\" \/>\n<meta name=\"twitter:card\" content=\"summary_large_image\" \/>\n<meta name=\"twitter:label1\" content=\"Gesch\u00e4tzte Lesezeit\" \/>\n\t<meta name=\"twitter:data1\" content=\"1\u00a0Minute\" \/>\n<script type=\"application\/ld+json\" class=\"yoast-schema-graph\">{\"@context\":\"https:\\\/\\\/schema.org\",\"@graph\":[{\"@type\":\"WebPage\",\"@id\":\"https:\\\/\\\/www.acetaiamarchi.com\\\/de\\\/produkt\\\/balsamico-essig-aus-modena-g-g-a-bronze\\\/\",\"url\":\"https:\\\/\\\/www.acetaiamarchi.com\\\/de\\\/produkt\\\/balsamico-essig-aus-modena-g-g-a-bronze\\\/\",\"name\":\"Balsamico-Essig aus Modena g.g.A. - 4774 Bronze | Acetaia Marchi\",\"isPartOf\":{\"@id\":\"https:\\\/\\\/www.acetaiamarchi.com\\\/de\\\/#website\"},\"primaryImageOfPage\":{\"@id\":\"https:\\\/\\\/www.acetaiamarchi.com\\\/de\\\/produkt\\\/balsamico-essig-aus-modena-g-g-a-bronze\\\/#primaryimage\"},\"image\":{\"@id\":\"https:\\\/\\\/www.acetaiamarchi.com\\\/de\\\/produkt\\\/balsamico-essig-aus-modena-g-g-a-bronze\\\/#primaryimage\"},\"thumbnailUrl\":\"https:\\\/\\\/www.acetaiamarchi.com\\\/wp-content\\\/uploads\\\/2025\\\/03\\\/Aceto-Balsamico-di-Modena-IGP-collezione-477-Bronzo.jpg\",\"datePublished\":\"2025-03-24T16:09:17+00:00\",\"dateModified\":\"2026-01-13T16:45:36+00:00\",\"description\":\"Balsamico-Essig aus Modena g.g.A. Bronze: 3 Jahre in Eichenf\u00e4ssern gereift. Die Trauben stammen aus den Weinbergen der Familie in der Umgebung von Modena.\",\"breadcrumb\":{\"@id\":\"https:\\\/\\\/www.acetaiamarchi.com\\\/de\\\/produkt\\\/balsamico-essig-aus-modena-g-g-a-bronze\\\/#breadcrumb\"},\"inLanguage\":\"de\",\"potentialAction\":[{\"@type\":\"ReadAction\",\"target\":[\"https:\\\/\\\/www.acetaiamarchi.com\\\/de\\\/produkt\\\/balsamico-essig-aus-modena-g-g-a-bronze\\\/\"]}]},{\"@type\":\"ImageObject\",\"inLanguage\":\"de\",\"@id\":\"https:\\\/\\\/www.acetaiamarchi.com\\\/de\\\/produkt\\\/balsamico-essig-aus-modena-g-g-a-bronze\\\/#primaryimage\",\"url\":\"https:\\\/\\\/www.acetaiamarchi.com\\\/wp-content\\\/uploads\\\/2025\\\/03\\\/Aceto-Balsamico-di-Modena-IGP-collezione-477-Bronzo.jpg\",\"contentUrl\":\"https:\\\/\\\/www.acetaiamarchi.com\\\/wp-content\\\/uploads\\\/2025\\\/03\\\/Aceto-Balsamico-di-Modena-IGP-collezione-477-Bronzo.jpg\",\"width\":1600,\"height\":1600,\"caption\":\"Aceto Balsamico di Modena IGP - Bronzo - collezione 4774\"},{\"@type\":\"BreadcrumbList\",\"@id\":\"https:\\\/\\\/www.acetaiamarchi.com\\\/de\\\/produkt\\\/balsamico-essig-aus-modena-g-g-a-bronze\\\/#breadcrumb\",\"itemListElement\":[{\"@type\":\"ListItem\",\"position\":1,\"name\":\"Home\",\"item\":\"https:\\\/\\\/www.acetaiamarchi.com\\\/de\\\/\"},{\"@type\":\"ListItem\",\"position\":2,\"name\":\"Produkte\",\"item\":\"https:\\\/\\\/www.acetaiamarchi.com\\\/de\\\/shop\\\/\"},{\"@type\":\"ListItem\",\"position\":3,\"name\":\"Balsamico-Essig aus Modena g.g.A. &#8211; Bronze\"}]},{\"@type\":\"WebSite\",\"@id\":\"https:\\\/\\\/www.acetaiamarchi.com\\\/de\\\/#website\",\"url\":\"https:\\\/\\\/www.acetaiamarchi.com\\\/de\\\/\",\"name\":\"Acetaia Marchi Srl\",\"description\":\"\",\"publisher\":{\"@id\":\"https:\\\/\\\/www.acetaiamarchi.com\\\/de\\\/#organization\"},\"potentialAction\":[{\"@type\":\"SearchAction\",\"target\":{\"@type\":\"EntryPoint\",\"urlTemplate\":\"https:\\\/\\\/www.acetaiamarchi.com\\\/de\\\/?s={search_term_string}\"},\"query-input\":{\"@type\":\"PropertyValueSpecification\",\"valueRequired\":true,\"valueName\":\"search_term_string\"}}],\"inLanguage\":\"de\"},{\"@type\":\"Organization\",\"@id\":\"https:\\\/\\\/www.acetaiamarchi.com\\\/de\\\/#organization\",\"name\":\"Acetaia Marchi Srl\",\"url\":\"https:\\\/\\\/www.acetaiamarchi.com\\\/de\\\/\",\"logo\":{\"@type\":\"ImageObject\",\"inLanguage\":\"de\",\"@id\":\"https:\\\/\\\/www.acetaiamarchi.com\\\/de\\\/#\\\/schema\\\/logo\\\/image\\\/\",\"url\":\"https:\\\/\\\/acetaiamarchi.com\\\/wp-content\\\/uploads\\\/2025\\\/03\\\/Acetaia-Marchi-Srl-Logo.png\",\"contentUrl\":\"https:\\\/\\\/acetaiamarchi.com\\\/wp-content\\\/uploads\\\/2025\\\/03\\\/Acetaia-Marchi-Srl-Logo.png\",\"width\":2000,\"height\":2000,\"caption\":\"Acetaia Marchi Srl\"},\"image\":{\"@id\":\"https:\\\/\\\/www.acetaiamarchi.com\\\/de\\\/#\\\/schema\\\/logo\\\/image\\\/\"}}]}<\/script>\n<!-- \/ Yoast SEO plugin. -->","yoast_head_json":{"title":"Balsamico-Essig aus Modena g.g.A. - 4774 Bronze | Acetaia Marchi","description":"Balsamico-Essig aus Modena g.g.A. Bronze: 3 Jahre in Eichenf\u00e4ssern gereift. Die Trauben stammen aus den Weinbergen der Familie in der Umgebung von Modena.","robots":{"index":"index","follow":"follow","max-snippet":"max-snippet:-1","max-image-preview":"max-image-preview:large","max-video-preview":"max-video-preview:-1"},"canonical":"https:\/\/www.acetaiamarchi.com\/de\/produkt\/balsamico-essig-aus-modena-g-g-a-bronze\/","og_locale":"de_DE","og_type":"article","og_title":"Balsamico-Essig aus Modena g.g.A. - 4774 Bronze | Acetaia Marchi","og_description":"Balsamico-Essig aus Modena g.g.A. Bronze: 3 Jahre in Eichenf\u00e4ssern gereift. Die Trauben stammen aus den Weinbergen der Familie in der Umgebung von Modena.","og_url":"https:\/\/www.acetaiamarchi.com\/de\/produkt\/balsamico-essig-aus-modena-g-g-a-bronze\/","og_site_name":"Acetaia Marchi","article_modified_time":"2026-01-13T16:45:36+00:00","og_image":[{"width":1600,"height":1600,"url":"https:\/\/www.acetaiamarchi.com\/wp-content\/uploads\/2025\/03\/Aceto-Balsamico-di-Modena-IGP-collezione-477-Bronzo.jpg","type":"image\/jpeg"}],"twitter_card":"summary_large_image","twitter_misc":{"Gesch\u00e4tzte Lesezeit":"1\u00a0Minute"},"schema":{"@context":"https:\/\/schema.org","@graph":[{"@type":"WebPage","@id":"https:\/\/www.acetaiamarchi.com\/de\/produkt\/balsamico-essig-aus-modena-g-g-a-bronze\/","url":"https:\/\/www.acetaiamarchi.com\/de\/produkt\/balsamico-essig-aus-modena-g-g-a-bronze\/","name":"Balsamico-Essig aus Modena g.g.A. - 4774 Bronze | Acetaia Marchi","isPartOf":{"@id":"https:\/\/www.acetaiamarchi.com\/de\/#website"},"primaryImageOfPage":{"@id":"https:\/\/www.acetaiamarchi.com\/de\/produkt\/balsamico-essig-aus-modena-g-g-a-bronze\/#primaryimage"},"image":{"@id":"https:\/\/www.acetaiamarchi.com\/de\/produkt\/balsamico-essig-aus-modena-g-g-a-bronze\/#primaryimage"},"thumbnailUrl":"https:\/\/www.acetaiamarchi.com\/wp-content\/uploads\/2025\/03\/Aceto-Balsamico-di-Modena-IGP-collezione-477-Bronzo.jpg","datePublished":"2025-03-24T16:09:17+00:00","dateModified":"2026-01-13T16:45:36+00:00","description":"Balsamico-Essig aus Modena g.g.A. Bronze: 3 Jahre in Eichenf\u00e4ssern gereift. Die Trauben stammen aus den Weinbergen der Familie in der Umgebung von Modena.","breadcrumb":{"@id":"https:\/\/www.acetaiamarchi.com\/de\/produkt\/balsamico-essig-aus-modena-g-g-a-bronze\/#breadcrumb"},"inLanguage":"de","potentialAction":[{"@type":"ReadAction","target":["https:\/\/www.acetaiamarchi.com\/de\/produkt\/balsamico-essig-aus-modena-g-g-a-bronze\/"]}]},{"@type":"ImageObject","inLanguage":"de","@id":"https:\/\/www.acetaiamarchi.com\/de\/produkt\/balsamico-essig-aus-modena-g-g-a-bronze\/#primaryimage","url":"https:\/\/www.acetaiamarchi.com\/wp-content\/uploads\/2025\/03\/Aceto-Balsamico-di-Modena-IGP-collezione-477-Bronzo.jpg","contentUrl":"https:\/\/www.acetaiamarchi.com\/wp-content\/uploads\/2025\/03\/Aceto-Balsamico-di-Modena-IGP-collezione-477-Bronzo.jpg","width":1600,"height":1600,"caption":"Aceto Balsamico di Modena IGP - Bronzo - collezione 4774"},{"@type":"BreadcrumbList","@id":"https:\/\/www.acetaiamarchi.com\/de\/produkt\/balsamico-essig-aus-modena-g-g-a-bronze\/#breadcrumb","itemListElement":[{"@type":"ListItem","position":1,"name":"Home","item":"https:\/\/www.acetaiamarchi.com\/de\/"},{"@type":"ListItem","position":2,"name":"Produkte","item":"https:\/\/www.acetaiamarchi.com\/de\/shop\/"},{"@type":"ListItem","position":3,"name":"Balsamico-Essig aus Modena g.g.A. &#8211; Bronze"}]},{"@type":"WebSite","@id":"https:\/\/www.acetaiamarchi.com\/de\/#website","url":"https:\/\/www.acetaiamarchi.com\/de\/","name":"Acetaia Marchi Srl","description":"","publisher":{"@id":"https:\/\/www.acetaiamarchi.com\/de\/#organization"},"potentialAction":[{"@type":"SearchAction","target":{"@type":"EntryPoint","urlTemplate":"https:\/\/www.acetaiamarchi.com\/de\/?s={search_term_string}"},"query-input":{"@type":"PropertyValueSpecification","valueRequired":true,"valueName":"search_term_string"}}],"inLanguage":"de"},{"@type":"Organization","@id":"https:\/\/www.acetaiamarchi.com\/de\/#organization","name":"Acetaia Marchi Srl","url":"https:\/\/www.acetaiamarchi.com\/de\/","logo":{"@type":"ImageObject","inLanguage":"de","@id":"https:\/\/www.acetaiamarchi.com\/de\/#\/schema\/logo\/image\/","url":"https:\/\/acetaiamarchi.com\/wp-content\/uploads\/2025\/03\/Acetaia-Marchi-Srl-Logo.png","contentUrl":"https:\/\/acetaiamarchi.com\/wp-content\/uploads\/2025\/03\/Acetaia-Marchi-Srl-Logo.png","width":2000,"height":2000,"caption":"Acetaia Marchi Srl"},"image":{"@id":"https:\/\/www.acetaiamarchi.com\/de\/#\/schema\/logo\/image\/"}}]}},"_links":{"self":[{"href":"https:\/\/www.acetaiamarchi.com\/de\/wp-json\/wp\/v2\/product\/14019","targetHints":{"allow":["GET"]}}],"collection":[{"href":"https:\/\/www.acetaiamarchi.com\/de\/wp-json\/wp\/v2\/product"}],"about":[{"href":"https:\/\/www.acetaiamarchi.com\/de\/wp-json\/wp\/v2\/types\/product"}],"version-history":[{"count":1,"href":"https:\/\/www.acetaiamarchi.com\/de\/wp-json\/wp\/v2\/product\/14019\/revisions"}],"predecessor-version":[{"id":14082,"href":"https:\/\/www.acetaiamarchi.com\/de\/wp-json\/wp\/v2\/product\/14019\/revisions\/14082"}],"wp:featuredmedia":[{"embeddable":true,"href":"https:\/\/www.acetaiamarchi.com\/de\/wp-json\/wp\/v2\/media\/920"}],"wp:attachment":[{"href":"https:\/\/www.acetaiamarchi.com\/de\/wp-json\/wp\/v2\/media?parent=14019"}],"wp:term":[{"taxonomy":"product_brand","embeddable":true,"href":"https:\/\/www.acetaiamarchi.com\/de\/wp-json\/wp\/v2\/product_brand?post=14019"},{"taxonomy":"product_cat","embeddable":true,"href":"https:\/\/www.acetaiamarchi.com\/de\/wp-json\/wp\/v2\/product_cat?post=14019"},{"taxonomy":"product_tag","embeddable":true,"href":"https:\/\/www.acetaiamarchi.com\/de\/wp-json\/wp\/v2\/product_tag?post=14019"}],"curies":[{"name":"wp","href":"https:\/\/api.w.org\/{rel}","templated":true}]}}