{"id":13946,"date":"2025-03-24T17:19:58","date_gmt":"2025-03-24T16:19:58","guid":{"rendered":"https:\/\/www.acetaiamarchi.com\/prodotto\/balsamico-essig-aus-modena-g-g-a-silber\/"},"modified":"2026-01-13T17:45:31","modified_gmt":"2026-01-13T16:45:31","slug":"balsamico-essig-aus-modena-g-g-a-silber","status":"publish","type":"product","link":"https:\/\/www.acetaiamarchi.com\/de\/produkt\/balsamico-essig-aus-modena-g-g-a-silber\/","title":{"rendered":"Balsamico-Essig aus Modena g.g.A. &#8211; Silber"},"content":{"rendered":"<p>Aceto Balsamico di Modena IGP Argento, lange in Holzf\u00e4ssern gereift, ist ein authentischer Schatz der italienischen kulinarischen Tradition.<\/p>\n<p>Dieser Essig zeichnet sich durch seinen ausgewogenen Geschmack aus, wobei eine ausgepr\u00e4gte Holzkomponente ihm einen hohen Grad an Weichheit verleiht, wodurch er sich ideal zum Verfeinern von Gerichten und Salaten eignet.<br \/>\nDie Qualit\u00e4t dieses Produkts wird durch die <strong>Trauben, die ausschlie\u00dflich von unseren Familienweinbergen<\/strong> in der wundersch\u00f6nen Landschaft um Modena <strong>stammen<\/strong>, noch gesteigert. Diese Weinberge werden seit Anfang des 20. Jahrhunderts von den Familien Marchi und Cioni bewirtschaftet und erz\u00e4hlen eine Geschichte von Leidenschaft und Hingabe, die von Generation zu Generation weitergegeben wurde. Jeder Tropfen Balsamico-Essig aus Modena IGP Argento verk\u00f6rpert die Essenz eines traditionsreichen Landes und ist das Ergebnis eines konstanten Engagements, um h\u00f6chste Qualit\u00e4t zu gew\u00e4hrleisten.  <\/p>\n<p><em><strong>In der K\u00fcche<\/strong><\/em>Die &#8222;Paste&#8220;: passt hervorragend zu Vorspeisen aller Art, gekochtem Gem\u00fcse und leckeren Schnitzeln<\/p>\n","protected":false},"excerpt":{"rendered":"<p><strong data-start=\"93\" data-end=\"137\">Balsamico-Essig aus Modena IGP Argento.<\/strong><br data-start=\"137\" data-end=\"140\">Dieser in Holzf\u00e4ssern gereifte Balsamico-Essig mit seinem ausgewogenen, holzigen Geschmack stammt aus Trauben, die in unseren historischen Familienweing\u00fctern in Modena angebaut werden.<br \/>\nEr ist weich und vielseitig und eignet sich ideal f\u00fcr Vorspeisen, gekochtes Gem\u00fcse und Schnitzel.<\/p>\n","protected":false},"featured_media":927,"template":"","meta":[],"product_brand":[],"product_cat":[485],"product_tag":[],"class_list":{"0":"post-13946","1":"product","2":"type-product","3":"status-publish","4":"has-post-thumbnail","6":"product_cat-4774-von-vater-zu-sohn","8":"first","9":"instock","10":"shipping-taxable","11":"product-type-simple"},"yoast_head":"<!-- This site is optimized with the Yoast SEO plugin v27.4 - https:\/\/yoast.com\/product\/yoast-seo-wordpress\/ -->\n<title>Balsamico-Essig aus Modena g.g.A. - 4774 Silber | Acetaia Marchi<\/title>\n<meta name=\"description\" content=\"Balsamico-Essig aus Modena IGP Argento, 4 Jahre gereift. Ideal f\u00fcr Gerichte und Salate. Trauben ausschlie\u00dflich aus unseren Familienweinbergen.\" \/>\n<meta name=\"robots\" content=\"index, follow, max-snippet:-1, max-image-preview:large, max-video-preview:-1\" \/>\n<link rel=\"canonical\" href=\"https:\/\/www.acetaiamarchi.com\/de\/produkt\/balsamico-essig-aus-modena-g-g-a-silber\/\" \/>\n<meta property=\"og:locale\" content=\"de_DE\" \/>\n<meta property=\"og:type\" content=\"article\" \/>\n<meta property=\"og:title\" content=\"Balsamico-Essig aus Modena g.g.A. - 4774 Silber | Acetaia Marchi\" \/>\n<meta property=\"og:description\" content=\"Balsamico-Essig aus Modena IGP Argento, 4 Jahre gereift. Ideal f\u00fcr Gerichte und Salate. Trauben ausschlie\u00dflich aus unseren Familienweinbergen.\" \/>\n<meta property=\"og:url\" content=\"https:\/\/www.acetaiamarchi.com\/de\/produkt\/balsamico-essig-aus-modena-g-g-a-silber\/\" \/>\n<meta property=\"og:site_name\" content=\"Acetaia Marchi\" \/>\n<meta property=\"article:modified_time\" content=\"2026-01-13T16:45:31+00:00\" \/>\n<meta property=\"og:image\" content=\"https:\/\/www.acetaiamarchi.com\/wp-content\/uploads\/2025\/03\/Aceto-Balsamico-di-Modena-IGP-collezione-4774-Argento.jpg\" \/>\n\t<meta property=\"og:image:width\" content=\"1600\" \/>\n\t<meta property=\"og:image:height\" content=\"1600\" \/>\n\t<meta property=\"og:image:type\" content=\"image\/jpeg\" \/>\n<meta name=\"twitter:card\" content=\"summary_large_image\" \/>\n<meta name=\"twitter:label1\" content=\"Gesch\u00e4tzte Lesezeit\" \/>\n\t<meta name=\"twitter:data1\" content=\"1\u00a0Minute\" \/>\n<script type=\"application\/ld+json\" class=\"yoast-schema-graph\">{\"@context\":\"https:\\\/\\\/schema.org\",\"@graph\":[{\"@type\":\"WebPage\",\"@id\":\"https:\\\/\\\/www.acetaiamarchi.com\\\/de\\\/produkt\\\/balsamico-essig-aus-modena-g-g-a-silber\\\/\",\"url\":\"https:\\\/\\\/www.acetaiamarchi.com\\\/de\\\/produkt\\\/balsamico-essig-aus-modena-g-g-a-silber\\\/\",\"name\":\"Balsamico-Essig aus Modena g.g.A. - 4774 Silber | Acetaia Marchi\",\"isPartOf\":{\"@id\":\"https:\\\/\\\/www.acetaiamarchi.com\\\/de\\\/#website\"},\"primaryImageOfPage\":{\"@id\":\"https:\\\/\\\/www.acetaiamarchi.com\\\/de\\\/produkt\\\/balsamico-essig-aus-modena-g-g-a-silber\\\/#primaryimage\"},\"image\":{\"@id\":\"https:\\\/\\\/www.acetaiamarchi.com\\\/de\\\/produkt\\\/balsamico-essig-aus-modena-g-g-a-silber\\\/#primaryimage\"},\"thumbnailUrl\":\"https:\\\/\\\/www.acetaiamarchi.com\\\/wp-content\\\/uploads\\\/2025\\\/03\\\/Aceto-Balsamico-di-Modena-IGP-collezione-4774-Argento.jpg\",\"datePublished\":\"2025-03-24T16:19:58+00:00\",\"dateModified\":\"2026-01-13T16:45:31+00:00\",\"description\":\"Balsamico-Essig aus Modena IGP Argento, 4 Jahre gereift. Ideal f\u00fcr Gerichte und Salate. Trauben ausschlie\u00dflich aus unseren Familienweinbergen.\",\"breadcrumb\":{\"@id\":\"https:\\\/\\\/www.acetaiamarchi.com\\\/de\\\/produkt\\\/balsamico-essig-aus-modena-g-g-a-silber\\\/#breadcrumb\"},\"inLanguage\":\"de\",\"potentialAction\":[{\"@type\":\"ReadAction\",\"target\":[\"https:\\\/\\\/www.acetaiamarchi.com\\\/de\\\/produkt\\\/balsamico-essig-aus-modena-g-g-a-silber\\\/\"]}]},{\"@type\":\"ImageObject\",\"inLanguage\":\"de\",\"@id\":\"https:\\\/\\\/www.acetaiamarchi.com\\\/de\\\/produkt\\\/balsamico-essig-aus-modena-g-g-a-silber\\\/#primaryimage\",\"url\":\"https:\\\/\\\/www.acetaiamarchi.com\\\/wp-content\\\/uploads\\\/2025\\\/03\\\/Aceto-Balsamico-di-Modena-IGP-collezione-4774-Argento.jpg\",\"contentUrl\":\"https:\\\/\\\/www.acetaiamarchi.com\\\/wp-content\\\/uploads\\\/2025\\\/03\\\/Aceto-Balsamico-di-Modena-IGP-collezione-4774-Argento.jpg\",\"width\":1600,\"height\":1600,\"caption\":\"Aceto Balsamico di Modena IGP - Argento\"},{\"@type\":\"BreadcrumbList\",\"@id\":\"https:\\\/\\\/www.acetaiamarchi.com\\\/de\\\/produkt\\\/balsamico-essig-aus-modena-g-g-a-silber\\\/#breadcrumb\",\"itemListElement\":[{\"@type\":\"ListItem\",\"position\":1,\"name\":\"Home\",\"item\":\"https:\\\/\\\/www.acetaiamarchi.com\\\/de\\\/\"},{\"@type\":\"ListItem\",\"position\":2,\"name\":\"Produkte\",\"item\":\"https:\\\/\\\/www.acetaiamarchi.com\\\/de\\\/shop\\\/\"},{\"@type\":\"ListItem\",\"position\":3,\"name\":\"Balsamico-Essig aus Modena g.g.A. &#8211; Silber\"}]},{\"@type\":\"WebSite\",\"@id\":\"https:\\\/\\\/www.acetaiamarchi.com\\\/de\\\/#website\",\"url\":\"https:\\\/\\\/www.acetaiamarchi.com\\\/de\\\/\",\"name\":\"Acetaia Marchi Srl\",\"description\":\"\",\"publisher\":{\"@id\":\"https:\\\/\\\/www.acetaiamarchi.com\\\/de\\\/#organization\"},\"potentialAction\":[{\"@type\":\"SearchAction\",\"target\":{\"@type\":\"EntryPoint\",\"urlTemplate\":\"https:\\\/\\\/www.acetaiamarchi.com\\\/de\\\/?s={search_term_string}\"},\"query-input\":{\"@type\":\"PropertyValueSpecification\",\"valueRequired\":true,\"valueName\":\"search_term_string\"}}],\"inLanguage\":\"de\"},{\"@type\":\"Organization\",\"@id\":\"https:\\\/\\\/www.acetaiamarchi.com\\\/de\\\/#organization\",\"name\":\"Acetaia Marchi Srl\",\"url\":\"https:\\\/\\\/www.acetaiamarchi.com\\\/de\\\/\",\"logo\":{\"@type\":\"ImageObject\",\"inLanguage\":\"de\",\"@id\":\"https:\\\/\\\/www.acetaiamarchi.com\\\/de\\\/#\\\/schema\\\/logo\\\/image\\\/\",\"url\":\"https:\\\/\\\/acetaiamarchi.com\\\/wp-content\\\/uploads\\\/2025\\\/03\\\/Acetaia-Marchi-Srl-Logo.png\",\"contentUrl\":\"https:\\\/\\\/acetaiamarchi.com\\\/wp-content\\\/uploads\\\/2025\\\/03\\\/Acetaia-Marchi-Srl-Logo.png\",\"width\":2000,\"height\":2000,\"caption\":\"Acetaia Marchi Srl\"},\"image\":{\"@id\":\"https:\\\/\\\/www.acetaiamarchi.com\\\/de\\\/#\\\/schema\\\/logo\\\/image\\\/\"}}]}<\/script>\n<!-- \/ Yoast SEO plugin. -->","yoast_head_json":{"title":"Balsamico-Essig aus Modena g.g.A. - 4774 Silber | Acetaia Marchi","description":"Balsamico-Essig aus Modena IGP Argento, 4 Jahre gereift. Ideal f\u00fcr Gerichte und Salate. Trauben ausschlie\u00dflich aus unseren Familienweinbergen.","robots":{"index":"index","follow":"follow","max-snippet":"max-snippet:-1","max-image-preview":"max-image-preview:large","max-video-preview":"max-video-preview:-1"},"canonical":"https:\/\/www.acetaiamarchi.com\/de\/produkt\/balsamico-essig-aus-modena-g-g-a-silber\/","og_locale":"de_DE","og_type":"article","og_title":"Balsamico-Essig aus Modena g.g.A. - 4774 Silber | Acetaia Marchi","og_description":"Balsamico-Essig aus Modena IGP Argento, 4 Jahre gereift. Ideal f\u00fcr Gerichte und Salate. Trauben ausschlie\u00dflich aus unseren Familienweinbergen.","og_url":"https:\/\/www.acetaiamarchi.com\/de\/produkt\/balsamico-essig-aus-modena-g-g-a-silber\/","og_site_name":"Acetaia Marchi","article_modified_time":"2026-01-13T16:45:31+00:00","og_image":[{"width":1600,"height":1600,"url":"https:\/\/www.acetaiamarchi.com\/wp-content\/uploads\/2025\/03\/Aceto-Balsamico-di-Modena-IGP-collezione-4774-Argento.jpg","type":"image\/jpeg"}],"twitter_card":"summary_large_image","twitter_misc":{"Gesch\u00e4tzte Lesezeit":"1\u00a0Minute"},"schema":{"@context":"https:\/\/schema.org","@graph":[{"@type":"WebPage","@id":"https:\/\/www.acetaiamarchi.com\/de\/produkt\/balsamico-essig-aus-modena-g-g-a-silber\/","url":"https:\/\/www.acetaiamarchi.com\/de\/produkt\/balsamico-essig-aus-modena-g-g-a-silber\/","name":"Balsamico-Essig aus Modena g.g.A. - 4774 Silber | Acetaia Marchi","isPartOf":{"@id":"https:\/\/www.acetaiamarchi.com\/de\/#website"},"primaryImageOfPage":{"@id":"https:\/\/www.acetaiamarchi.com\/de\/produkt\/balsamico-essig-aus-modena-g-g-a-silber\/#primaryimage"},"image":{"@id":"https:\/\/www.acetaiamarchi.com\/de\/produkt\/balsamico-essig-aus-modena-g-g-a-silber\/#primaryimage"},"thumbnailUrl":"https:\/\/www.acetaiamarchi.com\/wp-content\/uploads\/2025\/03\/Aceto-Balsamico-di-Modena-IGP-collezione-4774-Argento.jpg","datePublished":"2025-03-24T16:19:58+00:00","dateModified":"2026-01-13T16:45:31+00:00","description":"Balsamico-Essig aus Modena IGP Argento, 4 Jahre gereift. Ideal f\u00fcr Gerichte und Salate. Trauben ausschlie\u00dflich aus unseren Familienweinbergen.","breadcrumb":{"@id":"https:\/\/www.acetaiamarchi.com\/de\/produkt\/balsamico-essig-aus-modena-g-g-a-silber\/#breadcrumb"},"inLanguage":"de","potentialAction":[{"@type":"ReadAction","target":["https:\/\/www.acetaiamarchi.com\/de\/produkt\/balsamico-essig-aus-modena-g-g-a-silber\/"]}]},{"@type":"ImageObject","inLanguage":"de","@id":"https:\/\/www.acetaiamarchi.com\/de\/produkt\/balsamico-essig-aus-modena-g-g-a-silber\/#primaryimage","url":"https:\/\/www.acetaiamarchi.com\/wp-content\/uploads\/2025\/03\/Aceto-Balsamico-di-Modena-IGP-collezione-4774-Argento.jpg","contentUrl":"https:\/\/www.acetaiamarchi.com\/wp-content\/uploads\/2025\/03\/Aceto-Balsamico-di-Modena-IGP-collezione-4774-Argento.jpg","width":1600,"height":1600,"caption":"Aceto Balsamico di Modena IGP - Argento"},{"@type":"BreadcrumbList","@id":"https:\/\/www.acetaiamarchi.com\/de\/produkt\/balsamico-essig-aus-modena-g-g-a-silber\/#breadcrumb","itemListElement":[{"@type":"ListItem","position":1,"name":"Home","item":"https:\/\/www.acetaiamarchi.com\/de\/"},{"@type":"ListItem","position":2,"name":"Produkte","item":"https:\/\/www.acetaiamarchi.com\/de\/shop\/"},{"@type":"ListItem","position":3,"name":"Balsamico-Essig aus Modena g.g.A. &#8211; Silber"}]},{"@type":"WebSite","@id":"https:\/\/www.acetaiamarchi.com\/de\/#website","url":"https:\/\/www.acetaiamarchi.com\/de\/","name":"Acetaia Marchi Srl","description":"","publisher":{"@id":"https:\/\/www.acetaiamarchi.com\/de\/#organization"},"potentialAction":[{"@type":"SearchAction","target":{"@type":"EntryPoint","urlTemplate":"https:\/\/www.acetaiamarchi.com\/de\/?s={search_term_string}"},"query-input":{"@type":"PropertyValueSpecification","valueRequired":true,"valueName":"search_term_string"}}],"inLanguage":"de"},{"@type":"Organization","@id":"https:\/\/www.acetaiamarchi.com\/de\/#organization","name":"Acetaia Marchi Srl","url":"https:\/\/www.acetaiamarchi.com\/de\/","logo":{"@type":"ImageObject","inLanguage":"de","@id":"https:\/\/www.acetaiamarchi.com\/de\/#\/schema\/logo\/image\/","url":"https:\/\/acetaiamarchi.com\/wp-content\/uploads\/2025\/03\/Acetaia-Marchi-Srl-Logo.png","contentUrl":"https:\/\/acetaiamarchi.com\/wp-content\/uploads\/2025\/03\/Acetaia-Marchi-Srl-Logo.png","width":2000,"height":2000,"caption":"Acetaia Marchi Srl"},"image":{"@id":"https:\/\/www.acetaiamarchi.com\/de\/#\/schema\/logo\/image\/"}}]}},"_links":{"self":[{"href":"https:\/\/www.acetaiamarchi.com\/de\/wp-json\/wp\/v2\/product\/13946","targetHints":{"allow":["GET"]}}],"collection":[{"href":"https:\/\/www.acetaiamarchi.com\/de\/wp-json\/wp\/v2\/product"}],"about":[{"href":"https:\/\/www.acetaiamarchi.com\/de\/wp-json\/wp\/v2\/types\/product"}],"version-history":[{"count":1,"href":"https:\/\/www.acetaiamarchi.com\/de\/wp-json\/wp\/v2\/product\/13946\/revisions"}],"predecessor-version":[{"id":14081,"href":"https:\/\/www.acetaiamarchi.com\/de\/wp-json\/wp\/v2\/product\/13946\/revisions\/14081"}],"wp:featuredmedia":[{"embeddable":true,"href":"https:\/\/www.acetaiamarchi.com\/de\/wp-json\/wp\/v2\/media\/927"}],"wp:attachment":[{"href":"https:\/\/www.acetaiamarchi.com\/de\/wp-json\/wp\/v2\/media?parent=13946"}],"wp:term":[{"taxonomy":"product_brand","embeddable":true,"href":"https:\/\/www.acetaiamarchi.com\/de\/wp-json\/wp\/v2\/product_brand?post=13946"},{"taxonomy":"product_cat","embeddable":true,"href":"https:\/\/www.acetaiamarchi.com\/de\/wp-json\/wp\/v2\/product_cat?post=13946"},{"taxonomy":"product_tag","embeddable":true,"href":"https:\/\/www.acetaiamarchi.com\/de\/wp-json\/wp\/v2\/product_tag?post=13946"}],"curies":[{"name":"wp","href":"https:\/\/api.w.org\/{rel}","templated":true}]}}