{"id":11708,"date":"2025-03-20T16:43:00","date_gmt":"2025-03-20T15:43:00","guid":{"rendered":"https:\/\/www.acetaiamarchi.com\/?post_type=product&#038;p=11708"},"modified":"2026-01-13T18:40:50","modified_gmt":"2026-01-13T17:40:50","slug":"aceto-balsamico-tradizionale-di-modena-dop-affinato-holzverpackung","status":"publish","type":"product","link":"https:\/\/www.acetaiamarchi.com\/de\/produkt\/aceto-balsamico-tradizionale-di-modena-dop-affinato-holzverpackung\/","title":{"rendered":"Aceto Balsamico Tradizionale di Modena DOP Affinato \u2013 Holzverpackung"},"content":{"rendered":"<p>L\u2019<strong>Aceto Balsamico Tradizionale di Modena DOP Affinato<\/strong>\u00a0wurde einer zertifizierten Mindestreifung von\u00a0<strong>12 Jahren<\/strong>\u00a0unterzogen, die ihm einen einzigartigen und unverwechselbaren Geschmack verleiht.<br \/>\nEr pr\u00e4sentiert sich edel, in einem\u00a0<strong>hochwertigen Holzschatulle<\/strong>, die die Urspr\u00fcnge unseres Produkts widerspiegelt, gedacht, um ihn noch wertvoller und geeigneter f\u00fcr die anspruchsvollsten Geschenke zu machen.<\/p>\n<p>Im Inneren finden Sie die typische Flasche, die kugelf\u00f6rmig mit rechteckigem Boden aus massivem Glas gestaltet ist, exklusiv entworfen von dem Designer Giugiaro.<br \/>\nDie Verwendung dieser Flasche f\u00fcr den Aceto Balsamico Tradizionale di Modena DOP ist f\u00fcr alle Produzenten obligatorisch, da sie in den Produktionsrichtlinien vorgesehen ist. Die Flasche ist mit dem\u00a0<strong>nummerierten Siegel der Zertifizierungsstelle<\/strong>\u00a0versiegelt.<br \/>\nDie Verpackung enth\u00e4lt das\u00a0<strong>Handbuch des Konsortiums<\/strong> in verschiedenen Sprachen. Der Ausgie\u00dfer und der wertvolle L\u00f6ffel aus Keramik.<\/p>\n<p><em><strong>In der K\u00fcche:<\/strong><\/em>\u00a0Der Aceto Balsamico Tradizionale di Modena D.O.P. Affinato ist perfekt f\u00fcr diejenigen, die es lieben, Tropfen f\u00fcr Tropfen zu degustieren. Er ist ein Produkt, das besonders gut zu Parmigiano Reggiano, Erdbeeren oder handwerklichem Eis passt.<\/p>\n","protected":false},"excerpt":{"rendered":"<p>Dieses traditionelle Balsamico-Essig aus Modena DOP hat eine <strong>zertifizierte Mindestreifung von 12 Jahren<\/strong>.<\/p>\n<p>Die Verpackung enth\u00e4lt das Heft des Konsortiums in verschiedenen Sprachen. Der Ausgie\u00dfer und der wertvolle L\u00f6ffel aus Keramik.<\/p>\n","protected":false},"featured_media":788,"template":"","meta":[],"product_brand":[],"product_cat":[482,510],"product_tag":[],"class_list":{"0":"post-11708","1":"product","2":"type-product","3":"status-publish","4":"has-post-thumbnail","6":"product_cat-die-traditionellen","7":"product_cat-geschenkpackungen","9":"first","10":"instock","11":"featured","12":"shipping-taxable","13":"purchasable","14":"product-type-simple"},"yoast_head":"<!-- This site is optimized with the Yoast SEO plugin v27.4 - https:\/\/yoast.com\/product\/yoast-seo-wordpress\/ -->\n<title>Aceto Balsamico Tradizionale di Modena DOP Affinato \u2013 Holzverpackung - Acetaia Marchi<\/title>\n<meta name=\"robots\" content=\"index, follow, max-snippet:-1, max-image-preview:large, max-video-preview:-1\" \/>\n<link rel=\"canonical\" href=\"https:\/\/www.acetaiamarchi.com\/de\/produkt\/aceto-balsamico-tradizionale-di-modena-dop-affinato-holzverpackung\/\" \/>\n<meta property=\"og:locale\" content=\"de_DE\" \/>\n<meta property=\"og:type\" content=\"article\" \/>\n<meta property=\"og:title\" content=\"Aceto Balsamico Tradizionale di Modena DOP Affinato \u2013 Holzverpackung - Acetaia Marchi\" \/>\n<meta property=\"og:description\" content=\"Dieses traditionelle Balsamico-Essig aus Modena DOP hat eine zertifizierte Mindestreifung von 12 Jahren.  Die Verpackung enth\u00e4lt das Heft des Konsortiums in verschiedenen Sprachen. Der Ausgie\u00dfer und der wertvolle L\u00f6ffel aus Keramik.\" \/>\n<meta property=\"og:url\" content=\"https:\/\/www.acetaiamarchi.com\/de\/produkt\/aceto-balsamico-tradizionale-di-modena-dop-affinato-holzverpackung\/\" \/>\n<meta property=\"og:site_name\" content=\"Acetaia Marchi\" \/>\n<meta property=\"article:modified_time\" content=\"2026-01-13T17:40:50+00:00\" \/>\n<meta property=\"og:image\" content=\"https:\/\/www.acetaiamarchi.com\/wp-content\/uploads\/2025\/03\/Aceto-Balsamico-Tradizionale-di-Modena-DOP-Affinato-scatola-legno.jpg\" \/>\n\t<meta property=\"og:image:width\" content=\"1600\" \/>\n\t<meta property=\"og:image:height\" content=\"1600\" \/>\n\t<meta property=\"og:image:type\" content=\"image\/jpeg\" \/>\n<meta name=\"twitter:card\" content=\"summary_large_image\" \/>\n<meta name=\"twitter:label1\" content=\"Gesch\u00e4tzte Lesezeit\" \/>\n\t<meta name=\"twitter:data1\" content=\"2\u00a0Minuten\" \/>\n<script type=\"application\/ld+json\" class=\"yoast-schema-graph\">{\"@context\":\"https:\\\/\\\/schema.org\",\"@graph\":[{\"@type\":\"WebPage\",\"@id\":\"https:\\\/\\\/www.acetaiamarchi.com\\\/de\\\/produkt\\\/aceto-balsamico-tradizionale-di-modena-dop-affinato-holzverpackung\\\/\",\"url\":\"https:\\\/\\\/www.acetaiamarchi.com\\\/de\\\/produkt\\\/aceto-balsamico-tradizionale-di-modena-dop-affinato-holzverpackung\\\/\",\"name\":\"Aceto Balsamico Tradizionale di Modena DOP Affinato \u2013 Holzverpackung - Acetaia Marchi\",\"isPartOf\":{\"@id\":\"https:\\\/\\\/www.acetaiamarchi.com\\\/de\\\/#website\"},\"primaryImageOfPage\":{\"@id\":\"https:\\\/\\\/www.acetaiamarchi.com\\\/de\\\/produkt\\\/aceto-balsamico-tradizionale-di-modena-dop-affinato-holzverpackung\\\/#primaryimage\"},\"image\":{\"@id\":\"https:\\\/\\\/www.acetaiamarchi.com\\\/de\\\/produkt\\\/aceto-balsamico-tradizionale-di-modena-dop-affinato-holzverpackung\\\/#primaryimage\"},\"thumbnailUrl\":\"https:\\\/\\\/www.acetaiamarchi.com\\\/wp-content\\\/uploads\\\/2025\\\/03\\\/Aceto-Balsamico-Tradizionale-di-Modena-DOP-Affinato-scatola-legno.jpg\",\"datePublished\":\"2025-03-20T15:43:00+00:00\",\"dateModified\":\"2026-01-13T17:40:50+00:00\",\"breadcrumb\":{\"@id\":\"https:\\\/\\\/www.acetaiamarchi.com\\\/de\\\/produkt\\\/aceto-balsamico-tradizionale-di-modena-dop-affinato-holzverpackung\\\/#breadcrumb\"},\"inLanguage\":\"de\",\"potentialAction\":[{\"@type\":\"ReadAction\",\"target\":[\"https:\\\/\\\/www.acetaiamarchi.com\\\/de\\\/produkt\\\/aceto-balsamico-tradizionale-di-modena-dop-affinato-holzverpackung\\\/\"]}]},{\"@type\":\"ImageObject\",\"inLanguage\":\"de\",\"@id\":\"https:\\\/\\\/www.acetaiamarchi.com\\\/de\\\/produkt\\\/aceto-balsamico-tradizionale-di-modena-dop-affinato-holzverpackung\\\/#primaryimage\",\"url\":\"https:\\\/\\\/www.acetaiamarchi.com\\\/wp-content\\\/uploads\\\/2025\\\/03\\\/Aceto-Balsamico-Tradizionale-di-Modena-DOP-Affinato-scatola-legno.jpg\",\"contentUrl\":\"https:\\\/\\\/www.acetaiamarchi.com\\\/wp-content\\\/uploads\\\/2025\\\/03\\\/Aceto-Balsamico-Tradizionale-di-Modena-DOP-Affinato-scatola-legno.jpg\",\"width\":1600,\"height\":1600,\"caption\":\"aceto balsamico tradizionale di modena DOP affinato scatola di legno\"},{\"@type\":\"BreadcrumbList\",\"@id\":\"https:\\\/\\\/www.acetaiamarchi.com\\\/de\\\/produkt\\\/aceto-balsamico-tradizionale-di-modena-dop-affinato-holzverpackung\\\/#breadcrumb\",\"itemListElement\":[{\"@type\":\"ListItem\",\"position\":1,\"name\":\"Home\",\"item\":\"https:\\\/\\\/www.acetaiamarchi.com\\\/de\\\/\"},{\"@type\":\"ListItem\",\"position\":2,\"name\":\"Produkte\",\"item\":\"https:\\\/\\\/www.acetaiamarchi.com\\\/de\\\/shop\\\/\"},{\"@type\":\"ListItem\",\"position\":3,\"name\":\"Aceto Balsamico Tradizionale di Modena DOP Affinato \u2013 Holzverpackung\"}]},{\"@type\":\"WebSite\",\"@id\":\"https:\\\/\\\/www.acetaiamarchi.com\\\/de\\\/#website\",\"url\":\"https:\\\/\\\/www.acetaiamarchi.com\\\/de\\\/\",\"name\":\"Acetaia Marchi Srl\",\"description\":\"\",\"publisher\":{\"@id\":\"https:\\\/\\\/www.acetaiamarchi.com\\\/de\\\/#organization\"},\"potentialAction\":[{\"@type\":\"SearchAction\",\"target\":{\"@type\":\"EntryPoint\",\"urlTemplate\":\"https:\\\/\\\/www.acetaiamarchi.com\\\/de\\\/?s={search_term_string}\"},\"query-input\":{\"@type\":\"PropertyValueSpecification\",\"valueRequired\":true,\"valueName\":\"search_term_string\"}}],\"inLanguage\":\"de\"},{\"@type\":\"Organization\",\"@id\":\"https:\\\/\\\/www.acetaiamarchi.com\\\/de\\\/#organization\",\"name\":\"Acetaia Marchi Srl\",\"url\":\"https:\\\/\\\/www.acetaiamarchi.com\\\/de\\\/\",\"logo\":{\"@type\":\"ImageObject\",\"inLanguage\":\"de\",\"@id\":\"https:\\\/\\\/www.acetaiamarchi.com\\\/de\\\/#\\\/schema\\\/logo\\\/image\\\/\",\"url\":\"https:\\\/\\\/acetaiamarchi.com\\\/wp-content\\\/uploads\\\/2025\\\/03\\\/Acetaia-Marchi-Srl-Logo.png\",\"contentUrl\":\"https:\\\/\\\/acetaiamarchi.com\\\/wp-content\\\/uploads\\\/2025\\\/03\\\/Acetaia-Marchi-Srl-Logo.png\",\"width\":2000,\"height\":2000,\"caption\":\"Acetaia Marchi Srl\"},\"image\":{\"@id\":\"https:\\\/\\\/www.acetaiamarchi.com\\\/de\\\/#\\\/schema\\\/logo\\\/image\\\/\"}}]}<\/script>\n<!-- \/ Yoast SEO plugin. -->","yoast_head_json":{"title":"Aceto Balsamico Tradizionale di Modena DOP Affinato \u2013 Holzverpackung - Acetaia Marchi","robots":{"index":"index","follow":"follow","max-snippet":"max-snippet:-1","max-image-preview":"max-image-preview:large","max-video-preview":"max-video-preview:-1"},"canonical":"https:\/\/www.acetaiamarchi.com\/de\/produkt\/aceto-balsamico-tradizionale-di-modena-dop-affinato-holzverpackung\/","og_locale":"de_DE","og_type":"article","og_title":"Aceto Balsamico Tradizionale di Modena DOP Affinato \u2013 Holzverpackung - Acetaia Marchi","og_description":"Dieses traditionelle Balsamico-Essig aus Modena DOP hat eine zertifizierte Mindestreifung von 12 Jahren.  Die Verpackung enth\u00e4lt das Heft des Konsortiums in verschiedenen Sprachen. Der Ausgie\u00dfer und der wertvolle L\u00f6ffel aus Keramik.","og_url":"https:\/\/www.acetaiamarchi.com\/de\/produkt\/aceto-balsamico-tradizionale-di-modena-dop-affinato-holzverpackung\/","og_site_name":"Acetaia Marchi","article_modified_time":"2026-01-13T17:40:50+00:00","og_image":[{"width":1600,"height":1600,"url":"https:\/\/www.acetaiamarchi.com\/wp-content\/uploads\/2025\/03\/Aceto-Balsamico-Tradizionale-di-Modena-DOP-Affinato-scatola-legno.jpg","type":"image\/jpeg"}],"twitter_card":"summary_large_image","twitter_misc":{"Gesch\u00e4tzte Lesezeit":"2\u00a0Minuten"},"schema":{"@context":"https:\/\/schema.org","@graph":[{"@type":"WebPage","@id":"https:\/\/www.acetaiamarchi.com\/de\/produkt\/aceto-balsamico-tradizionale-di-modena-dop-affinato-holzverpackung\/","url":"https:\/\/www.acetaiamarchi.com\/de\/produkt\/aceto-balsamico-tradizionale-di-modena-dop-affinato-holzverpackung\/","name":"Aceto Balsamico Tradizionale di Modena DOP Affinato \u2013 Holzverpackung - Acetaia Marchi","isPartOf":{"@id":"https:\/\/www.acetaiamarchi.com\/de\/#website"},"primaryImageOfPage":{"@id":"https:\/\/www.acetaiamarchi.com\/de\/produkt\/aceto-balsamico-tradizionale-di-modena-dop-affinato-holzverpackung\/#primaryimage"},"image":{"@id":"https:\/\/www.acetaiamarchi.com\/de\/produkt\/aceto-balsamico-tradizionale-di-modena-dop-affinato-holzverpackung\/#primaryimage"},"thumbnailUrl":"https:\/\/www.acetaiamarchi.com\/wp-content\/uploads\/2025\/03\/Aceto-Balsamico-Tradizionale-di-Modena-DOP-Affinato-scatola-legno.jpg","datePublished":"2025-03-20T15:43:00+00:00","dateModified":"2026-01-13T17:40:50+00:00","breadcrumb":{"@id":"https:\/\/www.acetaiamarchi.com\/de\/produkt\/aceto-balsamico-tradizionale-di-modena-dop-affinato-holzverpackung\/#breadcrumb"},"inLanguage":"de","potentialAction":[{"@type":"ReadAction","target":["https:\/\/www.acetaiamarchi.com\/de\/produkt\/aceto-balsamico-tradizionale-di-modena-dop-affinato-holzverpackung\/"]}]},{"@type":"ImageObject","inLanguage":"de","@id":"https:\/\/www.acetaiamarchi.com\/de\/produkt\/aceto-balsamico-tradizionale-di-modena-dop-affinato-holzverpackung\/#primaryimage","url":"https:\/\/www.acetaiamarchi.com\/wp-content\/uploads\/2025\/03\/Aceto-Balsamico-Tradizionale-di-Modena-DOP-Affinato-scatola-legno.jpg","contentUrl":"https:\/\/www.acetaiamarchi.com\/wp-content\/uploads\/2025\/03\/Aceto-Balsamico-Tradizionale-di-Modena-DOP-Affinato-scatola-legno.jpg","width":1600,"height":1600,"caption":"aceto balsamico tradizionale di modena DOP affinato scatola di legno"},{"@type":"BreadcrumbList","@id":"https:\/\/www.acetaiamarchi.com\/de\/produkt\/aceto-balsamico-tradizionale-di-modena-dop-affinato-holzverpackung\/#breadcrumb","itemListElement":[{"@type":"ListItem","position":1,"name":"Home","item":"https:\/\/www.acetaiamarchi.com\/de\/"},{"@type":"ListItem","position":2,"name":"Produkte","item":"https:\/\/www.acetaiamarchi.com\/de\/shop\/"},{"@type":"ListItem","position":3,"name":"Aceto Balsamico Tradizionale di Modena DOP Affinato \u2013 Holzverpackung"}]},{"@type":"WebSite","@id":"https:\/\/www.acetaiamarchi.com\/de\/#website","url":"https:\/\/www.acetaiamarchi.com\/de\/","name":"Acetaia Marchi Srl","description":"","publisher":{"@id":"https:\/\/www.acetaiamarchi.com\/de\/#organization"},"potentialAction":[{"@type":"SearchAction","target":{"@type":"EntryPoint","urlTemplate":"https:\/\/www.acetaiamarchi.com\/de\/?s={search_term_string}"},"query-input":{"@type":"PropertyValueSpecification","valueRequired":true,"valueName":"search_term_string"}}],"inLanguage":"de"},{"@type":"Organization","@id":"https:\/\/www.acetaiamarchi.com\/de\/#organization","name":"Acetaia Marchi Srl","url":"https:\/\/www.acetaiamarchi.com\/de\/","logo":{"@type":"ImageObject","inLanguage":"de","@id":"https:\/\/www.acetaiamarchi.com\/de\/#\/schema\/logo\/image\/","url":"https:\/\/acetaiamarchi.com\/wp-content\/uploads\/2025\/03\/Acetaia-Marchi-Srl-Logo.png","contentUrl":"https:\/\/acetaiamarchi.com\/wp-content\/uploads\/2025\/03\/Acetaia-Marchi-Srl-Logo.png","width":2000,"height":2000,"caption":"Acetaia Marchi Srl"},"image":{"@id":"https:\/\/www.acetaiamarchi.com\/de\/#\/schema\/logo\/image\/"}}]}},"_links":{"self":[{"href":"https:\/\/www.acetaiamarchi.com\/de\/wp-json\/wp\/v2\/product\/11708","targetHints":{"allow":["GET"]}}],"collection":[{"href":"https:\/\/www.acetaiamarchi.com\/de\/wp-json\/wp\/v2\/product"}],"about":[{"href":"https:\/\/www.acetaiamarchi.com\/de\/wp-json\/wp\/v2\/types\/product"}],"version-history":[{"count":2,"href":"https:\/\/www.acetaiamarchi.com\/de\/wp-json\/wp\/v2\/product\/11708\/revisions"}],"predecessor-version":[{"id":14074,"href":"https:\/\/www.acetaiamarchi.com\/de\/wp-json\/wp\/v2\/product\/11708\/revisions\/14074"}],"wp:featuredmedia":[{"embeddable":true,"href":"https:\/\/www.acetaiamarchi.com\/de\/wp-json\/wp\/v2\/media\/788"}],"wp:attachment":[{"href":"https:\/\/www.acetaiamarchi.com\/de\/wp-json\/wp\/v2\/media?parent=11708"}],"wp:term":[{"taxonomy":"product_brand","embeddable":true,"href":"https:\/\/www.acetaiamarchi.com\/de\/wp-json\/wp\/v2\/product_brand?post=11708"},{"taxonomy":"product_cat","embeddable":true,"href":"https:\/\/www.acetaiamarchi.com\/de\/wp-json\/wp\/v2\/product_cat?post=11708"},{"taxonomy":"product_tag","embeddable":true,"href":"https:\/\/www.acetaiamarchi.com\/de\/wp-json\/wp\/v2\/product_tag?post=11708"}],"curies":[{"name":"wp","href":"https:\/\/api.w.org\/{rel}","templated":true}]}}