{"id":11650,"date":"2025-03-25T10:09:50","date_gmt":"2025-03-25T09:09:50","guid":{"rendered":"https:\/\/www.acetaiamarchi.com\/prodotto\/aceto-balsamico-di-modena-igp-sigillo-argento-4\/"},"modified":"2025-12-17T14:53:26","modified_gmt":"2025-12-17T13:53:26","slug":"aceto-balsamico-di-modena-igp-silber-siegel","status":"publish","type":"product","link":"https:\/\/www.acetaiamarchi.com\/de\/produkt\/aceto-balsamico-di-modena-igp-silber-siegel\/","title":{"rendered":"Aceto Balsamico di Modena IGP &#8211; Silber"},"content":{"rendered":"<p>Unser <strong>Aceto Balsamico di Modena IGP Sigillo Argento<\/strong> zeichnet sich durch einen ausgewogenen, weichen, umh\u00fcllenden und angenehm s\u00e4uerlichen Geschmack aus. Er hat eine klare, gl\u00e4nzende schwarze Farbe und besticht durch ein duftendes Aroma, das von ausgepr\u00e4gten balsamischen Noten gepr\u00e4gt ist.<\/p>\n<p>Die anhaltenden D\u00fcfte und ausgepr\u00e4gten Geschmacksnoten sind auf die lange Reifung in Eichenf\u00e4ssern zur\u00fcckzuf\u00fchren, der jeder unserer Aceto Balsamico di Modena IGP unterzogen wird. Diese F\u00e4sser werden niemals vollst\u00e4ndig geleert: Dies erm\u00f6glicht uns, einen besonderen kontinuierlichen Kreislauf von Aromen und au\u00dfergew\u00f6hnlichen organoleptischen Eigenschaften zu gew\u00e4hrleisten.<\/p>\n<p>Erh\u00e4ltlich in der eleganten, kubischen 250-ml-Flasche mit Ausgie\u00dfer.<\/p>\n<p><em><strong>In der K\u00fcche:<\/strong><\/em> Dieser Aceto Balsamico di Modena IGP passt hervorragend zu Vorspeisen aller Art, gekochtem Gem\u00fcse und k\u00f6stlichen Schnitzeln.<\/p>\n","protected":false},"excerpt":{"rendered":"<div class=\"woocommerce-product-details__short-description\">\n<p>Erh\u00e4ltlich in der eleganten, w\u00fcrfelf\u00f6rmigen 250-ml-Flasche mit Ausgie\u00dfer.<\/p>\n<\/div>\n","protected":false},"featured_media":941,"template":"","meta":[],"product_brand":[],"product_cat":[488],"product_tag":[],"class_list":{"0":"post-11650","1":"product","2":"type-product","3":"status-publish","4":"has-post-thumbnail","6":"product_cat-die-siegel","8":"first","9":"instock","10":"featured","11":"shipping-taxable","12":"purchasable","13":"product-type-simple"},"yoast_head":"<!-- This site is optimized with the Yoast SEO plugin v27.3 - https:\/\/yoast.com\/product\/yoast-seo-wordpress\/ -->\n<title>Aceto Balsamico di Modena IGP - Silber | Acetaia Marchi<\/title>\n<meta name=\"description\" content=\"Herstellung und Verkauf von Balsamico-Essig aus Modena IGP Sigillo Argento. Ausgewogener, weicher und vollmundiger Geschmack.\" \/>\n<meta name=\"robots\" content=\"index, follow, max-snippet:-1, max-image-preview:large, max-video-preview:-1\" \/>\n<link rel=\"canonical\" href=\"https:\/\/www.acetaiamarchi.com\/de\/produkt\/aceto-balsamico-di-modena-igp-silber-siegel\/\" \/>\n<meta property=\"og:locale\" content=\"de_DE\" \/>\n<meta property=\"og:type\" content=\"article\" \/>\n<meta property=\"og:title\" content=\"Aceto Balsamico di Modena IGP - Silber | Acetaia Marchi\" \/>\n<meta property=\"og:description\" content=\"Herstellung und Verkauf von Balsamico-Essig aus Modena IGP Sigillo Argento. Ausgewogener, weicher und vollmundiger Geschmack.\" \/>\n<meta property=\"og:url\" content=\"https:\/\/www.acetaiamarchi.com\/de\/produkt\/aceto-balsamico-di-modena-igp-silber-siegel\/\" \/>\n<meta property=\"og:site_name\" content=\"Acetaia Marchi\" \/>\n<meta property=\"article:modified_time\" content=\"2025-12-17T13:53:26+00:00\" \/>\n<meta property=\"og:image\" content=\"https:\/\/www.acetaiamarchi.com\/wp-content\/uploads\/2025\/03\/Aceto-Balsamico-di-Modena-IGP-Sigillo-Argento.jpg\" \/>\n\t<meta property=\"og:image:width\" content=\"1600\" \/>\n\t<meta property=\"og:image:height\" content=\"1600\" \/>\n\t<meta property=\"og:image:type\" content=\"image\/jpeg\" \/>\n<meta name=\"twitter:card\" content=\"summary_large_image\" \/>\n<meta name=\"twitter:label1\" content=\"Gesch\u00e4tzte Lesezeit\" \/>\n\t<meta name=\"twitter:data1\" content=\"1\u00a0Minute\" \/>\n<script type=\"application\/ld+json\" class=\"yoast-schema-graph\">{\"@context\":\"https:\\\/\\\/schema.org\",\"@graph\":[{\"@type\":\"WebPage\",\"@id\":\"https:\\\/\\\/www.acetaiamarchi.com\\\/de\\\/produkt\\\/aceto-balsamico-di-modena-igp-silber-siegel\\\/\",\"url\":\"https:\\\/\\\/www.acetaiamarchi.com\\\/de\\\/produkt\\\/aceto-balsamico-di-modena-igp-silber-siegel\\\/\",\"name\":\"Aceto Balsamico di Modena IGP - Silber | Acetaia Marchi\",\"isPartOf\":{\"@id\":\"https:\\\/\\\/www.acetaiamarchi.com\\\/de\\\/#website\"},\"primaryImageOfPage\":{\"@id\":\"https:\\\/\\\/www.acetaiamarchi.com\\\/de\\\/produkt\\\/aceto-balsamico-di-modena-igp-silber-siegel\\\/#primaryimage\"},\"image\":{\"@id\":\"https:\\\/\\\/www.acetaiamarchi.com\\\/de\\\/produkt\\\/aceto-balsamico-di-modena-igp-silber-siegel\\\/#primaryimage\"},\"thumbnailUrl\":\"https:\\\/\\\/www.acetaiamarchi.com\\\/wp-content\\\/uploads\\\/2025\\\/03\\\/Aceto-Balsamico-di-Modena-IGP-Sigillo-Argento.jpg\",\"datePublished\":\"2025-03-25T09:09:50+00:00\",\"dateModified\":\"2025-12-17T13:53:26+00:00\",\"description\":\"Herstellung und Verkauf von Balsamico-Essig aus Modena IGP Sigillo Argento. Ausgewogener, weicher und vollmundiger Geschmack.\",\"breadcrumb\":{\"@id\":\"https:\\\/\\\/www.acetaiamarchi.com\\\/de\\\/produkt\\\/aceto-balsamico-di-modena-igp-silber-siegel\\\/#breadcrumb\"},\"inLanguage\":\"de\",\"potentialAction\":[{\"@type\":\"ReadAction\",\"target\":[\"https:\\\/\\\/www.acetaiamarchi.com\\\/de\\\/produkt\\\/aceto-balsamico-di-modena-igp-silber-siegel\\\/\"]}]},{\"@type\":\"ImageObject\",\"inLanguage\":\"de\",\"@id\":\"https:\\\/\\\/www.acetaiamarchi.com\\\/de\\\/produkt\\\/aceto-balsamico-di-modena-igp-silber-siegel\\\/#primaryimage\",\"url\":\"https:\\\/\\\/www.acetaiamarchi.com\\\/wp-content\\\/uploads\\\/2025\\\/03\\\/Aceto-Balsamico-di-Modena-IGP-Sigillo-Argento.jpg\",\"contentUrl\":\"https:\\\/\\\/www.acetaiamarchi.com\\\/wp-content\\\/uploads\\\/2025\\\/03\\\/Aceto-Balsamico-di-Modena-IGP-Sigillo-Argento.jpg\",\"width\":1600,\"height\":1600,\"caption\":\"Aceto Balsamico di Modena IGP Sigillo Argento\"},{\"@type\":\"BreadcrumbList\",\"@id\":\"https:\\\/\\\/www.acetaiamarchi.com\\\/de\\\/produkt\\\/aceto-balsamico-di-modena-igp-silber-siegel\\\/#breadcrumb\",\"itemListElement\":[{\"@type\":\"ListItem\",\"position\":1,\"name\":\"Home\",\"item\":\"https:\\\/\\\/www.acetaiamarchi.com\\\/de\\\/\"},{\"@type\":\"ListItem\",\"position\":2,\"name\":\"Produkte\",\"item\":\"https:\\\/\\\/www.acetaiamarchi.com\\\/de\\\/shop\\\/\"},{\"@type\":\"ListItem\",\"position\":3,\"name\":\"Aceto Balsamico di Modena IGP &#8211; Silber\"}]},{\"@type\":\"WebSite\",\"@id\":\"https:\\\/\\\/www.acetaiamarchi.com\\\/de\\\/#website\",\"url\":\"https:\\\/\\\/www.acetaiamarchi.com\\\/de\\\/\",\"name\":\"Acetaia Marchi Srl\",\"description\":\"\",\"publisher\":{\"@id\":\"https:\\\/\\\/www.acetaiamarchi.com\\\/de\\\/#organization\"},\"potentialAction\":[{\"@type\":\"SearchAction\",\"target\":{\"@type\":\"EntryPoint\",\"urlTemplate\":\"https:\\\/\\\/www.acetaiamarchi.com\\\/de\\\/?s={search_term_string}\"},\"query-input\":{\"@type\":\"PropertyValueSpecification\",\"valueRequired\":true,\"valueName\":\"search_term_string\"}}],\"inLanguage\":\"de\"},{\"@type\":\"Organization\",\"@id\":\"https:\\\/\\\/www.acetaiamarchi.com\\\/de\\\/#organization\",\"name\":\"Acetaia Marchi Srl\",\"url\":\"https:\\\/\\\/www.acetaiamarchi.com\\\/de\\\/\",\"logo\":{\"@type\":\"ImageObject\",\"inLanguage\":\"de\",\"@id\":\"https:\\\/\\\/www.acetaiamarchi.com\\\/de\\\/#\\\/schema\\\/logo\\\/image\\\/\",\"url\":\"https:\\\/\\\/acetaiamarchi.com\\\/wp-content\\\/uploads\\\/2025\\\/03\\\/Acetaia-Marchi-Srl-Logo.png\",\"contentUrl\":\"https:\\\/\\\/acetaiamarchi.com\\\/wp-content\\\/uploads\\\/2025\\\/03\\\/Acetaia-Marchi-Srl-Logo.png\",\"width\":2000,\"height\":2000,\"caption\":\"Acetaia Marchi Srl\"},\"image\":{\"@id\":\"https:\\\/\\\/www.acetaiamarchi.com\\\/de\\\/#\\\/schema\\\/logo\\\/image\\\/\"}}]}<\/script>\n<!-- \/ Yoast SEO plugin. -->","yoast_head_json":{"title":"Aceto Balsamico di Modena IGP - Silber | Acetaia Marchi","description":"Herstellung und Verkauf von Balsamico-Essig aus Modena IGP Sigillo Argento. Ausgewogener, weicher und vollmundiger Geschmack.","robots":{"index":"index","follow":"follow","max-snippet":"max-snippet:-1","max-image-preview":"max-image-preview:large","max-video-preview":"max-video-preview:-1"},"canonical":"https:\/\/www.acetaiamarchi.com\/de\/produkt\/aceto-balsamico-di-modena-igp-silber-siegel\/","og_locale":"de_DE","og_type":"article","og_title":"Aceto Balsamico di Modena IGP - Silber | Acetaia Marchi","og_description":"Herstellung und Verkauf von Balsamico-Essig aus Modena IGP Sigillo Argento. Ausgewogener, weicher und vollmundiger Geschmack.","og_url":"https:\/\/www.acetaiamarchi.com\/de\/produkt\/aceto-balsamico-di-modena-igp-silber-siegel\/","og_site_name":"Acetaia Marchi","article_modified_time":"2025-12-17T13:53:26+00:00","og_image":[{"width":1600,"height":1600,"url":"https:\/\/www.acetaiamarchi.com\/wp-content\/uploads\/2025\/03\/Aceto-Balsamico-di-Modena-IGP-Sigillo-Argento.jpg","type":"image\/jpeg"}],"twitter_card":"summary_large_image","twitter_misc":{"Gesch\u00e4tzte Lesezeit":"1\u00a0Minute"},"schema":{"@context":"https:\/\/schema.org","@graph":[{"@type":"WebPage","@id":"https:\/\/www.acetaiamarchi.com\/de\/produkt\/aceto-balsamico-di-modena-igp-silber-siegel\/","url":"https:\/\/www.acetaiamarchi.com\/de\/produkt\/aceto-balsamico-di-modena-igp-silber-siegel\/","name":"Aceto Balsamico di Modena IGP - Silber | Acetaia Marchi","isPartOf":{"@id":"https:\/\/www.acetaiamarchi.com\/de\/#website"},"primaryImageOfPage":{"@id":"https:\/\/www.acetaiamarchi.com\/de\/produkt\/aceto-balsamico-di-modena-igp-silber-siegel\/#primaryimage"},"image":{"@id":"https:\/\/www.acetaiamarchi.com\/de\/produkt\/aceto-balsamico-di-modena-igp-silber-siegel\/#primaryimage"},"thumbnailUrl":"https:\/\/www.acetaiamarchi.com\/wp-content\/uploads\/2025\/03\/Aceto-Balsamico-di-Modena-IGP-Sigillo-Argento.jpg","datePublished":"2025-03-25T09:09:50+00:00","dateModified":"2025-12-17T13:53:26+00:00","description":"Herstellung und Verkauf von Balsamico-Essig aus Modena IGP Sigillo Argento. Ausgewogener, weicher und vollmundiger Geschmack.","breadcrumb":{"@id":"https:\/\/www.acetaiamarchi.com\/de\/produkt\/aceto-balsamico-di-modena-igp-silber-siegel\/#breadcrumb"},"inLanguage":"de","potentialAction":[{"@type":"ReadAction","target":["https:\/\/www.acetaiamarchi.com\/de\/produkt\/aceto-balsamico-di-modena-igp-silber-siegel\/"]}]},{"@type":"ImageObject","inLanguage":"de","@id":"https:\/\/www.acetaiamarchi.com\/de\/produkt\/aceto-balsamico-di-modena-igp-silber-siegel\/#primaryimage","url":"https:\/\/www.acetaiamarchi.com\/wp-content\/uploads\/2025\/03\/Aceto-Balsamico-di-Modena-IGP-Sigillo-Argento.jpg","contentUrl":"https:\/\/www.acetaiamarchi.com\/wp-content\/uploads\/2025\/03\/Aceto-Balsamico-di-Modena-IGP-Sigillo-Argento.jpg","width":1600,"height":1600,"caption":"Aceto Balsamico di Modena IGP Sigillo Argento"},{"@type":"BreadcrumbList","@id":"https:\/\/www.acetaiamarchi.com\/de\/produkt\/aceto-balsamico-di-modena-igp-silber-siegel\/#breadcrumb","itemListElement":[{"@type":"ListItem","position":1,"name":"Home","item":"https:\/\/www.acetaiamarchi.com\/de\/"},{"@type":"ListItem","position":2,"name":"Produkte","item":"https:\/\/www.acetaiamarchi.com\/de\/shop\/"},{"@type":"ListItem","position":3,"name":"Aceto Balsamico di Modena IGP &#8211; Silber"}]},{"@type":"WebSite","@id":"https:\/\/www.acetaiamarchi.com\/de\/#website","url":"https:\/\/www.acetaiamarchi.com\/de\/","name":"Acetaia Marchi Srl","description":"","publisher":{"@id":"https:\/\/www.acetaiamarchi.com\/de\/#organization"},"potentialAction":[{"@type":"SearchAction","target":{"@type":"EntryPoint","urlTemplate":"https:\/\/www.acetaiamarchi.com\/de\/?s={search_term_string}"},"query-input":{"@type":"PropertyValueSpecification","valueRequired":true,"valueName":"search_term_string"}}],"inLanguage":"de"},{"@type":"Organization","@id":"https:\/\/www.acetaiamarchi.com\/de\/#organization","name":"Acetaia Marchi Srl","url":"https:\/\/www.acetaiamarchi.com\/de\/","logo":{"@type":"ImageObject","inLanguage":"de","@id":"https:\/\/www.acetaiamarchi.com\/de\/#\/schema\/logo\/image\/","url":"https:\/\/acetaiamarchi.com\/wp-content\/uploads\/2025\/03\/Acetaia-Marchi-Srl-Logo.png","contentUrl":"https:\/\/acetaiamarchi.com\/wp-content\/uploads\/2025\/03\/Acetaia-Marchi-Srl-Logo.png","width":2000,"height":2000,"caption":"Acetaia Marchi Srl"},"image":{"@id":"https:\/\/www.acetaiamarchi.com\/de\/#\/schema\/logo\/image\/"}}]}},"_links":{"self":[{"href":"https:\/\/www.acetaiamarchi.com\/de\/wp-json\/wp\/v2\/product\/11650","targetHints":{"allow":["GET"]}}],"collection":[{"href":"https:\/\/www.acetaiamarchi.com\/de\/wp-json\/wp\/v2\/product"}],"about":[{"href":"https:\/\/www.acetaiamarchi.com\/de\/wp-json\/wp\/v2\/types\/product"}],"version-history":[{"count":2,"href":"https:\/\/www.acetaiamarchi.com\/de\/wp-json\/wp\/v2\/product\/11650\/revisions"}],"predecessor-version":[{"id":13792,"href":"https:\/\/www.acetaiamarchi.com\/de\/wp-json\/wp\/v2\/product\/11650\/revisions\/13792"}],"wp:featuredmedia":[{"embeddable":true,"href":"https:\/\/www.acetaiamarchi.com\/de\/wp-json\/wp\/v2\/media\/941"}],"wp:attachment":[{"href":"https:\/\/www.acetaiamarchi.com\/de\/wp-json\/wp\/v2\/media?parent=11650"}],"wp:term":[{"taxonomy":"product_brand","embeddable":true,"href":"https:\/\/www.acetaiamarchi.com\/de\/wp-json\/wp\/v2\/product_brand?post=11650"},{"taxonomy":"product_cat","embeddable":true,"href":"https:\/\/www.acetaiamarchi.com\/de\/wp-json\/wp\/v2\/product_cat?post=11650"},{"taxonomy":"product_tag","embeddable":true,"href":"https:\/\/www.acetaiamarchi.com\/de\/wp-json\/wp\/v2\/product_tag?post=11650"}],"curies":[{"name":"wp","href":"https:\/\/api.w.org\/{rel}","templated":true}]}}