{"id":11638,"date":"2025-03-25T10:25:14","date_gmt":"2025-03-25T09:25:14","guid":{"rendered":"https:\/\/www.acetaiamarchi.com\/prodotto\/aceto-balsamico-di-modena-igp-sigillo-platino-4\/"},"modified":"2025-11-20T10:03:43","modified_gmt":"2025-11-20T09:03:43","slug":"aceto-balsamico-di-modena-igp-platin-siegel","status":"publish","type":"product","link":"https:\/\/www.acetaiamarchi.com\/de\/produkt\/aceto-balsamico-di-modena-igp-platin-siegel\/","title":{"rendered":"Aceto Balsamico di Modena IGP &#8211; Platin-Siegel"},"content":{"rendered":"<p>Mit rundem Geschmack und strukturell komplex pr\u00e4sentiert sich unser <strong>Aceto Balsamico di Modena IGP Sigillo Platino<\/strong> mit sehr anhaltenden Tanninnoten. Er hat eine intensive, gl\u00e4nzend schwarze Farbe, ein ausgepr\u00e4gtes, zartes und ausgesprochen angenehmes Aroma. Er erweist sich als unverzichtbare Zutat in der K\u00fcche, gerade weil er sich perfekt f\u00fcr die Zubereitung von <strong>feineren und komplexeren Rezepten<\/strong> eignet.<\/p>\n<p>Die anhaltenden D\u00fcfte und ausgepr\u00e4gten Geschmacksnoten, die diesen Aceto Balsamico di Modena IGP auszeichnen, entstehen durch die lange Reifung in Eichenf\u00e4ssern. Unsere <strong>F\u00e4sser aus edlem Holz<\/strong> werden niemals vollst\u00e4ndig geleert: Dies erm\u00f6glicht uns, einen kontinuierlichen Aromenkreislauf zu schaffen und unsere Produkte mit au\u00dfergew\u00f6hnlichen Eigenschaften zu veredeln.<\/p>\n<p>Erh\u00e4ltlich in der eleganten, kubischen 250-ml-Flasche mit Ausgie\u00dfer.<\/p>\n<p><em><strong>In der K\u00fcche:<\/strong><\/em> Dieser Aceto Balsamico di Modena IGP eignet sich besonders zur Zubereitung von herzhaften T\u00f6rtchen und zur Verfeinerung des Geschmacks von gekochtem Gem\u00fcse und Riesengarnelen.<\/p>\n","protected":false},"excerpt":{"rendered":"<div class=\"woocommerce-product-details__short-description\">\n<p>Erh\u00e4ltlich in der eleganten, w\u00fcrfelf\u00f6rmigen 250-ml-Flasche mit Ausgie\u00dfer.<\/p>\n<\/div>\n","protected":false},"featured_media":937,"template":"","meta":[],"product_brand":[],"product_cat":[488],"product_tag":[],"class_list":{"0":"post-11638","1":"product","2":"type-product","3":"status-publish","4":"has-post-thumbnail","6":"product_cat-die-siegel","8":"first","9":"instock","10":"featured","11":"shipping-taxable","12":"purchasable","13":"product-type-simple"},"yoast_head":"<!-- This site is optimized with the Yoast SEO plugin v27.3 - https:\/\/yoast.com\/product\/yoast-seo-wordpress\/ -->\n<title>Aceto Balsamico di Modena IGP - Platin-Siegel | Acetaia Marchi<\/title>\n<meta name=\"description\" content=\"Produzione Aceto Balsamico di Modena IGP sigillo Platino. Sapore rotondo e note tanniche molto persistenti per ricette complesse e raffinate.\" \/>\n<meta name=\"robots\" content=\"index, follow, max-snippet:-1, max-image-preview:large, max-video-preview:-1\" \/>\n<link rel=\"canonical\" href=\"https:\/\/www.acetaiamarchi.com\/de\/produkt\/aceto-balsamico-di-modena-igp-platin-siegel\/\" \/>\n<meta property=\"og:locale\" content=\"de_DE\" \/>\n<meta property=\"og:type\" content=\"article\" \/>\n<meta property=\"og:title\" content=\"Aceto Balsamico di Modena IGP - Platin-Siegel | Acetaia Marchi\" \/>\n<meta property=\"og:description\" content=\"Produzione Aceto Balsamico di Modena IGP sigillo Platino. Sapore rotondo e note tanniche molto persistenti per ricette complesse e raffinate.\" \/>\n<meta property=\"og:url\" content=\"https:\/\/www.acetaiamarchi.com\/de\/produkt\/aceto-balsamico-di-modena-igp-platin-siegel\/\" \/>\n<meta property=\"og:site_name\" content=\"Acetaia Marchi\" \/>\n<meta property=\"article:modified_time\" content=\"2025-11-20T09:03:43+00:00\" \/>\n<meta property=\"og:image\" content=\"https:\/\/www.acetaiamarchi.com\/wp-content\/uploads\/2025\/03\/Aceto-Balsamico-di-Modena-IGP-Sigillo-Platino.jpg\" \/>\n\t<meta property=\"og:image:width\" content=\"1600\" \/>\n\t<meta property=\"og:image:height\" content=\"1600\" \/>\n\t<meta property=\"og:image:type\" content=\"image\/jpeg\" \/>\n<meta name=\"twitter:card\" content=\"summary_large_image\" \/>\n<meta name=\"twitter:label1\" content=\"Gesch\u00e4tzte Lesezeit\" \/>\n\t<meta name=\"twitter:data1\" content=\"1\u00a0Minute\" \/>\n<script type=\"application\/ld+json\" class=\"yoast-schema-graph\">{\"@context\":\"https:\\\/\\\/schema.org\",\"@graph\":[{\"@type\":\"WebPage\",\"@id\":\"https:\\\/\\\/www.acetaiamarchi.com\\\/de\\\/produkt\\\/aceto-balsamico-di-modena-igp-platin-siegel\\\/\",\"url\":\"https:\\\/\\\/www.acetaiamarchi.com\\\/de\\\/produkt\\\/aceto-balsamico-di-modena-igp-platin-siegel\\\/\",\"name\":\"Aceto Balsamico di Modena IGP - Platin-Siegel | Acetaia Marchi\",\"isPartOf\":{\"@id\":\"https:\\\/\\\/www.acetaiamarchi.com\\\/de\\\/#website\"},\"primaryImageOfPage\":{\"@id\":\"https:\\\/\\\/www.acetaiamarchi.com\\\/de\\\/produkt\\\/aceto-balsamico-di-modena-igp-platin-siegel\\\/#primaryimage\"},\"image\":{\"@id\":\"https:\\\/\\\/www.acetaiamarchi.com\\\/de\\\/produkt\\\/aceto-balsamico-di-modena-igp-platin-siegel\\\/#primaryimage\"},\"thumbnailUrl\":\"https:\\\/\\\/www.acetaiamarchi.com\\\/wp-content\\\/uploads\\\/2025\\\/03\\\/Aceto-Balsamico-di-Modena-IGP-Sigillo-Platino.jpg\",\"datePublished\":\"2025-03-25T09:25:14+00:00\",\"dateModified\":\"2025-11-20T09:03:43+00:00\",\"description\":\"Produzione Aceto Balsamico di Modena IGP sigillo Platino. Sapore rotondo e note tanniche molto persistenti per ricette complesse e raffinate.\",\"breadcrumb\":{\"@id\":\"https:\\\/\\\/www.acetaiamarchi.com\\\/de\\\/produkt\\\/aceto-balsamico-di-modena-igp-platin-siegel\\\/#breadcrumb\"},\"inLanguage\":\"de\",\"potentialAction\":[{\"@type\":\"ReadAction\",\"target\":[\"https:\\\/\\\/www.acetaiamarchi.com\\\/de\\\/produkt\\\/aceto-balsamico-di-modena-igp-platin-siegel\\\/\"]}]},{\"@type\":\"ImageObject\",\"inLanguage\":\"de\",\"@id\":\"https:\\\/\\\/www.acetaiamarchi.com\\\/de\\\/produkt\\\/aceto-balsamico-di-modena-igp-platin-siegel\\\/#primaryimage\",\"url\":\"https:\\\/\\\/www.acetaiamarchi.com\\\/wp-content\\\/uploads\\\/2025\\\/03\\\/Aceto-Balsamico-di-Modena-IGP-Sigillo-Platino.jpg\",\"contentUrl\":\"https:\\\/\\\/www.acetaiamarchi.com\\\/wp-content\\\/uploads\\\/2025\\\/03\\\/Aceto-Balsamico-di-Modena-IGP-Sigillo-Platino.jpg\",\"width\":1600,\"height\":1600,\"caption\":\"Aceto Balsamico di Modena IGP Sigillo Platino\"},{\"@type\":\"BreadcrumbList\",\"@id\":\"https:\\\/\\\/www.acetaiamarchi.com\\\/de\\\/produkt\\\/aceto-balsamico-di-modena-igp-platin-siegel\\\/#breadcrumb\",\"itemListElement\":[{\"@type\":\"ListItem\",\"position\":1,\"name\":\"Home\",\"item\":\"https:\\\/\\\/www.acetaiamarchi.com\\\/de\\\/\"},{\"@type\":\"ListItem\",\"position\":2,\"name\":\"Produkte\",\"item\":\"https:\\\/\\\/www.acetaiamarchi.com\\\/de\\\/shop\\\/\"},{\"@type\":\"ListItem\",\"position\":3,\"name\":\"Aceto Balsamico di Modena IGP &#8211; Platin-Siegel\"}]},{\"@type\":\"WebSite\",\"@id\":\"https:\\\/\\\/www.acetaiamarchi.com\\\/de\\\/#website\",\"url\":\"https:\\\/\\\/www.acetaiamarchi.com\\\/de\\\/\",\"name\":\"Acetaia Marchi Srl\",\"description\":\"\",\"publisher\":{\"@id\":\"https:\\\/\\\/www.acetaiamarchi.com\\\/de\\\/#organization\"},\"potentialAction\":[{\"@type\":\"SearchAction\",\"target\":{\"@type\":\"EntryPoint\",\"urlTemplate\":\"https:\\\/\\\/www.acetaiamarchi.com\\\/de\\\/?s={search_term_string}\"},\"query-input\":{\"@type\":\"PropertyValueSpecification\",\"valueRequired\":true,\"valueName\":\"search_term_string\"}}],\"inLanguage\":\"de\"},{\"@type\":\"Organization\",\"@id\":\"https:\\\/\\\/www.acetaiamarchi.com\\\/de\\\/#organization\",\"name\":\"Acetaia Marchi Srl\",\"url\":\"https:\\\/\\\/www.acetaiamarchi.com\\\/de\\\/\",\"logo\":{\"@type\":\"ImageObject\",\"inLanguage\":\"de\",\"@id\":\"https:\\\/\\\/www.acetaiamarchi.com\\\/de\\\/#\\\/schema\\\/logo\\\/image\\\/\",\"url\":\"https:\\\/\\\/acetaiamarchi.com\\\/wp-content\\\/uploads\\\/2025\\\/03\\\/Acetaia-Marchi-Srl-Logo.png\",\"contentUrl\":\"https:\\\/\\\/acetaiamarchi.com\\\/wp-content\\\/uploads\\\/2025\\\/03\\\/Acetaia-Marchi-Srl-Logo.png\",\"width\":2000,\"height\":2000,\"caption\":\"Acetaia Marchi Srl\"},\"image\":{\"@id\":\"https:\\\/\\\/www.acetaiamarchi.com\\\/de\\\/#\\\/schema\\\/logo\\\/image\\\/\"}}]}<\/script>\n<!-- \/ Yoast SEO plugin. -->","yoast_head_json":{"title":"Aceto Balsamico di Modena IGP - Platin-Siegel | Acetaia Marchi","description":"Produzione Aceto Balsamico di Modena IGP sigillo Platino. Sapore rotondo e note tanniche molto persistenti per ricette complesse e raffinate.","robots":{"index":"index","follow":"follow","max-snippet":"max-snippet:-1","max-image-preview":"max-image-preview:large","max-video-preview":"max-video-preview:-1"},"canonical":"https:\/\/www.acetaiamarchi.com\/de\/produkt\/aceto-balsamico-di-modena-igp-platin-siegel\/","og_locale":"de_DE","og_type":"article","og_title":"Aceto Balsamico di Modena IGP - Platin-Siegel | Acetaia Marchi","og_description":"Produzione Aceto Balsamico di Modena IGP sigillo Platino. Sapore rotondo e note tanniche molto persistenti per ricette complesse e raffinate.","og_url":"https:\/\/www.acetaiamarchi.com\/de\/produkt\/aceto-balsamico-di-modena-igp-platin-siegel\/","og_site_name":"Acetaia Marchi","article_modified_time":"2025-11-20T09:03:43+00:00","og_image":[{"width":1600,"height":1600,"url":"https:\/\/www.acetaiamarchi.com\/wp-content\/uploads\/2025\/03\/Aceto-Balsamico-di-Modena-IGP-Sigillo-Platino.jpg","type":"image\/jpeg"}],"twitter_card":"summary_large_image","twitter_misc":{"Gesch\u00e4tzte Lesezeit":"1\u00a0Minute"},"schema":{"@context":"https:\/\/schema.org","@graph":[{"@type":"WebPage","@id":"https:\/\/www.acetaiamarchi.com\/de\/produkt\/aceto-balsamico-di-modena-igp-platin-siegel\/","url":"https:\/\/www.acetaiamarchi.com\/de\/produkt\/aceto-balsamico-di-modena-igp-platin-siegel\/","name":"Aceto Balsamico di Modena IGP - Platin-Siegel | Acetaia Marchi","isPartOf":{"@id":"https:\/\/www.acetaiamarchi.com\/de\/#website"},"primaryImageOfPage":{"@id":"https:\/\/www.acetaiamarchi.com\/de\/produkt\/aceto-balsamico-di-modena-igp-platin-siegel\/#primaryimage"},"image":{"@id":"https:\/\/www.acetaiamarchi.com\/de\/produkt\/aceto-balsamico-di-modena-igp-platin-siegel\/#primaryimage"},"thumbnailUrl":"https:\/\/www.acetaiamarchi.com\/wp-content\/uploads\/2025\/03\/Aceto-Balsamico-di-Modena-IGP-Sigillo-Platino.jpg","datePublished":"2025-03-25T09:25:14+00:00","dateModified":"2025-11-20T09:03:43+00:00","description":"Produzione Aceto Balsamico di Modena IGP sigillo Platino. Sapore rotondo e note tanniche molto persistenti per ricette complesse e raffinate.","breadcrumb":{"@id":"https:\/\/www.acetaiamarchi.com\/de\/produkt\/aceto-balsamico-di-modena-igp-platin-siegel\/#breadcrumb"},"inLanguage":"de","potentialAction":[{"@type":"ReadAction","target":["https:\/\/www.acetaiamarchi.com\/de\/produkt\/aceto-balsamico-di-modena-igp-platin-siegel\/"]}]},{"@type":"ImageObject","inLanguage":"de","@id":"https:\/\/www.acetaiamarchi.com\/de\/produkt\/aceto-balsamico-di-modena-igp-platin-siegel\/#primaryimage","url":"https:\/\/www.acetaiamarchi.com\/wp-content\/uploads\/2025\/03\/Aceto-Balsamico-di-Modena-IGP-Sigillo-Platino.jpg","contentUrl":"https:\/\/www.acetaiamarchi.com\/wp-content\/uploads\/2025\/03\/Aceto-Balsamico-di-Modena-IGP-Sigillo-Platino.jpg","width":1600,"height":1600,"caption":"Aceto Balsamico di Modena IGP Sigillo Platino"},{"@type":"BreadcrumbList","@id":"https:\/\/www.acetaiamarchi.com\/de\/produkt\/aceto-balsamico-di-modena-igp-platin-siegel\/#breadcrumb","itemListElement":[{"@type":"ListItem","position":1,"name":"Home","item":"https:\/\/www.acetaiamarchi.com\/de\/"},{"@type":"ListItem","position":2,"name":"Produkte","item":"https:\/\/www.acetaiamarchi.com\/de\/shop\/"},{"@type":"ListItem","position":3,"name":"Aceto Balsamico di Modena IGP &#8211; Platin-Siegel"}]},{"@type":"WebSite","@id":"https:\/\/www.acetaiamarchi.com\/de\/#website","url":"https:\/\/www.acetaiamarchi.com\/de\/","name":"Acetaia Marchi Srl","description":"","publisher":{"@id":"https:\/\/www.acetaiamarchi.com\/de\/#organization"},"potentialAction":[{"@type":"SearchAction","target":{"@type":"EntryPoint","urlTemplate":"https:\/\/www.acetaiamarchi.com\/de\/?s={search_term_string}"},"query-input":{"@type":"PropertyValueSpecification","valueRequired":true,"valueName":"search_term_string"}}],"inLanguage":"de"},{"@type":"Organization","@id":"https:\/\/www.acetaiamarchi.com\/de\/#organization","name":"Acetaia Marchi Srl","url":"https:\/\/www.acetaiamarchi.com\/de\/","logo":{"@type":"ImageObject","inLanguage":"de","@id":"https:\/\/www.acetaiamarchi.com\/de\/#\/schema\/logo\/image\/","url":"https:\/\/acetaiamarchi.com\/wp-content\/uploads\/2025\/03\/Acetaia-Marchi-Srl-Logo.png","contentUrl":"https:\/\/acetaiamarchi.com\/wp-content\/uploads\/2025\/03\/Acetaia-Marchi-Srl-Logo.png","width":2000,"height":2000,"caption":"Acetaia Marchi Srl"},"image":{"@id":"https:\/\/www.acetaiamarchi.com\/de\/#\/schema\/logo\/image\/"}}]}},"_links":{"self":[{"href":"https:\/\/www.acetaiamarchi.com\/de\/wp-json\/wp\/v2\/product\/11638","targetHints":{"allow":["GET"]}}],"collection":[{"href":"https:\/\/www.acetaiamarchi.com\/de\/wp-json\/wp\/v2\/product"}],"about":[{"href":"https:\/\/www.acetaiamarchi.com\/de\/wp-json\/wp\/v2\/types\/product"}],"version-history":[{"count":1,"href":"https:\/\/www.acetaiamarchi.com\/de\/wp-json\/wp\/v2\/product\/11638\/revisions"}],"predecessor-version":[{"id":11639,"href":"https:\/\/www.acetaiamarchi.com\/de\/wp-json\/wp\/v2\/product\/11638\/revisions\/11639"}],"wp:featuredmedia":[{"embeddable":true,"href":"https:\/\/www.acetaiamarchi.com\/de\/wp-json\/wp\/v2\/media\/937"}],"wp:attachment":[{"href":"https:\/\/www.acetaiamarchi.com\/de\/wp-json\/wp\/v2\/media?parent=11638"}],"wp:term":[{"taxonomy":"product_brand","embeddable":true,"href":"https:\/\/www.acetaiamarchi.com\/de\/wp-json\/wp\/v2\/product_brand?post=11638"},{"taxonomy":"product_cat","embeddable":true,"href":"https:\/\/www.acetaiamarchi.com\/de\/wp-json\/wp\/v2\/product_cat?post=11638"},{"taxonomy":"product_tag","embeddable":true,"href":"https:\/\/www.acetaiamarchi.com\/de\/wp-json\/wp\/v2\/product_tag?post=11638"}],"curies":[{"name":"wp","href":"https:\/\/api.w.org\/{rel}","templated":true}]}}