{"id":11612,"date":"2025-03-25T14:49:12","date_gmt":"2025-03-25T13:49:12","guid":{"rendered":"https:\/\/www.acetaiamarchi.com\/prodotto\/condimento-balsamico-leggendario-26-3\/"},"modified":"2025-11-20T09:30:12","modified_gmt":"2025-11-20T08:30:12","slug":"balsamico-gewurz-leggendario-26","status":"publish","type":"product","link":"https:\/\/www.acetaiamarchi.com\/de\/produkt\/balsamico-gewurz-leggendario-26\/","title":{"rendered":"Balsamico-Gew\u00fcrz &#8222;Leggendario 26&#8220;"},"content":{"rendered":"<p>In F\u00e4ssern aus verschiedenen edlen H\u00f6lzern gereift, ist unser Balsamico-Gew\u00fcrz \u201eLeggendario 26\u201c harmonisch, ausgewogen, rund, voll, intensiv und umh\u00fcllend am Gaumen. Sein strukturell komplexer Geschmack wird durch anhaltende Tanninnoten unterstrichen. Es wird in der Ruhe unserer Essigmanufaktur in Modena hergestellt, dank der Kombination von eingekochtem Most aus den <strong>autochtone Trauben, die auf den Familienb\u00f6den angebaut werden<\/strong>, und hochwertigem Wein-Essig.<\/p>\n<p>Diese sorgf\u00e4ltig ausgew\u00e4hlten Zutaten werden gemischt und \u00fcber einen sehr langen Zeitraum ruhen gelassen. Diese Produktionsphase erm\u00f6glicht es dem Balsamico-Gew\u00fcrz, von der ersten Verkostung an einzigartige organoleptische Eigenschaften zu pr\u00e4sentieren. Das vom \u201eLeggendario 26\u201c angebotene Geschmackserlebnis ist eine Sinfonie der Aromen, die es zu genie\u00dfen gilt, eingeschlossen im antiken 100-ml-Tintenfass.<\/p>\n<p><em><strong>In der K\u00fcche<\/strong><\/em>: Dieses Balsamico-Gew\u00fcrz ist eine k\u00f6stliche Wahl, um den Geschmack von mittelgereiftem K\u00e4se, Pudding und Erdbeeren zu verfeinern.<\/p>\n","protected":false},"excerpt":{"rendered":"<p>\u201eLeggendario 26\u201c ist eine Symphonie der Aromen, die es zu genie\u00dfen gilt, eingeschlossen im antiken 100-ml-Tintenfass.<\/p>\n","protected":false},"featured_media":1077,"template":"","meta":[],"product_brand":[],"product_cat":[494],"product_tag":[],"class_list":{"0":"post-11612","1":"product","2":"type-product","3":"status-publish","4":"has-post-thumbnail","6":"product_cat-balsamische-wuerzmittel","8":"first","9":"instock","10":"featured","11":"shipping-taxable","12":"purchasable","13":"product-type-simple"},"yoast_head":"<!-- This site is optimized with the Yoast SEO plugin v27.4 - https:\/\/yoast.com\/product\/yoast-seo-wordpress\/ -->\n<title>Balsamico-Gew\u00fcrz &quot;Leggendario 26&quot; | Acetaia Marchi<\/title>\n<meta name=\"description\" content=\"Produzione e vendita condimenti balsamici a base di Mosto Cotto delle uve autoctone coltivate nei terreni della famiglia e Aceto di Vino di qualit\u00e0.\" \/>\n<meta name=\"robots\" content=\"index, follow, max-snippet:-1, max-image-preview:large, max-video-preview:-1\" \/>\n<link rel=\"canonical\" href=\"https:\/\/www.acetaiamarchi.com\/de\/produkt\/balsamico-gewurz-leggendario-26\/\" \/>\n<meta property=\"og:locale\" content=\"de_DE\" \/>\n<meta property=\"og:type\" content=\"article\" \/>\n<meta property=\"og:title\" content=\"Balsamico-Gew\u00fcrz &quot;Leggendario 26&quot; | Acetaia Marchi\" \/>\n<meta property=\"og:description\" content=\"Produzione e vendita condimenti balsamici a base di Mosto Cotto delle uve autoctone coltivate nei terreni della famiglia e Aceto di Vino di qualit\u00e0.\" \/>\n<meta property=\"og:url\" content=\"https:\/\/www.acetaiamarchi.com\/de\/produkt\/balsamico-gewurz-leggendario-26\/\" \/>\n<meta property=\"og:site_name\" content=\"Acetaia Marchi\" \/>\n<meta property=\"article:modified_time\" content=\"2025-11-20T08:30:12+00:00\" \/>\n<meta property=\"og:image\" content=\"https:\/\/www.acetaiamarchi.com\/wp-content\/uploads\/2025\/03\/Condimento-Balsamico-Leggendario-26-100ml-scatola.jpg\" \/>\n\t<meta property=\"og:image:width\" content=\"1600\" \/>\n\t<meta property=\"og:image:height\" content=\"1600\" \/>\n\t<meta property=\"og:image:type\" content=\"image\/jpeg\" \/>\n<meta name=\"twitter:card\" content=\"summary_large_image\" \/>\n<meta name=\"twitter:label1\" content=\"Gesch\u00e4tzte Lesezeit\" \/>\n\t<meta name=\"twitter:data1\" content=\"1\u00a0Minute\" \/>\n<script type=\"application\/ld+json\" class=\"yoast-schema-graph\">{\"@context\":\"https:\\\/\\\/schema.org\",\"@graph\":[{\"@type\":\"WebPage\",\"@id\":\"https:\\\/\\\/www.acetaiamarchi.com\\\/de\\\/produkt\\\/balsamico-gewurz-leggendario-26\\\/\",\"url\":\"https:\\\/\\\/www.acetaiamarchi.com\\\/de\\\/produkt\\\/balsamico-gewurz-leggendario-26\\\/\",\"name\":\"Balsamico-Gew\u00fcrz \\\"Leggendario 26\\\" | Acetaia Marchi\",\"isPartOf\":{\"@id\":\"https:\\\/\\\/www.acetaiamarchi.com\\\/de\\\/#website\"},\"primaryImageOfPage\":{\"@id\":\"https:\\\/\\\/www.acetaiamarchi.com\\\/de\\\/produkt\\\/balsamico-gewurz-leggendario-26\\\/#primaryimage\"},\"image\":{\"@id\":\"https:\\\/\\\/www.acetaiamarchi.com\\\/de\\\/produkt\\\/balsamico-gewurz-leggendario-26\\\/#primaryimage\"},\"thumbnailUrl\":\"https:\\\/\\\/www.acetaiamarchi.com\\\/wp-content\\\/uploads\\\/2025\\\/03\\\/Condimento-Balsamico-Leggendario-26-100ml-scatola.jpg\",\"datePublished\":\"2025-03-25T13:49:12+00:00\",\"dateModified\":\"2025-11-20T08:30:12+00:00\",\"description\":\"Produzione e vendita condimenti balsamici a base di Mosto Cotto delle uve autoctone coltivate nei terreni della famiglia e Aceto di Vino di qualit\u00e0.\",\"breadcrumb\":{\"@id\":\"https:\\\/\\\/www.acetaiamarchi.com\\\/de\\\/produkt\\\/balsamico-gewurz-leggendario-26\\\/#breadcrumb\"},\"inLanguage\":\"de\",\"potentialAction\":[{\"@type\":\"ReadAction\",\"target\":[\"https:\\\/\\\/www.acetaiamarchi.com\\\/de\\\/produkt\\\/balsamico-gewurz-leggendario-26\\\/\"]}]},{\"@type\":\"ImageObject\",\"inLanguage\":\"de\",\"@id\":\"https:\\\/\\\/www.acetaiamarchi.com\\\/de\\\/produkt\\\/balsamico-gewurz-leggendario-26\\\/#primaryimage\",\"url\":\"https:\\\/\\\/www.acetaiamarchi.com\\\/wp-content\\\/uploads\\\/2025\\\/03\\\/Condimento-Balsamico-Leggendario-26-100ml-scatola.jpg\",\"contentUrl\":\"https:\\\/\\\/www.acetaiamarchi.com\\\/wp-content\\\/uploads\\\/2025\\\/03\\\/Condimento-Balsamico-Leggendario-26-100ml-scatola.jpg\",\"width\":1600,\"height\":1600,\"caption\":\"Condimento Balsamico \u201cLeggendario 26\u201d\"},{\"@type\":\"BreadcrumbList\",\"@id\":\"https:\\\/\\\/www.acetaiamarchi.com\\\/de\\\/produkt\\\/balsamico-gewurz-leggendario-26\\\/#breadcrumb\",\"itemListElement\":[{\"@type\":\"ListItem\",\"position\":1,\"name\":\"Home\",\"item\":\"https:\\\/\\\/www.acetaiamarchi.com\\\/de\\\/\"},{\"@type\":\"ListItem\",\"position\":2,\"name\":\"Produkte\",\"item\":\"https:\\\/\\\/www.acetaiamarchi.com\\\/de\\\/shop\\\/\"},{\"@type\":\"ListItem\",\"position\":3,\"name\":\"Balsamico-Gew\u00fcrz &#8220;Leggendario 26&#8221;\"}]},{\"@type\":\"WebSite\",\"@id\":\"https:\\\/\\\/www.acetaiamarchi.com\\\/de\\\/#website\",\"url\":\"https:\\\/\\\/www.acetaiamarchi.com\\\/de\\\/\",\"name\":\"Acetaia Marchi Srl\",\"description\":\"\",\"publisher\":{\"@id\":\"https:\\\/\\\/www.acetaiamarchi.com\\\/de\\\/#organization\"},\"potentialAction\":[{\"@type\":\"SearchAction\",\"target\":{\"@type\":\"EntryPoint\",\"urlTemplate\":\"https:\\\/\\\/www.acetaiamarchi.com\\\/de\\\/?s={search_term_string}\"},\"query-input\":{\"@type\":\"PropertyValueSpecification\",\"valueRequired\":true,\"valueName\":\"search_term_string\"}}],\"inLanguage\":\"de\"},{\"@type\":\"Organization\",\"@id\":\"https:\\\/\\\/www.acetaiamarchi.com\\\/de\\\/#organization\",\"name\":\"Acetaia Marchi Srl\",\"url\":\"https:\\\/\\\/www.acetaiamarchi.com\\\/de\\\/\",\"logo\":{\"@type\":\"ImageObject\",\"inLanguage\":\"de\",\"@id\":\"https:\\\/\\\/www.acetaiamarchi.com\\\/de\\\/#\\\/schema\\\/logo\\\/image\\\/\",\"url\":\"https:\\\/\\\/acetaiamarchi.com\\\/wp-content\\\/uploads\\\/2025\\\/03\\\/Acetaia-Marchi-Srl-Logo.png\",\"contentUrl\":\"https:\\\/\\\/acetaiamarchi.com\\\/wp-content\\\/uploads\\\/2025\\\/03\\\/Acetaia-Marchi-Srl-Logo.png\",\"width\":2000,\"height\":2000,\"caption\":\"Acetaia Marchi Srl\"},\"image\":{\"@id\":\"https:\\\/\\\/www.acetaiamarchi.com\\\/de\\\/#\\\/schema\\\/logo\\\/image\\\/\"}}]}<\/script>\n<!-- \/ Yoast SEO plugin. -->","yoast_head_json":{"title":"Balsamico-Gew\u00fcrz \"Leggendario 26\" | Acetaia Marchi","description":"Produzione e vendita condimenti balsamici a base di Mosto Cotto delle uve autoctone coltivate nei terreni della famiglia e Aceto di Vino di qualit\u00e0.","robots":{"index":"index","follow":"follow","max-snippet":"max-snippet:-1","max-image-preview":"max-image-preview:large","max-video-preview":"max-video-preview:-1"},"canonical":"https:\/\/www.acetaiamarchi.com\/de\/produkt\/balsamico-gewurz-leggendario-26\/","og_locale":"de_DE","og_type":"article","og_title":"Balsamico-Gew\u00fcrz \"Leggendario 26\" | Acetaia Marchi","og_description":"Produzione e vendita condimenti balsamici a base di Mosto Cotto delle uve autoctone coltivate nei terreni della famiglia e Aceto di Vino di qualit\u00e0.","og_url":"https:\/\/www.acetaiamarchi.com\/de\/produkt\/balsamico-gewurz-leggendario-26\/","og_site_name":"Acetaia Marchi","article_modified_time":"2025-11-20T08:30:12+00:00","og_image":[{"width":1600,"height":1600,"url":"https:\/\/www.acetaiamarchi.com\/wp-content\/uploads\/2025\/03\/Condimento-Balsamico-Leggendario-26-100ml-scatola.jpg","type":"image\/jpeg"}],"twitter_card":"summary_large_image","twitter_misc":{"Gesch\u00e4tzte Lesezeit":"1\u00a0Minute"},"schema":{"@context":"https:\/\/schema.org","@graph":[{"@type":"WebPage","@id":"https:\/\/www.acetaiamarchi.com\/de\/produkt\/balsamico-gewurz-leggendario-26\/","url":"https:\/\/www.acetaiamarchi.com\/de\/produkt\/balsamico-gewurz-leggendario-26\/","name":"Balsamico-Gew\u00fcrz \"Leggendario 26\" | Acetaia Marchi","isPartOf":{"@id":"https:\/\/www.acetaiamarchi.com\/de\/#website"},"primaryImageOfPage":{"@id":"https:\/\/www.acetaiamarchi.com\/de\/produkt\/balsamico-gewurz-leggendario-26\/#primaryimage"},"image":{"@id":"https:\/\/www.acetaiamarchi.com\/de\/produkt\/balsamico-gewurz-leggendario-26\/#primaryimage"},"thumbnailUrl":"https:\/\/www.acetaiamarchi.com\/wp-content\/uploads\/2025\/03\/Condimento-Balsamico-Leggendario-26-100ml-scatola.jpg","datePublished":"2025-03-25T13:49:12+00:00","dateModified":"2025-11-20T08:30:12+00:00","description":"Produzione e vendita condimenti balsamici a base di Mosto Cotto delle uve autoctone coltivate nei terreni della famiglia e Aceto di Vino di qualit\u00e0.","breadcrumb":{"@id":"https:\/\/www.acetaiamarchi.com\/de\/produkt\/balsamico-gewurz-leggendario-26\/#breadcrumb"},"inLanguage":"de","potentialAction":[{"@type":"ReadAction","target":["https:\/\/www.acetaiamarchi.com\/de\/produkt\/balsamico-gewurz-leggendario-26\/"]}]},{"@type":"ImageObject","inLanguage":"de","@id":"https:\/\/www.acetaiamarchi.com\/de\/produkt\/balsamico-gewurz-leggendario-26\/#primaryimage","url":"https:\/\/www.acetaiamarchi.com\/wp-content\/uploads\/2025\/03\/Condimento-Balsamico-Leggendario-26-100ml-scatola.jpg","contentUrl":"https:\/\/www.acetaiamarchi.com\/wp-content\/uploads\/2025\/03\/Condimento-Balsamico-Leggendario-26-100ml-scatola.jpg","width":1600,"height":1600,"caption":"Condimento Balsamico \u201cLeggendario 26\u201d"},{"@type":"BreadcrumbList","@id":"https:\/\/www.acetaiamarchi.com\/de\/produkt\/balsamico-gewurz-leggendario-26\/#breadcrumb","itemListElement":[{"@type":"ListItem","position":1,"name":"Home","item":"https:\/\/www.acetaiamarchi.com\/de\/"},{"@type":"ListItem","position":2,"name":"Produkte","item":"https:\/\/www.acetaiamarchi.com\/de\/shop\/"},{"@type":"ListItem","position":3,"name":"Balsamico-Gew\u00fcrz &#8220;Leggendario 26&#8221;"}]},{"@type":"WebSite","@id":"https:\/\/www.acetaiamarchi.com\/de\/#website","url":"https:\/\/www.acetaiamarchi.com\/de\/","name":"Acetaia Marchi Srl","description":"","publisher":{"@id":"https:\/\/www.acetaiamarchi.com\/de\/#organization"},"potentialAction":[{"@type":"SearchAction","target":{"@type":"EntryPoint","urlTemplate":"https:\/\/www.acetaiamarchi.com\/de\/?s={search_term_string}"},"query-input":{"@type":"PropertyValueSpecification","valueRequired":true,"valueName":"search_term_string"}}],"inLanguage":"de"},{"@type":"Organization","@id":"https:\/\/www.acetaiamarchi.com\/de\/#organization","name":"Acetaia Marchi Srl","url":"https:\/\/www.acetaiamarchi.com\/de\/","logo":{"@type":"ImageObject","inLanguage":"de","@id":"https:\/\/www.acetaiamarchi.com\/de\/#\/schema\/logo\/image\/","url":"https:\/\/acetaiamarchi.com\/wp-content\/uploads\/2025\/03\/Acetaia-Marchi-Srl-Logo.png","contentUrl":"https:\/\/acetaiamarchi.com\/wp-content\/uploads\/2025\/03\/Acetaia-Marchi-Srl-Logo.png","width":2000,"height":2000,"caption":"Acetaia Marchi Srl"},"image":{"@id":"https:\/\/www.acetaiamarchi.com\/de\/#\/schema\/logo\/image\/"}}]}},"_links":{"self":[{"href":"https:\/\/www.acetaiamarchi.com\/de\/wp-json\/wp\/v2\/product\/11612","targetHints":{"allow":["GET"]}}],"collection":[{"href":"https:\/\/www.acetaiamarchi.com\/de\/wp-json\/wp\/v2\/product"}],"about":[{"href":"https:\/\/www.acetaiamarchi.com\/de\/wp-json\/wp\/v2\/types\/product"}],"version-history":[{"count":1,"href":"https:\/\/www.acetaiamarchi.com\/de\/wp-json\/wp\/v2\/product\/11612\/revisions"}],"predecessor-version":[{"id":11613,"href":"https:\/\/www.acetaiamarchi.com\/de\/wp-json\/wp\/v2\/product\/11612\/revisions\/11613"}],"wp:featuredmedia":[{"embeddable":true,"href":"https:\/\/www.acetaiamarchi.com\/de\/wp-json\/wp\/v2\/media\/1077"}],"wp:attachment":[{"href":"https:\/\/www.acetaiamarchi.com\/de\/wp-json\/wp\/v2\/media?parent=11612"}],"wp:term":[{"taxonomy":"product_brand","embeddable":true,"href":"https:\/\/www.acetaiamarchi.com\/de\/wp-json\/wp\/v2\/product_brand?post=11612"},{"taxonomy":"product_cat","embeddable":true,"href":"https:\/\/www.acetaiamarchi.com\/de\/wp-json\/wp\/v2\/product_cat?post=11612"},{"taxonomy":"product_tag","embeddable":true,"href":"https:\/\/www.acetaiamarchi.com\/de\/wp-json\/wp\/v2\/product_tag?post=11612"}],"curies":[{"name":"wp","href":"https:\/\/api.w.org\/{rel}","templated":true}]}}