{"id":11597,"date":"2025-03-25T15:41:47","date_gmt":"2025-03-25T14:41:47","guid":{"rendered":"https:\/\/www.acetaiamarchi.com\/prodotto\/condimento-balsamico-la-riserva-19-3\/"},"modified":"2025-12-17T15:03:23","modified_gmt":"2025-12-17T14:03:23","slug":"balsamico-dressing-la-riserva-19","status":"publish","type":"product","link":"https:\/\/www.acetaiamarchi.com\/de\/produkt\/balsamico-dressing-la-riserva-19\/","title":{"rendered":"La Riserva 19&#8243; Balsamico Gew\u00fcrz"},"content":{"rendered":"<p>Das Balsamico-W\u00fcrzmittel &#8222;La Riserva 19&#8220; entsteht aus der perfekten Auswahl und Mischung von Mosto Cotto aus einheimischen Trauben, die auf dem Land der Familie angebaut werden, und Weinessig. Dieses Produkt ist Teil unserer wertvollen Balsamico-Gew\u00fcrze, die wir herstellen, indem wir die ausgew\u00e4hlten Zutaten in kleinen F\u00e4ssern aus verschiedenen Edelh\u00f6lzern reifen lassen. Dank letzterem wird der Geschmack unserer Produkte durch eine runde, volle, weiche und umh\u00fcllende Note verst\u00e4rkt.<\/p>\n<p>Der strukturell komplexe Geschmack, die intensive schwarze Farbe und das starke, harmonische Aroma machen dieses Balsamico-W\u00fcrzmittel in jeder Hinsicht ausgezeichnet und perfekt f\u00fcr besondere Anl\u00e4sse. Das Produkt wird in der eleganten 100-ml-Flasche Esmeralda geliefert.<\/p>\n<div class=\"row-container\">\n<div class=\"row row-parent style- no-top-padding no-h-padding no-bottom-padding\">\n<div class=\"tab-container wootabs\">\n<div class=\"tab-content\">\n<div id=\"tab-ingredienti-811\" class=\"tab-pane fade single-h-padding half-internal-gutter single-block-padding active in\">\n<p><em><strong>In der K\u00fcche<\/strong><\/em>Dieses Balsamico-W\u00fcrzmittel eignet sich f\u00fcr die Zubereitung von gekochtem Fleisch, Omeletts und Parmesancremes.<\/p>\n<\/div>\n<\/div>\n<\/div>\n<\/div>\n<\/div>\n<div class=\"row-container row-related\">\n<div class=\"row row-parent style- no-top-padding\">\n<div class=\"related products\"><\/div>\n<\/div>\n<\/div>\n","protected":false},"excerpt":{"rendered":"<p>Entstanden aus der perfekten Auswahl und Mischung von Mosto Cotto und Weinessig aus den besten Trauben des Gebiets, reifen diese wertvollen balsamischen Gew\u00fcrze in kleinen F\u00e4ssern aus verschiedenen Edelh\u00f6lzern, aus denen sie ihre charakteristische runde, volle, weiche, strukturell komplexe Note mit frischen Tanninen, eine intensive, klare und leuchtende schwarze Farbe und ein entscheidendes, zartes, harmonisches und feines Aroma aufnehmen.<\/p>\n","protected":false},"featured_media":1103,"template":"","meta":[],"product_brand":[],"product_cat":[494],"product_tag":[],"class_list":{"0":"post-11597","1":"product","2":"type-product","3":"status-publish","4":"has-post-thumbnail","6":"product_cat-balsamische-wuerzmittel","8":"first","9":"instock","10":"featured","11":"shipping-taxable","12":"purchasable","13":"product-type-simple"},"yoast_head":"<!-- This site is optimized with the Yoast SEO plugin v27.4 - https:\/\/yoast.com\/product\/yoast-seo-wordpress\/ -->\n<title>|<\/title>\n<meta name=\"description\" content=\"Acetaia Marchi ist spezialisiert auf die Herstellung von Balsamico-W\u00fcrzmitteln aus Weinessig und gekochtem Most aus Trauben, die auf dem Land der Familie angebaut werden\" \/>\n<meta name=\"robots\" content=\"index, follow, max-snippet:-1, max-image-preview:large, max-video-preview:-1\" \/>\n<link rel=\"canonical\" href=\"https:\/\/www.acetaiamarchi.com\/de\/produkt\/balsamico-dressing-la-riserva-19\/\" \/>\n<meta property=\"og:locale\" content=\"de_DE\" \/>\n<meta property=\"og:type\" content=\"article\" \/>\n<meta property=\"og:title\" content=\"|\" \/>\n<meta property=\"og:description\" content=\"Acetaia Marchi ist spezialisiert auf die Herstellung von Balsamico-W\u00fcrzmitteln aus Weinessig und gekochtem Most aus Trauben, die auf dem Land der Familie angebaut werden\" \/>\n<meta property=\"og:url\" content=\"https:\/\/www.acetaiamarchi.com\/de\/produkt\/balsamico-dressing-la-riserva-19\/\" \/>\n<meta property=\"og:site_name\" content=\"Acetaia Marchi\" \/>\n<meta property=\"article:modified_time\" content=\"2025-12-17T14:03:23+00:00\" \/>\n<meta property=\"og:image\" content=\"https:\/\/www.acetaiamarchi.com\/wp-content\/uploads\/2025\/03\/Condimento-Balsamico-La-Riserva-19-100ml.jpg\" \/>\n\t<meta property=\"og:image:width\" content=\"1600\" \/>\n\t<meta property=\"og:image:height\" content=\"1600\" \/>\n\t<meta property=\"og:image:type\" content=\"image\/jpeg\" \/>\n<meta name=\"twitter:card\" content=\"summary_large_image\" \/>\n<meta name=\"twitter:label1\" content=\"Gesch\u00e4tzte Lesezeit\" \/>\n\t<meta name=\"twitter:data1\" content=\"1\u00a0Minute\" \/>\n<script type=\"application\/ld+json\" class=\"yoast-schema-graph\">{\"@context\":\"https:\\\/\\\/schema.org\",\"@graph\":[{\"@type\":\"WebPage\",\"@id\":\"https:\\\/\\\/www.acetaiamarchi.com\\\/de\\\/produkt\\\/balsamico-dressing-la-riserva-19\\\/\",\"url\":\"https:\\\/\\\/www.acetaiamarchi.com\\\/de\\\/produkt\\\/balsamico-dressing-la-riserva-19\\\/\",\"name\":\"|\",\"isPartOf\":{\"@id\":\"https:\\\/\\\/www.acetaiamarchi.com\\\/de\\\/#website\"},\"primaryImageOfPage\":{\"@id\":\"https:\\\/\\\/www.acetaiamarchi.com\\\/de\\\/produkt\\\/balsamico-dressing-la-riserva-19\\\/#primaryimage\"},\"image\":{\"@id\":\"https:\\\/\\\/www.acetaiamarchi.com\\\/de\\\/produkt\\\/balsamico-dressing-la-riserva-19\\\/#primaryimage\"},\"thumbnailUrl\":\"https:\\\/\\\/www.acetaiamarchi.com\\\/wp-content\\\/uploads\\\/2025\\\/03\\\/Condimento-Balsamico-La-Riserva-19-100ml.jpg\",\"datePublished\":\"2025-03-25T14:41:47+00:00\",\"dateModified\":\"2025-12-17T14:03:23+00:00\",\"description\":\"Acetaia Marchi ist spezialisiert auf die Herstellung von Balsamico-W\u00fcrzmitteln aus Weinessig und gekochtem Most aus Trauben, die auf dem Land der Familie angebaut werden\",\"breadcrumb\":{\"@id\":\"https:\\\/\\\/www.acetaiamarchi.com\\\/de\\\/produkt\\\/balsamico-dressing-la-riserva-19\\\/#breadcrumb\"},\"inLanguage\":\"de\",\"potentialAction\":[{\"@type\":\"ReadAction\",\"target\":[\"https:\\\/\\\/www.acetaiamarchi.com\\\/de\\\/produkt\\\/balsamico-dressing-la-riserva-19\\\/\"]}]},{\"@type\":\"ImageObject\",\"inLanguage\":\"de\",\"@id\":\"https:\\\/\\\/www.acetaiamarchi.com\\\/de\\\/produkt\\\/balsamico-dressing-la-riserva-19\\\/#primaryimage\",\"url\":\"https:\\\/\\\/www.acetaiamarchi.com\\\/wp-content\\\/uploads\\\/2025\\\/03\\\/Condimento-Balsamico-La-Riserva-19-100ml.jpg\",\"contentUrl\":\"https:\\\/\\\/www.acetaiamarchi.com\\\/wp-content\\\/uploads\\\/2025\\\/03\\\/Condimento-Balsamico-La-Riserva-19-100ml.jpg\",\"width\":1600,\"height\":1600,\"caption\":\"La Riserva 19\"},{\"@type\":\"BreadcrumbList\",\"@id\":\"https:\\\/\\\/www.acetaiamarchi.com\\\/de\\\/produkt\\\/balsamico-dressing-la-riserva-19\\\/#breadcrumb\",\"itemListElement\":[{\"@type\":\"ListItem\",\"position\":1,\"name\":\"Home\",\"item\":\"https:\\\/\\\/www.acetaiamarchi.com\\\/de\\\/\"},{\"@type\":\"ListItem\",\"position\":2,\"name\":\"Produkte\",\"item\":\"https:\\\/\\\/www.acetaiamarchi.com\\\/de\\\/shop\\\/\"},{\"@type\":\"ListItem\",\"position\":3,\"name\":\"La Riserva 19&#8243; Balsamico Gew\u00fcrz\"}]},{\"@type\":\"WebSite\",\"@id\":\"https:\\\/\\\/www.acetaiamarchi.com\\\/de\\\/#website\",\"url\":\"https:\\\/\\\/www.acetaiamarchi.com\\\/de\\\/\",\"name\":\"Acetaia Marchi Srl\",\"description\":\"\",\"publisher\":{\"@id\":\"https:\\\/\\\/www.acetaiamarchi.com\\\/de\\\/#organization\"},\"potentialAction\":[{\"@type\":\"SearchAction\",\"target\":{\"@type\":\"EntryPoint\",\"urlTemplate\":\"https:\\\/\\\/www.acetaiamarchi.com\\\/de\\\/?s={search_term_string}\"},\"query-input\":{\"@type\":\"PropertyValueSpecification\",\"valueRequired\":true,\"valueName\":\"search_term_string\"}}],\"inLanguage\":\"de\"},{\"@type\":\"Organization\",\"@id\":\"https:\\\/\\\/www.acetaiamarchi.com\\\/de\\\/#organization\",\"name\":\"Acetaia Marchi Srl\",\"url\":\"https:\\\/\\\/www.acetaiamarchi.com\\\/de\\\/\",\"logo\":{\"@type\":\"ImageObject\",\"inLanguage\":\"de\",\"@id\":\"https:\\\/\\\/www.acetaiamarchi.com\\\/de\\\/#\\\/schema\\\/logo\\\/image\\\/\",\"url\":\"https:\\\/\\\/acetaiamarchi.com\\\/wp-content\\\/uploads\\\/2025\\\/03\\\/Acetaia-Marchi-Srl-Logo.png\",\"contentUrl\":\"https:\\\/\\\/acetaiamarchi.com\\\/wp-content\\\/uploads\\\/2025\\\/03\\\/Acetaia-Marchi-Srl-Logo.png\",\"width\":2000,\"height\":2000,\"caption\":\"Acetaia Marchi Srl\"},\"image\":{\"@id\":\"https:\\\/\\\/www.acetaiamarchi.com\\\/de\\\/#\\\/schema\\\/logo\\\/image\\\/\"}}]}<\/script>\n<!-- \/ Yoast SEO plugin. -->","yoast_head_json":{"title":"|","description":"Acetaia Marchi ist spezialisiert auf die Herstellung von Balsamico-W\u00fcrzmitteln aus Weinessig und gekochtem Most aus Trauben, die auf dem Land der Familie angebaut werden","robots":{"index":"index","follow":"follow","max-snippet":"max-snippet:-1","max-image-preview":"max-image-preview:large","max-video-preview":"max-video-preview:-1"},"canonical":"https:\/\/www.acetaiamarchi.com\/de\/produkt\/balsamico-dressing-la-riserva-19\/","og_locale":"de_DE","og_type":"article","og_title":"|","og_description":"Acetaia Marchi ist spezialisiert auf die Herstellung von Balsamico-W\u00fcrzmitteln aus Weinessig und gekochtem Most aus Trauben, die auf dem Land der Familie angebaut werden","og_url":"https:\/\/www.acetaiamarchi.com\/de\/produkt\/balsamico-dressing-la-riserva-19\/","og_site_name":"Acetaia Marchi","article_modified_time":"2025-12-17T14:03:23+00:00","og_image":[{"width":1600,"height":1600,"url":"https:\/\/www.acetaiamarchi.com\/wp-content\/uploads\/2025\/03\/Condimento-Balsamico-La-Riserva-19-100ml.jpg","type":"image\/jpeg"}],"twitter_card":"summary_large_image","twitter_misc":{"Gesch\u00e4tzte Lesezeit":"1\u00a0Minute"},"schema":{"@context":"https:\/\/schema.org","@graph":[{"@type":"WebPage","@id":"https:\/\/www.acetaiamarchi.com\/de\/produkt\/balsamico-dressing-la-riserva-19\/","url":"https:\/\/www.acetaiamarchi.com\/de\/produkt\/balsamico-dressing-la-riserva-19\/","name":"|","isPartOf":{"@id":"https:\/\/www.acetaiamarchi.com\/de\/#website"},"primaryImageOfPage":{"@id":"https:\/\/www.acetaiamarchi.com\/de\/produkt\/balsamico-dressing-la-riserva-19\/#primaryimage"},"image":{"@id":"https:\/\/www.acetaiamarchi.com\/de\/produkt\/balsamico-dressing-la-riserva-19\/#primaryimage"},"thumbnailUrl":"https:\/\/www.acetaiamarchi.com\/wp-content\/uploads\/2025\/03\/Condimento-Balsamico-La-Riserva-19-100ml.jpg","datePublished":"2025-03-25T14:41:47+00:00","dateModified":"2025-12-17T14:03:23+00:00","description":"Acetaia Marchi ist spezialisiert auf die Herstellung von Balsamico-W\u00fcrzmitteln aus Weinessig und gekochtem Most aus Trauben, die auf dem Land der Familie angebaut werden","breadcrumb":{"@id":"https:\/\/www.acetaiamarchi.com\/de\/produkt\/balsamico-dressing-la-riserva-19\/#breadcrumb"},"inLanguage":"de","potentialAction":[{"@type":"ReadAction","target":["https:\/\/www.acetaiamarchi.com\/de\/produkt\/balsamico-dressing-la-riserva-19\/"]}]},{"@type":"ImageObject","inLanguage":"de","@id":"https:\/\/www.acetaiamarchi.com\/de\/produkt\/balsamico-dressing-la-riserva-19\/#primaryimage","url":"https:\/\/www.acetaiamarchi.com\/wp-content\/uploads\/2025\/03\/Condimento-Balsamico-La-Riserva-19-100ml.jpg","contentUrl":"https:\/\/www.acetaiamarchi.com\/wp-content\/uploads\/2025\/03\/Condimento-Balsamico-La-Riserva-19-100ml.jpg","width":1600,"height":1600,"caption":"La Riserva 19"},{"@type":"BreadcrumbList","@id":"https:\/\/www.acetaiamarchi.com\/de\/produkt\/balsamico-dressing-la-riserva-19\/#breadcrumb","itemListElement":[{"@type":"ListItem","position":1,"name":"Home","item":"https:\/\/www.acetaiamarchi.com\/de\/"},{"@type":"ListItem","position":2,"name":"Produkte","item":"https:\/\/www.acetaiamarchi.com\/de\/shop\/"},{"@type":"ListItem","position":3,"name":"La Riserva 19&#8243; Balsamico Gew\u00fcrz"}]},{"@type":"WebSite","@id":"https:\/\/www.acetaiamarchi.com\/de\/#website","url":"https:\/\/www.acetaiamarchi.com\/de\/","name":"Acetaia Marchi Srl","description":"","publisher":{"@id":"https:\/\/www.acetaiamarchi.com\/de\/#organization"},"potentialAction":[{"@type":"SearchAction","target":{"@type":"EntryPoint","urlTemplate":"https:\/\/www.acetaiamarchi.com\/de\/?s={search_term_string}"},"query-input":{"@type":"PropertyValueSpecification","valueRequired":true,"valueName":"search_term_string"}}],"inLanguage":"de"},{"@type":"Organization","@id":"https:\/\/www.acetaiamarchi.com\/de\/#organization","name":"Acetaia Marchi Srl","url":"https:\/\/www.acetaiamarchi.com\/de\/","logo":{"@type":"ImageObject","inLanguage":"de","@id":"https:\/\/www.acetaiamarchi.com\/de\/#\/schema\/logo\/image\/","url":"https:\/\/acetaiamarchi.com\/wp-content\/uploads\/2025\/03\/Acetaia-Marchi-Srl-Logo.png","contentUrl":"https:\/\/acetaiamarchi.com\/wp-content\/uploads\/2025\/03\/Acetaia-Marchi-Srl-Logo.png","width":2000,"height":2000,"caption":"Acetaia Marchi Srl"},"image":{"@id":"https:\/\/www.acetaiamarchi.com\/de\/#\/schema\/logo\/image\/"}}]}},"_links":{"self":[{"href":"https:\/\/www.acetaiamarchi.com\/de\/wp-json\/wp\/v2\/product\/11597","targetHints":{"allow":["GET"]}}],"collection":[{"href":"https:\/\/www.acetaiamarchi.com\/de\/wp-json\/wp\/v2\/product"}],"about":[{"href":"https:\/\/www.acetaiamarchi.com\/de\/wp-json\/wp\/v2\/types\/product"}],"version-history":[{"count":3,"href":"https:\/\/www.acetaiamarchi.com\/de\/wp-json\/wp\/v2\/product\/11597\/revisions"}],"predecessor-version":[{"id":13810,"href":"https:\/\/www.acetaiamarchi.com\/de\/wp-json\/wp\/v2\/product\/11597\/revisions\/13810"}],"wp:featuredmedia":[{"embeddable":true,"href":"https:\/\/www.acetaiamarchi.com\/de\/wp-json\/wp\/v2\/media\/1103"}],"wp:attachment":[{"href":"https:\/\/www.acetaiamarchi.com\/de\/wp-json\/wp\/v2\/media?parent=11597"}],"wp:term":[{"taxonomy":"product_brand","embeddable":true,"href":"https:\/\/www.acetaiamarchi.com\/de\/wp-json\/wp\/v2\/product_brand?post=11597"},{"taxonomy":"product_cat","embeddable":true,"href":"https:\/\/www.acetaiamarchi.com\/de\/wp-json\/wp\/v2\/product_cat?post=11597"},{"taxonomy":"product_tag","embeddable":true,"href":"https:\/\/www.acetaiamarchi.com\/de\/wp-json\/wp\/v2\/product_tag?post=11597"}],"curies":[{"name":"wp","href":"https:\/\/api.w.org\/{rel}","templated":true}]}}