{"id":11579,"date":"2025-03-25T16:17:19","date_gmt":"2025-03-25T15:17:19","guid":{"rendered":"https:\/\/www.acetaiamarchi.com\/prodotto\/condimento-balsamico-superiore-14-3\/"},"modified":"2025-11-19T23:52:09","modified_gmt":"2025-11-19T22:52:09","slug":"balsamico-gewurz-superiore-14","status":"publish","type":"product","link":"https:\/\/www.acetaiamarchi.com\/de\/produkt\/balsamico-gewurz-superiore-14\/","title":{"rendered":"Balsamico-Gew\u00fcrz &#8222;Superiore 14&#8220;"},"content":{"rendered":"<p>Der \u201eSuperiore 14\u201c ist ein Balsamico-Gew\u00fcrz, hergestellt aus eingekochtem Most der <strong>autochtone Trauben, die auf den B\u00f6den der Familie angebaut werden<\/strong>, und hochwertigem Weinessig. Beide Zutaten werden sorgf\u00e4ltig ausgew\u00e4hlt und in edlen Holzf\u00e4ssern gereift. Dank der Meisterschaft, Leidenschaft und Tradition, die \u00fcber Jahrhunderte von der Familie Marchi weitergegeben wurden, besticht dieses Produkt durch seine gl\u00e4nzend schwarze Farbe und seinen runden, vollen, entschiedenen und umh\u00fcllenden Geschmack.<\/p>\n<p>Den Balsamico-Gew\u00fcrz \u201eSuperiore 14\u201c zeichnet auch ein <strong>bet\u00f6rendes und harmonisches Aroma<\/strong> aus. Dieses hochwertige Produkt mit einzigartigen und unverwechselbaren Eigenschaften, begehrt und schmackhaft, gilt seit jeher als eine der wichtigsten gastronomischen Spitzenleistungen unserer Region. Es wird in der eleganten Gardenia-Flasche mit 200 ml angeboten.<\/p>\n<p><em><strong>In der K\u00fcche<\/strong><\/em>: Dieses Balsamico-Gew\u00fcrz eignet sich besonders f\u00fcr Rezepte mit Tortelloni, f\u00fcr gegrilltes Fleisch und f\u00fcr s\u00fc\u00dfe sowie herzhafte Mousse.<\/p>\n","protected":false},"excerpt":{"rendered":"<p>Dieses hochwertige Produkt mit einzigartigen und unverwechselbaren Eigenschaften, begehrt und schmackhaft, gilt seit jeher als eine der wichtigsten gastronomischen Spitzenleistungen unserer Region. Es wird in der eleganten Gardenia-Flasche mit 200 ml angeboten.<\/p>\n","protected":false},"featured_media":4165,"template":"","meta":[],"product_brand":[],"product_cat":[494],"product_tag":[],"class_list":{"0":"post-11579","1":"product","2":"type-product","3":"status-publish","4":"has-post-thumbnail","6":"product_cat-balsamische-wuerzmittel","8":"first","9":"instock","10":"featured","11":"shipping-taxable","12":"purchasable","13":"product-type-simple"},"yoast_head":"<!-- This site is optimized with the Yoast SEO plugin v27.4 - https:\/\/yoast.com\/product\/yoast-seo-wordpress\/ -->\n<title>Balsamico-Gew\u00fcrz &quot;Superiore 14&quot; | Acetaia Marchi<\/title>\n<meta name=\"description\" content=\"Condimento Balsamico prodotto da Acetaia Marchi con uve autoctone provenienti da vigneti di famiglia. Indicato per tortelloni e grigliate di carne.\" \/>\n<meta name=\"robots\" content=\"index, follow, max-snippet:-1, max-image-preview:large, max-video-preview:-1\" \/>\n<link rel=\"canonical\" href=\"https:\/\/www.acetaiamarchi.com\/de\/produkt\/balsamico-gewurz-superiore-14\/\" \/>\n<meta property=\"og:locale\" content=\"de_DE\" \/>\n<meta property=\"og:type\" content=\"article\" \/>\n<meta property=\"og:title\" content=\"Balsamico-Gew\u00fcrz &quot;Superiore 14&quot; | Acetaia Marchi\" \/>\n<meta property=\"og:description\" content=\"Condimento Balsamico prodotto da Acetaia Marchi con uve autoctone provenienti da vigneti di famiglia. Indicato per tortelloni e grigliate di carne.\" \/>\n<meta property=\"og:url\" content=\"https:\/\/www.acetaiamarchi.com\/de\/produkt\/balsamico-gewurz-superiore-14\/\" \/>\n<meta property=\"og:site_name\" content=\"Acetaia Marchi\" \/>\n<meta property=\"article:modified_time\" content=\"2025-11-19T22:52:09+00:00\" \/>\n<meta property=\"og:image\" content=\"https:\/\/www.acetaiamarchi.com\/wp-content\/uploads\/2025\/03\/condimento-balsamico-superiore-14.jpg\" \/>\n\t<meta property=\"og:image:width\" content=\"1600\" \/>\n\t<meta property=\"og:image:height\" content=\"1600\" \/>\n\t<meta property=\"og:image:type\" content=\"image\/jpeg\" \/>\n<meta name=\"twitter:card\" content=\"summary_large_image\" \/>\n<meta name=\"twitter:label1\" content=\"Gesch\u00e4tzte Lesezeit\" \/>\n\t<meta name=\"twitter:data1\" content=\"1\u00a0Minute\" \/>\n<script type=\"application\/ld+json\" class=\"yoast-schema-graph\">{\"@context\":\"https:\\\/\\\/schema.org\",\"@graph\":[{\"@type\":\"WebPage\",\"@id\":\"https:\\\/\\\/www.acetaiamarchi.com\\\/de\\\/produkt\\\/balsamico-gewurz-superiore-14\\\/\",\"url\":\"https:\\\/\\\/www.acetaiamarchi.com\\\/de\\\/produkt\\\/balsamico-gewurz-superiore-14\\\/\",\"name\":\"Balsamico-Gew\u00fcrz \\\"Superiore 14\\\" | Acetaia Marchi\",\"isPartOf\":{\"@id\":\"https:\\\/\\\/www.acetaiamarchi.com\\\/de\\\/#website\"},\"primaryImageOfPage\":{\"@id\":\"https:\\\/\\\/www.acetaiamarchi.com\\\/de\\\/produkt\\\/balsamico-gewurz-superiore-14\\\/#primaryimage\"},\"image\":{\"@id\":\"https:\\\/\\\/www.acetaiamarchi.com\\\/de\\\/produkt\\\/balsamico-gewurz-superiore-14\\\/#primaryimage\"},\"thumbnailUrl\":\"https:\\\/\\\/www.acetaiamarchi.com\\\/wp-content\\\/uploads\\\/2025\\\/03\\\/condimento-balsamico-superiore-14.jpg\",\"datePublished\":\"2025-03-25T15:17:19+00:00\",\"dateModified\":\"2025-11-19T22:52:09+00:00\",\"description\":\"Condimento Balsamico prodotto da Acetaia Marchi con uve autoctone provenienti da vigneti di famiglia. Indicato per tortelloni e grigliate di carne.\",\"breadcrumb\":{\"@id\":\"https:\\\/\\\/www.acetaiamarchi.com\\\/de\\\/produkt\\\/balsamico-gewurz-superiore-14\\\/#breadcrumb\"},\"inLanguage\":\"de\",\"potentialAction\":[{\"@type\":\"ReadAction\",\"target\":[\"https:\\\/\\\/www.acetaiamarchi.com\\\/de\\\/produkt\\\/balsamico-gewurz-superiore-14\\\/\"]}]},{\"@type\":\"ImageObject\",\"inLanguage\":\"de\",\"@id\":\"https:\\\/\\\/www.acetaiamarchi.com\\\/de\\\/produkt\\\/balsamico-gewurz-superiore-14\\\/#primaryimage\",\"url\":\"https:\\\/\\\/www.acetaiamarchi.com\\\/wp-content\\\/uploads\\\/2025\\\/03\\\/condimento-balsamico-superiore-14.jpg\",\"contentUrl\":\"https:\\\/\\\/www.acetaiamarchi.com\\\/wp-content\\\/uploads\\\/2025\\\/03\\\/condimento-balsamico-superiore-14.jpg\",\"width\":1600,\"height\":1600,\"caption\":\"Superiore 14\"},{\"@type\":\"BreadcrumbList\",\"@id\":\"https:\\\/\\\/www.acetaiamarchi.com\\\/de\\\/produkt\\\/balsamico-gewurz-superiore-14\\\/#breadcrumb\",\"itemListElement\":[{\"@type\":\"ListItem\",\"position\":1,\"name\":\"Home\",\"item\":\"https:\\\/\\\/www.acetaiamarchi.com\\\/de\\\/\"},{\"@type\":\"ListItem\",\"position\":2,\"name\":\"Produkte\",\"item\":\"https:\\\/\\\/www.acetaiamarchi.com\\\/de\\\/shop\\\/\"},{\"@type\":\"ListItem\",\"position\":3,\"name\":\"Balsamico-Gew\u00fcrz &#8220;Superiore 14&#8221;\"}]},{\"@type\":\"WebSite\",\"@id\":\"https:\\\/\\\/www.acetaiamarchi.com\\\/de\\\/#website\",\"url\":\"https:\\\/\\\/www.acetaiamarchi.com\\\/de\\\/\",\"name\":\"Acetaia Marchi Srl\",\"description\":\"\",\"publisher\":{\"@id\":\"https:\\\/\\\/www.acetaiamarchi.com\\\/de\\\/#organization\"},\"potentialAction\":[{\"@type\":\"SearchAction\",\"target\":{\"@type\":\"EntryPoint\",\"urlTemplate\":\"https:\\\/\\\/www.acetaiamarchi.com\\\/de\\\/?s={search_term_string}\"},\"query-input\":{\"@type\":\"PropertyValueSpecification\",\"valueRequired\":true,\"valueName\":\"search_term_string\"}}],\"inLanguage\":\"de\"},{\"@type\":\"Organization\",\"@id\":\"https:\\\/\\\/www.acetaiamarchi.com\\\/de\\\/#organization\",\"name\":\"Acetaia Marchi Srl\",\"url\":\"https:\\\/\\\/www.acetaiamarchi.com\\\/de\\\/\",\"logo\":{\"@type\":\"ImageObject\",\"inLanguage\":\"de\",\"@id\":\"https:\\\/\\\/www.acetaiamarchi.com\\\/de\\\/#\\\/schema\\\/logo\\\/image\\\/\",\"url\":\"https:\\\/\\\/acetaiamarchi.com\\\/wp-content\\\/uploads\\\/2025\\\/03\\\/Acetaia-Marchi-Srl-Logo.png\",\"contentUrl\":\"https:\\\/\\\/acetaiamarchi.com\\\/wp-content\\\/uploads\\\/2025\\\/03\\\/Acetaia-Marchi-Srl-Logo.png\",\"width\":2000,\"height\":2000,\"caption\":\"Acetaia Marchi Srl\"},\"image\":{\"@id\":\"https:\\\/\\\/www.acetaiamarchi.com\\\/de\\\/#\\\/schema\\\/logo\\\/image\\\/\"}}]}<\/script>\n<!-- \/ Yoast SEO plugin. -->","yoast_head_json":{"title":"Balsamico-Gew\u00fcrz \"Superiore 14\" | Acetaia Marchi","description":"Condimento Balsamico prodotto da Acetaia Marchi con uve autoctone provenienti da vigneti di famiglia. Indicato per tortelloni e grigliate di carne.","robots":{"index":"index","follow":"follow","max-snippet":"max-snippet:-1","max-image-preview":"max-image-preview:large","max-video-preview":"max-video-preview:-1"},"canonical":"https:\/\/www.acetaiamarchi.com\/de\/produkt\/balsamico-gewurz-superiore-14\/","og_locale":"de_DE","og_type":"article","og_title":"Balsamico-Gew\u00fcrz \"Superiore 14\" | Acetaia Marchi","og_description":"Condimento Balsamico prodotto da Acetaia Marchi con uve autoctone provenienti da vigneti di famiglia. Indicato per tortelloni e grigliate di carne.","og_url":"https:\/\/www.acetaiamarchi.com\/de\/produkt\/balsamico-gewurz-superiore-14\/","og_site_name":"Acetaia Marchi","article_modified_time":"2025-11-19T22:52:09+00:00","og_image":[{"width":1600,"height":1600,"url":"https:\/\/www.acetaiamarchi.com\/wp-content\/uploads\/2025\/03\/condimento-balsamico-superiore-14.jpg","type":"image\/jpeg"}],"twitter_card":"summary_large_image","twitter_misc":{"Gesch\u00e4tzte Lesezeit":"1\u00a0Minute"},"schema":{"@context":"https:\/\/schema.org","@graph":[{"@type":"WebPage","@id":"https:\/\/www.acetaiamarchi.com\/de\/produkt\/balsamico-gewurz-superiore-14\/","url":"https:\/\/www.acetaiamarchi.com\/de\/produkt\/balsamico-gewurz-superiore-14\/","name":"Balsamico-Gew\u00fcrz \"Superiore 14\" | Acetaia Marchi","isPartOf":{"@id":"https:\/\/www.acetaiamarchi.com\/de\/#website"},"primaryImageOfPage":{"@id":"https:\/\/www.acetaiamarchi.com\/de\/produkt\/balsamico-gewurz-superiore-14\/#primaryimage"},"image":{"@id":"https:\/\/www.acetaiamarchi.com\/de\/produkt\/balsamico-gewurz-superiore-14\/#primaryimage"},"thumbnailUrl":"https:\/\/www.acetaiamarchi.com\/wp-content\/uploads\/2025\/03\/condimento-balsamico-superiore-14.jpg","datePublished":"2025-03-25T15:17:19+00:00","dateModified":"2025-11-19T22:52:09+00:00","description":"Condimento Balsamico prodotto da Acetaia Marchi con uve autoctone provenienti da vigneti di famiglia. Indicato per tortelloni e grigliate di carne.","breadcrumb":{"@id":"https:\/\/www.acetaiamarchi.com\/de\/produkt\/balsamico-gewurz-superiore-14\/#breadcrumb"},"inLanguage":"de","potentialAction":[{"@type":"ReadAction","target":["https:\/\/www.acetaiamarchi.com\/de\/produkt\/balsamico-gewurz-superiore-14\/"]}]},{"@type":"ImageObject","inLanguage":"de","@id":"https:\/\/www.acetaiamarchi.com\/de\/produkt\/balsamico-gewurz-superiore-14\/#primaryimage","url":"https:\/\/www.acetaiamarchi.com\/wp-content\/uploads\/2025\/03\/condimento-balsamico-superiore-14.jpg","contentUrl":"https:\/\/www.acetaiamarchi.com\/wp-content\/uploads\/2025\/03\/condimento-balsamico-superiore-14.jpg","width":1600,"height":1600,"caption":"Superiore 14"},{"@type":"BreadcrumbList","@id":"https:\/\/www.acetaiamarchi.com\/de\/produkt\/balsamico-gewurz-superiore-14\/#breadcrumb","itemListElement":[{"@type":"ListItem","position":1,"name":"Home","item":"https:\/\/www.acetaiamarchi.com\/de\/"},{"@type":"ListItem","position":2,"name":"Produkte","item":"https:\/\/www.acetaiamarchi.com\/de\/shop\/"},{"@type":"ListItem","position":3,"name":"Balsamico-Gew\u00fcrz &#8220;Superiore 14&#8221;"}]},{"@type":"WebSite","@id":"https:\/\/www.acetaiamarchi.com\/de\/#website","url":"https:\/\/www.acetaiamarchi.com\/de\/","name":"Acetaia Marchi Srl","description":"","publisher":{"@id":"https:\/\/www.acetaiamarchi.com\/de\/#organization"},"potentialAction":[{"@type":"SearchAction","target":{"@type":"EntryPoint","urlTemplate":"https:\/\/www.acetaiamarchi.com\/de\/?s={search_term_string}"},"query-input":{"@type":"PropertyValueSpecification","valueRequired":true,"valueName":"search_term_string"}}],"inLanguage":"de"},{"@type":"Organization","@id":"https:\/\/www.acetaiamarchi.com\/de\/#organization","name":"Acetaia Marchi Srl","url":"https:\/\/www.acetaiamarchi.com\/de\/","logo":{"@type":"ImageObject","inLanguage":"de","@id":"https:\/\/www.acetaiamarchi.com\/de\/#\/schema\/logo\/image\/","url":"https:\/\/acetaiamarchi.com\/wp-content\/uploads\/2025\/03\/Acetaia-Marchi-Srl-Logo.png","contentUrl":"https:\/\/acetaiamarchi.com\/wp-content\/uploads\/2025\/03\/Acetaia-Marchi-Srl-Logo.png","width":2000,"height":2000,"caption":"Acetaia Marchi Srl"},"image":{"@id":"https:\/\/www.acetaiamarchi.com\/de\/#\/schema\/logo\/image\/"}}]}},"_links":{"self":[{"href":"https:\/\/www.acetaiamarchi.com\/de\/wp-json\/wp\/v2\/product\/11579","targetHints":{"allow":["GET"]}}],"collection":[{"href":"https:\/\/www.acetaiamarchi.com\/de\/wp-json\/wp\/v2\/product"}],"about":[{"href":"https:\/\/www.acetaiamarchi.com\/de\/wp-json\/wp\/v2\/types\/product"}],"version-history":[{"count":1,"href":"https:\/\/www.acetaiamarchi.com\/de\/wp-json\/wp\/v2\/product\/11579\/revisions"}],"predecessor-version":[{"id":11580,"href":"https:\/\/www.acetaiamarchi.com\/de\/wp-json\/wp\/v2\/product\/11579\/revisions\/11580"}],"wp:featuredmedia":[{"embeddable":true,"href":"https:\/\/www.acetaiamarchi.com\/de\/wp-json\/wp\/v2\/media\/4165"}],"wp:attachment":[{"href":"https:\/\/www.acetaiamarchi.com\/de\/wp-json\/wp\/v2\/media?parent=11579"}],"wp:term":[{"taxonomy":"product_brand","embeddable":true,"href":"https:\/\/www.acetaiamarchi.com\/de\/wp-json\/wp\/v2\/product_brand?post=11579"},{"taxonomy":"product_cat","embeddable":true,"href":"https:\/\/www.acetaiamarchi.com\/de\/wp-json\/wp\/v2\/product_cat?post=11579"},{"taxonomy":"product_tag","embeddable":true,"href":"https:\/\/www.acetaiamarchi.com\/de\/wp-json\/wp\/v2\/product_tag?post=11579"}],"curies":[{"name":"wp","href":"https:\/\/api.w.org\/{rel}","templated":true}]}}