{"id":11573,"date":"2025-03-25T16:24:56","date_gmt":"2025-03-25T15:24:56","guid":{"rendered":"https:\/\/www.acetaiamarchi.com\/prodotto\/condimento-balsamico-la-riserva-16-2\/"},"modified":"2025-11-19T23:53:51","modified_gmt":"2025-11-19T22:53:51","slug":"balsamico-gewurz-la-riserva-16","status":"publish","type":"product","link":"https:\/\/www.acetaiamarchi.com\/de\/produkt\/balsamico-gewurz-la-riserva-16\/","title":{"rendered":"Balsamico-Gew\u00fcrz \u201eLa Riserva 16\u201c"},"content":{"rendered":"<p>Das Balsamico-Gew\u00fcrz \u201eLa Riserva 16\u201c ist ein \u00e4u\u00dferst wertvolles Produkt, das mit seiner gl\u00e4nzend schwarzen Farbe begeistert. Am Gaumen bietet es einen <strong>runden, vollen, intensiven, umh\u00fcllenden und strukturell komplexen Geschmack<\/strong>, unterst\u00fctzt von fruchtigen und frischen Noten. Es hat ein entschiedenes, zugleich zartes und feines Aroma. Dieses Produkt wird dank der \u00fcber Jahrhunderte von der Familie Marchi weitergegebenen Meisterschaft hergestellt, die es jedes Mal erm\u00f6glicht, ausgezeichnete Balsamico-Gew\u00fcrze auf den Tisch zu bringen.<\/p>\n<p>Das Produkt mit dem Namen \u201eLa Riserva 16\u201c wird hergestellt, indem ein wertvoller Mosto Cotto aus den besten <strong>autochtone Trauben, die auf den B\u00f6den der Familie angebaut werden<\/strong>, mit einem intensiven Weinessig kombiniert wird. Diese beiden Zutaten werden vereint und in Eichenf\u00e4ssern reifen gelassen, bevor sie in alte kleine F\u00e4sser aus verschiedenen edlen H\u00f6lzern umgef\u00fcllt werden. Dieser gesamte Prozess erm\u00f6glicht es uns, ein Produkt von h\u00f6chster Qualit\u00e4t und bemerkenswerter Reife zu schaffen.<\/p>\n<p>Dieses Balsamico-Gew\u00fcrz, angeboten in der 40 ml Esmeralda-Flasche, pr\u00e4sentiert sich als eines unserer eleganten Schmuckst\u00fccke f\u00fcr Ausstellung und Verkostung.<\/p>\n<p><em><strong>In der K\u00fcche<\/strong><\/em>: Dieses Balsamico-Gew\u00fcrz ist ideal f\u00fcr Risottos und zum W\u00fcrzen von Omeletts. Es passt auch perfekt in Kombination mit gegrillten Garnelen.<\/p>\n","protected":false},"excerpt":{"rendered":"<p>Dieses Balsamico-Dressing, angeboten in der Esmeralda-Flasche mit 40 ml, pr\u00e4sentiert sich als eines unserer eleganten Schmuckst\u00fccke zur Ausstellung und Verkostung.<\/p>\n","protected":false},"featured_media":1164,"template":"","meta":[],"product_brand":[],"product_cat":[494],"product_tag":[],"class_list":{"0":"post-11573","1":"product","2":"type-product","3":"status-publish","4":"has-post-thumbnail","6":"product_cat-balsamische-wuerzmittel","8":"first","9":"instock","10":"featured","11":"shipping-taxable","12":"purchasable","13":"product-type-simple"},"yoast_head":"<!-- This site is optimized with the Yoast SEO plugin v27.4 - https:\/\/yoast.com\/product\/yoast-seo-wordpress\/ -->\n<title>Balsamico-Gew\u00fcrz \u201eLa Riserva 16\u201c - Acetaia Marchi<\/title>\n<meta name=\"description\" content=\"Condimento Balsamico di Modena prodotto con Mosto cotto di uve autoctone e Aceto di vino. Ideale per risotti e per insaporire frittate e gamberi.\" \/>\n<meta name=\"robots\" content=\"index, follow, max-snippet:-1, max-image-preview:large, max-video-preview:-1\" \/>\n<link rel=\"canonical\" href=\"https:\/\/www.acetaiamarchi.com\/de\/produkt\/balsamico-gewurz-la-riserva-16\/\" \/>\n<meta property=\"og:locale\" content=\"de_DE\" \/>\n<meta property=\"og:type\" content=\"article\" \/>\n<meta property=\"og:title\" content=\"Balsamico-Gew\u00fcrz \u201eLa Riserva 16\u201c - Acetaia Marchi\" \/>\n<meta property=\"og:description\" content=\"Condimento Balsamico di Modena prodotto con Mosto cotto di uve autoctone e Aceto di vino. Ideale per risotti e per insaporire frittate e gamberi.\" \/>\n<meta property=\"og:url\" content=\"https:\/\/www.acetaiamarchi.com\/de\/produkt\/balsamico-gewurz-la-riserva-16\/\" \/>\n<meta property=\"og:site_name\" content=\"Acetaia Marchi\" \/>\n<meta property=\"article:modified_time\" content=\"2025-11-19T22:53:51+00:00\" \/>\n<meta property=\"og:image\" content=\"https:\/\/www.acetaiamarchi.com\/wp-content\/uploads\/2025\/03\/Condimento-Balsamico-La-Riserva-16-40ml.jpg\" \/>\n\t<meta property=\"og:image:width\" content=\"1600\" \/>\n\t<meta property=\"og:image:height\" content=\"1600\" \/>\n\t<meta property=\"og:image:type\" content=\"image\/jpeg\" \/>\n<meta name=\"twitter:card\" content=\"summary_large_image\" \/>\n<meta name=\"twitter:label1\" content=\"Gesch\u00e4tzte Lesezeit\" \/>\n\t<meta name=\"twitter:data1\" content=\"2\u00a0Minuten\" \/>\n<script type=\"application\/ld+json\" class=\"yoast-schema-graph\">{\"@context\":\"https:\\\/\\\/schema.org\",\"@graph\":[{\"@type\":\"WebPage\",\"@id\":\"https:\\\/\\\/www.acetaiamarchi.com\\\/de\\\/produkt\\\/balsamico-gewurz-la-riserva-16\\\/\",\"url\":\"https:\\\/\\\/www.acetaiamarchi.com\\\/de\\\/produkt\\\/balsamico-gewurz-la-riserva-16\\\/\",\"name\":\"Balsamico-Gew\u00fcrz \u201eLa Riserva 16\u201c - Acetaia Marchi\",\"isPartOf\":{\"@id\":\"https:\\\/\\\/www.acetaiamarchi.com\\\/de\\\/#website\"},\"primaryImageOfPage\":{\"@id\":\"https:\\\/\\\/www.acetaiamarchi.com\\\/de\\\/produkt\\\/balsamico-gewurz-la-riserva-16\\\/#primaryimage\"},\"image\":{\"@id\":\"https:\\\/\\\/www.acetaiamarchi.com\\\/de\\\/produkt\\\/balsamico-gewurz-la-riserva-16\\\/#primaryimage\"},\"thumbnailUrl\":\"https:\\\/\\\/www.acetaiamarchi.com\\\/wp-content\\\/uploads\\\/2025\\\/03\\\/Condimento-Balsamico-La-Riserva-16-40ml.jpg\",\"datePublished\":\"2025-03-25T15:24:56+00:00\",\"dateModified\":\"2025-11-19T22:53:51+00:00\",\"description\":\"Condimento Balsamico di Modena prodotto con Mosto cotto di uve autoctone e Aceto di vino. Ideale per risotti e per insaporire frittate e gamberi.\",\"breadcrumb\":{\"@id\":\"https:\\\/\\\/www.acetaiamarchi.com\\\/de\\\/produkt\\\/balsamico-gewurz-la-riserva-16\\\/#breadcrumb\"},\"inLanguage\":\"de\",\"potentialAction\":[{\"@type\":\"ReadAction\",\"target\":[\"https:\\\/\\\/www.acetaiamarchi.com\\\/de\\\/produkt\\\/balsamico-gewurz-la-riserva-16\\\/\"]}]},{\"@type\":\"ImageObject\",\"inLanguage\":\"de\",\"@id\":\"https:\\\/\\\/www.acetaiamarchi.com\\\/de\\\/produkt\\\/balsamico-gewurz-la-riserva-16\\\/#primaryimage\",\"url\":\"https:\\\/\\\/www.acetaiamarchi.com\\\/wp-content\\\/uploads\\\/2025\\\/03\\\/Condimento-Balsamico-La-Riserva-16-40ml.jpg\",\"contentUrl\":\"https:\\\/\\\/www.acetaiamarchi.com\\\/wp-content\\\/uploads\\\/2025\\\/03\\\/Condimento-Balsamico-La-Riserva-16-40ml.jpg\",\"width\":1600,\"height\":1600,\"caption\":\"La Riserva 16\"},{\"@type\":\"BreadcrumbList\",\"@id\":\"https:\\\/\\\/www.acetaiamarchi.com\\\/de\\\/produkt\\\/balsamico-gewurz-la-riserva-16\\\/#breadcrumb\",\"itemListElement\":[{\"@type\":\"ListItem\",\"position\":1,\"name\":\"Home\",\"item\":\"https:\\\/\\\/www.acetaiamarchi.com\\\/de\\\/\"},{\"@type\":\"ListItem\",\"position\":2,\"name\":\"Produkte\",\"item\":\"https:\\\/\\\/www.acetaiamarchi.com\\\/de\\\/shop\\\/\"},{\"@type\":\"ListItem\",\"position\":3,\"name\":\"Balsamico-Gew\u00fcrz \u201eLa Riserva 16\u201c\"}]},{\"@type\":\"WebSite\",\"@id\":\"https:\\\/\\\/www.acetaiamarchi.com\\\/de\\\/#website\",\"url\":\"https:\\\/\\\/www.acetaiamarchi.com\\\/de\\\/\",\"name\":\"Acetaia Marchi Srl\",\"description\":\"\",\"publisher\":{\"@id\":\"https:\\\/\\\/www.acetaiamarchi.com\\\/de\\\/#organization\"},\"potentialAction\":[{\"@type\":\"SearchAction\",\"target\":{\"@type\":\"EntryPoint\",\"urlTemplate\":\"https:\\\/\\\/www.acetaiamarchi.com\\\/de\\\/?s={search_term_string}\"},\"query-input\":{\"@type\":\"PropertyValueSpecification\",\"valueRequired\":true,\"valueName\":\"search_term_string\"}}],\"inLanguage\":\"de\"},{\"@type\":\"Organization\",\"@id\":\"https:\\\/\\\/www.acetaiamarchi.com\\\/de\\\/#organization\",\"name\":\"Acetaia Marchi Srl\",\"url\":\"https:\\\/\\\/www.acetaiamarchi.com\\\/de\\\/\",\"logo\":{\"@type\":\"ImageObject\",\"inLanguage\":\"de\",\"@id\":\"https:\\\/\\\/www.acetaiamarchi.com\\\/de\\\/#\\\/schema\\\/logo\\\/image\\\/\",\"url\":\"https:\\\/\\\/acetaiamarchi.com\\\/wp-content\\\/uploads\\\/2025\\\/03\\\/Acetaia-Marchi-Srl-Logo.png\",\"contentUrl\":\"https:\\\/\\\/acetaiamarchi.com\\\/wp-content\\\/uploads\\\/2025\\\/03\\\/Acetaia-Marchi-Srl-Logo.png\",\"width\":2000,\"height\":2000,\"caption\":\"Acetaia Marchi Srl\"},\"image\":{\"@id\":\"https:\\\/\\\/www.acetaiamarchi.com\\\/de\\\/#\\\/schema\\\/logo\\\/image\\\/\"}}]}<\/script>\n<!-- \/ Yoast SEO plugin. -->","yoast_head_json":{"title":"Balsamico-Gew\u00fcrz \u201eLa Riserva 16\u201c - Acetaia Marchi","description":"Condimento Balsamico di Modena prodotto con Mosto cotto di uve autoctone e Aceto di vino. Ideale per risotti e per insaporire frittate e gamberi.","robots":{"index":"index","follow":"follow","max-snippet":"max-snippet:-1","max-image-preview":"max-image-preview:large","max-video-preview":"max-video-preview:-1"},"canonical":"https:\/\/www.acetaiamarchi.com\/de\/produkt\/balsamico-gewurz-la-riserva-16\/","og_locale":"de_DE","og_type":"article","og_title":"Balsamico-Gew\u00fcrz \u201eLa Riserva 16\u201c - Acetaia Marchi","og_description":"Condimento Balsamico di Modena prodotto con Mosto cotto di uve autoctone e Aceto di vino. Ideale per risotti e per insaporire frittate e gamberi.","og_url":"https:\/\/www.acetaiamarchi.com\/de\/produkt\/balsamico-gewurz-la-riserva-16\/","og_site_name":"Acetaia Marchi","article_modified_time":"2025-11-19T22:53:51+00:00","og_image":[{"width":1600,"height":1600,"url":"https:\/\/www.acetaiamarchi.com\/wp-content\/uploads\/2025\/03\/Condimento-Balsamico-La-Riserva-16-40ml.jpg","type":"image\/jpeg"}],"twitter_card":"summary_large_image","twitter_misc":{"Gesch\u00e4tzte Lesezeit":"2\u00a0Minuten"},"schema":{"@context":"https:\/\/schema.org","@graph":[{"@type":"WebPage","@id":"https:\/\/www.acetaiamarchi.com\/de\/produkt\/balsamico-gewurz-la-riserva-16\/","url":"https:\/\/www.acetaiamarchi.com\/de\/produkt\/balsamico-gewurz-la-riserva-16\/","name":"Balsamico-Gew\u00fcrz \u201eLa Riserva 16\u201c - Acetaia Marchi","isPartOf":{"@id":"https:\/\/www.acetaiamarchi.com\/de\/#website"},"primaryImageOfPage":{"@id":"https:\/\/www.acetaiamarchi.com\/de\/produkt\/balsamico-gewurz-la-riserva-16\/#primaryimage"},"image":{"@id":"https:\/\/www.acetaiamarchi.com\/de\/produkt\/balsamico-gewurz-la-riserva-16\/#primaryimage"},"thumbnailUrl":"https:\/\/www.acetaiamarchi.com\/wp-content\/uploads\/2025\/03\/Condimento-Balsamico-La-Riserva-16-40ml.jpg","datePublished":"2025-03-25T15:24:56+00:00","dateModified":"2025-11-19T22:53:51+00:00","description":"Condimento Balsamico di Modena prodotto con Mosto cotto di uve autoctone e Aceto di vino. Ideale per risotti e per insaporire frittate e gamberi.","breadcrumb":{"@id":"https:\/\/www.acetaiamarchi.com\/de\/produkt\/balsamico-gewurz-la-riserva-16\/#breadcrumb"},"inLanguage":"de","potentialAction":[{"@type":"ReadAction","target":["https:\/\/www.acetaiamarchi.com\/de\/produkt\/balsamico-gewurz-la-riserva-16\/"]}]},{"@type":"ImageObject","inLanguage":"de","@id":"https:\/\/www.acetaiamarchi.com\/de\/produkt\/balsamico-gewurz-la-riserva-16\/#primaryimage","url":"https:\/\/www.acetaiamarchi.com\/wp-content\/uploads\/2025\/03\/Condimento-Balsamico-La-Riserva-16-40ml.jpg","contentUrl":"https:\/\/www.acetaiamarchi.com\/wp-content\/uploads\/2025\/03\/Condimento-Balsamico-La-Riserva-16-40ml.jpg","width":1600,"height":1600,"caption":"La Riserva 16"},{"@type":"BreadcrumbList","@id":"https:\/\/www.acetaiamarchi.com\/de\/produkt\/balsamico-gewurz-la-riserva-16\/#breadcrumb","itemListElement":[{"@type":"ListItem","position":1,"name":"Home","item":"https:\/\/www.acetaiamarchi.com\/de\/"},{"@type":"ListItem","position":2,"name":"Produkte","item":"https:\/\/www.acetaiamarchi.com\/de\/shop\/"},{"@type":"ListItem","position":3,"name":"Balsamico-Gew\u00fcrz \u201eLa Riserva 16\u201c"}]},{"@type":"WebSite","@id":"https:\/\/www.acetaiamarchi.com\/de\/#website","url":"https:\/\/www.acetaiamarchi.com\/de\/","name":"Acetaia Marchi Srl","description":"","publisher":{"@id":"https:\/\/www.acetaiamarchi.com\/de\/#organization"},"potentialAction":[{"@type":"SearchAction","target":{"@type":"EntryPoint","urlTemplate":"https:\/\/www.acetaiamarchi.com\/de\/?s={search_term_string}"},"query-input":{"@type":"PropertyValueSpecification","valueRequired":true,"valueName":"search_term_string"}}],"inLanguage":"de"},{"@type":"Organization","@id":"https:\/\/www.acetaiamarchi.com\/de\/#organization","name":"Acetaia Marchi Srl","url":"https:\/\/www.acetaiamarchi.com\/de\/","logo":{"@type":"ImageObject","inLanguage":"de","@id":"https:\/\/www.acetaiamarchi.com\/de\/#\/schema\/logo\/image\/","url":"https:\/\/acetaiamarchi.com\/wp-content\/uploads\/2025\/03\/Acetaia-Marchi-Srl-Logo.png","contentUrl":"https:\/\/acetaiamarchi.com\/wp-content\/uploads\/2025\/03\/Acetaia-Marchi-Srl-Logo.png","width":2000,"height":2000,"caption":"Acetaia Marchi Srl"},"image":{"@id":"https:\/\/www.acetaiamarchi.com\/de\/#\/schema\/logo\/image\/"}}]}},"_links":{"self":[{"href":"https:\/\/www.acetaiamarchi.com\/de\/wp-json\/wp\/v2\/product\/11573","targetHints":{"allow":["GET"]}}],"collection":[{"href":"https:\/\/www.acetaiamarchi.com\/de\/wp-json\/wp\/v2\/product"}],"about":[{"href":"https:\/\/www.acetaiamarchi.com\/de\/wp-json\/wp\/v2\/types\/product"}],"version-history":[{"count":1,"href":"https:\/\/www.acetaiamarchi.com\/de\/wp-json\/wp\/v2\/product\/11573\/revisions"}],"predecessor-version":[{"id":11574,"href":"https:\/\/www.acetaiamarchi.com\/de\/wp-json\/wp\/v2\/product\/11573\/revisions\/11574"}],"wp:featuredmedia":[{"embeddable":true,"href":"https:\/\/www.acetaiamarchi.com\/de\/wp-json\/wp\/v2\/media\/1164"}],"wp:attachment":[{"href":"https:\/\/www.acetaiamarchi.com\/de\/wp-json\/wp\/v2\/media?parent=11573"}],"wp:term":[{"taxonomy":"product_brand","embeddable":true,"href":"https:\/\/www.acetaiamarchi.com\/de\/wp-json\/wp\/v2\/product_brand?post=11573"},{"taxonomy":"product_cat","embeddable":true,"href":"https:\/\/www.acetaiamarchi.com\/de\/wp-json\/wp\/v2\/product_cat?post=11573"},{"taxonomy":"product_tag","embeddable":true,"href":"https:\/\/www.acetaiamarchi.com\/de\/wp-json\/wp\/v2\/product_tag?post=11573"}],"curies":[{"name":"wp","href":"https:\/\/api.w.org\/{rel}","templated":true}]}}